{"id":3155,"date":"2020-09-17T13:50:45","date_gmt":"2020-09-17T13:50:45","guid":{"rendered":"https:\/\/elfsight.com\/de\/?page_id=3155"},"modified":"2020-10-13T15:26:58","modified_gmt":"2020-10-13T15:26:58","slug":"hubspot-plugins","status":"publish","type":"page","link":"https:\/\/elfsight.com\/de\/hubspot-plugins\/","title":{"rendered":"HubSpot Plugins"},"content":{"rendered":"\n<p>\u00dcber 9 Jahre hat Elfsight viele v\u00f6llig benutzerfreundlichen und responsiven Werkzeuge f\u00fcr HubSpot Webseiten entworfen. Mit Hilfe dieser Apps k\u00f6nnen Sie den Umsatz steigern, Ihren Gewinn steigern, Kundenbewertungen aus sozialen Medien anzeigen und andere unternehmerischen Herausforderungen l\u00f6sen. <\/p> \n\n<p>Unsere Team leistet eine breite Vielfalt von Preisoptionen: von kostenfrei bis zu Premium. St\u00e4rken Ihre Website ohne Zusatzkosten. <\/p>\n\n\n<h2>Warum m\u00f6gen viele Website-Besitzer unsere Widgets? <\/h2>\n\n<p>Schauen Sie sich die anschlie\u00dfende Auflistung der herausragenden Funktionen: <\/p> \n<ul>\n<li>Kostenfreie Unterst\u00fctzung bei der Installieren des Apps; <\/li>\n\n<li>Absolut ansprechende f\u00fcr jedes Ger\u00e4t; <\/li>\n\n<li>Keine Programmierkenntnisse erforderlich; <\/li>\n\n<li>Eine Vielzahl von anpassbare und einsatzf\u00e4hige Templates; <\/li>\n\n<li>Intuitive Konfigurator; <\/li>\n\n<li>Die Cloud-L\u00f6sungen f\u00fcr hoher Ladegeschwindigkeit; <\/li> \n\n<li>Die regul\u00e4re automatische Aktualisierung; <\/li> \n\n<li>Hochqualifizierte Unterst\u00fctzung von kompetent Elfsight Team. <\/li> \n<\/ul>\n\n<p>Starten Sie mit kostenlosen Widget. Bewerten Sie alle Potenzial oder kaufen Sie ein beliebiges App mit 20% Rabatt. <\/p> \n\n<h2>Wie kann ich ein Plugin auf HubSpot Website installieren? <\/h2> \n<p>Um ein Plugin auf der Webseite einzubinden, sehen Sie einfach die folgenden Anweisungen: <\/p>\n<ol>\n<li>W\u00e4hlen Sie das gew\u00fcnscht Werkzeug und passen Sie es an. Klicken Sie auf Speichern. <\/li> \n\n<li>F\u00fcgen Sie Code hinzu um das Plugin auf Ihrer Seite zu integrieren. <\/li>\n\n<li>Getan! Sie haben das Plugin erfolgreich auf der HubSpot Webseite installiert. <\/li>\n<\/ol>\n<p>Wenn Sie eine kostenfreie Hilfe brauchen, um das Widget einzubetten, dann k\u00f6nnen Sie sich unseren professionellen Elfsight Support wenden. <\/p>\n","protected":false},"excerpt":{"rendered":"\u00dcber 9 Jahre hat Elfsight viele v\u00f6llig benutzerfreundlichen und responsiven Werkzeuge f\u00fcr HubSpot Webseiten entworfen. Mit Hilfe dieser Apps k\u00f6nnen Sie den Umsatz steigern, Ihren Gewinn steigern, Kundenbewertungen aus sozialen Medien anzeigen und andere unternehmerischen Herausforderungen l\u00f6sen. Unsere Team leistet eine breite Vielfalt von Preisoptionen: von kostenfrei bis zu Premium&#8230;.","protected":false},"author":11,"featured_media":0,"parent":0,"menu_order":0,"comment_status":"closed","ping_status":"closed","template":"templates\/template-platform.php","meta":{"publish_to_discourse":"","publish_post_category":"","wpdc_auto_publish_overridden":"","wpdc_topic_tags":"","wpdc_pin_topic":"","wpdc_pin_until":"","discourse_post_id":"","discourse_permalink":"","wpdc_publishing_response":"","wpdc_publishing_error":"","footnotes":""},"class_list":["post-3155","page","type-page","status-publish","hentry"],"yoast_head":"<!-- This site is optimized with the Yoast SEO plugin v25.3.1 - https:\/\/yoast.com\/wordpress\/plugins\/seo\/ -->\n<title>Die mobile-freundlichen Plugins f\u00fcr Ihre HubSpot Website (2025)<\/title>\n<meta name=\"description\" content=\"Eine \u00dcbersicht von besseren kostenfreien L\u00f6sungen besonders f\u00fcr Ihre HubSpot Websites. Hilfe zu der Individualisierung und unbegrenzte Anzahl von Merkmalen.\" \/>\n<meta name=\"robots\" content=\"index, follow, max-snippet:-1, max-image-preview:large, max-video-preview:-1\" \/>\n<link rel=\"canonical\" href=\"https:\/\/elfsight.com\/de\/hubspot-plugins\/\" \/>\n<meta property=\"og:locale\" content=\"de_DE\" \/>\n<meta property=\"og:type\" content=\"article\" \/>\n<meta property=\"og:title\" content=\"Die mobile-freundlichen Plugins f\u00fcr Ihre HubSpot Website (2025)\" \/>\n<meta property=\"og:description\" content=\"Eine \u00dcbersicht von besseren kostenfreien L\u00f6sungen besonders f\u00fcr Ihre HubSpot Websites. Hilfe zu der Individualisierung und unbegrenzte Anzahl von Merkmalen.\" \/>\n<meta property=\"og:url\" content=\"https:\/\/elfsight.com\/de\/hubspot-plugins\/\" \/>\n<meta property=\"og:site_name\" content=\"Elfsight DE\" \/>\n<meta property=\"article:modified_time\" content=\"2020-10-13T15:26:58+00:00\" \/>\n<meta name=\"twitter:card\" content=\"summary_large_image\" \/>\n<meta name=\"twitter:label1\" content=\"Gesch\u00e4tzte Lesezeit\" \/>\n\t<meta name=\"twitter:data1\" content=\"1\u00a0Minute\" \/>\n<!-- \/ Yoast SEO plugin. -->","yoast_head_json":{"title":"Die mobile-freundlichen Plugins f\u00fcr Ihre HubSpot Website (2025)","description":"Eine \u00dcbersicht von besseren kostenfreien L\u00f6sungen besonders f\u00fcr Ihre HubSpot Websites. Hilfe zu der Individualisierung und unbegrenzte Anzahl von Merkmalen.","robots":{"index":"index","follow":"follow","max-snippet":"max-snippet:-1","max-image-preview":"max-image-preview:large","max-video-preview":"max-video-preview:-1"},"canonical":"https:\/\/elfsight.com\/de\/hubspot-plugins\/","og_locale":"de_DE","og_type":"article","og_title":"Die mobile-freundlichen Plugins f\u00fcr Ihre HubSpot Website (2025)","og_description":"Eine \u00dcbersicht von besseren kostenfreien L\u00f6sungen besonders f\u00fcr Ihre HubSpot Websites. Hilfe zu der Individualisierung und unbegrenzte Anzahl von Merkmalen.","og_url":"https:\/\/elfsight.com\/de\/hubspot-plugins\/","og_site_name":"Elfsight DE","article_modified_time":"2020-10-13T15:26:58+00:00","twitter_card":"summary_large_image","twitter_misc":{"Gesch\u00e4tzte Lesezeit":"1\u00a0Minute"},"schema":{"@context":"https:\/\/schema.org","@graph":[{"@type":"WebPage","@id":"https:\/\/elfsight.com\/de\/hubspot-plugins\/","url":"https:\/\/elfsight.com\/de\/hubspot-plugins\/","name":"Die mobile-freundlichen Plugins f\u00fcr Ihre HubSpot Website (2025)","isPartOf":{"@id":"https:\/\/elfsight.com\/de\/#website"},"datePublished":"2020-09-17T13:50:45+00:00","dateModified":"2020-10-13T15:26:58+00:00","description":"Eine \u00dcbersicht von besseren kostenfreien L\u00f6sungen besonders f\u00fcr Ihre HubSpot Websites. Hilfe zu der Individualisierung und unbegrenzte Anzahl von Merkmalen.","breadcrumb":{"@id":"https:\/\/elfsight.com\/de\/hubspot-plugins\/#breadcrumb"},"inLanguage":"de","potentialAction":[{"@type":"ReadAction","target":["https:\/\/elfsight.com\/de\/hubspot-plugins\/"]}]},{"@type":"BreadcrumbList","@id":"https:\/\/elfsight.com\/de\/hubspot-plugins\/#breadcrumb","itemListElement":[{"@type":"ListItem","position":1,"name":"Home","item":"https:\/\/elfsight.com\/de\/"},{"@type":"ListItem","position":2,"name":"HubSpot Plugins"}]},{"@type":"WebSite","@id":"https:\/\/elfsight.com\/de\/#website","url":"https:\/\/elfsight.com\/de\/","name":"Elfsight DE","description":"Just another Elfsight Sites site","potentialAction":[{"@type":"SearchAction","target":{"@type":"EntryPoint","urlTemplate":"https:\/\/elfsight.com\/de\/?s={search_term_string}"},"query-input":{"@type":"PropertyValueSpecification","valueRequired":true,"valueName":"search_term_string"}}],"inLanguage":"de"}]}},"meta_box":{"industry":"","seo_heading":"","heading":"","description":"","cta_heading":"","cta_description":"","application":"","h1":"Perfekte reaktionsschnelle Werkzeuge f\u00fcr Ihre HubSpot Website","h1_caption":"Dies ist die \u00dcbersicht von sch\u00f6nsten Bedienelemente f\u00fcr Website, um Ihre Verk\u00e4ufe zu f\u00f6rdern und wichtige wirtschaftliche Ziele zu erzielen. Die Werkzeuge kann m\u00fchelos konfiguriert und installiert werden. Die Firma liefert die unbegrenzte Anzahl von Optionen und die professionelle technische Unterst\u00fctzung f\u00fcr alle Benutzer.","application_category":[],"applications_title":"Versuchen Sie alle wunderbaren kostenfreien HubSpot L\u00f6sungen aus der Auswahl:","applications_request_title":"K\u00f6nnen Sie kein Plugin finden, das Sie ben\u00f6tigen?","applications_request_button_text":"Fordern Sie ein Plugin an","hero_text":"","hero_video":"","hero_video_schema_markup":"","selling_points_title":"","selling_points_caption":"","selling_points":[],"selling_points_cta_text":"","features_title":"","features":"","ed_cta_examples_text":"","ed_cta_examples_hidden":"","ed_cta_demo_text":"","ed_cta_demo_hidden":"","why_caption":"","why_editor_title":"","why_editor_text":"","why_team_title":"","why_team_text":"","why_service_title":"","why_service_text":"","template_catalog_visible":"","template_catalog_title":"","template_catalog_text":"","template_catalog_categories_visible":"","demo_title":"","demo_caption":"","default_faq_hidden":"","app_template_category":[],"platform":"3001","template_public_id":"","codecanyon_url":"","codecanyon_item_id":"","codecanyon_price":"","pricing_caption":"","pricing_elfsight_apps_hide_column":"","pricing_elfsight_apps_url":"","pricing_codecanyon_price_caption":"","integration_category":[],"integration_request_title":"","integration_request_cta":"","integration_platform":"","integrations":[],"platform_category":[],"video_schema_markup":"","price":"","trial":"","benefits":[],"button_url":"","button_target_blank":"","button_nofollow":"","attributes":[],"tags":[],"tags_disable_links":"","hide_more_platforms":"","video_object":"","demo_hide_cta":"","demo_hide_cloud_options":"","pricing_title":"","pricing":[],"related_apps_title":"","related_apps_hidden":"","author":"","image":[],"title":"","job":"","social_networks":[]},"_links":{"self":[{"href":"https:\/\/elfsight.com\/de\/wp-json\/wp\/v2\/pages\/3155","targetHints":{"allow":["GET"]}}],"collection":[{"href":"https:\/\/elfsight.com\/de\/wp-json\/wp\/v2\/pages"}],"about":[{"href":"https:\/\/elfsight.com\/de\/wp-json\/wp\/v2\/types\/page"}],"author":[{"embeddable":true,"href":"https:\/\/elfsight.com\/de\/wp-json\/wp\/v2\/users\/11"}],"replies":[{"embeddable":true,"href":"https:\/\/elfsight.com\/de\/wp-json\/wp\/v2\/comments?post=3155"}],"version-history":[{"count":2,"href":"https:\/\/elfsight.com\/de\/wp-json\/wp\/v2\/pages\/3155\/revisions"}],"predecessor-version":[{"id":3157,"href":"https:\/\/elfsight.com\/de\/wp-json\/wp\/v2\/pages\/3155\/revisions\/3157"}],"wp:attachment":[{"href":"https:\/\/elfsight.com\/de\/wp-json\/wp\/v2\/media?parent=3155"}],"curies":[{"name":"wp","href":"https:\/\/api.w.org\/{rel}","templated":true}]}}