{"id":3152,"date":"2020-09-17T13:46:56","date_gmt":"2020-09-17T13:46:56","guid":{"rendered":"https:\/\/elfsight.com\/de\/?page_id=3152"},"modified":"2021-12-15T11:38:26","modified_gmt":"2021-12-15T11:38:26","slug":"google-sites-plugins","status":"publish","type":"page","link":"https:\/\/elfsight.com\/de\/google-sites-plugins\/","title":{"rendered":"Google Sites Plugins"},"content":{"rendered":"\n<p>F\u00fcr viele Jahre hat Elfsight Firma viele vollkommen passenden und mobil-freundlichen L\u00f6sungen f\u00fcr Google Sites Webseiten gestaltet. Mit Hilfe Elfsight Widgets k\u00f6nnen Sie die Benutzerinteraktion erh\u00f6hen, Ihren Gewinn steigern, Kundenbewertungen aus sozialen Medien anzeigen und andere gesch\u00e4ftlichen Herausforderungen l\u00f6sen. <\/p> \n\n<p>Unsere Team leistet vielgestaltig Preism\u00f6glichkeiten: von kostenfrei bis zu Premium. Ausbauen Ihre Website-Funktionalit\u00e4t ohne zus\u00e4tzlichen Kosten. <\/p>\n\n\n<h2>Warum m\u00f6gen viele Website-Betreibern unsere Widgets? <\/h2>\n\n<p>Schauen Sie sich die nachstehende Serie der ausstehenden Funktionen: <\/p> \n<ul>\n<li> Kostenfreier Installation-Support des Widgets; <\/li>\n\n<li>V\u00f6llig mobil-freundliche f\u00fcr jeden Bildschirm; <\/li>\n\n<li>Keine Programmierung; <\/li>\n\n<li>Eine Vielzahl von anpassbare und benutzerfreundliche Vorlagen; <\/li>\n\n<li>Bequeme Benutzeroberfl\u00e4che; <\/li>\n\n<li>Die Cloud-Dienste f\u00fcr hoher Ladegeschwindigkeit; <\/li> \n\n<li>Die regelm\u00e4\u00dfige automatische Aktualisierung; <\/li> \n\n<li>Schnelle Unterst\u00fctzung von unserem Elfsight Team. <\/li> \n<\/ul>\n\n<p>Testen Sie mit Demo-Plan. Schauen Sie alle Funktionen oder kaufen Sie ausgew\u00e4hlte Widget mit 20% Erm\u00e4ssigung. <\/p> \n\n<h2>Wie kann ich ein Plugin auf Google Sites Website integrieren? <\/h2> \n<p>Um ein Plugin auf der Web-Seite einzuf\u00fcgen, sehen Sie einfach die folgenden Anweisungen|folgen Sie einfach den Schritten: <\/p>\n<ol>\n<li>Bestimmen Sie das richtig Plugin und w\u00e4hlen Sie die entsprechenden Einstellungen. Klicken Sie auf Speichern. <\/li> \n\n<li>Kopieren und f\u00fcgen Sie den Code hinzu um das Plugin auf Ihrer Seite zu installieren. <\/li>\n\n<li>Plugin-Einbetten ist erfolgreich abgeschlossen! <\/li>\n<\/ol>\n<p>Wenn Sie eine kostenlose Empfehlung f\u00fcr die Integration des Widgets brauchen, dann unserer Support Team ist immer gl\u00fccklich, Ihnen zu helfen. <\/p>\n","protected":false},"excerpt":{"rendered":"F\u00fcr viele Jahre hat Elfsight Firma viele vollkommen passenden und mobil-freundlichen L\u00f6sungen f\u00fcr Google Sites Webseiten gestaltet. Mit Hilfe Elfsight Widgets k\u00f6nnen Sie die Benutzerinteraktion erh\u00f6hen, Ihren Gewinn steigern, Kundenbewertungen aus sozialen Medien anzeigen und andere gesch\u00e4ftlichen Herausforderungen l\u00f6sen. Unsere Team leistet vielgestaltig Preism\u00f6glichkeiten: von kostenfrei bis zu Premium. Ausbauen&#8230;","protected":false},"author":11,"featured_media":0,"parent":0,"menu_order":0,"comment_status":"closed","ping_status":"closed","template":"templates\/template-platform.php","meta":{"publish_to_discourse":"","publish_post_category":"","wpdc_auto_publish_overridden":"","wpdc_topic_tags":"","wpdc_pin_topic":"","wpdc_pin_until":"","discourse_post_id":"","discourse_permalink":"","wpdc_publishing_response":"","wpdc_publishing_error":"","footnotes":""},"class_list":["post-3152","page","type-page","status-publish","hentry"],"yoast_head":"<!-- This site is optimized with the Yoast SEO plugin v25.3.1 - https:\/\/yoast.com\/wordpress\/plugins\/seo\/ -->\n<title>Die mobile-freundlichen Plugins f\u00fcr Ihre Google Sites Website (2025)<\/title>\n<meta name=\"description\" content=\"\u00dcbersicht von kostenlosen Bedienelemente speziell f\u00fcr Ihre Google Sites Web-Seiten. Hilfe zu der Individualisierung und unendliche Optionen.\" \/>\n<meta name=\"robots\" content=\"index, follow, max-snippet:-1, max-image-preview:large, max-video-preview:-1\" \/>\n<link rel=\"canonical\" href=\"https:\/\/elfsight.com\/de\/google-sites-plugins\/\" \/>\n<meta property=\"og:locale\" content=\"de_DE\" \/>\n<meta property=\"og:type\" content=\"article\" \/>\n<meta property=\"og:title\" content=\"Die mobile-freundlichen Plugins f\u00fcr Ihre Google Sites Website (2025)\" \/>\n<meta property=\"og:description\" content=\"\u00dcbersicht von kostenlosen Bedienelemente speziell f\u00fcr Ihre Google Sites Web-Seiten. Hilfe zu der Individualisierung und unendliche Optionen.\" \/>\n<meta property=\"og:url\" content=\"https:\/\/elfsight.com\/de\/google-sites-plugins\/\" \/>\n<meta property=\"og:site_name\" content=\"Elfsight DE\" \/>\n<meta property=\"article:modified_time\" content=\"2021-12-15T11:38:26+00:00\" \/>\n<meta name=\"twitter:card\" content=\"summary_large_image\" \/>\n<meta name=\"twitter:label1\" content=\"Gesch\u00e4tzte Lesezeit\" \/>\n\t<meta name=\"twitter:data1\" content=\"1\u00a0Minute\" \/>\n<!-- \/ Yoast SEO plugin. -->","yoast_head_json":{"title":"Die mobile-freundlichen Plugins f\u00fcr Ihre Google Sites Website (2025)","description":"\u00dcbersicht von kostenlosen Bedienelemente speziell f\u00fcr Ihre Google Sites Web-Seiten. Hilfe zu der Individualisierung und unendliche Optionen.","robots":{"index":"index","follow":"follow","max-snippet":"max-snippet:-1","max-image-preview":"max-image-preview:large","max-video-preview":"max-video-preview:-1"},"canonical":"https:\/\/elfsight.com\/de\/google-sites-plugins\/","og_locale":"de_DE","og_type":"article","og_title":"Die mobile-freundlichen Plugins f\u00fcr Ihre Google Sites Website (2025)","og_description":"\u00dcbersicht von kostenlosen Bedienelemente speziell f\u00fcr Ihre Google Sites Web-Seiten. Hilfe zu der Individualisierung und unendliche Optionen.","og_url":"https:\/\/elfsight.com\/de\/google-sites-plugins\/","og_site_name":"Elfsight DE","article_modified_time":"2021-12-15T11:38:26+00:00","twitter_card":"summary_large_image","twitter_misc":{"Gesch\u00e4tzte Lesezeit":"1\u00a0Minute"},"schema":{"@context":"https:\/\/schema.org","@graph":[{"@type":"WebPage","@id":"https:\/\/elfsight.com\/de\/google-sites-plugins\/","url":"https:\/\/elfsight.com\/de\/google-sites-plugins\/","name":"Die mobile-freundlichen Plugins f\u00fcr Ihre Google Sites Website (2025)","isPartOf":{"@id":"https:\/\/elfsight.com\/de\/#website"},"datePublished":"2020-09-17T13:46:56+00:00","dateModified":"2021-12-15T11:38:26+00:00","description":"\u00dcbersicht von kostenlosen Bedienelemente speziell f\u00fcr Ihre Google Sites Web-Seiten. Hilfe zu der Individualisierung und unendliche Optionen.","breadcrumb":{"@id":"https:\/\/elfsight.com\/de\/google-sites-plugins\/#breadcrumb"},"inLanguage":"de","potentialAction":[{"@type":"ReadAction","target":["https:\/\/elfsight.com\/de\/google-sites-plugins\/"]}]},{"@type":"BreadcrumbList","@id":"https:\/\/elfsight.com\/de\/google-sites-plugins\/#breadcrumb","itemListElement":[{"@type":"ListItem","position":1,"name":"Home","item":"https:\/\/elfsight.com\/de\/"},{"@type":"ListItem","position":2,"name":"Google Sites Plugins"}]},{"@type":"WebSite","@id":"https:\/\/elfsight.com\/de\/#website","url":"https:\/\/elfsight.com\/de\/","name":"Elfsight DE","description":"Just another Elfsight Sites site","potentialAction":[{"@type":"SearchAction","target":{"@type":"EntryPoint","urlTemplate":"https:\/\/elfsight.com\/de\/?s={search_term_string}"},"query-input":{"@type":"PropertyValueSpecification","valueRequired":true,"valueName":"search_term_string"}}],"inLanguage":"de"}]}},"meta_box":{"industry":"","seo_heading":"","heading":"","description":"","cta_heading":"","cta_description":"","application":"","h1":"Passende gebrauchsfertige Werkzeuge f\u00fcr Ihre Google Sites Website","h1_caption":"Dies ist die \u00dcbersicht von hochwertigen Apps f\u00fcr Website, um seine Kundenbindung zu gestalten und grunds\u00e4tzliche kommerzielle Zweck zu erzielen. Die Bedienelemente kann schnell personalisiert und eingebettet werden. Elfsight Firma erm\u00f6glicht die unendliche Reihe von Merkmalen und die qualifizierte technische Unterst\u00fctzung f\u00fcr alle Benutzer.","application_category":[],"applications_title":"Untersuchen Sie alle problemlosen kostenlosen Google Sites Bedienelemente von der Reihe:","applications_request_title":"K\u00f6nnen Sie kein Plugin finden, das Sie ben\u00f6tigen?","applications_request_button_text":"Fordern Sie ein Plugin an","hero_text":"","hero_video":"","hero_video_schema_markup":"","selling_points_title":"","selling_points_caption":"","selling_points":[],"selling_points_cta_text":"","features_title":"","features":"","ed_cta_examples_text":"","ed_cta_examples_hidden":"","ed_cta_demo_text":"","ed_cta_demo_hidden":"","why_caption":"","why_editor_title":"","why_editor_text":"","why_team_title":"","why_team_text":"","why_service_title":"","why_service_text":"","template_catalog_visible":"","template_catalog_title":"","template_catalog_text":"","template_catalog_categories_visible":"","demo_title":"","demo_caption":"","default_faq_hidden":"","app_template_category":[],"platform":"3000","template_public_id":"","codecanyon_url":"","codecanyon_item_id":"","codecanyon_price":"","pricing_caption":"","pricing_elfsight_apps_hide_column":"","pricing_elfsight_apps_url":"","pricing_codecanyon_price_caption":"","integration_category":[],"integration_request_title":"","integration_request_cta":"","integration_platform":"","integrations":[],"platform_category":[],"video_schema_markup":"","price":"","trial":"","benefits":[],"button_url":"","button_target_blank":"","button_nofollow":"","attributes":[],"tags":[],"tags_disable_links":"","hide_more_platforms":"","video_object":"","demo_hide_cta":"","demo_hide_cloud_options":"","pricing_title":"","pricing":[],"related_apps_title":"","related_apps_hidden":"","author":"","image":[],"title":"","job":"","social_networks":[]},"_links":{"self":[{"href":"https:\/\/elfsight.com\/de\/wp-json\/wp\/v2\/pages\/3152","targetHints":{"allow":["GET"]}}],"collection":[{"href":"https:\/\/elfsight.com\/de\/wp-json\/wp\/v2\/pages"}],"about":[{"href":"https:\/\/elfsight.com\/de\/wp-json\/wp\/v2\/types\/page"}],"author":[{"embeddable":true,"href":"https:\/\/elfsight.com\/de\/wp-json\/wp\/v2\/users\/11"}],"replies":[{"embeddable":true,"href":"https:\/\/elfsight.com\/de\/wp-json\/wp\/v2\/comments?post=3152"}],"version-history":[{"count":3,"href":"https:\/\/elfsight.com\/de\/wp-json\/wp\/v2\/pages\/3152\/revisions"}],"predecessor-version":[{"id":4811,"href":"https:\/\/elfsight.com\/de\/wp-json\/wp\/v2\/pages\/3152\/revisions\/4811"}],"wp:attachment":[{"href":"https:\/\/elfsight.com\/de\/wp-json\/wp\/v2\/media?parent=3152"}],"curies":[{"name":"wp","href":"https:\/\/api.w.org\/{rel}","templated":true}]}}