{"id":315,"date":"2020-02-26T10:33:52","date_gmt":"2020-02-26T10:33:52","guid":{"rendered":"https:\/\/elfsight.com\/de\/?page_id=315"},"modified":"2020-09-16T14:04:43","modified_gmt":"2020-09-16T14:04:43","slug":"optimizepress-plugins","status":"publish","type":"page","link":"https:\/\/elfsight.com\/de\/optimizepress-plugins\/","title":{"rendered":"Optimizepress plugins"},"content":{"rendered":"\n\n\n<p>\u00dcber einige Jahre hat Elfsight Kompanie viele absolut effizienten und mobil-freundlichen L\u00f6sungen f\u00fcr Optimizepress  Websites gebaut. Mit Hilfe Elfsight Plugins k\u00f6nnen Sie den Umsatz steigern, die Qualit\u00e4t des Kundensupports verbessern, Ihr Gesch\u00e4ft schneller ausbauen und andere unternehmerischen Herausforderungen l\u00f6sen.<\/p> \n\n<p>Unsere Team verschafft verschiedene Peiswahlen: von gratis bis zu Premium. Vergr\u00f6\u00dfern Ihre Website-Funktionalit\u00e4t ohne Zusatzkosten.<\/p>\n\n\n<h2>Warum brauchen viele Website-Betreibern unsere Widgets?<\/h2>\n\n<p>Untersuchen Sie die anschlie\u00dfende Liste der ausstehenden Vorz\u00fcge:<\/p> \n<ul>\n<li> Gratis Installationsservice  des Widgets;<\/li>\n\n<li>V\u00f6llig ansprechende f\u00fcr jeden Bildschirm; <\/li>\n\n<li>Keine Programmierung;<\/li>\n\n<li>Eine breite Palette von anpassbare und einsatzf\u00e4hige Schablonen;<\/li>\n\n<li>Intuitive Konfigurator;<\/li>\n\n<li>Die Cloud-basierte L\u00f6sungen f\u00fcr hoher Ladegeschwindigkeit; <\/li>                                                                                                                \n\n<li>Die regul\u00e4re automatische Updates;<\/li> \n\n<li>Hochqualifizierte Unterst\u00fctzung von erfahrenen Elfsight Team.<\/li> \n<\/ul>\n\n<p>Testen  Sie mit  unentgeltlichen Plan. Bewerten Sie alle M\u00f6glichkeiten oder bekommen Sie ausgew\u00e4hlte Plugin mit 20% Erm\u00e4ssigung. <\/p> \n\n<h2>Wie kann ich ein Plugin auf Optimizepress Website hinzuf\u00fcgen?<\/h2> \n<p>Um ein Werkzeug auf der Website zu integrieren, sehen Sie einfach die folgenden Anweisungen: <\/p>\n<ol>\n<li>Beschlie\u00dfen Sie das entsprechend Plugin und passen Sie es an. Speichern Sie die \u00c4nderungen.<\/li> \n\n<li>F\u00fcgen Sie Code hinzu um das Plugin auf Ihrer Webseite zu installieren. <\/li>\n\n<li>Vollbracht! Sie haben das Werkzeug erfolgreich auf der Optimizepress Website eingebunden. <\/li>\n<\/ol>\n<p>Wenn Sie eine kostenlose Unterst\u00fctzung brauchen, um das Widget einzubetten, dann unserer Support Team hilft Ihnen gerne weiter.<\/p>\n\n\n\n","protected":false},"excerpt":{"rendered":"\u00dcber einige Jahre hat Elfsight Kompanie viele absolut effizienten und mobil-freundlichen L\u00f6sungen f\u00fcr Optimizepress Websites gebaut. Mit Hilfe Elfsight Plugins k\u00f6nnen Sie den Umsatz steigern, die Qualit\u00e4t des Kundensupports verbessern, Ihr Gesch\u00e4ft schneller ausbauen und andere unternehmerischen Herausforderungen l\u00f6sen. Unsere Team verschafft verschiedene Peiswahlen: von gratis bis zu Premium. Vergr\u00f6\u00dfern&#8230;","protected":false},"author":11,"featured_media":0,"parent":0,"menu_order":0,"comment_status":"closed","ping_status":"closed","template":"templates\/template-platform.php","meta":{"publish_to_discourse":"","publish_post_category":"","wpdc_auto_publish_overridden":"","wpdc_topic_tags":"","wpdc_pin_topic":"","wpdc_pin_until":"","discourse_post_id":"","discourse_permalink":"","wpdc_publishing_response":"","wpdc_publishing_error":"","footnotes":""},"class_list":["post-315","page","type-page","status-publish","hentry"],"yoast_head":"<!-- This site is optimized with the Yoast SEO plugin v25.3.1 - https:\/\/yoast.com\/wordpress\/plugins\/seo\/ -->\n<title>Die besten kostenlosen Optimizepress Plugins f\u00fcr Ihre Website (2025)<\/title>\n<meta name=\"description\" content=\"Eine Reihe von erstklassigen gratis Miniprogramme eigens f\u00fcr Ihre Optimizepress Websites. Hilfe zu der Personalisierung und unendliche Reihe von Merkmalen.\" \/>\n<meta name=\"robots\" content=\"index, follow, max-snippet:-1, max-image-preview:large, max-video-preview:-1\" \/>\n<link rel=\"canonical\" href=\"https:\/\/elfsight.com\/de\/optimizepress-plugins\/\" \/>\n<meta property=\"og:locale\" content=\"de_DE\" \/>\n<meta property=\"og:type\" content=\"article\" \/>\n<meta property=\"og:title\" content=\"Die besten kostenlosen Optimizepress Plugins f\u00fcr Ihre Website (2025)\" \/>\n<meta property=\"og:description\" content=\"Eine Reihe von erstklassigen gratis Miniprogramme eigens f\u00fcr Ihre Optimizepress Websites. Hilfe zu der Personalisierung und unendliche Reihe von Merkmalen.\" \/>\n<meta property=\"og:url\" content=\"https:\/\/elfsight.com\/de\/optimizepress-plugins\/\" \/>\n<meta property=\"og:site_name\" content=\"Elfsight DE\" \/>\n<meta property=\"article:modified_time\" content=\"2020-09-16T14:04:43+00:00\" \/>\n<meta name=\"twitter:card\" content=\"summary_large_image\" \/>\n<meta name=\"twitter:label1\" content=\"Gesch\u00e4tzte Lesezeit\" \/>\n\t<meta name=\"twitter:data1\" content=\"1\u00a0Minute\" \/>\n<!-- \/ Yoast SEO plugin. -->","yoast_head_json":{"title":"Die besten kostenlosen Optimizepress Plugins f\u00fcr Ihre Website (2025)","description":"Eine Reihe von erstklassigen gratis Miniprogramme eigens f\u00fcr Ihre Optimizepress Websites. Hilfe zu der Personalisierung und unendliche Reihe von Merkmalen.","robots":{"index":"index","follow":"follow","max-snippet":"max-snippet:-1","max-image-preview":"max-image-preview:large","max-video-preview":"max-video-preview:-1"},"canonical":"https:\/\/elfsight.com\/de\/optimizepress-plugins\/","og_locale":"de_DE","og_type":"article","og_title":"Die besten kostenlosen Optimizepress Plugins f\u00fcr Ihre Website (2025)","og_description":"Eine Reihe von erstklassigen gratis Miniprogramme eigens f\u00fcr Ihre Optimizepress Websites. Hilfe zu der Personalisierung und unendliche Reihe von Merkmalen.","og_url":"https:\/\/elfsight.com\/de\/optimizepress-plugins\/","og_site_name":"Elfsight DE","article_modified_time":"2020-09-16T14:04:43+00:00","twitter_card":"summary_large_image","twitter_misc":{"Gesch\u00e4tzte Lesezeit":"1\u00a0Minute"},"schema":{"@context":"https:\/\/schema.org","@graph":[{"@type":"WebPage","@id":"https:\/\/elfsight.com\/de\/optimizepress-plugins\/","url":"https:\/\/elfsight.com\/de\/optimizepress-plugins\/","name":"Die besten kostenlosen Optimizepress Plugins f\u00fcr Ihre Website (2025)","isPartOf":{"@id":"https:\/\/elfsight.com\/de\/#website"},"datePublished":"2020-02-26T10:33:52+00:00","dateModified":"2020-09-16T14:04:43+00:00","description":"Eine Reihe von erstklassigen gratis Miniprogramme eigens f\u00fcr Ihre Optimizepress Websites. Hilfe zu der Personalisierung und unendliche Reihe von Merkmalen.","breadcrumb":{"@id":"https:\/\/elfsight.com\/de\/optimizepress-plugins\/#breadcrumb"},"inLanguage":"de","potentialAction":[{"@type":"ReadAction","target":["https:\/\/elfsight.com\/de\/optimizepress-plugins\/"]}]},{"@type":"BreadcrumbList","@id":"https:\/\/elfsight.com\/de\/optimizepress-plugins\/#breadcrumb","itemListElement":[{"@type":"ListItem","position":1,"name":"Home","item":"https:\/\/elfsight.com\/de\/"},{"@type":"ListItem","position":2,"name":"Optimizepress plugins"}]},{"@type":"WebSite","@id":"https:\/\/elfsight.com\/de\/#website","url":"https:\/\/elfsight.com\/de\/","name":"Elfsight DE","description":"Just another Elfsight Sites site","potentialAction":[{"@type":"SearchAction","target":{"@type":"EntryPoint","urlTemplate":"https:\/\/elfsight.com\/de\/?s={search_term_string}"},"query-input":{"@type":"PropertyValueSpecification","valueRequired":true,"valueName":"search_term_string"}}],"inLanguage":"de"}]}},"meta_box":{"industry":"","seo_heading":"","heading":"","description":"","cta_heading":"","cta_description":"","application":"","h1":"Ideale intelligente L\u00f6sungen f\u00fcr Ihre Optimizepress Web-Seite","h1_caption":"Dies ist die Vielfalt von wunderbaren Oberfl\u00e4chenelemente f\u00fcr Webseite, um Ihre Umsatz zu steigern und wesentliche gewerbliche Zweck zu erzielen. Die s\u00e4mtliche Plugins kann leicht konfiguriert und eingebettet werden. Die Firma leistet die unbeschr\u00e4nkte Reihe von Funktionen und die beeindruckende technische Hilfe f\u00fcr alle Kunden.","application_category":[],"applications_title":"Probieren Sie alle gebrauchsfertigen kostenlosen Optimizepress Miniprogramme von der Auswahl:","applications_request_title":"Sie k\u00f6nnen das gew\u00fcnschte Plugin nicht finden?","applications_request_button_text":"Fordern Sie ein Plugin an","hero_text":"","hero_video":"","hero_video_schema_markup":"","selling_points_title":"","selling_points_caption":"","selling_points":[],"selling_points_cta_text":"","features_title":"","features":"","ed_cta_examples_text":"","ed_cta_examples_hidden":"","ed_cta_demo_text":"","ed_cta_demo_hidden":"","why_caption":"","why_editor_title":"","why_editor_text":"","why_team_title":"","why_team_text":"","why_service_title":"","why_service_text":"","template_catalog_visible":"","template_catalog_title":"","template_catalog_text":"","template_catalog_categories_visible":"","demo_title":"","demo_caption":"","default_faq_hidden":"","app_template_category":[],"platform":"229","template_public_id":"","codecanyon_url":"","codecanyon_item_id":"","codecanyon_price":"","pricing_caption":"","pricing_elfsight_apps_hide_column":"","pricing_elfsight_apps_url":"","pricing_codecanyon_price_caption":"","integration_category":[],"integration_request_title":"","integration_request_cta":"","integration_platform":"","integrations":[],"platform_category":[],"video_schema_markup":"","price":"","trial":"","benefits":[],"button_url":"","button_target_blank":"","button_nofollow":"","attributes":[],"tags":[],"tags_disable_links":"","hide_more_platforms":"","video_object":"","demo_hide_cta":"","demo_hide_cloud_options":"","pricing_title":"","pricing":[],"related_apps_title":"","related_apps_hidden":"","author":"","image":[],"title":"","job":"","social_networks":[]},"_links":{"self":[{"href":"https:\/\/elfsight.com\/de\/wp-json\/wp\/v2\/pages\/315","targetHints":{"allow":["GET"]}}],"collection":[{"href":"https:\/\/elfsight.com\/de\/wp-json\/wp\/v2\/pages"}],"about":[{"href":"https:\/\/elfsight.com\/de\/wp-json\/wp\/v2\/types\/page"}],"author":[{"embeddable":true,"href":"https:\/\/elfsight.com\/de\/wp-json\/wp\/v2\/users\/11"}],"replies":[{"embeddable":true,"href":"https:\/\/elfsight.com\/de\/wp-json\/wp\/v2\/comments?post=315"}],"version-history":[{"count":4,"href":"https:\/\/elfsight.com\/de\/wp-json\/wp\/v2\/pages\/315\/revisions"}],"predecessor-version":[{"id":3044,"href":"https:\/\/elfsight.com\/de\/wp-json\/wp\/v2\/pages\/315\/revisions\/3044"}],"wp:attachment":[{"href":"https:\/\/elfsight.com\/de\/wp-json\/wp\/v2\/media?parent=315"}],"curies":[{"name":"wp","href":"https:\/\/api.w.org\/{rel}","templated":true}]}}