{"id":3148,"date":"2020-09-17T13:42:33","date_gmt":"2020-09-17T13:42:33","guid":{"rendered":"https:\/\/elfsight.com\/de\/?page_id=3148"},"modified":"2020-10-12T16:21:45","modified_gmt":"2020-10-12T16:21:45","slug":"sp-page-builder-addons","status":"publish","type":"page","link":"https:\/\/elfsight.com\/de\/sp-page-builder-addons\/","title":{"rendered":"SP Page Builder Addons"},"content":{"rendered":"\n<p>Seit mehreren Jahren hat Elfsight Firma viele absolut praktischen und schlichten L\u00f6sungen f\u00fcr SP Page Builder Webseiten realisiert. Mit Hilfe der Widgets k\u00f6nnen Sie viel mehr Leads sammeln, die Anzahl Ihrer Follower erh\u00f6hen, jederzeit \u00fcber Chats mit Kunden in Kontakt bleiben und andere gesch\u00e4ftlichen Herausforderungen l\u00f6sen. <\/p> \n\n<p>Unsere Team leistet verschiedene Preism\u00f6glichkeiten: von kostenfrei bis zu Premium. Erweitern Ihre Website ohne Zusatzkosten. <\/p>\n\n\n<h2>Warum geniessen viele Website-Inhaber unsere Widgets? <\/h2>\n\n<p>Untersuchen Sie die folgende Serie der speziellen Merkmale: <\/p> \n<ul>\n<li>Kostenlose Installationshilfe des Widgets; <\/li>\n\n<li>Ganz ansprechbare f\u00fcr jeden Bildschirm; <\/li>\n\n<li>Keine Programmierkenntnisse erforderlich; <\/li>\n\n<li>Eine gro\u00dfe Auswahl von anpassbare und fertige Schablonen; <\/li>\n\n<li>Einfache Benutzeroberfl\u00e4che; <\/li>\n\n<li>Die Cloud-Dienste f\u00fcr hoher Ladegeschwindigkeit; <\/li> \n\n<li>Die regul\u00e4re automatische Updat; <\/li> \n\n<li>Schnelle Hilfe von h\u00f6flichen Elfsight Team. <\/li> \n<\/ul>\n\n<p> Probieren Sie mit kostenlosen Widget. Schauen Sie alle Leistungsf\u00e4higkeiten oder bekommen Sie jedes App mit 20% Rabatt. <\/p> \n\n<h2>Wie kann man ein Addon auf SP Page Builder Website einf\u00fcgen? <\/h2> \n<p>Um ein Werkzeug auf der Webseite einzubinden, folgen Sie einfach den Schritten: <\/p>\n<ol>\n<li>Finden Sie das gew\u00fcnscht Werkzeug und passen Sie es an. Speichern Sie die \u00c4nderungen. <\/li> \n\n<li>Kopieren und f\u00fcgen Sie den Code hinzu um das Addon auf Ihrer Webseite zu installieren. <\/li>\n\n<li>Vollbracht! Sie haben das App erfolgreich auf der SP Page Builder Website eingebunden. <\/li>\n<\/ol>\n<p>Wenn Sie eine kostenfreie Beratung f\u00fcr die Integration des Widgets brauchen, dann unserer Support Team ist immer gl\u00fccklich, Ihnen zu helfen. <\/p>\n","protected":false},"excerpt":{"rendered":"Seit mehreren Jahren hat Elfsight Firma viele absolut praktischen und schlichten L\u00f6sungen f\u00fcr SP Page Builder Webseiten realisiert. Mit Hilfe der Widgets k\u00f6nnen Sie viel mehr Leads sammeln, die Anzahl Ihrer Follower erh\u00f6hen, jederzeit \u00fcber Chats mit Kunden in Kontakt bleiben und andere gesch\u00e4ftlichen Herausforderungen l\u00f6sen. Unsere Team leistet verschiedene&#8230;","protected":false},"author":11,"featured_media":0,"parent":0,"menu_order":0,"comment_status":"closed","ping_status":"closed","template":"templates\/template-platform.php","meta":{"publish_to_discourse":"","publish_post_category":"","wpdc_auto_publish_overridden":"","wpdc_topic_tags":"","wpdc_pin_topic":"","wpdc_pin_until":"","discourse_post_id":"","discourse_permalink":"","wpdc_publishing_response":"","wpdc_publishing_error":"","footnotes":""},"class_list":["post-3148","page","type-page","status-publish","hentry"],"yoast_head":"<!-- This site is optimized with the Yoast SEO plugin v25.3.1 - https:\/\/yoast.com\/wordpress\/plugins\/seo\/ -->\n<title>Die mobile-freundlichen Addons f\u00fcr Ihre SP Page Builder Website (2025)<\/title>\n<meta name=\"description\" content=\"Eine Sammlung von sch\u00f6nsten gratis Werkzeuge gerade f\u00fcr Ihre SP Page Builder Websites. Hilfe mit der Individualisierung und grenzenlose Reihe von Optionen.\" \/>\n<meta name=\"robots\" content=\"index, follow, max-snippet:-1, max-image-preview:large, max-video-preview:-1\" \/>\n<link rel=\"canonical\" href=\"https:\/\/elfsight.com\/de\/sp-page-builder-addons\/\" \/>\n<meta property=\"og:locale\" content=\"de_DE\" \/>\n<meta property=\"og:type\" content=\"article\" \/>\n<meta property=\"og:title\" content=\"Die mobile-freundlichen Addons f\u00fcr Ihre SP Page Builder Website (2025)\" \/>\n<meta property=\"og:description\" content=\"Eine Sammlung von sch\u00f6nsten gratis Werkzeuge gerade f\u00fcr Ihre SP Page Builder Websites. Hilfe mit der Individualisierung und grenzenlose Reihe von Optionen.\" \/>\n<meta property=\"og:url\" content=\"https:\/\/elfsight.com\/de\/sp-page-builder-addons\/\" \/>\n<meta property=\"og:site_name\" content=\"Elfsight DE\" \/>\n<meta property=\"article:modified_time\" content=\"2020-10-12T16:21:45+00:00\" \/>\n<meta name=\"twitter:card\" content=\"summary_large_image\" \/>\n<meta name=\"twitter:label1\" content=\"Gesch\u00e4tzte Lesezeit\" \/>\n\t<meta name=\"twitter:data1\" content=\"1\u00a0Minute\" \/>\n<!-- \/ Yoast SEO plugin. -->","yoast_head_json":{"title":"Die mobile-freundlichen Addons f\u00fcr Ihre SP Page Builder Website (2025)","description":"Eine Sammlung von sch\u00f6nsten gratis Werkzeuge gerade f\u00fcr Ihre SP Page Builder Websites. Hilfe mit der Individualisierung und grenzenlose Reihe von Optionen.","robots":{"index":"index","follow":"follow","max-snippet":"max-snippet:-1","max-image-preview":"max-image-preview:large","max-video-preview":"max-video-preview:-1"},"canonical":"https:\/\/elfsight.com\/de\/sp-page-builder-addons\/","og_locale":"de_DE","og_type":"article","og_title":"Die mobile-freundlichen Addons f\u00fcr Ihre SP Page Builder Website (2025)","og_description":"Eine Sammlung von sch\u00f6nsten gratis Werkzeuge gerade f\u00fcr Ihre SP Page Builder Websites. Hilfe mit der Individualisierung und grenzenlose Reihe von Optionen.","og_url":"https:\/\/elfsight.com\/de\/sp-page-builder-addons\/","og_site_name":"Elfsight DE","article_modified_time":"2020-10-12T16:21:45+00:00","twitter_card":"summary_large_image","twitter_misc":{"Gesch\u00e4tzte Lesezeit":"1\u00a0Minute"},"schema":{"@context":"https:\/\/schema.org","@graph":[{"@type":"WebPage","@id":"https:\/\/elfsight.com\/de\/sp-page-builder-addons\/","url":"https:\/\/elfsight.com\/de\/sp-page-builder-addons\/","name":"Die mobile-freundlichen Addons f\u00fcr Ihre SP Page Builder Website (2025)","isPartOf":{"@id":"https:\/\/elfsight.com\/de\/#website"},"datePublished":"2020-09-17T13:42:33+00:00","dateModified":"2020-10-12T16:21:45+00:00","description":"Eine Sammlung von sch\u00f6nsten gratis Werkzeuge gerade f\u00fcr Ihre SP Page Builder Websites. Hilfe mit der Individualisierung und grenzenlose Reihe von Optionen.","breadcrumb":{"@id":"https:\/\/elfsight.com\/de\/sp-page-builder-addons\/#breadcrumb"},"inLanguage":"de","potentialAction":[{"@type":"ReadAction","target":["https:\/\/elfsight.com\/de\/sp-page-builder-addons\/"]}]},{"@type":"BreadcrumbList","@id":"https:\/\/elfsight.com\/de\/sp-page-builder-addons\/#breadcrumb","itemListElement":[{"@type":"ListItem","position":1,"name":"Home","item":"https:\/\/elfsight.com\/de\/"},{"@type":"ListItem","position":2,"name":"SP Page Builder Addons"}]},{"@type":"WebSite","@id":"https:\/\/elfsight.com\/de\/#website","url":"https:\/\/elfsight.com\/de\/","name":"Elfsight DE","description":"Just another Elfsight Sites site","potentialAction":[{"@type":"SearchAction","target":{"@type":"EntryPoint","urlTemplate":"https:\/\/elfsight.com\/de\/?s={search_term_string}"},"query-input":{"@type":"PropertyValueSpecification","valueRequired":true,"valueName":"search_term_string"}}],"inLanguage":"de"}]}},"meta_box":{"industry":"","seo_heading":"","heading":"","description":"","cta_heading":"","cta_description":"","application":"","h1":"Wirksame mobilfreundliche Werkzeuge f\u00fcr Ihre SP Page Builder Seite","h1_caption":"Dies ist die Auflistung von wunderbaren Widgets f\u00fcr Webseite, um Ihre Verk\u00e4ufe zu gestalten und grundlegende gewerbliche Ziele zu erreichen. Alle Oberfl\u00e4chenelemente kann leicht personalisiert und integriert werden. Unsere Firma bereitstellt die grenzenlose Reihe von Funktionen und die professionelle technische Support f\u00fcr alle Klienten.","application_category":[],"applications_title":"Testen Sie alle einsatzbereiten kostenlosen SP Page Builder Werkzeuge von der Auflistung:","applications_request_title":"K\u00f6nnen Sie kein Addon finden, das Sie ben\u00f6tigen?","applications_request_button_text":"Fordern Sie ein Addon an","hero_text":"","hero_video":"","hero_video_schema_markup":"","selling_points_title":"","selling_points_caption":"","selling_points":[],"selling_points_cta_text":"","features_title":"","features":"","ed_cta_examples_text":"","ed_cta_examples_hidden":"","ed_cta_demo_text":"","ed_cta_demo_hidden":"","why_caption":"","why_editor_title":"","why_editor_text":"","why_team_title":"","why_team_text":"","why_service_title":"","why_service_text":"","template_catalog_visible":"","template_catalog_title":"","template_catalog_text":"","template_catalog_categories_visible":"","demo_title":"","demo_caption":"","default_faq_hidden":"","app_template_category":[],"platform":"3002","template_public_id":"","codecanyon_url":"","codecanyon_item_id":"","codecanyon_price":"","pricing_caption":"","pricing_elfsight_apps_hide_column":"","pricing_elfsight_apps_url":"","pricing_codecanyon_price_caption":"","integration_category":[],"integration_request_title":"","integration_request_cta":"","integration_platform":"","integrations":[],"platform_category":[],"video_schema_markup":"","price":"","trial":"","benefits":[],"button_url":"","button_target_blank":"","button_nofollow":"","attributes":[],"tags":[],"tags_disable_links":"","hide_more_platforms":"","video_object":"","demo_hide_cta":"","demo_hide_cloud_options":"","pricing_title":"","pricing":[],"related_apps_title":"","related_apps_hidden":"","author":"","image":[],"title":"","job":"","social_networks":[]},"_links":{"self":[{"href":"https:\/\/elfsight.com\/de\/wp-json\/wp\/v2\/pages\/3148","targetHints":{"allow":["GET"]}}],"collection":[{"href":"https:\/\/elfsight.com\/de\/wp-json\/wp\/v2\/pages"}],"about":[{"href":"https:\/\/elfsight.com\/de\/wp-json\/wp\/v2\/types\/page"}],"author":[{"embeddable":true,"href":"https:\/\/elfsight.com\/de\/wp-json\/wp\/v2\/users\/11"}],"replies":[{"embeddable":true,"href":"https:\/\/elfsight.com\/de\/wp-json\/wp\/v2\/comments?post=3148"}],"version-history":[{"count":2,"href":"https:\/\/elfsight.com\/de\/wp-json\/wp\/v2\/pages\/3148\/revisions"}],"predecessor-version":[{"id":3150,"href":"https:\/\/elfsight.com\/de\/wp-json\/wp\/v2\/pages\/3148\/revisions\/3150"}],"wp:attachment":[{"href":"https:\/\/elfsight.com\/de\/wp-json\/wp\/v2\/media?parent=3148"}],"curies":[{"name":"wp","href":"https:\/\/api.w.org\/{rel}","templated":true}]}}