{"id":3142,"date":"2020-09-17T13:35:27","date_gmt":"2020-09-17T13:35:27","guid":{"rendered":"https:\/\/elfsight.com\/de\/?page_id=3142"},"modified":"2020-10-13T15:26:09","modified_gmt":"2020-10-13T15:26:09","slug":"oxygen-builder-plugins","status":"publish","type":"page","link":"https:\/\/elfsight.com\/de\/oxygen-builder-plugins\/","title":{"rendered":"Oxygen Builder Plugins"},"content":{"rendered":"\n<p>Seit etlichen Jahren hat Elfsight Kompanie viele vollkommen effektiven und schlichten Werkzeuge f\u00fcr Oxygen Builder Websites entworfen. Mit Hilfe dieser Werkzeuge k\u00f6nnen Sie viel mehr Leads sammeln, die Qualit\u00e4t des Kundensupports verbessern, Ihr Gesch\u00e4ft schneller ausbauen und andere gesch\u00e4ftlichen Herausforderungen l\u00f6sen. <\/p> \n\n<p>Elfsight Team liefert eine breite Vielfalt von Peiswahlen: von gratis bis zu Premium. Vergr\u00f6\u00dfern Ihre Website-Funktionalit\u00e4t ohne Zusatzausgaben. <\/p>\n\n\n<h2>Was macht unsere Oxygen Builder-Werkzeuge diejenigen der besten? <\/h2>\n\n<p>Betrachten Sie die nachstehende Sammlung der herausragenden Funktionen: <\/p> \n<ul>\n<li> Gratis Installation-Support des Apps; <\/li>\n\n<li>V\u00f6llig responsive f\u00fcr jedes Ger\u00e4t; <\/li>\n\n<li>Ohne Kodierung; <\/li>\n\n<li>Eine gro\u00dfe Auswahl von anpassbare und einsatzf\u00e4hige Schablonen; <\/li>\n\n<li>M\u00fchelose Benutzeroberfl\u00e4che; <\/li>\n\n<li>Die Cloud-Dienste f\u00fcr hoher Ladegeschwindigkeit; <\/li> \n\n<li>Die regelm\u00e4\u00dfige automatische Updates; <\/li> \n\n<li>Hochqualifizierte Hilfe von unserem Elfsight Team. <\/li> \n<\/ul>\n\n<p>Starten Sie mit Demo-Plugin. Bewerten Sie alle M\u00f6glichkeiten oder erwerben Sie jedes Plugin mit 20% Skonto. <\/p> \n\n<h2>Wie kann man ein Plugin auf Oxygen Builder Website einf\u00fcgen? <\/h2> \n<p>Um ein Werkzeug auf der Web-Seite einzuf\u00fcgen, sehen Sie einfach die folgenden Anweisungen: <\/p>\n<ol>\n<li>W\u00e4hlen Sie das richtig Plugin und w\u00e4hlen Sie die entsprechenden Einstellungen. Speichern Sie die \u00c4nderungen. <\/li> \n\n<li>F\u00fcgen Sie Code hinzu um das Plugin auf Ihrer Webseite einzubetten. <\/li>\n\n<li>Plugin-Installation ist erfolgreich abgeschlossen! <\/li>\n<\/ol>\n<p>Wenn Sie eine kostenfreie Unterst\u00fctzung bed\u00fcrfen, um das Plugin einzubetten, dann k\u00f6nnen Sie sich unseren hochqualifiziertenElfsight Support wenden. <\/p>\n","protected":false},"excerpt":{"rendered":"Seit etlichen Jahren hat Elfsight Kompanie viele vollkommen effektiven und schlichten Werkzeuge f\u00fcr Oxygen Builder Websites entworfen. Mit Hilfe dieser Werkzeuge k\u00f6nnen Sie viel mehr Leads sammeln, die Qualit\u00e4t des Kundensupports verbessern, Ihr Gesch\u00e4ft schneller ausbauen und andere gesch\u00e4ftlichen Herausforderungen l\u00f6sen. Elfsight Team liefert eine breite Vielfalt von Peiswahlen: von&#8230;","protected":false},"author":11,"featured_media":0,"parent":0,"menu_order":0,"comment_status":"closed","ping_status":"closed","template":"templates\/template-platform.php","meta":{"publish_to_discourse":"","publish_post_category":"","wpdc_auto_publish_overridden":"","wpdc_topic_tags":"","wpdc_pin_topic":"","wpdc_pin_until":"","discourse_post_id":"","discourse_permalink":"","wpdc_publishing_response":"","wpdc_publishing_error":"","footnotes":""},"class_list":["post-3142","page","type-page","status-publish","hentry"],"yoast_head":"<!-- This site is optimized with the Yoast SEO plugin v25.3.1 - https:\/\/yoast.com\/wordpress\/plugins\/seo\/ -->\n<title>Die mobile-freundlichen Plugins f\u00fcr Ihre Oxygen Builder Website (2025)<\/title>\n<meta name=\"description\" content=\"Eine Serie von gratis Werkzeuge besonders f\u00fcr Ihre Oxygen Builder Websites. Hilfe mit der Individualisierung und grenzenlose Anzahl von M\u00f6glichkeiten.\" \/>\n<meta name=\"robots\" content=\"index, follow, max-snippet:-1, max-image-preview:large, max-video-preview:-1\" \/>\n<link rel=\"canonical\" href=\"https:\/\/elfsight.com\/de\/oxygen-builder-plugins\/\" \/>\n<meta property=\"og:locale\" content=\"de_DE\" \/>\n<meta property=\"og:type\" content=\"article\" \/>\n<meta property=\"og:title\" content=\"Die mobile-freundlichen Plugins f\u00fcr Ihre Oxygen Builder Website (2025)\" \/>\n<meta property=\"og:description\" content=\"Eine Serie von gratis Werkzeuge besonders f\u00fcr Ihre Oxygen Builder Websites. Hilfe mit der Individualisierung und grenzenlose Anzahl von M\u00f6glichkeiten.\" \/>\n<meta property=\"og:url\" content=\"https:\/\/elfsight.com\/de\/oxygen-builder-plugins\/\" \/>\n<meta property=\"og:site_name\" content=\"Elfsight DE\" \/>\n<meta property=\"article:modified_time\" content=\"2020-10-13T15:26:09+00:00\" \/>\n<meta name=\"twitter:card\" content=\"summary_large_image\" \/>\n<meta name=\"twitter:label1\" content=\"Gesch\u00e4tzte Lesezeit\" \/>\n\t<meta name=\"twitter:data1\" content=\"1\u00a0Minute\" \/>\n<!-- \/ Yoast SEO plugin. -->","yoast_head_json":{"title":"Die mobile-freundlichen Plugins f\u00fcr Ihre Oxygen Builder Website (2025)","description":"Eine Serie von gratis Werkzeuge besonders f\u00fcr Ihre Oxygen Builder Websites. Hilfe mit der Individualisierung und grenzenlose Anzahl von M\u00f6glichkeiten.","robots":{"index":"index","follow":"follow","max-snippet":"max-snippet:-1","max-image-preview":"max-image-preview:large","max-video-preview":"max-video-preview:-1"},"canonical":"https:\/\/elfsight.com\/de\/oxygen-builder-plugins\/","og_locale":"de_DE","og_type":"article","og_title":"Die mobile-freundlichen Plugins f\u00fcr Ihre Oxygen Builder Website (2025)","og_description":"Eine Serie von gratis Werkzeuge besonders f\u00fcr Ihre Oxygen Builder Websites. Hilfe mit der Individualisierung und grenzenlose Anzahl von M\u00f6glichkeiten.","og_url":"https:\/\/elfsight.com\/de\/oxygen-builder-plugins\/","og_site_name":"Elfsight DE","article_modified_time":"2020-10-13T15:26:09+00:00","twitter_card":"summary_large_image","twitter_misc":{"Gesch\u00e4tzte Lesezeit":"1\u00a0Minute"},"schema":{"@context":"https:\/\/schema.org","@graph":[{"@type":"WebPage","@id":"https:\/\/elfsight.com\/de\/oxygen-builder-plugins\/","url":"https:\/\/elfsight.com\/de\/oxygen-builder-plugins\/","name":"Die mobile-freundlichen Plugins f\u00fcr Ihre Oxygen Builder Website (2025)","isPartOf":{"@id":"https:\/\/elfsight.com\/de\/#website"},"datePublished":"2020-09-17T13:35:27+00:00","dateModified":"2020-10-13T15:26:09+00:00","description":"Eine Serie von gratis Werkzeuge besonders f\u00fcr Ihre Oxygen Builder Websites. Hilfe mit der Individualisierung und grenzenlose Anzahl von M\u00f6glichkeiten.","breadcrumb":{"@id":"https:\/\/elfsight.com\/de\/oxygen-builder-plugins\/#breadcrumb"},"inLanguage":"de","potentialAction":[{"@type":"ReadAction","target":["https:\/\/elfsight.com\/de\/oxygen-builder-plugins\/"]}]},{"@type":"BreadcrumbList","@id":"https:\/\/elfsight.com\/de\/oxygen-builder-plugins\/#breadcrumb","itemListElement":[{"@type":"ListItem","position":1,"name":"Home","item":"https:\/\/elfsight.com\/de\/"},{"@type":"ListItem","position":2,"name":"Oxygen Builder Plugins"}]},{"@type":"WebSite","@id":"https:\/\/elfsight.com\/de\/#website","url":"https:\/\/elfsight.com\/de\/","name":"Elfsight DE","description":"Just another Elfsight Sites site","potentialAction":[{"@type":"SearchAction","target":{"@type":"EntryPoint","urlTemplate":"https:\/\/elfsight.com\/de\/?s={search_term_string}"},"query-input":{"@type":"PropertyValueSpecification","valueRequired":true,"valueName":"search_term_string"}}],"inLanguage":"de"}]}},"meta_box":{"industry":"","seo_heading":"","heading":"","description":"","cta_heading":"","cta_description":"","application":"","h1":"Passende mobilfreundliche Werkzeuge f\u00fcr Ihre Oxygen Builder Website","h1_caption":"Dies ist die Liste von erstklassigen Oberfl\u00e4chenelemente f\u00fcr Webseite, um Ihre Benutzerinteraktion zu bessern und wesentliche wirtschaftliche Ziele zu erlangen. Diese Miniprogramme kann leicht benutzerdefiniert und eingebunden werden. Unsere Firma bietet die unbeschr\u00e4nkte Reihe von Optionen und die beeindruckende technische Unterst\u00fctzung f\u00fcr alle Klienten.","application_category":[],"applications_title":"Testen Sie alle wunderbaren kostenfreien Oxygen Builder Werkzeuge aus der Serie:","applications_request_title":"K\u00f6nnen Sie kein Plugin finden, das Sie ben\u00f6tigen?","applications_request_button_text":"Fordern Sie ein Plugin an","hero_text":"","hero_video":"","hero_video_schema_markup":"","selling_points_title":"","selling_points_caption":"","selling_points":[],"selling_points_cta_text":"","features_title":"","features":"","ed_cta_examples_text":"","ed_cta_examples_hidden":"","ed_cta_demo_text":"","ed_cta_demo_hidden":"","why_caption":"","why_editor_title":"","why_editor_text":"","why_team_title":"","why_team_text":"","why_service_title":"","why_service_text":"","template_catalog_visible":"","template_catalog_title":"","template_catalog_text":"","template_catalog_categories_visible":"","demo_title":"","demo_caption":"","default_faq_hidden":"","app_template_category":[],"platform":"2998","template_public_id":"","codecanyon_url":"","codecanyon_item_id":"","codecanyon_price":"","pricing_caption":"","pricing_elfsight_apps_hide_column":"","pricing_elfsight_apps_url":"","pricing_codecanyon_price_caption":"","integration_category":[],"integration_request_title":"","integration_request_cta":"","integration_platform":"","integrations":[],"platform_category":[],"video_schema_markup":"","price":"","trial":"","benefits":[],"button_url":"","button_target_blank":"","button_nofollow":"","attributes":[],"tags":[],"tags_disable_links":"","hide_more_platforms":"","video_object":"","demo_hide_cta":"","demo_hide_cloud_options":"","pricing_title":"","pricing":[],"related_apps_title":"","related_apps_hidden":"","author":"","image":[],"title":"","job":"","social_networks":[]},"_links":{"self":[{"href":"https:\/\/elfsight.com\/de\/wp-json\/wp\/v2\/pages\/3142","targetHints":{"allow":["GET"]}}],"collection":[{"href":"https:\/\/elfsight.com\/de\/wp-json\/wp\/v2\/pages"}],"about":[{"href":"https:\/\/elfsight.com\/de\/wp-json\/wp\/v2\/types\/page"}],"author":[{"embeddable":true,"href":"https:\/\/elfsight.com\/de\/wp-json\/wp\/v2\/users\/11"}],"replies":[{"embeddable":true,"href":"https:\/\/elfsight.com\/de\/wp-json\/wp\/v2\/comments?post=3142"}],"version-history":[{"count":1,"href":"https:\/\/elfsight.com\/de\/wp-json\/wp\/v2\/pages\/3142\/revisions"}],"predecessor-version":[{"id":3143,"href":"https:\/\/elfsight.com\/de\/wp-json\/wp\/v2\/pages\/3142\/revisions\/3143"}],"wp:attachment":[{"href":"https:\/\/elfsight.com\/de\/wp-json\/wp\/v2\/media?parent=3142"}],"curies":[{"name":"wp","href":"https:\/\/api.w.org\/{rel}","templated":true}]}}