{"id":314,"date":"2020-02-26T10:28:28","date_gmt":"2020-02-26T10:28:28","guid":{"rendered":"https:\/\/elfsight.com\/de\/?page_id=314"},"modified":"2020-09-16T14:02:23","modified_gmt":"2020-09-16T14:02:23","slug":"pivot-plugins","status":"publish","type":"page","link":"https:\/\/elfsight.com\/de\/pivot-plugins\/","title":{"rendered":"Pivot plugins"},"content":{"rendered":"\n<p>Seit etlichen Jahren hat Elfsight Kompanie viele vollkommen effizienten und smart L\u00f6sungen f\u00fcr Pivot  Websites gebaut. Mit Hilfe der Widgets k\u00f6nnen Sie viel mehr Leads sammeln, den Ruf der Marke verbessern, Ihr Gesch\u00e4ft schneller ausbauen und andere gesch\u00e4ftlichen Herausforderungen l\u00f6sen.<\/p> \n\n<p>Unsere Team liefert vielgestaltig Peiswahlen: von gratis bis zu Premium. Verbessern Ihre Website-Funktionalit\u00e4t ohne zus\u00e4tzlichen Ausgaben.<\/p>\n\n\n<h2>Warum sind unsere Pivot-Oberfl\u00e4chenelemente so speziell?<\/h2>\n\n<p>Finden Sie die nachstehende Liste der wesentlichen Merkmale:<\/p> \n<ul>\n<li> Kostenloser Installationsservice  des Apps;<\/li>\n\n<li>Voll responsive f\u00fcr jedes Ger\u00e4t; <\/li>\n\n<li>Keine Kodierung;<\/li>\n\n<li>Eine gro\u00dfe Auswahl von anpassbare und fertige Vorlagen;<\/li>\n\n<li>Komfortable Benutzeroberfl\u00e4che;<\/li>\n\n<li>Die Cloud-basierte Dienste f\u00fcr hoher Ladegeschwindigkeit; <\/li>                                                                                                                \n\n<li>Die regelm\u00e4\u00dfige automatische Updat;<\/li> \n\n<li>Fachliche Unterst\u00fctzung von erfahrenen Elfsight Team.<\/li> \n<\/ul>\n\n<p>Testen  Sie mit kostenfreien Widget. Entdecken Sie alle Potenzial oder erwerben Sie richtiges Plugin mit 20% Erm\u00e4ssigung. <\/p> \n\n<h2>Wie kann ich ein Plugin auf Pivot Website hinzuf\u00fcgen?<\/h2> \n<p>Um ein Werkzeug auf der Webseite zu integrieren, sehen Sie einfach die folgenden Anweisungen: <\/p>\n<ol>\n<li>W\u00e4hlen Sie das entsprechend Werkzeug und passen Sie es an. Speichern Sie die \u00c4nderungen.<\/li> \n\n<li>F\u00fcgen Sie Code hinzu um das Plugin auf Ihrer Webseite einzubinden. <\/li>\n\n<li>App-Integrierung ist erfolgreich durchgef\u00fchrt! <\/li>\n<\/ol>\n<p>Falls Sie eine kostenfreie Beratung ben\u00f6tigen, um das Widget einzubinden, dann k\u00f6nnen Sie sich unseren technischen Elfsight Support wenden.<\/p>\n\n","protected":false},"excerpt":{"rendered":"Seit etlichen Jahren hat Elfsight Kompanie viele vollkommen effizienten und smart L\u00f6sungen f\u00fcr Pivot Websites gebaut. Mit Hilfe der Widgets k\u00f6nnen Sie viel mehr Leads sammeln, den Ruf der Marke verbessern, Ihr Gesch\u00e4ft schneller ausbauen und andere gesch\u00e4ftlichen Herausforderungen l\u00f6sen. Unsere Team liefert vielgestaltig Peiswahlen: von gratis bis zu Premium&#8230;.","protected":false},"author":11,"featured_media":0,"parent":0,"menu_order":0,"comment_status":"closed","ping_status":"closed","template":"templates\/template-platform.php","meta":{"publish_to_discourse":"","publish_post_category":"","wpdc_auto_publish_overridden":"","wpdc_topic_tags":"","wpdc_pin_topic":"","wpdc_pin_until":"","discourse_post_id":"","discourse_permalink":"","wpdc_publishing_response":"","wpdc_publishing_error":"","footnotes":""},"class_list":["post-314","page","type-page","status-publish","hentry"],"yoast_head":"<!-- This site is optimized with the Yoast SEO plugin v25.3.1 - https:\/\/yoast.com\/wordpress\/plugins\/seo\/ -->\n<title>Die besten kostenlosen Pivot-Plugin f\u00fcr Ihre Website (2025)<\/title>\n<meta name=\"description\" content=\"Eine Vielfalt von problemlosen kostenfreien L\u00f6sungen gerade f\u00fcr Ihre Pivot Websites. Hilfe bei der Kundenbezogenheit und unbegrenzte Reihe von Features.\" \/>\n<meta name=\"robots\" content=\"index, follow, max-snippet:-1, max-image-preview:large, max-video-preview:-1\" \/>\n<link rel=\"canonical\" href=\"https:\/\/elfsight.com\/de\/pivot-plugins\/\" \/>\n<meta property=\"og:locale\" content=\"de_DE\" \/>\n<meta property=\"og:type\" content=\"article\" \/>\n<meta property=\"og:title\" content=\"Die besten kostenlosen Pivot-Plugin f\u00fcr Ihre Website (2025)\" \/>\n<meta property=\"og:description\" content=\"Eine Vielfalt von problemlosen kostenfreien L\u00f6sungen gerade f\u00fcr Ihre Pivot Websites. Hilfe bei der Kundenbezogenheit und unbegrenzte Reihe von Features.\" \/>\n<meta property=\"og:url\" content=\"https:\/\/elfsight.com\/de\/pivot-plugins\/\" \/>\n<meta property=\"og:site_name\" content=\"Elfsight DE\" \/>\n<meta property=\"article:modified_time\" content=\"2020-09-16T14:02:23+00:00\" \/>\n<meta name=\"twitter:card\" content=\"summary_large_image\" \/>\n<meta name=\"twitter:label1\" content=\"Gesch\u00e4tzte Lesezeit\" \/>\n\t<meta name=\"twitter:data1\" content=\"1\u00a0Minute\" \/>\n<!-- \/ Yoast SEO plugin. -->","yoast_head_json":{"title":"Die besten kostenlosen Pivot-Plugin f\u00fcr Ihre Website (2025)","description":"Eine Vielfalt von problemlosen kostenfreien L\u00f6sungen gerade f\u00fcr Ihre Pivot Websites. Hilfe bei der Kundenbezogenheit und unbegrenzte Reihe von Features.","robots":{"index":"index","follow":"follow","max-snippet":"max-snippet:-1","max-image-preview":"max-image-preview:large","max-video-preview":"max-video-preview:-1"},"canonical":"https:\/\/elfsight.com\/de\/pivot-plugins\/","og_locale":"de_DE","og_type":"article","og_title":"Die besten kostenlosen Pivot-Plugin f\u00fcr Ihre Website (2025)","og_description":"Eine Vielfalt von problemlosen kostenfreien L\u00f6sungen gerade f\u00fcr Ihre Pivot Websites. Hilfe bei der Kundenbezogenheit und unbegrenzte Reihe von Features.","og_url":"https:\/\/elfsight.com\/de\/pivot-plugins\/","og_site_name":"Elfsight DE","article_modified_time":"2020-09-16T14:02:23+00:00","twitter_card":"summary_large_image","twitter_misc":{"Gesch\u00e4tzte Lesezeit":"1\u00a0Minute"},"schema":{"@context":"https:\/\/schema.org","@graph":[{"@type":"WebPage","@id":"https:\/\/elfsight.com\/de\/pivot-plugins\/","url":"https:\/\/elfsight.com\/de\/pivot-plugins\/","name":"Die besten kostenlosen Pivot-Plugin f\u00fcr Ihre Website (2025)","isPartOf":{"@id":"https:\/\/elfsight.com\/de\/#website"},"datePublished":"2020-02-26T10:28:28+00:00","dateModified":"2020-09-16T14:02:23+00:00","description":"Eine Vielfalt von problemlosen kostenfreien L\u00f6sungen gerade f\u00fcr Ihre Pivot Websites. Hilfe bei der Kundenbezogenheit und unbegrenzte Reihe von Features.","breadcrumb":{"@id":"https:\/\/elfsight.com\/de\/pivot-plugins\/#breadcrumb"},"inLanguage":"de","potentialAction":[{"@type":"ReadAction","target":["https:\/\/elfsight.com\/de\/pivot-plugins\/"]}]},{"@type":"BreadcrumbList","@id":"https:\/\/elfsight.com\/de\/pivot-plugins\/#breadcrumb","itemListElement":[{"@type":"ListItem","position":1,"name":"Home","item":"https:\/\/elfsight.com\/de\/"},{"@type":"ListItem","position":2,"name":"Pivot plugins"}]},{"@type":"WebSite","@id":"https:\/\/elfsight.com\/de\/#website","url":"https:\/\/elfsight.com\/de\/","name":"Elfsight DE","description":"Just another Elfsight Sites site","potentialAction":[{"@type":"SearchAction","target":{"@type":"EntryPoint","urlTemplate":"https:\/\/elfsight.com\/de\/?s={search_term_string}"},"query-input":{"@type":"PropertyValueSpecification","valueRequired":true,"valueName":"search_term_string"}}],"inLanguage":"de"}]}},"meta_box":{"industry":"","seo_heading":"","heading":"","description":"","cta_heading":"","cta_description":"","application":"","h1":"Optimale smart Werkzeuge f\u00fcr Ihre Pivot Webseite","h1_caption":"Dies ist die Reihe von gebrauchsfertigen Oberfl\u00e4chenelemente f\u00fcr Webseite, um seine Verk\u00e4ufe zu steigern und andere gewerbliche Zweck zu treffen. Alle Bedienelemente kann schnell benutzerdefiniert und aktiviert werden. Die Firma liefert die unbeschr\u00e4nkte Anzahl von Funktionen und die hochqualifizierte technische Support f\u00fcr alle Klienten.","application_category":[],"applications_title":"Probieren Sie alle sch\u00f6nsten kostenlosen Pivot Miniprogramme von der Auswahl:","applications_request_title":"Sie k\u00f6nnen das gew\u00fcnschte Plugin nicht finden?","applications_request_button_text":"Fordern Sie ein Plugin an","hero_text":"","hero_video":"","hero_video_schema_markup":"","selling_points_title":"","selling_points_caption":"","selling_points":[],"selling_points_cta_text":"","features_title":"","features":"","ed_cta_examples_text":"","ed_cta_examples_hidden":"","ed_cta_demo_text":"","ed_cta_demo_hidden":"","why_caption":"","why_editor_title":"","why_editor_text":"","why_team_title":"","why_team_text":"","why_service_title":"","why_service_text":"","template_catalog_visible":"","template_catalog_title":"","template_catalog_text":"","template_catalog_categories_visible":"","demo_title":"","demo_caption":"","default_faq_hidden":"","app_template_category":[],"platform":"228","template_public_id":"","codecanyon_url":"","codecanyon_item_id":"","codecanyon_price":"","pricing_caption":"","pricing_elfsight_apps_hide_column":"","pricing_elfsight_apps_url":"","pricing_codecanyon_price_caption":"","integration_category":[],"integration_request_title":"","integration_request_cta":"","integration_platform":"","integrations":[],"platform_category":[],"video_schema_markup":"","price":"","trial":"","benefits":[],"button_url":"","button_target_blank":"","button_nofollow":"","attributes":[],"tags":[],"tags_disable_links":"","hide_more_platforms":"","video_object":"","demo_hide_cta":"","demo_hide_cloud_options":"","pricing_title":"","pricing":[],"related_apps_title":"","related_apps_hidden":"","author":"","image":[],"title":"","job":"","social_networks":[]},"_links":{"self":[{"href":"https:\/\/elfsight.com\/de\/wp-json\/wp\/v2\/pages\/314","targetHints":{"allow":["GET"]}}],"collection":[{"href":"https:\/\/elfsight.com\/de\/wp-json\/wp\/v2\/pages"}],"about":[{"href":"https:\/\/elfsight.com\/de\/wp-json\/wp\/v2\/types\/page"}],"author":[{"embeddable":true,"href":"https:\/\/elfsight.com\/de\/wp-json\/wp\/v2\/users\/11"}],"replies":[{"embeddable":true,"href":"https:\/\/elfsight.com\/de\/wp-json\/wp\/v2\/comments?post=314"}],"version-history":[{"count":3,"href":"https:\/\/elfsight.com\/de\/wp-json\/wp\/v2\/pages\/314\/revisions"}],"predecessor-version":[{"id":3042,"href":"https:\/\/elfsight.com\/de\/wp-json\/wp\/v2\/pages\/314\/revisions\/3042"}],"wp:attachment":[{"href":"https:\/\/elfsight.com\/de\/wp-json\/wp\/v2\/media?parent=314"}],"curies":[{"name":"wp","href":"https:\/\/api.w.org\/{rel}","templated":true}]}}