{"id":3138,"date":"2020-09-17T13:30:40","date_gmt":"2020-09-17T13:30:40","guid":{"rendered":"https:\/\/elfsight.com\/de\/?page_id=3138"},"modified":"2020-10-13T15:34:24","modified_gmt":"2020-10-13T15:34:24","slug":"wordpress-page-builder-plugins","status":"publish","type":"page","link":"https:\/\/elfsight.com\/de\/wordpress-page-builder-plugins\/","title":{"rendered":"WordPress Page Builder Plugins"},"content":{"rendered":"\n<p>\u00dcber 9 Jahre hat Elfsight viele v\u00f6llig intuitiven und smart Werkzeuge f\u00fcr WordPress Page Builder  Webseiten realisiert. Mit Hilfe unserer Plugins k\u00f6nnen Sie viel mehr Leads sammeln, den Ruf der Marke verbessern, jederzeit \u00fcber Chats mit Kunden in Kontakt bleiben und andere gesch\u00e4ftlichen Herausforderungen l\u00f6sen. <\/p> \n\n<p>Unsere Team liefert vielgestaltig Preisoptionen: von kostenlos bis zu Premium. St\u00e4rken Ihre Website ohne Zusatzausgaben. <\/p>\n\n\n<h2>Warum brauchen viele Website-Betreibern unsere Plugins? <\/h2>\n\n<p>Schauen Sie sich die folgende Auflistung der speziellen Leistungen: <\/p> \n<ul>\n<li>Gratis Installationsunterst\u00fctzung des Plugins; <\/li>\n\n<li>V\u00f6llig responsive f\u00fcr jeden Bildschirm; <\/li>\n\n<li>Keine Programmierung; <\/li>\n\n<li>Eine gro\u00dfe Auswahl von anpassbare und fertige Templates; <\/li>\n\n<li>Einfach zu bedienende Konfigurator; <\/li>\n\n<li>Die Cloud-Services f\u00fcr hoher Ladegeschwindigkeit; <\/li> \n\n<li>Die regul\u00e4re automatische Updates; <\/li> \n\n<li>Hochqualifizierte Hilfe von kompetent Elfsight Team. <\/li> \n<\/ul>\n\n<p>Zugreifen Sie mit kostenfreien Plugin. Entdecken Sie alle Potenzial oder erwerben Sie ausgew\u00e4hlte App mit 20% Skonto. <\/p> \n\n<h2>Wie kann man ein Plugin auf WordPress Page Builder  Website installieren? <\/h2> \n<p>Um ein Werkzeug auf der Web-Seite hinzuzuf\u00fcgen, lesen Sie einfach die folgenden Anweisungen: <\/p>\n<ol>\n<li>Beschlie\u00dfen Sie das gew\u00fcnscht Plugin und w\u00e4hlen Sie die entsprechenden Einstellungen. Klicken Sie auf Speichern. <\/li> \n\n<li>Kopieren und f\u00fcgen Sie den Code hinzu um das Plugin auf Ihrer Website zu installieren. <\/li>\n\n<li>Fertig! Sie haben das Werkzeug erfolgreich auf der WordPress Page Builder  Site eingebunden. <\/li>\n<\/ol>\n<p>Falls Sie eine kostenlose Empfehlung bed\u00fcrfen, um das Plugin zu installieren, dann unserer Support Team ist immer gl\u00fccklich, Ihnen zu helfen. <\/p>\n","protected":false},"excerpt":{"rendered":"\u00dcber 9 Jahre hat Elfsight viele v\u00f6llig intuitiven und smart Werkzeuge f\u00fcr WordPress Page Builder Webseiten realisiert. Mit Hilfe unserer Plugins k\u00f6nnen Sie viel mehr Leads sammeln, den Ruf der Marke verbessern, jederzeit \u00fcber Chats mit Kunden in Kontakt bleiben und andere gesch\u00e4ftlichen Herausforderungen l\u00f6sen. Unsere Team liefert vielgestaltig Preisoptionen:&#8230;","protected":false},"author":11,"featured_media":0,"parent":0,"menu_order":0,"comment_status":"closed","ping_status":"closed","template":"templates\/template-platform.php","meta":{"publish_to_discourse":"","publish_post_category":"","wpdc_auto_publish_overridden":"","wpdc_topic_tags":"","wpdc_pin_topic":"","wpdc_pin_until":"","discourse_post_id":"","discourse_permalink":"","wpdc_publishing_response":"","wpdc_publishing_error":"","footnotes":""},"class_list":["post-3138","page","type-page","status-publish","hentry"],"yoast_head":"<!-- This site is optimized with the Yoast SEO plugin v25.3.1 - https:\/\/yoast.com\/wordpress\/plugins\/seo\/ -->\n<title>Die mobile-freundlichen Plugins f\u00fcr Ihre Thrive Architect Website (2025)<\/title>\n<meta name=\"description\" content=\"Eine Vielfalt von kostenlosen Plugins besonders f\u00fcr Ihre WordPress Page Web-Seiten. Hilfe zu der Personalisierung und unbeschr\u00e4nkte Anzahl von Features.\" \/>\n<meta name=\"robots\" content=\"index, follow, max-snippet:-1, max-image-preview:large, max-video-preview:-1\" \/>\n<link rel=\"canonical\" href=\"https:\/\/elfsight.com\/de\/wordpress-page-builder-plugins\/\" \/>\n<meta property=\"og:locale\" content=\"de_DE\" \/>\n<meta property=\"og:type\" content=\"article\" \/>\n<meta property=\"og:title\" content=\"Die mobile-freundlichen Plugins f\u00fcr Ihre Thrive Architect Website (2025)\" \/>\n<meta property=\"og:description\" content=\"Eine Vielfalt von kostenlosen Plugins besonders f\u00fcr Ihre WordPress Page Web-Seiten. Hilfe zu der Personalisierung und unbeschr\u00e4nkte Anzahl von Features.\" \/>\n<meta property=\"og:url\" content=\"https:\/\/elfsight.com\/de\/wordpress-page-builder-plugins\/\" \/>\n<meta property=\"og:site_name\" content=\"Elfsight DE\" \/>\n<meta property=\"article:modified_time\" content=\"2020-10-13T15:34:24+00:00\" \/>\n<meta name=\"twitter:card\" content=\"summary_large_image\" \/>\n<meta name=\"twitter:label1\" content=\"Gesch\u00e4tzte Lesezeit\" \/>\n\t<meta name=\"twitter:data1\" content=\"1\u00a0Minute\" \/>\n<!-- \/ Yoast SEO plugin. -->","yoast_head_json":{"title":"Die mobile-freundlichen Plugins f\u00fcr Ihre Thrive Architect Website (2025)","description":"Eine Vielfalt von kostenlosen Plugins besonders f\u00fcr Ihre WordPress Page Web-Seiten. Hilfe zu der Personalisierung und unbeschr\u00e4nkte Anzahl von Features.","robots":{"index":"index","follow":"follow","max-snippet":"max-snippet:-1","max-image-preview":"max-image-preview:large","max-video-preview":"max-video-preview:-1"},"canonical":"https:\/\/elfsight.com\/de\/wordpress-page-builder-plugins\/","og_locale":"de_DE","og_type":"article","og_title":"Die mobile-freundlichen Plugins f\u00fcr Ihre Thrive Architect Website (2025)","og_description":"Eine Vielfalt von kostenlosen Plugins besonders f\u00fcr Ihre WordPress Page Web-Seiten. Hilfe zu der Personalisierung und unbeschr\u00e4nkte Anzahl von Features.","og_url":"https:\/\/elfsight.com\/de\/wordpress-page-builder-plugins\/","og_site_name":"Elfsight DE","article_modified_time":"2020-10-13T15:34:24+00:00","twitter_card":"summary_large_image","twitter_misc":{"Gesch\u00e4tzte Lesezeit":"1\u00a0Minute"},"schema":{"@context":"https:\/\/schema.org","@graph":[{"@type":"WebPage","@id":"https:\/\/elfsight.com\/de\/wordpress-page-builder-plugins\/","url":"https:\/\/elfsight.com\/de\/wordpress-page-builder-plugins\/","name":"Die mobile-freundlichen Plugins f\u00fcr Ihre Thrive Architect Website (2025)","isPartOf":{"@id":"https:\/\/elfsight.com\/de\/#website"},"datePublished":"2020-09-17T13:30:40+00:00","dateModified":"2020-10-13T15:34:24+00:00","description":"Eine Vielfalt von kostenlosen Plugins besonders f\u00fcr Ihre WordPress Page Web-Seiten. Hilfe zu der Personalisierung und unbeschr\u00e4nkte Anzahl von Features.","breadcrumb":{"@id":"https:\/\/elfsight.com\/de\/wordpress-page-builder-plugins\/#breadcrumb"},"inLanguage":"de","potentialAction":[{"@type":"ReadAction","target":["https:\/\/elfsight.com\/de\/wordpress-page-builder-plugins\/"]}]},{"@type":"BreadcrumbList","@id":"https:\/\/elfsight.com\/de\/wordpress-page-builder-plugins\/#breadcrumb","itemListElement":[{"@type":"ListItem","position":1,"name":"Home","item":"https:\/\/elfsight.com\/de\/"},{"@type":"ListItem","position":2,"name":"WordPress Page Builder Plugins"}]},{"@type":"WebSite","@id":"https:\/\/elfsight.com\/de\/#website","url":"https:\/\/elfsight.com\/de\/","name":"Elfsight DE","description":"Just another Elfsight Sites site","potentialAction":[{"@type":"SearchAction","target":{"@type":"EntryPoint","urlTemplate":"https:\/\/elfsight.com\/de\/?s={search_term_string}"},"query-input":{"@type":"PropertyValueSpecification","valueRequired":true,"valueName":"search_term_string"}}],"inLanguage":"de"}]}},"meta_box":{"industry":"","seo_heading":"","heading":"","description":"","cta_heading":"","cta_description":"","application":"","h1":"Beste gebrauchsfertige L\u00f6sungen f\u00fcr Ihre WordPress Page Builder Web-Seite","h1_caption":"Dies ist die \u00dcbersicht von schl\u00fcsselfertigen Apps f\u00fcr Internetseite, um Ihre Umsatz zu steigern und andere wirtschaftliche Zweck zu erreichen. Die Plugins kann m\u00fchelos benutzerdefiniert und hinzugef\u00fcgt werden. Die Kompanie erm\u00f6glicht die unbegrenzte Anzahl von Features und die sch\u00f6nste technische Support f\u00fcr alle Klienten.","application_category":[],"applications_title":"Erproben Sie alle hochwertigen kostenfreien WordPress Page Builder Bedienelemente von der Vielfalt:","applications_request_title":"K\u00f6nnen Sie kein Plugin finden, das Sie ben\u00f6tigen?","applications_request_button_text":"Fordern Sie ein Plugin an","hero_text":"","hero_video":"","hero_video_schema_markup":"","selling_points_title":"","selling_points_caption":"","selling_points":[],"selling_points_cta_text":"","features_title":"","features":"","ed_cta_examples_text":"","ed_cta_examples_hidden":"","ed_cta_demo_text":"","ed_cta_demo_hidden":"","why_caption":"","why_editor_title":"","why_editor_text":"","why_team_title":"","why_team_text":"","why_service_title":"","why_service_text":"","template_catalog_visible":"","template_catalog_title":"","template_catalog_text":"","template_catalog_categories_visible":"","demo_title":"","demo_caption":"","default_faq_hidden":"","app_template_category":[],"platform":"2995","template_public_id":"","codecanyon_url":"","codecanyon_item_id":"","codecanyon_price":"","pricing_caption":"","pricing_elfsight_apps_hide_column":"","pricing_elfsight_apps_url":"","pricing_codecanyon_price_caption":"","integration_category":[],"integration_request_title":"","integration_request_cta":"","integration_platform":"","integrations":[],"platform_category":[],"video_schema_markup":"","price":"","trial":"","benefits":[],"button_url":"","button_target_blank":"","button_nofollow":"","attributes":[],"tags":[],"tags_disable_links":"","hide_more_platforms":"","video_object":"","demo_hide_cta":"","demo_hide_cloud_options":"","pricing_title":"","pricing":[],"related_apps_title":"","related_apps_hidden":"","author":"","image":[],"title":"","job":"","social_networks":[]},"_links":{"self":[{"href":"https:\/\/elfsight.com\/de\/wp-json\/wp\/v2\/pages\/3138","targetHints":{"allow":["GET"]}}],"collection":[{"href":"https:\/\/elfsight.com\/de\/wp-json\/wp\/v2\/pages"}],"about":[{"href":"https:\/\/elfsight.com\/de\/wp-json\/wp\/v2\/types\/page"}],"author":[{"embeddable":true,"href":"https:\/\/elfsight.com\/de\/wp-json\/wp\/v2\/users\/11"}],"replies":[{"embeddable":true,"href":"https:\/\/elfsight.com\/de\/wp-json\/wp\/v2\/comments?post=3138"}],"version-history":[{"count":3,"href":"https:\/\/elfsight.com\/de\/wp-json\/wp\/v2\/pages\/3138\/revisions"}],"predecessor-version":[{"id":3141,"href":"https:\/\/elfsight.com\/de\/wp-json\/wp\/v2\/pages\/3138\/revisions\/3141"}],"wp:attachment":[{"href":"https:\/\/elfsight.com\/de\/wp-json\/wp\/v2\/media?parent=3138"}],"curies":[{"name":"wp","href":"https:\/\/api.w.org\/{rel}","templated":true}]}}