{"id":3135,"date":"2020-09-17T13:24:16","date_gmt":"2020-09-17T13:24:16","guid":{"rendered":"https:\/\/elfsight.com\/de\/?page_id=3135"},"modified":"2020-10-13T15:35:17","modified_gmt":"2020-10-13T15:35:17","slug":"thrive-architect-widgets","status":"publish","type":"page","link":"https:\/\/elfsight.com\/de\/thrive-architect-widgets\/","title":{"rendered":"Thrive Architect Widgets"},"content":{"rendered":"\n<p>F\u00fcr viele Jahre hat Elfsight Kompanie viele absolut effizienten und mobil-freundlichen Werkzeuge f\u00fcr Thrive Architect Websites gestellt. Mit Hilfe unserer Widgets k\u00f6nnen Sie den Umsatz steigern, die Anzahl Ihrer Follower erh\u00f6hen, Kundenbewertungen aus sozialen Medien anzeigen und andere gesch\u00e4ftlichen Herausforderungen l\u00f6sen. <\/p> \n\n<p>Unsere Team verschafft eine breite Vielfalt von Preisoptionen: von gratis bis zu Premium. Ausbauen Ihre Website-Funktionalit\u00e4t ohne Zusatzkosten. <\/p>\n\n\n<h2>Warum lieben viele Website-Inhaber unsere Widgets? <\/h2>\n\n<p> Lesen Sie die anschlie\u00dfende Liste der bestimmten Funktionen: <\/p> \n<ul>\n<li>Gratis Installationsunterst\u00fctzung des Widgets; <\/li>\n\n<li>V\u00f6llig responsive f\u00fcr jedes Ger\u00e4t; <\/li>\n\n<li>Keine \u0421odierung; <\/li>\n\n<li>Eine Vielzahl von anpassbare und benutzerfreundliche Schablonen; <\/li>\n\n<li>M\u00fchelose Konfigurator; <\/li>\n\n<li>Die Cloud-L\u00f6sungen f\u00fcr hoher Ladegeschwindigkeit; <\/li> \n\n<li>Die regelm\u00e4\u00dfige automatische Aktualisierung; <\/li> \n\n<li>Professionelle Hilfe von freuflichen Elfsight Team. <\/li> \n<\/ul>\n\n<p>Starten Sie mit gratis Plan. Schauen Sie alle Funktionen oder erwerben Sie richtiges Widget mit 20% Skonto. <\/p> \n\n<h2>Wie kann man ein Widget auf Thrive Architect Website einf\u00fcgen? <\/h2> \n<p>Um ein Werkzeug auf der Website zu integrieren, lesen Sie einfach die folgenden Anweisungen: <\/p>\n<ol>\n<li>W\u00e4hlen Sie das optimal Werkzeug und \u00e4ndern Sie die Einstellungen. Speichern Sie die \u00c4nderungen. <\/li> \n\n<li>Kopieren und f\u00fcgen Sie den Code hinzu um das Widget auf Ihrer Website einzubetten. <\/li>\n\n<li>Fertig! Sie haben das App erfolgreich auf der Thrive Architect Site hinzugef\u00fcgt. <\/li>\n<\/ol>\n<p>Wenn Sie eine kostenfreie Empfehlung bed\u00fcrfen, um das Widget zu integrieren, dann unserer Unterst\u00fctzungsteam ist immer gl\u00fccklich, Ihnen zu helfen. <\/p>\n","protected":false},"excerpt":{"rendered":"F\u00fcr viele Jahre hat Elfsight Kompanie viele absolut effizienten und mobil-freundlichen Werkzeuge f\u00fcr Thrive Architect Websites gestellt. Mit Hilfe unserer Widgets k\u00f6nnen Sie den Umsatz steigern, die Anzahl Ihrer Follower erh\u00f6hen, Kundenbewertungen aus sozialen Medien anzeigen und andere gesch\u00e4ftlichen Herausforderungen l\u00f6sen. Unsere Team verschafft eine breite Vielfalt von Preisoptionen: von&#8230;","protected":false},"author":11,"featured_media":0,"parent":0,"menu_order":0,"comment_status":"closed","ping_status":"closed","template":"templates\/template-platform.php","meta":{"publish_to_discourse":"","publish_post_category":"","wpdc_auto_publish_overridden":"","wpdc_topic_tags":"","wpdc_pin_topic":"","wpdc_pin_until":"","discourse_post_id":"","discourse_permalink":"","wpdc_publishing_response":"","wpdc_publishing_error":"","footnotes":""},"class_list":["post-3135","page","type-page","status-publish","hentry"],"yoast_head":"<!-- This site is optimized with the Yoast SEO plugin v25.3.1 - https:\/\/yoast.com\/wordpress\/plugins\/seo\/ -->\n<title>Die mobile-freundlichen Widgets f\u00fcr Ihre Thrive Architect Website (2025)<\/title>\n<meta name=\"description\" content=\"Eine Auflistung von kostenfreien Widgets besonders f\u00fcr Ihre Websites. Hilfe bei der Individualisierung und unbeschr\u00e4nkte Reihe von Merkmalen.\" \/>\n<meta name=\"robots\" content=\"index, follow, max-snippet:-1, max-image-preview:large, max-video-preview:-1\" \/>\n<link rel=\"canonical\" href=\"https:\/\/elfsight.com\/de\/thrive-architect-widgets\/\" \/>\n<meta property=\"og:locale\" content=\"de_DE\" \/>\n<meta property=\"og:type\" content=\"article\" \/>\n<meta property=\"og:title\" content=\"Die mobile-freundlichen Widgets f\u00fcr Ihre Thrive Architect Website (2025)\" \/>\n<meta property=\"og:description\" content=\"Eine Auflistung von kostenfreien Widgets besonders f\u00fcr Ihre Websites. Hilfe bei der Individualisierung und unbeschr\u00e4nkte Reihe von Merkmalen.\" \/>\n<meta property=\"og:url\" content=\"https:\/\/elfsight.com\/de\/thrive-architect-widgets\/\" \/>\n<meta property=\"og:site_name\" content=\"Elfsight DE\" \/>\n<meta property=\"article:modified_time\" content=\"2020-10-13T15:35:17+00:00\" \/>\n<meta name=\"twitter:card\" content=\"summary_large_image\" \/>\n<meta name=\"twitter:label1\" content=\"Gesch\u00e4tzte Lesezeit\" \/>\n\t<meta name=\"twitter:data1\" content=\"1\u00a0Minute\" \/>\n<!-- \/ Yoast SEO plugin. -->","yoast_head_json":{"title":"Die mobile-freundlichen Widgets f\u00fcr Ihre Thrive Architect Website (2025)","description":"Eine Auflistung von kostenfreien Widgets besonders f\u00fcr Ihre Websites. Hilfe bei der Individualisierung und unbeschr\u00e4nkte Reihe von Merkmalen.","robots":{"index":"index","follow":"follow","max-snippet":"max-snippet:-1","max-image-preview":"max-image-preview:large","max-video-preview":"max-video-preview:-1"},"canonical":"https:\/\/elfsight.com\/de\/thrive-architect-widgets\/","og_locale":"de_DE","og_type":"article","og_title":"Die mobile-freundlichen Widgets f\u00fcr Ihre Thrive Architect Website (2025)","og_description":"Eine Auflistung von kostenfreien Widgets besonders f\u00fcr Ihre Websites. Hilfe bei der Individualisierung und unbeschr\u00e4nkte Reihe von Merkmalen.","og_url":"https:\/\/elfsight.com\/de\/thrive-architect-widgets\/","og_site_name":"Elfsight DE","article_modified_time":"2020-10-13T15:35:17+00:00","twitter_card":"summary_large_image","twitter_misc":{"Gesch\u00e4tzte Lesezeit":"1\u00a0Minute"},"schema":{"@context":"https:\/\/schema.org","@graph":[{"@type":"WebPage","@id":"https:\/\/elfsight.com\/de\/thrive-architect-widgets\/","url":"https:\/\/elfsight.com\/de\/thrive-architect-widgets\/","name":"Die mobile-freundlichen Widgets f\u00fcr Ihre Thrive Architect Website (2025)","isPartOf":{"@id":"https:\/\/elfsight.com\/de\/#website"},"datePublished":"2020-09-17T13:24:16+00:00","dateModified":"2020-10-13T15:35:17+00:00","description":"Eine Auflistung von kostenfreien Widgets besonders f\u00fcr Ihre Websites. Hilfe bei der Individualisierung und unbeschr\u00e4nkte Reihe von Merkmalen.","breadcrumb":{"@id":"https:\/\/elfsight.com\/de\/thrive-architect-widgets\/#breadcrumb"},"inLanguage":"de","potentialAction":[{"@type":"ReadAction","target":["https:\/\/elfsight.com\/de\/thrive-architect-widgets\/"]}]},{"@type":"BreadcrumbList","@id":"https:\/\/elfsight.com\/de\/thrive-architect-widgets\/#breadcrumb","itemListElement":[{"@type":"ListItem","position":1,"name":"Home","item":"https:\/\/elfsight.com\/de\/"},{"@type":"ListItem","position":2,"name":"Thrive Architect Widgets"}]},{"@type":"WebSite","@id":"https:\/\/elfsight.com\/de\/#website","url":"https:\/\/elfsight.com\/de\/","name":"Elfsight DE","description":"Just another Elfsight Sites site","potentialAction":[{"@type":"SearchAction","target":{"@type":"EntryPoint","urlTemplate":"https:\/\/elfsight.com\/de\/?s={search_term_string}"},"query-input":{"@type":"PropertyValueSpecification","valueRequired":true,"valueName":"search_term_string"}}],"inLanguage":"de"}]}},"meta_box":{"industry":"","seo_heading":"","heading":"","description":"","cta_heading":"","cta_description":"","application":"","h1":"Optimale mobilfreundliche L\u00f6sungen f\u00fcr Ihre Thrive Architect Web-Seite","h1_caption":"Dies ist die Sammlung von hochwertigen Bedienelemente f\u00fcr Web-Seite, um Ihre Verk\u00e4ufe zu verbessern und unterschiedliche gewerbliche Ziele zu erlangen. Alle Widgets kann einfach angepasst und installiert werden. Unsere Kompanie bereitstellt die unbegrenzte Anzahl von Funktionen und die beste technische Unterst\u00fctzung f\u00fcr alle Benutzer.","application_category":[],"applications_title":"Entdecken Sie alle problemlosen kostenlosen Thrive Architect L\u00f6sungen auf der Sammlung:","applications_request_title":"K\u00f6nnen Sie kein Widget finden, das Sie ben\u00f6tigen?","applications_request_button_text":"Fordern Sie ein Widget an","hero_text":"","hero_video":"","hero_video_schema_markup":"","selling_points_title":"","selling_points_caption":"","selling_points":[],"selling_points_cta_text":"","features_title":"","features":"","ed_cta_examples_text":"","ed_cta_examples_hidden":"","ed_cta_demo_text":"","ed_cta_demo_hidden":"","why_caption":"","why_editor_title":"","why_editor_text":"","why_team_title":"","why_team_text":"","why_service_title":"","why_service_text":"","template_catalog_visible":"","template_catalog_title":"","template_catalog_text":"","template_catalog_categories_visible":"","demo_title":"","demo_caption":"","default_faq_hidden":"","app_template_category":[],"platform":"","template_public_id":"","codecanyon_url":"","codecanyon_item_id":"","codecanyon_price":"","pricing_caption":"","pricing_elfsight_apps_hide_column":"","pricing_elfsight_apps_url":"","pricing_codecanyon_price_caption":"","integration_category":[],"integration_request_title":"","integration_request_cta":"","integration_platform":"","integrations":[],"platform_category":[],"video_schema_markup":"","price":"","trial":"","benefits":[],"button_url":"","button_target_blank":"","button_nofollow":"","attributes":[],"tags":[],"tags_disable_links":"","hide_more_platforms":"","video_object":"","demo_hide_cta":"","demo_hide_cloud_options":"","pricing_title":"","pricing":[],"related_apps_title":"","related_apps_hidden":"","author":"","image":[],"title":"","job":"","social_networks":[]},"_links":{"self":[{"href":"https:\/\/elfsight.com\/de\/wp-json\/wp\/v2\/pages\/3135","targetHints":{"allow":["GET"]}}],"collection":[{"href":"https:\/\/elfsight.com\/de\/wp-json\/wp\/v2\/pages"}],"about":[{"href":"https:\/\/elfsight.com\/de\/wp-json\/wp\/v2\/types\/page"}],"author":[{"embeddable":true,"href":"https:\/\/elfsight.com\/de\/wp-json\/wp\/v2\/users\/11"}],"replies":[{"embeddable":true,"href":"https:\/\/elfsight.com\/de\/wp-json\/wp\/v2\/comments?post=3135"}],"version-history":[{"count":2,"href":"https:\/\/elfsight.com\/de\/wp-json\/wp\/v2\/pages\/3135\/revisions"}],"predecessor-version":[{"id":3137,"href":"https:\/\/elfsight.com\/de\/wp-json\/wp\/v2\/pages\/3135\/revisions\/3137"}],"wp:attachment":[{"href":"https:\/\/elfsight.com\/de\/wp-json\/wp\/v2\/media?parent=3135"}],"curies":[{"name":"wp","href":"https:\/\/api.w.org\/{rel}","templated":true}]}}