{"id":3125,"date":"2020-09-17T13:10:51","date_gmt":"2020-09-17T13:10:51","guid":{"rendered":"https:\/\/elfsight.com\/de\/?page_id=3125"},"modified":"2020-09-23T12:10:57","modified_gmt":"2020-09-23T12:10:57","slug":"beaver-builder-plugins","status":"publish","type":"page","link":"https:\/\/elfsight.com\/de\/beaver-builder-plugins\/","title":{"rendered":"Beaver Builder Plugins"},"content":{"rendered":"\n<p>\u00dcber viele Jahre hat Elfsight viele absolut passenden und mobil-freundlichen Werkzeuge f\u00fcr Beaver Builder Webseiten gebaut. Mit Hilfe dieser Widgets k\u00f6nnen Sie viel mehr Leads sammeln, die Qualit\u00e4t des Kundensupports verbessern, jederzeit \u00fcber Chats mit Kunden in Kontakt bleiben und andere unternehmerischen Herausforderungen l\u00f6sen. <\/p> \n\n<p>Elfsight Team bietet vielgestaltig Peiswahlen: von kostenlos bis zu Premium. Anreichern Ihre Website-Funktionalit\u00e4t ohne Mehrkosten. <\/p>\n\n\n<h2>Was macht unsere Beaver Builder-L\u00f6sungen so speziell? <\/h2>\n\n<p>Hier sind die nachstehende Serie der wesentlichen Merkmale: <\/p> \n<ul>\n<li> Kostenfreier Installation-Support des Widgets; <\/li>\n\n<li>Voll reaktionsschnelle f\u00fcr jedes Ger\u00e4t; <\/li>\n\n<li>Ohne Codierung; <\/li>\n\n<li>Eine gro\u00dfe Auswahl von anpassbare und benutzerfreundliche Schablonen; <\/li>\n\n<li>Intuitive Konfigurator; <\/li>\n\n<li>Die Cloud-Services f\u00fcr hoher Ladegeschwindigkeit; <\/li> \n\n<li>Die regul\u00e4re automatische Updat; <\/li> \n\n<li>Hochqualifizierte Hilfe von kompetent Elfsight Team. <\/li> \n<\/ul>\n\n<p> Probieren Sie mit kostenlosen Version. Zeigen Sie alle Potenzial oder bekommen Sie jedes App mit 20% Erm\u00e4ssigung. <\/p> \n\n<h2>Wie kann ich ein Plugin auf Beaver Builder Website installieren? <\/h2> \n<p>Um ein Werkzeug auf der Web-Seite zu integrieren, lesen Sie einfach die folgenden Anweisungen: <\/p>\n<ol>\n<li>Bestimmen Sie das gew\u00fcnscht Plugin und passen Sie es an. Speichern Sie die \u00c4nderungen. <\/li> \n\n<li>Kopieren und f\u00fcgen Sie den Code hinzu um das Plugin auf Ihrer Seite einzubinden. <\/li>\n\n<li>Vollbracht! Sie haben das Plugin erfolgreich auf der Beaver Builder Site installiert. <\/li>\n<\/ol>\n<p>Wenn Sie eine kostenlose Unterst\u00fctzung ben\u00f6tigen, um das Widget zu installieren, dann k\u00f6nnen Sie sich unseren hochqualifizierten Elfsight Support wenden. <\/p>\n","protected":false},"excerpt":{"rendered":"\u00dcber viele Jahre hat Elfsight viele absolut passenden und mobil-freundlichen Werkzeuge f\u00fcr Beaver Builder Webseiten gebaut. Mit Hilfe dieser Widgets k\u00f6nnen Sie viel mehr Leads sammeln, die Qualit\u00e4t des Kundensupports verbessern, jederzeit \u00fcber Chats mit Kunden in Kontakt bleiben und andere unternehmerischen Herausforderungen l\u00f6sen. Elfsight Team bietet vielgestaltig Peiswahlen: von&#8230;","protected":false},"author":11,"featured_media":0,"parent":0,"menu_order":0,"comment_status":"closed","ping_status":"closed","template":"templates\/template-platform.php","meta":{"publish_to_discourse":"","publish_post_category":"","wpdc_auto_publish_overridden":"","wpdc_topic_tags":"","wpdc_pin_topic":"","wpdc_pin_until":"","discourse_post_id":"","discourse_permalink":"","wpdc_publishing_response":"","wpdc_publishing_error":"","footnotes":""},"class_list":["post-3125","page","type-page","status-publish","hentry"],"yoast_head":"<!-- This site is optimized with the Yoast SEO plugin v25.3.1 - https:\/\/yoast.com\/wordpress\/plugins\/seo\/ -->\n<title>Die mobile-freundlichen Plugins f\u00fcr Ihre BeaverBuilder Website (2025)<\/title>\n<meta name=\"description\" content=\"Eine Serie von erstklassigen gratis Werkzeuge gerade f\u00fcr Ihre Beaver Builder Seiten. Hilfe bei der Kundenbezogenheit und unbeschr\u00e4nkte Reihe von Merkmalen.\" \/>\n<meta name=\"robots\" content=\"index, follow, max-snippet:-1, max-image-preview:large, max-video-preview:-1\" \/>\n<link rel=\"canonical\" href=\"https:\/\/elfsight.com\/de\/beaver-builder-plugins\/\" \/>\n<meta property=\"og:locale\" content=\"de_DE\" \/>\n<meta property=\"og:type\" content=\"article\" \/>\n<meta property=\"og:title\" content=\"Die mobile-freundlichen Plugins f\u00fcr Ihre BeaverBuilder Website (2025)\" \/>\n<meta property=\"og:description\" content=\"Eine Serie von erstklassigen gratis Werkzeuge gerade f\u00fcr Ihre Beaver Builder Seiten. Hilfe bei der Kundenbezogenheit und unbeschr\u00e4nkte Reihe von Merkmalen.\" \/>\n<meta property=\"og:url\" content=\"https:\/\/elfsight.com\/de\/beaver-builder-plugins\/\" \/>\n<meta property=\"og:site_name\" content=\"Elfsight DE\" \/>\n<meta property=\"article:modified_time\" content=\"2020-09-23T12:10:57+00:00\" \/>\n<meta name=\"twitter:card\" content=\"summary_large_image\" \/>\n<meta name=\"twitter:label1\" content=\"Gesch\u00e4tzte Lesezeit\" \/>\n\t<meta name=\"twitter:data1\" content=\"1\u00a0Minute\" \/>\n<!-- \/ Yoast SEO plugin. -->","yoast_head_json":{"title":"Die mobile-freundlichen Plugins f\u00fcr Ihre BeaverBuilder Website (2025)","description":"Eine Serie von erstklassigen gratis Werkzeuge gerade f\u00fcr Ihre Beaver Builder Seiten. Hilfe bei der Kundenbezogenheit und unbeschr\u00e4nkte Reihe von Merkmalen.","robots":{"index":"index","follow":"follow","max-snippet":"max-snippet:-1","max-image-preview":"max-image-preview:large","max-video-preview":"max-video-preview:-1"},"canonical":"https:\/\/elfsight.com\/de\/beaver-builder-plugins\/","og_locale":"de_DE","og_type":"article","og_title":"Die mobile-freundlichen Plugins f\u00fcr Ihre BeaverBuilder Website (2025)","og_description":"Eine Serie von erstklassigen gratis Werkzeuge gerade f\u00fcr Ihre Beaver Builder Seiten. Hilfe bei der Kundenbezogenheit und unbeschr\u00e4nkte Reihe von Merkmalen.","og_url":"https:\/\/elfsight.com\/de\/beaver-builder-plugins\/","og_site_name":"Elfsight DE","article_modified_time":"2020-09-23T12:10:57+00:00","twitter_card":"summary_large_image","twitter_misc":{"Gesch\u00e4tzte Lesezeit":"1\u00a0Minute"},"schema":{"@context":"https:\/\/schema.org","@graph":[{"@type":"WebPage","@id":"https:\/\/elfsight.com\/de\/beaver-builder-plugins\/","url":"https:\/\/elfsight.com\/de\/beaver-builder-plugins\/","name":"Die mobile-freundlichen Plugins f\u00fcr Ihre BeaverBuilder Website (2025)","isPartOf":{"@id":"https:\/\/elfsight.com\/de\/#website"},"datePublished":"2020-09-17T13:10:51+00:00","dateModified":"2020-09-23T12:10:57+00:00","description":"Eine Serie von erstklassigen gratis Werkzeuge gerade f\u00fcr Ihre Beaver Builder Seiten. Hilfe bei der Kundenbezogenheit und unbeschr\u00e4nkte Reihe von Merkmalen.","breadcrumb":{"@id":"https:\/\/elfsight.com\/de\/beaver-builder-plugins\/#breadcrumb"},"inLanguage":"de","potentialAction":[{"@type":"ReadAction","target":["https:\/\/elfsight.com\/de\/beaver-builder-plugins\/"]}]},{"@type":"BreadcrumbList","@id":"https:\/\/elfsight.com\/de\/beaver-builder-plugins\/#breadcrumb","itemListElement":[{"@type":"ListItem","position":1,"name":"Home","item":"https:\/\/elfsight.com\/de\/"},{"@type":"ListItem","position":2,"name":"Beaver Builder Plugins"}]},{"@type":"WebSite","@id":"https:\/\/elfsight.com\/de\/#website","url":"https:\/\/elfsight.com\/de\/","name":"Elfsight DE","description":"Just another Elfsight Sites site","potentialAction":[{"@type":"SearchAction","target":{"@type":"EntryPoint","urlTemplate":"https:\/\/elfsight.com\/de\/?s={search_term_string}"},"query-input":{"@type":"PropertyValueSpecification","valueRequired":true,"valueName":"search_term_string"}}],"inLanguage":"de"}]}},"meta_box":{"industry":"","seo_heading":"","heading":"","description":"","cta_heading":"","cta_description":"","application":"","h1":"Perfekte reaktionsschnelle Werkzeuge f\u00fcr Ihre Beaver Builder Webseite","h1_caption":"Dies ist die Serie von besseren Widgets f\u00fcr Web-Seite, um Ihre Konversion zu st\u00e4rken und grundlegende gewerbliche Ziele zu erreichen. Alle Plugins kann leicht personalisiert und aktiviert werden. Unsere Kompanie bietet die grenzenlose Reihe von M\u00f6glichkeiten und die hochqualifizierte technische Support f\u00fcr alle Benutzer.","application_category":[],"applications_title":"Probieren Sie alle hochwertigen kostenfreien Beaver Builder Oberfl\u00e4chenelemente auf der \u00dcbersicht:","applications_request_title":"K\u00f6nnen Sie kein Plugin finden, das Sie ben\u00f6tigen?","applications_request_button_text":"Fordern Sie ein Plugin an","hero_text":"","hero_video":"","hero_video_schema_markup":"","selling_points_title":"","selling_points_caption":"","selling_points":[],"selling_points_cta_text":"","features_title":"","features":"","ed_cta_examples_text":"","ed_cta_examples_hidden":"","ed_cta_demo_text":"","ed_cta_demo_hidden":"","why_caption":"","why_editor_title":"","why_editor_text":"","why_team_title":"","why_team_text":"","why_service_title":"","why_service_text":"","template_catalog_visible":"","template_catalog_title":"","template_catalog_text":"","template_catalog_categories_visible":"","demo_title":"","demo_caption":"","default_faq_hidden":"","app_template_category":[],"platform":"2992","template_public_id":"","codecanyon_url":"","codecanyon_item_id":"","codecanyon_price":"","pricing_caption":"","pricing_elfsight_apps_hide_column":"","pricing_elfsight_apps_url":"","pricing_codecanyon_price_caption":"","integration_category":[],"integration_request_title":"","integration_request_cta":"","integration_platform":"","integrations":[],"platform_category":[],"video_schema_markup":"","price":"","trial":"","benefits":[],"button_url":"","button_target_blank":"","button_nofollow":"","attributes":[],"tags":[],"tags_disable_links":"","hide_more_platforms":"","video_object":"","demo_hide_cta":"","demo_hide_cloud_options":"","pricing_title":"","pricing":[],"related_apps_title":"","related_apps_hidden":"","author":"","image":[],"title":"","job":"","social_networks":[]},"_links":{"self":[{"href":"https:\/\/elfsight.com\/de\/wp-json\/wp\/v2\/pages\/3125","targetHints":{"allow":["GET"]}}],"collection":[{"href":"https:\/\/elfsight.com\/de\/wp-json\/wp\/v2\/pages"}],"about":[{"href":"https:\/\/elfsight.com\/de\/wp-json\/wp\/v2\/types\/page"}],"author":[{"embeddable":true,"href":"https:\/\/elfsight.com\/de\/wp-json\/wp\/v2\/users\/11"}],"replies":[{"embeddable":true,"href":"https:\/\/elfsight.com\/de\/wp-json\/wp\/v2\/comments?post=3125"}],"version-history":[{"count":2,"href":"https:\/\/elfsight.com\/de\/wp-json\/wp\/v2\/pages\/3125\/revisions"}],"predecessor-version":[{"id":3127,"href":"https:\/\/elfsight.com\/de\/wp-json\/wp\/v2\/pages\/3125\/revisions\/3127"}],"wp:attachment":[{"href":"https:\/\/elfsight.com\/de\/wp-json\/wp\/v2\/media?parent=3125"}],"curies":[{"name":"wp","href":"https:\/\/api.w.org\/{rel}","templated":true}]}}