{"id":312,"date":"2020-02-26T10:18:52","date_gmt":"2020-02-26T10:18:52","guid":{"rendered":"https:\/\/elfsight.com\/de\/?page_id=312"},"modified":"2020-09-16T14:00:15","modified_gmt":"2020-09-16T14:00:15","slug":"splash-extensions","status":"publish","type":"page","link":"https:\/\/elfsight.com\/de\/splash-extensions\/","title":{"rendered":"Splash extensions"},"content":{"rendered":"\n<p>Seit 9 Jahren hat Elfsight Team viele v\u00f6llig intuitiven und mobil-freundlichen Werkzeuge f\u00fcr Splash  Webseiten entworfen. Mit Hilfe Elfsight Plugins k\u00f6nnen Sie viel mehr Leads sammeln, den Ruf der Marke verbessern, jederzeit \u00fcber Chats mit Kunden in Kontakt bleiben und andere unternehmerischen Herausforderungen l\u00f6sen.<\/p> \n\n<p>Unsere Team liefert verschiedene Peiswahlen: von kostenfrei bis zu Premium. Erweitern Ihre Website-Funktionalit\u00e4t ohne Zusatzkosten.<\/p>\n\n\n<h2>Warum sind unsere Splash-Oberfl\u00e4chenelemente so au\u00dfergew\u00f6hnlich?<\/h2>\n\n<p>Schauen Sie sich die nachstehende Vielfalt der herausragenden Vorz\u00fcge:<\/p> \n<ul>\n<li> Gratis Installationsservice  des Widgets;<\/li>\n\n<li>Ganz ansprechbare f\u00fcr jeden Bildschirm; <\/li>\n\n<li>Keine \u0421odierung;<\/li>\n\n<li>Eine breite Palette von anpassbare und benutzerfreundliche Vorlagen;<\/li>\n\n<li>Benutzerfreundlicher Konfigurator;<\/li>\n\n<li>Die Cloud-Dienste f\u00fcr hoher Ladegeschwindigkeit; <\/li>                                                                                                                \n\n<li>Die regelm\u00e4\u00dfige automatische Aktualisierung;<\/li> \n\n<li>Professionelle Unterst\u00fctzung von kompetent Elfsight Team.<\/li> \n<\/ul>\n\n<p>Zugreifen  Sie mit kostenlosen Version. Schauen Sie alle Funktionen oder kaufen Sie richtiges Widget mit 20% Erm\u00e4ssigung. <\/p> \n\n<h2>Wie kann man ein Extension auf Splash Website integrieren?<\/h2> \n<p>Um ein Werkzeug auf der Website zu integrieren, sehen Sie einfach die folgenden Anweisungen|folgen Sie einfach den Schritten: <\/p>\n<ol>\n<li>Entdecken Sie das richtig Werkzeug und \u00e4ndern Sie die Einstellungen. Speichern Sie die \u00c4nderungen.<\/li> \n\n<li>F\u00fcgen Sie Code hinzu um das Extension auf Ihrer Webseite einzubetten. <\/li>\n\n<li>Plugin-Integrierung ist erfolgreich beendet!. <\/li>\n<\/ol>\n<p>Falls Sie eine kostenlose Hilfe ben\u00f6tigen, um das Widget einzubetten, dann unserer Unterst\u00fctzungsteam hilft Ihnen gerne weiter.<\/p>\n\n\n\n","protected":false},"excerpt":{"rendered":"Seit 9 Jahren hat Elfsight Team viele v\u00f6llig intuitiven und mobil-freundlichen Werkzeuge f\u00fcr Splash Webseiten entworfen. Mit Hilfe Elfsight Plugins k\u00f6nnen Sie viel mehr Leads sammeln, den Ruf der Marke verbessern, jederzeit \u00fcber Chats mit Kunden in Kontakt bleiben und andere unternehmerischen Herausforderungen l\u00f6sen. Unsere Team liefert verschiedene Peiswahlen: von&#8230;","protected":false},"author":11,"featured_media":0,"parent":0,"menu_order":0,"comment_status":"closed","ping_status":"closed","template":"templates\/template-platform.php","meta":{"publish_to_discourse":"","publish_post_category":"","wpdc_auto_publish_overridden":"","wpdc_topic_tags":"","wpdc_pin_topic":"","wpdc_pin_until":"","discourse_post_id":"","discourse_permalink":"","wpdc_publishing_response":"","wpdc_publishing_error":"","footnotes":""},"class_list":["post-312","page","type-page","status-publish","hentry"],"yoast_head":"<!-- This site is optimized with the Yoast SEO plugin v25.3.1 - https:\/\/yoast.com\/wordpress\/plugins\/seo\/ -->\n<title>Die besten kostenlosen Splach-Extensions f\u00fcr Ihre Website (2025<\/title>\n<meta name=\"description\" content=\"Eine \u00dcbersicht von bew\u00e4hrt gratis Werkzeuge eigens f\u00fcr Ihre Splash Seiten. Hilfe bei der Anpassung und unbeschr\u00e4nkte Reihe von Optionen.\" \/>\n<meta name=\"robots\" content=\"index, follow, max-snippet:-1, max-image-preview:large, max-video-preview:-1\" \/>\n<link rel=\"canonical\" href=\"https:\/\/elfsight.com\/de\/splash-extensions\/\" \/>\n<meta property=\"og:locale\" content=\"de_DE\" \/>\n<meta property=\"og:type\" content=\"article\" \/>\n<meta property=\"og:title\" content=\"Die besten kostenlosen Splach-Extensions f\u00fcr Ihre Website (2025\" \/>\n<meta property=\"og:description\" content=\"Eine \u00dcbersicht von bew\u00e4hrt gratis Werkzeuge eigens f\u00fcr Ihre Splash Seiten. Hilfe bei der Anpassung und unbeschr\u00e4nkte Reihe von Optionen.\" \/>\n<meta property=\"og:url\" content=\"https:\/\/elfsight.com\/de\/splash-extensions\/\" \/>\n<meta property=\"og:site_name\" content=\"Elfsight DE\" \/>\n<meta property=\"article:modified_time\" content=\"2020-09-16T14:00:15+00:00\" \/>\n<meta name=\"twitter:card\" content=\"summary_large_image\" \/>\n<meta name=\"twitter:label1\" content=\"Gesch\u00e4tzte Lesezeit\" \/>\n\t<meta name=\"twitter:data1\" content=\"1\u00a0Minute\" \/>\n<!-- \/ Yoast SEO plugin. -->","yoast_head_json":{"title":"Die besten kostenlosen Splach-Extensions f\u00fcr Ihre Website (2025","description":"Eine \u00dcbersicht von bew\u00e4hrt gratis Werkzeuge eigens f\u00fcr Ihre Splash Seiten. Hilfe bei der Anpassung und unbeschr\u00e4nkte Reihe von Optionen.","robots":{"index":"index","follow":"follow","max-snippet":"max-snippet:-1","max-image-preview":"max-image-preview:large","max-video-preview":"max-video-preview:-1"},"canonical":"https:\/\/elfsight.com\/de\/splash-extensions\/","og_locale":"de_DE","og_type":"article","og_title":"Die besten kostenlosen Splach-Extensions f\u00fcr Ihre Website (2025","og_description":"Eine \u00dcbersicht von bew\u00e4hrt gratis Werkzeuge eigens f\u00fcr Ihre Splash Seiten. Hilfe bei der Anpassung und unbeschr\u00e4nkte Reihe von Optionen.","og_url":"https:\/\/elfsight.com\/de\/splash-extensions\/","og_site_name":"Elfsight DE","article_modified_time":"2020-09-16T14:00:15+00:00","twitter_card":"summary_large_image","twitter_misc":{"Gesch\u00e4tzte Lesezeit":"1\u00a0Minute"},"schema":{"@context":"https:\/\/schema.org","@graph":[{"@type":"WebPage","@id":"https:\/\/elfsight.com\/de\/splash-extensions\/","url":"https:\/\/elfsight.com\/de\/splash-extensions\/","name":"Die besten kostenlosen Splach-Extensions f\u00fcr Ihre Website (2025","isPartOf":{"@id":"https:\/\/elfsight.com\/de\/#website"},"datePublished":"2020-02-26T10:18:52+00:00","dateModified":"2020-09-16T14:00:15+00:00","description":"Eine \u00dcbersicht von bew\u00e4hrt gratis Werkzeuge eigens f\u00fcr Ihre Splash Seiten. Hilfe bei der Anpassung und unbeschr\u00e4nkte Reihe von Optionen.","breadcrumb":{"@id":"https:\/\/elfsight.com\/de\/splash-extensions\/#breadcrumb"},"inLanguage":"de","potentialAction":[{"@type":"ReadAction","target":["https:\/\/elfsight.com\/de\/splash-extensions\/"]}]},{"@type":"BreadcrumbList","@id":"https:\/\/elfsight.com\/de\/splash-extensions\/#breadcrumb","itemListElement":[{"@type":"ListItem","position":1,"name":"Home","item":"https:\/\/elfsight.com\/de\/"},{"@type":"ListItem","position":2,"name":"Splash extensions"}]},{"@type":"WebSite","@id":"https:\/\/elfsight.com\/de\/#website","url":"https:\/\/elfsight.com\/de\/","name":"Elfsight DE","description":"Just another Elfsight Sites site","potentialAction":[{"@type":"SearchAction","target":{"@type":"EntryPoint","urlTemplate":"https:\/\/elfsight.com\/de\/?s={search_term_string}"},"query-input":{"@type":"PropertyValueSpecification","valueRequired":true,"valueName":"search_term_string"}}],"inLanguage":"de"}]}},"meta_box":{"industry":"","seo_heading":"","heading":"","description":"","cta_heading":"","cta_description":"","application":"","h1":"Effective reaktionsschnelle L\u00f6sungen f\u00fcr Ihre Splash Webseite","h1_caption":"Dies ist die Liste von hochwertigen Widgets f\u00fcr Webseite, um Ihre Kundenbindung zu f\u00f6rdern und wesentliche kommerzielle Ziele zu erzielen. Diese Plugins kann einfach adaptiert und eingebunden werden. Unsere Kompanie verschafft die unbegrenzte Anzahl von Merkmalen und die beeindruckende technische Hilfe f\u00fcr alle Benutzer.","application_category":[],"applications_title":"Versuchen Sie alle schl\u00fcsselfertigen kostenlosen Splash L\u00f6sungen in der Vielfalt:","applications_request_title":"Sie k\u00f6nnen das gew\u00fcnschte Extension nicht finden?","applications_request_button_text":"Fordern Sie ein Extension an","hero_text":"","hero_video":"","hero_video_schema_markup":"","selling_points_title":"","selling_points_caption":"","selling_points":[],"selling_points_cta_text":"","features_title":"","features":"","ed_cta_examples_text":"","ed_cta_examples_hidden":"","ed_cta_demo_text":"","ed_cta_demo_hidden":"","why_caption":"","why_editor_title":"","why_editor_text":"","why_team_title":"","why_team_text":"","why_service_title":"","why_service_text":"","template_catalog_visible":"","template_catalog_title":"","template_catalog_text":"","template_catalog_categories_visible":"","demo_title":"","demo_caption":"","default_faq_hidden":"","app_template_category":[],"platform":"227","template_public_id":"","codecanyon_url":"","codecanyon_item_id":"","codecanyon_price":"","pricing_caption":"","pricing_elfsight_apps_hide_column":"","pricing_elfsight_apps_url":"","pricing_codecanyon_price_caption":"","integration_category":[],"integration_request_title":"","integration_request_cta":"","integration_platform":"","integrations":[],"platform_category":[],"video_schema_markup":"","price":"","trial":"","benefits":[],"button_url":"","button_target_blank":"","button_nofollow":"","attributes":[],"tags":[],"tags_disable_links":"","hide_more_platforms":"","video_object":"","demo_hide_cta":"","demo_hide_cloud_options":"","pricing_title":"","pricing":[],"related_apps_title":"","related_apps_hidden":"","author":"","image":[],"title":"","job":"","social_networks":[]},"_links":{"self":[{"href":"https:\/\/elfsight.com\/de\/wp-json\/wp\/v2\/pages\/312","targetHints":{"allow":["GET"]}}],"collection":[{"href":"https:\/\/elfsight.com\/de\/wp-json\/wp\/v2\/pages"}],"about":[{"href":"https:\/\/elfsight.com\/de\/wp-json\/wp\/v2\/types\/page"}],"author":[{"embeddable":true,"href":"https:\/\/elfsight.com\/de\/wp-json\/wp\/v2\/users\/11"}],"replies":[{"embeddable":true,"href":"https:\/\/elfsight.com\/de\/wp-json\/wp\/v2\/comments?post=312"}],"version-history":[{"count":3,"href":"https:\/\/elfsight.com\/de\/wp-json\/wp\/v2\/pages\/312\/revisions"}],"predecessor-version":[{"id":3041,"href":"https:\/\/elfsight.com\/de\/wp-json\/wp\/v2\/pages\/312\/revisions\/3041"}],"wp:attachment":[{"href":"https:\/\/elfsight.com\/de\/wp-json\/wp\/v2\/media?parent=312"}],"curies":[{"name":"wp","href":"https:\/\/api.w.org\/{rel}","templated":true}]}}