{"id":3118,"date":"2020-09-17T12:52:41","date_gmt":"2020-09-17T12:52:41","guid":{"rendered":"https:\/\/elfsight.com\/de\/?page_id=3118"},"modified":"2020-10-13T15:35:40","modified_gmt":"2020-10-13T15:35:40","slug":"siteorigin-widgets","status":"publish","type":"page","link":"https:\/\/elfsight.com\/de\/siteorigin-widgets\/","title":{"rendered":"SiteOrigin Widgets"},"content":{"rendered":"\n<p>\u00dcber einige Jahre hat Elfsight Firma viele absolut benutzerfreundlichen und einfachen L\u00f6sungen f\u00fcr SiteOrigin Websites gestaltet. Mit Hilfe dieser Widgets k\u00f6nnen Sie viel mehr Leads sammeln, die Qualit\u00e4t des Kundensupports verbessern, jederzeit \u00fcber Chats mit Kunden in Kontakt bleiben und andere unternehmerischen Herausforderungen l\u00f6sen. <\/p> \n\n<p>Unsere Team offeriert verschiedene Preisoptionen: von gratis bis zu Premium. Verbessern Ihre Website ohne Zusatzkosten. <\/p>\n\n\n<h2>Warum geniessen viele Website-Eigent\u00fcmer unsere Widgets? <\/h2>\n\n<p>Finden Sie die folgende Liste der speziellen Vorteile: <\/p> \n<ul>\n<li> Kostenfreier Installationsservice des Widgets; <\/li>\n\n<li>Absolut reaktionsschnelle f\u00fcr jeden Bildschirm; <\/li>\n\n<li>Keine \u0421odierung; <\/li>\n\n<li>Eine gro\u00dfe Auswahl von anpassbare und einsatzf\u00e4hige Vorlagen; <\/li>\n\n<li>Intuitive Benutzeroberfl\u00e4che; <\/li>\n\n<li>Die Cloud-Services f\u00fcr hoher Ladegeschwindigkeit; <\/li> \n\n<li>Die regelm\u00e4\u00dfige automatische Updates; <\/li> \n\n<li>Fachliche Unterst\u00fctzung von erfahrenen Elfsight Team. <\/li> \n<\/ul>\n\n<p>Starten Sie mit kostenlosen Widget. Entdecken Sie alle Funktionen oder nutzen Sie richtiges Widget mit 20% Erm\u00e4ssigung. <\/p> \n\n<h2>Wie kann ich ein Widget auf SiteOrigin Website integrieren? <\/h2> \n<p>Um ein Widget auf der Website einzubinden, folgen Sie einfach den Schritten: <\/p>\n<ol>\n<li>Bestimmen Sie das richtig Werkzeug und w\u00e4hlen Sie die entsprechenden Einstellungen. Klicken Sie auf Speichern. <\/li> \n\n<li>F\u00fcgen Sie Code hinzu um das Widget auf Ihrer Webseite zu installieren. <\/li>\n\n<li>Widget-Einbindung ist erfolgreich durchgef\u00fchrt! <\/li>\n<\/ol>\n<p>Wenn Sie eine kostenfreie Unterst\u00fctzung f\u00fcr die Installation des Widgets ben\u00f6tigen, dann k\u00f6nnen Sie sich unseren professionellen Elfsight Support wenden. <\/p>\n","protected":false},"excerpt":{"rendered":"\u00dcber einige Jahre hat Elfsight Firma viele absolut benutzerfreundlichen und einfachen L\u00f6sungen f\u00fcr SiteOrigin Websites gestaltet. Mit Hilfe dieser Widgets k\u00f6nnen Sie viel mehr Leads sammeln, die Qualit\u00e4t des Kundensupports verbessern, jederzeit \u00fcber Chats mit Kunden in Kontakt bleiben und andere unternehmerischen Herausforderungen l\u00f6sen. Unsere Team offeriert verschiedene Preisoptionen: von&#8230;","protected":false},"author":11,"featured_media":0,"parent":0,"menu_order":0,"comment_status":"closed","ping_status":"closed","template":"templates\/template-platform.php","meta":{"publish_to_discourse":"","publish_post_category":"","wpdc_auto_publish_overridden":"","wpdc_topic_tags":"","wpdc_pin_topic":"","wpdc_pin_until":"","discourse_post_id":"","discourse_permalink":"","wpdc_publishing_response":"","wpdc_publishing_error":"","footnotes":""},"class_list":["post-3118","page","type-page","status-publish","hentry"],"yoast_head":"<!-- This site is optimized with the Yoast SEO plugin v25.3.1 - https:\/\/yoast.com\/wordpress\/plugins\/seo\/ -->\n<title>Die mobile-freundlichen Widgets f\u00fcr Ihre SiteOrigin Website (2025)<\/title>\n<meta name=\"description\" content=\"Eine Auflistung von kostenfreien Werkzeuge speziell f\u00fcr Ihre SiteOrigin Websites. Hilfe bei der Kundenbezogenheit und unendliche Anzahl von Features.\" \/>\n<meta name=\"robots\" content=\"index, follow, max-snippet:-1, max-image-preview:large, max-video-preview:-1\" \/>\n<link rel=\"canonical\" href=\"https:\/\/elfsight.com\/de\/siteorigin-widgets\/\" \/>\n<meta property=\"og:locale\" content=\"de_DE\" \/>\n<meta property=\"og:type\" content=\"article\" \/>\n<meta property=\"og:title\" content=\"Die mobile-freundlichen Widgets f\u00fcr Ihre SiteOrigin Website (2025)\" \/>\n<meta property=\"og:description\" content=\"Eine Auflistung von kostenfreien Werkzeuge speziell f\u00fcr Ihre SiteOrigin Websites. Hilfe bei der Kundenbezogenheit und unendliche Anzahl von Features.\" \/>\n<meta property=\"og:url\" content=\"https:\/\/elfsight.com\/de\/siteorigin-widgets\/\" \/>\n<meta property=\"og:site_name\" content=\"Elfsight DE\" \/>\n<meta property=\"article:modified_time\" content=\"2020-10-13T15:35:40+00:00\" \/>\n<meta name=\"twitter:card\" content=\"summary_large_image\" \/>\n<meta name=\"twitter:label1\" content=\"Gesch\u00e4tzte Lesezeit\" \/>\n\t<meta name=\"twitter:data1\" content=\"1\u00a0Minute\" \/>\n<!-- \/ Yoast SEO plugin. -->","yoast_head_json":{"title":"Die mobile-freundlichen Widgets f\u00fcr Ihre SiteOrigin Website (2025)","description":"Eine Auflistung von kostenfreien Werkzeuge speziell f\u00fcr Ihre SiteOrigin Websites. Hilfe bei der Kundenbezogenheit und unendliche Anzahl von Features.","robots":{"index":"index","follow":"follow","max-snippet":"max-snippet:-1","max-image-preview":"max-image-preview:large","max-video-preview":"max-video-preview:-1"},"canonical":"https:\/\/elfsight.com\/de\/siteorigin-widgets\/","og_locale":"de_DE","og_type":"article","og_title":"Die mobile-freundlichen Widgets f\u00fcr Ihre SiteOrigin Website (2025)","og_description":"Eine Auflistung von kostenfreien Werkzeuge speziell f\u00fcr Ihre SiteOrigin Websites. Hilfe bei der Kundenbezogenheit und unendliche Anzahl von Features.","og_url":"https:\/\/elfsight.com\/de\/siteorigin-widgets\/","og_site_name":"Elfsight DE","article_modified_time":"2020-10-13T15:35:40+00:00","twitter_card":"summary_large_image","twitter_misc":{"Gesch\u00e4tzte Lesezeit":"1\u00a0Minute"},"schema":{"@context":"https:\/\/schema.org","@graph":[{"@type":"WebPage","@id":"https:\/\/elfsight.com\/de\/siteorigin-widgets\/","url":"https:\/\/elfsight.com\/de\/siteorigin-widgets\/","name":"Die mobile-freundlichen Widgets f\u00fcr Ihre SiteOrigin Website (2025)","isPartOf":{"@id":"https:\/\/elfsight.com\/de\/#website"},"datePublished":"2020-09-17T12:52:41+00:00","dateModified":"2020-10-13T15:35:40+00:00","description":"Eine Auflistung von kostenfreien Werkzeuge speziell f\u00fcr Ihre SiteOrigin Websites. Hilfe bei der Kundenbezogenheit und unendliche Anzahl von Features.","breadcrumb":{"@id":"https:\/\/elfsight.com\/de\/siteorigin-widgets\/#breadcrumb"},"inLanguage":"de","potentialAction":[{"@type":"ReadAction","target":["https:\/\/elfsight.com\/de\/siteorigin-widgets\/"]}]},{"@type":"BreadcrumbList","@id":"https:\/\/elfsight.com\/de\/siteorigin-widgets\/#breadcrumb","itemListElement":[{"@type":"ListItem","position":1,"name":"Home","item":"https:\/\/elfsight.com\/de\/"},{"@type":"ListItem","position":2,"name":"SiteOrigin Widgets"}]},{"@type":"WebSite","@id":"https:\/\/elfsight.com\/de\/#website","url":"https:\/\/elfsight.com\/de\/","name":"Elfsight DE","description":"Just another Elfsight Sites site","potentialAction":[{"@type":"SearchAction","target":{"@type":"EntryPoint","urlTemplate":"https:\/\/elfsight.com\/de\/?s={search_term_string}"},"query-input":{"@type":"PropertyValueSpecification","valueRequired":true,"valueName":"search_term_string"}}],"inLanguage":"de"}]}},"meta_box":{"industry":"","seo_heading":"","heading":"","description":"","cta_heading":"","cta_description":"","application":"","h1":"Beste responsive L\u00f6sungen f\u00fcr Ihre SiteOrigin Web-Seite","h1_caption":"Dies ist die Reihe von einsatzbereiten Bedienelemente f\u00fcr Website, um seine Nutzeraktivit\u00e4t zu f\u00f6rdern und verschiedene gewerbliche Ziele zu erreichen. Die Oberfl\u00e4chenelemente kann schnell personalisiert und eingebettet werden. Elfsight Firma bietet die unendliche Reihe von Merkmalen und die beeindruckende technische Hilfe f\u00fcr alle Benutzer.","application_category":[],"applications_title":"Untersuchen Sie alle besseren kostenfreien SiteOrigin Miniprogramme von der Vielfalt:","applications_request_title":"K\u00f6nnen Sie kein Widget finden, das Sie ben\u00f6tigen?","applications_request_button_text":"Fordern Sie ein Widget an","hero_text":"","hero_video":"","hero_video_schema_markup":"","selling_points_title":"","selling_points_caption":"","selling_points":[],"selling_points_cta_text":"","features_title":"","features":"","ed_cta_examples_text":"","ed_cta_examples_hidden":"","ed_cta_demo_text":"","ed_cta_demo_hidden":"","why_caption":"","why_editor_title":"","why_editor_text":"","why_team_title":"","why_team_text":"","why_service_title":"","why_service_text":"","template_catalog_visible":"","template_catalog_title":"","template_catalog_text":"","template_catalog_categories_visible":"","demo_title":"","demo_caption":"","default_faq_hidden":"","app_template_category":[],"platform":"2990","template_public_id":"","codecanyon_url":"","codecanyon_item_id":"","codecanyon_price":"","pricing_caption":"","pricing_elfsight_apps_hide_column":"","pricing_elfsight_apps_url":"","pricing_codecanyon_price_caption":"","integration_category":[],"integration_request_title":"","integration_request_cta":"","integration_platform":"","integrations":[],"platform_category":[],"video_schema_markup":"","price":"","trial":"","benefits":[],"button_url":"","button_target_blank":"","button_nofollow":"","attributes":[],"tags":[],"tags_disable_links":"","hide_more_platforms":"","video_object":"","demo_hide_cta":"","demo_hide_cloud_options":"","pricing_title":"","pricing":[],"related_apps_title":"","related_apps_hidden":"","author":"","image":[],"title":"","job":"","social_networks":[]},"_links":{"self":[{"href":"https:\/\/elfsight.com\/de\/wp-json\/wp\/v2\/pages\/3118","targetHints":{"allow":["GET"]}}],"collection":[{"href":"https:\/\/elfsight.com\/de\/wp-json\/wp\/v2\/pages"}],"about":[{"href":"https:\/\/elfsight.com\/de\/wp-json\/wp\/v2\/types\/page"}],"author":[{"embeddable":true,"href":"https:\/\/elfsight.com\/de\/wp-json\/wp\/v2\/users\/11"}],"replies":[{"embeddable":true,"href":"https:\/\/elfsight.com\/de\/wp-json\/wp\/v2\/comments?post=3118"}],"version-history":[{"count":3,"href":"https:\/\/elfsight.com\/de\/wp-json\/wp\/v2\/pages\/3118\/revisions"}],"predecessor-version":[{"id":3121,"href":"https:\/\/elfsight.com\/de\/wp-json\/wp\/v2\/pages\/3118\/revisions\/3121"}],"wp:attachment":[{"href":"https:\/\/elfsight.com\/de\/wp-json\/wp\/v2\/media?parent=3118"}],"curies":[{"name":"wp","href":"https:\/\/api.w.org\/{rel}","templated":true}]}}