{"id":3115,"date":"2020-09-17T12:48:38","date_gmt":"2020-09-17T12:48:38","guid":{"rendered":"https:\/\/elfsight.com\/de\/?page_id=3115"},"modified":"2020-10-13T15:34:19","modified_gmt":"2020-10-13T15:34:19","slug":"wpbakery-plugins","status":"publish","type":"page","link":"https:\/\/elfsight.com\/de\/wpbakery-plugins\/","title":{"rendered":"WPBakery Plugins"},"content":{"rendered":"\n<p>F\u00fcr mehrere Jahre hat Elfsight Team viele vollkommen benutzerfreundlichen und smart L\u00f6sungen f\u00fcr WPBakery Websites gestellt. Mit Hilfe unserer Widgets k\u00f6nnen Sie viel mehr Leads sammeln, die Qualit\u00e4t des Kundensupports verbessern, Ihr Gesch\u00e4ft schneller ausbauen und andere gesch\u00e4ftlichen Herausforderungen l\u00f6sen. <\/p> \n\n<p>Elfsight Team verschafft eine breite Vielfalt von Preisoptionen: von kostenfrei bis zu Premium. St\u00e4rken Ihre Website-Funktionalit\u00e4t ohne zus\u00e4tzlichen Ausgaben. <\/p>\n\n\n<h2>Warum sind unsere WPBakery-Miniprogramme so besonderen? <\/h2>\n\n<p>Entdecken Sie die anschlie\u00dfende Auswahl der bestimmten Leistungen: <\/p> \n<ul>\n<li> Kostenloser Installation-Support des Widgets; <\/li>\n\n<li>Voll mobil-freundliche f\u00fcr jeden Bildschirm; <\/li>\n\n<li>Keine \u0421odierung; <\/li>\n\n<li>Eine Vielzahl von anpassbare und benutzerfreundliche Vorlagen; <\/li>\n\n<li>Intuitive Konfigurator; <\/li>\n\n<li>Die Cloud-basierte L\u00f6sungen f\u00fcr hoher Ladegeschwindigkeit; <\/li> \n\n<li>Die regul\u00e4re automatische Updat; <\/li> \n\n<li>Hochqualifizierte Unterst\u00fctzung von h\u00f6flichen Elfsight Team. <\/li> \n<\/ul>\n\n<p>Starten Sie mit Demo-Widget. Pr\u00fcfen Sie alle Leistungsf\u00e4higkeiten oder erwerben Sie jedes App mit 20% Rabatt. <\/p> \n\n<h2>Wie kann man ein Plugin auf WPBakery Website einf\u00fcgen? <\/h2> \n<p>Um ein Werkzeug auf der Web-Seite zu installieren, folgen Sie einfach den Schritten: <\/p>\n<ol>\n<li>Finden Sie das richtig Werkzeug und w\u00e4hlen Sie die entsprechenden Einstellungen. Speichern Sie die \u00c4nderungen. <\/li> \n\n<li>Kopieren und f\u00fcgen Sie den Code hinzu um das Plugin auf Ihrer Webseite zu integrieren. <\/li>\n\n<li>Getan! Sie haben das Widget erfolgreich auf der WPBakery Site hinzugef\u00fcgt. <\/li>\n<\/ol>\n<p>Falls Sie eine kostenfreie Beratung f\u00fcr die Integration des Widgets bed\u00fcrfen, dann unserer Support Team ist immer gl\u00fccklich, Ihnen zu helfen. <\/p>\n","protected":false},"excerpt":{"rendered":"F\u00fcr mehrere Jahre hat Elfsight Team viele vollkommen benutzerfreundlichen und smart L\u00f6sungen f\u00fcr WPBakery Websites gestellt. Mit Hilfe unserer Widgets k\u00f6nnen Sie viel mehr Leads sammeln, die Qualit\u00e4t des Kundensupports verbessern, Ihr Gesch\u00e4ft schneller ausbauen und andere gesch\u00e4ftlichen Herausforderungen l\u00f6sen. Elfsight Team verschafft eine breite Vielfalt von Preisoptionen: von kostenfrei&#8230;","protected":false},"author":11,"featured_media":0,"parent":0,"menu_order":0,"comment_status":"closed","ping_status":"closed","template":"templates\/template-platform.php","meta":{"publish_to_discourse":"","publish_post_category":"","wpdc_auto_publish_overridden":"","wpdc_topic_tags":"","wpdc_pin_topic":"","wpdc_pin_until":"","discourse_post_id":"","discourse_permalink":"","wpdc_publishing_response":"","wpdc_publishing_error":"","footnotes":""},"class_list":["post-3115","page","type-page","status-publish","hentry"],"yoast_head":"<!-- This site is optimized with the Yoast SEO plugin v25.3.1 - https:\/\/yoast.com\/wordpress\/plugins\/seo\/ -->\n<title>Die mobile-freundlichen Plugins f\u00fcr Ihre WPBakery Website (2025)<\/title>\n<meta name=\"description\" content=\"Eine \u00dcbersicht von schl\u00fcsselfertigen gratis L\u00f6sungen genau f\u00fcr Ihre WPBakery Websites. Hilfe bei der Personalisierung und grenzenlose Anzahl von Features.\" \/>\n<meta name=\"robots\" content=\"index, follow, max-snippet:-1, max-image-preview:large, max-video-preview:-1\" \/>\n<link rel=\"canonical\" href=\"https:\/\/elfsight.com\/de\/wpbakery-plugins\/\" \/>\n<meta property=\"og:locale\" content=\"de_DE\" \/>\n<meta property=\"og:type\" content=\"article\" \/>\n<meta property=\"og:title\" content=\"Die mobile-freundlichen Plugins f\u00fcr Ihre WPBakery Website (2025)\" \/>\n<meta property=\"og:description\" content=\"Eine \u00dcbersicht von schl\u00fcsselfertigen gratis L\u00f6sungen genau f\u00fcr Ihre WPBakery Websites. Hilfe bei der Personalisierung und grenzenlose Anzahl von Features.\" \/>\n<meta property=\"og:url\" content=\"https:\/\/elfsight.com\/de\/wpbakery-plugins\/\" \/>\n<meta property=\"og:site_name\" content=\"Elfsight DE\" \/>\n<meta property=\"article:modified_time\" content=\"2020-10-13T15:34:19+00:00\" \/>\n<meta name=\"twitter:card\" content=\"summary_large_image\" \/>\n<meta name=\"twitter:label1\" content=\"Gesch\u00e4tzte Lesezeit\" \/>\n\t<meta name=\"twitter:data1\" content=\"1\u00a0Minute\" \/>\n<!-- \/ Yoast SEO plugin. -->","yoast_head_json":{"title":"Die mobile-freundlichen Plugins f\u00fcr Ihre WPBakery Website (2025)","description":"Eine \u00dcbersicht von schl\u00fcsselfertigen gratis L\u00f6sungen genau f\u00fcr Ihre WPBakery Websites. Hilfe bei der Personalisierung und grenzenlose Anzahl von Features.","robots":{"index":"index","follow":"follow","max-snippet":"max-snippet:-1","max-image-preview":"max-image-preview:large","max-video-preview":"max-video-preview:-1"},"canonical":"https:\/\/elfsight.com\/de\/wpbakery-plugins\/","og_locale":"de_DE","og_type":"article","og_title":"Die mobile-freundlichen Plugins f\u00fcr Ihre WPBakery Website (2025)","og_description":"Eine \u00dcbersicht von schl\u00fcsselfertigen gratis L\u00f6sungen genau f\u00fcr Ihre WPBakery Websites. Hilfe bei der Personalisierung und grenzenlose Anzahl von Features.","og_url":"https:\/\/elfsight.com\/de\/wpbakery-plugins\/","og_site_name":"Elfsight DE","article_modified_time":"2020-10-13T15:34:19+00:00","twitter_card":"summary_large_image","twitter_misc":{"Gesch\u00e4tzte Lesezeit":"1\u00a0Minute"},"schema":{"@context":"https:\/\/schema.org","@graph":[{"@type":"WebPage","@id":"https:\/\/elfsight.com\/de\/wpbakery-plugins\/","url":"https:\/\/elfsight.com\/de\/wpbakery-plugins\/","name":"Die mobile-freundlichen Plugins f\u00fcr Ihre WPBakery Website (2025)","isPartOf":{"@id":"https:\/\/elfsight.com\/de\/#website"},"datePublished":"2020-09-17T12:48:38+00:00","dateModified":"2020-10-13T15:34:19+00:00","description":"Eine \u00dcbersicht von schl\u00fcsselfertigen gratis L\u00f6sungen genau f\u00fcr Ihre WPBakery Websites. Hilfe bei der Personalisierung und grenzenlose Anzahl von Features.","breadcrumb":{"@id":"https:\/\/elfsight.com\/de\/wpbakery-plugins\/#breadcrumb"},"inLanguage":"de","potentialAction":[{"@type":"ReadAction","target":["https:\/\/elfsight.com\/de\/wpbakery-plugins\/"]}]},{"@type":"BreadcrumbList","@id":"https:\/\/elfsight.com\/de\/wpbakery-plugins\/#breadcrumb","itemListElement":[{"@type":"ListItem","position":1,"name":"Home","item":"https:\/\/elfsight.com\/de\/"},{"@type":"ListItem","position":2,"name":"WPBakery Plugins"}]},{"@type":"WebSite","@id":"https:\/\/elfsight.com\/de\/#website","url":"https:\/\/elfsight.com\/de\/","name":"Elfsight DE","description":"Just another Elfsight Sites site","potentialAction":[{"@type":"SearchAction","target":{"@type":"EntryPoint","urlTemplate":"https:\/\/elfsight.com\/de\/?s={search_term_string}"},"query-input":{"@type":"PropertyValueSpecification","valueRequired":true,"valueName":"search_term_string"}}],"inLanguage":"de"}]}},"meta_box":{"industry":"","seo_heading":"","heading":"","description":"","cta_heading":"","cta_description":"","application":"","h1":"Besondere responsive L\u00f6sungen f\u00fcr Ihre WPBakery Website","h1_caption":"Dies ist die Liste von schl\u00fcsselfertigen Oberfl\u00e4chenelemente f\u00fcr Internetseite, um Ihre Kundenbindung zu erh\u00f6hen und grundlegende wirtschaftliche Zweck zu erreichen. Die s\u00e4mtliche Plugins kann m\u00fchelos konfiguriert und eingebettet werden. Elfsight Firma bereitstellt die unbeschr\u00e4nkte Reihe von Funktionen und die professionelle technische Hilfe f\u00fcr alle Benutzer.","application_category":[],"applications_title":"Erforschen Sie alle wunderbaren kostenfreien WPBakery Werkzeuge auf der Serie:","applications_request_title":"K\u00f6nnen Sie kein Plugin finden, das Sie ben\u00f6tigen?","applications_request_button_text":"Fordern Sie ein Plugin an","hero_text":"","hero_video":"","hero_video_schema_markup":"","selling_points_title":"","selling_points_caption":"","selling_points":[],"selling_points_cta_text":"","features_title":"","features":"","ed_cta_examples_text":"","ed_cta_examples_hidden":"","ed_cta_demo_text":"","ed_cta_demo_hidden":"","why_caption":"","why_editor_title":"","why_editor_text":"","why_team_title":"","why_team_text":"","why_service_title":"","why_service_text":"","template_catalog_visible":"","template_catalog_title":"","template_catalog_text":"","template_catalog_categories_visible":"","demo_title":"","demo_caption":"","default_faq_hidden":"","app_template_category":[],"platform":"2989","template_public_id":"","codecanyon_url":"","codecanyon_item_id":"","codecanyon_price":"","pricing_caption":"","pricing_elfsight_apps_hide_column":"","pricing_elfsight_apps_url":"","pricing_codecanyon_price_caption":"","integration_category":[],"integration_request_title":"","integration_request_cta":"","integration_platform":"","integrations":[],"platform_category":[],"video_schema_markup":"","price":"","trial":"","benefits":[],"button_url":"","button_target_blank":"","button_nofollow":"","attributes":[],"tags":[],"tags_disable_links":"","hide_more_platforms":"","video_object":"","demo_hide_cta":"","demo_hide_cloud_options":"","pricing_title":"","pricing":[],"related_apps_title":"","related_apps_hidden":"","author":"","image":[],"title":"","job":"","social_networks":[]},"_links":{"self":[{"href":"https:\/\/elfsight.com\/de\/wp-json\/wp\/v2\/pages\/3115","targetHints":{"allow":["GET"]}}],"collection":[{"href":"https:\/\/elfsight.com\/de\/wp-json\/wp\/v2\/pages"}],"about":[{"href":"https:\/\/elfsight.com\/de\/wp-json\/wp\/v2\/types\/page"}],"author":[{"embeddable":true,"href":"https:\/\/elfsight.com\/de\/wp-json\/wp\/v2\/users\/11"}],"replies":[{"embeddable":true,"href":"https:\/\/elfsight.com\/de\/wp-json\/wp\/v2\/comments?post=3115"}],"version-history":[{"count":2,"href":"https:\/\/elfsight.com\/de\/wp-json\/wp\/v2\/pages\/3115\/revisions"}],"predecessor-version":[{"id":3117,"href":"https:\/\/elfsight.com\/de\/wp-json\/wp\/v2\/pages\/3115\/revisions\/3117"}],"wp:attachment":[{"href":"https:\/\/elfsight.com\/de\/wp-json\/wp\/v2\/media?parent=3115"}],"curies":[{"name":"wp","href":"https:\/\/api.w.org\/{rel}","templated":true}]}}