{"id":3111,"date":"2020-09-17T12:45:05","date_gmt":"2020-09-17T12:45:05","guid":{"rendered":"https:\/\/elfsight.com\/de\/?page_id=3111"},"modified":"2020-10-13T15:25:56","modified_gmt":"2020-10-13T15:25:56","slug":"pinnaclecart-widgets","status":"publish","type":"page","link":"https:\/\/elfsight.com\/de\/pinnaclecart-widgets\/","title":{"rendered":"PinnacleCart Widgets"},"content":{"rendered":"\n<p>\u00dcber 9 Jahre hat Elfsight Firma viele absolut komfortablen und schlichten L\u00f6sungen f\u00fcr PinnacleCart Webseiten entwickelt. Mit Hilfe unserer Plugins k\u00f6nnen Sie die Benutzerinteraktion erh\u00f6hen, die Funktionalit\u00e4t der Website verbessern, Kundenbewertungen aus sozialen Medien anzeigen und andere unternehmerischen Herausforderungen l\u00f6sen. <\/p> \n\n<p>Elfsight Team verschafft eine gro\u00dfe Vielfalt von Preism\u00f6glichkeiten: von gratis bis zu Premium. Verbessern Ihre Website-Funktionalit\u00e4t ohne Mehrkosten. <\/p>\n\n\n<h2>Was macht unsere PinnacleCart-Bedienelemente so einzigartig? <\/h2>\n\n<p> Lesen Sie die nachstehende Reihe der bestimmten Merkmale: <\/p> \n<ul>\n<li> Kostenloser Installationsservice des Widgets; <\/li>\n\n<li>Voll reaktionsschnelle f\u00fcr jedes Ger\u00e4t; <\/li>\n\n<li>Ohne Programmierung; <\/li>\n\n<li>Eine Vielzahl von anpassbare und benutzerfreundliche Vorlagen; <\/li>\n\n<li>Leicht zu bedienende Konfigurator; <\/li>\n\n<li>Die Cloud-Services f\u00fcr hoher Ladegeschwindigkeit; <\/li> \n\n<li>Die regul\u00e4re automatische Updat; <\/li> \n\n<li>Professionelle Unterst\u00fctzung von h\u00f6flichen Elfsight Team. <\/li> \n<\/ul>\n\n<p>Zugreifen Sie mit unentgeltlichen Widget. Schauen Sie alle Leistungsf\u00e4higkeiten oder nutzen Sie jedes Widget mit 20% Skonto. <\/p> \n\n<h2>Wie kann man ein Widget auf PinnacleCart Website hinzuf\u00fcgen? <\/h2> \n<p>Um ein Widget auf der Web-Seite zu installieren, sehen Sie einfach die folgenden Anweisungen: <\/p>\n<ol>\n<li>Finden Sie das gew\u00fcnscht Werkzeug und passen Sie es an. Klicken Sie auf Speichern. <\/li> \n\n<li>F\u00fcgen Sie Code hinzu um das Widget auf Ihrer Webseite zu installieren. <\/li>\n\n<li>Widget-Integrierung ist erfolgreich absolviert! <\/li>\n<\/ol>\n<p>Wenn Sie eine kostenlose Beratung f\u00fcr die Einbindung des Widgets ben\u00f6tigen, dann k\u00f6nnen Sie sich unseren hochqualifizierten Elfsight Support wenden. <\/p>\n","protected":false},"excerpt":{"rendered":"\u00dcber 9 Jahre hat Elfsight Firma viele absolut komfortablen und schlichten L\u00f6sungen f\u00fcr PinnacleCart Webseiten entwickelt. Mit Hilfe unserer Plugins k\u00f6nnen Sie die Benutzerinteraktion erh\u00f6hen, die Funktionalit\u00e4t der Website verbessern, Kundenbewertungen aus sozialen Medien anzeigen und andere unternehmerischen Herausforderungen l\u00f6sen. Elfsight Team verschafft eine gro\u00dfe Vielfalt von Preism\u00f6glichkeiten: von gratis&#8230;","protected":false},"author":11,"featured_media":0,"parent":0,"menu_order":0,"comment_status":"closed","ping_status":"closed","template":"templates\/template-platform.php","meta":{"publish_to_discourse":"","publish_post_category":"","wpdc_auto_publish_overridden":"","wpdc_topic_tags":"","wpdc_pin_topic":"","wpdc_pin_until":"","discourse_post_id":"","discourse_permalink":"","wpdc_publishing_response":"","wpdc_publishing_error":"","footnotes":""},"class_list":["post-3111","page","type-page","status-publish","hentry"],"yoast_head":"<!-- This site is optimized with the Yoast SEO plugin v25.3.1 - https:\/\/yoast.com\/wordpress\/plugins\/seo\/ -->\n<title>Die mobile-freundlichen Widgets f\u00fcr Ihre PinnacleCart Website (2025)<\/title>\n<meta name=\"description\" content=\"Eine Serie von schl\u00fcsselfertigen gratis Werkzeuge eigens f\u00fcr Ihre PinnacleCart Seiten. Hilfe bei der Individualisierung und grenzenlose Anzahl von Optionen.\" \/>\n<meta name=\"robots\" content=\"index, follow, max-snippet:-1, max-image-preview:large, max-video-preview:-1\" \/>\n<link rel=\"canonical\" href=\"https:\/\/elfsight.com\/de\/pinnaclecart-widgets\/\" \/>\n<meta property=\"og:locale\" content=\"de_DE\" \/>\n<meta property=\"og:type\" content=\"article\" \/>\n<meta property=\"og:title\" content=\"Die mobile-freundlichen Widgets f\u00fcr Ihre PinnacleCart Website (2025)\" \/>\n<meta property=\"og:description\" content=\"Eine Serie von schl\u00fcsselfertigen gratis Werkzeuge eigens f\u00fcr Ihre PinnacleCart Seiten. Hilfe bei der Individualisierung und grenzenlose Anzahl von Optionen.\" \/>\n<meta property=\"og:url\" content=\"https:\/\/elfsight.com\/de\/pinnaclecart-widgets\/\" \/>\n<meta property=\"og:site_name\" content=\"Elfsight DE\" \/>\n<meta property=\"article:modified_time\" content=\"2020-10-13T15:25:56+00:00\" \/>\n<meta name=\"twitter:card\" content=\"summary_large_image\" \/>\n<meta name=\"twitter:label1\" content=\"Gesch\u00e4tzte Lesezeit\" \/>\n\t<meta name=\"twitter:data1\" content=\"1\u00a0Minute\" \/>\n<!-- \/ Yoast SEO plugin. -->","yoast_head_json":{"title":"Die mobile-freundlichen Widgets f\u00fcr Ihre PinnacleCart Website (2025)","description":"Eine Serie von schl\u00fcsselfertigen gratis Werkzeuge eigens f\u00fcr Ihre PinnacleCart Seiten. Hilfe bei der Individualisierung und grenzenlose Anzahl von Optionen.","robots":{"index":"index","follow":"follow","max-snippet":"max-snippet:-1","max-image-preview":"max-image-preview:large","max-video-preview":"max-video-preview:-1"},"canonical":"https:\/\/elfsight.com\/de\/pinnaclecart-widgets\/","og_locale":"de_DE","og_type":"article","og_title":"Die mobile-freundlichen Widgets f\u00fcr Ihre PinnacleCart Website (2025)","og_description":"Eine Serie von schl\u00fcsselfertigen gratis Werkzeuge eigens f\u00fcr Ihre PinnacleCart Seiten. Hilfe bei der Individualisierung und grenzenlose Anzahl von Optionen.","og_url":"https:\/\/elfsight.com\/de\/pinnaclecart-widgets\/","og_site_name":"Elfsight DE","article_modified_time":"2020-10-13T15:25:56+00:00","twitter_card":"summary_large_image","twitter_misc":{"Gesch\u00e4tzte Lesezeit":"1\u00a0Minute"},"schema":{"@context":"https:\/\/schema.org","@graph":[{"@type":"WebPage","@id":"https:\/\/elfsight.com\/de\/pinnaclecart-widgets\/","url":"https:\/\/elfsight.com\/de\/pinnaclecart-widgets\/","name":"Die mobile-freundlichen Widgets f\u00fcr Ihre PinnacleCart Website (2025)","isPartOf":{"@id":"https:\/\/elfsight.com\/de\/#website"},"datePublished":"2020-09-17T12:45:05+00:00","dateModified":"2020-10-13T15:25:56+00:00","description":"Eine Serie von schl\u00fcsselfertigen gratis Werkzeuge eigens f\u00fcr Ihre PinnacleCart Seiten. Hilfe bei der Individualisierung und grenzenlose Anzahl von Optionen.","breadcrumb":{"@id":"https:\/\/elfsight.com\/de\/pinnaclecart-widgets\/#breadcrumb"},"inLanguage":"de","potentialAction":[{"@type":"ReadAction","target":["https:\/\/elfsight.com\/de\/pinnaclecart-widgets\/"]}]},{"@type":"BreadcrumbList","@id":"https:\/\/elfsight.com\/de\/pinnaclecart-widgets\/#breadcrumb","itemListElement":[{"@type":"ListItem","position":1,"name":"Home","item":"https:\/\/elfsight.com\/de\/"},{"@type":"ListItem","position":2,"name":"PinnacleCart Widgets"}]},{"@type":"WebSite","@id":"https:\/\/elfsight.com\/de\/#website","url":"https:\/\/elfsight.com\/de\/","name":"Elfsight DE","description":"Just another Elfsight Sites site","potentialAction":[{"@type":"SearchAction","target":{"@type":"EntryPoint","urlTemplate":"https:\/\/elfsight.com\/de\/?s={search_term_string}"},"query-input":{"@type":"PropertyValueSpecification","valueRequired":true,"valueName":"search_term_string"}}],"inLanguage":"de"}]}},"meta_box":{"industry":"","seo_heading":"","heading":"","description":"","cta_heading":"","cta_description":"","application":"","h1":"Perfekte mobilfreundliche Werkzeuge f\u00fcr Ihre PinnacleCart Website","h1_caption":"Dies ist die \u00dcbersicht von sch\u00f6nsten Bedienelemente f\u00fcr Webseite, um seine Verk\u00e4ufe zu f\u00f6rdern und unterschiedliche wirtschaftliche Zweck zu erlangen. Die Oberfl\u00e4chenelemente kann m\u00fchelos adaptiert und eingebunden werden. Die Firma liefert die unbegrenzte Anzahl von Merkmalen und die qualifizierte technische Hilfe f\u00fcr alle Benutzer.","application_category":[],"applications_title":"Entdecken Sie alle einsatzbereiten kostenfreien PinnacleCart Werkzeuge aus der Reihe:","applications_request_title":"K\u00f6nnen Sie kein Widget finden, das Sie ben\u00f6tigen?","applications_request_button_text":"Fordern Sie ein Widget an","hero_text":"","hero_video":"","hero_video_schema_markup":"","selling_points_title":"","selling_points_caption":"","selling_points":[],"selling_points_cta_text":"","features_title":"","features":"","ed_cta_examples_text":"","ed_cta_examples_hidden":"","ed_cta_demo_text":"","ed_cta_demo_hidden":"","why_caption":"","why_editor_title":"","why_editor_text":"","why_team_title":"","why_team_text":"","why_service_title":"","why_service_text":"","template_catalog_visible":"","template_catalog_title":"","template_catalog_text":"","template_catalog_categories_visible":"","demo_title":"","demo_caption":"","default_faq_hidden":"","app_template_category":[],"platform":"2988","template_public_id":"","codecanyon_url":"","codecanyon_item_id":"","codecanyon_price":"","pricing_caption":"","pricing_elfsight_apps_hide_column":"","pricing_elfsight_apps_url":"","pricing_codecanyon_price_caption":"","integration_category":[],"integration_request_title":"","integration_request_cta":"","integration_platform":"","integrations":[],"platform_category":[],"video_schema_markup":"","price":"","trial":"","benefits":[],"button_url":"","button_target_blank":"","button_nofollow":"","attributes":[],"tags":[],"tags_disable_links":"","hide_more_platforms":"","video_object":"","demo_hide_cta":"","demo_hide_cloud_options":"","pricing_title":"","pricing":[],"related_apps_title":"","related_apps_hidden":"","author":"","image":[],"title":"","job":"","social_networks":[]},"_links":{"self":[{"href":"https:\/\/elfsight.com\/de\/wp-json\/wp\/v2\/pages\/3111","targetHints":{"allow":["GET"]}}],"collection":[{"href":"https:\/\/elfsight.com\/de\/wp-json\/wp\/v2\/pages"}],"about":[{"href":"https:\/\/elfsight.com\/de\/wp-json\/wp\/v2\/types\/page"}],"author":[{"embeddable":true,"href":"https:\/\/elfsight.com\/de\/wp-json\/wp\/v2\/users\/11"}],"replies":[{"embeddable":true,"href":"https:\/\/elfsight.com\/de\/wp-json\/wp\/v2\/comments?post=3111"}],"version-history":[{"count":3,"href":"https:\/\/elfsight.com\/de\/wp-json\/wp\/v2\/pages\/3111\/revisions"}],"predecessor-version":[{"id":3114,"href":"https:\/\/elfsight.com\/de\/wp-json\/wp\/v2\/pages\/3111\/revisions\/3114"}],"wp:attachment":[{"href":"https:\/\/elfsight.com\/de\/wp-json\/wp\/v2\/media?parent=3111"}],"curies":[{"name":"wp","href":"https:\/\/api.w.org\/{rel}","templated":true}]}}