{"id":3103,"date":"2020-09-17T12:37:38","date_gmt":"2020-09-17T12:37:38","guid":{"rendered":"https:\/\/elfsight.com\/de\/?page_id=3103"},"modified":"2020-10-13T15:35:56","modified_gmt":"2020-10-13T15:35:56","slug":"rocketspark-widgets","status":"publish","type":"page","link":"https:\/\/elfsight.com\/de\/rocketspark-widgets\/","title":{"rendered":"Rocketspark Widgets"},"content":{"rendered":"\n<p>\u00dcber einige Jahre hat Elfsight viele vollkommen passenden und mobil-freundlichen Werkzeuge f\u00fcr Rocketspark Websites gebaut. Mit Hilfe dieser Plugins k\u00f6nnen Sie die Benutzerinteraktion erh\u00f6hen, die Anzahl Ihrer Follower erh\u00f6hen, jederzeit \u00fcber Chats mit Kunden in Kontakt bleiben und andere gesch\u00e4ftlichen Herausforderungen l\u00f6sen. <\/p> \n\n<p>Elfsight Team leistet verschiedene Preisoptionen: von gratis bis zu Premium. Anreichern Ihre Website ohne Zusatzkosten. <\/p>\n\n\n<h2>Warum sind unsere Rocketspark-Bedienelemente so speziell? <\/h2>\n\n<p>Schauen Sie sich die anschlie\u00dfende Auflistung der speziellen Vorz\u00fcge: <\/p> \n<ul>\n<li>Kostenlose Hilfe zur Hinzuf\u00fcgen des Widgets; <\/li>\n\n<li>Ganz ansprechende f\u00fcr jeden Bildschirm; <\/li>\n\n<li>Keine Programmierkenntnisse erforderlich; <\/li>\n\n<li>Eine gro\u00dfe Auswahl von anpassbare und benutzerfreundliche Schablonen; <\/li>\n\n<li>Einfach zu bedienende Konfigurator; <\/li>\n\n<li>Die Cloud-Dienste f\u00fcr hoher Ladegeschwindigkeit; <\/li> \n\n<li>Die regul\u00e4re automatische Aktualisierung; <\/li> \n\n<li>Schnelle Unterst\u00fctzung von freuflichen Elfsight Team. <\/li> \n<\/ul>\n\n<p> Probieren Sie mit unentgeltlichen Plan. Bewerten Sie alle Potenzial oder bekommen Sie ein beliebiges App mit 20% Rabatt. <\/p> \n\n<h2>Wie kann ich ein Widget auf Rocketspark Website einf\u00fcgen? <\/h2> \n<p>Um ein Widget auf der Website einzubetten, sehen Sie einfach die folgenden Anweisungen|folgen Sie einfach den Schritten: <\/p>\n<ol>\n<li>Bestimmen Sie das entsprechend Widget und \u00e4ndern Sie die Einstellungen. Klicken Sie auf Speichern. <\/li> \n\n<li>Kopieren und f\u00fcgen Sie den Code hinzu um das Widget auf Ihrer Website einzubinden. <\/li>\n\n<li>Gemacht! Sie haben das Widget erfolgreich auf der Rocketspark Site installiert. <\/li>\n<\/ol>\n<p>Wenn Sie eine kostenlose Empfehlung f\u00fcr die Einbindung des Widgets ben\u00f6tigen, dann unserer Unterst\u00fctzungsteam ist immer gl\u00fccklich, Ihnen zu helfen. <\/p>\n","protected":false},"excerpt":{"rendered":"\u00dcber einige Jahre hat Elfsight viele vollkommen passenden und mobil-freundlichen Werkzeuge f\u00fcr Rocketspark Websites gebaut. Mit Hilfe dieser Plugins k\u00f6nnen Sie die Benutzerinteraktion erh\u00f6hen, die Anzahl Ihrer Follower erh\u00f6hen, jederzeit \u00fcber Chats mit Kunden in Kontakt bleiben und andere gesch\u00e4ftlichen Herausforderungen l\u00f6sen. Elfsight Team leistet verschiedene Preisoptionen: von gratis bis&#8230;","protected":false},"author":11,"featured_media":0,"parent":0,"menu_order":0,"comment_status":"closed","ping_status":"closed","template":"templates\/template-platform.php","meta":{"publish_to_discourse":"","publish_post_category":"","wpdc_auto_publish_overridden":"","wpdc_topic_tags":"","wpdc_pin_topic":"","wpdc_pin_until":"","discourse_post_id":"","discourse_permalink":"","wpdc_publishing_response":"","wpdc_publishing_error":"","footnotes":""},"class_list":["post-3103","page","type-page","status-publish","hentry"],"yoast_head":"<!-- This site is optimized with the Yoast SEO plugin v25.3.1 - https:\/\/yoast.com\/wordpress\/plugins\/seo\/ -->\n<title>Die mobile-freundlichen Widgets f\u00fcr Ihre Rocketspark Website (2025)<\/title>\n<meta name=\"description\" content=\"Eine Reihe von erstklassigen kostenlosen Werkzeuge genau f\u00fcr Ihre Rocketspark Seiten. Hilfe zu der Anpassung und unbeschr\u00e4nkte Anzahl von Funktionen.\" \/>\n<meta name=\"robots\" content=\"index, follow, max-snippet:-1, max-image-preview:large, max-video-preview:-1\" \/>\n<link rel=\"canonical\" href=\"https:\/\/elfsight.com\/de\/rocketspark-widgets\/\" \/>\n<meta property=\"og:locale\" content=\"de_DE\" \/>\n<meta property=\"og:type\" content=\"article\" \/>\n<meta property=\"og:title\" content=\"Die mobile-freundlichen Widgets f\u00fcr Ihre Rocketspark Website (2025)\" \/>\n<meta property=\"og:description\" content=\"Eine Reihe von erstklassigen kostenlosen Werkzeuge genau f\u00fcr Ihre Rocketspark Seiten. Hilfe zu der Anpassung und unbeschr\u00e4nkte Anzahl von Funktionen.\" \/>\n<meta property=\"og:url\" content=\"https:\/\/elfsight.com\/de\/rocketspark-widgets\/\" \/>\n<meta property=\"og:site_name\" content=\"Elfsight DE\" \/>\n<meta property=\"article:modified_time\" content=\"2020-10-13T15:35:56+00:00\" \/>\n<meta name=\"twitter:card\" content=\"summary_large_image\" \/>\n<meta name=\"twitter:label1\" content=\"Gesch\u00e4tzte Lesezeit\" \/>\n\t<meta name=\"twitter:data1\" content=\"1\u00a0Minute\" \/>\n<!-- \/ Yoast SEO plugin. -->","yoast_head_json":{"title":"Die mobile-freundlichen Widgets f\u00fcr Ihre Rocketspark Website (2025)","description":"Eine Reihe von erstklassigen kostenlosen Werkzeuge genau f\u00fcr Ihre Rocketspark Seiten. Hilfe zu der Anpassung und unbeschr\u00e4nkte Anzahl von Funktionen.","robots":{"index":"index","follow":"follow","max-snippet":"max-snippet:-1","max-image-preview":"max-image-preview:large","max-video-preview":"max-video-preview:-1"},"canonical":"https:\/\/elfsight.com\/de\/rocketspark-widgets\/","og_locale":"de_DE","og_type":"article","og_title":"Die mobile-freundlichen Widgets f\u00fcr Ihre Rocketspark Website (2025)","og_description":"Eine Reihe von erstklassigen kostenlosen Werkzeuge genau f\u00fcr Ihre Rocketspark Seiten. Hilfe zu der Anpassung und unbeschr\u00e4nkte Anzahl von Funktionen.","og_url":"https:\/\/elfsight.com\/de\/rocketspark-widgets\/","og_site_name":"Elfsight DE","article_modified_time":"2020-10-13T15:35:56+00:00","twitter_card":"summary_large_image","twitter_misc":{"Gesch\u00e4tzte Lesezeit":"1\u00a0Minute"},"schema":{"@context":"https:\/\/schema.org","@graph":[{"@type":"WebPage","@id":"https:\/\/elfsight.com\/de\/rocketspark-widgets\/","url":"https:\/\/elfsight.com\/de\/rocketspark-widgets\/","name":"Die mobile-freundlichen Widgets f\u00fcr Ihre Rocketspark Website (2025)","isPartOf":{"@id":"https:\/\/elfsight.com\/de\/#website"},"datePublished":"2020-09-17T12:37:38+00:00","dateModified":"2020-10-13T15:35:56+00:00","description":"Eine Reihe von erstklassigen kostenlosen Werkzeuge genau f\u00fcr Ihre Rocketspark Seiten. Hilfe zu der Anpassung und unbeschr\u00e4nkte Anzahl von Funktionen.","breadcrumb":{"@id":"https:\/\/elfsight.com\/de\/rocketspark-widgets\/#breadcrumb"},"inLanguage":"de","potentialAction":[{"@type":"ReadAction","target":["https:\/\/elfsight.com\/de\/rocketspark-widgets\/"]}]},{"@type":"BreadcrumbList","@id":"https:\/\/elfsight.com\/de\/rocketspark-widgets\/#breadcrumb","itemListElement":[{"@type":"ListItem","position":1,"name":"Home","item":"https:\/\/elfsight.com\/de\/"},{"@type":"ListItem","position":2,"name":"Rocketspark Widgets"}]},{"@type":"WebSite","@id":"https:\/\/elfsight.com\/de\/#website","url":"https:\/\/elfsight.com\/de\/","name":"Elfsight DE","description":"Just another Elfsight Sites site","potentialAction":[{"@type":"SearchAction","target":{"@type":"EntryPoint","urlTemplate":"https:\/\/elfsight.com\/de\/?s={search_term_string}"},"query-input":{"@type":"PropertyValueSpecification","valueRequired":true,"valueName":"search_term_string"}}],"inLanguage":"de"}]}},"meta_box":{"industry":"","seo_heading":"","heading":"","description":"","cta_heading":"","cta_description":"","application":"","h1":"Ideale mobilfreundliche Werkzeuge f\u00fcr Ihre Rocketspark Website","h1_caption":"Dies ist die Reihe von besseren Werkzeuge f\u00fcr Web-Seite, um Ihre Konversion zu steigern und unterschiedliche wirtschaftliche Zweck zu erlangen. Die s\u00e4mtliche Apps kann einfach personalisiert und installiert werden. Unsere Kompanie verschafft die grenzenlose Reihe von Merkmalen und die hochqualifizierte technische Unterst\u00fctzung f\u00fcr alle Klienten.","application_category":[],"applications_title":"Probieren Sie alle problemlosen kostenfreien Rocketspark Werkzeuge von der Reihe:","applications_request_title":"K\u00f6nnen Sie kein Widget finden, das Sie ben\u00f6tigen?","applications_request_button_text":"Fordern Sie ein Widget an","hero_text":"","hero_video":"","hero_video_schema_markup":"","selling_points_title":"","selling_points_caption":"","selling_points":[],"selling_points_cta_text":"","features_title":"","features":"","ed_cta_examples_text":"","ed_cta_examples_hidden":"","ed_cta_demo_text":"","ed_cta_demo_hidden":"","why_caption":"","why_editor_title":"","why_editor_text":"","why_team_title":"","why_team_text":"","why_service_title":"","why_service_text":"","template_catalog_visible":"","template_catalog_title":"","template_catalog_text":"","template_catalog_categories_visible":"","demo_title":"","demo_caption":"","default_faq_hidden":"","app_template_category":[],"platform":"2985","template_public_id":"","codecanyon_url":"","codecanyon_item_id":"","codecanyon_price":"","pricing_caption":"","pricing_elfsight_apps_hide_column":"","pricing_elfsight_apps_url":"","pricing_codecanyon_price_caption":"","integration_category":[],"integration_request_title":"","integration_request_cta":"","integration_platform":"","integrations":[],"platform_category":[],"video_schema_markup":"","price":"","trial":"","benefits":[],"button_url":"","button_target_blank":"","button_nofollow":"","attributes":[],"tags":[],"tags_disable_links":"","hide_more_platforms":"","video_object":"","demo_hide_cta":"","demo_hide_cloud_options":"","pricing_title":"","pricing":[],"related_apps_title":"","related_apps_hidden":"","author":"","image":[],"title":"","job":"","social_networks":[]},"_links":{"self":[{"href":"https:\/\/elfsight.com\/de\/wp-json\/wp\/v2\/pages\/3103","targetHints":{"allow":["GET"]}}],"collection":[{"href":"https:\/\/elfsight.com\/de\/wp-json\/wp\/v2\/pages"}],"about":[{"href":"https:\/\/elfsight.com\/de\/wp-json\/wp\/v2\/types\/page"}],"author":[{"embeddable":true,"href":"https:\/\/elfsight.com\/de\/wp-json\/wp\/v2\/users\/11"}],"replies":[{"embeddable":true,"href":"https:\/\/elfsight.com\/de\/wp-json\/wp\/v2\/comments?post=3103"}],"version-history":[{"count":3,"href":"https:\/\/elfsight.com\/de\/wp-json\/wp\/v2\/pages\/3103\/revisions"}],"predecessor-version":[{"id":3106,"href":"https:\/\/elfsight.com\/de\/wp-json\/wp\/v2\/pages\/3103\/revisions\/3106"}],"wp:attachment":[{"href":"https:\/\/elfsight.com\/de\/wp-json\/wp\/v2\/media?parent=3103"}],"curies":[{"name":"wp","href":"https:\/\/api.w.org\/{rel}","templated":true}]}}