{"id":310,"date":"2020-02-26T09:49:41","date_gmt":"2020-02-26T09:49:41","guid":{"rendered":"https:\/\/elfsight.com\/de\/?page_id=310"},"modified":"2020-09-16T13:52:44","modified_gmt":"2020-09-16T13:52:44","slug":"strikingly-apps","status":"publish","type":"page","link":"https:\/\/elfsight.com\/de\/strikingly-apps\/","title":{"rendered":"Strikingly Apps"},"content":{"rendered":"\n<p>Seit etlichen Jahren hat Elfsight Kompanie viele absolut intuitiven und responsiven Werkzeuge f\u00fcr Strikingly  Websites gebaut. Mit Hilfe dieser Werkzeuge k\u00f6nnen Sie die Benutzerinteraktion erh\u00f6hen, die Anzahl Ihrer Follower erh\u00f6hen, Kundenbewertungen aus sozialen Medien anzeigen und andere gesch\u00e4ftlichen Herausforderungen l\u00f6sen.<\/p> \n\n<p>Unsere Team pr\u00e4sentiert vielgestaltig Preism\u00f6glichkeiten: von kostenlos bis zu Premium. Vergr\u00f6\u00dfern Ihre Website ohne Mehrkosten.<\/p>\n\n\n<h2>Was macht unsere Strikingly-L\u00f6sungen so speziell?<\/h2>\n\n<p>Untersuchen Sie die folgende Auflistung der bestimmten Merkmale:<\/p> \n<ul>\n<li> Kostenloser Installation-Support  des Plugins;<\/li>\n\n<li>V\u00f6llig ansprechbare f\u00fcr jedes Ger\u00e4t; <\/li>\n\n<li>Keine Kodierung;<\/li>\n\n<li>Eine breite Palette von anpassbare und einsatzf\u00e4hige Templates;<\/li>\n\n<li>Intuitive Benutzeroberfl\u00e4che;<\/li>\n\n<li>Die Cloud-Dienste f\u00fcr hoher Ladegeschwindigkeit; <\/li>                                                                                                                \n\n<li>Die regelm\u00e4\u00dfige automatische Aktualisierung;<\/li> \n\n<li>Professionelle Hilfe von h\u00f6flichen Elfsight Team.<\/li> \n<\/ul>\n\n<p>Testen  Sie mit kostenfreien Plan. Pr\u00fcfen Sie alle Leistungsf\u00e4higkeiten oder bekommen Sie ein beliebiges Plugin mit 20% Skonto. <\/p> \n\n<h2>Wie kann ich ein App auf Strikingly Website einbetten?<\/h2> \n<p>Um ein Werkzeug auf der Web-Seite zu installieren, sehen Sie einfach die folgenden Anweisungen|folgen Sie einfach den Schritten: <\/p>\n<ol>\n<li>Beschlie\u00dfen Sie das optimal App und \u00e4ndern Sie die Einstellungen. Klicken Sie auf Speichern.<\/li> \n\n<li>F\u00fcgen Sie Code hinzu um das App auf Ihrer Website zu integrieren. <\/li>\n\n<li>App-Hinzuf\u00fcgen ist erfolgreich absolviert!. <\/li>\n<\/ol>\n<p>Falls Sie eine kostenfreie Hilfe brauchen, um das Widget hinzuzuf\u00fcgen, dann k\u00f6nnen Sie sich unseren professionellen Elfsight Support wenden.<\/p>\n\n\n\n","protected":false},"excerpt":{"rendered":"Seit etlichen Jahren hat Elfsight Kompanie viele absolut intuitiven und responsiven Werkzeuge f\u00fcr Strikingly Websites gebaut. Mit Hilfe dieser Werkzeuge k\u00f6nnen Sie die Benutzerinteraktion erh\u00f6hen, die Anzahl Ihrer Follower erh\u00f6hen, Kundenbewertungen aus sozialen Medien anzeigen und andere gesch\u00e4ftlichen Herausforderungen l\u00f6sen. Unsere Team pr\u00e4sentiert vielgestaltig Preism\u00f6glichkeiten: von kostenlos bis zu Premium&#8230;.","protected":false},"author":11,"featured_media":0,"parent":0,"menu_order":0,"comment_status":"closed","ping_status":"closed","template":"templates\/template-platform.php","meta":{"publish_to_discourse":"","publish_post_category":"","wpdc_auto_publish_overridden":"","wpdc_topic_tags":"","wpdc_pin_topic":"","wpdc_pin_until":"","discourse_post_id":"","discourse_permalink":"","wpdc_publishing_response":"","wpdc_publishing_error":"","footnotes":""},"class_list":["post-310","page","type-page","status-publish","hentry"],"yoast_head":"<!-- This site is optimized with the Yoast SEO plugin v25.3.1 - https:\/\/yoast.com\/wordpress\/plugins\/seo\/ -->\n<title>Die besten kostenlosenstrikingly-Apps f\u00fcr Ihre Website (2025)<\/title>\n<meta name=\"description\" content=\"Eine Auswahl von sch\u00f6nsten kostenlosen Bedienelemente speziell f\u00fcr Ihre Strikingly Websites. Hilfe bei der Anpassung und unbegrenzte Anzahl von Features.\" \/>\n<meta name=\"robots\" content=\"index, follow, max-snippet:-1, max-image-preview:large, max-video-preview:-1\" \/>\n<link rel=\"canonical\" href=\"https:\/\/elfsight.com\/de\/strikingly-apps\/\" \/>\n<meta property=\"og:locale\" content=\"de_DE\" \/>\n<meta property=\"og:type\" content=\"article\" \/>\n<meta property=\"og:title\" content=\"Die besten kostenlosenstrikingly-Apps f\u00fcr Ihre Website (2025)\" \/>\n<meta property=\"og:description\" content=\"Eine Auswahl von sch\u00f6nsten kostenlosen Bedienelemente speziell f\u00fcr Ihre Strikingly Websites. Hilfe bei der Anpassung und unbegrenzte Anzahl von Features.\" \/>\n<meta property=\"og:url\" content=\"https:\/\/elfsight.com\/de\/strikingly-apps\/\" \/>\n<meta property=\"og:site_name\" content=\"Elfsight DE\" \/>\n<meta property=\"article:modified_time\" content=\"2020-09-16T13:52:44+00:00\" \/>\n<meta name=\"twitter:card\" content=\"summary_large_image\" \/>\n<meta name=\"twitter:label1\" content=\"Gesch\u00e4tzte Lesezeit\" \/>\n\t<meta name=\"twitter:data1\" content=\"1\u00a0Minute\" \/>\n<!-- \/ Yoast SEO plugin. -->","yoast_head_json":{"title":"Die besten kostenlosenstrikingly-Apps f\u00fcr Ihre Website (2025)","description":"Eine Auswahl von sch\u00f6nsten kostenlosen Bedienelemente speziell f\u00fcr Ihre Strikingly Websites. Hilfe bei der Anpassung und unbegrenzte Anzahl von Features.","robots":{"index":"index","follow":"follow","max-snippet":"max-snippet:-1","max-image-preview":"max-image-preview:large","max-video-preview":"max-video-preview:-1"},"canonical":"https:\/\/elfsight.com\/de\/strikingly-apps\/","og_locale":"de_DE","og_type":"article","og_title":"Die besten kostenlosenstrikingly-Apps f\u00fcr Ihre Website (2025)","og_description":"Eine Auswahl von sch\u00f6nsten kostenlosen Bedienelemente speziell f\u00fcr Ihre Strikingly Websites. Hilfe bei der Anpassung und unbegrenzte Anzahl von Features.","og_url":"https:\/\/elfsight.com\/de\/strikingly-apps\/","og_site_name":"Elfsight DE","article_modified_time":"2020-09-16T13:52:44+00:00","twitter_card":"summary_large_image","twitter_misc":{"Gesch\u00e4tzte Lesezeit":"1\u00a0Minute"},"schema":{"@context":"https:\/\/schema.org","@graph":[{"@type":"WebPage","@id":"https:\/\/elfsight.com\/de\/strikingly-apps\/","url":"https:\/\/elfsight.com\/de\/strikingly-apps\/","name":"Die besten kostenlosenstrikingly-Apps f\u00fcr Ihre Website (2025)","isPartOf":{"@id":"https:\/\/elfsight.com\/de\/#website"},"datePublished":"2020-02-26T09:49:41+00:00","dateModified":"2020-09-16T13:52:44+00:00","description":"Eine Auswahl von sch\u00f6nsten kostenlosen Bedienelemente speziell f\u00fcr Ihre Strikingly Websites. Hilfe bei der Anpassung und unbegrenzte Anzahl von Features.","breadcrumb":{"@id":"https:\/\/elfsight.com\/de\/strikingly-apps\/#breadcrumb"},"inLanguage":"de","potentialAction":[{"@type":"ReadAction","target":["https:\/\/elfsight.com\/de\/strikingly-apps\/"]}]},{"@type":"BreadcrumbList","@id":"https:\/\/elfsight.com\/de\/strikingly-apps\/#breadcrumb","itemListElement":[{"@type":"ListItem","position":1,"name":"Home","item":"https:\/\/elfsight.com\/de\/"},{"@type":"ListItem","position":2,"name":"Strikingly Apps"}]},{"@type":"WebSite","@id":"https:\/\/elfsight.com\/de\/#website","url":"https:\/\/elfsight.com\/de\/","name":"Elfsight DE","description":"Just another Elfsight Sites site","potentialAction":[{"@type":"SearchAction","target":{"@type":"EntryPoint","urlTemplate":"https:\/\/elfsight.com\/de\/?s={search_term_string}"},"query-input":{"@type":"PropertyValueSpecification","valueRequired":true,"valueName":"search_term_string"}}],"inLanguage":"de"}]}},"meta_box":{"industry":"","seo_heading":"","heading":"","description":"","cta_heading":"","cta_description":"","application":"","h1":"Effective ansprechbare L\u00f6sungen f\u00fcr Ihre Strikingly Web-Seite","h1_caption":"Dies ist die Reihe von besseren Oberfl\u00e4chenelemente f\u00fcr Internetseite, um Ihre Kundenbindung zu st\u00e4rken und wesentliche kommerzielle Zweck zu erreichen. Alle Apps kann leicht angepasst und eingebunden werden. Unsere Kompanie leistet die unbeschr\u00e4nkte Anzahl von Optionen und die beeindruckende technische Unterst\u00fctzung f\u00fcr alle Benutzer.","application_category":[],"applications_title":"Testen Sie alle erstklassigen kostenfreien Strikingly Werkzeuge aus der Reihe:","applications_request_title":"Sie k\u00f6nnen das gew\u00fcnschte Widget nicht finden?","applications_request_button_text":"Fordern Sie ein Plugin an","hero_text":"","hero_video":"","hero_video_schema_markup":"","selling_points_title":"","selling_points_caption":"","selling_points":[],"selling_points_cta_text":"","features_title":"","features":"","ed_cta_examples_text":"","ed_cta_examples_hidden":"","ed_cta_demo_text":"","ed_cta_demo_hidden":"","why_caption":"","why_editor_title":"","why_editor_text":"","why_team_title":"","why_team_text":"","why_service_title":"","why_service_text":"","template_catalog_visible":"","template_catalog_title":"","template_catalog_text":"","template_catalog_categories_visible":"","demo_title":"","demo_caption":"","default_faq_hidden":"","app_template_category":[],"platform":"225","template_public_id":"","codecanyon_url":"","codecanyon_item_id":"","codecanyon_price":"","pricing_caption":"","pricing_elfsight_apps_hide_column":"","pricing_elfsight_apps_url":"","pricing_codecanyon_price_caption":"","integration_category":[],"integration_request_title":"","integration_request_cta":"","integration_platform":"","integrations":[],"platform_category":[],"video_schema_markup":"","price":"","trial":"","benefits":[],"button_url":"","button_target_blank":"","button_nofollow":"","attributes":[],"tags":[],"tags_disable_links":"","hide_more_platforms":"","video_object":"","demo_hide_cta":"","demo_hide_cloud_options":"","pricing_title":"","pricing":[],"related_apps_title":"","related_apps_hidden":"","author":"","image":[],"title":"","job":"","social_networks":[]},"_links":{"self":[{"href":"https:\/\/elfsight.com\/de\/wp-json\/wp\/v2\/pages\/310","targetHints":{"allow":["GET"]}}],"collection":[{"href":"https:\/\/elfsight.com\/de\/wp-json\/wp\/v2\/pages"}],"about":[{"href":"https:\/\/elfsight.com\/de\/wp-json\/wp\/v2\/types\/page"}],"author":[{"embeddable":true,"href":"https:\/\/elfsight.com\/de\/wp-json\/wp\/v2\/users\/11"}],"replies":[{"embeddable":true,"href":"https:\/\/elfsight.com\/de\/wp-json\/wp\/v2\/comments?post=310"}],"version-history":[{"count":5,"href":"https:\/\/elfsight.com\/de\/wp-json\/wp\/v2\/pages\/310\/revisions"}],"predecessor-version":[{"id":3039,"href":"https:\/\/elfsight.com\/de\/wp-json\/wp\/v2\/pages\/310\/revisions\/3039"}],"wp:attachment":[{"href":"https:\/\/elfsight.com\/de\/wp-json\/wp\/v2\/media?parent=310"}],"curies":[{"name":"wp","href":"https:\/\/api.w.org\/{rel}","templated":true}]}}