{"id":3097,"date":"2020-09-17T12:23:43","date_gmt":"2020-09-17T12:23:43","guid":{"rendered":"https:\/\/elfsight.com\/de\/?page_id=3097"},"modified":"2020-10-14T15:12:51","modified_gmt":"2020-10-14T15:12:51","slug":"netlify-widgets","status":"publish","type":"page","link":"https:\/\/elfsight.com\/de\/netlify-widgets\/","title":{"rendered":"Netlify Widgets"},"content":{"rendered":"\n<p>\u00dcber mehrere Jahre hat Elfsight viele absolut passenden und mobil-freundlichen L\u00f6sungen f\u00fcr Netlify Websites entworfen. Mit Hilfe der Widgets k\u00f6nnen Sie die Benutzerinteraktion erh\u00f6hen, die Qualit\u00e4t des Kundensupports verbessern, Kundenbewertungen aus sozialen Medien anzeigen und andere unternehmerischen Herausforderungen l\u00f6sen. <\/p> \n\n<p>Elfsight Team verschafft eine gro\u00dfe Vielfalt von Preisoptionen: von gratis bis zu Premium. Anreichern Ihre Website-Funktionalit\u00e4t ohne zus\u00e4tzlichen Ausgaben. <\/p>\n\n\n<h2>Warum sind unsere Netlify-Bedienelemente so au\u00dfergew\u00f6hnlich? <\/h2>\n\n<p>Hier sind die folgende \u00dcbersicht der besonderen Vorz\u00fcge: <\/p> \n<ul>\n<li>Kostenfreie Hilfe bei der Installation des Widgets; <\/li>\n\n<li>Ganz ansprechende f\u00fcr jedes Ger\u00e4t; <\/li>\n\n<li>Keine Programmierkenntnisse erforderlich; <\/li>\n\n<li>Eine Vielzahl von anpassbare und einsatzf\u00e4hige Templates; <\/li>\n\n<li>Einfach zu bedienende Konfigurator; <\/li>\n\n<li>Die Cloud-basierte Widgets f\u00fcr hoher Ladegeschwindigkeit; <\/li> \n\n<li>Die regelm\u00e4\u00dfige automatische Updat; <\/li> \n\n<li>Fachliche Unterst\u00fctzung von unserem Elfsight Team. <\/li> \n<\/ul>\n\n<p>Testen Sie mit kostenfreien Version. Zeigen Sie alle Leistungsf\u00e4higkeiten oder integrieren Sie richtiges Widget mit 20% Rabatt. <\/p> \n\n<h2>Wie kann ich ein Widget auf Netlify Website integrieren? <\/h2> \n<p>Um ein Werkzeug auf der Web-Seite zu installieren, folgen Sie einfach den Schritten: <\/p>\n<ol>\n<li>Finden Sie das optimal Werkzeug und passen Sie es an. Klicken Sie auf Speichern. <\/li> \n\n<li>F\u00fcgen Sie Code hinzu um das Widget auf Ihrer Seite einzubetten. <\/li>\n\n<li>Gemacht! Sie haben das App erfolgreich auf der Netlify Website eingebettet. <\/li>\n<\/ol>\n<p>Falls Sie eine kostenlose Hilfe brauchen, um das Widget einzubetten, dann k\u00f6nnen Sie sich unseren hochqualifizierten Elfsight Support wenden. <\/p>\n","protected":false},"excerpt":{"rendered":"\u00dcber mehrere Jahre hat Elfsight viele absolut passenden und mobil-freundlichen L\u00f6sungen f\u00fcr Netlify Websites entworfen. Mit Hilfe der Widgets k\u00f6nnen Sie die Benutzerinteraktion erh\u00f6hen, die Qualit\u00e4t des Kundensupports verbessern, Kundenbewertungen aus sozialen Medien anzeigen und andere unternehmerischen Herausforderungen l\u00f6sen. Elfsight Team verschafft eine gro\u00dfe Vielfalt von Preisoptionen: von gratis bis&#8230;","protected":false},"author":11,"featured_media":0,"parent":0,"menu_order":0,"comment_status":"closed","ping_status":"closed","template":"templates\/template-platform.php","meta":{"publish_to_discourse":"","publish_post_category":"","wpdc_auto_publish_overridden":"","wpdc_topic_tags":"","wpdc_pin_topic":"","wpdc_pin_until":"","discourse_post_id":"","discourse_permalink":"","wpdc_publishing_response":"","wpdc_publishing_error":"","footnotes":""},"class_list":["post-3097","page","type-page","status-publish","hentry"],"yoast_head":"<!-- This site is optimized with the Yoast SEO plugin v25.3.1 - https:\/\/yoast.com\/wordpress\/plugins\/seo\/ -->\n<title>Die mobile-freundlichen Widgets f\u00fcr Ihre Netlify Website (2025)<\/title>\n<meta name=\"description\" content=\"Eine Sammlung von wunderbaren kostenfreien Werkzeuge gerade f\u00fcr Ihre Netlify Websites. Hilfe bei der Personalisierung und unbeschr\u00e4nkte Reihe von Optionen.\" \/>\n<meta name=\"robots\" content=\"index, follow, max-snippet:-1, max-image-preview:large, max-video-preview:-1\" \/>\n<link rel=\"canonical\" href=\"https:\/\/elfsight.com\/de\/netlify-widgets\/\" \/>\n<meta property=\"og:locale\" content=\"de_DE\" \/>\n<meta property=\"og:type\" content=\"article\" \/>\n<meta property=\"og:title\" content=\"Die mobile-freundlichen Widgets f\u00fcr Ihre Netlify Website (2025)\" \/>\n<meta property=\"og:description\" content=\"Eine Sammlung von wunderbaren kostenfreien Werkzeuge gerade f\u00fcr Ihre Netlify Websites. Hilfe bei der Personalisierung und unbeschr\u00e4nkte Reihe von Optionen.\" \/>\n<meta property=\"og:url\" content=\"https:\/\/elfsight.com\/de\/netlify-widgets\/\" \/>\n<meta property=\"og:site_name\" content=\"Elfsight DE\" \/>\n<meta property=\"article:modified_time\" content=\"2020-10-14T15:12:51+00:00\" \/>\n<meta name=\"twitter:card\" content=\"summary_large_image\" \/>\n<meta name=\"twitter:label1\" content=\"Gesch\u00e4tzte Lesezeit\" \/>\n\t<meta name=\"twitter:data1\" content=\"1\u00a0Minute\" \/>\n<!-- \/ Yoast SEO plugin. -->","yoast_head_json":{"title":"Die mobile-freundlichen Widgets f\u00fcr Ihre Netlify Website (2025)","description":"Eine Sammlung von wunderbaren kostenfreien Werkzeuge gerade f\u00fcr Ihre Netlify Websites. Hilfe bei der Personalisierung und unbeschr\u00e4nkte Reihe von Optionen.","robots":{"index":"index","follow":"follow","max-snippet":"max-snippet:-1","max-image-preview":"max-image-preview:large","max-video-preview":"max-video-preview:-1"},"canonical":"https:\/\/elfsight.com\/de\/netlify-widgets\/","og_locale":"de_DE","og_type":"article","og_title":"Die mobile-freundlichen Widgets f\u00fcr Ihre Netlify Website (2025)","og_description":"Eine Sammlung von wunderbaren kostenfreien Werkzeuge gerade f\u00fcr Ihre Netlify Websites. Hilfe bei der Personalisierung und unbeschr\u00e4nkte Reihe von Optionen.","og_url":"https:\/\/elfsight.com\/de\/netlify-widgets\/","og_site_name":"Elfsight DE","article_modified_time":"2020-10-14T15:12:51+00:00","twitter_card":"summary_large_image","twitter_misc":{"Gesch\u00e4tzte Lesezeit":"1\u00a0Minute"},"schema":{"@context":"https:\/\/schema.org","@graph":[{"@type":"WebPage","@id":"https:\/\/elfsight.com\/de\/netlify-widgets\/","url":"https:\/\/elfsight.com\/de\/netlify-widgets\/","name":"Die mobile-freundlichen Widgets f\u00fcr Ihre Netlify Website (2025)","isPartOf":{"@id":"https:\/\/elfsight.com\/de\/#website"},"datePublished":"2020-09-17T12:23:43+00:00","dateModified":"2020-10-14T15:12:51+00:00","description":"Eine Sammlung von wunderbaren kostenfreien Werkzeuge gerade f\u00fcr Ihre Netlify Websites. Hilfe bei der Personalisierung und unbeschr\u00e4nkte Reihe von Optionen.","breadcrumb":{"@id":"https:\/\/elfsight.com\/de\/netlify-widgets\/#breadcrumb"},"inLanguage":"de","potentialAction":[{"@type":"ReadAction","target":["https:\/\/elfsight.com\/de\/netlify-widgets\/"]}]},{"@type":"BreadcrumbList","@id":"https:\/\/elfsight.com\/de\/netlify-widgets\/#breadcrumb","itemListElement":[{"@type":"ListItem","position":1,"name":"Home","item":"https:\/\/elfsight.com\/de\/"},{"@type":"ListItem","position":2,"name":"Netlify Widgets"}]},{"@type":"WebSite","@id":"https:\/\/elfsight.com\/de\/#website","url":"https:\/\/elfsight.com\/de\/","name":"Elfsight DE","description":"Just another Elfsight Sites site","potentialAction":[{"@type":"SearchAction","target":{"@type":"EntryPoint","urlTemplate":"https:\/\/elfsight.com\/de\/?s={search_term_string}"},"query-input":{"@type":"PropertyValueSpecification","valueRequired":true,"valueName":"search_term_string"}}],"inLanguage":"de"}]}},"meta_box":{"industry":"","seo_heading":"","heading":"","description":"","cta_heading":"","cta_description":"","application":"","h1":"Beste mobilfreundliche Werkzeuge f\u00fcr Ihre Netlify Website","h1_caption":"Dies ist die Reihe von besseren Plugins f\u00fcr Website, um Ihre Nutzeraktivit\u00e4t zu optimieren und wesentliche gewerbliche Zweck zu erreichen. Alle Miniprogramme kann m\u00fchelos adaptiert und hinzugef\u00fcgt werden. Die Kompanie bringt die unbeschr\u00e4nkte Anzahl von Merkmalen und die sch\u00f6nste technische Support f\u00fcr alle Benutzer.","application_category":[],"applications_title":"Untersuchen Sie alle schl\u00fcsselfertigen kostenlosen Netlify L\u00f6sungen aus der \u00dcbersicht:","applications_request_title":"K\u00f6nnen Sie kein Widget finden, das Sie ben\u00f6tigen?","applications_request_button_text":"Fordern Sie ein Widget an","hero_text":"","hero_video":"","hero_video_schema_markup":"","selling_points_title":"","selling_points_caption":"","selling_points":[],"selling_points_cta_text":"","features_title":"","features":"","ed_cta_examples_text":"","ed_cta_examples_hidden":"","ed_cta_demo_text":"","ed_cta_demo_hidden":"","why_caption":"","why_editor_title":"","why_editor_text":"","why_team_title":"","why_team_text":"","why_service_title":"","why_service_text":"","template_catalog_visible":"","template_catalog_title":"","template_catalog_text":"","template_catalog_categories_visible":"","demo_title":"","demo_caption":"","default_faq_hidden":"","app_template_category":[],"platform":"2983","template_public_id":"","codecanyon_url":"","codecanyon_item_id":"","codecanyon_price":"","pricing_caption":"","pricing_elfsight_apps_hide_column":"","pricing_elfsight_apps_url":"","pricing_codecanyon_price_caption":"","integration_category":[],"integration_request_title":"","integration_request_cta":"","integration_platform":"","integrations":[],"platform_category":[],"video_schema_markup":"","price":"","trial":"","benefits":[],"button_url":"","button_target_blank":"","button_nofollow":"","attributes":[],"tags":[],"tags_disable_links":"","hide_more_platforms":"","video_object":"","demo_hide_cta":"","demo_hide_cloud_options":"","pricing_title":"","pricing":[],"related_apps_title":"","related_apps_hidden":"","author":"","image":[],"title":"","job":"","social_networks":[]},"_links":{"self":[{"href":"https:\/\/elfsight.com\/de\/wp-json\/wp\/v2\/pages\/3097","targetHints":{"allow":["GET"]}}],"collection":[{"href":"https:\/\/elfsight.com\/de\/wp-json\/wp\/v2\/pages"}],"about":[{"href":"https:\/\/elfsight.com\/de\/wp-json\/wp\/v2\/types\/page"}],"author":[{"embeddable":true,"href":"https:\/\/elfsight.com\/de\/wp-json\/wp\/v2\/users\/11"}],"replies":[{"embeddable":true,"href":"https:\/\/elfsight.com\/de\/wp-json\/wp\/v2\/comments?post=3097"}],"version-history":[{"count":2,"href":"https:\/\/elfsight.com\/de\/wp-json\/wp\/v2\/pages\/3097\/revisions"}],"predecessor-version":[{"id":3099,"href":"https:\/\/elfsight.com\/de\/wp-json\/wp\/v2\/pages\/3097\/revisions\/3099"}],"wp:attachment":[{"href":"https:\/\/elfsight.com\/de\/wp-json\/wp\/v2\/media?parent=3097"}],"curies":[{"name":"wp","href":"https:\/\/api.w.org\/{rel}","templated":true}]}}