{"id":3088,"date":"2020-09-17T11:32:46","date_gmt":"2020-09-17T11:32:46","guid":{"rendered":"https:\/\/elfsight.com\/de\/?page_id=3088"},"modified":"2020-10-14T15:32:19","modified_gmt":"2020-10-14T15:32:19","slug":"yola-apps","status":"publish","type":"page","link":"https:\/\/elfsight.com\/de\/yola-apps\/","title":{"rendered":"Yola Apps"},"content":{"rendered":"\n<p>Seit vielen Jahren hat Elfsight viele vollkommen passenden und smart Werkzeuge f\u00fcr Yola Websites entworfen. Mit Hilfe unserer Plugins k\u00f6nnen Sie viel mehr Leads sammeln, den Ruf der Marke verbessern, jederzeit \u00fcber Chats mit Kunden in Kontakt bleiben und andere gesch\u00e4ftlichen Herausforderungen l\u00f6sen. <\/p> \n\n<p>Elfsight Team verschafft eine breite Vielfalt von Preisoptionen: von kostenlos bis zu Premium. Verbessern Ihre Website-Funktionalit\u00e4t ohne Zusatzkosten. <\/p>\n\n\n<h2>Warum w\u00e4hlen viele Website-Inhaber unsere Widgets? <\/h2>\n\n<p> Lesen Sie die folgende Auswahl der besonderen Vorz\u00fcge: <\/p> \n<ul>\n<li>Kostenlose Installationsunterst\u00fctzung des Plugins; <\/li>\n\n<li>Ganz responsive f\u00fcr jeden Bildschirm; <\/li>\n\n<li>Ohne Codierung; <\/li>\n\n<li>Eine breite Palette von anpassbare und benutzerfreundliche Vorlagen; <\/li>\n\n<li>Komfortable Benutzeroberfl\u00e4che; <\/li>\n\n<li>Die Cloud-Dienste f\u00fcr hoher Ladegeschwindigkeit; <\/li> \n\n<li>Die regul\u00e4re automatische Updates; <\/li> \n\n<li>Schnelle Unterst\u00fctzung von h\u00f6flichen Elfsight Team. <\/li> \n<\/ul>\n\n<p>Testen Sie mit gratis Widget. Entdecken Sie alle Leistungsf\u00e4higkeiten oder erwerben Sie jedes Plugin mit 20% Skonto. <\/p> \n\n<h2>Wie kann ich ein App auf Yola Website integrieren? <\/h2> \n<p>Um ein App auf der Website zu installieren, lesen Sie einfach die folgenden Anweisungen: <\/p>\n<ol>\n<li>Entdecken Sie das richtig Werkzeug und w\u00e4hlen Sie die entsprechenden Einstellungen. Speichern Sie die \u00c4nderungen. <\/li> \n\n<li>Kopieren und f\u00fcgen Sie den Code hinzu um das App auf Ihrer Webseite einzubetten. <\/li>\n\n<li>App-Integrierung ist erfolgreich beendet! <\/li>\n<\/ol>\n<p>Wenn Sie eine kostenfreie Hilfe f\u00fcr die Installation des Widgets ben\u00f6tigen, dann k\u00f6nnen Sie sich unseren professionellen Elfsight Support wenden. <\/p>\n","protected":false},"excerpt":{"rendered":"Seit vielen Jahren hat Elfsight viele vollkommen passenden und smart Werkzeuge f\u00fcr Yola Websites entworfen. Mit Hilfe unserer Plugins k\u00f6nnen Sie viel mehr Leads sammeln, den Ruf der Marke verbessern, jederzeit \u00fcber Chats mit Kunden in Kontakt bleiben und andere gesch\u00e4ftlichen Herausforderungen l\u00f6sen. Elfsight Team verschafft eine breite Vielfalt von&#8230;","protected":false},"author":11,"featured_media":0,"parent":0,"menu_order":0,"comment_status":"closed","ping_status":"closed","template":"templates\/template-platform.php","meta":{"publish_to_discourse":"","publish_post_category":"","wpdc_auto_publish_overridden":"","wpdc_topic_tags":"","wpdc_pin_topic":"","wpdc_pin_until":"","discourse_post_id":"","discourse_permalink":"","wpdc_publishing_response":"","wpdc_publishing_error":"","footnotes":""},"class_list":["post-3088","page","type-page","status-publish","hentry"],"yoast_head":"<!-- This site is optimized with the Yoast SEO plugin v25.3.1 - https:\/\/yoast.com\/wordpress\/plugins\/seo\/ -->\n<title>Die mobile-freundlichen Apps f\u00fcr Ihre Yola Website (2025)<\/title>\n<meta name=\"description\" content=\"Eine Reihe von hochwertigen kostenfreien Miniprogramme gerade f\u00fcr Ihre Yola Web-Seiten. Hilfe zu der Personalisierung und unbegrenzte Reihe von Merkmalen.\" \/>\n<meta name=\"robots\" content=\"index, follow, max-snippet:-1, max-image-preview:large, max-video-preview:-1\" \/>\n<link rel=\"canonical\" href=\"https:\/\/elfsight.com\/de\/yola-apps\/\" \/>\n<meta property=\"og:locale\" content=\"de_DE\" \/>\n<meta property=\"og:type\" content=\"article\" \/>\n<meta property=\"og:title\" content=\"Die mobile-freundlichen Apps f\u00fcr Ihre Yola Website (2025)\" \/>\n<meta property=\"og:description\" content=\"Eine Reihe von hochwertigen kostenfreien Miniprogramme gerade f\u00fcr Ihre Yola Web-Seiten. Hilfe zu der Personalisierung und unbegrenzte Reihe von Merkmalen.\" \/>\n<meta property=\"og:url\" content=\"https:\/\/elfsight.com\/de\/yola-apps\/\" \/>\n<meta property=\"og:site_name\" content=\"Elfsight DE\" \/>\n<meta property=\"article:modified_time\" content=\"2020-10-14T15:32:19+00:00\" \/>\n<meta name=\"twitter:card\" content=\"summary_large_image\" \/>\n<meta name=\"twitter:label1\" content=\"Gesch\u00e4tzte Lesezeit\" \/>\n\t<meta name=\"twitter:data1\" content=\"1\u00a0Minute\" \/>\n<!-- \/ Yoast SEO plugin. -->","yoast_head_json":{"title":"Die mobile-freundlichen Apps f\u00fcr Ihre Yola Website (2025)","description":"Eine Reihe von hochwertigen kostenfreien Miniprogramme gerade f\u00fcr Ihre Yola Web-Seiten. Hilfe zu der Personalisierung und unbegrenzte Reihe von Merkmalen.","robots":{"index":"index","follow":"follow","max-snippet":"max-snippet:-1","max-image-preview":"max-image-preview:large","max-video-preview":"max-video-preview:-1"},"canonical":"https:\/\/elfsight.com\/de\/yola-apps\/","og_locale":"de_DE","og_type":"article","og_title":"Die mobile-freundlichen Apps f\u00fcr Ihre Yola Website (2025)","og_description":"Eine Reihe von hochwertigen kostenfreien Miniprogramme gerade f\u00fcr Ihre Yola Web-Seiten. Hilfe zu der Personalisierung und unbegrenzte Reihe von Merkmalen.","og_url":"https:\/\/elfsight.com\/de\/yola-apps\/","og_site_name":"Elfsight DE","article_modified_time":"2020-10-14T15:32:19+00:00","twitter_card":"summary_large_image","twitter_misc":{"Gesch\u00e4tzte Lesezeit":"1\u00a0Minute"},"schema":{"@context":"https:\/\/schema.org","@graph":[{"@type":"WebPage","@id":"https:\/\/elfsight.com\/de\/yola-apps\/","url":"https:\/\/elfsight.com\/de\/yola-apps\/","name":"Die mobile-freundlichen Apps f\u00fcr Ihre Yola Website (2025)","isPartOf":{"@id":"https:\/\/elfsight.com\/de\/#website"},"datePublished":"2020-09-17T11:32:46+00:00","dateModified":"2020-10-14T15:32:19+00:00","description":"Eine Reihe von hochwertigen kostenfreien Miniprogramme gerade f\u00fcr Ihre Yola Web-Seiten. Hilfe zu der Personalisierung und unbegrenzte Reihe von Merkmalen.","breadcrumb":{"@id":"https:\/\/elfsight.com\/de\/yola-apps\/#breadcrumb"},"inLanguage":"de","potentialAction":[{"@type":"ReadAction","target":["https:\/\/elfsight.com\/de\/yola-apps\/"]}]},{"@type":"BreadcrumbList","@id":"https:\/\/elfsight.com\/de\/yola-apps\/#breadcrumb","itemListElement":[{"@type":"ListItem","position":1,"name":"Home","item":"https:\/\/elfsight.com\/de\/"},{"@type":"ListItem","position":2,"name":"Yola Apps"}]},{"@type":"WebSite","@id":"https:\/\/elfsight.com\/de\/#website","url":"https:\/\/elfsight.com\/de\/","name":"Elfsight DE","description":"Just another Elfsight Sites site","potentialAction":[{"@type":"SearchAction","target":{"@type":"EntryPoint","urlTemplate":"https:\/\/elfsight.com\/de\/?s={search_term_string}"},"query-input":{"@type":"PropertyValueSpecification","valueRequired":true,"valueName":"search_term_string"}}],"inLanguage":"de"}]}},"meta_box":{"industry":"","seo_heading":"","heading":"","description":"","cta_heading":"","cta_description":"","application":"","h1":"Hochwertige responsive L\u00f6sungen f\u00fcr Ihre Yola Website","h1_caption":"Dies ist die Serie von erstklassigen Widgets f\u00fcr Webseite, um seine Verk\u00e4ufe zu steigern und andere kommerzielle Ziele zu erreichen. Die Plugins kann einfach konfiguriert und integriert werden. Die Firma leistet die unendliche Anzahl von M\u00f6glichkeiten und die beeindruckende technische Support f\u00fcr alle Kunden.","application_category":[],"applications_title":"Untersuchen Sie alle sch\u00f6nsten kostenlosen Yola Bedienelemente in der Serie:","applications_request_title":"K\u00f6nnen Sie kein App finden, das Sie ben\u00f6tigen?","applications_request_button_text":"Fordern Sie ein App an","hero_text":"","hero_video":"","hero_video_schema_markup":"","selling_points_title":"","selling_points_caption":"","selling_points":[],"selling_points_cta_text":"","features_title":"","features":"","ed_cta_examples_text":"","ed_cta_examples_hidden":"","ed_cta_demo_text":"","ed_cta_demo_hidden":"","why_caption":"","why_editor_title":"","why_editor_text":"","why_team_title":"","why_team_text":"","why_service_title":"","why_service_text":"","template_catalog_visible":"","template_catalog_title":"","template_catalog_text":"","template_catalog_categories_visible":"","demo_title":"","demo_caption":"","default_faq_hidden":"","app_template_category":[],"platform":"2980","template_public_id":"","codecanyon_url":"","codecanyon_item_id":"","codecanyon_price":"","pricing_caption":"","pricing_elfsight_apps_hide_column":"","pricing_elfsight_apps_url":"","pricing_codecanyon_price_caption":"","integration_category":[],"integration_request_title":"","integration_request_cta":"","integration_platform":"","integrations":[],"platform_category":[],"video_schema_markup":"","price":"","trial":"","benefits":[],"button_url":"","button_target_blank":"","button_nofollow":"","attributes":[],"tags":[],"tags_disable_links":"","hide_more_platforms":"","video_object":"","demo_hide_cta":"","demo_hide_cloud_options":"","pricing_title":"","pricing":[],"related_apps_title":"","related_apps_hidden":"","author":"","image":[],"title":"","job":"","social_networks":[]},"_links":{"self":[{"href":"https:\/\/elfsight.com\/de\/wp-json\/wp\/v2\/pages\/3088","targetHints":{"allow":["GET"]}}],"collection":[{"href":"https:\/\/elfsight.com\/de\/wp-json\/wp\/v2\/pages"}],"about":[{"href":"https:\/\/elfsight.com\/de\/wp-json\/wp\/v2\/types\/page"}],"author":[{"embeddable":true,"href":"https:\/\/elfsight.com\/de\/wp-json\/wp\/v2\/users\/11"}],"replies":[{"embeddable":true,"href":"https:\/\/elfsight.com\/de\/wp-json\/wp\/v2\/comments?post=3088"}],"version-history":[{"count":2,"href":"https:\/\/elfsight.com\/de\/wp-json\/wp\/v2\/pages\/3088\/revisions"}],"predecessor-version":[{"id":3090,"href":"https:\/\/elfsight.com\/de\/wp-json\/wp\/v2\/pages\/3088\/revisions\/3090"}],"wp:attachment":[{"href":"https:\/\/elfsight.com\/de\/wp-json\/wp\/v2\/media?parent=3088"}],"curies":[{"name":"wp","href":"https:\/\/api.w.org\/{rel}","templated":true}]}}