{"id":3085,"date":"2020-09-17T11:20:20","date_gmt":"2020-09-17T11:20:20","guid":{"rendered":"https:\/\/elfsight.com\/de\/?page_id=3085"},"modified":"2020-10-13T16:08:47","modified_gmt":"2020-10-13T16:08:47","slug":"wp-engine-plugins","status":"publish","type":"page","link":"https:\/\/elfsight.com\/de\/wp-engine-plugins\/","title":{"rendered":"WP Engine Plugins"},"content":{"rendered":"\n<h2>Hochwertige reaktionsschnelle Werkzeuge f\u00fcr Ihre WP Engine Seite<\/h2>\n\n\n<p>Seit einigen Jahren hat Elfsight viele vollkommen n\u00fctzlichen und gebrauchsfertigen L\u00f6sungen f\u00fcr WP Engine Webseiten gestellt. Mit Hilfe Elfsight Plugins k\u00f6nnen Sie den Umsatz steigern, Ihren Gewinn steigern, Kundenbewertungen aus sozialen Medien anzeigen und andere unternehmerischen Herausforderungen l\u00f6sen. <\/p> \n\n<p>Elfsight Team pr\u00e4sentiert eine breite Vielfalt von Peiswahlen: von kostenlos bis zu Premium. St\u00e4rken Ihre Website ohne Mehrkosten. <\/p>\n\n\n<h2>Warum brauchen viele Website-Eigent\u00fcmer unsere Widgets? <\/h2>\n\n<p>Untersuchen Sie die folgende \u00dcbersicht der ausstehenden Vorteile: <\/p> \n<ul>\n<li>Kostenfreie Hilfe zur Einsetzen des Widgets; <\/li>\n\n<li>Ganz responsive f\u00fcr jeden Bildschirm; <\/li>\n\n<li>Keine Programmierung; <\/li>\n\n<li>Eine gro\u00dfe Auswahl von anpassbare und einsatzf\u00e4hige Schablonen; <\/li>\n\n<li>Einfach zu bedienende Konfigurator; <\/li>\n\n<li>Die Cloud-L\u00f6sungen f\u00fcr hoher Ladegeschwindigkeit; <\/li> \n\n<li>Die regul\u00e4re automatische Aktualisierung; <\/li> \n\n<li>Fachliche Unterst\u00fctzung von erfahrenen Elfsight Team. <\/li> \n<\/ul>\n\n<p> Probieren Sie mit kostenlosen Widget. Schauen Sie alle Funktionen oder integrieren Sie ein beliebiges Plugin mit 20% Rabatt. <\/p> \n\n<h2>Wie kann man ein Widget auf WP Engine Website integrieren? <\/h2> \n<p>Um ein Widget auf der Webseite einzuf\u00fcgen, lesen Sie einfach die folgenden Anweisungen: <\/p>\n<ol>\n<li>Beschlie\u00dfen Sie das gew\u00fcnscht Widget und w\u00e4hlen Sie die entsprechenden Einstellungen. Klicken Sie auf Speichern. <\/li> \n\n<li>Kopieren und f\u00fcgen Sie den Code hinzu um das Widget auf Ihrer Website einzubinden. <\/li>\n\n<li>Plugin-Integration ist erfolgreich verlaufen! <\/li>\n<\/ol>\n<p>Wenn Sie eine kostenfreie Empfehlung ben\u00f6tigen, um das Widget einzubetten, dann unserer Support Team ist immer gl\u00fccklich, Ihnen zu helfen. <\/p>\n","protected":false},"excerpt":{"rendered":"Hochwertige reaktionsschnelle Werkzeuge f\u00fcr Ihre WP Engine Seite Seit einigen Jahren hat Elfsight viele vollkommen n\u00fctzlichen und gebrauchsfertigen L\u00f6sungen f\u00fcr WP Engine Webseiten gestellt. Mit Hilfe Elfsight Plugins k\u00f6nnen Sie den Umsatz steigern, Ihren Gewinn steigern, Kundenbewertungen aus sozialen Medien anzeigen und andere unternehmerischen Herausforderungen l\u00f6sen. Elfsight Team pr\u00e4sentiert eine&#8230;","protected":false},"author":11,"featured_media":0,"parent":0,"menu_order":0,"comment_status":"closed","ping_status":"closed","template":"templates\/template-platform.php","meta":{"publish_to_discourse":"","publish_post_category":"","wpdc_auto_publish_overridden":"","wpdc_topic_tags":"","wpdc_pin_topic":"","wpdc_pin_until":"","discourse_post_id":"","discourse_permalink":"","wpdc_publishing_response":"","wpdc_publishing_error":"","footnotes":""},"class_list":["post-3085","page","type-page","status-publish","hentry"],"yoast_head":"<!-- This site is optimized with the Yoast SEO plugin v25.3.1 - https:\/\/yoast.com\/wordpress\/plugins\/seo\/ -->\n<title>Die mobile-freundlichen Widgets f\u00fcr Ihre WP Engine Website (2025)<\/title>\n<meta name=\"description\" content=\"Eine Serie von bew\u00e4hrt kostenfreien Werkzeuge gerade f\u00fcr Ihre WP Engine Websites. Hilfe bei der Kundenbezogenheit und unbeschr\u00e4nkte Reihe von Funktionen.\" \/>\n<meta name=\"robots\" content=\"index, follow, max-snippet:-1, max-image-preview:large, max-video-preview:-1\" \/>\n<link rel=\"canonical\" href=\"https:\/\/elfsight.com\/de\/wp-engine-plugins\/\" \/>\n<meta property=\"og:locale\" content=\"de_DE\" \/>\n<meta property=\"og:type\" content=\"article\" \/>\n<meta property=\"og:title\" content=\"Die mobile-freundlichen Widgets f\u00fcr Ihre WP Engine Website (2025)\" \/>\n<meta property=\"og:description\" content=\"Eine Serie von bew\u00e4hrt kostenfreien Werkzeuge gerade f\u00fcr Ihre WP Engine Websites. Hilfe bei der Kundenbezogenheit und unbeschr\u00e4nkte Reihe von Funktionen.\" \/>\n<meta property=\"og:url\" content=\"https:\/\/elfsight.com\/de\/wp-engine-plugins\/\" \/>\n<meta property=\"og:site_name\" content=\"Elfsight DE\" \/>\n<meta property=\"article:modified_time\" content=\"2020-10-13T16:08:47+00:00\" \/>\n<meta name=\"twitter:card\" content=\"summary_large_image\" \/>\n<meta name=\"twitter:label1\" content=\"Gesch\u00e4tzte Lesezeit\" \/>\n\t<meta name=\"twitter:data1\" content=\"1\u00a0Minute\" \/>\n<!-- \/ Yoast SEO plugin. -->","yoast_head_json":{"title":"Die mobile-freundlichen Widgets f\u00fcr Ihre WP Engine Website (2025)","description":"Eine Serie von bew\u00e4hrt kostenfreien Werkzeuge gerade f\u00fcr Ihre WP Engine Websites. Hilfe bei der Kundenbezogenheit und unbeschr\u00e4nkte Reihe von Funktionen.","robots":{"index":"index","follow":"follow","max-snippet":"max-snippet:-1","max-image-preview":"max-image-preview:large","max-video-preview":"max-video-preview:-1"},"canonical":"https:\/\/elfsight.com\/de\/wp-engine-plugins\/","og_locale":"de_DE","og_type":"article","og_title":"Die mobile-freundlichen Widgets f\u00fcr Ihre WP Engine Website (2025)","og_description":"Eine Serie von bew\u00e4hrt kostenfreien Werkzeuge gerade f\u00fcr Ihre WP Engine Websites. Hilfe bei der Kundenbezogenheit und unbeschr\u00e4nkte Reihe von Funktionen.","og_url":"https:\/\/elfsight.com\/de\/wp-engine-plugins\/","og_site_name":"Elfsight DE","article_modified_time":"2020-10-13T16:08:47+00:00","twitter_card":"summary_large_image","twitter_misc":{"Gesch\u00e4tzte Lesezeit":"1\u00a0Minute"},"schema":{"@context":"https:\/\/schema.org","@graph":[{"@type":"WebPage","@id":"https:\/\/elfsight.com\/de\/wp-engine-plugins\/","url":"https:\/\/elfsight.com\/de\/wp-engine-plugins\/","name":"Die mobile-freundlichen Widgets f\u00fcr Ihre WP Engine Website (2025)","isPartOf":{"@id":"https:\/\/elfsight.com\/de\/#website"},"datePublished":"2020-09-17T11:20:20+00:00","dateModified":"2020-10-13T16:08:47+00:00","description":"Eine Serie von bew\u00e4hrt kostenfreien Werkzeuge gerade f\u00fcr Ihre WP Engine Websites. Hilfe bei der Kundenbezogenheit und unbeschr\u00e4nkte Reihe von Funktionen.","breadcrumb":{"@id":"https:\/\/elfsight.com\/de\/wp-engine-plugins\/#breadcrumb"},"inLanguage":"de","potentialAction":[{"@type":"ReadAction","target":["https:\/\/elfsight.com\/de\/wp-engine-plugins\/"]}]},{"@type":"BreadcrumbList","@id":"https:\/\/elfsight.com\/de\/wp-engine-plugins\/#breadcrumb","itemListElement":[{"@type":"ListItem","position":1,"name":"Home","item":"https:\/\/elfsight.com\/de\/"},{"@type":"ListItem","position":2,"name":"WP Engine Plugins"}]},{"@type":"WebSite","@id":"https:\/\/elfsight.com\/de\/#website","url":"https:\/\/elfsight.com\/de\/","name":"Elfsight DE","description":"Just another Elfsight Sites site","potentialAction":[{"@type":"SearchAction","target":{"@type":"EntryPoint","urlTemplate":"https:\/\/elfsight.com\/de\/?s={search_term_string}"},"query-input":{"@type":"PropertyValueSpecification","valueRequired":true,"valueName":"search_term_string"}}],"inLanguage":"de"}]}},"meta_box":{"industry":"","seo_heading":"","heading":"","description":"","cta_heading":"","cta_description":"","application":"","h1":"Hochwertige reaktionsschnelle Werkzeuge f\u00fcr Ihre WP Engine Seite","h1_caption":"Dies ist die Sammlung von wunderbaren Plugins f\u00fcr Website, um seine Kundenbindung zu erh\u00f6hen und grundlegende wirtschaftliche Zweck zu treffen. Die s\u00e4mtliche Widgets kann bequem angepasst und installiert werden. Die Kompanie bringt die unbeschr\u00e4nkte Reihe von Features und die beeindruckende technische Unterst\u00fctzung f\u00fcr alle Klienten.","application_category":[],"applications_title":"Probieren Sie alle problemlosen kostenfreien WP Engine L\u00f6sungen aus der Vielfalt:","applications_request_title":"K\u00f6nnen Sie nicht das richtige Widget finden?","applications_request_button_text":"Fordern Sie ein Widget an","hero_text":"","hero_video":"","hero_video_schema_markup":"","selling_points_title":"","selling_points_caption":"","selling_points":[],"selling_points_cta_text":"","features_title":"","features":"","ed_cta_examples_text":"","ed_cta_examples_hidden":"","ed_cta_demo_text":"","ed_cta_demo_hidden":"","why_caption":"","why_editor_title":"","why_editor_text":"","why_team_title":"","why_team_text":"","why_service_title":"","why_service_text":"","template_catalog_visible":"","template_catalog_title":"","template_catalog_text":"","template_catalog_categories_visible":"","demo_title":"","demo_caption":"","default_faq_hidden":"","app_template_category":[],"platform":"2979","template_public_id":"","codecanyon_url":"","codecanyon_item_id":"","codecanyon_price":"","pricing_caption":"","pricing_elfsight_apps_hide_column":"","pricing_elfsight_apps_url":"","pricing_codecanyon_price_caption":"","integration_category":[],"integration_request_title":"","integration_request_cta":"","integration_platform":"","integrations":[],"platform_category":[],"video_schema_markup":"","price":"","trial":"","benefits":[],"button_url":"","button_target_blank":"","button_nofollow":"","attributes":[],"tags":[],"tags_disable_links":"","hide_more_platforms":"","video_object":"","demo_hide_cta":"","demo_hide_cloud_options":"","pricing_title":"","pricing":[],"related_apps_title":"","related_apps_hidden":"","author":"","image":[],"title":"","job":"","social_networks":[]},"_links":{"self":[{"href":"https:\/\/elfsight.com\/de\/wp-json\/wp\/v2\/pages\/3085","targetHints":{"allow":["GET"]}}],"collection":[{"href":"https:\/\/elfsight.com\/de\/wp-json\/wp\/v2\/pages"}],"about":[{"href":"https:\/\/elfsight.com\/de\/wp-json\/wp\/v2\/types\/page"}],"author":[{"embeddable":true,"href":"https:\/\/elfsight.com\/de\/wp-json\/wp\/v2\/users\/11"}],"replies":[{"embeddable":true,"href":"https:\/\/elfsight.com\/de\/wp-json\/wp\/v2\/comments?post=3085"}],"version-history":[{"count":2,"href":"https:\/\/elfsight.com\/de\/wp-json\/wp\/v2\/pages\/3085\/revisions"}],"predecessor-version":[{"id":3087,"href":"https:\/\/elfsight.com\/de\/wp-json\/wp\/v2\/pages\/3085\/revisions\/3087"}],"wp:attachment":[{"href":"https:\/\/elfsight.com\/de\/wp-json\/wp\/v2\/media?parent=3085"}],"curies":[{"name":"wp","href":"https:\/\/api.w.org\/{rel}","templated":true}]}}