{"id":308,"date":"2020-02-26T09:30:29","date_gmt":"2020-02-26T09:30:29","guid":{"rendered":"https:\/\/elfsight.com\/de\/?page_id=308"},"modified":"2021-11-03T08:25:42","modified_gmt":"2021-11-03T08:25:42","slug":"elementor-widgets","status":"publish","type":"page","link":"https:\/\/elfsight.com\/de\/elementor-widgets\/","title":{"rendered":"Elementor widgets"},"content":{"rendered":"\n<p>Seit mehreren Jahren hat Elfsight Kompanie viele v\u00f6llig passenden und gebrauchsfertigen Werkzeuge f\u00fcr Elementor  Webseiten entwickelt. Mit Hilfe dieser Werkzeuge k\u00f6nnen Sie den Umsatz steigern, die Anzahl Ihrer Follower erh\u00f6hen, Ihr Gesch\u00e4ft schneller ausbauen und andere gesch\u00e4ftlichen Herausforderungen l\u00f6sen.<\/p> \n\n<p>Elfsight Team bietet verschiedene Peiswahlen: von gratis bis zu Premium. Verbessern Ihre Website-Funktionalit\u00e4t ohne Zusatzausgaben.<\/p>\n\n\n<h2>Warum sind unsere Elementor-Werkzeuge so au\u00dfergew\u00f6hnlich?<\/h2>\n\n<p>Untersuchen Sie die anschlie\u00dfende Vielfalt der wesentlichen Merkmale:<\/p> \n<ul>\n<li>Kostenlose Unterst\u00fctzung zur Installieren  des Widgets;<\/li>\n\n<li>V\u00f6llig mobil-freundliche f\u00fcr jedes Ger\u00e4t; <\/li>\n\n<li>Ohne Kodierung;<\/li>\n\n<li>Eine breite Palette von anpassbare und fertige Vorlagen;<\/li>\n\n<li>Intuitive Benutzeroberfl\u00e4che;<\/li>\n\n<li>Die Cloud-Dienste f\u00fcr hoher Ladegeschwindigkeit; <\/li>                                                                                                                \n\n<li>Die regelm\u00e4\u00dfige automatische Aktualisierung;<\/li> \n\n<li>Schnelle Unterst\u00fctzung von kompetent Elfsight Team.<\/li> \n<\/ul>\n\n<p> Probieren  Sie mit Demo-Widget. Bewerten Sie alle Leistungsf\u00e4higkeiten oder kaufen Sie ausgew\u00e4hlte App mit 20% Erm\u00e4ssigung. <\/p> \n\n<h2>Wie kann ich ein Widget auf Elementor Website integrieren?<\/h2> \n<p>Um ein Widget auf der Web-Seite einzuf\u00fcgen, lesen Sie einfach die folgenden Anweisungen: <\/p>\n<ol>\n<li>Bestimmen Sie das richtig Widget und \u00e4ndern Sie die Einstellungen. Speichern Sie die \u00c4nderungen.<\/li> \n\n<li>F\u00fcgen Sie Code hinzu um das Widget auf Ihrer Seite zu installieren. <\/li>\n\n<li>Getan! Sie haben das Werkzeug erfolgreich auf der Elementor Site installiert. <\/li>\n<\/ol>\n<p>Falls Sie eine kostenfreie Empfehlung f\u00fcr die Integration des Widgets ben\u00f6tigen, dann unserer Unterst\u00fctzungsteam hilft Ihnen gerne weiter.<\/p>\n","protected":false},"excerpt":{"rendered":"Seit mehreren Jahren hat Elfsight Kompanie viele v\u00f6llig passenden und gebrauchsfertigen Werkzeuge f\u00fcr Elementor Webseiten entwickelt. Mit Hilfe dieser Werkzeuge k\u00f6nnen Sie den Umsatz steigern, die Anzahl Ihrer Follower erh\u00f6hen, Ihr Gesch\u00e4ft schneller ausbauen und andere gesch\u00e4ftlichen Herausforderungen l\u00f6sen. Elfsight Team bietet verschiedene Peiswahlen: von gratis bis zu Premium. Verbessern&#8230;","protected":false},"author":11,"featured_media":0,"parent":0,"menu_order":0,"comment_status":"closed","ping_status":"closed","template":"templates\/template-platform.php","meta":{"publish_to_discourse":"","publish_post_category":"","wpdc_auto_publish_overridden":"","wpdc_topic_tags":"","wpdc_pin_topic":"","wpdc_pin_until":"","discourse_post_id":"","discourse_permalink":"","wpdc_publishing_response":"","wpdc_publishing_error":"","footnotes":""},"class_list":["post-308","page","type-page","status-publish","hentry"],"yoast_head":"<!-- This site is optimized with the Yoast SEO plugin v25.3.1 - https:\/\/yoast.com\/wordpress\/plugins\/seo\/ -->\n<title>Die besten kostenlosen Elementor Widgets f\u00fcr Ihre Website (2026)<\/title>\n<meta name=\"description\" content=\"Die sch\u00f6nsten kostenlose Bedienelemente gerade f\u00fcr Ihre Elementor Seiten. Hilfe zu der Personalisierung und unbegrenzte Anzahl von Optionen.\" \/>\n<meta name=\"robots\" content=\"index, follow, max-snippet:-1, max-image-preview:large, max-video-preview:-1\" \/>\n<link rel=\"canonical\" href=\"https:\/\/elfsight.com\/de\/elementor-widgets\/\" \/>\n<meta property=\"og:locale\" content=\"de_DE\" \/>\n<meta property=\"og:type\" content=\"article\" \/>\n<meta property=\"og:title\" content=\"Die besten kostenlosen Elementor Widgets f\u00fcr Ihre Website (2026)\" \/>\n<meta property=\"og:description\" content=\"Die sch\u00f6nsten kostenlose Bedienelemente gerade f\u00fcr Ihre Elementor Seiten. Hilfe zu der Personalisierung und unbegrenzte Anzahl von Optionen.\" \/>\n<meta property=\"og:url\" content=\"https:\/\/elfsight.com\/de\/elementor-widgets\/\" \/>\n<meta property=\"og:site_name\" content=\"Elfsight DE\" \/>\n<meta property=\"article:modified_time\" content=\"2021-11-03T08:25:42+00:00\" \/>\n<meta name=\"twitter:card\" content=\"summary_large_image\" \/>\n<meta name=\"twitter:label1\" content=\"Gesch\u00e4tzte Lesezeit\" \/>\n\t<meta name=\"twitter:data1\" content=\"1\u00a0Minute\" \/>\n<!-- \/ Yoast SEO plugin. -->","yoast_head_json":{"title":"Die besten kostenlosen Elementor Widgets f\u00fcr Ihre Website (2026)","description":"Die sch\u00f6nsten kostenlose Bedienelemente gerade f\u00fcr Ihre Elementor Seiten. Hilfe zu der Personalisierung und unbegrenzte Anzahl von Optionen.","robots":{"index":"index","follow":"follow","max-snippet":"max-snippet:-1","max-image-preview":"max-image-preview:large","max-video-preview":"max-video-preview:-1"},"canonical":"https:\/\/elfsight.com\/de\/elementor-widgets\/","og_locale":"de_DE","og_type":"article","og_title":"Die besten kostenlosen Elementor Widgets f\u00fcr Ihre Website (2026)","og_description":"Die sch\u00f6nsten kostenlose Bedienelemente gerade f\u00fcr Ihre Elementor Seiten. Hilfe zu der Personalisierung und unbegrenzte Anzahl von Optionen.","og_url":"https:\/\/elfsight.com\/de\/elementor-widgets\/","og_site_name":"Elfsight DE","article_modified_time":"2021-11-03T08:25:42+00:00","twitter_card":"summary_large_image","twitter_misc":{"Gesch\u00e4tzte Lesezeit":"1\u00a0Minute"},"schema":{"@context":"https:\/\/schema.org","@graph":[{"@type":"WebPage","@id":"https:\/\/elfsight.com\/de\/elementor-widgets\/","url":"https:\/\/elfsight.com\/de\/elementor-widgets\/","name":"Die besten kostenlosen Elementor Widgets f\u00fcr Ihre Website (2026)","isPartOf":{"@id":"https:\/\/elfsight.com\/de\/#website"},"datePublished":"2020-02-26T09:30:29+00:00","dateModified":"2021-11-03T08:25:42+00:00","description":"Die sch\u00f6nsten kostenlose Bedienelemente gerade f\u00fcr Ihre Elementor Seiten. Hilfe zu der Personalisierung und unbegrenzte Anzahl von Optionen.","breadcrumb":{"@id":"https:\/\/elfsight.com\/de\/elementor-widgets\/#breadcrumb"},"inLanguage":"de","potentialAction":[{"@type":"ReadAction","target":["https:\/\/elfsight.com\/de\/elementor-widgets\/"]}]},{"@type":"BreadcrumbList","@id":"https:\/\/elfsight.com\/de\/elementor-widgets\/#breadcrumb","itemListElement":[{"@type":"ListItem","position":1,"name":"Home","item":"https:\/\/elfsight.com\/de\/"},{"@type":"ListItem","position":2,"name":"Elementor widgets"}]},{"@type":"WebSite","@id":"https:\/\/elfsight.com\/de\/#website","url":"https:\/\/elfsight.com\/de\/","name":"Elfsight DE","description":"Just another Elfsight Sites site","potentialAction":[{"@type":"SearchAction","target":{"@type":"EntryPoint","urlTemplate":"https:\/\/elfsight.com\/de\/?s={search_term_string}"},"query-input":{"@type":"PropertyValueSpecification","valueRequired":true,"valueName":"search_term_string"}}],"inLanguage":"de"}]}},"meta_box":{"industry":"","seo_heading":"","heading":"","description":"","cta_heading":"","cta_description":"","application":"","h1":"Passende gebrauchsfertige L\u00f6sungen f\u00fcr Ihre Elementor Website","h1_caption":"Dies ist die Reihe von hochwertigen Plugins f\u00fcr Internetseite, um seine Kundenbindung zu gestalten und wichtige wirtschaftliche Zweck zu erlangen. Diese Apps kann schnell angepasst und hinzugef\u00fcgt werden. Die Firma liefert die unbeschr\u00e4nkte Anzahl von Optionen und die hochqualifizierte technische Unterst\u00fctzung f\u00fcr alle Benutzer.","application_category":[],"applications_title":"Erforschen Sie alle besseren kostenfreien Elementor Werkzeuge auf der Reihe:","applications_request_title":"Sie k\u00f6nnen das gew\u00fcnschte Widget nicht finden?","applications_request_button_text":"Fordern Sie ein Widget an","hero_text":"","hero_video":"","hero_video_schema_markup":"","selling_points_title":"","selling_points_caption":"","selling_points":[],"selling_points_cta_text":"","features_title":"","features":"","ed_cta_examples_text":"","ed_cta_examples_hidden":"","ed_cta_demo_text":"","ed_cta_demo_hidden":"","why_caption":"","why_editor_title":"","why_editor_text":"","why_team_title":"","why_team_text":"","why_service_title":"","why_service_text":"","template_catalog_visible":"","template_catalog_title":"","template_catalog_text":"","template_catalog_categories_visible":"","demo_title":"","demo_caption":"","default_faq_hidden":"","app_template_category":[],"platform":"223","template_public_id":"","codecanyon_url":"","codecanyon_item_id":"","codecanyon_price":"","pricing_caption":"","pricing_elfsight_apps_hide_column":"","pricing_elfsight_apps_url":"","pricing_codecanyon_price_caption":"","integration_category":[],"integration_request_title":"","integration_request_cta":"","integration_platform":"","integrations":[],"platform_category":[],"video_schema_markup":"","price":"","trial":"","benefits":[],"button_url":"","button_target_blank":"","button_nofollow":"","attributes":[],"tags":[],"tags_disable_links":"","hide_more_platforms":"","video_object":"","demo_hide_cta":"","demo_hide_cloud_options":"","pricing_title":"","pricing":[],"related_apps_title":"","related_apps_hidden":"","author":"","image":[],"title":"","job":"","social_networks":[]},"_links":{"self":[{"href":"https:\/\/elfsight.com\/de\/wp-json\/wp\/v2\/pages\/308","targetHints":{"allow":["GET"]}}],"collection":[{"href":"https:\/\/elfsight.com\/de\/wp-json\/wp\/v2\/pages"}],"about":[{"href":"https:\/\/elfsight.com\/de\/wp-json\/wp\/v2\/types\/page"}],"author":[{"embeddable":true,"href":"https:\/\/elfsight.com\/de\/wp-json\/wp\/v2\/users\/11"}],"replies":[{"embeddable":true,"href":"https:\/\/elfsight.com\/de\/wp-json\/wp\/v2\/comments?post=308"}],"version-history":[{"count":3,"href":"https:\/\/elfsight.com\/de\/wp-json\/wp\/v2\/pages\/308\/revisions"}],"predecessor-version":[{"id":3037,"href":"https:\/\/elfsight.com\/de\/wp-json\/wp\/v2\/pages\/308\/revisions\/3037"}],"wp:attachment":[{"href":"https:\/\/elfsight.com\/de\/wp-json\/wp\/v2\/media?parent=308"}],"curies":[{"name":"wp","href":"https:\/\/api.w.org\/{rel}","templated":true}]}}