{"id":305,"date":"2020-02-26T09:22:47","date_gmt":"2020-02-26T09:22:47","guid":{"rendered":"https:\/\/elfsight.com\/de\/?page_id=305"},"modified":"2020-09-16T13:45:41","modified_gmt":"2020-09-16T13:45:41","slug":"macaw-plugins","status":"publish","type":"page","link":"https:\/\/elfsight.com\/de\/macaw-plugins\/","title":{"rendered":"Macaw plugins"},"content":{"rendered":"\n\n<p>Seit etlichen Jahren hat Elfsight Kompanie viele v\u00f6llig intuitiven und responsiven L\u00f6sungen f\u00fcr Macaw  Websites gestaltet. Mit Hilfe dieser Werkzeuge k\u00f6nnen Sie den Umsatz steigern, Ihren Gewinn steigern,Ihr Gesch\u00e4ft schneller ausbauen und andere unternehmerischen Herausforderungen l\u00f6sen.<\/p> \n\n<p>Elfsight Team pr\u00e4sentiert eine breite Vielfalt von Peiswahlen: von kostenlos bis zu Premium. Erweitern Ihre Website-Funktionalit\u00e4t ohne Zusatzausgaben.<\/p>\n\n\n<h2>Warum sind unsere Macaw-Miniprogramme so besonderen?<\/h2>\n\n<p>Hier sind die folgende Auflistung der wesentlichen Leistungen:<\/p> \n<ul>\n<li>Kostenfreie Unterst\u00fctzung bei der Integration  des Widgets;<\/li>\n\n<li>Voll ansprechende f\u00fcr jedes Ger\u00e4t; <\/li>\n\n<li>Keine \u0421odierung;<\/li>\n\n<li>Eine breite Palette von anpassbare und einsatzf\u00e4hige Schablonen;<\/li>\n\n<li>M\u00fchelose Benutzeroberfl\u00e4che;<\/li>\n\n<li>Die Cloud-L\u00f6sungen f\u00fcr hoher Ladegeschwindigkeit; <\/li>                                                                                                                \n\n<li>Die regul\u00e4re automatische Aktualisierung;<\/li> \n\n<li>Hochqualifizierte Unterst\u00fctzung von freuflichen Elfsight Team.<\/li> \n<\/ul>\n\n<p>Zugreifen  Sie mit Demo-Widget. Bewerten Sie alle Funktionen oder integrieren Sie ausgew\u00e4hlte Widget mit 20% Erm\u00e4ssigung. <\/p> \n\n<h2>Wie kann ich ein Plugin auf Macaw Website integrieren?<\/h2> \n<p>Um ein Werkzeug auf der Webseite zu integrieren, sehen Sie einfach die folgenden Anweisungen: <\/p>\n<ol>\n<li>Beschlie\u00dfen Sie das gew\u00fcnscht Plugin und \u00e4ndern Sie die Einstellungen. Klicken Sie auf Speichern.<\/li> \n\n<li>F\u00fcgen Sie Code hinzu um das Plugin auf Ihrer Webseite zu integrieren. <\/li>\n\n<li>Geschafft! Sie haben das Werkzeug erfolgreich auf der Macaw Webseite hinzugef\u00fcgt. <\/li>\n<\/ol>\n<p>Falls Sie eine kostenlose Unterst\u00fctzung brauchen, um das Widget einzubetten, dann k\u00f6nnen Sie sich unseren professionellen Elfsight Support wenden.<\/p>\n\n\n","protected":false},"excerpt":{"rendered":"Seit etlichen Jahren hat Elfsight Kompanie viele v\u00f6llig intuitiven und responsiven L\u00f6sungen f\u00fcr Macaw Websites gestaltet. Mit Hilfe dieser Werkzeuge k\u00f6nnen Sie den Umsatz steigern, Ihren Gewinn steigern,Ihr Gesch\u00e4ft schneller ausbauen und andere unternehmerischen Herausforderungen l\u00f6sen. Elfsight Team pr\u00e4sentiert eine breite Vielfalt von Peiswahlen: von kostenlos bis zu Premium. Erweitern&#8230;","protected":false},"author":11,"featured_media":0,"parent":0,"menu_order":0,"comment_status":"closed","ping_status":"closed","template":"templates\/template-platform.php","meta":{"publish_to_discourse":"","publish_post_category":"","wpdc_auto_publish_overridden":"","wpdc_topic_tags":"","wpdc_pin_topic":"","wpdc_pin_until":"","discourse_post_id":"","discourse_permalink":"","wpdc_publishing_response":"","wpdc_publishing_error":"","footnotes":""},"class_list":["post-305","page","type-page","status-publish","hentry"],"yoast_head":"<!-- This site is optimized with the Yoast SEO plugin v25.3.1 - https:\/\/yoast.com\/wordpress\/plugins\/seo\/ -->\n<title>Die besten kostenlosen Macaw-Plugins f\u00fcr Ihre Website (2025)<\/title>\n<meta name=\"description\" content=\"Eine Sammlung von besseren gratis Miniprogramme gerade f\u00fcr Ihre Macaw Websites. Hilfe zu der Anpassung und grenzenlose Reihe von Merkmalen.\" \/>\n<meta name=\"robots\" content=\"index, follow, max-snippet:-1, max-image-preview:large, max-video-preview:-1\" \/>\n<link rel=\"canonical\" href=\"https:\/\/elfsight.com\/de\/macaw-plugins\/\" \/>\n<meta property=\"og:locale\" content=\"de_DE\" \/>\n<meta property=\"og:type\" content=\"article\" \/>\n<meta property=\"og:title\" content=\"Die besten kostenlosen Macaw-Plugins f\u00fcr Ihre Website (2025)\" \/>\n<meta property=\"og:description\" content=\"Eine Sammlung von besseren gratis Miniprogramme gerade f\u00fcr Ihre Macaw Websites. Hilfe zu der Anpassung und grenzenlose Reihe von Merkmalen.\" \/>\n<meta property=\"og:url\" content=\"https:\/\/elfsight.com\/de\/macaw-plugins\/\" \/>\n<meta property=\"og:site_name\" content=\"Elfsight DE\" \/>\n<meta property=\"article:modified_time\" content=\"2020-09-16T13:45:41+00:00\" \/>\n<meta name=\"twitter:card\" content=\"summary_large_image\" \/>\n<meta name=\"twitter:label1\" content=\"Gesch\u00e4tzte Lesezeit\" \/>\n\t<meta name=\"twitter:data1\" content=\"1\u00a0Minute\" \/>\n<!-- \/ Yoast SEO plugin. -->","yoast_head_json":{"title":"Die besten kostenlosen Macaw-Plugins f\u00fcr Ihre Website (2025)","description":"Eine Sammlung von besseren gratis Miniprogramme gerade f\u00fcr Ihre Macaw Websites. Hilfe zu der Anpassung und grenzenlose Reihe von Merkmalen.","robots":{"index":"index","follow":"follow","max-snippet":"max-snippet:-1","max-image-preview":"max-image-preview:large","max-video-preview":"max-video-preview:-1"},"canonical":"https:\/\/elfsight.com\/de\/macaw-plugins\/","og_locale":"de_DE","og_type":"article","og_title":"Die besten kostenlosen Macaw-Plugins f\u00fcr Ihre Website (2025)","og_description":"Eine Sammlung von besseren gratis Miniprogramme gerade f\u00fcr Ihre Macaw Websites. Hilfe zu der Anpassung und grenzenlose Reihe von Merkmalen.","og_url":"https:\/\/elfsight.com\/de\/macaw-plugins\/","og_site_name":"Elfsight DE","article_modified_time":"2020-09-16T13:45:41+00:00","twitter_card":"summary_large_image","twitter_misc":{"Gesch\u00e4tzte Lesezeit":"1\u00a0Minute"},"schema":{"@context":"https:\/\/schema.org","@graph":[{"@type":"WebPage","@id":"https:\/\/elfsight.com\/de\/macaw-plugins\/","url":"https:\/\/elfsight.com\/de\/macaw-plugins\/","name":"Die besten kostenlosen Macaw-Plugins f\u00fcr Ihre Website (2025)","isPartOf":{"@id":"https:\/\/elfsight.com\/de\/#website"},"datePublished":"2020-02-26T09:22:47+00:00","dateModified":"2020-09-16T13:45:41+00:00","description":"Eine Sammlung von besseren gratis Miniprogramme gerade f\u00fcr Ihre Macaw Websites. Hilfe zu der Anpassung und grenzenlose Reihe von Merkmalen.","breadcrumb":{"@id":"https:\/\/elfsight.com\/de\/macaw-plugins\/#breadcrumb"},"inLanguage":"de","potentialAction":[{"@type":"ReadAction","target":["https:\/\/elfsight.com\/de\/macaw-plugins\/"]}]},{"@type":"BreadcrumbList","@id":"https:\/\/elfsight.com\/de\/macaw-plugins\/#breadcrumb","itemListElement":[{"@type":"ListItem","position":1,"name":"Home","item":"https:\/\/elfsight.com\/de\/"},{"@type":"ListItem","position":2,"name":"Macaw plugins"}]},{"@type":"WebSite","@id":"https:\/\/elfsight.com\/de\/#website","url":"https:\/\/elfsight.com\/de\/","name":"Elfsight DE","description":"Just another Elfsight Sites site","potentialAction":[{"@type":"SearchAction","target":{"@type":"EntryPoint","urlTemplate":"https:\/\/elfsight.com\/de\/?s={search_term_string}"},"query-input":{"@type":"PropertyValueSpecification","valueRequired":true,"valueName":"search_term_string"}}],"inLanguage":"de"}]}},"meta_box":{"industry":"","seo_heading":"","heading":"","description":"","cta_heading":"","cta_description":"","application":"","h1":"Ideale mobilfreundliche L\u00f6sungen f\u00fcr Ihre Macaw Website","h1_caption":"Dies ist die Sammlung von problemlosen Plugins f\u00fcr Website, um Ihre Verk\u00e4ufe zu erh\u00f6hen und andere gewerbliche Zweck zu erlangen. Diese Bedienelemente kann leicht benutzerdefiniert und eingebettet werden. Die Kompanie bietet die unbegrenzte Reihe von Funktionen und die hochqualifizierte technische Support f\u00fcr alle Klienten.","application_category":[],"applications_title":"Untersuchen Sie alle einsatzbereiten kostenfreien Macaw Oberfl\u00e4chenelemente aus der Vielfalt:","applications_request_title":"Sie k\u00f6nnen das gew\u00fcnschte Widget nicht finden?","applications_request_button_text":"Fordern Sie ein Plugin an","hero_text":"","hero_video":"","hero_video_schema_markup":"","selling_points_title":"","selling_points_caption":"","selling_points":[],"selling_points_cta_text":"","features_title":"","features":"","ed_cta_examples_text":"","ed_cta_examples_hidden":"","ed_cta_demo_text":"","ed_cta_demo_hidden":"","why_caption":"","why_editor_title":"","why_editor_text":"","why_team_title":"","why_team_text":"","why_service_title":"","why_service_text":"","template_catalog_visible":"","template_catalog_title":"","template_catalog_text":"","template_catalog_categories_visible":"","demo_title":"","demo_caption":"","default_faq_hidden":"","app_template_category":[],"platform":"222","template_public_id":"","codecanyon_url":"","codecanyon_item_id":"","codecanyon_price":"","pricing_caption":"","pricing_elfsight_apps_hide_column":"","pricing_elfsight_apps_url":"","pricing_codecanyon_price_caption":"","integration_category":[],"integration_request_title":"","integration_request_cta":"","integration_platform":"","integrations":[],"platform_category":[],"video_schema_markup":"","price":"","trial":"","benefits":[],"button_url":"","button_target_blank":"","button_nofollow":"","attributes":[],"tags":[],"tags_disable_links":"","hide_more_platforms":"","video_object":"","demo_hide_cta":"","demo_hide_cloud_options":"","pricing_title":"","pricing":[],"related_apps_title":"","related_apps_hidden":"","author":"","image":[],"title":"","job":"","social_networks":[]},"_links":{"self":[{"href":"https:\/\/elfsight.com\/de\/wp-json\/wp\/v2\/pages\/305","targetHints":{"allow":["GET"]}}],"collection":[{"href":"https:\/\/elfsight.com\/de\/wp-json\/wp\/v2\/pages"}],"about":[{"href":"https:\/\/elfsight.com\/de\/wp-json\/wp\/v2\/types\/page"}],"author":[{"embeddable":true,"href":"https:\/\/elfsight.com\/de\/wp-json\/wp\/v2\/users\/11"}],"replies":[{"embeddable":true,"href":"https:\/\/elfsight.com\/de\/wp-json\/wp\/v2\/comments?post=305"}],"version-history":[{"count":3,"href":"https:\/\/elfsight.com\/de\/wp-json\/wp\/v2\/pages\/305\/revisions"}],"predecessor-version":[{"id":3036,"href":"https:\/\/elfsight.com\/de\/wp-json\/wp\/v2\/pages\/305\/revisions\/3036"}],"wp:attachment":[{"href":"https:\/\/elfsight.com\/de\/wp-json\/wp\/v2\/media?parent=305"}],"curies":[{"name":"wp","href":"https:\/\/api.w.org\/{rel}","templated":true}]}}