{"id":278,"date":"2020-02-26T07:29:40","date_gmt":"2020-02-26T07:29:40","guid":{"rendered":"https:\/\/elfsight.com\/de\/?page_id=278"},"modified":"2020-09-16T13:37:31","modified_gmt":"2020-09-16T13:37:31","slug":"mobirise-extensions","status":"publish","type":"page","link":"https:\/\/elfsight.com\/de\/mobirise-extensions\/","title":{"rendered":"Mobirise extensions"},"content":{"rendered":"\n<p>Seit einigen Jahren hat Elfsight Kompanie viele absolut n\u00fctzlichen und mobil-freundlichen Werkzeuge f\u00fcr Mobirise  Webseiten entwickelt. Mit Hilfe der Plugins k\u00f6nnen Sie die Benutzerinteraktion erh\u00f6hen, die Qualit\u00e4t des Kundensupports verbessern, Ihr Gesch\u00e4ft schneller ausbauen und andere gesch\u00e4ftlichen Herausforderungen l\u00f6sen.<\/p> \n\n<p>Unsere Team leistet eine gro\u00dfe Vielfalt von Preisoptionen: von gratis bis zu Premium. St\u00e4rken Ihre Website-Funktionalit\u00e4t ohne zus\u00e4tzlichen Ausgaben.<\/p>\n\n\n<h2>Warum geniessen viele Website-Besitzer unsere Widgets?<\/h2>\n\n<p>Betrachten  Sie die anschlie\u00dfende Auflistung der wichtigsten Funktionen:<\/p> \n<ul>\n<li>Gratis Installationsunterst\u00fctzung  des Widgets;<\/li>\n\n<li>V\u00f6llig responsive f\u00fcr jeden Bildschirm; <\/li>\n\n<li>Keine Kodierung;<\/li>\n\n<li>Eine gro\u00dfe Auswahl von anpassbare und benutzerfreundliche Schablonen;<\/li>\n\n<li>Einfache Benutzeroberfl\u00e4che;<\/li>\n\n<li>Die Cloud-Dienste f\u00fcr hoher Ladegeschwindigkeit; <\/li>                                                                                                                \n\n<li>Die regelm\u00e4\u00dfige automatische Aktualisierung;<\/li> \n\n<li>Schnelle Unterst\u00fctzung von h\u00f6flichen Elfsight Team.<\/li> \n<\/ul>\n\n<p>Zugreifen  Sie mit Demo-Widget. Bewerten Sie alle Leistungsf\u00e4higkeiten oder erwerben Sie jedes Plugin mit 20% Skonto. <\/p> \n\n<h2>Wie kann man ein Extensionauf Mobirise Website hinzuf\u00fcgen?<\/h2> \n<p>Um ein Extensionauf der Webseite einzubetten, lesen Sie einfach die folgenden Anweisungen: <\/p>\n<ol>\n<li>Beschlie\u00dfen Sie das richtig Werkzeug und \u00e4ndern Sie die Einstellungen. Klicken Sie auf Speichern.<\/li> \n\n<li>F\u00fcgen Sie Code hinzu um das Extensionauf Ihrer Seite zu installieren. <\/li>\n\n<li>Plugin-Integration ist erfolgreich verlaufen! <\/li>\n<\/ol>\n<p>Falls Sie eine kostenfreie Beratung brauchen, um das Widget zu integrieren, dann k\u00f6nnen Sie sich unseren technischen Elfsight Support wenden.<\/p>\n","protected":false},"excerpt":{"rendered":"Seit einigen Jahren hat Elfsight Kompanie viele absolut n\u00fctzlichen und mobil-freundlichen Werkzeuge f\u00fcr Mobirise Webseiten entwickelt. Mit Hilfe der Plugins k\u00f6nnen Sie die Benutzerinteraktion erh\u00f6hen, die Qualit\u00e4t des Kundensupports verbessern, Ihr Gesch\u00e4ft schneller ausbauen und andere gesch\u00e4ftlichen Herausforderungen l\u00f6sen. Unsere Team leistet eine gro\u00dfe Vielfalt von Preisoptionen: von gratis bis&#8230;","protected":false},"author":11,"featured_media":0,"parent":0,"menu_order":0,"comment_status":"closed","ping_status":"closed","template":"templates\/template-platform.php","meta":{"publish_to_discourse":"","publish_post_category":"","wpdc_auto_publish_overridden":"","wpdc_topic_tags":"","wpdc_pin_topic":"","wpdc_pin_until":"","discourse_post_id":"","discourse_permalink":"","wpdc_publishing_response":"","wpdc_publishing_error":"","footnotes":""},"class_list":["post-278","page","type-page","status-publish","hentry"],"yoast_head":"<!-- This site is optimized with the Yoast SEO plugin v25.3.1 - https:\/\/yoast.com\/wordpress\/plugins\/seo\/ -->\n<title>Die besten Extensions f\u00fcr Ihre Mobrise Website (2026)<\/title>\n<meta name=\"description\" content=\"Eine Reihe von besseren kostenlosen L\u00f6sungen genau f\u00fcr Ihre Mobirise Websites. Hilfe mit der Anpassung und unbegrenzte Reihe von Merkmalen.\" \/>\n<meta name=\"robots\" content=\"index, follow, max-snippet:-1, max-image-preview:large, max-video-preview:-1\" \/>\n<link rel=\"canonical\" href=\"https:\/\/elfsight.com\/de\/mobirise-extensions\/\" \/>\n<meta property=\"og:locale\" content=\"de_DE\" \/>\n<meta property=\"og:type\" content=\"article\" \/>\n<meta property=\"og:title\" content=\"Die besten Extensions f\u00fcr Ihre Mobrise Website (2026)\" \/>\n<meta property=\"og:description\" content=\"Eine Reihe von besseren kostenlosen L\u00f6sungen genau f\u00fcr Ihre Mobirise Websites. Hilfe mit der Anpassung und unbegrenzte Reihe von Merkmalen.\" \/>\n<meta property=\"og:url\" content=\"https:\/\/elfsight.com\/de\/mobirise-extensions\/\" \/>\n<meta property=\"og:site_name\" content=\"Elfsight DE\" \/>\n<meta property=\"article:modified_time\" content=\"2020-09-16T13:37:31+00:00\" \/>\n<meta name=\"twitter:card\" content=\"summary_large_image\" \/>\n<meta name=\"twitter:label1\" content=\"Gesch\u00e4tzte Lesezeit\" \/>\n\t<meta name=\"twitter:data1\" content=\"1\u00a0Minute\" \/>\n<!-- \/ Yoast SEO plugin. -->","yoast_head_json":{"title":"Die besten Extensions f\u00fcr Ihre Mobrise Website (2026)","description":"Eine Reihe von besseren kostenlosen L\u00f6sungen genau f\u00fcr Ihre Mobirise Websites. Hilfe mit der Anpassung und unbegrenzte Reihe von Merkmalen.","robots":{"index":"index","follow":"follow","max-snippet":"max-snippet:-1","max-image-preview":"max-image-preview:large","max-video-preview":"max-video-preview:-1"},"canonical":"https:\/\/elfsight.com\/de\/mobirise-extensions\/","og_locale":"de_DE","og_type":"article","og_title":"Die besten Extensions f\u00fcr Ihre Mobrise Website (2026)","og_description":"Eine Reihe von besseren kostenlosen L\u00f6sungen genau f\u00fcr Ihre Mobirise Websites. Hilfe mit der Anpassung und unbegrenzte Reihe von Merkmalen.","og_url":"https:\/\/elfsight.com\/de\/mobirise-extensions\/","og_site_name":"Elfsight DE","article_modified_time":"2020-09-16T13:37:31+00:00","twitter_card":"summary_large_image","twitter_misc":{"Gesch\u00e4tzte Lesezeit":"1\u00a0Minute"},"schema":{"@context":"https:\/\/schema.org","@graph":[{"@type":"WebPage","@id":"https:\/\/elfsight.com\/de\/mobirise-extensions\/","url":"https:\/\/elfsight.com\/de\/mobirise-extensions\/","name":"Die besten Extensions f\u00fcr Ihre Mobrise Website (2026)","isPartOf":{"@id":"https:\/\/elfsight.com\/de\/#website"},"datePublished":"2020-02-26T07:29:40+00:00","dateModified":"2020-09-16T13:37:31+00:00","description":"Eine Reihe von besseren kostenlosen L\u00f6sungen genau f\u00fcr Ihre Mobirise Websites. Hilfe mit der Anpassung und unbegrenzte Reihe von Merkmalen.","breadcrumb":{"@id":"https:\/\/elfsight.com\/de\/mobirise-extensions\/#breadcrumb"},"inLanguage":"de","potentialAction":[{"@type":"ReadAction","target":["https:\/\/elfsight.com\/de\/mobirise-extensions\/"]}]},{"@type":"BreadcrumbList","@id":"https:\/\/elfsight.com\/de\/mobirise-extensions\/#breadcrumb","itemListElement":[{"@type":"ListItem","position":1,"name":"Home","item":"https:\/\/elfsight.com\/de\/"},{"@type":"ListItem","position":2,"name":"Mobirise extensions"}]},{"@type":"WebSite","@id":"https:\/\/elfsight.com\/de\/#website","url":"https:\/\/elfsight.com\/de\/","name":"Elfsight DE","description":"Just another Elfsight Sites site","potentialAction":[{"@type":"SearchAction","target":{"@type":"EntryPoint","urlTemplate":"https:\/\/elfsight.com\/de\/?s={search_term_string}"},"query-input":{"@type":"PropertyValueSpecification","valueRequired":true,"valueName":"search_term_string"}}],"inLanguage":"de"}]}},"meta_box":{"industry":"","seo_heading":"","heading":"","description":"","cta_heading":"","cta_description":"","application":"","h1":"Effective mobilfreundliche Werkzeuge f\u00fcr Ihre Mobirise Website","h1_caption":"Dies ist die Sammlung von hochwertigen Apps f\u00fcr Web-Seite, um Ihre Konversion zu bessern und verschiedene gewerbliche Ziele zu erzielen. Die Apps kann bequem adaptiert und integriert werden. Unsere Kompanie vermittelt die grenzenlose Reihe von M\u00f6glichkeiten und die sch\u00f6nste technische Support f\u00fcr alle Klienten.","application_category":[],"applications_title":"Probieren Sie alle wunderbaren kostenfreien Mobirise Bedienelemente in der Auswahl:","applications_request_title":"Sie k\u00f6nnen das gew\u00fcnschte Widget nicht finden?","applications_request_button_text":"Fordern Sie ein Plugin an","hero_text":"","hero_video":"","hero_video_schema_markup":"","selling_points_title":"","selling_points_caption":"","selling_points":[],"selling_points_cta_text":"","features_title":"","features":"","ed_cta_examples_text":"","ed_cta_examples_hidden":"","ed_cta_demo_text":"","ed_cta_demo_hidden":"","why_caption":"","why_editor_title":"","why_editor_text":"","why_team_title":"","why_team_text":"","why_service_title":"","why_service_text":"","template_catalog_visible":"","template_catalog_title":"","template_catalog_text":"","template_catalog_categories_visible":"","demo_title":"","demo_caption":"","default_faq_hidden":"","app_template_category":[],"platform":"219","template_public_id":"","codecanyon_url":"","codecanyon_item_id":"","codecanyon_price":"","pricing_caption":"","pricing_elfsight_apps_hide_column":"","pricing_elfsight_apps_url":"","pricing_codecanyon_price_caption":"","integration_category":[],"integration_request_title":"","integration_request_cta":"","integration_platform":"","integrations":[],"platform_category":[],"video_schema_markup":"","price":"","trial":"","benefits":[],"button_url":"","button_target_blank":"","button_nofollow":"","attributes":[],"tags":[],"tags_disable_links":"","hide_more_platforms":"","video_object":"","demo_hide_cta":"","demo_hide_cloud_options":"","pricing_title":"","pricing":[],"related_apps_title":"","related_apps_hidden":"","author":"","image":[],"title":"","job":"","social_networks":[]},"_links":{"self":[{"href":"https:\/\/elfsight.com\/de\/wp-json\/wp\/v2\/pages\/278","targetHints":{"allow":["GET"]}}],"collection":[{"href":"https:\/\/elfsight.com\/de\/wp-json\/wp\/v2\/pages"}],"about":[{"href":"https:\/\/elfsight.com\/de\/wp-json\/wp\/v2\/types\/page"}],"author":[{"embeddable":true,"href":"https:\/\/elfsight.com\/de\/wp-json\/wp\/v2\/users\/11"}],"replies":[{"embeddable":true,"href":"https:\/\/elfsight.com\/de\/wp-json\/wp\/v2\/comments?post=278"}],"version-history":[{"count":4,"href":"https:\/\/elfsight.com\/de\/wp-json\/wp\/v2\/pages\/278\/revisions"}],"predecessor-version":[{"id":3032,"href":"https:\/\/elfsight.com\/de\/wp-json\/wp\/v2\/pages\/278\/revisions\/3032"}],"wp:attachment":[{"href":"https:\/\/elfsight.com\/de\/wp-json\/wp\/v2\/media?parent=278"}],"curies":[{"name":"wp","href":"https:\/\/api.w.org\/{rel}","templated":true}]}}