{"id":277,"date":"2020-02-26T07:20:01","date_gmt":"2020-02-26T07:20:01","guid":{"rendered":"https:\/\/elfsight.com\/de\/?page_id=277"},"modified":"2020-09-16T13:34:31","modified_gmt":"2020-09-16T13:34:31","slug":"tilda-widgets","status":"publish","type":"page","link":"https:\/\/elfsight.com\/de\/tilda-widgets\/","title":{"rendered":"Tilda widgets"},"content":{"rendered":"\n<p>Seit vielen Jahren hat Elfsight  viele absolut praktischen und mobil-freundlichen Werkzeuge f\u00fcr Tilda  Websites entwickelt. Mit Hilfe Elfsight Apps k\u00f6nnen Sie den Umsatz steigern, die Anzahl Ihrer Follower erh\u00f6hen,Ihr Gesch\u00e4ft schneller ausbauen und andere gesch\u00e4ftlichen Herausforderungen l\u00f6sen.<\/p> \n\n<p>Elfsight Team verschafft eine gro\u00dfe Vielfalt von Preisoptionen: von kostenfrei bis zu Premium. Ausbauen Ihre Website ohne Mehrkosten.<\/p>\n\n\n<h2>Warum sind unsere Tilda-Werkzeuge diejenigen der besten?<\/h2>\n\n<p>Betrachten  Sie die nachstehende Reihe der bestimmten Vorteile:<\/p> \n<ul>\n<li>Kostenfreie Installationsunterst\u00fctzung  des Plugins;<\/li>\n\n<li>V\u00f6llig ansprechbare f\u00fcr jedes Ger\u00e4t; <\/li>\n\n<li>Keine Kodierung;<\/li>\n\n<li>Eine gro\u00dfe Auswahl von anpassbare und fertige Schablonen;<\/li>\n\n<li>Komfortable Konfigurator;<\/li>\n\n<li>Die Cloud-basierte L\u00f6sungen f\u00fcr hoher Ladegeschwindigkeit; <\/li>                                                                                                                \n\n<li>Die regul\u00e4re automatische Updates;<\/li> \n\n<li>Hochqualifizierte Unterst\u00fctzung von freuflichen Elfsight Team.<\/li> \n<\/ul>\n\n<p>Starten  Sie mit gratis Version. Bewerten Sie alle Leistungsf\u00e4higkeiten oder bekommen Sie ein beliebiges App mit 20% Rabatt. <\/p> \n\n<h2>Wie kann ich ein Widget auf Tilda Website integrieren?<\/h2> \n<p>Um ein Widget auf der Website einzubinden, lesen Sie einfach die folgenden Anweisungen: <\/p>\n<ol>\n<li>Beschlie\u00dfen Sie das entsprechend Werkzeug und passen Sie es an. Speichern Sie die \u00c4nderungen.<\/li> \n\n<li>Kopieren und f\u00fcgen Sie den Code hinzu um das Widget auf Ihrer Webseite zu integrieren. <\/li>\n\n<li>Gemacht! Sie haben das Werkzeug erfolgreich auf der Tilda Site eingebettet. <\/li>\n<\/ol>\n<p>Wenn Sie eine kostenfreie Unterst\u00fctzung brauchen, um das Widget zu integrieren, dann k\u00f6nnen Sie sich unseren hochqualifizierten Elfsight Support wenden.<\/p>\n\n","protected":false},"excerpt":{"rendered":"Seit vielen Jahren hat Elfsight viele absolut praktischen und mobil-freundlichen Werkzeuge f\u00fcr Tilda Websites entwickelt. Mit Hilfe Elfsight Apps k\u00f6nnen Sie den Umsatz steigern, die Anzahl Ihrer Follower erh\u00f6hen,Ihr Gesch\u00e4ft schneller ausbauen und andere gesch\u00e4ftlichen Herausforderungen l\u00f6sen. Elfsight Team verschafft eine gro\u00dfe Vielfalt von Preisoptionen: von kostenfrei bis zu Premium&#8230;.","protected":false},"author":11,"featured_media":0,"parent":0,"menu_order":0,"comment_status":"closed","ping_status":"closed","template":"templates\/template-platform.php","meta":{"publish_to_discourse":"","publish_post_category":"","wpdc_auto_publish_overridden":"","wpdc_topic_tags":"","wpdc_pin_topic":"","wpdc_pin_until":"","discourse_post_id":"","discourse_permalink":"","wpdc_publishing_response":"","wpdc_publishing_error":"","footnotes":""},"class_list":["post-277","page","type-page","status-publish","hentry"],"yoast_head":"<!-- This site is optimized with the Yoast SEO plugin v25.3.1 - https:\/\/yoast.com\/wordpress\/plugins\/seo\/ -->\n<title>Die besten kostenlosen Tilda Widgets f\u00fcr Ihre Website (2025)<\/title>\n<meta name=\"description\" content=\"Eine \u00dcbersicht von gratis Oberfl\u00e4chenelemente besonders f\u00fcr Ihre Tilda Websites. Hilfe bei der Kundenbezogenheit und unbeschr\u00e4nkte Anzahl von Optionen.\" \/>\n<meta name=\"robots\" content=\"index, follow, max-snippet:-1, max-image-preview:large, max-video-preview:-1\" \/>\n<link rel=\"canonical\" href=\"https:\/\/elfsight.com\/de\/tilda-widgets\/\" \/>\n<meta property=\"og:locale\" content=\"de_DE\" \/>\n<meta property=\"og:type\" content=\"article\" \/>\n<meta property=\"og:title\" content=\"Die besten kostenlosen Tilda Widgets f\u00fcr Ihre Website (2025)\" \/>\n<meta property=\"og:description\" content=\"Eine \u00dcbersicht von gratis Oberfl\u00e4chenelemente besonders f\u00fcr Ihre Tilda Websites. Hilfe bei der Kundenbezogenheit und unbeschr\u00e4nkte Anzahl von Optionen.\" \/>\n<meta property=\"og:url\" content=\"https:\/\/elfsight.com\/de\/tilda-widgets\/\" \/>\n<meta property=\"og:site_name\" content=\"Elfsight DE\" \/>\n<meta property=\"article:modified_time\" content=\"2020-09-16T13:34:31+00:00\" \/>\n<meta name=\"twitter:card\" content=\"summary_large_image\" \/>\n<meta name=\"twitter:label1\" content=\"Gesch\u00e4tzte Lesezeit\" \/>\n\t<meta name=\"twitter:data1\" content=\"1\u00a0Minute\" \/>\n<!-- \/ Yoast SEO plugin. -->","yoast_head_json":{"title":"Die besten kostenlosen Tilda Widgets f\u00fcr Ihre Website (2025)","description":"Eine \u00dcbersicht von gratis Oberfl\u00e4chenelemente besonders f\u00fcr Ihre Tilda Websites. Hilfe bei der Kundenbezogenheit und unbeschr\u00e4nkte Anzahl von Optionen.","robots":{"index":"index","follow":"follow","max-snippet":"max-snippet:-1","max-image-preview":"max-image-preview:large","max-video-preview":"max-video-preview:-1"},"canonical":"https:\/\/elfsight.com\/de\/tilda-widgets\/","og_locale":"de_DE","og_type":"article","og_title":"Die besten kostenlosen Tilda Widgets f\u00fcr Ihre Website (2025)","og_description":"Eine \u00dcbersicht von gratis Oberfl\u00e4chenelemente besonders f\u00fcr Ihre Tilda Websites. Hilfe bei der Kundenbezogenheit und unbeschr\u00e4nkte Anzahl von Optionen.","og_url":"https:\/\/elfsight.com\/de\/tilda-widgets\/","og_site_name":"Elfsight DE","article_modified_time":"2020-09-16T13:34:31+00:00","twitter_card":"summary_large_image","twitter_misc":{"Gesch\u00e4tzte Lesezeit":"1\u00a0Minute"},"schema":{"@context":"https:\/\/schema.org","@graph":[{"@type":"WebPage","@id":"https:\/\/elfsight.com\/de\/tilda-widgets\/","url":"https:\/\/elfsight.com\/de\/tilda-widgets\/","name":"Die besten kostenlosen Tilda Widgets f\u00fcr Ihre Website (2025)","isPartOf":{"@id":"https:\/\/elfsight.com\/de\/#website"},"datePublished":"2020-02-26T07:20:01+00:00","dateModified":"2020-09-16T13:34:31+00:00","description":"Eine \u00dcbersicht von gratis Oberfl\u00e4chenelemente besonders f\u00fcr Ihre Tilda Websites. Hilfe bei der Kundenbezogenheit und unbeschr\u00e4nkte Anzahl von Optionen.","breadcrumb":{"@id":"https:\/\/elfsight.com\/de\/tilda-widgets\/#breadcrumb"},"inLanguage":"de","potentialAction":[{"@type":"ReadAction","target":["https:\/\/elfsight.com\/de\/tilda-widgets\/"]}]},{"@type":"BreadcrumbList","@id":"https:\/\/elfsight.com\/de\/tilda-widgets\/#breadcrumb","itemListElement":[{"@type":"ListItem","position":1,"name":"Home","item":"https:\/\/elfsight.com\/de\/"},{"@type":"ListItem","position":2,"name":"Tilda widgets"}]},{"@type":"WebSite","@id":"https:\/\/elfsight.com\/de\/#website","url":"https:\/\/elfsight.com\/de\/","name":"Elfsight DE","description":"Just another Elfsight Sites site","potentialAction":[{"@type":"SearchAction","target":{"@type":"EntryPoint","urlTemplate":"https:\/\/elfsight.com\/de\/?s={search_term_string}"},"query-input":{"@type":"PropertyValueSpecification","valueRequired":true,"valueName":"search_term_string"}}],"inLanguage":"de"}]}},"meta_box":{"industry":"","seo_heading":"","heading":"","description":"","cta_heading":"","cta_description":"","application":"","h1":"Beste gebrauchsfertige Werkzeuge f\u00fcr Ihre Tilda Seite","h1_caption":"Dies ist die Auflistung von gebrauchsfertigen Plugins f\u00fcr Internetseite, um Ihre Kundenbindung zu verbessern und andere wirtschaftliche Zweck zu treffen. Die s\u00e4mtliche Werkzeuge kann schnell personalisiert und hinzugef\u00fcgt werden. Elfsight Firma liefert die unendliche Anzahl von Optionen und die qualifizierte technische Hilfe f\u00fcr alle Kunden.","application_category":[],"applications_title":"Probieren Sie alle erstklassigen kostenfreien Tilda L\u00f6sungen aus der Liste:","applications_request_title":"Sie k\u00f6nnen das gew\u00fcnschte Widget nicht finden?","applications_request_button_text":"Fordern Sie ein Plugin an","hero_text":"","hero_video":"","hero_video_schema_markup":"","selling_points_title":"","selling_points_caption":"","selling_points":[],"selling_points_cta_text":"","features_title":"","features":"","ed_cta_examples_text":"","ed_cta_examples_hidden":"","ed_cta_demo_text":"","ed_cta_demo_hidden":"","why_caption":"","why_editor_title":"","why_editor_text":"","why_team_title":"","why_team_text":"","why_service_title":"","why_service_text":"","template_catalog_visible":"","template_catalog_title":"","template_catalog_text":"","template_catalog_categories_visible":"","demo_title":"","demo_caption":"","default_faq_hidden":"","app_template_category":[],"platform":"218","template_public_id":"","codecanyon_url":"","codecanyon_item_id":"","codecanyon_price":"","pricing_caption":"","pricing_elfsight_apps_hide_column":"","pricing_elfsight_apps_url":"","pricing_codecanyon_price_caption":"","integration_category":[],"integration_request_title":"","integration_request_cta":"","integration_platform":"","integrations":[],"platform_category":[],"video_schema_markup":"","price":"","trial":"","benefits":[],"button_url":"","button_target_blank":"","button_nofollow":"","attributes":[],"tags":[],"tags_disable_links":"","hide_more_platforms":"","video_object":"","demo_hide_cta":"","demo_hide_cloud_options":"","pricing_title":"","pricing":[],"related_apps_title":"","related_apps_hidden":"","author":"","image":[],"title":"","job":"","social_networks":[]},"_links":{"self":[{"href":"https:\/\/elfsight.com\/de\/wp-json\/wp\/v2\/pages\/277","targetHints":{"allow":["GET"]}}],"collection":[{"href":"https:\/\/elfsight.com\/de\/wp-json\/wp\/v2\/pages"}],"about":[{"href":"https:\/\/elfsight.com\/de\/wp-json\/wp\/v2\/types\/page"}],"author":[{"embeddable":true,"href":"https:\/\/elfsight.com\/de\/wp-json\/wp\/v2\/users\/11"}],"replies":[{"embeddable":true,"href":"https:\/\/elfsight.com\/de\/wp-json\/wp\/v2\/comments?post=277"}],"version-history":[{"count":4,"href":"https:\/\/elfsight.com\/de\/wp-json\/wp\/v2\/pages\/277\/revisions"}],"predecessor-version":[{"id":3030,"href":"https:\/\/elfsight.com\/de\/wp-json\/wp\/v2\/pages\/277\/revisions\/3030"}],"wp:attachment":[{"href":"https:\/\/elfsight.com\/de\/wp-json\/wp\/v2\/media?parent=277"}],"curies":[{"name":"wp","href":"https:\/\/api.w.org\/{rel}","templated":true}]}}