{"id":275,"date":"2020-02-26T07:08:35","date_gmt":"2020-02-26T07:08:35","guid":{"rendered":"https:\/\/elfsight.com\/de\/?page_id=275"},"modified":"2021-12-15T11:36:19","modified_gmt":"2021-12-15T11:36:19","slug":"facebook-page-widgets","status":"publish","type":"page","link":"https:\/\/elfsight.com\/de\/facebook-page-widgets\/","title":{"rendered":"Facebook page widgets"},"content":{"rendered":"\n<p>Seit einigen Jahren hat Elfsight  viele v\u00f6llig effektiven und smart Werkzeuge f\u00fcr Facebook Page  Webseiten gestellt. Mit Hilfe der Plugins k\u00f6nnen Sie den Umsatz steigern, Ihren Gewinn steigern,Ihr Gesch\u00e4ft schneller ausbauen und andere unternehmerischen Herausforderungen l\u00f6sen.<\/p> \n\n<p>Elfsight Team liefert vielgestaltig Preisoptionen: von kostenlos bis zu Premium. St\u00e4rken Ihre Website-Funktionalit\u00e4t ohne Zusatzausgaben.<\/p>\n\n\n<h2>Warum lieben viele Website-Betreibern unsere Widgets?<\/h2>\n\n<p>Untersuchen Sie die nachstehende Auswahl der besonderen Leistungen:<\/p> \n<ul>\n<li> Gratis Installation-Support  des Plugins;<\/li>\n\n<li>Absolut responsive f\u00fcr jeden Bildschirm; <\/li>\n\n<li>Keine Programmierung;<\/li>\n\n<li>Eine gro\u00dfe Auswahl von anpassbare und fertige Vorlagen;<\/li>\n\n<li>Komfortable Konfigurator;<\/li>\n\n<li>Die Cloud-L\u00f6sungen f\u00fcr hoher Ladegeschwindigkeit; <\/li>                                                                                                                \n\n<li>Die regelm\u00e4\u00dfige automatische Updat;<\/li> \n\n<li>Schnelle Unterst\u00fctzung von erfahrenen Elfsight Team.<\/li> \n<\/ul>\n\n<p>Testen  Sie mit gratis Version. Pr\u00fcfen Sie alle Leistungsf\u00e4higkeiten oder integrieren Sie ein beliebiges Widget mit 20% Erm\u00e4ssigung. <\/p> \n\n<h2>Wie kann ich ein Widget auf Facebook Page Website einf\u00fcgen?<\/h2> \n<p>Um ein Widget auf der Website einzuf\u00fcgen, lesen Sie einfach die folgenden Anweisungen: <\/p>\n<ol>\n<li>Finden Sie das optimal Werkzeug und w\u00e4hlen Sie die entsprechenden Einstellungen. Klicken Sie auf Speichern.<\/li> \n\n<li>F\u00fcgen Sie Code hinzu um das Widget auf Ihrer Website zu integrieren. <\/li>\n\n<li>Gemacht! Sie haben das App erfolgreich auf der Facebook Page eingebunden. <\/li>\n<\/ol>\n<p>Wenn Sie eine kostenlose Unterst\u00fctzung bed\u00fcrfen, um das Widget einzubetten, dann unserer Support Team hilft Ihnen gerne weiter.<\/p>\n","protected":false},"excerpt":{"rendered":"Seit einigen Jahren hat Elfsight viele v\u00f6llig effektiven und smart Werkzeuge f\u00fcr Facebook Page Webseiten gestellt. Mit Hilfe der Plugins k\u00f6nnen Sie den Umsatz steigern, Ihren Gewinn steigern,Ihr Gesch\u00e4ft schneller ausbauen und andere unternehmerischen Herausforderungen l\u00f6sen. Elfsight Team liefert vielgestaltig Preisoptionen: von kostenlos bis zu Premium. St\u00e4rken Ihre Website-Funktionalit\u00e4t ohne&#8230;","protected":false},"author":11,"featured_media":0,"parent":0,"menu_order":0,"comment_status":"closed","ping_status":"closed","template":"templates\/template-platform.php","meta":{"publish_to_discourse":"","publish_post_category":"","wpdc_auto_publish_overridden":"","wpdc_topic_tags":"","wpdc_pin_topic":"","wpdc_pin_until":"","discourse_post_id":"","discourse_permalink":"","wpdc_publishing_response":"","wpdc_publishing_error":"","footnotes":""},"class_list":["post-275","page","type-page","status-publish","hentry"],"yoast_head":"<!-- This site is optimized with the Yoast SEO plugin v25.3.1 - https:\/\/yoast.com\/wordpress\/plugins\/seo\/ -->\n<title>Die besten Facebook Page Tab Widgets - einfach und kostenlos (2025)<\/title>\n<meta name=\"description\" content=\"Eine Sammlung von bew\u00e4hrt gratis Werkzeuge f\u00fcr Ihre Facebook Page. Hilfe zu der Kundenbezogenheit und unbegrenzte Anzahl von Merkmalen.\" \/>\n<meta name=\"robots\" content=\"index, follow, max-snippet:-1, max-image-preview:large, max-video-preview:-1\" \/>\n<link rel=\"canonical\" href=\"https:\/\/elfsight.com\/de\/facebook-page-widgets\/\" \/>\n<meta property=\"og:locale\" content=\"de_DE\" \/>\n<meta property=\"og:type\" content=\"article\" \/>\n<meta property=\"og:title\" content=\"Die besten Facebook Page Tab Widgets - einfach und kostenlos (2025)\" \/>\n<meta property=\"og:description\" content=\"Eine Sammlung von bew\u00e4hrt gratis Werkzeuge f\u00fcr Ihre Facebook Page. Hilfe zu der Kundenbezogenheit und unbegrenzte Anzahl von Merkmalen.\" \/>\n<meta property=\"og:url\" content=\"https:\/\/elfsight.com\/de\/facebook-page-widgets\/\" \/>\n<meta property=\"og:site_name\" content=\"Elfsight DE\" \/>\n<meta property=\"article:modified_time\" content=\"2021-12-15T11:36:19+00:00\" \/>\n<meta name=\"twitter:card\" content=\"summary_large_image\" \/>\n<meta name=\"twitter:label1\" content=\"Gesch\u00e4tzte Lesezeit\" \/>\n\t<meta name=\"twitter:data1\" content=\"1\u00a0Minute\" \/>\n<!-- \/ Yoast SEO plugin. -->","yoast_head_json":{"title":"Die besten Facebook Page Tab Widgets - einfach und kostenlos (2025)","description":"Eine Sammlung von bew\u00e4hrt gratis Werkzeuge f\u00fcr Ihre Facebook Page. Hilfe zu der Kundenbezogenheit und unbegrenzte Anzahl von Merkmalen.","robots":{"index":"index","follow":"follow","max-snippet":"max-snippet:-1","max-image-preview":"max-image-preview:large","max-video-preview":"max-video-preview:-1"},"canonical":"https:\/\/elfsight.com\/de\/facebook-page-widgets\/","og_locale":"de_DE","og_type":"article","og_title":"Die besten Facebook Page Tab Widgets - einfach und kostenlos (2025)","og_description":"Eine Sammlung von bew\u00e4hrt gratis Werkzeuge f\u00fcr Ihre Facebook Page. Hilfe zu der Kundenbezogenheit und unbegrenzte Anzahl von Merkmalen.","og_url":"https:\/\/elfsight.com\/de\/facebook-page-widgets\/","og_site_name":"Elfsight DE","article_modified_time":"2021-12-15T11:36:19+00:00","twitter_card":"summary_large_image","twitter_misc":{"Gesch\u00e4tzte Lesezeit":"1\u00a0Minute"},"schema":{"@context":"https:\/\/schema.org","@graph":[{"@type":"WebPage","@id":"https:\/\/elfsight.com\/de\/facebook-page-widgets\/","url":"https:\/\/elfsight.com\/de\/facebook-page-widgets\/","name":"Die besten Facebook Page Tab Widgets - einfach und kostenlos (2025)","isPartOf":{"@id":"https:\/\/elfsight.com\/de\/#website"},"datePublished":"2020-02-26T07:08:35+00:00","dateModified":"2021-12-15T11:36:19+00:00","description":"Eine Sammlung von bew\u00e4hrt gratis Werkzeuge f\u00fcr Ihre Facebook Page. Hilfe zu der Kundenbezogenheit und unbegrenzte Anzahl von Merkmalen.","breadcrumb":{"@id":"https:\/\/elfsight.com\/de\/facebook-page-widgets\/#breadcrumb"},"inLanguage":"de","potentialAction":[{"@type":"ReadAction","target":["https:\/\/elfsight.com\/de\/facebook-page-widgets\/"]}]},{"@type":"BreadcrumbList","@id":"https:\/\/elfsight.com\/de\/facebook-page-widgets\/#breadcrumb","itemListElement":[{"@type":"ListItem","position":1,"name":"Home","item":"https:\/\/elfsight.com\/de\/"},{"@type":"ListItem","position":2,"name":"Facebook page widgets"}]},{"@type":"WebSite","@id":"https:\/\/elfsight.com\/de\/#website","url":"https:\/\/elfsight.com\/de\/","name":"Elfsight DE","description":"Just another Elfsight Sites site","potentialAction":[{"@type":"SearchAction","target":{"@type":"EntryPoint","urlTemplate":"https:\/\/elfsight.com\/de\/?s={search_term_string}"},"query-input":{"@type":"PropertyValueSpecification","valueRequired":true,"valueName":"search_term_string"}}],"inLanguage":"de"}]}},"meta_box":{"industry":"","seo_heading":"","heading":"","description":"","cta_heading":"","cta_description":"","application":"","h1":"Optimale mobilfreundliche L\u00f6sungen f\u00fcr Ihre Facebook Page","h1_caption":"Dies ist die Liste von erstklassigen Bedienelemente f\u00fcr Webseite, um Ihre Benutzer zu optimieren und grundlegende kommerzielle Zweck zu erzielen. Alle Miniprogramme kann bequem adaptiert und eingebettet werden. Elfsight Firma erm\u00f6glicht die unbegrenzte Anzahl von M\u00f6glichkeiten und die qualifizierte technische Unterst\u00fctzung f\u00fcr alle Klienten.","application_category":[],"applications_title":"Erforschen Sie alle erstklassigen kostenlosen Facebook Page Oberfl\u00e4chenelemente in der Sammlung:","applications_request_title":"Sie k\u00f6nnen das gew\u00fcnschte Widget nicht finden?","applications_request_button_text":"Fordern Sie ein Plugin an","hero_text":"","hero_video":"","hero_video_schema_markup":"","selling_points_title":"","selling_points_caption":"","selling_points":[],"selling_points_cta_text":"","features_title":"","features":"","ed_cta_examples_text":"","ed_cta_examples_hidden":"","ed_cta_demo_text":"","ed_cta_demo_hidden":"","why_caption":"","why_editor_title":"","why_editor_text":"","why_team_title":"","why_team_text":"","why_service_title":"","why_service_text":"","template_catalog_visible":"","template_catalog_title":"","template_catalog_text":"","template_catalog_categories_visible":"","demo_title":"","demo_caption":"","default_faq_hidden":"","app_template_category":[],"platform":"216","template_public_id":"","codecanyon_url":"","codecanyon_item_id":"","codecanyon_price":"","pricing_caption":"","pricing_elfsight_apps_hide_column":"","pricing_elfsight_apps_url":"","pricing_codecanyon_price_caption":"","integration_category":[],"integration_request_title":"","integration_request_cta":"","integration_platform":"","integrations":[],"platform_category":[],"video_schema_markup":"","price":"","trial":"","benefits":[],"button_url":"","button_target_blank":"","button_nofollow":"","attributes":[],"tags":[],"tags_disable_links":"","hide_more_platforms":"","video_object":"","demo_hide_cta":"","demo_hide_cloud_options":"","pricing_title":"","pricing":[],"related_apps_title":"","related_apps_hidden":"","author":"","image":[],"title":"","job":"","social_networks":[]},"_links":{"self":[{"href":"https:\/\/elfsight.com\/de\/wp-json\/wp\/v2\/pages\/275","targetHints":{"allow":["GET"]}}],"collection":[{"href":"https:\/\/elfsight.com\/de\/wp-json\/wp\/v2\/pages"}],"about":[{"href":"https:\/\/elfsight.com\/de\/wp-json\/wp\/v2\/types\/page"}],"author":[{"embeddable":true,"href":"https:\/\/elfsight.com\/de\/wp-json\/wp\/v2\/users\/11"}],"replies":[{"embeddable":true,"href":"https:\/\/elfsight.com\/de\/wp-json\/wp\/v2\/comments?post=275"}],"version-history":[{"count":6,"href":"https:\/\/elfsight.com\/de\/wp-json\/wp\/v2\/pages\/275\/revisions"}],"predecessor-version":[{"id":3029,"href":"https:\/\/elfsight.com\/de\/wp-json\/wp\/v2\/pages\/275\/revisions\/3029"}],"wp:attachment":[{"href":"https:\/\/elfsight.com\/de\/wp-json\/wp\/v2\/media?parent=275"}],"curies":[{"name":"wp","href":"https:\/\/api.w.org\/{rel}","templated":true}]}}