{"id":2712,"date":"2020-09-10T11:23:04","date_gmt":"2020-09-10T11:23:04","guid":{"rendered":"https:\/\/elfsight.com\/de\/?page_id=2712"},"modified":"2024-07-18T15:08:11","modified_gmt":"2024-07-18T15:08:11","slug":"examples","status":"publish","type":"page","link":"https:\/\/elfsight.com\/de\/restaurant-menu-widget\/examples\/","title":{"rendered":"Restaurant Menu &#8211; Examples"},"content":{"rendered":"\n<div class=\"application-examples-item application-examples-item-loading\">\n                            <div class=\"col-row\">\n                                <div class=\"col-6 col-m-8 col-s-12\"><h3 class=\"application-examples-item-title\">Beispiel 1. Restaurant<\/h3><div class=\"application-examples-item-description\"><p><b>Was soll angezeigt werden:<\/b> <span>Vorspeisen, Hauptgericht, Desserts, Salate, Mittagessen, Spezialit\u00e4ten, Kindermen\u00fc, Weinkarte<\/span>.<\/p>\n<p>Keine Probleme mehr, eine komplizierte Speisekarte direkt auf Ihrer Website am besten lesbar zu erstellen. Da ist das Beispiel f\u00fcr Speisekarte. Es gibt 4 Arten von Speisekarte: Mittag- und Abendessen, Kindermen\u00fc und Getr\u00e4nke, die alle nach Art in Abschnitte unterteilt sind - Vorspeisen, Hauptgericht, Beilagen und andere. Die anklickbaren Registerkarten f\u00fcr Speisekarte helfen Ihnen, genau das Gericht zu finden, das sie ben\u00f6tigen. F\u00fcr jeden Artikel gibt es eine kurze Beschreibung und einen Preis.<\/p><\/div><\/div>\n                <\/div>\n\n                <div class=\"application-examples-item-iframe-container browser-frame\">\n                    <div class=\"application-examples-item-iframe-wrapper\">\n                        <iframe class=\"application-examples-item-iframe application-examples-item-iframe-fixed-height\" data-src=\"https:\/\/elfsight.com\/examples?widget_id=0f43a6bc-67c7-40cd-819d-a681ad2ba6b6\" width=\"100%\" height=\"600\" allow=\"autoplay; fullscreen\"><\/iframe>\n                    <\/div>\n\n                    <div class=\"application-examples-item-loader\"><\/div>\n                <\/div>\n            <\/div>\n\n<div class=\"application-examples-item application-examples-item-loading\">\n                            <div class=\"col-row\">\n                                <div class=\"col-6 col-m-8 col-s-12\"><h3 class=\"application-examples-item-title\">Beispiel 2. Fastfood-Restaurant<\/h3><div class=\"application-examples-item-description\"><p><b>Was soll angezeigt werden:<\/b>Pizza, Burger, Snacks, Beilagen, Salate, alkoholfreie Getr\u00e4nke<\/p>\n<p>Die Speisekarte des Fast-Food-Restaurants ist hier am einfachsten dargestellt. Es gibt f\u00fcnf am weitesten verbreitete Fast-Food-Bereiche: Pizza, Burger, Snacks, Salate und Getr\u00e4nke. Eing\u00e4ngige Men\u00fcsymbole und k\u00f6stliche Essensbilder informieren Ihr Publikum auf verlockendste Weise \u00fcber Ihre Vielfalt. Die gut organisierte Struktur zeigt alle wesentlichen Elemente wie Preise und Hauptzutaten f\u00fcr jeden Artikel. Wenn ein Gericht eher scharf ist oder andere herausragende Merkmale aufweist, sind hier spezielle Abzeichen das zu beachten. Bei Pizza und Snacks besteht die M\u00f6glichkeit, den Preis entsprechend der Gr\u00f6\u00dfe anzugeben.<\/p><\/div><\/div>\n                <\/div>\n\n                <div class=\"application-examples-item-iframe-container browser-frame\">\n                    <div class=\"application-examples-item-iframe-wrapper\">\n                        <iframe class=\"application-examples-item-iframe\" data-src=\"https:\/\/elfsight.com\/examples?widget_id=50d36c18-017a-4a44-85e8-212afe5a478b\" width=\"100%\" allow=\"autoplay; fullscreen\"><\/iframe>\n                    <\/div>\n\n                    <div class=\"application-examples-item-loader\"><\/div>\n                <\/div>\n            <\/div>\n\n<div class=\"application-examples-item application-examples-item-loading\">\n                            <div class=\"col-row\">\n                                <div class=\"col-6 col-m-8 col-s-12\"><h3 class=\"application-examples-item-title\">Beispiel 3. Barkarte<\/h3><div class=\"application-examples-item-description\"><p><b>Was soll angezeigt werden:<\/b>Cocktails, Shots, Wein, Happy Hour, Bier, Apfelwein, Grill, Vorspeisen.<\/p>\nHier ist das Beispiel f\u00fcr ein Bar-Men\u00fc mit den beliebtesten Abschnitten: Cocktails, Bier und Wein. Jeder Abschnitt ist unterteilt, um verschiedene Arten von Getr\u00e4nken anzuzeigen. Das Men\u00fc enth\u00e4lt auch eine kurze Liste von Bar Vorspeisen. Bei den Angeboten ist die Happy Hour in die Hauptliste integriert, um die Aufmerksamkeit der Benutzer auf sich zu ziehen. F\u00fcr jeden Men\u00fcpunkt gibt es einen Preis und kurze Informationen zu Getr\u00e4nken.<\/p><\/div><\/div>\n                <\/div>\n\n                <div class=\"application-examples-item-iframe-container browser-frame\">\n                    <div class=\"application-examples-item-iframe-wrapper\">\n                        <iframe class=\"application-examples-item-iframe application-examples-item-iframe-fixed-height\" data-src=\"https:\/\/elfsight.com\/examples?widget_id=9d256d8f-6674-441f-a502-63fd660cc290\" width=\"100%\" height=\"600\" allow=\"autoplay; fullscreen\"><\/iframe>\n                    <\/div>\n\n                    <div class=\"application-examples-item-loader\"><\/div>\n                <\/div>\n            <\/div>\n\n<div class=\"application-cta-create\">\n                    <div class=\"application-cta-create-bg\">\n                        <div class=\"application-cta-create-bg-left\"><\/div>\n\n                        <div class=\"application-cta-create-bg-right\">\n                            <img decoding=\"async\" src=\"https:\/\/elfsight.com\/de\/wp-content\/themes\/elfsight\/frontend\/assets\/img\/application-cta-create.jpg\" alt=\"Beginnen Sie mit der Erstellung Ihres Widgets\">\n                        <\/div>\n                    <\/div>\n\n                    <div class=\"application-cta-create-content inner\">\n                        <div class=\"application-cta-create-content-inner\">\n                            <div class=\"application-cta-create-content-icon\">\n                                <svg viewBox=\"0 0 25 25\" width=\"100%\" height=\"100%\">\n                                    <use xlink:href=\"#icon-settings\"><\/use>\n                                <\/svg>\n                            <\/div>\n\n                            <div class=\"application-cta-create-content-title\">Beginnen Sie mit der Erstellung Ihres Widgets<\/div>\n\n                            <div class=\"application-cta-create-content-text\">Schnell. Einfach. Keine Codierung.<\/div>\n\n                            <a class=\"application-cta-create-content-button button-48 button-has-right-icon button-black button\" href=\"\">\n                                <span class=\"button-label\">Widget erstellen<\/span>\n\n                                <svg class=\"button-icon\">\n                                    <use xlink:href=\"#icon-arrow-link\"><\/use>\n                                <\/svg>\n                            <\/a>\n                        <\/div>\n                    <\/div>\n                <\/div>\n\n<div class=\"application-examples-item application-examples-item-loading\">\n                            <div class=\"col-row\">\n                                <div class=\"col-6 col-m-8 col-s-12\"><h3 class=\"application-examples-item-title\">Beispiel 4. Kaffeehaus<\/h3><div class=\"application-examples-item-description\"><p><b>Was soll angezeigt werden:<\/b>Kaffee, Aromen, Milchshakes, alkoholfreie Getr\u00e4nke, Geb\u00e4ck und Desserts<\/p>\n<p>Treffen Sie eine Speisekarte f\u00fcr Kaffeehaus. Eine gut strukturierte Kurzliste ist in zwei Spalten unterteilt, die den Besuchern nur die erforderlichen Informationen liefern: Kaffeesorten und Preise. Es besteht immer die M\u00f6glichkeit, es mit zus\u00e4tzlichen Lebensmittelabschnitten wie Geb\u00e4ck oder Desserts einzureichen.<\/p><\/div><\/div>\n                <\/div>\n\n                <div class=\"application-examples-item-iframe-container browser-frame\">\n                    <div class=\"application-examples-item-iframe-wrapper\">\n                        <iframe class=\"application-examples-item-iframe\" data-src=\"https:\/\/elfsight.com\/examples?widget_id=a16a9aee-b253-47fd-a554-088c5f0b7ca9\" width=\"100%\" allow=\"autoplay; fullscreen\"><\/iframe>\n                    <\/div>\n\n                    <div class=\"application-examples-item-loader\"><\/div>\n                <\/div>\n            <\/div>\n\n\n<div class=\"application-examples-item application-examples-item-loading\">\n                            <div class=\"col-row\">\n                                <div class=\"col-6 col-m-8 col-s-12\"><h3 class=\"application-examples-item-title\">Beispiel 5. Gesundes Restaurant<\/h3><div class=\"application-examples-item-description\"><p><b>Was soll angezeigt werden:<\/b>\u00d6ko-Zutaten, Kalorien, Fett, Kohlenhydrate, Proteine, glutenunvertr\u00e4gliche und milchfreie Produkte, Gem\u00fcseprodukte<\/p>\n<p>Dies ist eine Speisekarte f\u00fcr ein gesundes oder umweltfreundliches Restaurant. Es gibt eine \u00fcbersichtliche Liste, die in h\u00e4ufig verwendete Abschnitte wie Sch\u00fcsseln, saisonale Gerichte, Beilagen und alkoholfreie Getr\u00e4nke unterteilt ist. Um alle Anforderungen der Zielgruppe zu erf\u00fcllen, finden Sie hier ausf\u00fchrliche Informationen, die sie normalerweise ben\u00f6tigen. Jede Artikelbeschriftung enth\u00e4lt Namen von Inhaltsstoffen, N\u00e4hrstoffen (Proteinen, Fetten und Kohlenhydraten) und ist durch bestimmte Abzeichen wie \u201evegan\u201c oder \u201eglutenfrei\u201c gekennzeichnet.<\/p><\/div><\/div>\n                <\/div>\n\n                <div class=\"application-examples-item-iframe-container browser-frame\">\n                    <div class=\"application-examples-item-iframe-wrapper\">\n                        <iframe class=\"application-examples-item-iframe application-examples-item-iframe-fixed-height\" data-src=\"https:\/\/elfsight.com\/examples?widget_id=6ab27832-5e8e-44fa-a477-671e89baf32f\" width=\"100%\" height=\"600\" allow=\"autoplay; fullscreen\"><\/iframe>\n                    <\/div>\n\n                    <div class=\"application-examples-item-loader\"><\/div>\n                <\/div>\n            <\/div>\n","protected":false},"excerpt":{"rendered":"","protected":false},"author":13,"featured_media":0,"parent":2702,"menu_order":0,"comment_status":"closed","ping_status":"closed","template":"templates\/template-application-examples.php","meta":{"publish_to_discourse":"","publish_post_category":"","wpdc_auto_publish_overridden":"","wpdc_topic_tags":"","wpdc_pin_topic":"","wpdc_pin_until":"","discourse_post_id":"","discourse_permalink":"","wpdc_publishing_response":"","wpdc_publishing_error":"","footnotes":""},"class_list":["post-2712","page","type-page","status-publish","hentry"],"yoast_head":"<!-- This site is optimized with the Yoast SEO plugin v25.3.1 - https:\/\/yoast.com\/wordpress\/plugins\/seo\/ -->\n<title>Speisekarte App f\u00fcr Ihre Website (kostenlos und schnell)<\/title>\n<meta name=\"description\" content=\"Integrieren Sie Ihr bestes Speisekarte Widget auf die Website. Testen Sie eine kostenlose Demo zum kostenlosen Suche Plugins von Elfsight.\" \/>\n<meta name=\"robots\" content=\"index, follow, max-snippet:-1, max-image-preview:large, max-video-preview:-1\" \/>\n<link rel=\"canonical\" href=\"https:\/\/elfsight.com\/de\/restaurant-menu-widget\/examples\/\" \/>\n<meta property=\"og:locale\" content=\"de_DE\" \/>\n<meta property=\"og:type\" content=\"article\" \/>\n<meta property=\"og:title\" content=\"Speisekarte App f\u00fcr Ihre Website (kostenlos und schnell)\" \/>\n<meta property=\"og:description\" content=\"Integrieren Sie Ihr bestes Speisekarte Widget auf die Website. Testen Sie eine kostenlose Demo zum kostenlosen Suche Plugins von Elfsight.\" \/>\n<meta property=\"og:url\" content=\"https:\/\/elfsight.com\/de\/restaurant-menu-widget\/examples\/\" \/>\n<meta property=\"og:site_name\" content=\"Elfsight DE\" \/>\n<meta property=\"article:modified_time\" content=\"2024-07-18T15:08:11+00:00\" \/>\n<meta name=\"twitter:card\" content=\"summary_large_image\" \/>\n<meta name=\"twitter:label1\" content=\"Gesch\u00e4tzte Lesezeit\" \/>\n\t<meta name=\"twitter:data1\" content=\"3\u00a0Minuten\" \/>\n<!-- \/ Yoast SEO plugin. -->","yoast_head_json":{"title":"Speisekarte App f\u00fcr Ihre Website (kostenlos und schnell)","description":"Integrieren Sie Ihr bestes Speisekarte Widget auf die Website. Testen Sie eine kostenlose Demo zum kostenlosen Suche Plugins von Elfsight.","robots":{"index":"index","follow":"follow","max-snippet":"max-snippet:-1","max-image-preview":"max-image-preview:large","max-video-preview":"max-video-preview:-1"},"canonical":"https:\/\/elfsight.com\/de\/restaurant-menu-widget\/examples\/","og_locale":"de_DE","og_type":"article","og_title":"Speisekarte App f\u00fcr Ihre Website (kostenlos und schnell)","og_description":"Integrieren Sie Ihr bestes Speisekarte Widget auf die Website. Testen Sie eine kostenlose Demo zum kostenlosen Suche Plugins von Elfsight.","og_url":"https:\/\/elfsight.com\/de\/restaurant-menu-widget\/examples\/","og_site_name":"Elfsight DE","article_modified_time":"2024-07-18T15:08:11+00:00","twitter_card":"summary_large_image","twitter_misc":{"Gesch\u00e4tzte Lesezeit":"3\u00a0Minuten"},"schema":{"@context":"https:\/\/schema.org","@graph":[{"@type":"WebPage","@id":"https:\/\/elfsight.com\/de\/restaurant-menu-widget\/examples\/","url":"https:\/\/elfsight.com\/de\/restaurant-menu-widget\/examples\/","name":"Speisekarte App f\u00fcr Ihre Website (kostenlos und schnell)","isPartOf":{"@id":"https:\/\/elfsight.com\/de\/#website"},"datePublished":"2020-09-10T11:23:04+00:00","dateModified":"2024-07-18T15:08:11+00:00","description":"Integrieren Sie Ihr bestes Speisekarte Widget auf die Website. Testen Sie eine kostenlose Demo zum kostenlosen Suche Plugins von Elfsight.","breadcrumb":{"@id":"https:\/\/elfsight.com\/de\/restaurant-menu-widget\/examples\/#breadcrumb"},"inLanguage":"de","potentialAction":[{"@type":"ReadAction","target":["https:\/\/elfsight.com\/de\/restaurant-menu-widget\/examples\/"]}]},{"@type":"BreadcrumbList","@id":"https:\/\/elfsight.com\/de\/restaurant-menu-widget\/examples\/#breadcrumb","itemListElement":[{"@type":"ListItem","position":1,"name":"Home","item":"https:\/\/elfsight.com\/de\/"},{"@type":"ListItem","position":2,"name":"Restaurant Menu","item":"https:\/\/elfsight.com\/de\/restaurant-menu-widget\/"},{"@type":"ListItem","position":3,"name":"Restaurant Menu &#8211; Examples"}]},{"@type":"WebSite","@id":"https:\/\/elfsight.com\/de\/#website","url":"https:\/\/elfsight.com\/de\/","name":"Elfsight DE","description":"Just another Elfsight Sites site","potentialAction":[{"@type":"SearchAction","target":{"@type":"EntryPoint","urlTemplate":"https:\/\/elfsight.com\/de\/?s={search_term_string}"},"query-input":{"@type":"PropertyValueSpecification","valueRequired":true,"valueName":"search_term_string"}}],"inLanguage":"de"}]}},"meta_box":{"industry":"","seo_heading":"","heading":"","description":"","cta_heading":"","cta_description":"","application":"514","h1":"Beispiele f\u00fcr das Speisekarte Widget auf Ihre Seite","h1_caption":"Sehen Sie alle Beispiele f\u00fcr Speisekarte App, um das volle Potenzial des Widgets zu erkennen.","application_category":[],"applications_title":"","applications_request_title":"","applications_request_button_text":"","hero_text":"","hero_video":"","hero_video_schema_markup":"","selling_points_title":"","selling_points_caption":"","selling_points":[],"selling_points_cta_text":"","features_title":"","features":"","ed_cta_examples_text":"","ed_cta_examples_hidden":"","ed_cta_demo_text":"","ed_cta_demo_hidden":"","why_caption":"","why_editor_title":"","why_editor_text":"","why_team_title":"","why_team_text":"","why_service_title":"","why_service_text":"","template_catalog_visible":"","template_catalog_title":"","template_catalog_text":"","template_catalog_categories_visible":"","demo_title":"","demo_caption":"","default_faq_hidden":"","app_template_category":[],"platform":"","template_public_id":"","codecanyon_url":"","codecanyon_item_id":"","codecanyon_price":"","pricing_caption":"","pricing_elfsight_apps_hide_column":"","pricing_elfsight_apps_url":"","pricing_codecanyon_price_caption":"","integration_category":[],"integration_request_title":"","integration_request_cta":"","integration_platform":"","integrations":[],"platform_category":[],"video_schema_markup":"","price":"","trial":"","benefits":[],"button_url":"","button_target_blank":"","button_nofollow":"","attributes":[],"tags":[],"tags_disable_links":"","hide_more_platforms":"","video_object":"","demo_hide_cta":"","demo_hide_cloud_options":"","pricing_title":"","pricing":[],"related_apps_title":"","related_apps_hidden":"","author":"","image":[],"title":"","job":"","social_networks":[]},"_links":{"self":[{"href":"https:\/\/elfsight.com\/de\/wp-json\/wp\/v2\/pages\/2712","targetHints":{"allow":["GET"]}}],"collection":[{"href":"https:\/\/elfsight.com\/de\/wp-json\/wp\/v2\/pages"}],"about":[{"href":"https:\/\/elfsight.com\/de\/wp-json\/wp\/v2\/types\/page"}],"author":[{"embeddable":true,"href":"https:\/\/elfsight.com\/de\/wp-json\/wp\/v2\/users\/13"}],"replies":[{"embeddable":true,"href":"https:\/\/elfsight.com\/de\/wp-json\/wp\/v2\/comments?post=2712"}],"version-history":[{"count":9,"href":"https:\/\/elfsight.com\/de\/wp-json\/wp\/v2\/pages\/2712\/revisions"}],"predecessor-version":[{"id":22358,"href":"https:\/\/elfsight.com\/de\/wp-json\/wp\/v2\/pages\/2712\/revisions\/22358"}],"up":[{"embeddable":true,"href":"https:\/\/elfsight.com\/de\/wp-json\/wp\/v2\/pages\/2702"}],"wp:attachment":[{"href":"https:\/\/elfsight.com\/de\/wp-json\/wp\/v2\/media?parent=2712"}],"curies":[{"name":"wp","href":"https:\/\/api.w.org\/{rel}","templated":true}]}}