{"id":25526,"date":"2025-10-15T16:22:37","date_gmt":"2025-10-15T16:22:37","guid":{"rendered":"https:\/\/elfsight.com\/de\/?page_id=25526"},"modified":"2025-10-15T16:22:38","modified_gmt":"2025-10-15T16:22:38","slug":"features","status":"publish","type":"page","link":"https:\/\/elfsight.com\/de\/stocks-widget\/features\/","title":{"rendered":"Stocks &#8211; Features"},"content":{"rendered":"<section class=\"application-features-group section\" id=\"REAL-TIME MARKET DATA\">\n                    <div class=\"inner\">\n                        <div class=\"col-row\">\n                            <div class=\"col-6 col-offset-3 col-m-12 col-m-offset-0\">\n\n<h3>Live-Diagramme und Tabellen anzeigen<\/h3> <p>Zeigen Sie Finanzdaten in Echtzeit \u00fcber interaktive Diagramme und Tabellen an. Aktualisierungen erfolgen automatisch \u2013 ganz ohne Programmierung.<\/p> <h3>Anzeige nach Ticker, Name oder Symbol<\/h3> <p>Helfen Sie Nutzern, Verm\u00f6genswerte sofort zu erkennen \u2013 mit Ticker, Namen und Logos. Kleine Live-Charts sorgen f\u00fcr einen professionellen Eindruck.<\/p> <h3>Flexible Preisformate<\/h3> <p>Zeigen Sie Kurs\u00e4nderungen als Werte, Prozents\u00e4tze oder beides an. W\u00e4hlen Sie das Format, das am besten zu Ihrem Publikum passt.<\/p> <h3>Schnelle Einrichtung und Ver\u00f6ffentlichung<\/h3> <p>Starten Sie Ihr Widget in wenigen Minuten mit nur einem Klick. W\u00e4hlen Sie Assets aus, passen Sie das Layout an und binden Sie es \u00fcberall ein.<\/p>\n\n<\/div>\n                        <\/div>\n                    <\/div>\n\n                    <div class=\"application-features-group-title\">ECHTZEIT-MARKTDATEN<\/div>\n                <\/section>\n\n<section class=\"application-features-group section\" style=\"background-color:#fafafa;\" id=\"ACCURATE &amp; TRUSTED DATA\">\n                    <div class=\"inner\">\n                        <div class=\"col-row\">\n                            <div class=\"col-6 col-offset-3 col-m-12 col-m-offset-0\">\n\n<h3>Echtzeitaktualisierungen<\/h3> <p>Alle Aktien-, W\u00e4hrungs- und Kryptowerte werden automatisch aktualisiert. Ihre Besucher sehen stets die neuesten Zahlen.<\/p> <h3>Globale Abdeckung<\/h3> <p>Zugriff auf verifizierte Daten aus vertrauensw\u00fcrdigen globalen Quellen. Von Nasdaq bis EUR\/USD \u2013 immer pr\u00e4zise und aktuell.<\/p> <h3>Vertrauen aufbauen<\/h3> <p>Zuverl\u00e4ssige Zahlen st\u00e4rken das Vertrauen in Ihre Marke. Besucher wissen, dass sie Ihrer Website f\u00fcr aktuelle Daten vertrauen k\u00f6nnen.<\/p>\n\n<\/div>\n                        <\/div>\n                    <\/div>\n\n                    <div class=\"application-features-group-title\">GENAUE &amp; VERTRAUENSW\u00dcRDIGE DATEN<\/div>\n                <\/section>\n\n<section class=\"application-features-group section\" id=\"STOCKS, FOREX &amp; CRYPTO\">\n                    <div class=\"inner\">\n                        <div class=\"col-row\">\n                            <div class=\"col-6 col-offset-3 col-m-12 col-m-offset-0\">\n\n<h3>Diversifizierte Verm\u00f6genswerte anzeigen<\/h3> <p>Kombinieren Sie Aktien, Forex und Krypto in einem einzigen Widget. Bieten Sie Nutzern einen umfassenden \u00dcberblick \u00fcber globale Markttrends.<\/p> <h3>Ihre Website als vertrauensw\u00fcrdige Quelle positionieren<\/h3> <p>Zeigen Sie Live-Daten, um Professionalit\u00e4t und Autorit\u00e4t zu unterstreichen. Echtzeit-Einblicke lassen Ihre Website hervorstechen.<\/p> <h3>Engagement und Loyalit\u00e4t steigern<\/h3> <p>Genaue Aktualisierungen sorgen daf\u00fcr, dass Besucher f\u00fcr neue Daten zur\u00fcckkehren. So bauen Sie Vertrauen und wiederkehrenden Traffic m\u00fchelos auf.<\/p>\n\n<\/div>\n                        <\/div>\n                    <\/div>\n\n                    <div class=\"application-features-group-title\">AKTIEN, FOREX &amp; KRYPTOW\u00c4HRUNGEN<\/div>\n                <\/section>\n\n<section class=\"application-features-group section\" style=\"background-color:#fafafa;\" id=\"TEMPLATES &amp; LAYOUTS\">\n                    <div class=\"inner\">\n                        <div class=\"col-row\">\n                            <div class=\"col-6 col-offset-3 col-m-12 col-m-offset-0\">\n\n<h3>F\u00fcnf Layout-Optionen<\/h3> <p>W\u00e4hlen Sie zwischen Kartenraster, Kartenstapel, Ticker, Tabelle oder Liste. Jedes Layout ist f\u00fcr Klarheit und Engagement optimiert.<\/p> <h3>Kompakte oder erweiterte Ansichten<\/h3> <p>Verwenden Sie einen minimalistischen Ticker f\u00fcr schnelle Highlights oder eine vollst\u00e4ndige Tabelle f\u00fcr tiefere Analysen. Wechseln Sie den Stil jederzeit nach Bedarf.<\/p> <h3>Mobilfreundliches Design<\/h3> <p>Das Widget sieht auf Desktop, Tablet und Mobilger\u00e4t gro\u00dfartig aus. Responsives Skalieren sorgt \u00fcberall f\u00fcr perfekte Lesbarkeit.<\/p>\n\n<\/div>\n                        <\/div>\n                    <\/div>\n\n                    <div class=\"application-features-group-title\">VORLAGEN &amp; LAYOUTS<\/div>\n                <\/section>\n\n<section class=\"application-features-group section\" id=\"CUSTOMIZATION\">\n                    <div class=\"inner\">\n                        <div class=\"col-row\">\n                            <div class=\"col-6 col-offset-3 col-m-12 col-m-offset-0\">\n\n<h3>Themen- und Farbeinstellungen<\/h3> <p>Wechseln Sie zwischen hellen, dunklen oder benutzerdefinierten Designs. Passen Sie Farben und Hintergr\u00fcnde an das Erscheinungsbild Ihrer Website an.<\/p> <h3>Elementanpassung<\/h3> <p>\u00c4ndern Sie Gr\u00f6\u00dfe, Ecken, Schriftarten und Linien ganz einfach. Jedes Detail l\u00e4sst sich an den Stil Ihrer Marke anpassen.<\/p> <h3>Erweiterte Gestaltung<\/h3> <p>F\u00fcgen Sie eigenes CSS oder JavaScript hinzu, um volle Kontrolle zu erhalten. Erstellen Sie ein Widget, das sich vollst\u00e4ndig integriert und einzigartig anf\u00fchlt.<\/p>\n\n<\/div>\n                        <\/div>\n                    <\/div>\n\n                    <div class=\"application-features-group-title\">ANPASSUNG<\/div>\n                <\/section>","protected":false},"excerpt":{"rendered":"","protected":false},"author":9,"featured_media":0,"parent":25522,"menu_order":0,"comment_status":"closed","ping_status":"closed","template":"templates\/template-application-features.php","meta":{"publish_to_discourse":"","publish_post_category":"","wpdc_auto_publish_overridden":"","wpdc_topic_tags":"","wpdc_pin_topic":"","wpdc_pin_until":"","discourse_post_id":"","discourse_permalink":"","wpdc_publishing_response":"","wpdc_publishing_error":"","footnotes":""},"class_list":["post-25526","page","type-page","status-publish","hentry"],"yoast_head":"<!-- This site is optimized with the Yoast SEO plugin v25.3.1 - https:\/\/yoast.com\/wordpress\/plugins\/seo\/ -->\n<title>Live-Markt-Widget \u2013 Echtzeitdaten zu Aktien, Forex &amp; Krypto | Elfsight<\/title>\n<meta name=\"description\" content=\"Zeigen Sie Live-Markteinblicke mit aktuellen Aktien-, Forex- und Krypto-Updates.Bauen Sie Vertrauen mit pr\u00e4zisen Daten, responsivem Design und vollst\u00e4ndiger Styling-Kontrolle auf.\" \/>\n<meta name=\"robots\" content=\"index, follow, max-snippet:-1, max-image-preview:large, max-video-preview:-1\" \/>\n<link rel=\"canonical\" href=\"https:\/\/elfsight.com\/de\/stocks-widget\/features\/\" \/>\n<meta property=\"og:locale\" content=\"de_DE\" \/>\n<meta property=\"og:type\" content=\"article\" \/>\n<meta property=\"og:title\" content=\"Live-Markt-Widget \u2013 Echtzeitdaten zu Aktien, Forex &amp; Krypto | Elfsight\" \/>\n<meta property=\"og:description\" content=\"Zeigen Sie Live-Markteinblicke mit aktuellen Aktien-, Forex- und Krypto-Updates.Bauen Sie Vertrauen mit pr\u00e4zisen Daten, responsivem Design und vollst\u00e4ndiger Styling-Kontrolle auf.\" \/>\n<meta property=\"og:url\" content=\"https:\/\/elfsight.com\/de\/stocks-widget\/features\/\" \/>\n<meta property=\"og:site_name\" content=\"Elfsight DE\" \/>\n<meta property=\"article:modified_time\" content=\"2025-10-15T16:22:38+00:00\" \/>\n<meta name=\"twitter:card\" content=\"summary_large_image\" \/>\n<meta name=\"twitter:label1\" content=\"Gesch\u00e4tzte Lesezeit\" \/>\n\t<meta name=\"twitter:data1\" content=\"3\u00a0Minuten\" \/>\n<!-- \/ Yoast SEO plugin. -->","yoast_head_json":{"title":"Live-Markt-Widget \u2013 Echtzeitdaten zu Aktien, Forex & Krypto | Elfsight","description":"Zeigen Sie Live-Markteinblicke mit aktuellen Aktien-, Forex- und Krypto-Updates.Bauen Sie Vertrauen mit pr\u00e4zisen Daten, responsivem Design und vollst\u00e4ndiger Styling-Kontrolle auf.","robots":{"index":"index","follow":"follow","max-snippet":"max-snippet:-1","max-image-preview":"max-image-preview:large","max-video-preview":"max-video-preview:-1"},"canonical":"https:\/\/elfsight.com\/de\/stocks-widget\/features\/","og_locale":"de_DE","og_type":"article","og_title":"Live-Markt-Widget \u2013 Echtzeitdaten zu Aktien, Forex & Krypto | Elfsight","og_description":"Zeigen Sie Live-Markteinblicke mit aktuellen Aktien-, Forex- und Krypto-Updates.Bauen Sie Vertrauen mit pr\u00e4zisen Daten, responsivem Design und vollst\u00e4ndiger Styling-Kontrolle auf.","og_url":"https:\/\/elfsight.com\/de\/stocks-widget\/features\/","og_site_name":"Elfsight DE","article_modified_time":"2025-10-15T16:22:38+00:00","twitter_card":"summary_large_image","twitter_misc":{"Gesch\u00e4tzte Lesezeit":"3\u00a0Minuten"},"schema":{"@context":"https:\/\/schema.org","@graph":[{"@type":"WebPage","@id":"https:\/\/elfsight.com\/de\/stocks-widget\/features\/","url":"https:\/\/elfsight.com\/de\/stocks-widget\/features\/","name":"Live-Markt-Widget \u2013 Echtzeitdaten zu Aktien, Forex & Krypto | Elfsight","isPartOf":{"@id":"https:\/\/elfsight.com\/de\/#website"},"datePublished":"2025-10-15T16:22:37+00:00","dateModified":"2025-10-15T16:22:38+00:00","description":"Zeigen Sie Live-Markteinblicke mit aktuellen Aktien-, Forex- und Krypto-Updates.Bauen Sie Vertrauen mit pr\u00e4zisen Daten, responsivem Design und vollst\u00e4ndiger Styling-Kontrolle auf.","breadcrumb":{"@id":"https:\/\/elfsight.com\/de\/stocks-widget\/features\/#breadcrumb"},"inLanguage":"de","potentialAction":[{"@type":"ReadAction","target":["https:\/\/elfsight.com\/de\/stocks-widget\/features\/"]}]},{"@type":"BreadcrumbList","@id":"https:\/\/elfsight.com\/de\/stocks-widget\/features\/#breadcrumb","itemListElement":[{"@type":"ListItem","position":1,"name":"Home","item":"https:\/\/elfsight.com\/de\/"},{"@type":"ListItem","position":2,"name":"Stocks","item":"https:\/\/elfsight.com\/de\/stocks-widget\/"},{"@type":"ListItem","position":3,"name":"Stocks &#8211; Features"}]},{"@type":"WebSite","@id":"https:\/\/elfsight.com\/de\/#website","url":"https:\/\/elfsight.com\/de\/","name":"Elfsight DE","description":"Just another Elfsight Sites site","potentialAction":[{"@type":"SearchAction","target":{"@type":"EntryPoint","urlTemplate":"https:\/\/elfsight.com\/de\/?s={search_term_string}"},"query-input":{"@type":"PropertyValueSpecification","valueRequired":true,"valueName":"search_term_string"}}],"inLanguage":"de"}]}},"meta_box":{"industry":"","seo_heading":"","heading":"","description":"","cta_heading":"","cta_description":"","application":"25521","h1":"","h1_caption":"","application_category":[],"applications_title":"","applications_request_title":"","applications_request_button_text":"","hero_text":"","hero_video":"","hero_video_schema_markup":"","selling_points_title":"","selling_points_caption":"","selling_points":[],"selling_points_cta_text":"","features_title":"","features":"","ed_cta_examples_text":"","ed_cta_examples_hidden":"","ed_cta_demo_text":"","ed_cta_demo_hidden":"","why_caption":"","why_editor_title":"","why_editor_text":"","why_team_title":"","why_team_text":"","why_service_title":"","why_service_text":"","template_catalog_visible":"","template_catalog_title":"","template_catalog_text":"","template_catalog_categories_visible":"","demo_title":"","demo_caption":"","default_faq_hidden":"","app_template_category":[],"platform":"","template_public_id":"","codecanyon_url":"","codecanyon_item_id":"","codecanyon_price":"","pricing_caption":"","pricing_elfsight_apps_hide_column":"","pricing_elfsight_apps_url":"","pricing_codecanyon_price_caption":"","integration_category":[],"integration_request_title":"","integration_request_cta":"","integration_platform":"","integrations":[],"platform_category":[],"video_schema_markup":"","price":"","trial":"","benefits":[],"button_url":"","button_target_blank":"","button_nofollow":"","attributes":[],"tags":[],"tags_disable_links":"","hide_more_platforms":"","video_object":"","demo_hide_cta":"","demo_hide_cloud_options":"","pricing_title":"","pricing":[],"related_apps_title":"","related_apps_hidden":"","author":"","image":[],"title":"","job":"","social_networks":[]},"_links":{"self":[{"href":"https:\/\/elfsight.com\/de\/wp-json\/wp\/v2\/pages\/25526","targetHints":{"allow":["GET"]}}],"collection":[{"href":"https:\/\/elfsight.com\/de\/wp-json\/wp\/v2\/pages"}],"about":[{"href":"https:\/\/elfsight.com\/de\/wp-json\/wp\/v2\/types\/page"}],"author":[{"embeddable":true,"href":"https:\/\/elfsight.com\/de\/wp-json\/wp\/v2\/users\/9"}],"replies":[{"embeddable":true,"href":"https:\/\/elfsight.com\/de\/wp-json\/wp\/v2\/comments?post=25526"}],"version-history":[{"count":2,"href":"https:\/\/elfsight.com\/de\/wp-json\/wp\/v2\/pages\/25526\/revisions"}],"predecessor-version":[{"id":25528,"href":"https:\/\/elfsight.com\/de\/wp-json\/wp\/v2\/pages\/25526\/revisions\/25528"}],"up":[{"embeddable":true,"href":"https:\/\/elfsight.com\/de\/wp-json\/wp\/v2\/pages\/25522"}],"wp:attachment":[{"href":"https:\/\/elfsight.com\/de\/wp-json\/wp\/v2\/media?parent=25526"}],"curies":[{"name":"wp","href":"https:\/\/api.w.org\/{rel}","templated":true}]}}