{"id":2545,"date":"2020-09-03T15:13:52","date_gmt":"2020-09-03T15:13:52","guid":{"rendered":"https:\/\/elfsight.com\/de\/?page_id=2545"},"modified":"2020-09-28T06:30:05","modified_gmt":"2020-09-28T06:30:05","slug":"examples","status":"publish","type":"page","link":"https:\/\/elfsight.com\/de\/viber-chat-widget\/examples\/","title":{"rendered":"Viber Chat &#8211; Examples"},"content":{"rendered":"\n<div class=\"application-examples-item application-examples-item-loading\">\n                            <div class=\"col-row\">\n                                <div class=\"col-6 col-m-8 col-s-12\"><h3 class=\"application-examples-item-title\">Beispiel 1. General Live Chat<\/h3><div class=\"application-examples-item-description\">Diese universelle Variante des Chats wird gut auf jeder Website aussehen. Die Vorlage \u201eSchwimmblase\u201c macht es m\u00e4\u00dfig, aber es immer sichtbar bleibt f\u00fcr die G\u00e4ste der Website. Blasensymbol ist original Viber Logo, die ist von den meisten Benutzern bekannt.<\/div><\/div>\n                <\/div>\n\n                <div class=\"application-examples-item-iframe-container browser-frame\">\n                    <div class=\"application-examples-item-iframe-wrapper\">\n                        <iframe class=\"application-examples-item-iframe application-examples-item-iframe-fixed-height\" data-src=\"https:\/\/elfsight.com\/examples?widget_id=91006a79-f1bb-4424-a9e0-7ad009169934&padding=28px+40px+40px\" width=\"100%\" height=\"500\" allow=\"autoplay; fullscreen\"><\/iframe>\n                    <\/div>\n\n                    <div class=\"application-examples-item-loader\"><\/div>\n                <\/div>\n            <\/div>\n\n<div class=\"application-examples-item application-examples-item-loading\">\n                            <div class=\"col-row\">\n                                <div class=\"col-6 col-m-8 col-s-12\"><h3 class=\"application-examples-item-title\">Beispiel 2. Support Chat<\/h3><div class=\"application-examples-item-description\">In dieses Beispiel die Kopfzeile des Chat-Fenster zeigt ein Foto des  Support Specialist an und gibt \u00fcbliche Reaktionszeit an. Dadurch sehen die Leute, wann sie eine Antwort erwarten sollten. Das ist sehr praktisch Weise, um der Kanal einer Client-Kommunikation auf Ihre Webseite festzulegen.<\/div><\/div>\n                <\/div>\n\n                <div class=\"application-examples-item-iframe-container browser-frame\">\n                    <div class=\"application-examples-item-iframe-wrapper\">\n                        <iframe class=\"application-examples-item-iframe application-examples-item-iframe-fixed-height\" data-src=\"https:\/\/elfsight.com\/examples?widget_id=6300d855-33f4-4be1-9f1e-36f7f4598ea3&padding=28px+40px+40px\" width=\"100%\" height=\"500px\" allow=\"autoplay; fullscreen\"><\/iframe>\n                    <\/div>\n\n                    <div class=\"application-examples-item-loader\"><\/div>\n                <\/div>\n            <\/div>\n\n<div class=\"application-examples-item application-examples-item-loading\">\n                            <div class=\"col-row\">\n                                <div class=\"col-6 col-m-8 col-s-12\"><h3 class=\"application-examples-item-title\">Beispiel 3. Angebot Chat<\/h3><div class=\"application-examples-item-description\">Viele Anpassungen hat man da vorgenommen: Hintergrund der Kopfziel ist schwarz gestrichen, es gibt die benutzerdefinierte Beschriftung und volle Info \u00fcber den Supportmitarbeiter. Chat Start-Taste ist rot gef\u00e4rbt und hat benutzerdefinierten Text. Eine wirksame Weise f\u00fcr die Anziehung der Verk\u00e4ufe durch ein Chat.<\/div><\/div>\n                <\/div>\n\n                <div class=\"application-examples-item-iframe-container browser-frame\">\n                    <div class=\"application-examples-item-iframe-wrapper\">\n                        <iframe class=\"application-examples-item-iframe application-examples-item-iframe-fixed-height\" data-src=\"https:\/\/elfsight.com\/examples?widget_id=b49e432c-4f1c-4381-894f-822144096814&padding=28px+40px+40px\" width=\"100%\" height=\"500px\" allow=\"autoplay; fullscreen\"><\/iframe>\n                    <\/div>\n\n                    <div class=\"application-examples-item-loader\"><\/div>\n                <\/div>\n            <\/div>\n\n<div class=\"application-examples-item application-examples-item-loading\">\n                            <div class=\"col-row\">\n                                <div class=\"col-6 col-m-8 col-s-12\"><h3 class=\"application-examples-item-title\">Beispiel 4. Buchung Chat<\/h3><div class=\"application-examples-item-description\">Die Kopfzeile und die Blase des Chat-Fenster sind blau gestrichen, um Farbkonzept der Website Thema anzupassen. Die Begr\u00fc\u00dfung ist da, um die Buchungsleistungen des Unternehmens zu bieten. Chat Blase f\u00fchrt das Buchung Symbol und die Handlungsaufforderung vor.<\/div><\/div>\n                <\/div>\n\n                <div class=\"application-examples-item-iframe-container browser-frame\">\n                    <div class=\"application-examples-item-iframe-wrapper\">\n                        <iframe class=\"application-examples-item-iframe application-examples-item-iframe-fixed-height\" data-src=\"https:\/\/elfsight.com\/examples?widget_id=832ad979-ed17-4e60-bbc7-ae8c305da143&padding=28px+40px+40px\" width=\"100%\" height=\"500px\" allow=\"autoplay; fullscreen\"><\/iframe>\n                    <\/div>\n\n                    <div class=\"application-examples-item-loader\"><\/div>\n                <\/div>\n            <\/div>\n\n<div class=\"application-cta-create\">\n                    <div class=\"application-cta-create-bg\">\n                        <div class=\"application-cta-create-bg-left\"><\/div>\n\n                        <div class=\"application-cta-create-bg-right\">\n                            <img decoding=\"async\" src=\"https:\/\/elfsight.com\/de\/wp-content\/themes\/elfsight\/frontend\/assets\/img\/application-cta-create.jpg\" alt=\"Beginnen Sie mit der Erstellung Ihres Widgets\">\n                        <\/div>\n                    <\/div>\n\n                    <div class=\"application-cta-create-content inner\">\n                        <div class=\"application-cta-create-content-inner\">\n                            <div class=\"application-cta-create-content-icon\">\n                                <svg viewBox=\"0 0 25 25\" width=\"100%\" height=\"100%\">\n                                    <use xlink:href=\"#icon-settings\"><\/use>\n                                <\/svg>\n                            <\/div>\n\n                            <div class=\"application-cta-create-content-title\">Beginnen Sie mit der Erstellung Ihres Widgets<\/div>\n\n                            <div class=\"application-cta-create-content-text\">Schnell. Einfach. Keine Codierung.<\/div>\n\n                            <a class=\"application-cta-create-content-button button-48 button-has-right-icon button-black button\" href=\"\">\n                                <span class=\"button-label\">Widget erstellen<\/span>\n\n                                <svg class=\"button-icon\">\n                                    <use xlink:href=\"#icon-arrow-link\"><\/use>\n                                <\/svg>\n                            <\/a>\n                        <\/div>\n                    <\/div>\n                <\/div>\n\n<div class=\"application-examples-item application-examples-item-loading\">\n                            <div class=\"col-row\">\n                                <div class=\"col-6 col-m-8 col-s-12\"><h3 class=\"application-examples-item-title\">Beispiel 5. Feedback Chat<\/h3><div class=\"application-examples-item-description\">Dieses Chat ist als eine schwimmende Blase mit dem Symbol und benutzerdefinierten Text ausgebildet. Er erweitert, um ein Chat-Fenster mit Manager Foto (aus der Bibliothek unseres Widgets) und die Begr\u00fc\u00dfung zu enth\u00fcllen, die fordert Besucherfeedbacks. Eine gute Weise, um die Bewertungen zu sammeln.<\/div><\/div>\n                <\/div>\n\n                <div class=\"application-examples-item-iframe-container browser-frame\">\n                    <div class=\"application-examples-item-iframe-wrapper\">\n                        <iframe class=\"application-examples-item-iframe application-examples-item-iframe-fixed-height\" data-src=\"https:\/\/elfsight.com\/examples?widget_id=97ce105b-f544-4f23-a0be-dfe9f2c1a960&padding=28px+40px+40px\" width=\"100%\" height=\"500px\" allow=\"autoplay; fullscreen\"><\/iframe>\n                    <\/div>\n\n                    <div class=\"application-examples-item-loader\"><\/div>\n                <\/div>\n            <\/div>\n\n<div class=\"application-examples-item application-examples-item-loading\">\n                            <div class=\"col-row\">\n                                <div class=\"col-6 col-m-8 col-s-12\"><h3 class=\"application-examples-item-title\">Beispiel 6. Onboarding Chat<\/h3><div class=\"application-examples-item-description\">Die G\u00e4ste dieser Website werden ein kleines aber auff\u00e4llig Symbol sehen. Es hat die neue Nachricht Marke, um mehr Aufmerksamkeit zu erzielen. Beim Klicken, er\u00f6ffnet das Symbol ein Chat-Fenster mit Logo und Name. Die Begr\u00fc\u00dfung l\u00e4dt Benutzer mehr \u00fcber das Produkt zu lernen und Chatten zu beginnen.<\/div><\/div>\n                <\/div>\n\n                <div class=\"application-examples-item-iframe-container browser-frame\">\n                    <div class=\"application-examples-item-iframe-wrapper\">\n                        <iframe class=\"application-examples-item-iframe application-examples-item-iframe-fixed-height\" data-src=\"https:\/\/elfsight.com\/examples?widget_id=07093c9b-c103-46de-a675-a56c0f644bea&padding=28px+40px+40px\" width=\"100%\" height=\"500px\" allow=\"autoplay; fullscreen\"><\/iframe>\n                    <\/div>\n\n                    <div class=\"application-examples-item-loader\"><\/div>\n                <\/div>\n            <\/div>\n\n<div class=\"application-examples-item application-examples-item-loading\">\n                            <div class=\"col-row\">\n                                <div class=\"col-6 col-m-8 col-s-12\"><h3 class=\"application-examples-item-title\">Beispiel 7. Konsultation Chat<\/h3><div class=\"application-examples-item-description\">Dieses Chat dient zur Beratungskunden \u00fcber die Angebote des Unternehmens. Ein m\u00e4\u00dfig Chat-Fenster mit dem Name und Foto des Beraters enth\u00fcllt die Nachricht. Es bietet den Benutzern Hilfe mit Auswahl zwischen Angebote. Der Hintergrund und die Taste sind benutzerdefinierte F\u00e4rben gestrichen.<\/div><\/div>\n                <\/div>\n\n                <div class=\"application-examples-item-iframe-container browser-frame\">\n                    <div class=\"application-examples-item-iframe-wrapper\">\n                        <iframe class=\"application-examples-item-iframe application-examples-item-iframe-fixed-height\" data-src=\"https:\/\/elfsight.com\/examples?widget_id=891448e6-e54c-425a-8331-cbdfe067cb9d&padding=28px+40px+40px\" width=\"100%\" height=\"500px\" allow=\"autoplay; fullscreen\"><\/iframe>\n                    <\/div>\n\n                    <div class=\"application-examples-item-loader\"><\/div>\n                <\/div>\n            <\/div>\n","protected":false},"excerpt":{"rendered":"","protected":false},"author":13,"featured_media":0,"parent":2535,"menu_order":0,"comment_status":"closed","ping_status":"closed","template":"templates\/template-application-examples.php","meta":{"publish_to_discourse":"","publish_post_category":"","wpdc_auto_publish_overridden":"","wpdc_topic_tags":"","wpdc_pin_topic":"","wpdc_pin_until":"","discourse_post_id":"","discourse_permalink":"","wpdc_publishing_response":"","wpdc_publishing_error":"","footnotes":""},"class_list":["post-2545","page","type-page","status-publish","hentry"],"yoast_head":"<!-- This site is optimized with the Yoast SEO plugin v25.3.1 - https:\/\/yoast.com\/wordpress\/plugins\/seo\/ -->\n<title>Viber Widget Plugin f\u00fcr Ihre Website (kostenlos und schnell)<\/title>\n<meta name=\"description\" content=\"Integrieren Sie Ihr bestes Viber Chat Widget auf die Website. Testen Sie eine kostenlose Demo zum kostenlosen Viber Chat Plugins von Elfsight.\" \/>\n<meta name=\"robots\" content=\"index, follow, max-snippet:-1, max-image-preview:large, max-video-preview:-1\" \/>\n<link rel=\"canonical\" href=\"https:\/\/elfsight.com\/de\/viber-chat-widget\/examples\/\" \/>\n<meta property=\"og:locale\" content=\"de_DE\" \/>\n<meta property=\"og:type\" content=\"article\" \/>\n<meta property=\"og:title\" content=\"Viber Widget Plugin f\u00fcr Ihre Website (kostenlos und schnell)\" \/>\n<meta property=\"og:description\" content=\"Integrieren Sie Ihr bestes Viber Chat Widget auf die Website. Testen Sie eine kostenlose Demo zum kostenlosen Viber Chat Plugins von Elfsight.\" \/>\n<meta property=\"og:url\" content=\"https:\/\/elfsight.com\/de\/viber-chat-widget\/examples\/\" \/>\n<meta property=\"og:site_name\" content=\"Elfsight DE\" \/>\n<meta property=\"article:modified_time\" content=\"2020-09-28T06:30:05+00:00\" \/>\n<meta name=\"twitter:card\" content=\"summary_large_image\" \/>\n<meta name=\"twitter:label1\" content=\"Gesch\u00e4tzte Lesezeit\" \/>\n\t<meta name=\"twitter:data1\" content=\"3\u00a0Minuten\" \/>\n<!-- \/ Yoast SEO plugin. -->","yoast_head_json":{"title":"Viber Widget Plugin f\u00fcr Ihre Website (kostenlos und schnell)","description":"Integrieren Sie Ihr bestes Viber Chat Widget auf die Website. Testen Sie eine kostenlose Demo zum kostenlosen Viber Chat Plugins von Elfsight.","robots":{"index":"index","follow":"follow","max-snippet":"max-snippet:-1","max-image-preview":"max-image-preview:large","max-video-preview":"max-video-preview:-1"},"canonical":"https:\/\/elfsight.com\/de\/viber-chat-widget\/examples\/","og_locale":"de_DE","og_type":"article","og_title":"Viber Widget Plugin f\u00fcr Ihre Website (kostenlos und schnell)","og_description":"Integrieren Sie Ihr bestes Viber Chat Widget auf die Website. Testen Sie eine kostenlose Demo zum kostenlosen Viber Chat Plugins von Elfsight.","og_url":"https:\/\/elfsight.com\/de\/viber-chat-widget\/examples\/","og_site_name":"Elfsight DE","article_modified_time":"2020-09-28T06:30:05+00:00","twitter_card":"summary_large_image","twitter_misc":{"Gesch\u00e4tzte Lesezeit":"3\u00a0Minuten"},"schema":{"@context":"https:\/\/schema.org","@graph":[{"@type":"WebPage","@id":"https:\/\/elfsight.com\/de\/viber-chat-widget\/examples\/","url":"https:\/\/elfsight.com\/de\/viber-chat-widget\/examples\/","name":"Viber Widget Plugin f\u00fcr Ihre Website (kostenlos und schnell)","isPartOf":{"@id":"https:\/\/elfsight.com\/de\/#website"},"datePublished":"2020-09-03T15:13:52+00:00","dateModified":"2020-09-28T06:30:05+00:00","description":"Integrieren Sie Ihr bestes Viber Chat Widget auf die Website. Testen Sie eine kostenlose Demo zum kostenlosen Viber Chat Plugins von Elfsight.","breadcrumb":{"@id":"https:\/\/elfsight.com\/de\/viber-chat-widget\/examples\/#breadcrumb"},"inLanguage":"de","potentialAction":[{"@type":"ReadAction","target":["https:\/\/elfsight.com\/de\/viber-chat-widget\/examples\/"]}]},{"@type":"BreadcrumbList","@id":"https:\/\/elfsight.com\/de\/viber-chat-widget\/examples\/#breadcrumb","itemListElement":[{"@type":"ListItem","position":1,"name":"Home","item":"https:\/\/elfsight.com\/de\/"},{"@type":"ListItem","position":2,"name":"Viber Chat","item":"https:\/\/elfsight.com\/de\/viber-chat-widget\/"},{"@type":"ListItem","position":3,"name":"Viber Chat &#8211; Examples"}]},{"@type":"WebSite","@id":"https:\/\/elfsight.com\/de\/#website","url":"https:\/\/elfsight.com\/de\/","name":"Elfsight DE","description":"Just another Elfsight Sites site","potentialAction":[{"@type":"SearchAction","target":{"@type":"EntryPoint","urlTemplate":"https:\/\/elfsight.com\/de\/?s={search_term_string}"},"query-input":{"@type":"PropertyValueSpecification","valueRequired":true,"valueName":"search_term_string"}}],"inLanguage":"de"}]}},"meta_box":{"industry":"","seo_heading":"","heading":"","description":"","cta_heading":"","cta_description":"","application":"506","h1":"Beispiele f\u00fcr das Viber Chat Widget auf Ihre Seite","h1_caption":"","application_category":[],"applications_title":"","applications_request_title":"","applications_request_button_text":"","hero_text":"","hero_video":"","hero_video_schema_markup":"","selling_points_title":"","selling_points_caption":"","selling_points":[],"selling_points_cta_text":"","features_title":"","features":"","ed_cta_examples_text":"","ed_cta_examples_hidden":"","ed_cta_demo_text":"","ed_cta_demo_hidden":"","why_caption":"","why_editor_title":"","why_editor_text":"","why_team_title":"","why_team_text":"","why_service_title":"","why_service_text":"","template_catalog_visible":"","template_catalog_title":"","template_catalog_text":"","template_catalog_categories_visible":"","demo_title":"","demo_caption":"","default_faq_hidden":"","app_template_category":[],"platform":"","template_public_id":"","codecanyon_url":"","codecanyon_item_id":"","codecanyon_price":"","pricing_caption":"","pricing_elfsight_apps_hide_column":"","pricing_elfsight_apps_url":"","pricing_codecanyon_price_caption":"","integration_category":[],"integration_request_title":"","integration_request_cta":"","integration_platform":"","integrations":[],"platform_category":[],"video_schema_markup":"","price":"","trial":"","benefits":[],"button_url":"","button_target_blank":"","button_nofollow":"","attributes":[],"tags":[],"tags_disable_links":"","hide_more_platforms":"","video_object":"","demo_hide_cta":"","demo_hide_cloud_options":"","pricing_title":"","pricing":[],"related_apps_title":"","related_apps_hidden":"","author":"","image":[],"title":"","job":"","social_networks":[]},"_links":{"self":[{"href":"https:\/\/elfsight.com\/de\/wp-json\/wp\/v2\/pages\/2545","targetHints":{"allow":["GET"]}}],"collection":[{"href":"https:\/\/elfsight.com\/de\/wp-json\/wp\/v2\/pages"}],"about":[{"href":"https:\/\/elfsight.com\/de\/wp-json\/wp\/v2\/types\/page"}],"author":[{"embeddable":true,"href":"https:\/\/elfsight.com\/de\/wp-json\/wp\/v2\/users\/13"}],"replies":[{"embeddable":true,"href":"https:\/\/elfsight.com\/de\/wp-json\/wp\/v2\/comments?post=2545"}],"version-history":[{"count":6,"href":"https:\/\/elfsight.com\/de\/wp-json\/wp\/v2\/pages\/2545\/revisions"}],"predecessor-version":[{"id":2551,"href":"https:\/\/elfsight.com\/de\/wp-json\/wp\/v2\/pages\/2545\/revisions\/2551"}],"up":[{"embeddable":true,"href":"https:\/\/elfsight.com\/de\/wp-json\/wp\/v2\/pages\/2535"}],"wp:attachment":[{"href":"https:\/\/elfsight.com\/de\/wp-json\/wp\/v2\/media?parent=2545"}],"curies":[{"name":"wp","href":"https:\/\/api.w.org\/{rel}","templated":true}]}}