{"id":25446,"date":"2025-06-17T10:47:45","date_gmt":"2025-06-17T10:47:45","guid":{"rendered":"https:\/\/elfsight.com\/de\/?page_id=25446"},"modified":"2025-07-09T06:39:43","modified_gmt":"2025-07-09T06:39:43","slug":"iframe","status":"publish","type":"page","link":"https:\/\/elfsight.com\/de\/comments-widget\/iframe\/","title":{"rendered":"Comments &#8211; iFrame"},"content":{"rendered":"<div class=\"application-platform-content-item-description application-platform-content-item\" id=\"description\" data-nav-section=\"description\"> <h2>Kommentare in iFrame einbetten mit einem Elfsight-Widget<\/h2> <p>Das Kommentare-Widget f\u00fcgt Ihrer Website eine Echtzeit-Interaktion hinzu, die es Benutzern erm\u00f6glicht, sofort als G\u00e4ste oder \u00fcber schnelle soziale Anmeldungen zu kommentieren. Es wurde f\u00fcr eine intuitive Interaktion mit verschachtelten Antworten, Emoji-Reaktionen und Live-Diskussionen entwickelt, die sich auf jedem Ger\u00e4t nat\u00fcrlich anf\u00fchlen. Vollst\u00e4ndig responsiv und global einsatzbereit, passt sich das Widget nahtlos in jede Website ein und erleichtert Besuchern den Beitritt zur Konversation.<\/p> <p>Neben der reibungslosen Interaktion bietet es leistungsstarke Funktionen, die die Sichtbarkeit f\u00f6rdern und Vertrauen aufbauen. Moderationstools, Spamschutz und die M\u00f6glichkeit, Kommentare zu teilen, halten Diskussionen sicher und aktiv. SEO-freundliches Markup verbessert Ihr Ranking, w\u00e4hrend Administrator-Einblicke und Benutzerbearbeitung sowohl Kontrolle als auch Flexibilit\u00e4t bieten. Egal, ob Sie eine Community aufbauen oder einen Blog erweitern m\u00f6chten, dieses Widget hilft Ihnen, durch Dialog zu wachsen.<\/p><p><strong>Geben Sie Ihren Besuchern eine Stimme mit unserem Kommentare-Widget auf Ihrer iFrame-Website.<\/strong><\/p><\/div> <div class=\"application-platform-content-item-features application-platform-content-item\" id=\"features\" data-nav-section=\"features\"> <h2>Sehen Sie sich die Liste der wichtigsten Funktionen an:<\/h2><ul><li><b>Einfachste M\u00f6glichkeit, ohne Registrierung zu kommentieren.<\/b> Benutzer k\u00f6nnen an der Diskussion teilnehmen, ohne ihre Identit\u00e4t preiszugeben, aber es ist einfach, sich bei Google oder Facebook anzumelden, falls gew\u00fcnscht.<\/li><li><b>Admin-Tools zur Kommentarmoderation.<\/b> Moderieren und \u00fcberwachen Sie ganz einfach alle Diskussionen mit geteilten Moderationsaufgaben unter Ihren ausgew\u00e4hlten Teamkollegen.<\/li><li><b>Klassische Schaltfl\u00e4chen und Reaktionen f\u00fcr Diskussionen.<\/b> Liken oder disliken Sie Antworten, erw\u00e4hnen Sie jemanden oder kopieren Sie einen Link zu einem beliebigen Kommentar.<\/li><li><b>Unbegrenzte Konversation f\u00fcr alle.<\/b> Das Widget w\u00e4chst mit Ihnen und unterst\u00fctzt unendlich viele Benutzer, Antworten und Inhaltsseiten.<\/li><li><b>SEO-freundliche Markup f\u00fcr Diskussionen.<\/b> Kommentare enthalten Schema.org-Markup, was es Suchmaschinen erleichtert, Ihre Inhalte zu crawlen und zu ranken.<\/li><\/ul><p><a href=\"#demo\">Der Online-Editor kann Ihnen direkt auf dieser Seite zeigen, wie die Funktionen und Einstellungen funktionieren<\/a><\/p><\/div> <div class=\"application-platform-content-item-installation application-platform-content-item\" id=\"installation\" data-nav-section=\"installation\"> <h2>Wie kann ich Kommentare in meine iFrame-Website einbetten?<\/h2><p>Hier ist eine einfache Anleitung, wie Sie das Widget auf Ihrer iFrame-Website einrichten. Es dauert nur wenige Minuten und erfordert keine Programmierung.<\/p><ol><li><strong>Erstellen Sie Ihr individuelles Kommentare-Widget<\/strong><br> Beginnen Sie mit einer beliebigen Vorlage im Editor, arbeiten Sie mit den praktischen Elementen darin und passen Sie das Widget an Ihr gew\u00fcnschtes Design und Ihre Einstellungen an.<\/li><li><strong>Holen Sie sich den pers\u00f6nlichen Code zum Einbetten des Widgets<\/strong><br> Sobald Sie Ihr Widget erstellt haben, erhalten Sie einen individuellen HTML-Code in Ihrem Dashboard. Kopieren Sie den Code, der alle Informationen zu Ihren Anpassungen enth\u00e4lt.<\/li><li><strong>Zeigen Sie das Widget auf Ihrer iFrame-Website an<\/strong><br> W\u00e4hlen Sie die Bereiche Ihrer Website aus, in denen Sie die Kommentare pr\u00e4sentieren m\u00f6chten, und f\u00fcgen Sie den Code dort ein. Speichern Sie die \u00c4nderungen.<\/li><\/ol><p>Fertig! \u00dcberpr\u00fcfen Sie nun, wie das Widget auf Ihrer Website funktioniert.<\/p><p>Falls Sie beim Einbetten des Widgets in eine Website auf Probleme sto\u00dfen, wenden Sie sich bitte an unser Hilfecenter. Wir helfen Ihnen gerne beim Hinzuf\u00fcgen und Anpassen Ihres Kommentarfelds mit Thread-Funktion.<\/p><\/div>","protected":false},"excerpt":{"rendered":"","protected":false},"author":9,"featured_media":0,"parent":25384,"menu_order":0,"comment_status":"closed","ping_status":"closed","template":"templates\/template-application-platform.php","meta":{"publish_to_discourse":"","publish_post_category":"","wpdc_auto_publish_overridden":"","wpdc_topic_tags":"","wpdc_pin_topic":"","wpdc_pin_until":"","discourse_post_id":"","discourse_permalink":"","wpdc_publishing_response":"","wpdc_publishing_error":"","footnotes":""},"class_list":["post-25446","page","type-page","status-publish","hentry"],"yoast_head":"<!-- This site is optimized with the Yoast SEO plugin v25.3.1 - https:\/\/yoast.com\/wordpress\/plugins\/seo\/ -->\n<title>iFrame Comments-Widget - Mehr Engagement f\u00fcr Ihre Website [KOSTENLOS]<\/title>\n<meta name=\"description\" content=\"F\u00fcgen Sie ein nahtloses Kommentare-Widget zu Ihrer iFrame-Website hinzu. Probieren Sie den benutzerfreundlichen Editor von Elfsight aus, um Ihre ma\u00dfgeschneiderte L\u00f6sung einfach zu erstellen.\" \/>\n<meta name=\"robots\" content=\"index, follow, max-snippet:-1, max-image-preview:large, max-video-preview:-1\" \/>\n<link rel=\"canonical\" href=\"https:\/\/elfsight.com\/de\/comments-widget\/iframe\/\" \/>\n<meta property=\"og:locale\" content=\"de_DE\" \/>\n<meta property=\"og:type\" content=\"article\" \/>\n<meta property=\"og:title\" content=\"iFrame Comments-Widget - Mehr Engagement f\u00fcr Ihre Website [KOSTENLOS]\" \/>\n<meta property=\"og:description\" content=\"F\u00fcgen Sie ein nahtloses Kommentare-Widget zu Ihrer iFrame-Website hinzu. Probieren Sie den benutzerfreundlichen Editor von Elfsight aus, um Ihre ma\u00dfgeschneiderte L\u00f6sung einfach zu erstellen.\" \/>\n<meta property=\"og:url\" content=\"https:\/\/elfsight.com\/de\/comments-widget\/iframe\/\" \/>\n<meta property=\"og:site_name\" content=\"Elfsight DE\" \/>\n<meta property=\"article:modified_time\" content=\"2025-07-09T06:39:43+00:00\" \/>\n<meta name=\"twitter:card\" content=\"summary_large_image\" \/>\n<meta name=\"twitter:label1\" content=\"Gesch\u00e4tzte Lesezeit\" \/>\n\t<meta name=\"twitter:data1\" content=\"3\u00a0Minuten\" \/>\n<!-- \/ Yoast SEO plugin. -->","yoast_head_json":{"title":"iFrame Comments-Widget - Mehr Engagement f\u00fcr Ihre Website [KOSTENLOS]","description":"F\u00fcgen Sie ein nahtloses Kommentare-Widget zu Ihrer iFrame-Website hinzu. Probieren Sie den benutzerfreundlichen Editor von Elfsight aus, um Ihre ma\u00dfgeschneiderte L\u00f6sung einfach zu erstellen.","robots":{"index":"index","follow":"follow","max-snippet":"max-snippet:-1","max-image-preview":"max-image-preview:large","max-video-preview":"max-video-preview:-1"},"canonical":"https:\/\/elfsight.com\/de\/comments-widget\/iframe\/","og_locale":"de_DE","og_type":"article","og_title":"iFrame Comments-Widget - Mehr Engagement f\u00fcr Ihre Website [KOSTENLOS]","og_description":"F\u00fcgen Sie ein nahtloses Kommentare-Widget zu Ihrer iFrame-Website hinzu. Probieren Sie den benutzerfreundlichen Editor von Elfsight aus, um Ihre ma\u00dfgeschneiderte L\u00f6sung einfach zu erstellen.","og_url":"https:\/\/elfsight.com\/de\/comments-widget\/iframe\/","og_site_name":"Elfsight DE","article_modified_time":"2025-07-09T06:39:43+00:00","twitter_card":"summary_large_image","twitter_misc":{"Gesch\u00e4tzte Lesezeit":"3\u00a0Minuten"},"schema":{"@context":"https:\/\/schema.org","@graph":[{"@type":"WebPage","@id":"https:\/\/elfsight.com\/de\/comments-widget\/iframe\/","url":"https:\/\/elfsight.com\/de\/comments-widget\/iframe\/","name":"iFrame Comments-Widget - Mehr Engagement f\u00fcr Ihre Website [KOSTENLOS]","isPartOf":{"@id":"https:\/\/elfsight.com\/de\/#website"},"datePublished":"2025-06-17T10:47:45+00:00","dateModified":"2025-07-09T06:39:43+00:00","description":"F\u00fcgen Sie ein nahtloses Kommentare-Widget zu Ihrer iFrame-Website hinzu. Probieren Sie den benutzerfreundlichen Editor von Elfsight aus, um Ihre ma\u00dfgeschneiderte L\u00f6sung einfach zu erstellen.","breadcrumb":{"@id":"https:\/\/elfsight.com\/de\/comments-widget\/iframe\/#breadcrumb"},"inLanguage":"de","potentialAction":[{"@type":"ReadAction","target":["https:\/\/elfsight.com\/de\/comments-widget\/iframe\/"]}]},{"@type":"BreadcrumbList","@id":"https:\/\/elfsight.com\/de\/comments-widget\/iframe\/#breadcrumb","itemListElement":[{"@type":"ListItem","position":1,"name":"Home","item":"https:\/\/elfsight.com\/de\/"},{"@type":"ListItem","position":2,"name":"Comments","item":"https:\/\/elfsight.com\/de\/comments-widget\/"},{"@type":"ListItem","position":3,"name":"Comments &#8211; iFrame"}]},{"@type":"WebSite","@id":"https:\/\/elfsight.com\/de\/#website","url":"https:\/\/elfsight.com\/de\/","name":"Elfsight DE","description":"Just another Elfsight Sites site","potentialAction":[{"@type":"SearchAction","target":{"@type":"EntryPoint","urlTemplate":"https:\/\/elfsight.com\/de\/?s={search_term_string}"},"query-input":{"@type":"PropertyValueSpecification","valueRequired":true,"valueName":"search_term_string"}}],"inLanguage":"de"}]}},"meta_box":{"industry":"","seo_heading":"","heading":"","description":"","cta_heading":"","cta_description":"","application":"22559","h1":"iFrame Kommentare-Widget","h1_caption":"Erm\u00f6glicht echten Nutzern, sich auf Ihrer iFrame-Website \u00fcber einen eingebetteten Kommentarbereich mit integrierter Anmeldung und umfassenden interaktiven Funktionen auszutauschen und Feedback zu hinterlassen.","application_category":[],"applications_title":"","applications_request_title":"","applications_request_button_text":"","hero_text":"","hero_video":"","hero_video_schema_markup":"","selling_points_title":"","selling_points_caption":"","selling_points":[],"selling_points_cta_text":"","features_title":"","features":"","ed_cta_examples_text":"","ed_cta_examples_hidden":"","ed_cta_demo_text":"","ed_cta_demo_hidden":"","why_caption":"","why_editor_title":"","why_editor_text":"","why_team_title":"","why_team_text":"","why_service_title":"","why_service_text":"","template_catalog_visible":"","template_catalog_title":"","template_catalog_text":"","template_catalog_categories_visible":"","demo_title":"Erstellen Sie Ihr Kommentare-Widget","demo_caption":"Konfigurieren Sie Ihre Kommentare und f\u00fcgen Sie sie kostenlos zu Ihrer iFrame-Website hinzu!","default_faq_hidden":"","app_template_category":[],"platform":"240","template_public_id":"","codecanyon_url":"","codecanyon_item_id":"","codecanyon_price":"","pricing_caption":"","pricing_elfsight_apps_hide_column":"","pricing_elfsight_apps_url":"","pricing_codecanyon_price_caption":"","integration_category":[],"integration_request_title":"","integration_request_cta":"","integration_platform":"","integrations":[],"platform_category":[],"video_schema_markup":"","price":"Ab 0 $ \/ Monat","trial":"","benefits":[],"button_url":"#demo","button_target_blank":"0","button_nofollow":"","attributes":[{"name":"Installationen","content":"50,000 - 100,000","_state":"expanded"},{"name":"Ansprechbar","content":"Ja","_state":"expanded"},{"name":"Kompatible Browser","content":"Firefox, Safari, Opera, Chrome, Edge","_state":"expanded"}],"tags":[],"tags_disable_links":"","hide_more_platforms":"","video_object":"","demo_hide_cta":"","demo_hide_cloud_options":"","pricing_title":"","pricing":[{"pricing_icon":"platform","pricing_title":"Elfsight Apps","pricing_title_caption":"Plattformunabh\u00e4ngige L\u00f6sung","":"","pricing_price":"Ab 0 $ \/ Monat","pricing_price_caption":"Beginnen Sie mit einem kostenlosen Plan","pricing_benefits":"","pricing_button_text":"Zur Website hinzuf\u00fcgen","pricing_button_url":"#demo"}],"related_apps_title":"","related_apps_hidden":"","author":"","image":[],"title":"","job":"","social_networks":[]},"_links":{"self":[{"href":"https:\/\/elfsight.com\/de\/wp-json\/wp\/v2\/pages\/25446","targetHints":{"allow":["GET"]}}],"collection":[{"href":"https:\/\/elfsight.com\/de\/wp-json\/wp\/v2\/pages"}],"about":[{"href":"https:\/\/elfsight.com\/de\/wp-json\/wp\/v2\/types\/page"}],"author":[{"embeddable":true,"href":"https:\/\/elfsight.com\/de\/wp-json\/wp\/v2\/users\/9"}],"replies":[{"embeddable":true,"href":"https:\/\/elfsight.com\/de\/wp-json\/wp\/v2\/comments?post=25446"}],"version-history":[{"count":1,"href":"https:\/\/elfsight.com\/de\/wp-json\/wp\/v2\/pages\/25446\/revisions"}],"predecessor-version":[{"id":25450,"href":"https:\/\/elfsight.com\/de\/wp-json\/wp\/v2\/pages\/25446\/revisions\/25450"}],"up":[{"embeddable":true,"href":"https:\/\/elfsight.com\/de\/wp-json\/wp\/v2\/pages\/25384"}],"wp:attachment":[{"href":"https:\/\/elfsight.com\/de\/wp-json\/wp\/v2\/media?parent=25446"}],"curies":[{"name":"wp","href":"https:\/\/api.w.org\/{rel}","templated":true}]}}