{"id":25340,"date":"2025-06-17T14:50:09","date_gmt":"2025-06-17T14:50:09","guid":{"rendered":"https:\/\/elfsight.com\/de\/?page_id=25340"},"modified":"2025-07-10T08:39:14","modified_gmt":"2025-07-10T08:39:14","slug":"weebly","status":"publish","type":"page","link":"https:\/\/elfsight.com\/de\/timeline-widget\/weebly\/","title":{"rendered":"Timeline &#8211; Weebly"},"content":{"rendered":"<div class=\"application-platform-content-item-description application-platform-content-item\" id=\"description\" data-nav-section=\"description\">\n\n<h2>Weebly Zeitachsen-App<\/h2> <p>Verwandeln Sie Ihre Weebly-Website mit der Elfsight Zeitachsen-App in ein dynamisches, ansprechendes Erlebnis. Dieses interaktive, anpassbare Tool erm\u00f6glicht es Ihnen, Meilensteine, Ereignisse oder den Projektfortschritt auf visuell ansprechende Weise darzustellen. Ohne Programmierkenntnisse k\u00f6nnen Sie schnell eine einzigartige Zeitachse entwerfen und einbetten, die perfekt zum Stil und den Zielen Ihrer Website passt.<\/p> <ul> <li><b>Interaktive Zeitachsen ohne Code erstellen<\/b><br> Entwerfen Sie in wenigen Minuten eine voll funktionsf\u00e4hige interaktive Zeitachse, ohne Programmierkenntnisse. Begeistern Sie Ihre Besucher sofort mit Ihrer Geschichte oder Ihrem Fortschritt.<\/li> <li><b>Erweiterte Anpassungsoptionen<\/b><br> Personalisieren Sie Ihre Zeitachse mit einer Vielzahl von Vorlagen, Farben, Schriftarten und Einstellungen. Passen Sie sie m\u00fchelos an das Branding und Design Ihrer Website an.<\/li> <li><b>Reibungsloser Einbettungsprozess<\/b><br> Betten Sie Ihre benutzerdefinierte Zeitachse mit einem einfachen HTML-Code in Ihre Weebly-Website ein \u2013 kein Aufwand, keine technischen Herausforderungen.<\/li> <li><b>Reaktionsschneller Kundensupport<\/b><br> Unser engagiertes Support-Team steht Ihnen jederzeit bei der Einrichtung zur Verf\u00fcgung und stellt sicher, dass Ihre Zeitachse auf Ihrer Website einwandfrei funktioniert.<\/li> <\/ul> <p><b>Testen Sie das Elfsight Zeitachsen-Widget noch heute, um Besucher zu begeistern und Ihre Meilensteine kreativ und dynamisch zu pr\u00e4sentieren!<\/b><\/p> <\/div>\n<div class=\"application-platform-content-item-features application-platform-content-item\" id=\"features\" data-nav-section=\"features\">\n\n<h2>Was Sie mit der Weebly Zeitachse tun k\u00f6nnen<\/h2> <ul> <li><strong>Besucher visuell ansprechen<\/strong><br> Pr\u00e4sentieren Sie Ihre Meilensteine, Ereignisse oder Projektphasen in einem dynamischen, interaktiven Format, das Besucher fesselt und sie ermutigt, mehr zu erkunden.<\/li> <li><strong>Meilensteine und Fortschritt pr\u00e4sentieren<\/strong><br> Zeigen Sie Ihre Erfolge oder verfolgen Sie die Phasen Ihrer Projekte in einer leicht verst\u00e4ndlichen, chronologischen Reihenfolge, um Ihre Besucher engagiert und informiert zu halten.<\/li> <li><strong>Wichtige Momente hervorheben<\/strong><br> Heben Sie wichtige Meilensteine oder Schl\u00fcsselereignisse hervor. Lassen Sie Ihre Erfolgsgeschichten in einem visuell ansprechenden und leicht verst\u00e4ndlichen Format hervorstechen.<\/li> <\/ul> <p><a href=\"#demo\">Probieren Sie den Editor aus, um alle Funktionen der Zeitachsen-App in Aktion zu sehen.<\/a><\/p> <\/div>\n<div class=\"application-platform-content-item-installation application-platform-content-item\" id=\"installation\" data-nav-section=\"installation\">\n\n<h2>So betten Sie eine Zeitachse in Weebly ein<\/h2> <p>Das Hinzuf\u00fcgen der Zeitachsen-App zu Ihrer Weebly-Site ist schnell und einfach. Befolgen Sie einfach diese Schritte:<\/p> <ol> <li><b>Erstellen Sie Ihre benutzerdefinierte Weebly Zeitachse<\/b><br> W\u00e4hlen Sie eine Vorlage aus unserem Editor und passen Sie sie an Ihre Bed\u00fcrfnisse an. \u00c4ndern Sie das Layout, f\u00fcgen Sie Meilensteine hinzu und passen Sie das Design an den Stil Ihrer Website an.<\/li> <li><b>Holen Sie sich Ihren einzigartigen Einbettungscode<\/b><br> Sobald Ihre Zeitachse fertig ist, kopieren Sie den vom Editor bereitgestellten HTML-Einbettungscode.<\/li> <li><b>Betten Sie den Code in Ihre Weebly-Site ein<\/b><br> F\u00fcgen Sie den Einbettungscode in den entsprechenden Abschnitt Ihrer Weebly-Seite ein und speichern Sie die \u00c4nderungen. Ihre interaktive Zeitachse wird live sein!<\/li> <li><b>Genie\u00dfen Sie Ihre neue interaktive Zeitachse!<\/b><br> Besuchen Sie Ihre Website, um die Zeitachse in Aktion zu sehen und Ihre Besucher mit einem visuell ansprechenden und interaktiven Erlebnis zu begeistern.<\/li> <\/ol> <p>F\u00fcr detailliertere Anweisungen lesen Sie unseren Leitfaden zum Thema <a href=\"https:\/\/elfsight.com\/blog\/how-to-embed-timeline-to-website\/\" target=\"_blank\" rel=\"noopener\">So f\u00fcgen Sie Ihrer Website eine Zeitachse hinzu<\/a>.<\/p> <\/div>\n<div class=\"faq\" data-component=\"FAQ\">\n<div class=\"faq-item\">\r\n\t\t\t\t\t<div class=\"faq-item-question\">\r\n\t\t\t\t\t\t<h3 class=\"faq-item-question-text\">Ist die Zeitachsen-App f\u00fcr Weebly kostenlos?<\/h3>\r\n\r\n\t\t\t\t\t\t<div class=\"faq-item-question-icon\"><\/div>\r\n\t\t\t\t\t<\/div>\r\n\r\n\t\t\t\t\t<div class=\"faq-item-answer\">\r\n\t\t\t\t\t\t<div class=\"faq-item-answer-text\">\nJa, Elfsight bietet einen kostenlosen Plan mit grundlegenden Funktionen. Sie k\u00f6nnen das Zeitachsen-Widget kostenlos nutzen, und es gibt kostenpflichtige Pl\u00e4ne f\u00fcr erweiterte Optionen und Anpassungen.\n<\/div>\r\n\t\t\t\t\t<\/div>\r\n\t\t\t\t<\/div>\n\n<div class=\"faq-item\">\r\n\t\t\t\t\t<div class=\"faq-item-question\">\r\n\t\t\t\t\t\t<h3 class=\"faq-item-question-text\">Ben\u00f6tige ich Programmierkenntnisse, um die Zeitachsen-App f\u00fcr Weebly zu verwenden?<\/h3>\r\n\r\n\t\t\t\t\t\t<div class=\"faq-item-question-icon\"><\/div>\r\n\t\t\t\t\t<\/div>\r\n\r\n\t\t\t\t\t<div class=\"faq-item-answer\">\r\n\t\t\t\t\t\t<div class=\"faq-item-answer-text\">\nNein, das Zeitachsen-Widget von Elfsight f\u00fcr Weebly erfordert keine Programmierkenntnisse. Sie k\u00f6nnen die Zeitachse ganz einfach mit unserem intuitiven Editor anpassen und einbetten.\n<\/div>\r\n\t\t\t\t\t<\/div>\r\n\t\t\t\t<\/div>\n\n<div class=\"faq-item\">\r\n\t\t\t\t\t<div class=\"faq-item-question\">\r\n\t\t\t\t\t\t<h3 class=\"faq-item-question-text\">Wie kann ich eine interaktive Zeitachse f\u00fcr Weebly erstellen?<\/h3>\r\n\r\n\t\t\t\t\t\t<div class=\"faq-item-question-icon\"><\/div>\r\n\t\t\t\t\t<\/div>\r\n\r\n\t\t\t\t\t<div class=\"faq-item-answer\">\r\n\t\t\t\t\t\t<div class=\"faq-item-answer-text\">\nW\u00e4hlen Sie eine Vorlage aus dem Editor, personalisieren Sie sie nach Bedarf und betten Sie den HTML-Code in Ihre Weebly-Website ein, um die Zeitachse zu Ihrer Seite hinzuzuf\u00fcgen.\n<\/div>\r\n\t\t\t\t\t<\/div>\r\n\t\t\t\t<\/div>\n\n<div class=\"faq-item\">\r\n\t\t\t\t\t<div class=\"faq-item-question\">\r\n\t\t\t\t\t\t<h3 class=\"faq-item-question-text\">Welche Arten von Zeitachsen kann ich f\u00fcr Weebly erstellen?<\/h3>\r\n\r\n\t\t\t\t\t\t<div class=\"faq-item-question-icon\"><\/div>\r\n\t\t\t\t\t<\/div>\r\n\r\n\t\t\t\t\t<div class=\"faq-item-answer\">\r\n\t\t\t\t\t\t<div class=\"faq-item-answer-text\">\nSie k\u00f6nnen mit dem Elfsight-Widget verschiedene Arten von Zeitachsen erstellen:\n\n<ul> <li><strong>Unternehmensgeschichte<\/strong>: Zeigen Sie die Entwicklung Ihres Unternehmens und heben Sie wichtige Meilensteine hervor.<\/li> <li><strong>Produktentwicklung<\/strong>: Verfolgen Sie den Weg Ihres Produkts von der Konzeption bis zur Markteinf\u00fchrung.<\/li> <li><strong>Projektzeitachse<\/strong>: Zeigen Sie die Phasen und den Fortschritt Ihrer Projekte an.<\/li> <li><strong>Ereigniszeitachse<\/strong>: Organisieren Sie Veranstaltungsdaten, Produkteinf\u00fchrungen oder bevorstehende Meilensteine.<\/li> <\/ul> <\/div>\r\n\t\t\t\t\t<\/div>\r\n\t\t\t\t<\/div> <\/div>","protected":false},"excerpt":{"rendered":"","protected":false},"author":9,"featured_media":0,"parent":24929,"menu_order":0,"comment_status":"closed","ping_status":"closed","template":"templates\/template-application-platform.php","meta":{"publish_to_discourse":"","publish_post_category":"","wpdc_auto_publish_overridden":"","wpdc_topic_tags":"","wpdc_pin_topic":"","wpdc_pin_until":"","discourse_post_id":"","discourse_permalink":"","wpdc_publishing_response":"","wpdc_publishing_error":"","footnotes":""},"class_list":["post-25340","page","type-page","status-publish","hentry"],"yoast_head":"<!-- This site is optimized with the Yoast SEO plugin v25.3.1 - https:\/\/yoast.com\/wordpress\/plugins\/seo\/ -->\n<title>Zeitleisten-Widget \u2013 Verlaufszeile in Weebly-Website einbetten [KOSTENLOS]<\/title>\n<meta name=\"description\" content=\"F\u00fcgen Sie Ihrem Webflow eine benutzerdefinierte Zeitleiste hinzu. Pr\u00e4sentieren Sie ganz einfach Ihren Verlauf, Ihre Meilensteine \u200b\u200bund Ihren Aufgabenfortschritt mit einem interaktiven Zeitleisten-Widget auf Weebly.\" \/>\n<meta name=\"robots\" content=\"index, follow, max-snippet:-1, max-image-preview:large, max-video-preview:-1\" \/>\n<link rel=\"canonical\" href=\"https:\/\/elfsight.com\/de\/timeline-widget\/weebly\/\" \/>\n<meta property=\"og:locale\" content=\"de_DE\" \/>\n<meta property=\"og:type\" content=\"article\" \/>\n<meta property=\"og:title\" content=\"Zeitleisten-Widget \u2013 Verlaufszeile in Weebly-Website einbetten [KOSTENLOS]\" \/>\n<meta property=\"og:description\" content=\"F\u00fcgen Sie Ihrem Webflow eine benutzerdefinierte Zeitleiste hinzu. Pr\u00e4sentieren Sie ganz einfach Ihren Verlauf, Ihre Meilensteine \u200b\u200bund Ihren Aufgabenfortschritt mit einem interaktiven Zeitleisten-Widget auf Weebly.\" \/>\n<meta property=\"og:url\" content=\"https:\/\/elfsight.com\/de\/timeline-widget\/weebly\/\" \/>\n<meta property=\"og:site_name\" content=\"Elfsight DE\" \/>\n<meta property=\"article:modified_time\" content=\"2025-07-10T08:39:14+00:00\" \/>\n<meta name=\"twitter:card\" content=\"summary_large_image\" \/>\n<meta name=\"twitter:label1\" content=\"Gesch\u00e4tzte Lesezeit\" \/>\n\t<meta name=\"twitter:data1\" content=\"4\u00a0Minuten\" \/>\n<!-- \/ Yoast SEO plugin. -->","yoast_head_json":{"title":"Zeitleisten-Widget \u2013 Verlaufszeile in Weebly-Website einbetten [KOSTENLOS]","description":"F\u00fcgen Sie Ihrem Webflow eine benutzerdefinierte Zeitleiste hinzu. Pr\u00e4sentieren Sie ganz einfach Ihren Verlauf, Ihre Meilensteine \u200b\u200bund Ihren Aufgabenfortschritt mit einem interaktiven Zeitleisten-Widget auf Weebly.","robots":{"index":"index","follow":"follow","max-snippet":"max-snippet:-1","max-image-preview":"max-image-preview:large","max-video-preview":"max-video-preview:-1"},"canonical":"https:\/\/elfsight.com\/de\/timeline-widget\/weebly\/","og_locale":"de_DE","og_type":"article","og_title":"Zeitleisten-Widget \u2013 Verlaufszeile in Weebly-Website einbetten [KOSTENLOS]","og_description":"F\u00fcgen Sie Ihrem Webflow eine benutzerdefinierte Zeitleiste hinzu. Pr\u00e4sentieren Sie ganz einfach Ihren Verlauf, Ihre Meilensteine \u200b\u200bund Ihren Aufgabenfortschritt mit einem interaktiven Zeitleisten-Widget auf Weebly.","og_url":"https:\/\/elfsight.com\/de\/timeline-widget\/weebly\/","og_site_name":"Elfsight DE","article_modified_time":"2025-07-10T08:39:14+00:00","twitter_card":"summary_large_image","twitter_misc":{"Gesch\u00e4tzte Lesezeit":"4\u00a0Minuten"},"schema":{"@context":"https:\/\/schema.org","@graph":[{"@type":"WebPage","@id":"https:\/\/elfsight.com\/de\/timeline-widget\/weebly\/","url":"https:\/\/elfsight.com\/de\/timeline-widget\/weebly\/","name":"Zeitleisten-Widget \u2013 Verlaufszeile in Weebly-Website einbetten [KOSTENLOS]","isPartOf":{"@id":"https:\/\/elfsight.com\/de\/#website"},"datePublished":"2025-06-17T14:50:09+00:00","dateModified":"2025-07-10T08:39:14+00:00","description":"F\u00fcgen Sie Ihrem Webflow eine benutzerdefinierte Zeitleiste hinzu. Pr\u00e4sentieren Sie ganz einfach Ihren Verlauf, Ihre Meilensteine \u200b\u200bund Ihren Aufgabenfortschritt mit einem interaktiven Zeitleisten-Widget auf Weebly.","breadcrumb":{"@id":"https:\/\/elfsight.com\/de\/timeline-widget\/weebly\/#breadcrumb"},"inLanguage":"de","potentialAction":[{"@type":"ReadAction","target":["https:\/\/elfsight.com\/de\/timeline-widget\/weebly\/"]}]},{"@type":"BreadcrumbList","@id":"https:\/\/elfsight.com\/de\/timeline-widget\/weebly\/#breadcrumb","itemListElement":[{"@type":"ListItem","position":1,"name":"Home","item":"https:\/\/elfsight.com\/de\/"},{"@type":"ListItem","position":2,"name":"Timeline","item":"https:\/\/elfsight.com\/de\/timeline-widget\/"},{"@type":"ListItem","position":3,"name":"Timeline &#8211; Weebly"}]},{"@type":"WebSite","@id":"https:\/\/elfsight.com\/de\/#website","url":"https:\/\/elfsight.com\/de\/","name":"Elfsight DE","description":"Just another Elfsight Sites site","potentialAction":[{"@type":"SearchAction","target":{"@type":"EntryPoint","urlTemplate":"https:\/\/elfsight.com\/de\/?s={search_term_string}"},"query-input":{"@type":"PropertyValueSpecification","valueRequired":true,"valueName":"search_term_string"}}],"inLanguage":"de"}]}},"meta_box":{"industry":"","seo_heading":"","heading":"","description":"","cta_heading":"","cta_description":"","application":"24928","h1":"Timeline-Plugin f\u00fcr Weebly","h1_caption":"Zeigen Sie eine ansprechende Verlaufszeile an, um Ihre Geschichte, Projekterfolge oder Schritte mit einem interaktiven Timeline-Plugin auf Weebly zu pr\u00e4sentieren.","application_category":[],"applications_title":"","applications_request_title":"","applications_request_button_text":"","hero_text":"","hero_video":"","hero_video_schema_markup":"","selling_points_title":"","selling_points_caption":"","selling_points":[],"selling_points_cta_text":"","features_title":"","features":"","ed_cta_examples_text":"","ed_cta_examples_hidden":"","ed_cta_demo_text":"","ed_cta_demo_hidden":"","why_caption":"","why_editor_title":"","why_editor_text":"","why_team_title":"","why_team_text":"","why_service_title":"","why_service_text":"","template_catalog_visible":"0","template_catalog_title":"","template_catalog_text":"","template_catalog_categories_visible":"","demo_title":"Erstellen Sie Ihr Weebly-Timeline-Plugin","demo_caption":"Passen Sie Ihre Zeitleiste an und f\u00fcgen Sie sie ganz einfach zu Ihrer Website hinzu!","default_faq_hidden":"","app_template_category":[],"platform":"249","template_public_id":"","codecanyon_url":"","codecanyon_item_id":"","codecanyon_price":"","pricing_caption":"","pricing_elfsight_apps_hide_column":"","pricing_elfsight_apps_url":"","pricing_codecanyon_price_caption":"","integration_category":[],"integration_request_title":"","integration_request_cta":"","integration_platform":"","integrations":[],"platform_category":[],"video_schema_markup":"","price":"ab 0 $ \/ Monat","trial":"","benefits":[],"button_url":"#demo","button_target_blank":"0","button_nofollow":"0","attributes":[{"name":"Installiert","content":"50,000 - 100,000","_state":"expanded"},{"name":"Reaktionsfreudig","content":"Ja","_state":"expanded"},{"name":"Kompatible Browser","content":"Firefox, Safari, Opera, Chrome, Edge","_state":"expanded"}],"tags":[],"tags_disable_links":"0","hide_more_platforms":"0","video_object":"","demo_hide_cta":"0","demo_hide_cloud_options":"0","pricing_title":"","pricing":[{"pricing_icon":"platform","pricing_title":"Elfsight Apps","pricing_title_caption":"Plattform\u00fcbergreifende Software, die f\u00fcr jede Website geeignet ist","pricing_price":"ab 0 $ \/ Monat","pricing_price_caption":"Beginnen Sie mit einem kostenlosen Plan","pricing_button_text":"Zur Website hinzuf\u00fcgen","pricing_button_url":"#demo"}],"related_apps_title":"","related_apps_hidden":"0","author":"","image":[],"title":"","job":"","social_networks":[]},"_links":{"self":[{"href":"https:\/\/elfsight.com\/de\/wp-json\/wp\/v2\/pages\/25340","targetHints":{"allow":["GET"]}}],"collection":[{"href":"https:\/\/elfsight.com\/de\/wp-json\/wp\/v2\/pages"}],"about":[{"href":"https:\/\/elfsight.com\/de\/wp-json\/wp\/v2\/types\/page"}],"author":[{"embeddable":true,"href":"https:\/\/elfsight.com\/de\/wp-json\/wp\/v2\/users\/9"}],"replies":[{"embeddable":true,"href":"https:\/\/elfsight.com\/de\/wp-json\/wp\/v2\/comments?post=25340"}],"version-history":[{"count":2,"href":"https:\/\/elfsight.com\/de\/wp-json\/wp\/v2\/pages\/25340\/revisions"}],"predecessor-version":[{"id":25342,"href":"https:\/\/elfsight.com\/de\/wp-json\/wp\/v2\/pages\/25340\/revisions\/25342"}],"up":[{"embeddable":true,"href":"https:\/\/elfsight.com\/de\/wp-json\/wp\/v2\/pages\/24929"}],"wp:attachment":[{"href":"https:\/\/elfsight.com\/de\/wp-json\/wp\/v2\/media?parent=25340"}],"curies":[{"name":"wp","href":"https:\/\/api.w.org\/{rel}","templated":true}]}}