{"id":25320,"date":"2025-06-16T09:23:08","date_gmt":"2025-06-16T09:23:08","guid":{"rendered":"https:\/\/elfsight.com\/de\/?page_id=25320"},"modified":"2025-07-10T08:38:02","modified_gmt":"2025-07-10T08:38:02","slug":"opencart","status":"publish","type":"page","link":"https:\/\/elfsight.com\/de\/timeline-widget\/opencart\/","title":{"rendered":"Timeline &#8211; OpenCart"},"content":{"rendered":"\n<div class=\"application-platform-content-item-description application-platform-content-item\" id=\"description\" data-nav-section=\"description\">\n\n<h2>OpenCart Timeline Erweiterung<\/h2> \n<p>Erweitern Sie Ihre OpenCart-Website mit einer ansprechenden und anpassbaren interaktiven Zeitleiste. Ob Sie die Geschichte Ihres Unternehmens pr\u00e4sentieren, die Produktentwicklung hervorheben oder Projektmeilensteine verfolgen m\u00f6chten \u2013 das Timeline-Widget von Elfsight f\u00fcr OpenCart macht es einfach, eine beeindruckende, responsive Zeitleiste zu erstellen. Ganz ohne Programmierkenntnisse k\u00f6nnen Sie eine visuelle Roadmap gestalten, die Ihre Besucher fesselt und einbindet.<\/p> \n<ul> \n  <li><b>Interaktive Zeitleisten ohne Programmierung erstellen<\/b><br> \n  Gestalten und personalisieren Sie Ihre Zeitleiste in wenigen Minuten \u2013 ganz ohne Programmierkenntnisse. Starten Sie Ihre interaktive Zeitleiste sofort und begeistern Sie Ihre Zielgruppe mit minimalem Aufwand.<\/li> \n  <li><b>Erweiterte Anpassungsm\u00f6glichkeiten<\/b><br> \n  Passen Sie Layout, Farben, Schriftarten und mehr an, um das Erscheinungsbild Ihrer Website zu unterstreichen.<\/li> \n  <li><b>Einfache Einbettung<\/b><br> \n  F\u00fcgen Sie Ihre angepasste Zeitleiste mit einem einfachen HTML-Einbettungscode ganz unkompliziert in Ihre OpenCart-Website ein \u2013 keine technischen Kenntnisse erforderlich.<\/li> \n  <li><b>Reaktionsschneller Kundensupport<\/b><br> \n  Unser engagiertes Support-Team hilft Ihnen gerne bei der Einrichtung und Fehlerbehebung, damit Ihre Zeitleiste perfekt auf Ihrer Seite funktioniert.<\/li> \n<\/ul> \n<p><b>Testen Sie das Elfsight Timeline-Widget, um eine interaktive, visuell ansprechende Nutzererfahrung zu schaffen!<\/b><\/p> \n<\/div>\n\n<div class=\"application-platform-content-item-features application-platform-content-item\" id=\"features\" data-nav-section=\"features\">\n\n<h2>Was Sie mit der OpenCart Timeline tun k\u00f6nnen<\/h2> \n<ul> \n  <li><strong>Besucher visuell einbinden<\/strong><br> \n  Pr\u00e4sentieren Sie Meilensteine, Erfolge und Ereignisse in einem dynamischen, visuellen Format. Eine Zeitleiste ist eine interaktive M\u00f6glichkeit, Ihre Zielgruppe zu begeistern und zum weiteren Erkunden einzuladen.<\/li> \n  <li><strong>Fortschritt und wichtige Ereignisse verfolgen<\/strong><br> \n  Zeigen Sie den Fortschritt Ihres Unternehmens, wichtige Ereignisse oder Projektmeilensteine in einem klaren, chronologischen Format. So behalten Ihre Besucher den \u00dcberblick \u00fcber Ihre Entwicklungen.<\/li> \n  <li><strong>Bedeutende Meilensteine hervorheben<\/strong><br> \n  Stellen Sie Ihre wichtigsten Erfolge in einem \u00fcbersichtlichen Layout dar, das Aufmerksamkeit erregt und zur Interaktion mit Ihren Inhalten einl\u00e4dt.<\/li> \n<\/ul> \n<p><a href=\"#demo\">Entdecken Sie den Editor, um alle Funktionen des Timeline-Widgets zu sehen.<\/a><\/p> \n<\/div>\n\n<div class=\"application-platform-content-item-installation application-platform-content-item\" id=\"installation\" data-nav-section=\"installation\">\n\n<h2>So betten Sie eine Zeitleiste in OpenCart ein<\/h2> \n<p>Das Hinzuf\u00fcgen der Timeline-Erweiterung zu Ihrer OpenCart-Seite ist einfach und erfordert keine Programmierkenntnisse. Folgen Sie diesen Schritten:<\/p> \n<ol> \n  <li><b>Erstellen Sie Ihre individuelle OpenCart-Zeitleiste<\/b><br> \n  Beginnen Sie mit der Auswahl einer Vorlage in unserem Editor. Passen Sie Layout, Meilensteine und Design an das Erscheinungsbild Ihrer Seite an.<\/li> \n  <li><b>Holen Sie sich Ihren individuellen Einbettungscode<\/b><br> \n  Nach der Anpassung Ihrer Zeitleiste erhalten Sie einen einzigartigen HTML-Code. Kopieren Sie diesen f\u00fcr Ihre Website.<\/li> \n  <li><b>F\u00fcgen Sie den Code in Ihre OpenCart-Seite ein<\/b><br> \n  F\u00fcgen Sie den HTML-Code in den entsprechenden Bereich Ihrer Seite ein. \u00c4nderungen speichern \u2013 fertig ist Ihre interaktive Zeitleiste!<\/li> \n  <li><b>Freuen Sie sich \u00fcber Ihre neue Zeitleiste!<\/b><br> \n  Besuchen Sie Ihre Website, um die Zeitleiste in Aktion zu sehen und Besucher visuell zu begeistern.<\/li> \n<\/ol> \n<p>Ausf\u00fchrliche Anleitungen finden Sie in unserem <a href=\"https:\/\/elfsight.com\/blog\/how-to-embed-timeline-to-website\/\" target=\"_blank\" rel=\"noopener\">Leitfaden zur Einbettung einer Zeitleiste<\/a>.<\/p> \n<\/div>\n\n<div class=\"faq\" data-component=\"FAQ\">\n<div class=\"faq-item\">\r\n\t\t\t\t\t<div class=\"faq-item-question\">\r\n\t\t\t\t\t\t<h3 class=\"faq-item-question-text\">Ist die Timeline-Erweiterung f\u00fcr OpenCart kostenlos?<\/h3>\r\n\r\n\t\t\t\t\t\t<div class=\"faq-item-question-icon\"><\/div>\r\n\t\t\t\t\t<\/div>\r\n\r\n\t\t\t\t\t<div class=\"faq-item-answer\">\r\n\t\t\t\t\t\t<div class=\"faq-item-answer-text\">\nJa, Elfsight bietet ein Abonnementmodell mit einem kostenlosen Tarif, der die Basisfunktionen des Timeline-Widgets enth\u00e4lt. F\u00fcr erweiterte Anpassungen k\u00f6nnen Sie auf einen kostenpflichtigen Plan upgraden.\n<\/div>\r\n\t\t\t\t\t<\/div>\r\n\t\t\t\t<\/div>\n\n<div class=\"faq-item\">\r\n\t\t\t\t\t<div class=\"faq-item-question\">\r\n\t\t\t\t\t\t<h3 class=\"faq-item-question-text\">Ben\u00f6tige ich Programmierkenntnisse f\u00fcr das Timeline-Widget?<\/h3>\r\n\r\n\t\t\t\t\t\t<div class=\"faq-item-question-icon\"><\/div>\r\n\t\t\t\t\t<\/div>\r\n\r\n\t\t\t\t\t<div class=\"faq-item-answer\">\r\n\t\t\t\t\t\t<div class=\"faq-item-answer-text\">\nNein, der Timeline-Builder von Elfsight f\u00fcr OpenCart erfordert keine Programmierkenntnisse. Nutzen Sie einfach unseren intuitiven Editor zur Erstellung und Anpassung.\n<\/div>\r\n\t\t\t\t\t<\/div>\r\n\t\t\t\t<\/div>\n\n<div class=\"faq-item\">\r\n\t\t\t\t\t<div class=\"faq-item-question\">\r\n\t\t\t\t\t\t<h3 class=\"faq-item-question-text\">Wie erstelle ich eine interaktive Zeitleiste f\u00fcr OpenCart?<\/h3>\r\n\r\n\t\t\t\t\t\t<div class=\"faq-item-question-icon\"><\/div>\r\n\t\t\t\t\t<\/div>\r\n\r\n\t\t\t\t\t<div class=\"faq-item-answer\">\r\n\t\t\t\t\t\t<div class=\"faq-item-answer-text\">\nW\u00e4hlen Sie eine Vorlage im Editor, passen Sie diese an Ihre Bed\u00fcrfnisse an und f\u00fcgen Sie den generierten HTML-Code in Ihre OpenCart-Website ein.\n<\/div>\r\n\t\t\t\t\t<\/div>\r\n\t\t\t\t<\/div>\n\n<div class=\"faq-item\">\r\n\t\t\t\t\t<div class=\"faq-item-question\">\r\n\t\t\t\t\t\t<h3 class=\"faq-item-question-text\">Welche Arten von Zeitleisten kann ich f\u00fcr OpenCart erstellen?<\/h3>\r\n\r\n\t\t\t\t\t\t<div class=\"faq-item-question-icon\"><\/div>\r\n\t\t\t\t\t<\/div>\r\n\r\n\t\t\t\t\t<div class=\"faq-item-answer\">\r\n\t\t\t\t\t\t<div class=\"faq-item-answer-text\">\nSie k\u00f6nnen verschiedene Arten von Zeitleisten erstellen, zum Beispiel:\n\n<ul> \n  <li><strong>Unternehmensgeschichte<\/strong>: Zeigen Sie das Wachstum und die Erfolge Ihres Unternehmens im Zeitverlauf.<\/li> \n  <li><strong>Produktentwicklung<\/strong>: Verfolgen Sie den Weg Ihres Produkts von der Idee bis zur Markteinf\u00fchrung.<\/li> \n  <li><strong>Projektverlauf<\/strong>: Stellen Sie die einzelnen Phasen Ihrer Projekte oder Kampagnen dar.<\/li> \n  <li><strong>Veranstaltungszeitpl\u00e4ne<\/strong>: Pr\u00e4sentieren Sie Zeitpl\u00e4ne f\u00fcr Events, Produktlaunches oder Konferenzen.<\/li> \n<\/ul> \n<\/div>\r\n\t\t\t\t\t<\/div>\r\n\t\t\t\t<\/div> \n<\/div>\n\n","protected":false},"excerpt":{"rendered":"","protected":false},"author":9,"featured_media":0,"parent":24929,"menu_order":0,"comment_status":"closed","ping_status":"closed","template":"templates\/template-application-platform.php","meta":{"publish_to_discourse":"","publish_post_category":"","wpdc_auto_publish_overridden":"","wpdc_topic_tags":"","wpdc_pin_topic":"","wpdc_pin_until":"","discourse_post_id":"","discourse_permalink":"","wpdc_publishing_response":"","wpdc_publishing_error":"","footnotes":""},"class_list":["post-25320","page","type-page","status-publish","hentry"],"yoast_head":"<!-- This site is optimized with the Yoast SEO plugin v25.3.1 - https:\/\/yoast.com\/wordpress\/plugins\/seo\/ -->\n<title>OpenCart-Timeline \u2013 Erstellen Sie eine Verlaufszeile f\u00fcr eine Website [KOSTENLOS]<\/title>\n<meta name=\"description\" content=\"F\u00fcgen Sie Ihrem OpenCart-Shop eine benutzerdefinierte Zeitleiste hinzu. Zeigen Sie wichtige Produktmeilensteine, Unternehmenserfolge oder Ereignisse mit einem anpassbaren Zeitleisten-Widget ohne Code an.\" \/>\n<meta name=\"robots\" content=\"index, follow, max-snippet:-1, max-image-preview:large, max-video-preview:-1\" \/>\n<link rel=\"canonical\" href=\"https:\/\/elfsight.com\/de\/timeline-widget\/opencart\/\" \/>\n<meta property=\"og:locale\" content=\"de_DE\" \/>\n<meta property=\"og:type\" content=\"article\" \/>\n<meta property=\"og:title\" content=\"OpenCart-Timeline \u2013 Erstellen Sie eine Verlaufszeile f\u00fcr eine Website [KOSTENLOS]\" \/>\n<meta property=\"og:description\" content=\"F\u00fcgen Sie Ihrem OpenCart-Shop eine benutzerdefinierte Zeitleiste hinzu. Zeigen Sie wichtige Produktmeilensteine, Unternehmenserfolge oder Ereignisse mit einem anpassbaren Zeitleisten-Widget ohne Code an.\" \/>\n<meta property=\"og:url\" content=\"https:\/\/elfsight.com\/de\/timeline-widget\/opencart\/\" \/>\n<meta property=\"og:site_name\" content=\"Elfsight DE\" \/>\n<meta property=\"article:modified_time\" content=\"2025-07-10T08:38:02+00:00\" \/>\n<meta name=\"twitter:card\" content=\"summary_large_image\" \/>\n<meta name=\"twitter:label1\" content=\"Gesch\u00e4tzte Lesezeit\" \/>\n\t<meta name=\"twitter:data1\" content=\"4\u00a0Minuten\" \/>\n<!-- \/ Yoast SEO plugin. -->","yoast_head_json":{"title":"OpenCart-Timeline \u2013 Erstellen Sie eine Verlaufszeile f\u00fcr eine Website [KOSTENLOS]","description":"F\u00fcgen Sie Ihrem OpenCart-Shop eine benutzerdefinierte Zeitleiste hinzu. Zeigen Sie wichtige Produktmeilensteine, Unternehmenserfolge oder Ereignisse mit einem anpassbaren Zeitleisten-Widget ohne Code an.","robots":{"index":"index","follow":"follow","max-snippet":"max-snippet:-1","max-image-preview":"max-image-preview:large","max-video-preview":"max-video-preview:-1"},"canonical":"https:\/\/elfsight.com\/de\/timeline-widget\/opencart\/","og_locale":"de_DE","og_type":"article","og_title":"OpenCart-Timeline \u2013 Erstellen Sie eine Verlaufszeile f\u00fcr eine Website [KOSTENLOS]","og_description":"F\u00fcgen Sie Ihrem OpenCart-Shop eine benutzerdefinierte Zeitleiste hinzu. Zeigen Sie wichtige Produktmeilensteine, Unternehmenserfolge oder Ereignisse mit einem anpassbaren Zeitleisten-Widget ohne Code an.","og_url":"https:\/\/elfsight.com\/de\/timeline-widget\/opencart\/","og_site_name":"Elfsight DE","article_modified_time":"2025-07-10T08:38:02+00:00","twitter_card":"summary_large_image","twitter_misc":{"Gesch\u00e4tzte Lesezeit":"4\u00a0Minuten"},"schema":{"@context":"https:\/\/schema.org","@graph":[{"@type":"WebPage","@id":"https:\/\/elfsight.com\/de\/timeline-widget\/opencart\/","url":"https:\/\/elfsight.com\/de\/timeline-widget\/opencart\/","name":"OpenCart-Timeline \u2013 Erstellen Sie eine Verlaufszeile f\u00fcr eine Website [KOSTENLOS]","isPartOf":{"@id":"https:\/\/elfsight.com\/de\/#website"},"datePublished":"2025-06-16T09:23:08+00:00","dateModified":"2025-07-10T08:38:02+00:00","description":"F\u00fcgen Sie Ihrem OpenCart-Shop eine benutzerdefinierte Zeitleiste hinzu. Zeigen Sie wichtige Produktmeilensteine, Unternehmenserfolge oder Ereignisse mit einem anpassbaren Zeitleisten-Widget ohne Code an.","breadcrumb":{"@id":"https:\/\/elfsight.com\/de\/timeline-widget\/opencart\/#breadcrumb"},"inLanguage":"de","potentialAction":[{"@type":"ReadAction","target":["https:\/\/elfsight.com\/de\/timeline-widget\/opencart\/"]}]},{"@type":"BreadcrumbList","@id":"https:\/\/elfsight.com\/de\/timeline-widget\/opencart\/#breadcrumb","itemListElement":[{"@type":"ListItem","position":1,"name":"Home","item":"https:\/\/elfsight.com\/de\/"},{"@type":"ListItem","position":2,"name":"Timeline","item":"https:\/\/elfsight.com\/de\/timeline-widget\/"},{"@type":"ListItem","position":3,"name":"Timeline &#8211; OpenCart"}]},{"@type":"WebSite","@id":"https:\/\/elfsight.com\/de\/#website","url":"https:\/\/elfsight.com\/de\/","name":"Elfsight DE","description":"Just another Elfsight Sites site","potentialAction":[{"@type":"SearchAction","target":{"@type":"EntryPoint","urlTemplate":"https:\/\/elfsight.com\/de\/?s={search_term_string}"},"query-input":{"@type":"PropertyValueSpecification","valueRequired":true,"valueName":"search_term_string"}}],"inLanguage":"de"}]}},"meta_box":{"industry":"","seo_heading":"","heading":"","description":"","cta_heading":"","cta_description":"","application":"24928","h1":"Timeline-Add-on f\u00fcr OpenCart","h1_caption":"Pr\u00e4sentieren Sie eine ansprechende Chronologie der Erfolge, um Ihre Erz\u00e4hlung, Fortschrittsmeilensteine \u200b\u200boder Ereignisse mit einer interaktiven Zeitleiste auf Ihrer OpenCart-Website offenzulegen.","application_category":[],"applications_title":"","applications_request_title":"","applications_request_button_text":"","hero_text":"","hero_video":"","hero_video_schema_markup":"","selling_points_title":"","selling_points_caption":"","selling_points":[],"selling_points_cta_text":"","features_title":"","features":"","ed_cta_examples_text":"","ed_cta_examples_hidden":"","ed_cta_demo_text":"","ed_cta_demo_hidden":"","why_caption":"","why_editor_title":"","why_editor_text":"","why_team_title":"","why_team_text":"","why_service_title":"","why_service_text":"","template_catalog_visible":"0","template_catalog_title":"","template_catalog_text":"","template_catalog_categories_visible":"","demo_title":"Erstellen Sie Ihr OpenCart Timeline-Add-on","demo_caption":"Passen Sie Ihre Zeitleiste an und f\u00fcgen Sie sie ganz einfach zu Ihrer Website hinzu!","default_faq_hidden":"","app_template_category":[],"platform":"254","template_public_id":"","codecanyon_url":"","codecanyon_item_id":"","codecanyon_price":"","pricing_caption":"","pricing_elfsight_apps_hide_column":"","pricing_elfsight_apps_url":"","pricing_codecanyon_price_caption":"","integration_category":[],"integration_request_title":"","integration_request_cta":"","integration_platform":"","integrations":[],"platform_category":[],"video_schema_markup":"","price":"ab 0 $ \/ Monat","trial":"","benefits":[],"button_url":"#demo","button_target_blank":"0","button_nofollow":"0","attributes":[{"name":"Installationen","content":"50,000 - 100,000","_state":"expanded"},{"name":"Reaktionsfreudig","content":"Ja","_state":"expanded"},{"name":"Kompatible Browser","content":"Firefox, Safari, Opera, Chrome, Edge","_state":"expanded"}],"tags":[],"tags_disable_links":"0","hide_more_platforms":"0","video_object":"","demo_hide_cta":"0","demo_hide_cloud_options":"0","pricing_title":"","pricing":[{"pricing_icon":"platform","pricing_title":"Elfsight Apps","pricing_title_caption":"Plattformunabh\u00e4ngige Version, die f\u00fcr jede Website geeignet ist","pricing_price":"ab $0 \/ Monat","pricing_price_caption":"Starte mit einem kostenlosen Plan","pricing_benefits":[{"text":"Unbegrenzte Websites"},{"text":"Kostenloser und p\u00fcnktlicher Support"},{"text":"Kostenlose Installationshilfe"},{"text":"Flexibles Design"}],"pricing_button_text":"Zur Website hinzuf\u00fcgen","pricing_button_url":"#demo"}],"related_apps_title":"","related_apps_hidden":"0","author":"","image":[],"title":"","job":"","social_networks":[]},"_links":{"self":[{"href":"https:\/\/elfsight.com\/de\/wp-json\/wp\/v2\/pages\/25320","targetHints":{"allow":["GET"]}}],"collection":[{"href":"https:\/\/elfsight.com\/de\/wp-json\/wp\/v2\/pages"}],"about":[{"href":"https:\/\/elfsight.com\/de\/wp-json\/wp\/v2\/types\/page"}],"author":[{"embeddable":true,"href":"https:\/\/elfsight.com\/de\/wp-json\/wp\/v2\/users\/9"}],"replies":[{"embeddable":true,"href":"https:\/\/elfsight.com\/de\/wp-json\/wp\/v2\/comments?post=25320"}],"version-history":[{"count":2,"href":"https:\/\/elfsight.com\/de\/wp-json\/wp\/v2\/pages\/25320\/revisions"}],"predecessor-version":[{"id":25322,"href":"https:\/\/elfsight.com\/de\/wp-json\/wp\/v2\/pages\/25320\/revisions\/25322"}],"up":[{"embeddable":true,"href":"https:\/\/elfsight.com\/de\/wp-json\/wp\/v2\/pages\/24929"}],"wp:attachment":[{"href":"https:\/\/elfsight.com\/de\/wp-json\/wp\/v2\/media?parent=25320"}],"curies":[{"name":"wp","href":"https:\/\/api.w.org\/{rel}","templated":true}]}}