{"id":25224,"date":"2025-05-20T10:20:16","date_gmt":"2025-05-20T10:20:16","guid":{"rendered":"https:\/\/elfsight.com\/de\/?page_id=25224"},"modified":"2025-07-08T09:34:51","modified_gmt":"2025-07-08T09:34:51","slug":"webflow","status":"publish","type":"page","link":"https:\/\/elfsight.com\/de\/accessibility-widget\/webflow\/","title":{"rendered":"Accessibility &#8211; Webflow"},"content":{"rendered":"<div class=\"application-platform-content-item-description application-platform-content-item\" id=\"description\" data-nav-section=\"description\"> <h2>Bieten Sie Barrierefreiheit mit einem Elfsight-Widget in Webflow ein<\/h2> <p>Das Barrierefreiheits-Widget verbessert die Inklusivit\u00e4t Ihrer Website, indem es die Navigation und das Lesen f\u00fcr Nutzer mit unterschiedlichen Bed\u00fcrfnissen erleichtert. Mit voreingestellten Barrierefreiheitsmodi passt es Ihre Website sofort an und unterst\u00fctzt Menschen mit Seh-, Fokus- oder Bewegungseinschr\u00e4nkungen. Jeder Modus beinhaltet intelligente visuelle und benutzerfreundliche Verbesserungen, um Benutzerfreundlichkeit und Komfort zu gew\u00e4hrleisten. <\/p><p>Es verf\u00fcgt au\u00dferdem \u00fcber einen integrierten Barrierefreiheits-Checker zur \u00dcberpr\u00fcfung der Konformit\u00e4t Ihrer Website und visualisiert die Ergebnisse im Widget-Bereich. So k\u00f6nnen Sie Barrierefreiheitsprobleme l\u00f6sen und gleichzeitig Ihr Engagement f\u00fcr inklusives Design unter Beweis stellen. Das vollst\u00e4ndig lokalisierte Widget unterst\u00fctzt globale Nutzer in ihrer Muttersprache f\u00fcr ein nahtloses Erlebnis. <\/p><p><strong>Machen Sie Ihre Webflow-Website f\u00fcr alle zug\u00e4nglich \u2013 einfach mit unserem leistungsstarken Barrierefreiheits-Widget! <\/strong><\/p><\/div> <div class=\"application-platform-content-item-features application-platform-content-item\" id=\"features\" data-nav-section=\"features\"> <h2>Zu den wertvollsten Widget-Funktionen geh\u00f6ren:<\/h2><ul><li><b>Vorgefertigte Modi f\u00fcr 8 Benutzerszenarien.<\/b> Personen mit unterschiedlichen Beeintr\u00e4chtigungen k\u00f6nnen einen idealen Barrierefreiheitsmodus ausw\u00e4hlen, um einfach und sicher auf Ihrer Website zu navigieren.<\/li><li><b>Optimieren Sie die Website-Einstellungen zur Anzeige von Inhalten.<\/b> Das Widget bietet Einstellungen zur Optimierung von Lesbarkeit, Benutzerfluss und visueller Barrierefreiheit.<\/li><li><b>Integrierter Barrierefreiheits-Checker.<\/b> Analysieren Sie Ihre Website ganz einfach auf Schwachstellen und verbessern Sie die Barrierefreiheit.<\/li><li><b>Vertrauenssiegel mit Barrierefreiheitsbewertung.<\/b> Pr\u00e4sentieren Sie Ihre Pr\u00fcfergebnisse, um Ihr Engagement f\u00fcr die Einhaltung der Barrierefreiheit zu demonstrieren.<\/li><li><b>Pr\u00e4zise Lokalisierung.<\/b> Das Widget bietet sprachliche und kulturelle Lokalisierung in 76 Regionen, um Barrierefreiheitsgesetze und den internationalen Einsatz zu unterst\u00fctzen. <\/li><\/ul><p><a href=\"#demo\">\u00dcberpr\u00fcfen Sie einfach alle Einstellungen unseres Widgets im Editor direkt auf dieser Seite.<\/a><\/p><\/div> <div class=\"application-platform-content-item-installation application-platform-content-item\" id=\"installation\" data-nav-section=\"installation\"> <h2>Wie binde ich Barrierefreiheit in meine Webflow-Website ein?<\/h2><p>Hier finden Sie diese einfache Anleitung, um das Widget auf Ihrer Webflow-Website zu integrieren. Es dauert nur ein paar Minuten und erfordert keine Programmierung.<\/p> <ol><li><strong>Erstellen Sie Ihr individuelles Barrierefreiheits-Widget.<\/strong><br> Beginnen Sie mit einer beliebigen Vorlage im Editor, arbeiten Sie mit den darin enthaltenen benutzerfreundlichen Elementen und passen Sie das Widget an Ihren bevorzugten Stil und Ihre bevorzugten Einstellungen an.<\/li><li><strong>Erhalten Sie den pers\u00f6nlichen Code zum Einbetten des Widgets.<\/strong><br> Sobald Sie mit der Erstellung des Widgets fertig sind, erhalten Sie einen individuellen HTML-Code in Ihrem Dashboard. Kopieren Sie diesen Code, der alle Details zu Ihren Einstellungen enth\u00e4lt. <\/li> <li><strong>Zeigen Sie das Widget auf Ihrer Webflow-Website an<\/strong><br> W\u00e4hlen Sie die Bereiche Ihrer Website aus, in denen Sie die Barrierefreiheit anzeigen m\u00f6chten, und f\u00fcgen Sie den Code dort ein. Speichern Sie Ihre \u00c4nderungen. <\/li> <\/ol><p>Das war&#8217;s! Sehen Sie sich nun an, wie das Widget auf Ihrer Website funktioniert. <\/p><p>Sollten Sie beim Einbetten des Widgets in Ihre Website auf Probleme sto\u00dfen, kontaktieren Sie einfach unser Hilfecenter. Wir unterst\u00fctzen Sie gerne beim Hinzuf\u00fcgen und Anpassen Ihrer Barrierefreiheitsl\u00f6sung. <\/p><\/div>","protected":false},"excerpt":{"rendered":"","protected":false},"author":9,"featured_media":0,"parent":25123,"menu_order":0,"comment_status":"closed","ping_status":"closed","template":"templates\/template-application-platform.php","meta":{"publish_to_discourse":"","publish_post_category":"","wpdc_auto_publish_overridden":"","wpdc_topic_tags":"","wpdc_pin_topic":"","wpdc_pin_until":"","discourse_post_id":"","discourse_permalink":"","wpdc_publishing_response":"","wpdc_publishing_error":"","footnotes":""},"class_list":["post-25224","page","type-page","status-publish","hentry"],"yoast_head":"<!-- This site is optimized with the Yoast SEO plugin v25.3.1 - https:\/\/yoast.com\/wordpress\/plugins\/seo\/ -->\n<title>Webflow Accessibility-Widget \u2013 F\u00fcgen Sie Ihrer Website Compliance hinzu [KOSTENLOS]<\/title>\n<meta name=\"description\" content=\"F\u00fcgen Sie Ihrer Webflow-Website ein codefreies Barrierefreiheits-Widget hinzu. Testen Sie den Schnelleditor von Elfsight, um m\u00fchelos Ihre individuelle L\u00f6sung zu erstellen.\" \/>\n<meta name=\"robots\" content=\"index, follow, max-snippet:-1, max-image-preview:large, max-video-preview:-1\" \/>\n<link rel=\"canonical\" href=\"https:\/\/elfsight.com\/de\/accessibility-widget\/webflow\/\" \/>\n<meta property=\"og:locale\" content=\"de_DE\" \/>\n<meta property=\"og:type\" content=\"article\" \/>\n<meta property=\"og:title\" content=\"Webflow Accessibility-Widget \u2013 F\u00fcgen Sie Ihrer Website Compliance hinzu [KOSTENLOS]\" \/>\n<meta property=\"og:description\" content=\"F\u00fcgen Sie Ihrer Webflow-Website ein codefreies Barrierefreiheits-Widget hinzu. Testen Sie den Schnelleditor von Elfsight, um m\u00fchelos Ihre individuelle L\u00f6sung zu erstellen.\" \/>\n<meta property=\"og:url\" content=\"https:\/\/elfsight.com\/de\/accessibility-widget\/webflow\/\" \/>\n<meta property=\"og:site_name\" content=\"Elfsight DE\" \/>\n<meta property=\"article:modified_time\" content=\"2025-07-08T09:34:51+00:00\" \/>\n<meta name=\"twitter:card\" content=\"summary_large_image\" \/>\n<meta name=\"twitter:label1\" content=\"Gesch\u00e4tzte Lesezeit\" \/>\n\t<meta name=\"twitter:data1\" content=\"2\u00a0Minuten\" \/>\n<!-- \/ Yoast SEO plugin. -->","yoast_head_json":{"title":"Webflow Accessibility-Widget \u2013 F\u00fcgen Sie Ihrer Website Compliance hinzu [KOSTENLOS]","description":"F\u00fcgen Sie Ihrer Webflow-Website ein codefreies Barrierefreiheits-Widget hinzu. Testen Sie den Schnelleditor von Elfsight, um m\u00fchelos Ihre individuelle L\u00f6sung zu erstellen.","robots":{"index":"index","follow":"follow","max-snippet":"max-snippet:-1","max-image-preview":"max-image-preview:large","max-video-preview":"max-video-preview:-1"},"canonical":"https:\/\/elfsight.com\/de\/accessibility-widget\/webflow\/","og_locale":"de_DE","og_type":"article","og_title":"Webflow Accessibility-Widget \u2013 F\u00fcgen Sie Ihrer Website Compliance hinzu [KOSTENLOS]","og_description":"F\u00fcgen Sie Ihrer Webflow-Website ein codefreies Barrierefreiheits-Widget hinzu. Testen Sie den Schnelleditor von Elfsight, um m\u00fchelos Ihre individuelle L\u00f6sung zu erstellen.","og_url":"https:\/\/elfsight.com\/de\/accessibility-widget\/webflow\/","og_site_name":"Elfsight DE","article_modified_time":"2025-07-08T09:34:51+00:00","twitter_card":"summary_large_image","twitter_misc":{"Gesch\u00e4tzte Lesezeit":"2\u00a0Minuten"},"schema":{"@context":"https:\/\/schema.org","@graph":[{"@type":"WebPage","@id":"https:\/\/elfsight.com\/de\/accessibility-widget\/webflow\/","url":"https:\/\/elfsight.com\/de\/accessibility-widget\/webflow\/","name":"Webflow Accessibility-Widget \u2013 F\u00fcgen Sie Ihrer Website Compliance hinzu [KOSTENLOS]","isPartOf":{"@id":"https:\/\/elfsight.com\/de\/#website"},"datePublished":"2025-05-20T10:20:16+00:00","dateModified":"2025-07-08T09:34:51+00:00","description":"F\u00fcgen Sie Ihrer Webflow-Website ein codefreies Barrierefreiheits-Widget hinzu. Testen Sie den Schnelleditor von Elfsight, um m\u00fchelos Ihre individuelle L\u00f6sung zu erstellen.","breadcrumb":{"@id":"https:\/\/elfsight.com\/de\/accessibility-widget\/webflow\/#breadcrumb"},"inLanguage":"de","potentialAction":[{"@type":"ReadAction","target":["https:\/\/elfsight.com\/de\/accessibility-widget\/webflow\/"]}]},{"@type":"BreadcrumbList","@id":"https:\/\/elfsight.com\/de\/accessibility-widget\/webflow\/#breadcrumb","itemListElement":[{"@type":"ListItem","position":1,"name":"Home","item":"https:\/\/elfsight.com\/de\/"},{"@type":"ListItem","position":2,"name":"Accessibility","item":"https:\/\/elfsight.com\/de\/accessibility-widget\/"},{"@type":"ListItem","position":3,"name":"Accessibility &#8211; Webflow"}]},{"@type":"WebSite","@id":"https:\/\/elfsight.com\/de\/#website","url":"https:\/\/elfsight.com\/de\/","name":"Elfsight DE","description":"Just another Elfsight Sites site","potentialAction":[{"@type":"SearchAction","target":{"@type":"EntryPoint","urlTemplate":"https:\/\/elfsight.com\/de\/?s={search_term_string}"},"query-input":{"@type":"PropertyValueSpecification","valueRequired":true,"valueName":"search_term_string"}}],"inLanguage":"de"}]}},"meta_box":{"industry":"","seo_heading":"","heading":"","description":"","cta_heading":"","cta_description":"","application":"25117","h1":"","h1_caption":"Begr\u00fc\u00dfen Sie jeden Besucher Ihrer Webflow-Website mit dem Compliance-Widget, das Ihre Inhalte an alle F\u00e4higkeiten anpasst. Steigern Sie Inklusivit\u00e4t, Benutzerfreundlichkeit und Verf\u00fcgbarkeit in einem einzigen intelligenten System.","application_category":[],"applications_title":"","applications_request_title":"","applications_request_button_text":"","hero_text":"","hero_video":"","hero_video_schema_markup":"","selling_points_title":"","selling_points_caption":"","selling_points":[],"selling_points_cta_text":"","features_title":"","features":"","ed_cta_examples_text":"","ed_cta_examples_hidden":"","ed_cta_demo_text":"","ed_cta_demo_hidden":"","why_caption":"","why_editor_title":"","why_editor_text":"","why_team_title":"","why_team_text":"","why_service_title":"","why_service_text":"","template_catalog_visible":"","template_catalog_title":"","template_catalog_text":"","template_catalog_categories_visible":"","demo_title":"Erstellen Sie Ihr Barrierefreiheits-Widget","demo_caption":"Konfigurieren Sie Ihre Barrierefreiheit und f\u00fcgen Sie sie kostenlos zu Ihrer Webflow-Website hinzu!","default_faq_hidden":"","app_template_category":[],"platform":"","template_public_id":"","codecanyon_url":"","codecanyon_item_id":"","codecanyon_price":"","pricing_caption":"","pricing_elfsight_apps_hide_column":"","pricing_elfsight_apps_url":"","pricing_codecanyon_price_caption":"","integration_category":[],"integration_request_title":"","integration_request_cta":"","integration_platform":"","integrations":[],"platform_category":[],"video_schema_markup":"","price":"ab 0 $ \/ Monat","trial":"","benefits":[],"button_url":"#demo","button_target_blank":"0","button_nofollow":"","attributes":[{"name":"Installationen","content":"50,000 - 100,000","_state":"expanded"},{"name":"Reaktionsschnell","content":"Ja","_state":"expanded"},{"name":"Kompatible Browser","content":"Firefox, Safari, Opera, Chrome, Edge","_state":"expanded"}],"tags":[],"tags_disable_links":"","hide_more_platforms":"","video_object":"","demo_hide_cta":"","demo_hide_cloud_options":"","pricing_title":"","pricing":[{"pricing_icon":"platform","pricing_title":"Elfsight Apps","pricing_title_caption":"Digitale Multiplattform-L\u00f6sung","pricing_price":"ab 0 $ \/ Monat","pricing_price_caption":"Beginnen Sie mit einem kostenlosen Plan","pricing_button_text":"Zur Website hinzuf\u00fcgen","pricing_button_url":"#demo"}],"related_apps_title":"","related_apps_hidden":"","author":"","image":[],"title":"","job":"","social_networks":[]},"_links":{"self":[{"href":"https:\/\/elfsight.com\/de\/wp-json\/wp\/v2\/pages\/25224","targetHints":{"allow":["GET"]}}],"collection":[{"href":"https:\/\/elfsight.com\/de\/wp-json\/wp\/v2\/pages"}],"about":[{"href":"https:\/\/elfsight.com\/de\/wp-json\/wp\/v2\/types\/page"}],"author":[{"embeddable":true,"href":"https:\/\/elfsight.com\/de\/wp-json\/wp\/v2\/users\/9"}],"replies":[{"embeddable":true,"href":"https:\/\/elfsight.com\/de\/wp-json\/wp\/v2\/comments?post=25224"}],"version-history":[{"count":1,"href":"https:\/\/elfsight.com\/de\/wp-json\/wp\/v2\/pages\/25224\/revisions"}],"predecessor-version":[{"id":25228,"href":"https:\/\/elfsight.com\/de\/wp-json\/wp\/v2\/pages\/25224\/revisions\/25228"}],"up":[{"embeddable":true,"href":"https:\/\/elfsight.com\/de\/wp-json\/wp\/v2\/pages\/25123"}],"wp:attachment":[{"href":"https:\/\/elfsight.com\/de\/wp-json\/wp\/v2\/media?parent=25224"}],"curies":[{"name":"wp","href":"https:\/\/api.w.org\/{rel}","templated":true}]}}