{"id":25206,"date":"2025-05-20T12:58:04","date_gmt":"2025-05-20T12:58:04","guid":{"rendered":"https:\/\/elfsight.com\/de\/?page_id=25206"},"modified":"2025-07-08T09:35:01","modified_gmt":"2025-07-08T09:35:01","slug":"weebly","status":"publish","type":"page","link":"https:\/\/elfsight.com\/de\/accessibility-widget\/weebly\/","title":{"rendered":"Accessibility &#8211; Weebly"},"content":{"rendered":"<div class=\"application-platform-content-item-description application-platform-content-item\" id=\"description\" data-nav-section=\"description\"> <h2>Bieten Sie Barrierefreiheit mit einer Elfsight-App in Weebly ein<\/h2> <p>Die Barrierefreiheits-App verbessert die Inklusivit\u00e4t Ihrer Website, indem sie die Navigation und das Lesen f\u00fcr Nutzer mit unterschiedlichen Bed\u00fcrfnissen erleichtert. Ausgestattet mit vordefinierten Barrierefreiheitsprofilen passt sie Ihre Website automatisch an Nutzer mit Seh-, kognitiven oder motorischen Einschr\u00e4nkungen an. Jeder Modus beinhaltet intelligente visuelle und benutzerfreundliche Verbesserungen, um Benutzerfreundlichkeit und Komfort zu gew\u00e4hrleisten. <\/p><p>Zus\u00e4tzlich verf\u00fcgt sie \u00fcber einen integrierten Barrierefreiheits-Checker zur \u00dcberpr\u00fcfung der Konformit\u00e4t Ihrer Website und visualisiert die Ergebnisse im App-Panel. So k\u00f6nnen Sie nicht nur Probleme beheben, sondern auch Ihr Engagement f\u00fcr Barrierefreiheit demonstrieren. Die vollst\u00e4ndig lokalisierte App bietet mehrsprachigen Support f\u00fcr ein reibungsloses Erlebnis f\u00fcr Nutzer weltweit. <\/p><p><strong>Optimieren Sie Ihre Weebly-Website mit unserer Barrierefreiheits-App und beweisen Sie, dass sie f\u00fcr alle Nutzer geeignet ist! <\/strong><\/p><\/div> <div class=\"application-platform-content-item-features application-platform-content-item\" id=\"features\" data-nav-section=\"features\"> <h2>Die grundlegenden App-Funktionen umfassen<\/h2><ul><li><b>Vorgefertigte Modi f\u00fcr 8 Benutzerszenarien.<\/b> Benutzer mit unterschiedlichen Behinderungen finden die perfekte Voreinstellung, um Ihre Website einfach und sicher zu navigieren.<\/li><li><b>Optimieren Sie die Website-Einstellungen f\u00fcr die Anzeige von Inhalten.<\/b> Die App bietet Anpassungsoptionen zur Verbesserung der Textklarheit, der Website-Navigation und des Farbkontrasts.<\/li><li><b>Integrierter Barrierefreiheits-Checker.<\/b> Analysieren Sie Ihre Website ganz einfach auf Schwachstellen und verbessern Sie die Barrierefreiheit.<\/li><li><b>Vertrauenssiegel mit Barrierefreiheitsbewertung.<\/b> Pr\u00e4sentieren Sie Ihre Pr\u00fcfergebnisse, um Ihr Engagement f\u00fcr die Einhaltung der Barrierefreiheit zu demonstrieren.<\/li><li><b>Pr\u00e4zise Lokalisierung.<\/b> Die App unterst\u00fctzt Lokalisierung und \u00dcbersetzung f\u00fcr 76 L\u00e4nder und erf\u00fcllt globale Compliance-Standards und Barrierefreiheitsanforderungen. <\/li><\/ul><p><a href=\"#demo\">Schauen Sie sich den Online-Editor an, um herauszufinden, wie die App funktioniert.<\/a><\/p><\/div> <div class=\"application-platform-content-item-installation application-platform-content-item\" id=\"installation\" data-nav-section=\"installation\"> <h2>Wie binde ich Barrierefreiheit in meine Weebly-Website ein?<\/h2><p>Schauen Sie sich diese einfache Anleitung an, um die App auf Ihrer Weebly-Website zu integrieren. Es dauert nur wenige Minuten und erfordert keine Programmierung.<\/p> <ol><li><strong>Erstellen Sie Ihre pers\u00f6nliche Barrierefreiheits-App.<\/strong><br> Beginnen Sie mit einer beliebigen Vorlage im Editor, arbeiten Sie mit den praktischen Elementen darin und passen Sie die App an Ihr bevorzugtes Design und Ihre bevorzugten Einstellungen an.<\/li><li><strong>Erhalten Sie den pers\u00f6nlichen Code zum Einbetten der App.<\/strong><br> Sobald Sie mit der Erstellung Ihrer App fertig sind, erhalten Sie einen individuellen HTML-Code in Ihrem Dashboard. Kopieren Sie diesen Code, der alle Informationen zu Ihren Anpassungen enth\u00e4lt. <\/li> <li><strong>Pr\u00e4sentieren Sie die App auf Ihrer Weebly-Website<\/strong><br> W\u00e4hlen Sie die Bereiche Ihrer Website aus, in denen die Barrierefreiheit angezeigt werden soll, und f\u00fcgen Sie den Code dort ein. Speichern Sie die \u00c4nderungen. <\/li> <\/ol><p>Das war&#8217;s! Sehen Sie sich nun die Leistung der App auf Ihrer Website an. <\/p><p>Sollten beim Einbetten der App in eine Website Probleme auftreten, wenden Sie sich bitte an unsere Support-Manager. Wir helfen Ihnen gerne beim Hinzuf\u00fcgen und Anpassen Ihrer Compliance-L\u00f6sung. <\/p><\/div>","protected":false},"excerpt":{"rendered":"","protected":false},"author":9,"featured_media":0,"parent":25123,"menu_order":0,"comment_status":"closed","ping_status":"closed","template":"templates\/template-application-platform.php","meta":{"publish_to_discourse":"","publish_post_category":"","wpdc_auto_publish_overridden":"","wpdc_topic_tags":"","wpdc_pin_topic":"","wpdc_pin_until":"","discourse_post_id":"","discourse_permalink":"","wpdc_publishing_response":"","wpdc_publishing_error":"","footnotes":""},"class_list":["post-25206","page","type-page","status-publish","hentry"],"yoast_head":"<!-- This site is optimized with the Yoast SEO plugin v25.3.1 - https:\/\/yoast.com\/wordpress\/plugins\/seo\/ -->\n<title>Weebly Accessibility-App \u2013 Machen Sie Ihre Website konform [KOSTENLOS]<\/title>\n<meta name=\"description\" content=\"F\u00fcgen Sie Ihrer Weebly-Website eine barrierefreie App hinzu. Testen Sie den Online-Editor von Elfsight und erstellen Sie m\u00fchelos Ihre pers\u00f6nliche L\u00f6sung.\" \/>\n<meta name=\"robots\" content=\"index, follow, max-snippet:-1, max-image-preview:large, max-video-preview:-1\" \/>\n<link rel=\"canonical\" href=\"https:\/\/elfsight.com\/de\/accessibility-widget\/weebly\/\" \/>\n<meta property=\"og:locale\" content=\"de_DE\" \/>\n<meta property=\"og:type\" content=\"article\" \/>\n<meta property=\"og:title\" content=\"Weebly Accessibility-App \u2013 Machen Sie Ihre Website konform [KOSTENLOS]\" \/>\n<meta property=\"og:description\" content=\"F\u00fcgen Sie Ihrer Weebly-Website eine barrierefreie App hinzu. Testen Sie den Online-Editor von Elfsight und erstellen Sie m\u00fchelos Ihre pers\u00f6nliche L\u00f6sung.\" \/>\n<meta property=\"og:url\" content=\"https:\/\/elfsight.com\/de\/accessibility-widget\/weebly\/\" \/>\n<meta property=\"og:site_name\" content=\"Elfsight DE\" \/>\n<meta property=\"article:modified_time\" content=\"2025-07-08T09:35:01+00:00\" \/>\n<meta name=\"twitter:card\" content=\"summary_large_image\" \/>\n<meta name=\"twitter:label1\" content=\"Gesch\u00e4tzte Lesezeit\" \/>\n\t<meta name=\"twitter:data1\" content=\"2\u00a0Minuten\" \/>\n<!-- \/ Yoast SEO plugin. -->","yoast_head_json":{"title":"Weebly Accessibility-App \u2013 Machen Sie Ihre Website konform [KOSTENLOS]","description":"F\u00fcgen Sie Ihrer Weebly-Website eine barrierefreie App hinzu. Testen Sie den Online-Editor von Elfsight und erstellen Sie m\u00fchelos Ihre pers\u00f6nliche L\u00f6sung.","robots":{"index":"index","follow":"follow","max-snippet":"max-snippet:-1","max-image-preview":"max-image-preview:large","max-video-preview":"max-video-preview:-1"},"canonical":"https:\/\/elfsight.com\/de\/accessibility-widget\/weebly\/","og_locale":"de_DE","og_type":"article","og_title":"Weebly Accessibility-App \u2013 Machen Sie Ihre Website konform [KOSTENLOS]","og_description":"F\u00fcgen Sie Ihrer Weebly-Website eine barrierefreie App hinzu. Testen Sie den Online-Editor von Elfsight und erstellen Sie m\u00fchelos Ihre pers\u00f6nliche L\u00f6sung.","og_url":"https:\/\/elfsight.com\/de\/accessibility-widget\/weebly\/","og_site_name":"Elfsight DE","article_modified_time":"2025-07-08T09:35:01+00:00","twitter_card":"summary_large_image","twitter_misc":{"Gesch\u00e4tzte Lesezeit":"2\u00a0Minuten"},"schema":{"@context":"https:\/\/schema.org","@graph":[{"@type":"WebPage","@id":"https:\/\/elfsight.com\/de\/accessibility-widget\/weebly\/","url":"https:\/\/elfsight.com\/de\/accessibility-widget\/weebly\/","name":"Weebly Accessibility-App \u2013 Machen Sie Ihre Website konform [KOSTENLOS]","isPartOf":{"@id":"https:\/\/elfsight.com\/de\/#website"},"datePublished":"2025-05-20T12:58:04+00:00","dateModified":"2025-07-08T09:35:01+00:00","description":"F\u00fcgen Sie Ihrer Weebly-Website eine barrierefreie App hinzu. Testen Sie den Online-Editor von Elfsight und erstellen Sie m\u00fchelos Ihre pers\u00f6nliche L\u00f6sung.","breadcrumb":{"@id":"https:\/\/elfsight.com\/de\/accessibility-widget\/weebly\/#breadcrumb"},"inLanguage":"de","potentialAction":[{"@type":"ReadAction","target":["https:\/\/elfsight.com\/de\/accessibility-widget\/weebly\/"]}]},{"@type":"BreadcrumbList","@id":"https:\/\/elfsight.com\/de\/accessibility-widget\/weebly\/#breadcrumb","itemListElement":[{"@type":"ListItem","position":1,"name":"Home","item":"https:\/\/elfsight.com\/de\/"},{"@type":"ListItem","position":2,"name":"Accessibility","item":"https:\/\/elfsight.com\/de\/accessibility-widget\/"},{"@type":"ListItem","position":3,"name":"Accessibility &#8211; Weebly"}]},{"@type":"WebSite","@id":"https:\/\/elfsight.com\/de\/#website","url":"https:\/\/elfsight.com\/de\/","name":"Elfsight DE","description":"Just another Elfsight Sites site","potentialAction":[{"@type":"SearchAction","target":{"@type":"EntryPoint","urlTemplate":"https:\/\/elfsight.com\/de\/?s={search_term_string}"},"query-input":{"@type":"PropertyValueSpecification","valueRequired":true,"valueName":"search_term_string"}}],"inLanguage":"de"}]}},"meta_box":{"industry":"","seo_heading":"","heading":"","description":"","cta_heading":"","cta_description":"","application":"25117","h1":"","h1_caption":"Begr\u00fc\u00dfen Sie jeden Besucher Ihrer Weebly-Website mit der Compliance-App, die Ihre Inhalte an jeden Bedarf anpasst. Steigern Sie Inklusivit\u00e4t, Benutzerfreundlichkeit und Verf\u00fcgbarkeit mit einer intelligenten L\u00f6sung.","application_category":[],"applications_title":"","applications_request_title":"","applications_request_button_text":"","hero_text":"","hero_video":"","hero_video_schema_markup":"","selling_points_title":"","selling_points_caption":"","selling_points":[],"selling_points_cta_text":"","features_title":"","features":"","ed_cta_examples_text":"","ed_cta_examples_hidden":"","ed_cta_demo_text":"","ed_cta_demo_hidden":"","why_caption":"","why_editor_title":"","why_editor_text":"","why_team_title":"","why_team_text":"","why_service_title":"","why_service_text":"","template_catalog_visible":"","template_catalog_title":"","template_catalog_text":"","template_catalog_categories_visible":"","demo_title":"Erstellen Sie Ihre Eingabehilfen-App","demo_caption":"Konfigurieren Sie Ihre Barrierefreiheit und f\u00fcgen Sie sie kostenlos zu Ihrer Weebly-Website hinzu!","default_faq_hidden":"","app_template_category":[],"platform":"","template_public_id":"","codecanyon_url":"","codecanyon_item_id":"","codecanyon_price":"","pricing_caption":"","pricing_elfsight_apps_hide_column":"","pricing_elfsight_apps_url":"","pricing_codecanyon_price_caption":"","integration_category":[],"integration_request_title":"","integration_request_cta":"","integration_platform":"","integrations":[],"platform_category":[],"video_schema_markup":"","price":"ab 0 $ \/ Monat","trial":"","benefits":[],"button_url":"#demo","button_target_blank":"0","button_nofollow":"","attributes":[{"name":"Installationen","content":"50,000 - 100,000","_state":"expanded"},{"name":"Reaktionsschnell","content":"Ja","_state":"expanded"},{"name":"Kompatible Browser","content":"Firefox, Safari, Opera, Chrome, Edge","_state":"expanded"}],"tags":[],"tags_disable_links":"","hide_more_platforms":"","video_object":"","demo_hide_cta":"","demo_hide_cloud_options":"","pricing_title":"","pricing":[{"pricing_icon":"platform","pricing_title":"Elfsight Apps","pricing_title_caption":"Plattformunabh\u00e4ngige Software, die f\u00fcr jede Site geeignet ist","pricing_price":"ab 0 $ \/ Monat","pricing_price_caption":"Beginnen Sie mit einem kostenlosen Plan","pricing_button_text":"Zur Website hinzuf\u00fcgen","pricing_button_url":"#demo"}],"related_apps_title":"","related_apps_hidden":"","author":"","image":[],"title":"","job":"","social_networks":[]},"_links":{"self":[{"href":"https:\/\/elfsight.com\/de\/wp-json\/wp\/v2\/pages\/25206","targetHints":{"allow":["GET"]}}],"collection":[{"href":"https:\/\/elfsight.com\/de\/wp-json\/wp\/v2\/pages"}],"about":[{"href":"https:\/\/elfsight.com\/de\/wp-json\/wp\/v2\/types\/page"}],"author":[{"embeddable":true,"href":"https:\/\/elfsight.com\/de\/wp-json\/wp\/v2\/users\/9"}],"replies":[{"embeddable":true,"href":"https:\/\/elfsight.com\/de\/wp-json\/wp\/v2\/comments?post=25206"}],"version-history":[{"count":1,"href":"https:\/\/elfsight.com\/de\/wp-json\/wp\/v2\/pages\/25206\/revisions"}],"predecessor-version":[{"id":25210,"href":"https:\/\/elfsight.com\/de\/wp-json\/wp\/v2\/pages\/25206\/revisions\/25210"}],"up":[{"embeddable":true,"href":"https:\/\/elfsight.com\/de\/wp-json\/wp\/v2\/pages\/25123"}],"wp:attachment":[{"href":"https:\/\/elfsight.com\/de\/wp-json\/wp\/v2\/media?parent=25206"}],"curies":[{"name":"wp","href":"https:\/\/api.w.org\/{rel}","templated":true}]}}