{"id":25201,"date":"2025-05-20T13:03:48","date_gmt":"2025-05-20T13:03:48","guid":{"rendered":"https:\/\/elfsight.com\/de\/?page_id=25201"},"modified":"2025-07-08T09:34:10","modified_gmt":"2025-07-08T09:34:10","slug":"opencart","status":"publish","type":"page","link":"https:\/\/elfsight.com\/de\/accessibility-widget\/opencart\/","title":{"rendered":"Accessibility &#8211; OpenCart"},"content":{"rendered":"<div class=\"application-platform-content-item-description application-platform-content-item\" id=\"description\" data-nav-section=\"description\"> <h2>Bieten Sie Barrierefreiheit mit einer Elfsight-Erweiterung in OpenCart ein<\/h2> <p>Die Erweiterung f\u00fcr Barrierefreiheit verbessert die Inklusivit\u00e4t Ihrer Website, indem sie die Lesbarkeit und Navigation f\u00fcr Nutzer aller F\u00e4higkeiten verbessert. Mit voreingestellten Barrierefreiheitsmodi passt sie Ihre Website sofort an und unterst\u00fctzt Menschen mit Seh-, Fokus- oder Bewegungseinschr\u00e4nkungen. Jeder Modus b\u00fcndelt intelligente visuelle und funktionale Optimierungen f\u00fcr Benutzerfreundlichkeit und Komfort. <\/p><p>Zus\u00e4tzlich bietet sie einen nativen Barrierefreiheits-Analysator, der sicherstellt, dass Ihre Website den Standards entspricht, und die Ergebnisse zur Barrierefreiheit im Erweiterungsfenster visualisiert. Dies tr\u00e4gt zur Einhaltung der Vorschriften bei und unterstreicht Ihr Engagement f\u00fcr bew\u00e4hrte Barrierefreiheitspraktiken. Die vollst\u00e4ndig lokalisierte Erweiterung unterst\u00fctzt globale Nutzer in ihrer Muttersprache f\u00fcr ein nahtloses Erlebnis. <\/p><p><strong>Optimieren Sie Ihre OpenCart-Website mit unserer Erweiterung f\u00fcr Barrierefreiheit und beweisen Sie, dass sie f\u00fcr alle Nutzer geeignet ist! <\/strong><\/p><\/div> <div class=\"application-platform-content-item-features application-platform-content-item\" id=\"features\" data-nav-section=\"features\"> <h2>Wir bieten praktische und einfache Funktionen. Sehen Sie sich einige davon an: <\/h2><ul><li><b>Vorgefertigte Modi f\u00fcr 8 Benutzerszenarien. <\/b> Benutzer mit unterschiedlichen Behinderungen finden eine perfekte Voreinstellung, um Ihre Website bequem zu erkunden. <\/li><li><b>Optimieren Sie die Website-Einstellungen zur Anzeige von Inhalten. <\/b> Die Erweiterung enth\u00e4lt Anpassungsoptionen zur Verbesserung der Textklarheit, der Site-Navigation und des Farbkontrasts. <\/li><li><b>Integrierter Barrierefreiheits-Checker. <\/b> Analysieren Sie Ihre Website ganz einfach auf Schwachstellen und verbessern Sie die Barrierefreiheit. <\/li><li><b>Vertrauenssiegel mit Barrierefreiheitsbewertung. <\/b> Ver\u00f6ffentlichen Sie Audit-Ergebnisse in der Erweiterung, um Ihr fortlaufendes Engagement f\u00fcr Standards zu best\u00e4tigen. <\/li><li><b>Pr\u00e4zise Lokalisierung <\/b> Die Erweiterung bietet sprachliche und kulturelle Lokalisierung in 76 Regionen, um Barrierefreiheitsgesetze und den internationalen Einsatz zu unterst\u00fctzen. <\/li><\/ul><p><a href=\"#demo\">Der intuitive Editor zeigt Ihnen direkt auf dieser Seite, wie die Funktionen und Einstellungen funktionieren.<\/a><\/p><\/div> <div class=\"application-platform-content-item-installation application-platform-content-item\" id=\"installation\" data-nav-section=\"installation\"> <h2>Wie kann ich Barrierefreiheit in meine OpenCart-Website einbetten? <\/h2><p>Schauen Sie sich diese einfache Anleitung an, um die Erweiterung auf Ihrer OpenCart-Website zu installieren. Es dauert nur wenige Minuten und erfordert keine Codierung. <\/p> <ol><li><strong>Erstellen Sie Ihre pers\u00f6nliche Barrierefreiheitserweiterung<\/strong><br> Beginnen Sie mit einer beliebigen Vorlage im Editor, arbeiten Sie mit den darin enthaltenen praktischen Elementen und passen Sie die Erweiterung an Ihr bevorzugtes Design und Ihre bevorzugten Einstellungen an. <\/li><li><strong>Erhalten Sie den pers\u00f6nlichen Code zum Einbetten der Erweiterung<\/strong><br> Sobald Sie Ihre Erweiterung erstellt haben, erhalten Sie einen individuellen HTML-Code in Ihrem Dashboard. Kopieren Sie den Code, der alle Details zu Ihren Einstellungen enth\u00e4lt. <\/li> <li><strong>Zeigen Sie die Erweiterung auf Ihrer OpenCart-Website an<\/strong><br> Definieren Sie die Bereiche Ihrer Website, in denen Sie die Barrierefreiheit anzeigen m\u00f6chten, und f\u00fcgen Sie den Code dort ein. Speichern Sie die \u00c4nderungen. <\/li> <\/ol><p>Fertig! \u00dcberpr\u00fcfen Sie nun die Leistung der Erweiterung auf Ihrer Website. <\/p><p>Sollten beim Einbetten der Erweiterung in eine Website Probleme auftreten, wenden Sie sich bitte an unsere Support-Manager. Wir helfen Ihnen gerne beim Hinzuf\u00fcgen und Anpassen Ihrer Compliance-L\u00f6sung. <\/p><\/div>","protected":false},"excerpt":{"rendered":"","protected":false},"author":9,"featured_media":0,"parent":25123,"menu_order":0,"comment_status":"closed","ping_status":"closed","template":"templates\/template-application-platform.php","meta":{"publish_to_discourse":"","publish_post_category":"","wpdc_auto_publish_overridden":"","wpdc_topic_tags":"","wpdc_pin_topic":"","wpdc_pin_until":"","discourse_post_id":"","discourse_permalink":"","wpdc_publishing_response":"","wpdc_publishing_error":"","footnotes":""},"class_list":["post-25201","page","type-page","status-publish","hentry"],"yoast_head":"<!-- This site is optimized with the Yoast SEO plugin v25.3.1 - https:\/\/yoast.com\/wordpress\/plugins\/seo\/ -->\n<title>OpenCart Accessibility-Erweiterung \u2013 F\u00fcgen Sie Ihrer Website Compliance hinzu [KOSTENLOS]<\/title>\n<meta name=\"description\" content=\"F\u00fcgen Sie Ihrer OpenCart-Website eine codefreie Erweiterung f\u00fcr Barrierefreiheit hinzu. Nutzen Sie den Schnelleditor von Elfsight, um ganz einfach Ihre individuelle L\u00f6sung zu erstellen.\" \/>\n<meta name=\"robots\" content=\"index, follow, max-snippet:-1, max-image-preview:large, max-video-preview:-1\" \/>\n<link rel=\"canonical\" href=\"https:\/\/elfsight.com\/de\/accessibility-widget\/opencart\/\" \/>\n<meta property=\"og:locale\" content=\"de_DE\" \/>\n<meta property=\"og:type\" content=\"article\" \/>\n<meta property=\"og:title\" content=\"OpenCart Accessibility-Erweiterung \u2013 F\u00fcgen Sie Ihrer Website Compliance hinzu [KOSTENLOS]\" \/>\n<meta property=\"og:description\" content=\"F\u00fcgen Sie Ihrer OpenCart-Website eine codefreie Erweiterung f\u00fcr Barrierefreiheit hinzu. Nutzen Sie den Schnelleditor von Elfsight, um ganz einfach Ihre individuelle L\u00f6sung zu erstellen.\" \/>\n<meta property=\"og:url\" content=\"https:\/\/elfsight.com\/de\/accessibility-widget\/opencart\/\" \/>\n<meta property=\"og:site_name\" content=\"Elfsight DE\" \/>\n<meta property=\"article:modified_time\" content=\"2025-07-08T09:34:10+00:00\" \/>\n<meta name=\"twitter:card\" content=\"summary_large_image\" \/>\n<meta name=\"twitter:label1\" content=\"Gesch\u00e4tzte Lesezeit\" \/>\n\t<meta name=\"twitter:data1\" content=\"2\u00a0Minuten\" \/>\n<!-- \/ Yoast SEO plugin. -->","yoast_head_json":{"title":"OpenCart Accessibility-Erweiterung \u2013 F\u00fcgen Sie Ihrer Website Compliance hinzu [KOSTENLOS]","description":"F\u00fcgen Sie Ihrer OpenCart-Website eine codefreie Erweiterung f\u00fcr Barrierefreiheit hinzu. Nutzen Sie den Schnelleditor von Elfsight, um ganz einfach Ihre individuelle L\u00f6sung zu erstellen.","robots":{"index":"index","follow":"follow","max-snippet":"max-snippet:-1","max-image-preview":"max-image-preview:large","max-video-preview":"max-video-preview:-1"},"canonical":"https:\/\/elfsight.com\/de\/accessibility-widget\/opencart\/","og_locale":"de_DE","og_type":"article","og_title":"OpenCart Accessibility-Erweiterung \u2013 F\u00fcgen Sie Ihrer Website Compliance hinzu [KOSTENLOS]","og_description":"F\u00fcgen Sie Ihrer OpenCart-Website eine codefreie Erweiterung f\u00fcr Barrierefreiheit hinzu. Nutzen Sie den Schnelleditor von Elfsight, um ganz einfach Ihre individuelle L\u00f6sung zu erstellen.","og_url":"https:\/\/elfsight.com\/de\/accessibility-widget\/opencart\/","og_site_name":"Elfsight DE","article_modified_time":"2025-07-08T09:34:10+00:00","twitter_card":"summary_large_image","twitter_misc":{"Gesch\u00e4tzte Lesezeit":"2\u00a0Minuten"},"schema":{"@context":"https:\/\/schema.org","@graph":[{"@type":"WebPage","@id":"https:\/\/elfsight.com\/de\/accessibility-widget\/opencart\/","url":"https:\/\/elfsight.com\/de\/accessibility-widget\/opencart\/","name":"OpenCart Accessibility-Erweiterung \u2013 F\u00fcgen Sie Ihrer Website Compliance hinzu [KOSTENLOS]","isPartOf":{"@id":"https:\/\/elfsight.com\/de\/#website"},"datePublished":"2025-05-20T13:03:48+00:00","dateModified":"2025-07-08T09:34:10+00:00","description":"F\u00fcgen Sie Ihrer OpenCart-Website eine codefreie Erweiterung f\u00fcr Barrierefreiheit hinzu. Nutzen Sie den Schnelleditor von Elfsight, um ganz einfach Ihre individuelle L\u00f6sung zu erstellen.","breadcrumb":{"@id":"https:\/\/elfsight.com\/de\/accessibility-widget\/opencart\/#breadcrumb"},"inLanguage":"de","potentialAction":[{"@type":"ReadAction","target":["https:\/\/elfsight.com\/de\/accessibility-widget\/opencart\/"]}]},{"@type":"BreadcrumbList","@id":"https:\/\/elfsight.com\/de\/accessibility-widget\/opencart\/#breadcrumb","itemListElement":[{"@type":"ListItem","position":1,"name":"Home","item":"https:\/\/elfsight.com\/de\/"},{"@type":"ListItem","position":2,"name":"Accessibility","item":"https:\/\/elfsight.com\/de\/accessibility-widget\/"},{"@type":"ListItem","position":3,"name":"Accessibility &#8211; OpenCart"}]},{"@type":"WebSite","@id":"https:\/\/elfsight.com\/de\/#website","url":"https:\/\/elfsight.com\/de\/","name":"Elfsight DE","description":"Just another Elfsight Sites site","potentialAction":[{"@type":"SearchAction","target":{"@type":"EntryPoint","urlTemplate":"https:\/\/elfsight.com\/de\/?s={search_term_string}"},"query-input":{"@type":"PropertyValueSpecification","valueRequired":true,"valueName":"search_term_string"}}],"inLanguage":"de"}]}},"meta_box":{"industry":"","seo_heading":"","heading":"","description":"","cta_heading":"","cta_description":"","application":"25117","h1":"","h1_caption":"Unterst\u00fctzen Sie jeden Besucher Ihrer OpenCart-Website mit der Compliance-Erweiterung, die Ihre Inhalte an alle Bed\u00fcrfnisse anpasst. Steigern Sie Inklusivit\u00e4t, Benutzerfreundlichkeit und Verf\u00fcgbarkeit auf einer All-in-One-Plattform.","application_category":[],"applications_title":"","applications_request_title":"","applications_request_button_text":"","hero_text":"","hero_video":"","hero_video_schema_markup":"","selling_points_title":"","selling_points_caption":"","selling_points":[],"selling_points_cta_text":"","features_title":"","features":"","ed_cta_examples_text":"","ed_cta_examples_hidden":"","ed_cta_demo_text":"","ed_cta_demo_hidden":"","why_caption":"","why_editor_title":"","why_editor_text":"","why_team_title":"","why_team_text":"","why_service_title":"","why_service_text":"","template_catalog_visible":"","template_catalog_title":"","template_catalog_text":"","template_catalog_categories_visible":"","demo_title":"Erstellen Sie Ihre Barrierefreiheitserweiterung","demo_caption":"Konfigurieren Sie Ihre Zug\u00e4nglichkeit und f\u00fcgen Sie sie kostenlos zu Ihrer OpenCart-Website hinzu!","default_faq_hidden":"","app_template_category":[],"platform":"","template_public_id":"","codecanyon_url":"","codecanyon_item_id":"","codecanyon_price":"","pricing_caption":"","pricing_elfsight_apps_hide_column":"","pricing_elfsight_apps_url":"","pricing_codecanyon_price_caption":"","integration_category":[],"integration_request_title":"","integration_request_cta":"","integration_platform":"","integrations":[],"platform_category":[],"video_schema_markup":"","price":"ab 0 $ \/ Monat","trial":"","benefits":[],"button_url":"#demo","button_target_blank":"0","button_nofollow":"","attributes":[{"name":"Installationen","content":"50,000 - 100,000","_state":"expanded"},{"name":"Reaktionsschnell","content":"Ja","_state":"expanded"},{"name":"Kompatible Browser","content":"Firefox, Safari, Opera, Chrome, Edge","_state":"expanded"}],"tags":[],"tags_disable_links":"","hide_more_platforms":"","video_object":"","demo_hide_cta":"","demo_hide_cloud_options":"","pricing_title":"","pricing":[{"pricing_icon":"platform","pricing_title":"Elfsight Apps","pricing_title_caption":"Plattformunabh\u00e4ngige Version, die auf jeder Website funktioniert","pricing_price":"ab 0 $ \/ Monat","pricing_price_caption":"Beginnen Sie mit einem kostenlosen Plan","pricing_button_text":"Zur Website hinzuf\u00fcgen","pricing_button_url":"#demo"}],"related_apps_title":"","related_apps_hidden":"","author":"","image":[],"title":"","job":"","social_networks":[]},"_links":{"self":[{"href":"https:\/\/elfsight.com\/de\/wp-json\/wp\/v2\/pages\/25201","targetHints":{"allow":["GET"]}}],"collection":[{"href":"https:\/\/elfsight.com\/de\/wp-json\/wp\/v2\/pages"}],"about":[{"href":"https:\/\/elfsight.com\/de\/wp-json\/wp\/v2\/types\/page"}],"author":[{"embeddable":true,"href":"https:\/\/elfsight.com\/de\/wp-json\/wp\/v2\/users\/9"}],"replies":[{"embeddable":true,"href":"https:\/\/elfsight.com\/de\/wp-json\/wp\/v2\/comments?post=25201"}],"version-history":[{"count":1,"href":"https:\/\/elfsight.com\/de\/wp-json\/wp\/v2\/pages\/25201\/revisions"}],"predecessor-version":[{"id":25205,"href":"https:\/\/elfsight.com\/de\/wp-json\/wp\/v2\/pages\/25201\/revisions\/25205"}],"up":[{"embeddable":true,"href":"https:\/\/elfsight.com\/de\/wp-json\/wp\/v2\/pages\/25123"}],"wp:attachment":[{"href":"https:\/\/elfsight.com\/de\/wp-json\/wp\/v2\/media?parent=25201"}],"curies":[{"name":"wp","href":"https:\/\/api.w.org\/{rel}","templated":true}]}}