{"id":25200,"date":"2025-05-20T13:19:27","date_gmt":"2025-05-20T13:19:27","guid":{"rendered":"https:\/\/elfsight.com\/de\/?page_id=25200"},"modified":"2025-07-08T09:33:59","modified_gmt":"2025-07-08T09:33:59","slug":"magento","status":"publish","type":"page","link":"https:\/\/elfsight.com\/de\/accessibility-widget\/magento\/","title":{"rendered":"Accessibility &#8211; Magento"},"content":{"rendered":"<div class=\"application-platform-content-item-description application-platform-content-item\" id=\"description\" data-nav-section=\"description\"> <h2>Integrieren Sie Barrierefreiheit in Magento mit einer Elfsight-Erweiterung<\/h2> <p>Die Erweiterung f\u00fcr Barrierefreiheit verbessert die Inklusivit\u00e4t Ihrer Website, indem sie die Lesbarkeit und Navigation f\u00fcr Nutzer aller F\u00e4higkeiten verbessert. Ausgestattet mit vordefinierten Barrierefreiheitsprofilen passt sie Ihre Website automatisch an Besucher mit Seh-, Aufmerksamkeits- oder motorischen Einschr\u00e4nkungen an. Jeder Modus umfasst intelligente visuelle und benutzerfreundliche Verbesserungen, um Benutzerfreundlichkeit und Komfort zu gew\u00e4hrleisten. <\/p><p>Zudem enth\u00e4lt sie einen integrierten Barrierefreiheitsscanner, der die Konformit\u00e4t Ihrer Website bewertet und die Ergebnisse der Barrierefreiheit im Erweiterungsfenster visualisiert. So k\u00f6nnen Sie Barrierefreiheitsprobleme l\u00f6sen und gleichzeitig Ihr Engagement f\u00fcr inklusives Design unter Beweis stellen. Die vollst\u00e4ndig lokalisierte Erweiterung unterst\u00fctzt globale Nutzer in ihrer Muttersprache f\u00fcr ein nahtloses Erlebnis. <\/p><p><strong>Machen Sie Ihre Magento-Website f\u00fcr alle zug\u00e4nglich \u2013 einfach mit unserer leistungsstarken Erweiterung f\u00fcr Barrierefreiheit! <\/strong><\/p><\/div> <div class=\"application-platform-content-item-features application-platform-content-item\" id=\"features\" data-nav-section=\"features\"> <h2>Die wichtigsten Funktionen der Erweiterung bieten<\/h2><ul><li><b>Vorgefertigte Modi f\u00fcr 8 Benutzerszenarien.<\/b> Benutzer mit unterschiedlichen Behinderungen finden die perfekte Voreinstellung, um Ihre Website bequem zu erkunden.<\/li><li><b>Optimieren Sie die Website-Einstellungen zur Anzeige von Inhalten.<\/b> Die Erweiterung bietet Einstellungen zur Verbesserung der Textlesbarkeit, Navigation und Farben.<\/li><li><b>Integrierter Barrierefreiheits-Checker.<\/b> Analysieren Sie Ihre Website ganz einfach auf Schwachstellen und verbessern Sie die Barrierefreiheit.<\/li><li><b>Vertrauenssiegel mit Barrierefreiheitsbewertung.<\/b> Zeigen Sie die Ergebnisse des integrierten Audits an, um Ihr Engagement f\u00fcr die Einhaltung der Vorschriften zu belegen.<\/li><li><b>Pr\u00e4zise Lokalisierung.<\/b> Die Erweiterung unterst\u00fctzt Lokalisierung und \u00dcbersetzung f\u00fcr 76 L\u00e4nder und erf\u00fcllt globale Konformit\u00e4tsstandards und Barrierefreiheitsanforderungen. <\/li><\/ul><p><a href=\"#demo\">Nutzen Sie den intuitiven Editor, um zu sehen, was unsere Erweiterung kann<\/a><\/p><\/div> <div class=\"application-platform-content-item-installation application-platform-content-item\" id=\"installation\" data-nav-section=\"installation\"> <h2>Wie binde ich Barrierefreiheit in meine Magento-Website ein?<\/h2><p>So integrieren Sie die Erweiterung ganz einfach in Ihre Magento-Website. Es dauert nur wenige Minuten und erfordert keine Programmierung.<\/p> <ol><li><strong>Erstellen Sie Ihre benutzerdefinierte Barrierefreiheitserweiterung<\/strong><br> Beginnen Sie mit einer beliebigen Vorlage im Editor, arbeiten Sie mit den darin enthaltenen benutzerfreundlichen Elementen und passen Sie die Erweiterung an Ihren bevorzugten Stil und Ihre bevorzugten Optionen an.<\/li><li><strong>Holen Sie sich den pers\u00f6nlichen Code zum Einbetten der Erweiterung<\/strong><br> Sobald Sie mit der Erstellung der Erweiterung fertig sind, erhalten Sie einen individuellen HTML-Code in Ihrem Dashboard. Kopieren Sie den Code, der alle Informationen zu Ihren Anpassungen enth\u00e4lt. <\/li> <li><strong>Zeigen Sie die Erweiterung auf Ihrer Magento-Website an<\/strong><br> Definieren Sie die Bereiche Ihrer Website, in denen die Barrierefreiheit angezeigt werden soll, und f\u00fcgen Sie den Code dort ein. Speichern Sie Ihre \u00c4nderungen. <\/li> <\/ol><p>Fertig! Pr\u00fcfen Sie nun, wie die Erweiterung auf Ihrer Website funktioniert. <\/p><p>Sollten beim Einbetten der Erweiterung in Ihre Website Probleme auftreten, wenden Sie sich einfach an unser Hilfecenter. Wir erkl\u00e4ren Ihnen gerne, wie Sie Ihre Compliance-L\u00f6sung hinzuf\u00fcgen und verwalten. <\/p><\/div>","protected":false},"excerpt":{"rendered":"","protected":false},"author":9,"featured_media":0,"parent":25123,"menu_order":0,"comment_status":"closed","ping_status":"closed","template":"templates\/template-application-platform.php","meta":{"publish_to_discourse":"","publish_post_category":"","wpdc_auto_publish_overridden":"","wpdc_topic_tags":"","wpdc_pin_topic":"","wpdc_pin_until":"","discourse_post_id":"","discourse_permalink":"","wpdc_publishing_response":"","wpdc_publishing_error":"","footnotes":""},"class_list":["post-25200","page","type-page","status-publish","hentry"],"yoast_head":"<!-- This site is optimized with the Yoast SEO plugin v25.3.1 - https:\/\/yoast.com\/wordpress\/plugins\/seo\/ -->\n<title>Magento Accessibility-Erweiterung \u2013 F\u00fcgen Sie Ihrer Website Compliance hinzu [KOSTENLOS]<\/title>\n<meta name=\"description\" content=\"F\u00fcgen Sie Ihrer Magento-Website eine nahtlose Erweiterung f\u00fcr Barrierefreiheit hinzu. Nutzen Sie den Online-Editor von Elfsight, um ganz einfach Ihre pers\u00f6nliche L\u00f6sung zu erstellen.\" \/>\n<meta name=\"robots\" content=\"index, follow, max-snippet:-1, max-image-preview:large, max-video-preview:-1\" \/>\n<link rel=\"canonical\" href=\"https:\/\/elfsight.com\/de\/accessibility-widget\/magento\/\" \/>\n<meta property=\"og:locale\" content=\"de_DE\" \/>\n<meta property=\"og:type\" content=\"article\" \/>\n<meta property=\"og:title\" content=\"Magento Accessibility-Erweiterung \u2013 F\u00fcgen Sie Ihrer Website Compliance hinzu [KOSTENLOS]\" \/>\n<meta property=\"og:description\" content=\"F\u00fcgen Sie Ihrer Magento-Website eine nahtlose Erweiterung f\u00fcr Barrierefreiheit hinzu. Nutzen Sie den Online-Editor von Elfsight, um ganz einfach Ihre pers\u00f6nliche L\u00f6sung zu erstellen.\" \/>\n<meta property=\"og:url\" content=\"https:\/\/elfsight.com\/de\/accessibility-widget\/magento\/\" \/>\n<meta property=\"og:site_name\" content=\"Elfsight DE\" \/>\n<meta property=\"article:modified_time\" content=\"2025-07-08T09:33:59+00:00\" \/>\n<meta name=\"twitter:card\" content=\"summary_large_image\" \/>\n<meta name=\"twitter:label1\" content=\"Gesch\u00e4tzte Lesezeit\" \/>\n\t<meta name=\"twitter:data1\" content=\"2\u00a0Minuten\" \/>\n<!-- \/ Yoast SEO plugin. -->","yoast_head_json":{"title":"Magento Accessibility-Erweiterung \u2013 F\u00fcgen Sie Ihrer Website Compliance hinzu [KOSTENLOS]","description":"F\u00fcgen Sie Ihrer Magento-Website eine nahtlose Erweiterung f\u00fcr Barrierefreiheit hinzu. Nutzen Sie den Online-Editor von Elfsight, um ganz einfach Ihre pers\u00f6nliche L\u00f6sung zu erstellen.","robots":{"index":"index","follow":"follow","max-snippet":"max-snippet:-1","max-image-preview":"max-image-preview:large","max-video-preview":"max-video-preview:-1"},"canonical":"https:\/\/elfsight.com\/de\/accessibility-widget\/magento\/","og_locale":"de_DE","og_type":"article","og_title":"Magento Accessibility-Erweiterung \u2013 F\u00fcgen Sie Ihrer Website Compliance hinzu [KOSTENLOS]","og_description":"F\u00fcgen Sie Ihrer Magento-Website eine nahtlose Erweiterung f\u00fcr Barrierefreiheit hinzu. Nutzen Sie den Online-Editor von Elfsight, um ganz einfach Ihre pers\u00f6nliche L\u00f6sung zu erstellen.","og_url":"https:\/\/elfsight.com\/de\/accessibility-widget\/magento\/","og_site_name":"Elfsight DE","article_modified_time":"2025-07-08T09:33:59+00:00","twitter_card":"summary_large_image","twitter_misc":{"Gesch\u00e4tzte Lesezeit":"2\u00a0Minuten"},"schema":{"@context":"https:\/\/schema.org","@graph":[{"@type":"WebPage","@id":"https:\/\/elfsight.com\/de\/accessibility-widget\/magento\/","url":"https:\/\/elfsight.com\/de\/accessibility-widget\/magento\/","name":"Magento Accessibility-Erweiterung \u2013 F\u00fcgen Sie Ihrer Website Compliance hinzu [KOSTENLOS]","isPartOf":{"@id":"https:\/\/elfsight.com\/de\/#website"},"datePublished":"2025-05-20T13:19:27+00:00","dateModified":"2025-07-08T09:33:59+00:00","description":"F\u00fcgen Sie Ihrer Magento-Website eine nahtlose Erweiterung f\u00fcr Barrierefreiheit hinzu. Nutzen Sie den Online-Editor von Elfsight, um ganz einfach Ihre pers\u00f6nliche L\u00f6sung zu erstellen.","breadcrumb":{"@id":"https:\/\/elfsight.com\/de\/accessibility-widget\/magento\/#breadcrumb"},"inLanguage":"de","potentialAction":[{"@type":"ReadAction","target":["https:\/\/elfsight.com\/de\/accessibility-widget\/magento\/"]}]},{"@type":"BreadcrumbList","@id":"https:\/\/elfsight.com\/de\/accessibility-widget\/magento\/#breadcrumb","itemListElement":[{"@type":"ListItem","position":1,"name":"Home","item":"https:\/\/elfsight.com\/de\/"},{"@type":"ListItem","position":2,"name":"Accessibility","item":"https:\/\/elfsight.com\/de\/accessibility-widget\/"},{"@type":"ListItem","position":3,"name":"Accessibility &#8211; Magento"}]},{"@type":"WebSite","@id":"https:\/\/elfsight.com\/de\/#website","url":"https:\/\/elfsight.com\/de\/","name":"Elfsight DE","description":"Just another Elfsight Sites site","potentialAction":[{"@type":"SearchAction","target":{"@type":"EntryPoint","urlTemplate":"https:\/\/elfsight.com\/de\/?s={search_term_string}"},"query-input":{"@type":"PropertyValueSpecification","valueRequired":true,"valueName":"search_term_string"}}],"inLanguage":"de"}]}},"meta_box":{"industry":"","seo_heading":"","heading":"","description":"","cta_heading":"","cta_description":"","application":"25117","h1":"","h1_caption":"Unterst\u00fctzen Sie jeden Besucher Ihrer Magento-Website mit der Compliance-Erweiterung, die Ihre Inhalte an alle Bed\u00fcrfnisse anpasst. Verbessern Sie Inklusivit\u00e4t, Funktionalit\u00e4t und Verf\u00fcgbarkeit auf einer All-in-One-Plattform.","application_category":[],"applications_title":"","applications_request_title":"","applications_request_button_text":"","hero_text":"","hero_video":"","hero_video_schema_markup":"","selling_points_title":"","selling_points_caption":"","selling_points":[],"selling_points_cta_text":"","features_title":"","features":"","ed_cta_examples_text":"","ed_cta_examples_hidden":"","ed_cta_demo_text":"","ed_cta_demo_hidden":"","why_caption":"","why_editor_title":"","why_editor_text":"","why_team_title":"","why_team_text":"","why_service_title":"","why_service_text":"","template_catalog_visible":"","template_catalog_title":"","template_catalog_text":"","template_catalog_categories_visible":"","demo_title":"Erstellen Sie Ihre Barrierefreiheitserweiterung","demo_caption":"Konfigurieren Sie Ihre Barrierefreiheit und f\u00fcgen Sie sie kostenlos zu Ihrer Magento-Website hinzu!","default_faq_hidden":"","app_template_category":[],"platform":"","template_public_id":"","codecanyon_url":"","codecanyon_item_id":"","codecanyon_price":"","pricing_caption":"","pricing_elfsight_apps_hide_column":"","pricing_elfsight_apps_url":"","pricing_codecanyon_price_caption":"","integration_category":[],"integration_request_title":"","integration_request_cta":"","integration_platform":"","integrations":[],"platform_category":[],"video_schema_markup":"","price":"ab 0 $ \/ Monat","trial":"","benefits":[],"button_url":"#demo","button_target_blank":"0","button_nofollow":"","attributes":[{"name":"Installationen","content":"50,000 - 100,000","_state":"expanded"},{"name":"Reaktionsschnell","content":"Ja","_state":"expanded"},{"name":"Kompatible Browser","content":"Firefox, Safari, Opera, Chrome, Edge","_state":"expanded"}],"tags":[],"tags_disable_links":"","hide_more_platforms":"","video_object":"","demo_hide_cta":"","demo_hide_cloud_options":"","pricing_title":"","pricing":[{"pricing_icon":"platform","pricing_title":"Elfsight Apps","pricing_title_caption":"Plattform\u00fcbergreifende Version, die f\u00fcr jede Website geeignet ist","pricing_price":"ab 0 $ \/ Monat","pricing_price_caption":"Beginnen Sie mit einem kostenlosen Plan","pricing_button_text":"Zur Website hinzuf\u00fcgen","pricing_button_url":"#demo"}],"related_apps_title":"","related_apps_hidden":"","author":"","image":[],"title":"","job":"","social_networks":[]},"_links":{"self":[{"href":"https:\/\/elfsight.com\/de\/wp-json\/wp\/v2\/pages\/25200","targetHints":{"allow":["GET"]}}],"collection":[{"href":"https:\/\/elfsight.com\/de\/wp-json\/wp\/v2\/pages"}],"about":[{"href":"https:\/\/elfsight.com\/de\/wp-json\/wp\/v2\/types\/page"}],"author":[{"embeddable":true,"href":"https:\/\/elfsight.com\/de\/wp-json\/wp\/v2\/users\/9"}],"replies":[{"embeddable":true,"href":"https:\/\/elfsight.com\/de\/wp-json\/wp\/v2\/comments?post=25200"}],"version-history":[{"count":1,"href":"https:\/\/elfsight.com\/de\/wp-json\/wp\/v2\/pages\/25200\/revisions"}],"predecessor-version":[{"id":25204,"href":"https:\/\/elfsight.com\/de\/wp-json\/wp\/v2\/pages\/25200\/revisions\/25204"}],"up":[{"embeddable":true,"href":"https:\/\/elfsight.com\/de\/wp-json\/wp\/v2\/pages\/25123"}],"wp:attachment":[{"href":"https:\/\/elfsight.com\/de\/wp-json\/wp\/v2\/media?parent=25200"}],"curies":[{"name":"wp","href":"https:\/\/api.w.org\/{rel}","templated":true}]}}