{"id":25183,"date":"2025-05-20T14:18:14","date_gmt":"2025-05-20T14:18:14","guid":{"rendered":"https:\/\/elfsight.com\/de\/?page_id=25183"},"modified":"2025-07-08T09:34:16","modified_gmt":"2025-07-08T09:34:16","slug":"prestashop","status":"publish","type":"page","link":"https:\/\/elfsight.com\/de\/accessibility-widget\/prestashop\/","title":{"rendered":"Accessibility &#8211; PrestaShop"},"content":{"rendered":"<div class=\"application-platform-content-item-description application-platform-content-item\" id=\"description\" data-nav-section=\"description\"> <h2>Integrieren Sie Barrierefreiheit in PrestaShop mit einem Elfsight-Add-on<\/h2> <p>Das Accessibility-Add-on verbessert die Inklusivit\u00e4t Ihrer Website, indem es die Lesbarkeit und Navigation f\u00fcr Nutzer aller F\u00e4higkeiten verbessert. Ausgestattet mit vordefinierten Barrierefreiheitsprofilen passt es Ihre Website automatisch an und unterst\u00fctzt Menschen mit Seh-, Fokus- oder Bewegungseinschr\u00e4nkungen. Jeder Modus umfasst intelligente visuelle und benutzerfreundliche Verbesserungen, um Benutzerfreundlichkeit und Komfort zu gew\u00e4hrleisten. <\/p><p>Es bietet au\u00dferdem einen nativen Barrierefreiheits-Analysator, der sicherstellt, dass Ihre Website den Standards entspricht, und zeigt die Ergebnisse direkt im Add-on an. So k\u00f6nnen Sie nicht nur Probleme beheben, sondern auch Ihr Engagement f\u00fcr Barrierefreiheit demonstrieren. Das vollst\u00e4ndig lokalisierte Add-on unterst\u00fctzt globale Nutzer in ihrer Muttersprache f\u00fcr ein nahtloses Erlebnis. <\/p><p><strong>Integrieren Sie unser Accessibility-Add-on in Ihre PrestaShop-Website, um Ihr Engagement f\u00fcr Inklusivit\u00e4t zu unterstreichen! <\/strong><\/p><\/div> <div class=\"application-platform-content-item-features application-platform-content-item\" id=\"features\" data-nav-section=\"features\"> <h2>Das Add-on enth\u00e4lt praktische und unkomplizierte Funktionen. Sehen Sie sich einige davon an: <\/h2><ul><li><b>Vorgefertigte Modi f\u00fcr 8 Benutzerszenarien. <\/b> Benutzer mit unterschiedlichen Behinderungen finden eine perfekte Voreinstellung, um einfach und sicher auf Ihrer Website zu navigieren. <\/li><li><b>Optimieren Sie die Website-Einstellungen zur Anzeige von Inhalten. <\/b> Das Add-on enth\u00e4lt Anpassungsoptionen zur Verbesserung der Textklarheit, der Site-Navigation und des Farbkontrasts. <\/li><li><b>Integrierter Barrierefreiheits-Checker. <\/b> Analysieren Sie Ihre Website ganz einfach auf Schwachstellen und verbessern Sie die Barrierefreiheit. <\/li><li><b>Vertrauenssiegel mit Barrierefreiheitsbewertung. <\/b> Pr\u00e4sentieren Sie Ihre Audit-Ergebnisse, um Ihr Engagement f\u00fcr die Einhaltung der Barrierefreiheit zu demonstrieren. <\/li><li><b>Pr\u00e4zise Lokalisierung <\/b> Das Add-on unterst\u00fctzt Lokalisierung und \u00dcbersetzung f\u00fcr 76 L\u00e4nder und erf\u00fcllt globale Compliance-Standards und Barrierefreiheitsanforderungen. <\/li><\/ul><p><a href=\"#demo\">Der benutzerfreundliche Editor zeigt Ihnen direkt auf dieser Seite, wie die Funktionen und Optionen funktionieren.<\/a><\/p><\/div> <div class=\"application-platform-content-item-installation application-platform-content-item\" id=\"installation\" data-nav-section=\"installation\"> <h2>Wie binde ich Barrierefreiheit in meine PrestaShop-Website ein? <\/h2><p>Wir bieten eine einfache Anleitung zur Integration des Add-ons in Ihre PrestaShop-Website. Es dauert nur wenige Minuten und erfordert keine Programmierung. <\/p> <ol><li><strong>Erstellen Sie Ihr pers\u00f6nliches Barrierefreiheits-Add-on<\/strong><br> Beginnen Sie mit einer beliebigen Vorlage im Editor, arbeiten Sie mit den darin enthaltenen praktischen Elementen und passen Sie das Add-on an Ihr gew\u00fcnschtes Design und Ihre gew\u00fcnschten Optionen an. <\/li><li><strong>Erhalten Sie den pers\u00f6nlichen Code zum Einbetten des Add-ons<\/strong><br> Sobald Sie das Add-on erstellt haben, erhalten Sie einen individuellen HTML-Code in Ihrem Dashboard. Kopieren Sie diesen Code, der alle Details zu Ihren Einstellungen enth\u00e4lt. <\/li> <li><strong>Pr\u00e4sentieren Sie das Add-on auf Ihrer PrestaShop-Website<\/strong><br> W\u00e4hlen Sie die Bereiche Ihrer Website aus, in denen Sie die Barrierefreiheit pr\u00e4sentieren m\u00f6chten, und f\u00fcgen Sie den Code dort ein. Speichern Sie die \u00c4nderungen. <\/li> <\/ol><p>Das war&#8217;s! Pr\u00fcfen Sie nun, wie das Add-on auf Ihrer Website funktioniert. <\/p><p>Sollten Sie beim Einbetten des Add-ons in eine Website auf Probleme sto\u00dfen, wenden Sie sich bitte an unser Hilfecenter. Wir beraten Sie gerne bei der Implementierung und Verwaltung Ihrer Compliance-L\u00f6sung. <\/p><\/div>","protected":false},"excerpt":{"rendered":"","protected":false},"author":9,"featured_media":0,"parent":25123,"menu_order":0,"comment_status":"closed","ping_status":"closed","template":"templates\/template-application-platform.php","meta":{"publish_to_discourse":"","publish_post_category":"","wpdc_auto_publish_overridden":"","wpdc_topic_tags":"","wpdc_pin_topic":"","wpdc_pin_until":"","discourse_post_id":"","discourse_permalink":"","wpdc_publishing_response":"","wpdc_publishing_error":"","footnotes":""},"class_list":["post-25183","page","type-page","status-publish","hentry"],"yoast_head":"<!-- This site is optimized with the Yoast SEO plugin v25.3.1 - https:\/\/yoast.com\/wordpress\/plugins\/seo\/ -->\n<title>PrestaShop Accessibility-Add-on \u2013 F\u00fcgen Sie Ihrer Website Konformit\u00e4t hinzu [KOSTENLOS]<\/title>\n<meta name=\"description\" content=\"F\u00fcgen Sie Ihrer PrestaShop-Website ein nahtloses Barrierefreiheits-Add-on hinzu. Verwenden Sie den einfachen Editor von Elfsight, um m\u00fchelos Ihre individuelle L\u00f6sung zu erstellen.\" \/>\n<meta name=\"robots\" content=\"index, follow, max-snippet:-1, max-image-preview:large, max-video-preview:-1\" \/>\n<link rel=\"canonical\" href=\"https:\/\/elfsight.com\/de\/accessibility-widget\/prestashop\/\" \/>\n<meta property=\"og:locale\" content=\"de_DE\" \/>\n<meta property=\"og:type\" content=\"article\" \/>\n<meta property=\"og:title\" content=\"PrestaShop Accessibility-Add-on \u2013 F\u00fcgen Sie Ihrer Website Konformit\u00e4t hinzu [KOSTENLOS]\" \/>\n<meta property=\"og:description\" content=\"F\u00fcgen Sie Ihrer PrestaShop-Website ein nahtloses Barrierefreiheits-Add-on hinzu. Verwenden Sie den einfachen Editor von Elfsight, um m\u00fchelos Ihre individuelle L\u00f6sung zu erstellen.\" \/>\n<meta property=\"og:url\" content=\"https:\/\/elfsight.com\/de\/accessibility-widget\/prestashop\/\" \/>\n<meta property=\"og:site_name\" content=\"Elfsight DE\" \/>\n<meta property=\"article:modified_time\" content=\"2025-07-08T09:34:16+00:00\" \/>\n<meta name=\"twitter:card\" content=\"summary_large_image\" \/>\n<meta name=\"twitter:label1\" content=\"Gesch\u00e4tzte Lesezeit\" \/>\n\t<meta name=\"twitter:data1\" content=\"2\u00a0Minuten\" \/>\n<!-- \/ Yoast SEO plugin. -->","yoast_head_json":{"title":"PrestaShop Accessibility-Add-on \u2013 F\u00fcgen Sie Ihrer Website Konformit\u00e4t hinzu [KOSTENLOS]","description":"F\u00fcgen Sie Ihrer PrestaShop-Website ein nahtloses Barrierefreiheits-Add-on hinzu. Verwenden Sie den einfachen Editor von Elfsight, um m\u00fchelos Ihre individuelle L\u00f6sung zu erstellen.","robots":{"index":"index","follow":"follow","max-snippet":"max-snippet:-1","max-image-preview":"max-image-preview:large","max-video-preview":"max-video-preview:-1"},"canonical":"https:\/\/elfsight.com\/de\/accessibility-widget\/prestashop\/","og_locale":"de_DE","og_type":"article","og_title":"PrestaShop Accessibility-Add-on \u2013 F\u00fcgen Sie Ihrer Website Konformit\u00e4t hinzu [KOSTENLOS]","og_description":"F\u00fcgen Sie Ihrer PrestaShop-Website ein nahtloses Barrierefreiheits-Add-on hinzu. Verwenden Sie den einfachen Editor von Elfsight, um m\u00fchelos Ihre individuelle L\u00f6sung zu erstellen.","og_url":"https:\/\/elfsight.com\/de\/accessibility-widget\/prestashop\/","og_site_name":"Elfsight DE","article_modified_time":"2025-07-08T09:34:16+00:00","twitter_card":"summary_large_image","twitter_misc":{"Gesch\u00e4tzte Lesezeit":"2\u00a0Minuten"},"schema":{"@context":"https:\/\/schema.org","@graph":[{"@type":"WebPage","@id":"https:\/\/elfsight.com\/de\/accessibility-widget\/prestashop\/","url":"https:\/\/elfsight.com\/de\/accessibility-widget\/prestashop\/","name":"PrestaShop Accessibility-Add-on \u2013 F\u00fcgen Sie Ihrer Website Konformit\u00e4t hinzu [KOSTENLOS]","isPartOf":{"@id":"https:\/\/elfsight.com\/de\/#website"},"datePublished":"2025-05-20T14:18:14+00:00","dateModified":"2025-07-08T09:34:16+00:00","description":"F\u00fcgen Sie Ihrer PrestaShop-Website ein nahtloses Barrierefreiheits-Add-on hinzu. Verwenden Sie den einfachen Editor von Elfsight, um m\u00fchelos Ihre individuelle L\u00f6sung zu erstellen.","breadcrumb":{"@id":"https:\/\/elfsight.com\/de\/accessibility-widget\/prestashop\/#breadcrumb"},"inLanguage":"de","potentialAction":[{"@type":"ReadAction","target":["https:\/\/elfsight.com\/de\/accessibility-widget\/prestashop\/"]}]},{"@type":"BreadcrumbList","@id":"https:\/\/elfsight.com\/de\/accessibility-widget\/prestashop\/#breadcrumb","itemListElement":[{"@type":"ListItem","position":1,"name":"Home","item":"https:\/\/elfsight.com\/de\/"},{"@type":"ListItem","position":2,"name":"Accessibility","item":"https:\/\/elfsight.com\/de\/accessibility-widget\/"},{"@type":"ListItem","position":3,"name":"Accessibility &#8211; PrestaShop"}]},{"@type":"WebSite","@id":"https:\/\/elfsight.com\/de\/#website","url":"https:\/\/elfsight.com\/de\/","name":"Elfsight DE","description":"Just another Elfsight Sites site","potentialAction":[{"@type":"SearchAction","target":{"@type":"EntryPoint","urlTemplate":"https:\/\/elfsight.com\/de\/?s={search_term_string}"},"query-input":{"@type":"PropertyValueSpecification","valueRequired":true,"valueName":"search_term_string"}}],"inLanguage":"de"}]}},"meta_box":{"industry":"","seo_heading":"","heading":"","description":"","cta_heading":"","cta_description":"","application":"25117","h1":"","h1_caption":"Begr\u00fc\u00dfen Sie jeden Besucher Ihrer PrestaShop-Website mit dem Compliance-Add-on, das Ihre Inhalte f\u00fcr den universellen Zugriff anpasst. Steigern Sie Inklusivit\u00e4t, Funktionalit\u00e4t und Verf\u00fcgbarkeit mit einer intelligenten L\u00f6sung.","application_category":[],"applications_title":"","applications_request_title":"","applications_request_button_text":"","hero_text":"","hero_video":"","hero_video_schema_markup":"","selling_points_title":"","selling_points_caption":"","selling_points":[],"selling_points_cta_text":"","features_title":"","features":"","ed_cta_examples_text":"","ed_cta_examples_hidden":"","ed_cta_demo_text":"","ed_cta_demo_hidden":"","why_caption":"","why_editor_title":"","why_editor_text":"","why_team_title":"","why_team_text":"","why_service_title":"","why_service_text":"","template_catalog_visible":"","template_catalog_title":"","template_catalog_text":"","template_catalog_categories_visible":"","demo_title":"Erstellen Sie Ihr Accessibility-Add-on","demo_caption":"Konfigurieren Sie Ihre Barrierefreiheit und f\u00fcgen Sie sie kostenlos zu Ihrer PrestaShop-Website hinzu!","default_faq_hidden":"","app_template_category":[],"platform":"","template_public_id":"","codecanyon_url":"","codecanyon_item_id":"","codecanyon_price":"","pricing_caption":"","pricing_elfsight_apps_hide_column":"","pricing_elfsight_apps_url":"","pricing_codecanyon_price_caption":"","integration_category":[],"integration_request_title":"","integration_request_cta":"","integration_platform":"","integrations":[],"platform_category":[],"video_schema_markup":"","price":"ab 0 $ \/ Monat","trial":"","benefits":[],"button_url":"#demo","button_target_blank":"0","button_nofollow":"","attributes":[{"name":"Installationen","content":"50,000 - 100,000","_state":"expanded"},{"name":"Reaktionsschnell","content":"Ja","_state":"expanded"},{"name":"Kompatible Browser","content":"Firefox, Safari, Opera, Chrome, Edge","_state":"expanded"}],"tags":[],"tags_disable_links":"","hide_more_platforms":"","video_object":"","demo_hide_cta":"","demo_hide_cloud_options":"","pricing_title":"","pricing":[{"pricing_icon":"platform","pricing_title":"Elfsight Apps","pricing_title_caption":"Digitale Multiplattform-L\u00f6sung","pricing_price":"ab 0 $ \/ Monat","pricing_price_caption":"Beginnen Sie mit einem kostenlosen Plan","pricing_button_text":"Zur Website hinzuf\u00fcgen","pricing_button_url":"#demo"}],"related_apps_title":"","related_apps_hidden":"","author":"","image":[],"title":"","job":"","social_networks":[]},"_links":{"self":[{"href":"https:\/\/elfsight.com\/de\/wp-json\/wp\/v2\/pages\/25183","targetHints":{"allow":["GET"]}}],"collection":[{"href":"https:\/\/elfsight.com\/de\/wp-json\/wp\/v2\/pages"}],"about":[{"href":"https:\/\/elfsight.com\/de\/wp-json\/wp\/v2\/types\/page"}],"author":[{"embeddable":true,"href":"https:\/\/elfsight.com\/de\/wp-json\/wp\/v2\/users\/9"}],"replies":[{"embeddable":true,"href":"https:\/\/elfsight.com\/de\/wp-json\/wp\/v2\/comments?post=25183"}],"version-history":[{"count":1,"href":"https:\/\/elfsight.com\/de\/wp-json\/wp\/v2\/pages\/25183\/revisions"}],"predecessor-version":[{"id":25187,"href":"https:\/\/elfsight.com\/de\/wp-json\/wp\/v2\/pages\/25183\/revisions\/25187"}],"up":[{"embeddable":true,"href":"https:\/\/elfsight.com\/de\/wp-json\/wp\/v2\/pages\/25123"}],"wp:attachment":[{"href":"https:\/\/elfsight.com\/de\/wp-json\/wp\/v2\/media?parent=25183"}],"curies":[{"name":"wp","href":"https:\/\/api.w.org\/{rel}","templated":true}]}}