{"id":25182,"date":"2025-05-21T07:59:31","date_gmt":"2025-05-21T07:59:31","guid":{"rendered":"https:\/\/elfsight.com\/de\/?page_id=25182"},"modified":"2025-07-08T09:37:01","modified_gmt":"2025-07-08T09:37:01","slug":"squarespace","status":"publish","type":"page","link":"https:\/\/elfsight.com\/de\/ada-compliance-widget\/squarespace\/","title":{"rendered":"ADA Compliance &#8211; Squarespace"},"content":{"rendered":"<div class=\"application-platform-content-item-description application-platform-content-item\" id=\"description\" data-nav-section=\"description\"> <h2>ADA-Compliance mit einem Elfsight-Plugin in Squarespace integrieren<\/h2> <p>Das ADA-Compliance-Plugin gew\u00e4hrleistet eine reibungslose Navigation und Benutzerfreundlichkeit f\u00fcr ein vielf\u00e4ltiges Publikum und h\u00e4lt sich dabei an anerkannte Barrierefreiheitsrichtlinien. Dank verschiedener integrierter unterst\u00fctzender Modi passt es Ihre Benutzeroberfl\u00e4che automatisch an Nutzer mit Seh-, Fokus- oder motorischen Einschr\u00e4nkungen an. Es funktioniert nahtlos, ohne dass benutzerdefinierter Code oder Design\u00e4nderungen erforderlich sind. Jeder Modus aktiviert sorgf\u00e4ltig ausgew\u00e4hlte Barrierefreiheitsverbesserungen, um die Benutzerfreundlichkeit der Inhalte zu optimieren und eine reibungslosere Interaktion zu erm\u00f6glichen.<\/p><p>Das Plugin enth\u00e4lt au\u00dferdem einen intelligenten Compliance-Checker, der Ihre Website auf Barrierefreiheitsprobleme pr\u00fcft und die Ergebnisse direkt in der Plugin-Oberfl\u00e4che anzeigt. Sie k\u00f6nnen einen vollst\u00e4ndigen Bericht herunterladen und Ihren Score pr\u00e4sentieren, um Glaubw\u00fcrdigkeit und Vertrauen aufzubauen. Dank der vollst\u00e4ndigen Lokalisierung bietet es Nutzern in verschiedenen Sprachen und Regionen ein integratives Erlebnis.<\/p><p><strong>Optimieren Sie Ihre Squarespace-Website mit unserer ADA-L\u00f6sung und zeigen Sie, dass Barrierefreiheit fester Bestandteil Ihrer Marke ist! <\/strong><\/p><\/div> <div class=\"application-platform-content-item-features application-platform-content-item\" id=\"features\" data-nav-section=\"features\"> <h2>Im Folgenden finden Sie die wichtigsten Funktionen des Plugins: <\/h2><ul><li><b>Vorgefertigte Modi f\u00fcr 8 Benutzerszenarien. <\/b> Personen mit unterschiedlichen Beeintr\u00e4chtigungen k\u00f6nnen einen idealen Barrierefreiheitsmodus f\u00fcr ein reibungsloses und benutzerfreundliches Surferlebnis ausw\u00e4hlen. <\/li><li><b>Optimieren Sie die Website-Einstellungen zur Anzeige von Inhalten. <\/b> Das Plugin enth\u00e4lt Anpassungsoptionen zur Verbesserung der Textklarheit, der Website-Navigation und des Farbkontrasts. <\/li><li><b>Integrierter Barrierefreiheits-Checker. <\/b> Analysieren Sie Ihre Website ganz einfach auf Schwachstellen und verbessern Sie die Barrierefreiheit. <\/li><li><b>Vertrauenssiegel mit Barrierefreiheitsbewertung. <\/b> Zeigen Sie die Ergebnisse des integrierten Audits an, um Ihr Engagement f\u00fcr die Einhaltung der Vorschriften zu belegen. <\/li><li><b>Pr\u00e4zise Lokalisierung <\/b> Das Plugin wurde f\u00fcr 76 L\u00e4nder \u00fcbersetzt und lokalisiert, um sowohl Konformit\u00e4t als auch internationale Verf\u00fcgbarkeit zu gew\u00e4hrleisten. <\/li><\/ul><p><a href=\"#demo\">Schauen Sie sich den Online-Editor an, um herauszufinden, was unser Plugin kann.<\/a><\/p><\/div> <div class=\"application-platform-content-item-installation application-platform-content-item\" id=\"installation\" data-nav-section=\"installation\"> <h2>Wie kann ich ADA Compliance in meine Squarespace-Website einbetten? <\/h2><p>So richten Sie das Plugin ganz einfach auf Ihrer Squarespace-Website ein. Es dauert nur wenige Minuten und erfordert keine Programmierung. <\/p> <ol><li><strong>Erstellen Sie Ihr pers\u00f6nliches ADA Compliance-Plugin.<\/strong><br> Beginnen Sie mit einer beliebigen Vorlage im Editor, arbeiten Sie mit den darin enthaltenen benutzerfreundlichen Elementen und passen Sie das Plugin an Ihren gew\u00fcnschten Stil und Ihre gew\u00fcnschten Einstellungen an. <\/li><li><strong>Holen Sie sich den pers\u00f6nlichen Code zum Einbetten des Plugins.<\/strong><br> Sobald Sie mit der Erstellung Ihres Plugins fertig sind, erhalten Sie einen individuellen HTML-Code in Ihrem Dashboard. Kopieren Sie diesen Code, der alle Informationen zu Ihren Einstellungen enth\u00e4lt. <\/li> <li><strong>Zeigen Sie das Plugin auf Ihrer Squarespace-Website an<\/strong><br> Definieren Sie die Bereiche Ihrer Website, in denen die ADA-Konformit\u00e4t angezeigt werden soll, und f\u00fcgen Sie den Code dort ein. Speichern Sie Ihre \u00c4nderungen. <\/li> <\/ol><p>Fertig! Pr\u00fcfen Sie nun, wie das Plugin auf Ihrer Website funktioniert. <\/p><p>Sollten Sie beim Einbetten des Plugins in Ihre Website auf Probleme sto\u00dfen, wenden Sie sich einfach an unser Hilfecenter. Wir unterst\u00fctzen Sie gerne beim Hinzuf\u00fcgen und Verwalten Ihrer Barrierefreiheitsl\u00f6sung. <\/p><\/div>","protected":false},"excerpt":{"rendered":"","protected":false},"author":9,"featured_media":0,"parent":25312,"menu_order":0,"comment_status":"closed","ping_status":"closed","template":"templates\/template-application-platform.php","meta":{"publish_to_discourse":"","publish_post_category":"","wpdc_auto_publish_overridden":"","wpdc_topic_tags":"","wpdc_pin_topic":"","wpdc_pin_until":"","discourse_post_id":"","discourse_permalink":"","wpdc_publishing_response":"","wpdc_publishing_error":"","footnotes":""},"class_list":["post-25182","page","type-page","status-publish","hentry"],"yoast_head":"<!-- This site is optimized with the Yoast SEO plugin v25.3.1 - https:\/\/yoast.com\/wordpress\/plugins\/seo\/ -->\n<title>Squarespace ADA Compliance-Plugin \u2013 Machen Sie Ihre Website barrierefrei [KOSTENLOS]<\/title>\n<meta name=\"description\" content=\"F\u00fcgen Sie Ihrer Squarespace-Website ein ADA-Compliance-Plugin ohne Code hinzu. Nutzen Sie den benutzerfreundlichen Editor von Elfsight, um ganz einfach Ihre individuelle L\u00f6sung zu erstellen.\" \/>\n<meta name=\"robots\" content=\"index, follow, max-snippet:-1, max-image-preview:large, max-video-preview:-1\" \/>\n<link rel=\"canonical\" href=\"https:\/\/elfsight.com\/de\/ada-compliance-widget\/squarespace\/\" \/>\n<meta property=\"og:locale\" content=\"de_DE\" \/>\n<meta property=\"og:type\" content=\"article\" \/>\n<meta property=\"og:title\" content=\"Squarespace ADA Compliance-Plugin \u2013 Machen Sie Ihre Website barrierefrei [KOSTENLOS]\" \/>\n<meta property=\"og:description\" content=\"F\u00fcgen Sie Ihrer Squarespace-Website ein ADA-Compliance-Plugin ohne Code hinzu. Nutzen Sie den benutzerfreundlichen Editor von Elfsight, um ganz einfach Ihre individuelle L\u00f6sung zu erstellen.\" \/>\n<meta property=\"og:url\" content=\"https:\/\/elfsight.com\/de\/ada-compliance-widget\/squarespace\/\" \/>\n<meta property=\"og:site_name\" content=\"Elfsight DE\" \/>\n<meta property=\"article:modified_time\" content=\"2025-07-08T09:37:01+00:00\" \/>\n<meta name=\"twitter:card\" content=\"summary_large_image\" \/>\n<meta name=\"twitter:label1\" content=\"Gesch\u00e4tzte Lesezeit\" \/>\n\t<meta name=\"twitter:data1\" content=\"3\u00a0Minuten\" \/>\n<!-- \/ Yoast SEO plugin. -->","yoast_head_json":{"title":"Squarespace ADA Compliance-Plugin \u2013 Machen Sie Ihre Website barrierefrei [KOSTENLOS]","description":"F\u00fcgen Sie Ihrer Squarespace-Website ein ADA-Compliance-Plugin ohne Code hinzu. Nutzen Sie den benutzerfreundlichen Editor von Elfsight, um ganz einfach Ihre individuelle L\u00f6sung zu erstellen.","robots":{"index":"index","follow":"follow","max-snippet":"max-snippet:-1","max-image-preview":"max-image-preview:large","max-video-preview":"max-video-preview:-1"},"canonical":"https:\/\/elfsight.com\/de\/ada-compliance-widget\/squarespace\/","og_locale":"de_DE","og_type":"article","og_title":"Squarespace ADA Compliance-Plugin \u2013 Machen Sie Ihre Website barrierefrei [KOSTENLOS]","og_description":"F\u00fcgen Sie Ihrer Squarespace-Website ein ADA-Compliance-Plugin ohne Code hinzu. Nutzen Sie den benutzerfreundlichen Editor von Elfsight, um ganz einfach Ihre individuelle L\u00f6sung zu erstellen.","og_url":"https:\/\/elfsight.com\/de\/ada-compliance-widget\/squarespace\/","og_site_name":"Elfsight DE","article_modified_time":"2025-07-08T09:37:01+00:00","twitter_card":"summary_large_image","twitter_misc":{"Gesch\u00e4tzte Lesezeit":"3\u00a0Minuten"},"schema":{"@context":"https:\/\/schema.org","@graph":[{"@type":"WebPage","@id":"https:\/\/elfsight.com\/de\/ada-compliance-widget\/squarespace\/","url":"https:\/\/elfsight.com\/de\/ada-compliance-widget\/squarespace\/","name":"Squarespace ADA Compliance-Plugin \u2013 Machen Sie Ihre Website barrierefrei [KOSTENLOS]","isPartOf":{"@id":"https:\/\/elfsight.com\/de\/#website"},"datePublished":"2025-05-21T07:59:31+00:00","dateModified":"2025-07-08T09:37:01+00:00","description":"F\u00fcgen Sie Ihrer Squarespace-Website ein ADA-Compliance-Plugin ohne Code hinzu. Nutzen Sie den benutzerfreundlichen Editor von Elfsight, um ganz einfach Ihre individuelle L\u00f6sung zu erstellen.","breadcrumb":{"@id":"https:\/\/elfsight.com\/de\/ada-compliance-widget\/squarespace\/#breadcrumb"},"inLanguage":"de","potentialAction":[{"@type":"ReadAction","target":["https:\/\/elfsight.com\/de\/ada-compliance-widget\/squarespace\/"]}]},{"@type":"BreadcrumbList","@id":"https:\/\/elfsight.com\/de\/ada-compliance-widget\/squarespace\/#breadcrumb","itemListElement":[{"@type":"ListItem","position":1,"name":"Home","item":"https:\/\/elfsight.com\/de\/"},{"@type":"ListItem","position":2,"name":"Ada Compliance","item":"https:\/\/elfsight.com\/de\/ada-compliance-widget\/"},{"@type":"ListItem","position":3,"name":"ADA Compliance &#8211; Squarespace"}]},{"@type":"WebSite","@id":"https:\/\/elfsight.com\/de\/#website","url":"https:\/\/elfsight.com\/de\/","name":"Elfsight DE","description":"Just another Elfsight Sites site","potentialAction":[{"@type":"SearchAction","target":{"@type":"EntryPoint","urlTemplate":"https:\/\/elfsight.com\/de\/?s={search_term_string}"},"query-input":{"@type":"PropertyValueSpecification","valueRequired":true,"valueName":"search_term_string"}}],"inLanguage":"de"}]}},"meta_box":{"industry":"","seo_heading":"","heading":"","description":"","cta_heading":"","cta_description":"","application":"25117","h1":"","h1_caption":"Machen Sie Ihre Squarespace-Website ADA-konform mit einem Plugin, das Ihre Inhalte f\u00fcr Benutzer aller F\u00e4higkeiten anpasst: Verbessern Sie die Inklusivit\u00e4t und zeigen Sie Ihr Engagement f\u00fcr Barrierefreiheit.","application_category":[],"applications_title":"","applications_request_title":"","applications_request_button_text":"","hero_text":"","hero_video":"","hero_video_schema_markup":"","selling_points_title":"","selling_points_caption":"","selling_points":[],"selling_points_cta_text":"","features_title":"","features":"","ed_cta_examples_text":"","ed_cta_examples_hidden":"","ed_cta_demo_text":"","ed_cta_demo_hidden":"","why_caption":"","why_editor_title":"","why_editor_text":"","why_team_title":"","why_team_text":"","why_service_title":"","why_service_text":"","template_catalog_visible":"","template_catalog_title":"","template_catalog_text":"","template_catalog_categories_visible":"","demo_title":"Erstellen Sie Ihr ADA-Compliance-Plugin","demo_caption":"Konfigurieren Sie Ihre ADA-Konformit\u00e4t und f\u00fcgen Sie sie kostenlos zu Ihrer Squarespace-Website hinzu!","default_faq_hidden":"","app_template_category":[],"platform":"","template_public_id":"","codecanyon_url":"","codecanyon_item_id":"","codecanyon_price":"","pricing_caption":"","pricing_elfsight_apps_hide_column":"","pricing_elfsight_apps_url":"","pricing_codecanyon_price_caption":"","integration_category":[],"integration_request_title":"","integration_request_cta":"","integration_platform":"","integrations":[],"platform_category":[],"video_schema_markup":"","price":"ab 0 $ \/ Monat","trial":"","benefits":[],"button_url":"#demo","button_target_blank":"0","button_nofollow":"","attributes":[{"name":"Installationen","content":"50,000 - 100,000","_state":"expanded"},{"name":"Reaktionsschnell","content":"Ja","_state":"expanded"},{"name":"Kompatible Browser","content":"Firefox, Safari, Opera, Chrome, Edge","_state":"expanded"}],"tags":[],"tags_disable_links":"","hide_more_platforms":"","video_object":"","demo_hide_cta":"","demo_hide_cloud_options":"","pricing_title":"","pricing":[{"pricing_icon":"platform","pricing_title":"Elfsight Apps","pricing_title_caption":"Plattform\u00fcbergreifende digitale L\u00f6sung, die auf jeder Website funktioniert","pricing_price":"ab 0 $ \/ Monat","pricing_price_caption":"Beginnen Sie mit einem kostenlosen Plan","pricing_button_text":"Zur Website hinzuf\u00fcgen","pricing_button_url":"#demo"}],"related_apps_title":"","related_apps_hidden":"","author":"","image":[],"title":"","job":"","social_networks":[]},"_links":{"self":[{"href":"https:\/\/elfsight.com\/de\/wp-json\/wp\/v2\/pages\/25182","targetHints":{"allow":["GET"]}}],"collection":[{"href":"https:\/\/elfsight.com\/de\/wp-json\/wp\/v2\/pages"}],"about":[{"href":"https:\/\/elfsight.com\/de\/wp-json\/wp\/v2\/types\/page"}],"author":[{"embeddable":true,"href":"https:\/\/elfsight.com\/de\/wp-json\/wp\/v2\/users\/9"}],"replies":[{"embeddable":true,"href":"https:\/\/elfsight.com\/de\/wp-json\/wp\/v2\/comments?post=25182"}],"version-history":[{"count":1,"href":"https:\/\/elfsight.com\/de\/wp-json\/wp\/v2\/pages\/25182\/revisions"}],"predecessor-version":[{"id":25186,"href":"https:\/\/elfsight.com\/de\/wp-json\/wp\/v2\/pages\/25182\/revisions\/25186"}],"up":[{"embeddable":true,"href":"https:\/\/elfsight.com\/de\/wp-json\/wp\/v2\/pages\/25312"}],"wp:attachment":[{"href":"https:\/\/elfsight.com\/de\/wp-json\/wp\/v2\/media?parent=25182"}],"curies":[{"name":"wp","href":"https:\/\/api.w.org\/{rel}","templated":true}]}}