{"id":25167,"date":"2025-05-21T08:54:03","date_gmt":"2025-05-21T08:54:03","guid":{"rendered":"https:\/\/elfsight.com\/de\/?page_id=25167"},"modified":"2025-07-08T09:36:23","modified_gmt":"2025-07-08T09:36:23","slug":"joomla","status":"publish","type":"page","link":"https:\/\/elfsight.com\/de\/ada-compliance-widget\/joomla\/","title":{"rendered":"ADA Compliance &#8211; Joomla"},"content":{"rendered":"<div class=\"application-platform-content-item-description application-platform-content-item\" id=\"description\" data-nav-section=\"description\"> <h2>ADA-Konformit\u00e4t mit einer Elfsight-Erweiterung in Joomla integrieren<\/h2> <p>Die ADA-Konformit\u00e4tserweiterung verbessert die Benutzerfreundlichkeit Ihrer Website und unterst\u00fctzt inklusives und barrierefreies Surfen durch die Einhaltung anerkannter Barrierefreiheitsrichtlinien. Ausgestattet mit einer Reihe integrierter unterst\u00fctzender Barrierefreiheitsmodi passt sie Ihre Benutzeroberfl\u00e4che automatisch an, um Nutzer mit Seh-, Fokus- oder motorischen Einschr\u00e4nkungen zu unterst\u00fctzen. Sie ben\u00f6tigen keine zus\u00e4tzliche Programmierung oder Neugestaltung. Jede Voreinstellung bietet eine durchdachte Kombination von Usability-Upgrades, um Ihre bestehenden Inhalte barrierefreier und die Interaktion komfortabler zu gestalten.<\/p><p>Die Erweiterung verf\u00fcgt au\u00dferdem \u00fcber ein automatisiertes Scan-Tool zur Aufdeckung von Barrierefreiheitsproblemen und zeigt die Pr\u00fcfergebnisse direkt im Erweiterungspanel an. Sie k\u00f6nnen einen umfassenden Barrierefreiheitsbericht exportieren und Ihren Konformit\u00e4ts-Score \u00f6ffentlich anzeigen, um Glaubw\u00fcrdigkeit und Vertrauen zu schaffen. Dank der vollst\u00e4ndigen Lokalisierung unterst\u00fctzt sie die inklusive Einbindung von Nutzern in unterschiedlichen sprachlichen und regionalen Umgebungen.<\/p><p><strong>Optimieren Sie Ihre Joomla-Website mit unserer ADA-L\u00f6sung und zeigen Sie, dass Barrierefreiheit fester Bestandteil Ihrer Marke ist! <\/strong><\/p><\/div> <div class=\"application-platform-content-item-features application-platform-content-item\" id=\"features\" data-nav-section=\"features\"> <h2>Sehen Sie sich die Liste der n\u00fctzlichsten Funktionen an: <\/h2><ul><li><b>Vorgefertigte Modi f\u00fcr 8 Benutzerszenarien. <\/b> Personen mit unterschiedlichen Beeintr\u00e4chtigungen k\u00f6nnen einen idealen Barrierefreiheitsmodus f\u00fcr ein reibungsloses und benutzerfreundliches Surferlebnis ausw\u00e4hlen. <\/li><li><b>Optimieren Sie die Website-Einstellungen zur Anzeige von Inhalten. <\/b> Die Erweiterung verf\u00fcgt \u00fcber Einstellungen zur Verbesserung der Textlesbarkeit, Navigation und Farben. <\/li><li><b>Integrierter Barrierefreiheits-Checker. <\/b> Bewerten Sie Ihre Website m\u00fchelos, um L\u00fccken zu identifizieren und sie f\u00fcr eine bessere Barrierefreiheit zu verbessern. <\/li><li><b>Vertrauenssiegel mit Barrierefreiheitsbewertung. <\/b> Pr\u00e4sentieren Sie Ihre Audit-Ergebnisse, um Ihr Engagement f\u00fcr die Einhaltung der Barrierefreiheit zu demonstrieren. <\/li><li><b>Pr\u00e4zise Lokalisierung <\/b> Die Erweiterung unterst\u00fctzt Lokalisierung und \u00dcbersetzung f\u00fcr 76 L\u00e4nder und erf\u00fcllt globale Compliance-Standards und Zug\u00e4nglichkeitsanforderungen. <\/li><\/ul><p><a href=\"#demo\">Sie k\u00f6nnen alle Einstellungen unserer Erweiterung direkt auf dieser Seite im Editor testen.<\/a><\/p><\/div> <div class=\"application-platform-content-item-installation application-platform-content-item\" id=\"installation\" data-nav-section=\"installation\"> <h2>Wie binde ich ADA-Compliance in meine Joomla-Website ein?<\/h2><p>Sehen Sie sich diese einfache M\u00f6glichkeit an, die Erweiterung auf Ihrer Joomla-Website einzurichten. Es dauert nur wenige Minuten und erfordert keine Programmierung. <\/p> <ol><li><strong>Erstellen Sie Ihre pers\u00f6nliche ADA-Compliance-Erweiterung<\/strong><br> Beginnen Sie mit einer beliebigen Vorlage im Editor, arbeiten Sie mit den darin enthaltenen praktischen Elementen und passen Sie die Erweiterung an Ihren gew\u00fcnschten Stil und Ihre gew\u00fcnschten Optionen an. <\/li><li><strong>Erhalten Sie den pers\u00f6nlichen Code zum Einbetten der Erweiterung<\/strong><br> Sobald Sie die Erweiterung erstellt haben, erhalten Sie einen individuellen HTML-Code in Ihrem Dashboard. Kopieren Sie diesen Code, der alle Informationen zu Ihren Einstellungen enth\u00e4lt. <\/li> <li><strong>Zeigen Sie die Erweiterung auf Ihrer Joomla-Website an<\/strong><br> W\u00e4hlen Sie die Bereiche Ihrer Website aus, in denen die ADA-Konformit\u00e4t angezeigt werden soll, und f\u00fcgen Sie den Code dort ein. Speichern Sie Ihre \u00c4nderungen. <\/li> <\/ol><p>Das war&#8217;s! Pr\u00fcfen Sie nun, wie die Erweiterung auf Ihrer Website funktioniert. <\/p><p>Sollten beim Einbetten der Erweiterung in eine Website Probleme auftreten, wenden Sie sich bitte an unsere Support-Mitarbeiter. Wir erkl\u00e4ren Ihnen gerne, wie Sie Ihre Barrierefreiheitsl\u00f6sung hinzuf\u00fcgen und anpassen k\u00f6nnen. <\/p><\/div>","protected":false},"excerpt":{"rendered":"","protected":false},"author":9,"featured_media":0,"parent":25312,"menu_order":0,"comment_status":"closed","ping_status":"closed","template":"templates\/template-application-platform.php","meta":{"publish_to_discourse":"","publish_post_category":"","wpdc_auto_publish_overridden":"","wpdc_topic_tags":"","wpdc_pin_topic":"","wpdc_pin_until":"","discourse_post_id":"","discourse_permalink":"","wpdc_publishing_response":"","wpdc_publishing_error":"","footnotes":""},"class_list":["post-25167","page","type-page","status-publish","hentry"],"yoast_head":"<!-- This site is optimized with the Yoast SEO plugin v25.3.1 - https:\/\/yoast.com\/wordpress\/plugins\/seo\/ -->\n<title>Joomla ADA Compliance-Erweiterung \u2013 Machen Sie Ihre Website barrierefrei [KOSTENLOS]<\/title>\n<meta name=\"description\" content=\"F\u00fcgen Sie Ihrer Joomla-Website eine ADA-Compliance-Erweiterung ohne Code hinzu. Nutzen Sie den Schnelleditor von Elfsight, um m\u00fchelos Ihre individuelle L\u00f6sung zu erstellen.\" \/>\n<meta name=\"robots\" content=\"index, follow, max-snippet:-1, max-image-preview:large, max-video-preview:-1\" \/>\n<link rel=\"canonical\" href=\"https:\/\/elfsight.com\/de\/ada-compliance-widget\/joomla\/\" \/>\n<meta property=\"og:locale\" content=\"de_DE\" \/>\n<meta property=\"og:type\" content=\"article\" \/>\n<meta property=\"og:title\" content=\"Joomla ADA Compliance-Erweiterung \u2013 Machen Sie Ihre Website barrierefrei [KOSTENLOS]\" \/>\n<meta property=\"og:description\" content=\"F\u00fcgen Sie Ihrer Joomla-Website eine ADA-Compliance-Erweiterung ohne Code hinzu. Nutzen Sie den Schnelleditor von Elfsight, um m\u00fchelos Ihre individuelle L\u00f6sung zu erstellen.\" \/>\n<meta property=\"og:url\" content=\"https:\/\/elfsight.com\/de\/ada-compliance-widget\/joomla\/\" \/>\n<meta property=\"og:site_name\" content=\"Elfsight DE\" \/>\n<meta property=\"article:modified_time\" content=\"2025-07-08T09:36:23+00:00\" \/>\n<meta name=\"twitter:card\" content=\"summary_large_image\" \/>\n<meta name=\"twitter:label1\" content=\"Gesch\u00e4tzte Lesezeit\" \/>\n\t<meta name=\"twitter:data1\" content=\"2\u00a0Minuten\" \/>\n<!-- \/ Yoast SEO plugin. -->","yoast_head_json":{"title":"Joomla ADA Compliance-Erweiterung \u2013 Machen Sie Ihre Website barrierefrei [KOSTENLOS]","description":"F\u00fcgen Sie Ihrer Joomla-Website eine ADA-Compliance-Erweiterung ohne Code hinzu. Nutzen Sie den Schnelleditor von Elfsight, um m\u00fchelos Ihre individuelle L\u00f6sung zu erstellen.","robots":{"index":"index","follow":"follow","max-snippet":"max-snippet:-1","max-image-preview":"max-image-preview:large","max-video-preview":"max-video-preview:-1"},"canonical":"https:\/\/elfsight.com\/de\/ada-compliance-widget\/joomla\/","og_locale":"de_DE","og_type":"article","og_title":"Joomla ADA Compliance-Erweiterung \u2013 Machen Sie Ihre Website barrierefrei [KOSTENLOS]","og_description":"F\u00fcgen Sie Ihrer Joomla-Website eine ADA-Compliance-Erweiterung ohne Code hinzu. Nutzen Sie den Schnelleditor von Elfsight, um m\u00fchelos Ihre individuelle L\u00f6sung zu erstellen.","og_url":"https:\/\/elfsight.com\/de\/ada-compliance-widget\/joomla\/","og_site_name":"Elfsight DE","article_modified_time":"2025-07-08T09:36:23+00:00","twitter_card":"summary_large_image","twitter_misc":{"Gesch\u00e4tzte Lesezeit":"2\u00a0Minuten"},"schema":{"@context":"https:\/\/schema.org","@graph":[{"@type":"WebPage","@id":"https:\/\/elfsight.com\/de\/ada-compliance-widget\/joomla\/","url":"https:\/\/elfsight.com\/de\/ada-compliance-widget\/joomla\/","name":"Joomla ADA Compliance-Erweiterung \u2013 Machen Sie Ihre Website barrierefrei [KOSTENLOS]","isPartOf":{"@id":"https:\/\/elfsight.com\/de\/#website"},"datePublished":"2025-05-21T08:54:03+00:00","dateModified":"2025-07-08T09:36:23+00:00","description":"F\u00fcgen Sie Ihrer Joomla-Website eine ADA-Compliance-Erweiterung ohne Code hinzu. Nutzen Sie den Schnelleditor von Elfsight, um m\u00fchelos Ihre individuelle L\u00f6sung zu erstellen.","breadcrumb":{"@id":"https:\/\/elfsight.com\/de\/ada-compliance-widget\/joomla\/#breadcrumb"},"inLanguage":"de","potentialAction":[{"@type":"ReadAction","target":["https:\/\/elfsight.com\/de\/ada-compliance-widget\/joomla\/"]}]},{"@type":"BreadcrumbList","@id":"https:\/\/elfsight.com\/de\/ada-compliance-widget\/joomla\/#breadcrumb","itemListElement":[{"@type":"ListItem","position":1,"name":"Home","item":"https:\/\/elfsight.com\/de\/"},{"@type":"ListItem","position":2,"name":"Ada Compliance","item":"https:\/\/elfsight.com\/de\/ada-compliance-widget\/"},{"@type":"ListItem","position":3,"name":"ADA Compliance &#8211; Joomla"}]},{"@type":"WebSite","@id":"https:\/\/elfsight.com\/de\/#website","url":"https:\/\/elfsight.com\/de\/","name":"Elfsight DE","description":"Just another Elfsight Sites site","potentialAction":[{"@type":"SearchAction","target":{"@type":"EntryPoint","urlTemplate":"https:\/\/elfsight.com\/de\/?s={search_term_string}"},"query-input":{"@type":"PropertyValueSpecification","valueRequired":true,"valueName":"search_term_string"}}],"inLanguage":"de"}]}},"meta_box":{"industry":"","seo_heading":"","heading":"","description":"","cta_heading":"","cta_description":"","application":"25117","h1":"","h1_caption":"Machen Sie Ihre Joomla-Website ADA-konform mit einer Erweiterung, die Ihre Inhalte f\u00fcr Benutzer aller F\u00e4higkeiten anpasst: St\u00e4rken Sie die Inklusivit\u00e4t und heben Sie gleichzeitig Ihre Bem\u00fchungen um Barrierefreiheit hervor.","application_category":[],"applications_title":"","applications_request_title":"","applications_request_button_text":"","hero_text":"","hero_video":"","hero_video_schema_markup":"","selling_points_title":"","selling_points_caption":"","selling_points":[],"selling_points_cta_text":"","features_title":"","features":"","ed_cta_examples_text":"","ed_cta_examples_hidden":"","ed_cta_demo_text":"","ed_cta_demo_hidden":"","why_caption":"","why_editor_title":"","why_editor_text":"","why_team_title":"","why_team_text":"","why_service_title":"","why_service_text":"","template_catalog_visible":"","template_catalog_title":"","template_catalog_text":"","template_catalog_categories_visible":"","demo_title":"Erstellen Sie Ihre ADA-Compliance-Erweiterung","demo_caption":"Konfigurieren Sie Ihre ADA-Konformit\u00e4t und f\u00fcgen Sie sie kostenlos zu Ihrer Joomla-Website hinzu!","default_faq_hidden":"","app_template_category":[],"platform":"","template_public_id":"","codecanyon_url":"","codecanyon_item_id":"","codecanyon_price":"","pricing_caption":"","pricing_elfsight_apps_hide_column":"","pricing_elfsight_apps_url":"","pricing_codecanyon_price_caption":"","integration_category":[],"integration_request_title":"","integration_request_cta":"","integration_platform":"","integrations":[],"platform_category":[],"video_schema_markup":"","price":"ab 0 $ \/ Monat","trial":"","benefits":[],"button_url":"#demo","button_target_blank":"0","button_nofollow":"","attributes":[{"name":"Installationen","content":"50,000 - 100,000","_state":"expanded"},{"name":"Reaktionsschnell","content":"Ja","_state":"expanded"},{"name":"Kompatible Browser","content":"Firefox, Safari, Opera, Chrome, Edge","_state":"expanded"}],"tags":[],"tags_disable_links":"","hide_more_platforms":"","video_object":"","demo_hide_cta":"","demo_hide_cloud_options":"","pricing_title":"","pricing":[{"pricing_icon":"platform","pricing_title":"Elfsight Apps","pricing_title_caption":"Plattform\u00fcbergreifende digitale L\u00f6sung, die auf jeder Site funktioniert","pricing_price":"ab 0 $ \/ Monat","pricing_price_caption":"Beginnen Sie mit einem kostenlosen Plan","pricing_button_text":"Zur Website hinzuf\u00fcgen","pricing_button_url":"#demo"}],"related_apps_title":"","related_apps_hidden":"","author":"","image":[],"title":"","job":"","social_networks":[]},"_links":{"self":[{"href":"https:\/\/elfsight.com\/de\/wp-json\/wp\/v2\/pages\/25167","targetHints":{"allow":["GET"]}}],"collection":[{"href":"https:\/\/elfsight.com\/de\/wp-json\/wp\/v2\/pages"}],"about":[{"href":"https:\/\/elfsight.com\/de\/wp-json\/wp\/v2\/types\/page"}],"author":[{"embeddable":true,"href":"https:\/\/elfsight.com\/de\/wp-json\/wp\/v2\/users\/9"}],"replies":[{"embeddable":true,"href":"https:\/\/elfsight.com\/de\/wp-json\/wp\/v2\/comments?post=25167"}],"version-history":[{"count":1,"href":"https:\/\/elfsight.com\/de\/wp-json\/wp\/v2\/pages\/25167\/revisions"}],"predecessor-version":[{"id":25171,"href":"https:\/\/elfsight.com\/de\/wp-json\/wp\/v2\/pages\/25167\/revisions\/25171"}],"up":[{"embeddable":true,"href":"https:\/\/elfsight.com\/de\/wp-json\/wp\/v2\/pages\/25312"}],"wp:attachment":[{"href":"https:\/\/elfsight.com\/de\/wp-json\/wp\/v2\/media?parent=25167"}],"curies":[{"name":"wp","href":"https:\/\/api.w.org\/{rel}","templated":true}]}}