{"id":25151,"date":"2025-05-21T09:44:23","date_gmt":"2025-05-21T09:44:23","guid":{"rendered":"https:\/\/elfsight.com\/de\/?page_id=25151"},"modified":"2025-07-08T09:35:37","modified_gmt":"2025-07-08T09:35:37","slug":"blogger","status":"publish","type":"page","link":"https:\/\/elfsight.com\/de\/ada-compliance-widget\/blogger\/","title":{"rendered":"ADA Compliance &#8211; Blogger"},"content":{"rendered":"<div class=\"application-platform-content-item-description application-platform-content-item\" id=\"description\" data-nav-section=\"description\"> <h2>ADA-Konformit\u00e4t mit einem Elfsight-Widget in Blogger integrieren<\/h2> <p>Das ADA-Konformit\u00e4ts-Widget gew\u00e4hrleistet eine benutzerfreundliche Erfahrung f\u00fcr Besucher aller F\u00e4higkeiten, indem es den wichtigsten Standards und Best Practices f\u00fcr Barrierefreiheit im Internet entspricht. Ausgestattet mit einer Reihe integrierter unterst\u00fctzender Barrierefreiheitsmodi passt es Layout und Inhalte automatisch an Nutzer mit Seh-, Fokus- oder motorischen Einschr\u00e4nkungen an. Sie ben\u00f6tigen keine zus\u00e4tzliche Programmierung oder Neugestaltung. Jede Voreinstellung bietet eine durchdachte Kombination von Usability-Upgrades, um die Barrierefreiheit von Inhalten zu verbessern und die Nutzerinteraktion zu optimieren.<\/p><p>Das Widget verf\u00fcgt au\u00dferdem \u00fcber ein automatisiertes Scan-Tool, um Barrierefreiheitsprobleme aufzudecken und die Ergebnisse direkt in der Widget-Oberfl\u00e4che anzuzeigen. Sie k\u00f6nnen einen umfassenden Barrierefreiheitsbericht exportieren und Ihren Konformit\u00e4tswert \u00f6ffentlich anzeigen, um Glaubw\u00fcrdigkeit und Vertrauen zu schaffen. Die vollst\u00e4ndige Lokalisierung gew\u00e4hrleistet Barrierefreiheit und Benutzerfreundlichkeit in mehreren Sprachen und Regionen.<\/p><p><strong>F\u00fcgen Sie das ADA-Widget zu Ihrer Blogger-Website hinzu und zeigen Sie Ihr Engagement f\u00fcr inklusive Webstandards! <\/strong><\/p><\/div> <div class=\"application-platform-content-item-features application-platform-content-item\" id=\"features\" data-nav-section=\"features\"> <h2>Wir bieten wertvolle und unkomplizierte Funktionen, hier sind einige davon: <\/h2><ul><li><b>Vorgefertigte Modi f\u00fcr 8 Benutzerszenarien. <\/b> Benutzer mit unterschiedlichen Behinderungen finden eine perfekte Voreinstellung, um einfach und sicher auf Ihrer Website zu navigieren. <\/li><li><b>Optimieren Sie die Website-Einstellungen zur Anzeige von Inhalten. <\/b> Das Widget enth\u00e4lt Anpassungsoptionen zur Verbesserung der Textklarheit, der Site-Navigation und des Farbkontrasts. <\/li><li><b>Integrierter Barrierefreiheits-Checker. <\/b> Scannen Sie Ihre Site schnell auf Konformit\u00e4tsprobleme und verbessern Sie die Barrierefreiheit. <\/li><li><b>Vertrauenssiegel mit Barrierefreiheitsbewertung. <\/b> Pr\u00e4sentieren Sie Ihre Audit-Ergebnisse, um Ihr Engagement f\u00fcr die Einhaltung der Barrierefreiheit zu demonstrieren. <\/li><li><b>Pr\u00e4zise Lokalisierung <\/b> Das Widget unterst\u00fctzt Lokalisierung und \u00dcbersetzung f\u00fcr 76 L\u00e4nder und erf\u00fcllt globale Compliance-Standards und Zug\u00e4nglichkeitsanforderungen. <\/li><\/ul><p><a href=\"#demo\">Probieren Sie den intuitiven Editor aus, um zu sehen, was das Widget kann.<\/a><\/p><\/div> <div class=\"application-platform-content-item-installation application-platform-content-item\" id=\"installation\" data-nav-section=\"installation\"> <h2>Wie binde ich ADA-Compliance in meine Blogger-Website ein? <\/h2><p>Hier ist eine einfache Anleitung zum Einrichten des Widgets auf Ihrer Blogger-Website. Es dauert nur ein paar Minuten und erfordert keine Codierung. <\/p> <ol><li><strong>Erstellen Sie Ihr pers\u00f6nliches ADA-Compliance-Widget.<\/strong><br> Beginnen Sie mit einer beliebigen Vorlage im Editor, arbeiten Sie mit den darin enthaltenen benutzerfreundlichen Elementen und passen Sie das Widget an Ihr bevorzugtes Design und Ihre bevorzugten Optionen an. <\/li><li><strong>Besorgen Sie sich den pers\u00f6nlichen Code zum Einbetten des Widgets.<\/strong><br> Sobald Sie das Widget erstellt haben, erhalten Sie einen individuellen HTML-Code in Ihrem Dashboard. Kopieren Sie den Code, der alle Informationen zu Ihren Anpassungen enth\u00e4lt. <\/li> <li><strong>Zeigen Sie das Widget auf Ihrer Blogger-Website an<\/strong><br> W\u00e4hlen Sie die Bereiche Ihrer Website aus, in denen die ADA-Konformit\u00e4t angezeigt werden soll, und f\u00fcgen Sie den Code dort ein. Speichern Sie Ihre \u00c4nderungen. <\/li> <\/ol><p>Das war&#8217;s! Sehen Sie sich nun die Leistung des Widgets auf Ihrer Website an. <\/p><p>Sollten beim Einbetten des Widgets in eine Website Probleme auftreten, wenden Sie sich einfach an unseren Kundensupport. Wir helfen Ihnen gerne beim Hinzuf\u00fcgen und Verwalten Ihrer Barrierefreiheitsl\u00f6sung. <\/p><\/div>","protected":false},"excerpt":{"rendered":"","protected":false},"author":9,"featured_media":0,"parent":25312,"menu_order":0,"comment_status":"closed","ping_status":"closed","template":"templates\/template-application-platform.php","meta":{"publish_to_discourse":"","publish_post_category":"","wpdc_auto_publish_overridden":"","wpdc_topic_tags":"","wpdc_pin_topic":"","wpdc_pin_until":"","discourse_post_id":"","discourse_permalink":"","wpdc_publishing_response":"","wpdc_publishing_error":"","footnotes":""},"class_list":["post-25151","page","type-page","status-publish","hentry"],"yoast_head":"<!-- This site is optimized with the Yoast SEO plugin v25.3.1 - https:\/\/yoast.com\/wordpress\/plugins\/seo\/ -->\n<title>Blogger ADA Compliance-Widget \u2013 Machen Sie Ihre Website barrierefrei [KOSTENLOS]<\/title>\n<meta name=\"description\" content=\"F\u00fcgen Sie Ihrer Blogger-Website ein codefreies ADA-Compliance-Widget hinzu. Nutzen Sie den Schnelleditor von Elfsight, um ganz einfach Ihre pers\u00f6nliche L\u00f6sung zu erstellen.\" \/>\n<meta name=\"robots\" content=\"index, follow, max-snippet:-1, max-image-preview:large, max-video-preview:-1\" \/>\n<link rel=\"canonical\" href=\"https:\/\/elfsight.com\/de\/ada-compliance-widget\/blogger\/\" \/>\n<meta property=\"og:locale\" content=\"de_DE\" \/>\n<meta property=\"og:type\" content=\"article\" \/>\n<meta property=\"og:title\" content=\"Blogger ADA Compliance-Widget \u2013 Machen Sie Ihre Website barrierefrei [KOSTENLOS]\" \/>\n<meta property=\"og:description\" content=\"F\u00fcgen Sie Ihrer Blogger-Website ein codefreies ADA-Compliance-Widget hinzu. Nutzen Sie den Schnelleditor von Elfsight, um ganz einfach Ihre pers\u00f6nliche L\u00f6sung zu erstellen.\" \/>\n<meta property=\"og:url\" content=\"https:\/\/elfsight.com\/de\/ada-compliance-widget\/blogger\/\" \/>\n<meta property=\"og:site_name\" content=\"Elfsight DE\" \/>\n<meta property=\"article:modified_time\" content=\"2025-07-08T09:35:37+00:00\" \/>\n<meta name=\"twitter:card\" content=\"summary_large_image\" \/>\n<meta name=\"twitter:label1\" content=\"Gesch\u00e4tzte Lesezeit\" \/>\n\t<meta name=\"twitter:data1\" content=\"2\u00a0Minuten\" \/>\n<!-- \/ Yoast SEO plugin. -->","yoast_head_json":{"title":"Blogger ADA Compliance-Widget \u2013 Machen Sie Ihre Website barrierefrei [KOSTENLOS]","description":"F\u00fcgen Sie Ihrer Blogger-Website ein codefreies ADA-Compliance-Widget hinzu. Nutzen Sie den Schnelleditor von Elfsight, um ganz einfach Ihre pers\u00f6nliche L\u00f6sung zu erstellen.","robots":{"index":"index","follow":"follow","max-snippet":"max-snippet:-1","max-image-preview":"max-image-preview:large","max-video-preview":"max-video-preview:-1"},"canonical":"https:\/\/elfsight.com\/de\/ada-compliance-widget\/blogger\/","og_locale":"de_DE","og_type":"article","og_title":"Blogger ADA Compliance-Widget \u2013 Machen Sie Ihre Website barrierefrei [KOSTENLOS]","og_description":"F\u00fcgen Sie Ihrer Blogger-Website ein codefreies ADA-Compliance-Widget hinzu. Nutzen Sie den Schnelleditor von Elfsight, um ganz einfach Ihre pers\u00f6nliche L\u00f6sung zu erstellen.","og_url":"https:\/\/elfsight.com\/de\/ada-compliance-widget\/blogger\/","og_site_name":"Elfsight DE","article_modified_time":"2025-07-08T09:35:37+00:00","twitter_card":"summary_large_image","twitter_misc":{"Gesch\u00e4tzte Lesezeit":"2\u00a0Minuten"},"schema":{"@context":"https:\/\/schema.org","@graph":[{"@type":"WebPage","@id":"https:\/\/elfsight.com\/de\/ada-compliance-widget\/blogger\/","url":"https:\/\/elfsight.com\/de\/ada-compliance-widget\/blogger\/","name":"Blogger ADA Compliance-Widget \u2013 Machen Sie Ihre Website barrierefrei [KOSTENLOS]","isPartOf":{"@id":"https:\/\/elfsight.com\/de\/#website"},"datePublished":"2025-05-21T09:44:23+00:00","dateModified":"2025-07-08T09:35:37+00:00","description":"F\u00fcgen Sie Ihrer Blogger-Website ein codefreies ADA-Compliance-Widget hinzu. Nutzen Sie den Schnelleditor von Elfsight, um ganz einfach Ihre pers\u00f6nliche L\u00f6sung zu erstellen.","breadcrumb":{"@id":"https:\/\/elfsight.com\/de\/ada-compliance-widget\/blogger\/#breadcrumb"},"inLanguage":"de","potentialAction":[{"@type":"ReadAction","target":["https:\/\/elfsight.com\/de\/ada-compliance-widget\/blogger\/"]}]},{"@type":"BreadcrumbList","@id":"https:\/\/elfsight.com\/de\/ada-compliance-widget\/blogger\/#breadcrumb","itemListElement":[{"@type":"ListItem","position":1,"name":"Home","item":"https:\/\/elfsight.com\/de\/"},{"@type":"ListItem","position":2,"name":"Ada Compliance","item":"https:\/\/elfsight.com\/de\/ada-compliance-widget\/"},{"@type":"ListItem","position":3,"name":"ADA Compliance &#8211; Blogger"}]},{"@type":"WebSite","@id":"https:\/\/elfsight.com\/de\/#website","url":"https:\/\/elfsight.com\/de\/","name":"Elfsight DE","description":"Just another Elfsight Sites site","potentialAction":[{"@type":"SearchAction","target":{"@type":"EntryPoint","urlTemplate":"https:\/\/elfsight.com\/de\/?s={search_term_string}"},"query-input":{"@type":"PropertyValueSpecification","valueRequired":true,"valueName":"search_term_string"}}],"inLanguage":"de"}]}},"meta_box":{"industry":"","seo_heading":"","heading":"","description":"","cta_heading":"","cta_description":"","application":"25117","h1":"","h1_caption":"Machen Sie Ihre Blogger-Website ADA-konform mit einem Widget, das Ihre Inhalte an die unterschiedlichen Benutzeranforderungen anpasst: St\u00e4rken Sie die Inklusivit\u00e4t und heben Sie gleichzeitig Ihre Bem\u00fchungen um Barrierefreiheit hervor.","application_category":[],"applications_title":"","applications_request_title":"","applications_request_button_text":"","hero_text":"","hero_video":"","hero_video_schema_markup":"","selling_points_title":"","selling_points_caption":"","selling_points":[],"selling_points_cta_text":"","features_title":"","features":"","ed_cta_examples_text":"","ed_cta_examples_hidden":"","ed_cta_demo_text":"","ed_cta_demo_hidden":"","why_caption":"","why_editor_title":"","why_editor_text":"","why_team_title":"","why_team_text":"","why_service_title":"","why_service_text":"","template_catalog_visible":"","template_catalog_title":"","template_catalog_text":"","template_catalog_categories_visible":"","demo_title":"Erstellen Sie Ihr ADA-Compliance-Widget","demo_caption":"Konfigurieren Sie Ihre ADA-Konformit\u00e4t und f\u00fcgen Sie sie kostenlos zu Ihrer Blogger-Website hinzu!","default_faq_hidden":"","app_template_category":[],"platform":"","template_public_id":"","codecanyon_url":"","codecanyon_item_id":"","codecanyon_price":"","pricing_caption":"","pricing_elfsight_apps_hide_column":"","pricing_elfsight_apps_url":"","pricing_codecanyon_price_caption":"","integration_category":[],"integration_request_title":"","integration_request_cta":"","integration_platform":"","integrations":[],"platform_category":[],"video_schema_markup":"","price":"ab 0 $ \/ Monat","trial":"","benefits":[],"button_url":"#demo","button_target_blank":"0","button_nofollow":"","attributes":[{"name":"Installationen","content":"50,000 - 100,000","_state":"expanded"},{"name":"Reaktionsschnell","content":"Ja","_state":"expanded"},{"name":"Kompatible Browser","content":"Firefox, Safari, Opera, Chrome, Edge","_state":"expanded"}],"tags":[],"tags_disable_links":"","hide_more_platforms":"","video_object":"","demo_hide_cta":"","demo_hide_cloud_options":"","pricing_title":"","pricing":[{"pricing_icon":"platform","pricing_title":"Elfsight Apps","pricing_title_caption":"Plattform\u00fcbergreifende Version","pricing_price":"ab 0 $ \/ Monat","pricing_price_caption":"Beginnen Sie mit einem kostenlosen Plan","pricing_button_text":"Zur Website hinzuf\u00fcgen","pricing_button_url":"#demo"}],"related_apps_title":"","related_apps_hidden":"","author":"","image":[],"title":"","job":"","social_networks":[]},"_links":{"self":[{"href":"https:\/\/elfsight.com\/de\/wp-json\/wp\/v2\/pages\/25151","targetHints":{"allow":["GET"]}}],"collection":[{"href":"https:\/\/elfsight.com\/de\/wp-json\/wp\/v2\/pages"}],"about":[{"href":"https:\/\/elfsight.com\/de\/wp-json\/wp\/v2\/types\/page"}],"author":[{"embeddable":true,"href":"https:\/\/elfsight.com\/de\/wp-json\/wp\/v2\/users\/9"}],"replies":[{"embeddable":true,"href":"https:\/\/elfsight.com\/de\/wp-json\/wp\/v2\/comments?post=25151"}],"version-history":[{"count":1,"href":"https:\/\/elfsight.com\/de\/wp-json\/wp\/v2\/pages\/25151\/revisions"}],"predecessor-version":[{"id":25155,"href":"https:\/\/elfsight.com\/de\/wp-json\/wp\/v2\/pages\/25151\/revisions\/25155"}],"up":[{"embeddable":true,"href":"https:\/\/elfsight.com\/de\/wp-json\/wp\/v2\/pages\/25312"}],"wp:attachment":[{"href":"https:\/\/elfsight.com\/de\/wp-json\/wp\/v2\/media?parent=25151"}],"curies":[{"name":"wp","href":"https:\/\/api.w.org\/{rel}","templated":true}]}}