{"id":25145,"date":"2025-05-21T10:10:18","date_gmt":"2025-05-21T10:10:18","guid":{"rendered":"https:\/\/elfsight.com\/de\/?page_id=25145"},"modified":"2025-07-08T09:37:12","modified_gmt":"2025-07-08T09:37:12","slug":"webnode","status":"publish","type":"page","link":"https:\/\/elfsight.com\/de\/ada-compliance-widget\/webnode\/","title":{"rendered":"ADA Compliance &#8211; Webnode"},"content":{"rendered":"<div class=\"application-platform-content-item-description application-platform-content-item\" id=\"description\" data-nav-section=\"description\"> <h2>ADA-Konformit\u00e4t mit einem Elfsight-Widget in Webnode integrieren<\/h2> <p>Das ADA-Konformit\u00e4ts-Widget gew\u00e4hrleistet eine benutzerfreundliche Erfahrung f\u00fcr Besucher aller F\u00e4higkeiten und entspricht den wichtigsten Barrierefreiheitsstandards. Dank verschiedener integrierter Modi f\u00fcr die Barrierefreiheit passt es Ihre Benutzeroberfl\u00e4che automatisch an Nutzer mit Seh-, Fokus- oder motorischen Einschr\u00e4nkungen an. Programmier- oder Struktur\u00e4nderungen sind nicht erforderlich. Jeder Modus aktiviert sorgf\u00e4ltig ausgew\u00e4hlte Barrierefreiheitsverbesserungen, um die Zug\u00e4nglichkeit der Inhalte zu verbessern und die Nutzerinteraktion zu optimieren.<\/p><p>Das Widget verf\u00fcgt au\u00dferdem \u00fcber einen intelligenten Compliance-Scanner, der Barrierefreiheitsl\u00fccken auf Ihrer Website identifiziert und die Ergebnisse direkt in der Widget-Oberfl\u00e4che anzeigt. Sie k\u00f6nnen detaillierte Pr\u00fcfergebnisse herunterladen und Ihre Barrierefreiheitsbewertung hervorheben, um Glaubw\u00fcrdigkeit und Vertrauen zu st\u00e4rken. Die vollst\u00e4ndige Lokalisierung unterst\u00fctzt die inklusive Einbindung von Nutzern in unterschiedlichen sprachlichen und regionalen Umgebungen.<\/p><p><strong>F\u00fcgen Sie das ADA-Widget zu Ihrer Webnode-Website hinzu und zeigen Sie Ihr Engagement f\u00fcr inklusive Webstandards! <\/strong><\/p><\/div> <div class=\"application-platform-content-item-features application-platform-content-item\" id=\"features\" data-nav-section=\"features\"> <h2>Im Folgenden finden Sie die wichtigsten Funktionen des Widgets: <\/h2><ul><li><b>Vorgefertigte Modi f\u00fcr 8 Benutzerszenarien. <\/b> Benutzer mit unterschiedlichen Behinderungen finden die perfekte Voreinstellung f\u00fcr ein reibungsloses und benutzerfreundliches Surferlebnis. <\/li><li><b>Optimieren Sie die Website-Einstellungen zur Anzeige von Inhalten. <\/b> Das Widget verf\u00fcgt \u00fcber Einstellungen zur Verbesserung der Textlesbarkeit, Navigation und Farben. <\/li><li><b>Integrierter Barrierefreiheits-Checker. <\/b> Scannen Sie Ihre Website schnell auf Compliance-Probleme und verbessern Sie die Barrierefreiheit. <\/li><li><b>Vertrauenssiegel mit Barrierefreiheitsbewertung. <\/b> Ver\u00f6ffentlichen Sie Audit-Ergebnisse im Widget, um Ihr kontinuierliches Engagement f\u00fcr Standards zu best\u00e4tigen. <\/li><li><b>Pr\u00e4zise Lokalisierung. <\/b> Das Widget unterst\u00fctzt Lokalisierung und \u00dcbersetzung f\u00fcr 76 L\u00e4nder und erf\u00fcllt globale Compliance-Standards und Barrierefreiheitsanforderungen. <\/li><\/ul><p><a href=\"#demo\">Alle Einstellungen des Widgets k\u00f6nnen Sie direkt auf dieser Seite im Editor \u00fcberpr\u00fcfen.<\/a><\/p><\/div> <div class=\"application-platform-content-item-installation application-platform-content-item\" id=\"installation\" data-nav-section=\"installation\"> <h2>Wie binde ich ADA Compliance in meine Webnode-Website ein?<\/h2><p>Hier ist eine einfache Anleitung, wie Sie das Widget auf Ihrer Webnode-Website integrieren. Es dauert nur wenige Minuten und erfordert keine Programmierung.<\/p> <ol><li><strong>Erstellen Sie Ihr individuelles ADA Compliance-Widget.<\/strong><br> Beginnen Sie mit einer beliebigen Vorlage im Editor, arbeiten Sie mit den praktischen Elementen und passen Sie das Widget an Ihren bevorzugten Stil und Ihre bevorzugten Einstellungen an.<\/li><li><strong>Erhalten Sie den pers\u00f6nlichen Code zum Einbetten des Widgets.<\/strong><br> Sobald Sie mit der Erstellung des Widgets fertig sind, erhalten Sie einen individuellen HTML-Code in Ihrem Dashboard. Kopieren Sie den Code, der alle Informationen zu Ihren Einstellungen enth\u00e4lt. <\/li> <li><strong>Pr\u00e4sentieren Sie das Widget auf Ihrer Webnode-Website<\/strong><br> Definieren Sie die Bereiche Ihrer Website, in denen die ADA-Konformit\u00e4t angezeigt werden soll, und f\u00fcgen Sie den Code dort ein. Speichern Sie Ihre \u00c4nderungen. <\/li> <\/ol><p>Das war&#8217;s! Sehen Sie sich nun an, wie das Widget auf Ihrer Website funktioniert. <\/p><p>Sollten Sie beim Einbetten des Widgets in eine Website auf Probleme sto\u00dfen, wenden Sie sich einfach an unseren Kundenservice. Wir zeigen Ihnen gerne, wie Sie Ihre Barrierefreiheitsl\u00f6sung hinzuf\u00fcgen und verwalten. <\/p><\/div>","protected":false},"excerpt":{"rendered":"","protected":false},"author":9,"featured_media":0,"parent":25312,"menu_order":0,"comment_status":"closed","ping_status":"closed","template":"templates\/template-application-platform.php","meta":{"publish_to_discourse":"","publish_post_category":"","wpdc_auto_publish_overridden":"","wpdc_topic_tags":"","wpdc_pin_topic":"","wpdc_pin_until":"","discourse_post_id":"","discourse_permalink":"","wpdc_publishing_response":"","wpdc_publishing_error":"","footnotes":""},"class_list":["post-25145","page","type-page","status-publish","hentry"],"yoast_head":"<!-- This site is optimized with the Yoast SEO plugin v25.3.1 - https:\/\/yoast.com\/wordpress\/plugins\/seo\/ -->\n<title>Webnode ADA Compliance-Widget \u2013 Machen Sie Ihre Website barrierefrei [KOSTENLOS]<\/title>\n<meta name=\"description\" content=\"F\u00fcgen Sie Ihrer Webnode-Website ein codefreies ADA-Compliance-Widget hinzu. Testen Sie den Online-Editor von Elfsight, um ganz einfach Ihre individuelle L\u00f6sung zu erstellen.\" \/>\n<meta name=\"robots\" content=\"index, follow, max-snippet:-1, max-image-preview:large, max-video-preview:-1\" \/>\n<link rel=\"canonical\" href=\"https:\/\/elfsight.com\/de\/ada-compliance-widget\/webnode\/\" \/>\n<meta property=\"og:locale\" content=\"de_DE\" \/>\n<meta property=\"og:type\" content=\"article\" \/>\n<meta property=\"og:title\" content=\"Webnode ADA Compliance-Widget \u2013 Machen Sie Ihre Website barrierefrei [KOSTENLOS]\" \/>\n<meta property=\"og:description\" content=\"F\u00fcgen Sie Ihrer Webnode-Website ein codefreies ADA-Compliance-Widget hinzu. Testen Sie den Online-Editor von Elfsight, um ganz einfach Ihre individuelle L\u00f6sung zu erstellen.\" \/>\n<meta property=\"og:url\" content=\"https:\/\/elfsight.com\/de\/ada-compliance-widget\/webnode\/\" \/>\n<meta property=\"og:site_name\" content=\"Elfsight DE\" \/>\n<meta property=\"article:modified_time\" content=\"2025-07-08T09:37:12+00:00\" \/>\n<meta name=\"twitter:card\" content=\"summary_large_image\" \/>\n<meta name=\"twitter:label1\" content=\"Gesch\u00e4tzte Lesezeit\" \/>\n\t<meta name=\"twitter:data1\" content=\"2\u00a0Minuten\" \/>\n<!-- \/ Yoast SEO plugin. -->","yoast_head_json":{"title":"Webnode ADA Compliance-Widget \u2013 Machen Sie Ihre Website barrierefrei [KOSTENLOS]","description":"F\u00fcgen Sie Ihrer Webnode-Website ein codefreies ADA-Compliance-Widget hinzu. Testen Sie den Online-Editor von Elfsight, um ganz einfach Ihre individuelle L\u00f6sung zu erstellen.","robots":{"index":"index","follow":"follow","max-snippet":"max-snippet:-1","max-image-preview":"max-image-preview:large","max-video-preview":"max-video-preview:-1"},"canonical":"https:\/\/elfsight.com\/de\/ada-compliance-widget\/webnode\/","og_locale":"de_DE","og_type":"article","og_title":"Webnode ADA Compliance-Widget \u2013 Machen Sie Ihre Website barrierefrei [KOSTENLOS]","og_description":"F\u00fcgen Sie Ihrer Webnode-Website ein codefreies ADA-Compliance-Widget hinzu. Testen Sie den Online-Editor von Elfsight, um ganz einfach Ihre individuelle L\u00f6sung zu erstellen.","og_url":"https:\/\/elfsight.com\/de\/ada-compliance-widget\/webnode\/","og_site_name":"Elfsight DE","article_modified_time":"2025-07-08T09:37:12+00:00","twitter_card":"summary_large_image","twitter_misc":{"Gesch\u00e4tzte Lesezeit":"2\u00a0Minuten"},"schema":{"@context":"https:\/\/schema.org","@graph":[{"@type":"WebPage","@id":"https:\/\/elfsight.com\/de\/ada-compliance-widget\/webnode\/","url":"https:\/\/elfsight.com\/de\/ada-compliance-widget\/webnode\/","name":"Webnode ADA Compliance-Widget \u2013 Machen Sie Ihre Website barrierefrei [KOSTENLOS]","isPartOf":{"@id":"https:\/\/elfsight.com\/de\/#website"},"datePublished":"2025-05-21T10:10:18+00:00","dateModified":"2025-07-08T09:37:12+00:00","description":"F\u00fcgen Sie Ihrer Webnode-Website ein codefreies ADA-Compliance-Widget hinzu. Testen Sie den Online-Editor von Elfsight, um ganz einfach Ihre individuelle L\u00f6sung zu erstellen.","breadcrumb":{"@id":"https:\/\/elfsight.com\/de\/ada-compliance-widget\/webnode\/#breadcrumb"},"inLanguage":"de","potentialAction":[{"@type":"ReadAction","target":["https:\/\/elfsight.com\/de\/ada-compliance-widget\/webnode\/"]}]},{"@type":"BreadcrumbList","@id":"https:\/\/elfsight.com\/de\/ada-compliance-widget\/webnode\/#breadcrumb","itemListElement":[{"@type":"ListItem","position":1,"name":"Home","item":"https:\/\/elfsight.com\/de\/"},{"@type":"ListItem","position":2,"name":"Ada Compliance","item":"https:\/\/elfsight.com\/de\/ada-compliance-widget\/"},{"@type":"ListItem","position":3,"name":"ADA Compliance &#8211; Webnode"}]},{"@type":"WebSite","@id":"https:\/\/elfsight.com\/de\/#website","url":"https:\/\/elfsight.com\/de\/","name":"Elfsight DE","description":"Just another Elfsight Sites site","potentialAction":[{"@type":"SearchAction","target":{"@type":"EntryPoint","urlTemplate":"https:\/\/elfsight.com\/de\/?s={search_term_string}"},"query-input":{"@type":"PropertyValueSpecification","valueRequired":true,"valueName":"search_term_string"}}],"inLanguage":"de"}]}},"meta_box":{"industry":"","seo_heading":"","heading":"","description":"","cta_heading":"","cta_description":"","application":"25117","h1":"","h1_caption":"Machen Sie Ihre Webnode-Website ADA-kompatibel mit einem Widget, das Ihre Inhalte an die unterschiedlichen Benutzeranforderungen anpasst: F\u00f6rdern Sie inklusiven Zugriff und zeigen Sie Ihr Engagement f\u00fcr die Barrierefreiheit im Internet.","application_category":[],"applications_title":"","applications_request_title":"","applications_request_button_text":"","hero_text":"","hero_video":"","hero_video_schema_markup":"","selling_points_title":"","selling_points_caption":"","selling_points":[],"selling_points_cta_text":"","features_title":"","features":"","ed_cta_examples_text":"","ed_cta_examples_hidden":"","ed_cta_demo_text":"","ed_cta_demo_hidden":"","why_caption":"","why_editor_title":"","why_editor_text":"","why_team_title":"","why_team_text":"","why_service_title":"","why_service_text":"","template_catalog_visible":"","template_catalog_title":"","template_catalog_text":"","template_catalog_categories_visible":"","demo_title":"Erstellen Sie Ihr ADA-Compliance-Widget","demo_caption":"Konfigurieren Sie Ihre ADA-Konformit\u00e4t und f\u00fcgen Sie sie kostenlos zu Ihrer Webnode-Website hinzu!","default_faq_hidden":"","app_template_category":[],"platform":"","template_public_id":"","codecanyon_url":"","codecanyon_item_id":"","codecanyon_price":"","pricing_caption":"","pricing_elfsight_apps_hide_column":"","pricing_elfsight_apps_url":"","pricing_codecanyon_price_caption":"","integration_category":[],"integration_request_title":"","integration_request_cta":"","integration_platform":"","integrations":[],"platform_category":[],"video_schema_markup":"","price":"ab 0 $ \/ Monat","trial":"","benefits":[],"button_url":"#demo","button_target_blank":"0","button_nofollow":"","attributes":[{"name":"Installationen","content":"50,000 - 100,000","_state":"expanded"},{"name":"Reaktionsschnell","content":"Ja","_state":"expanded"},{"name":"Kompatible Browser","content":"Firefox, Safari, Opera, Chrome, Edge","_state":"expanded"}],"tags":[],"tags_disable_links":"","hide_more_platforms":"","video_object":"","demo_hide_cta":"","demo_hide_cloud_options":"","pricing_title":"","pricing":[{"pricing_icon":"platform","pricing_title":"Elfsight Apps","pricing_title_caption":"Plattform\u00fcbergreifende digitale L\u00f6sung, die auf jeder Site funktioniert","pricing_price":"ab 0 $ \/ Monat","pricing_price_caption":"Beginnen Sie mit einem kostenlosen Plan","pricing_button_text":"Zur Website hinzuf\u00fcgen","pricing_button_url":"#demo"}],"related_apps_title":"","related_apps_hidden":"","author":"","image":[],"title":"","job":"","social_networks":[]},"_links":{"self":[{"href":"https:\/\/elfsight.com\/de\/wp-json\/wp\/v2\/pages\/25145","targetHints":{"allow":["GET"]}}],"collection":[{"href":"https:\/\/elfsight.com\/de\/wp-json\/wp\/v2\/pages"}],"about":[{"href":"https:\/\/elfsight.com\/de\/wp-json\/wp\/v2\/types\/page"}],"author":[{"embeddable":true,"href":"https:\/\/elfsight.com\/de\/wp-json\/wp\/v2\/users\/9"}],"replies":[{"embeddable":true,"href":"https:\/\/elfsight.com\/de\/wp-json\/wp\/v2\/comments?post=25145"}],"version-history":[{"count":1,"href":"https:\/\/elfsight.com\/de\/wp-json\/wp\/v2\/pages\/25145\/revisions"}],"predecessor-version":[{"id":25149,"href":"https:\/\/elfsight.com\/de\/wp-json\/wp\/v2\/pages\/25145\/revisions\/25149"}],"up":[{"embeddable":true,"href":"https:\/\/elfsight.com\/de\/wp-json\/wp\/v2\/pages\/25312"}],"wp:attachment":[{"href":"https:\/\/elfsight.com\/de\/wp-json\/wp\/v2\/media?parent=25145"}],"curies":[{"name":"wp","href":"https:\/\/api.w.org\/{rel}","templated":true}]}}