{"id":25142,"date":"2025-05-21T10:25:33","date_gmt":"2025-05-21T10:25:33","guid":{"rendered":"https:\/\/elfsight.com\/de\/?page_id=25142"},"modified":"2025-07-08T09:35:42","modified_gmt":"2025-07-08T09:35:42","slug":"drupal","status":"publish","type":"page","link":"https:\/\/elfsight.com\/de\/ada-compliance-widget\/drupal\/","title":{"rendered":"ADA Compliance &#8211; Drupal"},"content":{"rendered":"<div class=\"application-platform-content-item-description application-platform-content-item\" id=\"description\" data-nav-section=\"description\"> <h2>ADA-Konformit\u00e4t mit einem Elfsight-Modul in Drupal integrieren<\/h2> <p>Das ADA-Konformit\u00e4tsmodul gew\u00e4hrleistet ein benutzerfreundliches Erlebnis f\u00fcr Besucher aller F\u00e4higkeiten und erf\u00fcllt wichtige Barrierefreiheitsstandards. Dank verschiedener integrierter unterst\u00fctzender Barrierefreiheitsmodi passt es Ihre Benutzeroberfl\u00e4che dynamisch an, um Nutzer mit Seh-, Fokus- oder motorischen Einschr\u00e4nkungen zu unterst\u00fctzen. Es funktioniert nahtlos, ohne dass benutzerdefinierter Code oder Design\u00e4nderungen erforderlich sind. Jeder Modus bietet durchdachte Verbesserungen, um Ihre bestehenden Inhalte zug\u00e4nglicher und die Interaktion komfortabler zu gestalten.<\/p><p>Das Modul enth\u00e4lt au\u00dferdem einen intelligenten Konformit\u00e4tspr\u00fcfer, der Ihre Website auf Barrierefreiheitsprobleme pr\u00fcft und die Pr\u00fcfergebnisse direkt im Modulfenster anzeigt. Sie k\u00f6nnen einen vollst\u00e4ndigen Bericht herunterladen und Ihre Bewertung pr\u00e4sentieren, um Glaubw\u00fcrdigkeit und Vertrauen aufzubauen. Dank der vollst\u00e4ndigen Lokalisierung bietet es Nutzern in verschiedenen Sprachen und Regionen ein integratives Erlebnis.<\/p><p><strong>F\u00fcgen Sie unser ADA-Konformit\u00e4tsmodul zu Ihrer Drupal-Website hinzu und beweisen Sie, dass Barrierefreiheit Teil Ihres Standards ist! <\/strong><\/p><\/div> <div class=\"application-platform-content-item-features application-platform-content-item\" id=\"features\" data-nav-section=\"features\"> <h2>Die wichtigsten Funktionen des Moduls sind: <\/h2><ul><li><b>Vorgefertigte Modi f\u00fcr 8 Benutzerszenarien. <\/b> Benutzer mit unterschiedlichen Behinderungen finden die perfekte Voreinstellung f\u00fcr ein reibungsloses und benutzerfreundliches Surferlebnis. <\/li><li><b>Optimieren Sie die Website-Einstellungen f\u00fcr die Anzeige von Inhalten. <\/b> Das Modul enth\u00e4lt Anpassungsoptionen zur Verbesserung der Textklarheit, der Website-Navigation und des Farbkontrasts. <\/li><li><b>Integrierter Barrierefreiheits-Checker. <\/b> \u00dcberpr\u00fcfen Sie Ihre Website schnell auf Compliance-Probleme und verbessern Sie die Barrierefreiheit. <\/li><li><b>Vertrauenssiegel mit Barrierefreiheitsbewertung. <\/b> Ver\u00f6ffentlichen Sie Audit-Ergebnisse im Modul, um Ihr kontinuierliches Engagement f\u00fcr Standards zu best\u00e4tigen. <\/li><li><b>Pr\u00e4zise Lokalisierung. <\/b> Das Modul unterst\u00fctzt Lokalisierung und \u00dcbersetzung f\u00fcr 76 L\u00e4nder und erf\u00fcllt globale Compliance-Standards und Barrierefreiheitsanforderungen. <\/li><\/ul><p><a href=\"#demo\">Testen Sie alle M\u00f6glichkeiten des Moduls direkt im Editor auf dieser Seite.<\/a><\/p><\/div> <div class=\"application-platform-content-item-installation application-platform-content-item\" id=\"installation\" data-nav-section=\"installation\"> <h2>Wie binde ich ADA Compliance in meine Drupal-Website ein?<\/h2><p>Hier finden Sie diese einfache Anleitung zur Einrichtung des Moduls auf Ihrer Drupal-Website. Es dauert nur wenige Minuten und erfordert keine Programmierung.<\/p> <ol><li><strong>Erstellen Sie Ihr individuelles ADA-Compliance-Modul.<\/strong><br> Beginnen Sie mit einer beliebigen Vorlage im Editor, arbeiten Sie mit den benutzerfreundlichen Elementen und passen Sie das Modul an Ihr gew\u00fcnschtes Design und Ihre gew\u00fcnschten Einstellungen an.<\/li><li><strong>Holen Sie sich den pers\u00f6nlichen Code zum Einbetten des Moduls.<\/strong><br> Sobald Sie mit der Erstellung des Moduls fertig sind, erhalten Sie einen individuellen HTML-Code in Ihrem Dashboard. Kopieren Sie diesen Code, der alle Details zu Ihren Einstellungen enth\u00e4lt. <\/li> <li><strong>Modul auf Ihrer Drupal-Website anzeigen<\/strong><br> Definieren Sie die Bereiche Ihrer Website, in denen die ADA-Konformit\u00e4t angezeigt werden soll, und f\u00fcgen Sie den Code dort ein. Speichern Sie die \u00c4nderungen. <\/li> <\/ol><p>Fertig! \u00dcberpr\u00fcfen Sie nun die Leistung des Moduls auf Ihrer Website. <\/p><p>Sollten Sie beim Einbetten des Moduls in eine Website auf Probleme sto\u00dfen, wenden Sie sich bitte an unser Hilfecenter. Wir unterst\u00fctzen Sie gerne beim Hinzuf\u00fcgen und Verwalten Ihrer Barrierefreiheitsl\u00f6sung. <\/p><\/div>","protected":false},"excerpt":{"rendered":"","protected":false},"author":9,"featured_media":0,"parent":25312,"menu_order":0,"comment_status":"closed","ping_status":"closed","template":"templates\/template-application-platform.php","meta":{"publish_to_discourse":"","publish_post_category":"","wpdc_auto_publish_overridden":"","wpdc_topic_tags":"","wpdc_pin_topic":"","wpdc_pin_until":"","discourse_post_id":"","discourse_permalink":"","wpdc_publishing_response":"","wpdc_publishing_error":"","footnotes":""},"class_list":["post-25142","page","type-page","status-publish","hentry"],"yoast_head":"<!-- This site is optimized with the Yoast SEO plugin v25.3.1 - https:\/\/yoast.com\/wordpress\/plugins\/seo\/ -->\n<title>Drupal ADA Compliance-Modul \u2013 Machen Sie Ihre Website barrierefrei [KOSTENLOS]<\/title>\n<meta name=\"description\" content=\"F\u00fcgen Sie Ihrer Drupal-Website ein codefreies ADA-Compliance-Modul hinzu. Testen Sie den Online-Editor von Elfsight, um ganz einfach Ihre pers\u00f6nliche L\u00f6sung zu erstellen.\" \/>\n<meta name=\"robots\" content=\"index, follow, max-snippet:-1, max-image-preview:large, max-video-preview:-1\" \/>\n<link rel=\"canonical\" href=\"https:\/\/elfsight.com\/de\/ada-compliance-widget\/drupal\/\" \/>\n<meta property=\"og:locale\" content=\"de_DE\" \/>\n<meta property=\"og:type\" content=\"article\" \/>\n<meta property=\"og:title\" content=\"Drupal ADA Compliance-Modul \u2013 Machen Sie Ihre Website barrierefrei [KOSTENLOS]\" \/>\n<meta property=\"og:description\" content=\"F\u00fcgen Sie Ihrer Drupal-Website ein codefreies ADA-Compliance-Modul hinzu. Testen Sie den Online-Editor von Elfsight, um ganz einfach Ihre pers\u00f6nliche L\u00f6sung zu erstellen.\" \/>\n<meta property=\"og:url\" content=\"https:\/\/elfsight.com\/de\/ada-compliance-widget\/drupal\/\" \/>\n<meta property=\"og:site_name\" content=\"Elfsight DE\" \/>\n<meta property=\"article:modified_time\" content=\"2025-07-08T09:35:42+00:00\" \/>\n<meta name=\"twitter:card\" content=\"summary_large_image\" \/>\n<meta name=\"twitter:label1\" content=\"Gesch\u00e4tzte Lesezeit\" \/>\n\t<meta name=\"twitter:data1\" content=\"3\u00a0Minuten\" \/>\n<!-- \/ Yoast SEO plugin. -->","yoast_head_json":{"title":"Drupal ADA Compliance-Modul \u2013 Machen Sie Ihre Website barrierefrei [KOSTENLOS]","description":"F\u00fcgen Sie Ihrer Drupal-Website ein codefreies ADA-Compliance-Modul hinzu. Testen Sie den Online-Editor von Elfsight, um ganz einfach Ihre pers\u00f6nliche L\u00f6sung zu erstellen.","robots":{"index":"index","follow":"follow","max-snippet":"max-snippet:-1","max-image-preview":"max-image-preview:large","max-video-preview":"max-video-preview:-1"},"canonical":"https:\/\/elfsight.com\/de\/ada-compliance-widget\/drupal\/","og_locale":"de_DE","og_type":"article","og_title":"Drupal ADA Compliance-Modul \u2013 Machen Sie Ihre Website barrierefrei [KOSTENLOS]","og_description":"F\u00fcgen Sie Ihrer Drupal-Website ein codefreies ADA-Compliance-Modul hinzu. Testen Sie den Online-Editor von Elfsight, um ganz einfach Ihre pers\u00f6nliche L\u00f6sung zu erstellen.","og_url":"https:\/\/elfsight.com\/de\/ada-compliance-widget\/drupal\/","og_site_name":"Elfsight DE","article_modified_time":"2025-07-08T09:35:42+00:00","twitter_card":"summary_large_image","twitter_misc":{"Gesch\u00e4tzte Lesezeit":"3\u00a0Minuten"},"schema":{"@context":"https:\/\/schema.org","@graph":[{"@type":"WebPage","@id":"https:\/\/elfsight.com\/de\/ada-compliance-widget\/drupal\/","url":"https:\/\/elfsight.com\/de\/ada-compliance-widget\/drupal\/","name":"Drupal ADA Compliance-Modul \u2013 Machen Sie Ihre Website barrierefrei [KOSTENLOS]","isPartOf":{"@id":"https:\/\/elfsight.com\/de\/#website"},"datePublished":"2025-05-21T10:25:33+00:00","dateModified":"2025-07-08T09:35:42+00:00","description":"F\u00fcgen Sie Ihrer Drupal-Website ein codefreies ADA-Compliance-Modul hinzu. Testen Sie den Online-Editor von Elfsight, um ganz einfach Ihre pers\u00f6nliche L\u00f6sung zu erstellen.","breadcrumb":{"@id":"https:\/\/elfsight.com\/de\/ada-compliance-widget\/drupal\/#breadcrumb"},"inLanguage":"de","potentialAction":[{"@type":"ReadAction","target":["https:\/\/elfsight.com\/de\/ada-compliance-widget\/drupal\/"]}]},{"@type":"BreadcrumbList","@id":"https:\/\/elfsight.com\/de\/ada-compliance-widget\/drupal\/#breadcrumb","itemListElement":[{"@type":"ListItem","position":1,"name":"Home","item":"https:\/\/elfsight.com\/de\/"},{"@type":"ListItem","position":2,"name":"Ada Compliance","item":"https:\/\/elfsight.com\/de\/ada-compliance-widget\/"},{"@type":"ListItem","position":3,"name":"ADA Compliance &#8211; Drupal"}]},{"@type":"WebSite","@id":"https:\/\/elfsight.com\/de\/#website","url":"https:\/\/elfsight.com\/de\/","name":"Elfsight DE","description":"Just another Elfsight Sites site","potentialAction":[{"@type":"SearchAction","target":{"@type":"EntryPoint","urlTemplate":"https:\/\/elfsight.com\/de\/?s={search_term_string}"},"query-input":{"@type":"PropertyValueSpecification","valueRequired":true,"valueName":"search_term_string"}}],"inLanguage":"de"}]}},"meta_box":{"industry":"","seo_heading":"","heading":"","description":"","cta_heading":"","cta_description":"","application":"25117","h1":"","h1_caption":"Machen Sie Ihre Drupal-Website ADA-konform mit einem Modul, das Ihre Inhalte f\u00fcr alle Benutzer anpasst: Verbessern Sie die Benutzerinklusivit\u00e4t und bekr\u00e4ftigen Sie Ihr Engagement f\u00fcr Barrierefreiheit.","application_category":[],"applications_title":"","applications_request_title":"","applications_request_button_text":"","hero_text":"","hero_video":"","hero_video_schema_markup":"","selling_points_title":"","selling_points_caption":"","selling_points":[],"selling_points_cta_text":"","features_title":"","features":"","ed_cta_examples_text":"","ed_cta_examples_hidden":"","ed_cta_demo_text":"","ed_cta_demo_hidden":"","why_caption":"","why_editor_title":"","why_editor_text":"","why_team_title":"","why_team_text":"","why_service_title":"","why_service_text":"","template_catalog_visible":"","template_catalog_title":"","template_catalog_text":"","template_catalog_categories_visible":"","demo_title":"Erstellen Sie Ihr ADA-Compliance-Modul","demo_caption":"Konfigurieren Sie Ihre ADA-Konformit\u00e4t und f\u00fcgen Sie sie kostenlos zu Ihrer Drupal-Website hinzu!","default_faq_hidden":"","app_template_category":[],"platform":"","template_public_id":"","codecanyon_url":"","codecanyon_item_id":"","codecanyon_price":"","pricing_caption":"","pricing_elfsight_apps_hide_column":"","pricing_elfsight_apps_url":"","pricing_codecanyon_price_caption":"","integration_category":[],"integration_request_title":"","integration_request_cta":"","integration_platform":"","integrations":[],"platform_category":[],"video_schema_markup":"","price":"ab 0 $ \/ Monat","trial":"","benefits":[],"button_url":"#demo","button_target_blank":"0","button_nofollow":"","attributes":[{"name":"Installationen","content":"50,000 - 100,000","_state":"expanded"},{"name":"Reaktionsschnell","content":"Ja","_state":"expanded"},{"name":"Kompatible Browser","content":"Firefox, Safari, Opera, Chrome, Edge","_state":"expanded"}],"tags":[],"tags_disable_links":"","hide_more_platforms":"","video_object":"","demo_hide_cta":"","demo_hide_cloud_options":"","pricing_title":"","pricing":[{"pricing_icon":"platform","pricing_title":"Elfsight Apps","pricing_title_caption":"Multiplattformversion, die auf jeder Website funktioniert","pricing_price":"ab 0 $ \/ Monat","pricing_price_caption":"Beginnen Sie mit einem kostenlosen Plan","pricing_button_text":"Zur Website hinzuf\u00fcgen","pricing_button_url":"#demo"}],"related_apps_title":"","related_apps_hidden":"","author":"","image":[],"title":"","job":"","social_networks":[]},"_links":{"self":[{"href":"https:\/\/elfsight.com\/de\/wp-json\/wp\/v2\/pages\/25142","targetHints":{"allow":["GET"]}}],"collection":[{"href":"https:\/\/elfsight.com\/de\/wp-json\/wp\/v2\/pages"}],"about":[{"href":"https:\/\/elfsight.com\/de\/wp-json\/wp\/v2\/types\/page"}],"author":[{"embeddable":true,"href":"https:\/\/elfsight.com\/de\/wp-json\/wp\/v2\/users\/9"}],"replies":[{"embeddable":true,"href":"https:\/\/elfsight.com\/de\/wp-json\/wp\/v2\/comments?post=25142"}],"version-history":[{"count":1,"href":"https:\/\/elfsight.com\/de\/wp-json\/wp\/v2\/pages\/25142\/revisions"}],"predecessor-version":[{"id":25146,"href":"https:\/\/elfsight.com\/de\/wp-json\/wp\/v2\/pages\/25142\/revisions\/25146"}],"up":[{"embeddable":true,"href":"https:\/\/elfsight.com\/de\/wp-json\/wp\/v2\/pages\/25312"}],"wp:attachment":[{"href":"https:\/\/elfsight.com\/de\/wp-json\/wp\/v2\/media?parent=25142"}],"curies":[{"name":"wp","href":"https:\/\/api.w.org\/{rel}","templated":true}]}}