{"id":25017,"date":"2024-06-11T06:49:44","date_gmt":"2024-06-11T06:49:44","guid":{"rendered":"https:\/\/elfsight.com\/de\/?page_id=25017"},"modified":"2025-07-10T08:38:17","modified_gmt":"2025-07-10T08:38:17","slug":"shopify","status":"publish","type":"page","link":"https:\/\/elfsight.com\/de\/timeline-widget\/shopify\/","title":{"rendered":"Timeline &#8211; Shopify"},"content":{"rendered":"<div class=\"application-platform-content-item-description application-platform-content-item\" id=\"description\" data-nav-section=\"description\"><h2>Timeline Builder f\u00fcr Shopify<\/h2> <p>Entwerfen Sie ganz einfach eine dynamische, interaktive Zeitleiste f\u00fcr Ihren Shopify-Shop ohne Programmieraufwand. Mit dem Shopify Timeline Builder von Elfsight k\u00f6nnen Sie personalisierte Meilensteinmarkierungen hinzuf\u00fcgen, die Ihre Besucher ansprechen. Egal, ob Sie die Reise Ihres Unternehmens darstellen, Ihre Produktentwicklung verfolgen oder wichtige Projektmeilensteine \u200b\u200bhervorheben m\u00f6chten, mit diesem Tool k\u00f6nnen Sie ganz einfach eine Zeitleiste erstellen, die Ihren Anforderungen entspricht.<\/p> <ul> <li><strong>Erstellen Sie m\u00fchelos ansprechende Zeitleisten.<\/strong> <br>Erstellen Sie innerhalb von Minuten eine funktionale Zeitleiste, ohne dass technische Kenntnisse erforderlich sind. Beeindrucken Sie Ihre Besucher sofort, indem Sie eine Zeitleiste integrieren, die Ihre Meilensteine \u200b\u200bzum Leben erweckt.<\/li> <li><strong>Unendliche Anpassungsm\u00f6glichkeiten.<\/strong> <br>Passen Sie das Erscheinungsbild Ihrer Zeitleiste an, indem Sie aus einer Reihe von Vorlagen, Farbschemata, Schriftarten und anderen Designelementen ausw\u00e4hlen, um eine Zeitleiste zu erstellen, die zum Branding Ihres Shops passt.<\/li> <li><strong>Nahtloser Integrationsprozess.<\/strong> <br>Betten Sie einfach den HTML-Code in Ihr Shopify ein speichern, um Ihre Timeline zu integrieren. Keine komplexe Einrichtung erforderlich \u2013 nur ein schneller und reibungsloser Prozess, um Ihre Zeitleiste zum Leben zu erwecken.<\/li> <li><strong>Zuverl\u00e4ssiger Kundensupport.<\/strong> <br>Wenn Sie Hilfe ben\u00f6tigen, steht Ihnen unser engagiertes Team jederzeit zur Verf\u00fcgung. Wir sorgen daf\u00fcr, dass Ihre Timeline nahtlos auf Ihrer Shopify-Site funktioniert.<\/li> <\/ul> <p><b>Beginnen Sie mit der Elfsight Shopify Timeline, um Ihre Besucher anzusprechen und Ihre wichtigsten Meilensteine \u200b\u200bhervorzuheben!<\/b><\/p> <\/div><div class=\"application-platform-content-item-features application-platform-content-item\" id=\"features\" data-nav-section=\"features\"><h2>Was Sie mit Shopify Timeline tun k\u00f6nnen<\/h2> <ul> <li><strong>Visuell Fesseln Sie Ihr Publikum.<\/strong><br>Pr\u00e4sentieren Sie Ihre Geschichte, Produktmeilensteine \u200b\u200boder Fortschritte auf visuell ansprechende und interaktive Weise. Eine Zeitleiste bietet eine klare und ansprechende M\u00f6glichkeit, Ihre Inhalte zu vermitteln, sodass Besucher Ihre Reise leichter verstehen k\u00f6nnen.<\/li> <li><strong>Verfolgen Sie Ihre Erfolge und Ereignisse.<\/strong> <br>Verwenden Sie Ihre Zeitleiste, um eine chronologische Ansicht wichtiger Ereignisse bereitzustellen, sei es das Wachstum Ihres Unternehmens oder die Entwicklung eines Produkts. Es bietet Besuchern einen klaren \u00dcberblick \u00fcber Ihre Meilensteine \u200b\u200bund hilft, sie zu binden.<\/li> <li><strong>Heben Sie bemerkenswerte Erfolge hervor.<\/strong><br>Schenken Sie Ihren wichtigsten Erfolgen besondere Aufmerksamkeit, sei es eine Produkteinf\u00fchrung, ein Projektabschluss oder andere Erfolge. Pr\u00e4sentieren Sie Ihre wichtigen Meilensteine \u200b\u200bin einem visuell ansprechenden und organisierten Format.<\/li> <\/ul> <p><a href=\"#demo\">Testen Sie den Editor, um alle M\u00f6glichkeiten zu erkunden.<\/a><\/p> <\/div><div class=\"application-platform-content-item-installation application-platform-content-item\" id=\"installation\" data-nav-section=\"installation\"><h2>So betten Sie eine Timeline auf Shopify ein<\/h2> <p>Das Hinzuf\u00fcgen der Shopify-Timeline zu Ihrer Website ist schnell und einfach. erfordert keine Codierung. Befolgen Sie einfach diese einfachen Schritte, um Ihre Timeline zum Laufen zu bringen:<\/p> <ol> <li><b>Erstellen Sie Ihre benutzerdefinierte Shopify-Timeline<\/b><br> W\u00e4hlen Sie eine Vorlage aus unserem Editor und personalisieren Sie sie dann entsprechend Ihren Anforderungen. Passen Sie das Layout an, f\u00fcgen Sie Meilensteine \u200b\u200bein und passen Sie das Design an den Stil Ihres Shops an.<\/li> <li><b>Holen Sie sich Ihren einzigartigen Einbettungscode<\/b><br> Sobald Sie mit Ihrer Zeitleiste zufrieden sind, erhalten Sie einen benutzerdefinierten HTML-Code. Kopieren Sie den Code zur sp\u00e4teren Verwendung.<\/li> <li><b>Betten Sie den Code in Ihren Shopify-Shop ein<\/b><br> F\u00fcgen Sie den kopierten HTML-Code in den entsprechenden Abschnitt Ihrer Shopify-Seite ein und speichern Sie die \u00c4nderungen. Ihre interaktive Zeitleiste ist dann live!<\/li> <li><b>Erleben Sie Ihre interaktive Zeitleiste!<\/b><br> Besuchen Sie Ihre Website, um Ihre Zeitleiste in Aktion zu sehen und beginnen Sie, Ihre Besucher mit ihren dynamischen, interaktiven Funktionen zu fesseln!<\/li> <\/ol> <p>Eine detailliertere Anleitung finden Sie in unserem Tutorial auf <a href=\"https:\/\/elfsight.com\/blog\/how-to-embed-timeline-to-website\/\" target=\"_blank\" rel=\"noopener\">So erstellen Sie eine benutzerdefinierte Zeitleiste auf einer Website<\/a>.<\/p> <\/div><div class=\"faq\" data-component=\"FAQ\"><div class=\"faq-item\">\r\n\t\t\t\t\t<div class=\"faq-item-question\">\r\n\t\t\t\t\t\t<h3 class=\"faq-item-question-text\"><\/h3>\r\n\r\n\t\t\t\t\t\t<div class=\"faq-item-question-icon\"><\/div>\r\n\t\t\t\t\t<\/div>\r\n\r\n\t\t\t\t\t<div class=\"faq-item-answer\">\r\n\t\t\t\t\t\t<div class=\"faq-item-answer-text\">Ja, Elfsight bietet einen abgestuften Abonnementplan an, der eine kostenlose Version enth\u00e4lt. Sie k\u00f6nnen das Shopify Timeline-Widget kostenlos nutzen und haben Zugriff auf wesentliche Funktionen. F\u00fcr zus\u00e4tzliche Anpassungsoptionen stehen kostenpflichtige Pl\u00e4ne zur Verf\u00fcgung.<\/div>\r\n\t\t\t\t\t<\/div>\r\n\t\t\t\t<\/div><div class=\"faq-item\">\r\n\t\t\t\t\t<div class=\"faq-item-question\">\r\n\t\t\t\t\t\t<h3 class=\"faq-item-question-text\">Ben\u00f6tige ich Programmiererfahrung, um das Timeline-Widget zu verwenden?<\/h3>\r\n\r\n\t\t\t\t\t\t<div class=\"faq-item-question-icon\"><\/div>\r\n\t\t\t\t\t<\/div>\r\n\r\n\t\t\t\t\t<div class=\"faq-item-answer\">\r\n\t\t\t\t\t\t<div class=\"faq-item-answer-text\">Nein, f\u00fcr den Shopify Timeline-Builder von Elfsight sind keine Programmierkenntnisse erforderlich. Mit unserem intuitiven Drag-and-Drop-Editor k\u00f6nnen Sie Ihre Zeitleiste ganz einfach erstellen und anpassen.<\/div>\r\n\t\t\t\t\t<\/div>\r\n\t\t\t\t<\/div><div class=\"faq-item\">\r\n\t\t\t\t\t<div class=\"faq-item-question\">\r\n\t\t\t\t\t\t<h3 class=\"faq-item-question-text\">Wie kann ich Shopify eine interaktive Zeitleiste hinzuf\u00fcgen?<\/h3>\r\n\r\n\t\t\t\t\t\t<div class=\"faq-item-question-icon\"><\/div>\r\n\t\t\t\t\t<\/div>\r\n\r\n\t\t\t\t\t<div class=\"faq-item-answer\">\r\n\t\t\t\t\t\t<div class=\"faq-item-answer-text\">W\u00e4hlen Sie einfach eine Vorlage aus dem Editor aus, nehmen Sie die erforderlichen Anpassungen vor und betten Sie dann die Zeitleiste mit dem bereitgestellten HTML-Code in Ihren Shopify-Shop ein.<\/div>\r\n\t\t\t\t\t<\/div>\r\n\t\t\t\t<\/div><div class=\"faq-item\">\r\n\t\t\t\t\t<div class=\"faq-item-question\">\r\n\t\t\t\t\t\t<h3 class=\"faq-item-question-text\"><\/h3>\r\n\r\n\t\t\t\t\t\t<div class=\"faq-item-question-icon\"><\/div>\r\n\t\t\t\t\t<\/div>\r\n\r\n\t\t\t\t\t<div class=\"faq-item-answer\">\r\n\t\t\t\t\t\t<div class=\"faq-item-answer-text\"><p>Sie k\u00f6nnen eine Vielzahl von erstellen Zeitpl\u00e4ne f\u00fcr Ihren Shopify-Shop, einschlie\u00dflich:<\/p> <ul> <li><strong>Unternehmensentwicklung<\/strong>: Zeigen Sie die Geschichte und das Wachstum Ihres Unternehmens und heben Sie Schl\u00fcsselmomente und Erfolge hervor.<\/li> <li><strong>Produktentwicklung<\/strong>: Veranschaulichen Sie die Phasen der Produktentwicklung vom Konzept bis zur Markteinf\u00fchrung und konzentrieren Sie sich dabei auf jeden wichtigen Schritt.<\/li> <li><strong>Projektmeilensteine<\/strong>: Verfolgen und pr\u00e4sentieren Sie die verschiedenen Phasen Ihrer laufenden oder abgeschlossenen Projekte.<\/li> <li><strong>Event-Zeitleisten<\/strong>: Erstellen Sie eine Zeitleiste f\u00fcr Veranstaltungen, Produkteinf\u00fchrungen oder Verkaufskampagnen, um Besuchern alle wichtigen Details an einem einzigen Ort bereitzustellen.<\/li> <\/ul> <\/div>\r\n\t\t\t\t\t<\/div>\r\n\t\t\t\t<\/div> <\/div>","protected":false},"excerpt":{"rendered":"","protected":false},"author":9,"featured_media":0,"parent":24929,"menu_order":0,"comment_status":"closed","ping_status":"closed","template":"templates\/template-application-platform.php","meta":{"publish_to_discourse":"","publish_post_category":"","wpdc_auto_publish_overridden":"","wpdc_topic_tags":"","wpdc_pin_topic":"","wpdc_pin_until":"","discourse_post_id":"","discourse_permalink":"","wpdc_publishing_response":"","wpdc_publishing_error":"","footnotes":""},"class_list":["post-25017","page","type-page","status-publish","hentry"],"yoast_head":"<!-- This site is optimized with the Yoast SEO plugin v25.3.1 - https:\/\/yoast.com\/wordpress\/plugins\/seo\/ -->\n<title>Zeitleisten-Widget \u2013 Erstellen Sie eine interaktive Zeitleiste in Ihrem Shopify-Shop [KOSTENLOS]<\/title>\n<meta name=\"description\" content=\"F\u00fcgen Sie Ihrem Shopify-Shop eine benutzerdefinierte Zeitleiste hinzu. Zeigen Sie Ihre Geschichte, Meilensteine \u200b\u200bund Projektfortschritte ganz einfach mit einem anpassbaren Shopify-Timeline-Widget an.\" \/>\n<meta name=\"robots\" content=\"index, follow, max-snippet:-1, max-image-preview:large, max-video-preview:-1\" \/>\n<link rel=\"canonical\" href=\"https:\/\/elfsight.com\/de\/timeline-widget\/shopify\/\" \/>\n<meta property=\"og:locale\" content=\"de_DE\" \/>\n<meta property=\"og:type\" content=\"article\" \/>\n<meta property=\"og:title\" content=\"Zeitleisten-Widget \u2013 Erstellen Sie eine interaktive Zeitleiste in Ihrem Shopify-Shop [KOSTENLOS]\" \/>\n<meta property=\"og:description\" content=\"F\u00fcgen Sie Ihrem Shopify-Shop eine benutzerdefinierte Zeitleiste hinzu. Zeigen Sie Ihre Geschichte, Meilensteine \u200b\u200bund Projektfortschritte ganz einfach mit einem anpassbaren Shopify-Timeline-Widget an.\" \/>\n<meta property=\"og:url\" content=\"https:\/\/elfsight.com\/de\/timeline-widget\/shopify\/\" \/>\n<meta property=\"og:site_name\" content=\"Elfsight DE\" \/>\n<meta property=\"article:modified_time\" content=\"2025-07-10T08:38:17+00:00\" \/>\n<meta name=\"twitter:card\" content=\"summary_large_image\" \/>\n<meta name=\"twitter:label1\" content=\"Gesch\u00e4tzte Lesezeit\" \/>\n\t<meta name=\"twitter:data1\" content=\"4\u00a0Minuten\" \/>\n<!-- \/ Yoast SEO plugin. -->","yoast_head_json":{"title":"Zeitleisten-Widget \u2013 Erstellen Sie eine interaktive Zeitleiste in Ihrem Shopify-Shop [KOSTENLOS]","description":"F\u00fcgen Sie Ihrem Shopify-Shop eine benutzerdefinierte Zeitleiste hinzu. Zeigen Sie Ihre Geschichte, Meilensteine \u200b\u200bund Projektfortschritte ganz einfach mit einem anpassbaren Shopify-Timeline-Widget an.","robots":{"index":"index","follow":"follow","max-snippet":"max-snippet:-1","max-image-preview":"max-image-preview:large","max-video-preview":"max-video-preview:-1"},"canonical":"https:\/\/elfsight.com\/de\/timeline-widget\/shopify\/","og_locale":"de_DE","og_type":"article","og_title":"Zeitleisten-Widget \u2013 Erstellen Sie eine interaktive Zeitleiste in Ihrem Shopify-Shop [KOSTENLOS]","og_description":"F\u00fcgen Sie Ihrem Shopify-Shop eine benutzerdefinierte Zeitleiste hinzu. Zeigen Sie Ihre Geschichte, Meilensteine \u200b\u200bund Projektfortschritte ganz einfach mit einem anpassbaren Shopify-Timeline-Widget an.","og_url":"https:\/\/elfsight.com\/de\/timeline-widget\/shopify\/","og_site_name":"Elfsight DE","article_modified_time":"2025-07-10T08:38:17+00:00","twitter_card":"summary_large_image","twitter_misc":{"Gesch\u00e4tzte Lesezeit":"4\u00a0Minuten"},"schema":{"@context":"https:\/\/schema.org","@graph":[{"@type":"WebPage","@id":"https:\/\/elfsight.com\/de\/timeline-widget\/shopify\/","url":"https:\/\/elfsight.com\/de\/timeline-widget\/shopify\/","name":"Zeitleisten-Widget \u2013 Erstellen Sie eine interaktive Zeitleiste in Ihrem Shopify-Shop [KOSTENLOS]","isPartOf":{"@id":"https:\/\/elfsight.com\/de\/#website"},"datePublished":"2024-06-11T06:49:44+00:00","dateModified":"2025-07-10T08:38:17+00:00","description":"F\u00fcgen Sie Ihrem Shopify-Shop eine benutzerdefinierte Zeitleiste hinzu. Zeigen Sie Ihre Geschichte, Meilensteine \u200b\u200bund Projektfortschritte ganz einfach mit einem anpassbaren Shopify-Timeline-Widget an.","breadcrumb":{"@id":"https:\/\/elfsight.com\/de\/timeline-widget\/shopify\/#breadcrumb"},"inLanguage":"de","potentialAction":[{"@type":"ReadAction","target":["https:\/\/elfsight.com\/de\/timeline-widget\/shopify\/"]}]},{"@type":"BreadcrumbList","@id":"https:\/\/elfsight.com\/de\/timeline-widget\/shopify\/#breadcrumb","itemListElement":[{"@type":"ListItem","position":1,"name":"Home","item":"https:\/\/elfsight.com\/de\/"},{"@type":"ListItem","position":2,"name":"Timeline","item":"https:\/\/elfsight.com\/de\/timeline-widget\/"},{"@type":"ListItem","position":3,"name":"Timeline &#8211; Shopify"}]},{"@type":"WebSite","@id":"https:\/\/elfsight.com\/de\/#website","url":"https:\/\/elfsight.com\/de\/","name":"Elfsight DE","description":"Just another Elfsight Sites site","potentialAction":[{"@type":"SearchAction","target":{"@type":"EntryPoint","urlTemplate":"https:\/\/elfsight.com\/de\/?s={search_term_string}"},"query-input":{"@type":"PropertyValueSpecification","valueRequired":true,"valueName":"search_term_string"}}],"inLanguage":"de"}]}},"meta_box":{"industry":"","seo_heading":"","heading":"","description":"","cta_heading":"","cta_description":"","application":"24928","h1":"Timeline-Plugin f\u00fcr Shopify","h1_caption":"Erstellen Sie mit einer interaktiven Zeitleiste auf Shopify eine \u00fcberzeugende Verlaufslinie, um Ihre Geschichte, wichtige Meilensteine \u200b\u200boder Ereignisse hervorzuheben.","application_category":[],"applications_title":"","applications_request_title":"","applications_request_button_text":"","hero_text":"","hero_video":"","hero_video_schema_markup":"","selling_points_title":"","selling_points_caption":"","selling_points":[],"selling_points_cta_text":"","features_title":"","features":"","ed_cta_examples_text":"","ed_cta_examples_hidden":"","ed_cta_demo_text":"","ed_cta_demo_hidden":"","why_caption":"","why_editor_title":"","why_editor_text":"","why_team_title":"","why_team_text":"","why_service_title":"","why_service_text":"","template_catalog_visible":"0","template_catalog_title":"","template_catalog_text":"","template_catalog_categories_visible":"","demo_title":"Erstellen Sie Ihre Shopify Timeline-App","demo_caption":"Passen Sie Ihre Zeitleiste an und f\u00fcgen Sie sie ganz einfach zu Ihrer Website hinzu!","default_faq_hidden":"","app_template_category":[],"platform":"253","template_public_id":"","codecanyon_url":"","codecanyon_item_id":"","codecanyon_price":"","pricing_caption":"","pricing_elfsight_apps_hide_column":"","pricing_elfsight_apps_url":"","pricing_codecanyon_price_caption":"","integration_category":[],"integration_request_title":"","integration_request_cta":"","integration_platform":"","integrations":[],"platform_category":[],"video_schema_markup":"","price":"ab 0 $ \/ Monat","trial":"","benefits":[],"button_url":"#demo","button_target_blank":"0","button_nofollow":"0","attributes":[{"name":"Installiert","content":"50,000 - 100,000","_state":"expanded"},{"name":"Reaktionsfreudig","content":"Ja","_state":"expanded"},{"name":"Kompatible Browser","content":"Firefox, Safari, Opera, Chrome, Edge","_state":"expanded"}],"tags":[],"tags_disable_links":"0","hide_more_platforms":"0","video_object":"","demo_hide_cta":"0","demo_hide_cloud_options":"0","pricing_title":"","pricing":[{"pricing_icon":"platform","pricing_title":"Elfsight Apps","pricing_title_caption":"Plattform\u00fcbergreifende Software, die f\u00fcr jede Website geeignet ist","pricing_price":"ab 0 $ \/ Monat","pricing_price_caption":"Beginnen Sie mit einem kostenlosen Plan","pricing_benefits":"[object Object],[object Object],[object Object],[object Object]","pricing_button_text":"Zur Website hinzuf\u00fcgen","pricing_button_url":"#demo"}],"related_apps_title":"","related_apps_hidden":"0","author":"","image":[],"title":"","job":"","social_networks":[]},"_links":{"self":[{"href":"https:\/\/elfsight.com\/de\/wp-json\/wp\/v2\/pages\/25017","targetHints":{"allow":["GET"]}}],"collection":[{"href":"https:\/\/elfsight.com\/de\/wp-json\/wp\/v2\/pages"}],"about":[{"href":"https:\/\/elfsight.com\/de\/wp-json\/wp\/v2\/types\/page"}],"author":[{"embeddable":true,"href":"https:\/\/elfsight.com\/de\/wp-json\/wp\/v2\/users\/9"}],"replies":[{"embeddable":true,"href":"https:\/\/elfsight.com\/de\/wp-json\/wp\/v2\/comments?post=25017"}],"version-history":[{"count":3,"href":"https:\/\/elfsight.com\/de\/wp-json\/wp\/v2\/pages\/25017\/revisions"}],"predecessor-version":[{"id":25337,"href":"https:\/\/elfsight.com\/de\/wp-json\/wp\/v2\/pages\/25017\/revisions\/25337"}],"up":[{"embeddable":true,"href":"https:\/\/elfsight.com\/de\/wp-json\/wp\/v2\/pages\/24929"}],"wp:attachment":[{"href":"https:\/\/elfsight.com\/de\/wp-json\/wp\/v2\/media?parent=25017"}],"curies":[{"name":"wp","href":"https:\/\/api.w.org\/{rel}","templated":true}]}}