{"id":25012,"date":"2024-06-11T07:49:44","date_gmt":"2024-06-11T07:49:44","guid":{"rendered":"https:\/\/elfsight.com\/de\/?page_id=25012"},"modified":"2025-07-10T08:38:23","modified_gmt":"2025-07-10T08:38:23","slug":"squarespace","status":"publish","type":"page","link":"https:\/\/elfsight.com\/de\/timeline-widget\/squarespace\/","title":{"rendered":"Timeline &#8211; Squarespace"},"content":{"rendered":"<div class=\"application-platform-content-item-description application-platform-content-item\" id=\"description\" data-nav-section=\"description\"><h2>Squarespace Timeline Plugin<\/h2><p>F\u00fcgen Sie Ihrer Squarespace-Webseite eine interaktive Roadmap hinzu, um Ereignisse, Erfolge oder Aufgabenschritte anzuzeigen. Halten Sie Ihre Benutzer mit einer visuell dynamischen und flexiblen Zeitleiste besch\u00e4ftigt. Mit dem Squarespace Timeline Builder von Elfsight k\u00f6nnen Sie anpassbare Meilensteinmarkierungen hinzuf\u00fcgen, die Ihre Kunden ansprechen. Egal, ob Sie Ihre Unternehmensgeschichte pr\u00e4sentieren, Projektphasen \u00fcberwachen oder die Produktentwicklung demonstrieren, mit diesem Widget k\u00f6nnen Sie ganz einfach eine einzigartige Roadmap erstellen, die Ihren Zielen entspricht. <\/p><ul><li><b>Erstellen Sie interaktive Zeitleisten ohne Code<\/b><br>Erstellen Sie in wenigen Minuten eine voll funktionsf\u00e4hige Chronologie, ohne dass technisches Fachwissen erforderlich ist, und beginnen Sie sofort, Ihre Besucher anzulocken. <\/li><li><b>Erweiterte Anpassungsoptionen<\/b><br>Personalisieren Sie das Design und Layout Ihres Widgets mit einer Vielzahl flexibler Vorlagen, Farbt\u00f6ne, Schriftarten und Einstellungen f\u00fcr ein einzigartiges, individuelles Erlebnis. <\/li><li><b>Reibungsloser Einbettungsprozess<\/b><br>Betten Sie Ihre einzigartige Zeitleiste mithilfe eines einfachen HTML-Codes ganz einfach und ohne technischen Aufwand in Ihre Squarespace-Website ein. <\/li><li><b>Responsiver Kundensupport<\/b><br>Unser engagiertes Support-Team steht Ihnen jederzeit zur Verf\u00fcgung, um Sie bei der Einrichtung zu unterst\u00fctzen und sicherzustellen, dass Ihre Timeline auf Ihrer Website reibungslos funktioniert. <\/li><\/ul><p><b>Probieren Sie die Elfsight Squarespace Timeline aus, um Besucher einzubeziehen und Ihre Erfolge auf kreative, stilvolle Weise hervorzuheben. <\/b><\/p><\/div><div class=\"application-platform-content-item-features application-platform-content-item\" id=\"features\" data-nav-section=\"features\"><h2>Was Sie mit der Squarespace-Timeline tun k\u00f6nnen<\/h2><ul><li><strong>Besucher visuell einbeziehen<\/strong><br>Ziehen Sie Zielgruppen mit einer dynamischen Zeitleiste an, die Ihnen hilft, Meilensteine \u200b\u200bin einem unkomplizierten Format zu pr\u00e4sentieren. Eine grafische Zeitleiste hilft dabei, Inhalte in einem einfachen Format darzustellen, das zum Entdecken einl\u00e4dt. <\/li><li><strong>Pr\u00e4sentieren Sie Fortschritte und Ereignisse<\/strong><br>Zeigen Sie die Erfolge und Aufgabenphasen Ihres Unternehmens zeitlich geordnet an, um Ihre Besucher zu besch\u00e4ftigen. Dies hilft den G\u00e4sten, Ihre Geschichte zu verstehen und h\u00e4lt ihr Interesse an Ihren Neuigkeiten aufrecht. <\/li><li><strong>Heben Sie wichtige Erfolge hervor<\/strong><br>Machen Sie Ihren wichtigsten Meilensteinen besondere Bedeutung. Heben Sie Ihre wichtigsten Erfolge in einem attraktiven und leicht verst\u00e4ndlichen Format hervor. <\/li><\/ul><p><a href=\"#demo\">Schauen Sie sich den Editor an, um alle Funktionen des Timeline-Plugins zu sehen. <\/a><\/p><\/div><div class=\"application-platform-content-item-installation application-platform-content-item\" id=\"installation\" data-nav-section=\"installation\"> <h2>So betten Sie eine Timeline auf Squarespace ein<\/h2><p>Das Hinzuf\u00fcgen der Squarespace-Timeline zu Ihrer Webseite ist einfach und erfordert keine Programmierung. Befolgen Sie einfach diese klaren Schritte, um loszulegen: <\/p><ol><li><b>Erstellen Sie Ihre benutzerdefinierte Squarespace-Timeline<\/b><br>W\u00e4hlen Sie zun\u00e4chst eine anpassbare Vorlage aus dem Editor aus und passen Sie sie an Ihre Anforderungen an. Verfeinern Sie die Struktur, f\u00fcgen Sie Meilensteine \u200b\u200bhinzu und passen Sie das Design an den Stil Ihrer Website an. <\/li><li><b>Besorgen Sie sich Ihren individuellen Einbettungscode<\/b><br>Sobald Sie die Anpassung Ihrer Timeline abgeschlossen haben, erhalten Sie einen personalisierten HTML-Code. Kopieren Sie diesen Code zur sp\u00e4teren Verwendung. <\/li><li><b>Betten Sie den Code in Ihre Squarespace-Website ein<\/b><br>F\u00fcgen Sie den kopierten HTML-Code in den gew\u00fcnschten Bereich Ihrer Squarespace-Webseite ein und speichern Sie die \u00c4nderungen. Ihre ansprechende Zeitleiste wird jetzt auf Ihrer Website verf\u00fcgbar sein! <\/li><li><b>Viel Spa\u00df mit Ihrer neuen interaktiven Zeitleiste! <\/b><br>Besuchen Sie Ihre Website, um die Zeitleiste in Aktion zu sehen und Besucher auf visuell ansprechende Weise anzusprechen! <\/li><\/ol><p>Weitere Informationen finden Sie in unserem umfassenden Leitfaden zum <a href=\"https:\/\/elfsight.com\/blog\/how-to-embed-timeline-to-website\/\" target=\"_blank\" rel=\"noopener\">Wie man eine benutzerdefinierte Timeline auf einer Website erstellt<\/a>.<\/p><\/div><div class=\"faq\" data-component=\"FAQ\"><div class=\"faq-item\">\r\n\t\t\t\t\t<div class=\"faq-item-question\">\r\n\t\t\t\t\t\t<h3 class=\"faq-item-question-text\">Ist das Timeline-Widget f\u00fcr Squarespace kostenlos? <\/h3>\r\n\r\n\t\t\t\t\t\t<div class=\"faq-item-question-icon\"><\/div>\r\n\t\t\t\t\t<\/div>\r\n\r\n\t\t\t\t\t<div class=\"faq-item-answer\">\r\n\t\t\t\t\t\t<div class=\"faq-item-answer-text\">Ja, Elfsight bietet ein Abonnementmodell mit einer kostenlosen Stufe an. Greifen Sie kostenlos auf die Grundfunktionen des Timeline-Widgets zu. F\u00fcr weitere Anpassungen stehen Premium-Pl\u00e4ne zur Verf\u00fcgung. <\/div>\r\n\t\t\t\t\t<\/div>\r\n\t\t\t\t<\/div><div class=\"faq-item\">\r\n\t\t\t\t\t<div class=\"faq-item-question\">\r\n\t\t\t\t\t\t<h3 class=\"faq-item-question-text\">Ben\u00f6tige ich Programmierkenntnisse, um das Timeline-Widget zu verwenden? <\/h3>\r\n\r\n\t\t\t\t\t\t<div class=\"faq-item-question-icon\"><\/div>\r\n\t\t\t\t\t<\/div>\r\n\r\n\t\t\t\t\t<div class=\"faq-item-answer\">\r\n\t\t\t\t\t\t<div class=\"faq-item-answer-text\">Nein, f\u00fcr den Squarespace Timeline Builder von Elfsight sind keine Programmierkenntnisse erforderlich. Erstellen Sie Ihre Zeitleiste mit dem benutzerfreundlichen Editor. <\/div>\r\n\t\t\t\t\t<\/div>\r\n\t\t\t\t<\/div><div class=\"faq-item\">\r\n\t\t\t\t\t<div class=\"faq-item-question\">\r\n\t\t\t\t\t\t<h3 class=\"faq-item-question-text\">Wie kann ich eine interaktive Zeitleiste f\u00fcr Squarespace erstellen? <\/h3>\r\n\r\n\t\t\t\t\t\t<div class=\"faq-item-question-icon\"><\/div>\r\n\t\t\t\t\t<\/div>\r\n\r\n\t\t\t\t\t<div class=\"faq-item-answer\">\r\n\t\t\t\t\t\t<div class=\"faq-item-answer-text\">W\u00e4hlen Sie einfach eine Vorlage aus dem Editor aus, passen Sie sie nach Bedarf an und betten Sie sie mit einem eindeutigen Code in Ihre Website ein. <\/div>\r\n\t\t\t\t\t<\/div>\r\n\t\t\t\t<\/div><div class=\"faq-item\">\r\n\t\t\t\t\t<div class=\"faq-item-question\">\r\n\t\t\t\t\t\t<h3 class=\"faq-item-question-text\">Welche Arten von Zeitleisten kann ich erstellen? <\/h3>\r\n\r\n\t\t\t\t\t\t<div class=\"faq-item-question-icon\"><\/div>\r\n\t\t\t\t\t<\/div>\r\n\r\n\t\t\t\t\t<div class=\"faq-item-answer\">\r\n\t\t\t\t\t\t<div class=\"faq-item-answer-text\">Sie k\u00f6nnen eine Vielzahl von Zeitleisten erstellen: Unternehmensgeschichte, Produktentwicklung, Aufgabenplan, Veranstaltungskalender und mehr. Das Elfsight Timeline-Widget ist flexibel genug, um sich an Ihre individuellen Bed\u00fcrfnisse anzupassen.<\/div>\r\n\t\t\t\t\t<\/div>\r\n\t\t\t\t<\/div><\/div>","protected":false},"excerpt":{"rendered":"","protected":false},"author":9,"featured_media":0,"parent":24929,"menu_order":0,"comment_status":"closed","ping_status":"closed","template":"templates\/template-application-platform.php","meta":{"publish_to_discourse":"","publish_post_category":"","wpdc_auto_publish_overridden":"","wpdc_topic_tags":"","wpdc_pin_topic":"","wpdc_pin_until":"","discourse_post_id":"","discourse_permalink":"","wpdc_publishing_response":"","wpdc_publishing_error":"","footnotes":""},"class_list":["post-25012","page","type-page","status-publish","hentry"],"yoast_head":"<!-- This site is optimized with the Yoast SEO plugin v25.3.1 - https:\/\/yoast.com\/wordpress\/plugins\/seo\/ -->\n<title>Squarespace Timeline-Widget \u2013 F\u00fcgen Sie Ihrer Seite eine kostenlose Timeline hinzu<\/title>\n<meta name=\"description\" content=\"Erstellen Sie eine benutzerdefinierte Chronologie f\u00fcr Ihre Website. Pr\u00e4sentieren Sie Ihre Geschichte, Markierungen und Fortschritte ganz einfach mit einem vollst\u00e4ndig anpassbaren Zeitleisten-Widget auf Squarespace.\" \/>\n<meta name=\"robots\" content=\"index, follow, max-snippet:-1, max-image-preview:large, max-video-preview:-1\" \/>\n<link rel=\"canonical\" href=\"https:\/\/elfsight.com\/de\/timeline-widget\/squarespace\/\" \/>\n<meta property=\"og:locale\" content=\"de_DE\" \/>\n<meta property=\"og:type\" content=\"article\" \/>\n<meta property=\"og:title\" content=\"Squarespace Timeline-Widget \u2013 F\u00fcgen Sie Ihrer Seite eine kostenlose Timeline hinzu\" \/>\n<meta property=\"og:description\" content=\"Erstellen Sie eine benutzerdefinierte Chronologie f\u00fcr Ihre Website. Pr\u00e4sentieren Sie Ihre Geschichte, Markierungen und Fortschritte ganz einfach mit einem vollst\u00e4ndig anpassbaren Zeitleisten-Widget auf Squarespace.\" \/>\n<meta property=\"og:url\" content=\"https:\/\/elfsight.com\/de\/timeline-widget\/squarespace\/\" \/>\n<meta property=\"og:site_name\" content=\"Elfsight DE\" \/>\n<meta property=\"article:modified_time\" content=\"2025-07-10T08:38:23+00:00\" \/>\n<meta name=\"twitter:card\" content=\"summary_large_image\" \/>\n<meta name=\"twitter:label1\" content=\"Gesch\u00e4tzte Lesezeit\" \/>\n\t<meta name=\"twitter:data1\" content=\"4\u00a0Minuten\" \/>\n<!-- \/ Yoast SEO plugin. -->","yoast_head_json":{"title":"Squarespace Timeline-Widget \u2013 F\u00fcgen Sie Ihrer Seite eine kostenlose Timeline hinzu","description":"Erstellen Sie eine benutzerdefinierte Chronologie f\u00fcr Ihre Website. Pr\u00e4sentieren Sie Ihre Geschichte, Markierungen und Fortschritte ganz einfach mit einem vollst\u00e4ndig anpassbaren Zeitleisten-Widget auf Squarespace.","robots":{"index":"index","follow":"follow","max-snippet":"max-snippet:-1","max-image-preview":"max-image-preview:large","max-video-preview":"max-video-preview:-1"},"canonical":"https:\/\/elfsight.com\/de\/timeline-widget\/squarespace\/","og_locale":"de_DE","og_type":"article","og_title":"Squarespace Timeline-Widget \u2013 F\u00fcgen Sie Ihrer Seite eine kostenlose Timeline hinzu","og_description":"Erstellen Sie eine benutzerdefinierte Chronologie f\u00fcr Ihre Website. Pr\u00e4sentieren Sie Ihre Geschichte, Markierungen und Fortschritte ganz einfach mit einem vollst\u00e4ndig anpassbaren Zeitleisten-Widget auf Squarespace.","og_url":"https:\/\/elfsight.com\/de\/timeline-widget\/squarespace\/","og_site_name":"Elfsight DE","article_modified_time":"2025-07-10T08:38:23+00:00","twitter_card":"summary_large_image","twitter_misc":{"Gesch\u00e4tzte Lesezeit":"4\u00a0Minuten"},"schema":{"@context":"https:\/\/schema.org","@graph":[{"@type":"WebPage","@id":"https:\/\/elfsight.com\/de\/timeline-widget\/squarespace\/","url":"https:\/\/elfsight.com\/de\/timeline-widget\/squarespace\/","name":"Squarespace Timeline-Widget \u2013 F\u00fcgen Sie Ihrer Seite eine kostenlose Timeline hinzu","isPartOf":{"@id":"https:\/\/elfsight.com\/de\/#website"},"datePublished":"2024-06-11T07:49:44+00:00","dateModified":"2025-07-10T08:38:23+00:00","description":"Erstellen Sie eine benutzerdefinierte Chronologie f\u00fcr Ihre Website. Pr\u00e4sentieren Sie Ihre Geschichte, Markierungen und Fortschritte ganz einfach mit einem vollst\u00e4ndig anpassbaren Zeitleisten-Widget auf Squarespace.","breadcrumb":{"@id":"https:\/\/elfsight.com\/de\/timeline-widget\/squarespace\/#breadcrumb"},"inLanguage":"de","potentialAction":[{"@type":"ReadAction","target":["https:\/\/elfsight.com\/de\/timeline-widget\/squarespace\/"]}]},{"@type":"BreadcrumbList","@id":"https:\/\/elfsight.com\/de\/timeline-widget\/squarespace\/#breadcrumb","itemListElement":[{"@type":"ListItem","position":1,"name":"Home","item":"https:\/\/elfsight.com\/de\/"},{"@type":"ListItem","position":2,"name":"Timeline","item":"https:\/\/elfsight.com\/de\/timeline-widget\/"},{"@type":"ListItem","position":3,"name":"Timeline &#8211; Squarespace"}]},{"@type":"WebSite","@id":"https:\/\/elfsight.com\/de\/#website","url":"https:\/\/elfsight.com\/de\/","name":"Elfsight DE","description":"Just another Elfsight Sites site","potentialAction":[{"@type":"SearchAction","target":{"@type":"EntryPoint","urlTemplate":"https:\/\/elfsight.com\/de\/?s={search_term_string}"},"query-input":{"@type":"PropertyValueSpecification","valueRequired":true,"valueName":"search_term_string"}}],"inLanguage":"de"}]}},"meta_box":{"industry":"","seo_heading":"","heading":"","description":"","cta_heading":"","cta_description":"","application":"24928","h1":"Timeline-Plugin f\u00fcr Squarespace","h1_caption":"Zeigen Sie eine ansprechende Zeitleiste mit Erfolgen an, um Ihre Erz\u00e4hlung, Fortschrittserfolge oder Etappen mit einer interaktiven Roadmap auf Squarespace zu pr\u00e4sentieren.","application_category":[],"applications_title":"","applications_request_title":"","applications_request_button_text":"","hero_text":"","hero_video":"","hero_video_schema_markup":"","selling_points_title":"","selling_points_caption":"","selling_points":[],"selling_points_cta_text":"","features_title":"","features":"","ed_cta_examples_text":"","ed_cta_examples_hidden":"","ed_cta_demo_text":"","ed_cta_demo_hidden":"","why_caption":"","why_editor_title":"","why_editor_text":"","why_team_title":"","why_team_text":"","why_service_title":"","why_service_text":"","template_catalog_visible":"0","template_catalog_title":"","template_catalog_text":"","template_catalog_categories_visible":"","demo_title":"Erstellen Sie Ihr Squarespace Timeline-Plugin","demo_caption":"Passen Sie Ihre Zeitleiste an und f\u00fcgen Sie sie ganz einfach zu Ihrer Website hinzu!","default_faq_hidden":"","app_template_category":[],"platform":"252","template_public_id":"","codecanyon_url":"","codecanyon_item_id":"","codecanyon_price":"","pricing_caption":"","pricing_elfsight_apps_hide_column":"","pricing_elfsight_apps_url":"","pricing_codecanyon_price_caption":"","integration_category":[],"integration_request_title":"","integration_request_cta":"","integration_platform":"","integrations":[],"platform_category":[],"video_schema_markup":"","price":"ab 0 $ \/ Monat","trial":"","benefits":[],"button_url":"#demo","button_target_blank":"0","button_nofollow":"0","attributes":[{"name":"Installiert","content":"50,000 - 100,000","_state":"expanded"},{"name":"Reaktionsfreudig","content":"Ja","_state":"expanded"},{"name":"Kompatible Browser","content":"Firefox, Safari, Opera, Chrome, Edge","_state":"expanded"}],"tags":[],"tags_disable_links":"0","hide_more_platforms":"0","video_object":"","demo_hide_cta":"0","demo_hide_cloud_options":"0","pricing_title":"","pricing":[{"pricing_icon":"platform","pricing_title":"Elfsight Apps","pricing_title_caption":"Plattform\u00fcbergreifende Software, die f\u00fcr jede Website geeignet ist","pricing_price":"ab 0 $ \/ Monat","pricing_price_caption":"Beginnen Sie mit einem kostenlosen Plan","pricing_benefits":"[object Object],[object Object],[object Object],[object Object]","pricing_button_text":"Zur Website hinzuf\u00fcgen","pricing_button_url":"#demo"}],"related_apps_title":"","related_apps_hidden":"0","author":"","image":[],"title":"","job":"","social_networks":[]},"_links":{"self":[{"href":"https:\/\/elfsight.com\/de\/wp-json\/wp\/v2\/pages\/25012","targetHints":{"allow":["GET"]}}],"collection":[{"href":"https:\/\/elfsight.com\/de\/wp-json\/wp\/v2\/pages"}],"about":[{"href":"https:\/\/elfsight.com\/de\/wp-json\/wp\/v2\/types\/page"}],"author":[{"embeddable":true,"href":"https:\/\/elfsight.com\/de\/wp-json\/wp\/v2\/users\/9"}],"replies":[{"embeddable":true,"href":"https:\/\/elfsight.com\/de\/wp-json\/wp\/v2\/comments?post=25012"}],"version-history":[{"count":1,"href":"https:\/\/elfsight.com\/de\/wp-json\/wp\/v2\/pages\/25012\/revisions"}],"predecessor-version":[{"id":25016,"href":"https:\/\/elfsight.com\/de\/wp-json\/wp\/v2\/pages\/25012\/revisions\/25016"}],"up":[{"embeddable":true,"href":"https:\/\/elfsight.com\/de\/wp-json\/wp\/v2\/pages\/24929"}],"wp:attachment":[{"href":"https:\/\/elfsight.com\/de\/wp-json\/wp\/v2\/media?parent=25012"}],"curies":[{"name":"wp","href":"https:\/\/api.w.org\/{rel}","templated":true}]}}