{"id":25011,"date":"2024-06-11T07:59:44","date_gmt":"2024-06-11T07:59:44","guid":{"rendered":"https:\/\/elfsight.com\/de\/?page_id=25011"},"modified":"2025-07-10T08:39:18","modified_gmt":"2025-07-10T08:39:18","slug":"wix","status":"publish","type":"page","link":"https:\/\/elfsight.com\/de\/timeline-widget\/wix\/","title":{"rendered":"Timeline &#8211; Wix"},"content":{"rendered":"<div class=\"application-platform-content-item-description application-platform-content-item\" id=\"description\" data-nav-section=\"description\"><h2>Timeline Builder f\u00fcr Wix<\/h2><p><span style=\"font-weight: 400\">Erstellen Sie eine detaillierte, interaktive Zeitleiste f\u00fcr Ihre Wix-Website, ohne dass Programmieren erforderlich ist. Mit dem Wix Timeline Builder von Elfsight k\u00f6nnen Sie anpassbare Meilensteinanzeigen hinzuf\u00fcgen, die Ihre Benutzer fesseln. Egal, ob Sie Ihre Unternehmensgeschichte teilen, Projektphasen verfolgen oder die Produktentwicklung pr\u00e4sentieren, mit diesem Widget k\u00f6nnen Sie ganz einfach eine einzigartige Zeitleiste erstellen, die Ihren Anforderungen entspricht.<\/span><\/p><ul><li><strong>Erstellen Sie interaktive Zeitleisten ohne Code. <br \/><\/strong><span style=\"font-weight: 400\">Erstellen Sie in wenigen Minuten eine voll funktionsf\u00e4hige Zeitleiste, ohne dass technisches Fachwissen erforderlich ist, und beginnen Sie sofort mit der Interaktion mit Ihren Besuchern.<\/span><\/li><li><p><b>Erweiterte Anpassungsoptionen<br \/><\/b><span style=\"font-weight: 400\">Personalisieren Sie das Design und Layout Ihres Widgets mit einer Vielzahl anpassbarer Vorlagen, Farben, Schriftarten und Einstellungen f\u00fcr ein einzigartiges, markenbezogenes Widget Erfahrung.<\/span><\/p><\/li><li><p><b>Reibungsloser Einbettungsprozess<br \/><\/b><span style=\"font-weight: 400\">Betten Sie Ihre benutzerdefinierte Timeline mit einem einfachen HTML-Code ganz einfach in Ihre Wix-Website ein, ohne dass technischer Aufwand erforderlich ist.<\/span><\/p><\/li><li><p><b>Reaktionsf\u00e4higer Kundensupport<br \/><\/b><span style=\"font-weight: 400\">Unser engagiertes Support-Team ist immer verf\u00fcgbar, um Sie bei der Einrichtung zu unterst\u00fctzen und sicherzustellen, dass Ihre Timeline einwandfrei auf Ihrer Website funktioniert.<\/span><\/p><\/li><\/ul><p><b>Probieren Sie die Elfsight Wix Timeline aus, um Besucher anzusprechen und Ihre Meilensteine \u200b\u200bstilvoll zu pr\u00e4sentieren!<\/b><\/p><p><\/div><br \/><div class=\"application-platform-content-item-features application-platform-content-item\" id=\"features\" data-nav-section=\"features\"><\/p><h2><b>Was Sie mit der Wix Timeline tun k\u00f6nnen <\/b><\/h2><ul><li><b>Beeindrucken Sie Besucher visuell<br \/><\/b>Erregen Sie die Aufmerksamkeit Ihrer Besucher, indem Sie Ihren Verlauf, Ihre Meilensteine \u200b\u200boder Ihren Fortschritt auf interaktive und ansprechende Weise anzeigen. Eine visuelle Zeitleiste hilft dabei, Inhalte in einem einfachen, leicht verst\u00e4ndlichen Format zu pr\u00e4sentieren, das Benutzer zum weiteren Erkunden anregt.<\/li><li><b style=\"font-size: revert;color: initial\">Pr\u00e4sentieren Sie Fortschritte und Ereignisse<br \/><\/b>Von Unternehmensmeilensteinen bis hin zur Projektverfolgung: Nutzen Sie die Zeitleiste, um einen chronologischen \u00dcberblick \u00fcber wichtige Ereignisse und Phasen zu bieten. Dies hilft den Besuchern, Ihre Reise zu verstehen, und h\u00e4lt ihr Interesse an Ihren Updates aufrecht.<\/li><li><b style=\"font-size: revert;color: initial\">Heben Sie wichtige Erfolge hervor<br \/><\/b>Machen Sie besondere Betonung auf Ihre wichtigsten Meilensteine, Ereignisse oder Erfolge. Pr\u00e4sentieren Sie Ihre Erfolgsgeschichten in einem attraktiven, leicht verst\u00e4ndlichen Format.<\/li><\/ul><p><a href=\"#demo\"><span style=\"font-weight: 400\">Probieren Sie den Editor aus, um sich einen \u00dcberblick zu verschaffen.<\/span><\/a><\/p><p><\/div><br \/><div class=\"application-platform-content-item-installation application-platform-content-item\" id=\"installation\" data-nav-section=\"installation\"><\/p><h2><b>So binden Sie eine ein Timeline auf Wix<\/b><\/h2><p><span style=\"font-weight: 400\">Das Hinzuf\u00fcgen der Wix-Timeline zu Ihrer Website ist einfach und erfordert keine Programmierung. Befolgen Sie einfach diese einfachen Schritte, um loszulegen:<\/span><\/p><ol><li><b>Erstellen Sie Ihre benutzerdefinierte Wix-Timeline<\/b><b><br \/><\/b><span style=\"font-weight: 400\">W\u00e4hlen Sie zun\u00e4chst eine Vorlage aus unserem Editor aus und personalisieren Sie sie entsprechend Ihren Anforderungen. Passen Sie das Layout an, f\u00fcgen Sie Meilensteine \u200b\u200bhinzu und passen Sie das Design an den Stil Ihrer Website an.<\/span><\/li><li><b>Holen Sie sich Ihren einzigartigen Einbettungscode<\/b><b><br \/><\/b><span style=\"font-weight: 400\">Sobald Sie mit der Anpassung Ihrer Timeline fertig sind, erhalten Sie einen einzigartigen HTML-Code. Kopieren Sie diesen Code zur sp\u00e4teren Verwendung.<\/span><\/li><li><b>Betten Sie den Code in Ihre Wix-Website ein<\/b><b><br \/><\/b><span style=\"font-weight: 400\">F\u00fcgen Sie den kopierten HTML-Code in den gew\u00fcnschten Abschnitt Ihrer Wix-Seite ein und speichern Sie die \u00c4nderungen. Ihre interaktive Zeitleiste ist jetzt auf Ihrer Website verf\u00fcgbar!<\/span><\/li><li style=\"font-weight: 400\"><b>Viel Spa\u00df mit Ihrer neuen interaktiven Zeitleiste!<\/b><b><br \/><\/b><span style=\"font-weight: 400\">Besuchen Sie Ihre Website, um die Zeitleiste in Aktion zu sehen und Besucher auf visuell dynamische Weise anzusprechen!<\/span><\/li><li style=\"list-style-type: none\">\u00a0<\/li><\/ol><p><span style=\"font-weight: 400\">Ausf\u00fchrlichere Anweisungen finden Sie in unserem Leitfaden <\/span><a href=\"https:\/\/elfsight.com\/blog\/how-to-embed-timeline-to-website\/\" target=\"_blank\" rel=\"noopener\"><span style=\"font-weight: 400\">wie Sie Ihrer Website eine Zeitleiste hinzuf\u00fcgen<\/span><\/a><span style=\"font-weight: 400\">.<\/span><\/p><p><\/div><\/p><div class=\"faq\" data-component=\"FAQ\"><div class=\"faq-item\">\r\n\t\t\t\t\t<div class=\"faq-item-question\">\r\n\t\t\t\t\t\t<h3 class=\"faq-item-question-text\"><\/h3>\r\n\r\n\t\t\t\t\t\t<div class=\"faq-item-question-icon\"><\/div>\r\n\t\t\t\t\t<\/div>\r\n\r\n\t\t\t\t\t<div class=\"faq-item-answer\">\r\n\t\t\t\t\t\t<div class=\"faq-item-answer-text\">Ja, Elfsight bietet ein mehrschichtiges Abonnement-Framework, das einen kostenlosen Plan beinhaltet. Sie k\u00f6nnen das Elfsight Timeline-Widget kostenlos nutzen und erhalten Zugriff auf alle wesentlichen Funktionen. Um noch mehr Anpassungsm\u00f6glichkeiten freizuschalten, stehen kostenpflichtige Pl\u00e4ne zur Verf\u00fcgung.<\/div>\r\n\t\t\t\t\t<\/div>\r\n\t\t\t\t<\/div><div class=\"faq-item\">\r\n\t\t\t\t\t<div class=\"faq-item-question\">\r\n\t\t\t\t\t\t<h3 class=\"faq-item-question-text\">Ben\u00f6tige ich Programmierkenntnisse, um das Timeline-Widget zu verwenden?<\/h3>\r\n\r\n\t\t\t\t\t\t<div class=\"faq-item-question-icon\"><\/div>\r\n\t\t\t\t\t<\/div>\r\n\r\n\t\t\t\t\t<div class=\"faq-item-answer\">\r\n\t\t\t\t\t\t<div class=\"faq-item-answer-text\">Nein, f\u00fcr den Timeline-Builder von Wix von Elfsight sind keine Programmierkenntnisse erforderlich. Mit unserem Drag-and-Drop-Editor k\u00f6nnen Sie Ihre Zeitleiste ganz einfach erstellen und anpassen.<\/div>\r\n\t\t\t\t\t<\/div>\r\n\t\t\t\t<\/div><div class=\"faq-item\">\r\n\t\t\t\t\t<div class=\"faq-item-question\">\r\n\t\t\t\t\t\t<h3 class=\"faq-item-question-text\"><\/h3>\r\n\r\n\t\t\t\t\t\t<div class=\"faq-item-question-icon\"><\/div>\r\n\t\t\t\t\t<\/div>\r\n\r\n\t\t\t\t\t<div class=\"faq-item-answer\">\r\n\t\t\t\t\t\t<div class=\"faq-item-answer-text\">W\u00e4hlen Sie einfach eine Vorlage aus dem Editor aus, passen Sie sie an Ihre Bed\u00fcrfnisse an und betten Sie die Zeitleiste mithilfe eines eindeutigen HTML-Codes in Ihre Website von Wix ein.<\/div>\r\n\t\t\t\t\t<\/div>\r\n\t\t\t\t<\/div><div class=\"faq-item\">\r\n\t\t\t\t\t<div class=\"faq-item-question\">\r\n\t\t\t\t\t\t<h3 class=\"faq-item-question-text\"><\/h3>\r\n\r\n\t\t\t\t\t\t<div class=\"faq-item-question-icon\"><\/div>\r\n\t\t\t\t\t<\/div>\r\n\r\n\t\t\t\t\t<div class=\"faq-item-answer\">\r\n\t\t\t\t\t\t<div class=\"faq-item-answer-text\"><p>Sie k\u00f6nnen eine Vielzahl von erstellen Zeitleisten f\u00fcr Ihre Wix-Website, wie zum Beispiel:<\/p><ul><li><strong>Unternehmensgeschichte<\/strong>: Teilen Sie die Entwicklung und das Wachstum Ihres Unternehmens und heben Sie wichtige Meilensteine \u200b\u200bund Erfolge hervor.<\/li><li><strong>Produktentwicklung<\/strong>: Pr\u00e4sentieren Sie den Fortschritt Ihres Produkts vom Konzept bis zur Markteinf\u00fchrung und beschreiben Sie alle wichtigen Phasen.<\/li><li><strong>Projektfortschritt<\/strong>: Verfolgen und zeigen Sie die verschiedenen Phasen und Stadien Ihrer laufenden oder abgeschlossenen Projekte an.<\/li><li><strong>Veranstaltung Zeitpl\u00e4ne<\/strong>: Pr\u00e4sentieren Sie Zeitpl\u00e4ne f\u00fcr Veranstaltungen, Konferenzen oder Produkteinf\u00fchrungen und stellen Sie Besuchern alle notwendigen Informationen an einem Ort zur Verf\u00fcgung.<\/li><\/ul><\/div>\r\n\t\t\t\t\t<\/div>\r\n\t\t\t\t<\/div><\/div>","protected":false},"excerpt":{"rendered":"","protected":false},"author":9,"featured_media":0,"parent":24929,"menu_order":0,"comment_status":"closed","ping_status":"closed","template":"templates\/template-application-platform.php","meta":{"publish_to_discourse":"","publish_post_category":"","wpdc_auto_publish_overridden":"","wpdc_topic_tags":"","wpdc_pin_topic":"","wpdc_pin_until":"","discourse_post_id":"","discourse_permalink":"","wpdc_publishing_response":"","wpdc_publishing_error":"","footnotes":""},"class_list":["post-25011","page","type-page","status-publish","hentry"],"yoast_head":"<!-- This site is optimized with the Yoast SEO plugin v25.3.1 - https:\/\/yoast.com\/wordpress\/plugins\/seo\/ -->\n<title>Zeitleisten-Widget \u2013 Verlaufszeile auf der Website von Wix einbetten [KOSTENLOS]<\/title>\n<meta name=\"description\" content=\"F\u00fcgen Sie Ihrer Wix-Website eine benutzerdefinierte Zeitleiste hinzu. Pr\u00e4sentieren Sie ganz einfach Ihren Verlauf, Ihre Meilensteine \u200b\u200bund Ihren Projektfortschritt mit einem vollst\u00e4ndig anpassbaren Timeline-Widget von Wix.\" \/>\n<meta name=\"robots\" content=\"index, follow, max-snippet:-1, max-image-preview:large, max-video-preview:-1\" \/>\n<link rel=\"canonical\" href=\"https:\/\/elfsight.com\/de\/timeline-widget\/wix\/\" \/>\n<meta property=\"og:locale\" content=\"de_DE\" \/>\n<meta property=\"og:type\" content=\"article\" \/>\n<meta property=\"og:title\" content=\"Zeitleisten-Widget \u2013 Verlaufszeile auf der Website von Wix einbetten [KOSTENLOS]\" \/>\n<meta property=\"og:description\" content=\"F\u00fcgen Sie Ihrer Wix-Website eine benutzerdefinierte Zeitleiste hinzu. Pr\u00e4sentieren Sie ganz einfach Ihren Verlauf, Ihre Meilensteine \u200b\u200bund Ihren Projektfortschritt mit einem vollst\u00e4ndig anpassbaren Timeline-Widget von Wix.\" \/>\n<meta property=\"og:url\" content=\"https:\/\/elfsight.com\/de\/timeline-widget\/wix\/\" \/>\n<meta property=\"og:site_name\" content=\"Elfsight DE\" \/>\n<meta property=\"article:modified_time\" content=\"2025-07-10T08:39:18+00:00\" \/>\n<meta name=\"twitter:card\" content=\"summary_large_image\" \/>\n<meta name=\"twitter:label1\" content=\"Gesch\u00e4tzte Lesezeit\" \/>\n\t<meta name=\"twitter:data1\" content=\"4\u00a0Minuten\" \/>\n<!-- \/ Yoast SEO plugin. -->","yoast_head_json":{"title":"Zeitleisten-Widget \u2013 Verlaufszeile auf der Website von Wix einbetten [KOSTENLOS]","description":"F\u00fcgen Sie Ihrer Wix-Website eine benutzerdefinierte Zeitleiste hinzu. Pr\u00e4sentieren Sie ganz einfach Ihren Verlauf, Ihre Meilensteine \u200b\u200bund Ihren Projektfortschritt mit einem vollst\u00e4ndig anpassbaren Timeline-Widget von Wix.","robots":{"index":"index","follow":"follow","max-snippet":"max-snippet:-1","max-image-preview":"max-image-preview:large","max-video-preview":"max-video-preview:-1"},"canonical":"https:\/\/elfsight.com\/de\/timeline-widget\/wix\/","og_locale":"de_DE","og_type":"article","og_title":"Zeitleisten-Widget \u2013 Verlaufszeile auf der Website von Wix einbetten [KOSTENLOS]","og_description":"F\u00fcgen Sie Ihrer Wix-Website eine benutzerdefinierte Zeitleiste hinzu. Pr\u00e4sentieren Sie ganz einfach Ihren Verlauf, Ihre Meilensteine \u200b\u200bund Ihren Projektfortschritt mit einem vollst\u00e4ndig anpassbaren Timeline-Widget von Wix.","og_url":"https:\/\/elfsight.com\/de\/timeline-widget\/wix\/","og_site_name":"Elfsight DE","article_modified_time":"2025-07-10T08:39:18+00:00","twitter_card":"summary_large_image","twitter_misc":{"Gesch\u00e4tzte Lesezeit":"4\u00a0Minuten"},"schema":{"@context":"https:\/\/schema.org","@graph":[{"@type":"WebPage","@id":"https:\/\/elfsight.com\/de\/timeline-widget\/wix\/","url":"https:\/\/elfsight.com\/de\/timeline-widget\/wix\/","name":"Zeitleisten-Widget \u2013 Verlaufszeile auf der Website von Wix einbetten [KOSTENLOS]","isPartOf":{"@id":"https:\/\/elfsight.com\/de\/#website"},"datePublished":"2024-06-11T07:59:44+00:00","dateModified":"2025-07-10T08:39:18+00:00","description":"F\u00fcgen Sie Ihrer Wix-Website eine benutzerdefinierte Zeitleiste hinzu. Pr\u00e4sentieren Sie ganz einfach Ihren Verlauf, Ihre Meilensteine \u200b\u200bund Ihren Projektfortschritt mit einem vollst\u00e4ndig anpassbaren Timeline-Widget von Wix.","breadcrumb":{"@id":"https:\/\/elfsight.com\/de\/timeline-widget\/wix\/#breadcrumb"},"inLanguage":"de","potentialAction":[{"@type":"ReadAction","target":["https:\/\/elfsight.com\/de\/timeline-widget\/wix\/"]}]},{"@type":"BreadcrumbList","@id":"https:\/\/elfsight.com\/de\/timeline-widget\/wix\/#breadcrumb","itemListElement":[{"@type":"ListItem","position":1,"name":"Home","item":"https:\/\/elfsight.com\/de\/"},{"@type":"ListItem","position":2,"name":"Timeline","item":"https:\/\/elfsight.com\/de\/timeline-widget\/"},{"@type":"ListItem","position":3,"name":"Timeline &#8211; Wix"}]},{"@type":"WebSite","@id":"https:\/\/elfsight.com\/de\/#website","url":"https:\/\/elfsight.com\/de\/","name":"Elfsight DE","description":"Just another Elfsight Sites site","potentialAction":[{"@type":"SearchAction","target":{"@type":"EntryPoint","urlTemplate":"https:\/\/elfsight.com\/de\/?s={search_term_string}"},"query-input":{"@type":"PropertyValueSpecification","valueRequired":true,"valueName":"search_term_string"}}],"inLanguage":"de"}]}},"meta_box":{"industry":"","seo_heading":"","heading":"","description":"","cta_heading":"","cta_description":"","application":"24928","h1":"Timeline-App f\u00fcr Wix","h1_caption":"Zeigen Sie eine ansprechende Zeitleiste mit Ereignissen an, um Ihre Geschichte, Projektmeilensteine \u200b\u200boder Ereignisse mit einer interaktiven Zeitleiste auf Wix zu pr\u00e4sentieren","application_category":[],"applications_title":"","applications_request_title":"","applications_request_button_text":"","hero_text":"","hero_video":"","hero_video_schema_markup":"","selling_points_title":"","selling_points_caption":"","selling_points":[],"selling_points_cta_text":"","features_title":"","features":"","ed_cta_examples_text":"","ed_cta_examples_hidden":"","ed_cta_demo_text":"","ed_cta_demo_hidden":"","why_caption":"","why_editor_title":"","why_editor_text":"","why_team_title":"","why_team_text":"","why_service_title":"","why_service_text":"","template_catalog_visible":"0","template_catalog_title":"","template_catalog_text":"","template_catalog_categories_visible":"","demo_title":"Erstellen Sie Ihre Wix Timeline-App","demo_caption":"Passen Sie Ihre Zeitleiste an und f\u00fcgen Sie sie ganz einfach zu Ihrer Website hinzu!","default_faq_hidden":"","app_template_category":[],"platform":"265","template_public_id":"","codecanyon_url":"","codecanyon_item_id":"","codecanyon_price":"","pricing_caption":"","pricing_elfsight_apps_hide_column":"","pricing_elfsight_apps_url":"","pricing_codecanyon_price_caption":"","integration_category":[],"integration_request_title":"","integration_request_cta":"","integration_platform":"","integrations":[],"platform_category":[],"video_schema_markup":"","price":"ab 0 $ \/ Monat","trial":"","benefits":[],"button_url":"#demo","button_target_blank":"0","button_nofollow":"0","attributes":[{"name":"Installiert","content":"50,000 - 100,000","_state":"expanded"},{"name":"Reaktionsfreudig","content":"Ja","_state":"expanded"},{"name":"Kompatible Browser","content":"Firefox, Safari, Opera, Chrome, Edge","_state":"expanded"}],"tags":[],"tags_disable_links":"0","hide_more_platforms":"0","video_object":"","demo_hide_cta":"0","demo_hide_cloud_options":"0","pricing_title":"","pricing":[{"pricing_icon":"platform","pricing_title":"Elfsight Apps","pricing_title_caption":"Plattform\u00fcbergreifende Software, die f\u00fcr jede Website geeignet ist","pricing_price":"ab 0 $ \/ Monat","pricing_price_caption":"Beginnen Sie mit einem kostenlosen Plan","pricing_benefits":"[object Object],[object Object],[object Object],[object Object]","pricing_button_text":"Zur Website hinzuf\u00fcgen","pricing_button_url":"#demo"}],"related_apps_title":"","related_apps_hidden":"0","author":"","image":[],"title":"","job":"","social_networks":[]},"_links":{"self":[{"href":"https:\/\/elfsight.com\/de\/wp-json\/wp\/v2\/pages\/25011","targetHints":{"allow":["GET"]}}],"collection":[{"href":"https:\/\/elfsight.com\/de\/wp-json\/wp\/v2\/pages"}],"about":[{"href":"https:\/\/elfsight.com\/de\/wp-json\/wp\/v2\/types\/page"}],"author":[{"embeddable":true,"href":"https:\/\/elfsight.com\/de\/wp-json\/wp\/v2\/users\/9"}],"replies":[{"embeddable":true,"href":"https:\/\/elfsight.com\/de\/wp-json\/wp\/v2\/comments?post=25011"}],"version-history":[{"count":3,"href":"https:\/\/elfsight.com\/de\/wp-json\/wp\/v2\/pages\/25011\/revisions"}],"predecessor-version":[{"id":25334,"href":"https:\/\/elfsight.com\/de\/wp-json\/wp\/v2\/pages\/25011\/revisions\/25334"}],"up":[{"embeddable":true,"href":"https:\/\/elfsight.com\/de\/wp-json\/wp\/v2\/pages\/24929"}],"wp:attachment":[{"href":"https:\/\/elfsight.com\/de\/wp-json\/wp\/v2\/media?parent=25011"}],"curies":[{"name":"wp","href":"https:\/\/api.w.org\/{rel}","templated":true}]}}