{"id":25010,"date":"2024-06-11T08:19:44","date_gmt":"2024-06-11T08:19:44","guid":{"rendered":"https:\/\/elfsight.com\/de\/?page_id=25010"},"modified":"2025-07-10T08:37:02","modified_gmt":"2025-07-10T08:37:02","slug":"html","status":"publish","type":"page","link":"https:\/\/elfsight.com\/de\/timeline-widget\/html\/","title":{"rendered":"Timeline &#8211; HTML"},"content":{"rendered":"<div class=\"application-platform-content-item-description application-platform-content-item\" id=\"description\" data-nav-section=\"description\"><h2>HTML-Zeitleisten-Widget<\/h2> <p>Verbessern Sie Ihre HTML-Webseite, indem Sie eine interaktive Zeitleiste hinzuf\u00fcgen, um Ihre wichtigsten Ereignisse, Meilensteine \u200b\u200boder Aufgabenphasen zu pr\u00e4sentieren. Halten Sie Ihre Besucher mit einer visuell dynamischen und flexiblen Zeitleiste bei der Stange. Mit dem HTML-Timeline-Builder von Elfsight k\u00f6nnen Sie anpassbare Meilensteinmarkierungen hinzuf\u00fcgen, die Ihr Publikum fesseln. Egal, ob Sie Ihre Unternehmensgeschichte pr\u00e4sentieren, Projektphasen \u00fcberwachen oder die Produktentwicklung pr\u00e4sentieren, mit diesem Widget k\u00f6nnen Sie eine einzigartige und funktionale Zeitleiste erstellen, die Ihren Zielen entspricht.<\/p> <ul> <li><b>Erstellen Sie interaktive Zeitleisten ohne Code.<\/b><br> Erstellen Sie in nur wenigen Minuten eine voll funktionsf\u00e4hige Chronologie, ohne dass technisches Fachwissen erforderlich ist, und beginnen Sie sofort mit der Einbindung Ihrer Besucher.<\/li> <li><b>Erweiterte Anpassungsoptionen.<\/b><br> Personalisieren Sie Ihre Widgets Design und Layout mit flexiblen Vorlagen, Farben, Schriftarten und Einstellungen, um ein ma\u00dfgeschneidertes Markenerlebnis zu schaffen.<\/li> <li><b>Reibungsloser Einbettungsprozess.<\/b><br> Integrieren Sie Ihre benutzerdefinierte Zeitleiste mit einem einfachen HTML-Einbettungscode ganz einfach und ohne technischen Aufwand in Ihre HTML-Website.<\/li> <li><b>Reaktionsschneller Kundensupport.<\/b><br> Unser engagiertes Support-Team steht Ihnen jederzeit zur Verf\u00fcgung, um Sie bei der Einrichtung zu unterst\u00fctzen und sicherzustellen, dass Ihre Zeitleiste auf Ihrer Website perfekt funktioniert.<\/li> <\/ul> <p><b>Probieren Sie das HTML-Timeline-Widget von Elfsight aus, um Besucher anzusprechen und Ihre Erfolge auf visuell dynamische Weise hervorzuheben!<\/b><\/p> <\/div><div class=\"application-platform-content-item-features application-platform-content-item\" id=\"features\" data-nav-section=\"features\"><h2>Was Sie mit der HTML-Timeline tun k\u00f6nnen<\/h2> <ul> <li><strong>Beteiligen Sie Besucher visuell.<\/strong><br> Ziehen Sie Ihr Publikum mit einer dynamischen Timeline an Pr\u00e4sentiert Ihre wichtigsten Meilensteine \u200b\u200bin einem unkomplizierten, visuellen Format. Eine grafische Zeitleiste erm\u00f6glicht die leicht verst\u00e4ndliche Darstellung von Inhalten und regt Benutzer zur Interaktion und weiteren Erkundung an.<\/li> <li><strong>Pr\u00e4sentieren Sie Fortschritte und Ereignisse.<\/strong><br> Pr\u00e4sentieren Sie die Meilensteine \u200b\u200bund Projektphasen Ihres Unternehmens in chronologischer Reihenfolge, damit Ihre Besucher interessiert und \u00fcber Ihre laufende Arbeit und Erfolge informiert bleiben.<\/li> <li><strong>Heben Sie wichtige Erfolge hervor.<\/strong><br> Legen Sie den Schwerpunkt auf Ihre bedeutendsten Meilensteine \u200b\u200boder Erfolge. Pr\u00e4sentieren Sie Ihre Erfolgsgeschichten in einem klaren, leicht verst\u00e4ndlichen Format, das Aufmerksamkeit erregt und zu weiterem Engagement einl\u00e4dt.<\/li> <\/ul> <p><a href=\"#demo\">Schauen Sie sich den Editor an, um alle Funktionen des Timeline-Widgets zu sehen.<\/a><\/p><\/div><div class=\"application-platform-content-item-installation application-platform-content-item\" id=\"installation\" data-nav-section=\"installation\"><h2>So betten Sie eine Timeline in HTML ein<\/h2> <p>Hinzuf\u00fcgen des Das Timeline-Widget f\u00fcr Ihre HTML-Seite l\u00e4sst sich schnell und einfach erstellen, ohne dass Programmierkenntnisse erforderlich sind. Befolgen Sie einfach diese einfachen Schritte:<\/p> <ol> <li><b>Erstellen Sie Ihre benutzerdefinierte HTML-Timeline<\/b><br> W\u00e4hlen Sie zun\u00e4chst eine Vorlage aus unserem Editor aus und passen Sie sie an Ihre Bed\u00fcrfnisse an. \u00c4ndern Sie das Layout, f\u00fcgen Sie Meilensteine \u200b\u200bhinzu und passen Sie das Design an das Erscheinungsbild Ihrer Website an.<\/li> <li><b>Holen Sie sich Ihren einzigartigen Einbettungscode<\/b><br> Nachdem Sie die Anpassung Ihrer Timeline abgeschlossen haben, erhalten Sie einen einzigartigen HTML-Code. Kopieren Sie diesen Code zur sp\u00e4teren Verwendung.<\/li> <li><b>Betten Sie den Code in Ihre HTML-Seite ein<\/b><br> F\u00fcgen Sie den kopierten HTML-Code in den entsprechenden Abschnitt Ihrer Webseite ein und speichern Sie die \u00c4nderungen. Ihre interaktive Zeitleiste wird live sein!<\/li> <li><b>Viel Spa\u00df mit Ihrer neuen interaktiven Zeitleiste!<\/b><br> Besuchen Sie Ihre Website, um Ihre Zeitleiste in Aktion zu sehen und Besucher auf interaktive und optisch ansprechende Weise anzusprechen!<\/li> <\/ol> <p>Weitere Informationen finden Sie in unserem umfassenden Leitfaden auf <a href=\"https:\/\/elfsight.com\/blog\/how-to-embed-timeline-to-website\/\" target=\"_blank\" rel=\"noopener\">So erstellen Sie eine benutzerdefinierte Timeline auf einer Website<\/a>.<\/p><\/div><div class=\"faq\" data-component=\"FAQ\"><div class=\"faq-item\">\r\n\t\t\t\t\t<div class=\"faq-item-question\">\r\n\t\t\t\t\t\t<h3 class=\"faq-item-question-text\"><\/h3>\r\n\r\n\t\t\t\t\t\t<div class=\"faq-item-question-icon\"><\/div>\r\n\t\t\t\t\t<\/div>\r\n\r\n\t\t\t\t\t<div class=\"faq-item-answer\">\r\n\t\t\t\t\t\t<div class=\"faq-item-answer-text\">Ja, Elfsight bietet ein Abonnementmodell mit einem kostenlosen Plan an. Greifen Sie kostenlos auf die Grundfunktionen des Timeline-Widgets zu. F\u00fcr weitere Anpassungen stehen kostenpflichtige Optionen zur Verf\u00fcgung.<\/div>\r\n\t\t\t\t\t<\/div>\r\n\t\t\t\t<\/div><div class=\"faq-item\">\r\n\t\t\t\t\t<div class=\"faq-item-question\">\r\n\t\t\t\t\t\t<h3 class=\"faq-item-question-text\">Ben\u00f6tige ich Programmierkenntnisse, um das Timeline-Widget zu verwenden?<\/h3>\r\n\r\n\t\t\t\t\t\t<div class=\"faq-item-question-icon\"><\/div>\r\n\t\t\t\t\t<\/div>\r\n\r\n\t\t\t\t\t<div class=\"faq-item-answer\">\r\n\t\t\t\t\t\t<div class=\"faq-item-answer-text\">Nein, f\u00fcr den HTML-Timeline-Builder von Elfsight sind keine Programmierkenntnisse erforderlich. Sie k\u00f6nnen Ihre Zeitleiste ganz einfach mit unserem intuitiven Editor erstellen und anpassen.<\/div>\r\n\t\t\t\t\t<\/div>\r\n\t\t\t\t<\/div><div class=\"faq-item\">\r\n\t\t\t\t\t<div class=\"faq-item-question\">\r\n\t\t\t\t\t\t<h3 class=\"faq-item-question-text\">Wie kann ich eine interaktive Zeitleiste f\u00fcr HTML erstellen?<\/h3>\r\n\r\n\t\t\t\t\t\t<div class=\"faq-item-question-icon\"><\/div>\r\n\t\t\t\t\t<\/div>\r\n\r\n\t\t\t\t\t<div class=\"faq-item-answer\">\r\n\t\t\t\t\t\t<div class=\"faq-item-answer-text\">W\u00e4hlen Sie einfach eine Vorlage aus dem Editor aus, passen Sie sie nach Bedarf an und betten Sie sie mit einem einzigartigen HTML-Einbettungscode in Ihre Website ein.<\/div>\r\n\t\t\t\t\t<\/div>\r\n\t\t\t\t<\/div><div class=\"faq-item\">\r\n\t\t\t\t\t<div class=\"faq-item-question\">\r\n\t\t\t\t\t\t<h3 class=\"faq-item-question-text\"><\/h3>\r\n\r\n\t\t\t\t\t\t<div class=\"faq-item-question-icon\"><\/div>\r\n\t\t\t\t\t<\/div>\r\n\r\n\t\t\t\t\t<div class=\"faq-item-answer\">\r\n\t\t\t\t\t\t<div class=\"faq-item-answer-text\"><p>Sie k\u00f6nnen eine Vielzahl von Zeitleisten f\u00fcr Ihre HTML-Website erstellen, z als:<\/p> <ul> <li><strong>Unternehmensgeschichte<\/strong>: Zeigen Sie die Entwicklung und das Wachstum Ihres Unternehmens an und heben Sie wichtige Erfolge und Meilensteine \u200b\u200bhervor.<\/li> <li><strong>Produktentwicklung<\/strong>: Pr\u00e4sentieren Sie den Weg Ihres Produkts von der Konzeption bis zur Markteinf\u00fchrung und beschreiben Sie jeden wichtigen Schritt.<\/li> <li><strong>Projektfortschritt<\/strong>: Verfolgen und zeigen Sie verschiedene Phasen Ihrer laufenden oder abgeschlossenen Projekte an.<\/li> <li><strong>Veranstaltungspl\u00e4ne<\/strong>: Pr\u00e4sentieren Sie Zeitpl\u00e4ne f\u00fcr Veranstaltungen, Konferenzen oder Produkteinf\u00fchrungen, sodass Besucher alle notwendigen Informationen leicht an einem Ort finden k\u00f6nnen.<\/li> <\/ul> <\/div>\r\n\t\t\t\t\t<\/div>\r\n\t\t\t\t<\/div><\/div>","protected":false},"excerpt":{"rendered":"","protected":false},"author":9,"featured_media":0,"parent":24929,"menu_order":0,"comment_status":"closed","ping_status":"closed","template":"templates\/template-application-platform.php","meta":{"publish_to_discourse":"","publish_post_category":"","wpdc_auto_publish_overridden":"","wpdc_topic_tags":"","wpdc_pin_topic":"","wpdc_pin_until":"","discourse_post_id":"","discourse_permalink":"","wpdc_publishing_response":"","wpdc_publishing_error":"","footnotes":""},"class_list":["post-25010","page","type-page","status-publish","hentry"],"yoast_head":"<!-- This site is optimized with the Yoast SEO plugin v25.3.1 - https:\/\/yoast.com\/wordpress\/plugins\/seo\/ -->\n<title>Zeitleisten-Widget \u2013 F\u00fcgen Sie Ihrer HTML-Seite eine responsive Zeitleiste hinzu<\/title>\n<meta name=\"description\" content=\"Werten Sie Ihre HTML-Website mit einer dynamischen Zeitleiste auf. Zeigen Sie Ihre Meilensteine, Fortschritte und wichtigen Ereignisse mit einem vollst\u00e4ndig anpassbaren Widget von Elfsight an.\" \/>\n<meta name=\"robots\" content=\"index, follow, max-snippet:-1, max-image-preview:large, max-video-preview:-1\" \/>\n<link rel=\"canonical\" href=\"https:\/\/elfsight.com\/de\/timeline-widget\/html\/\" \/>\n<meta property=\"og:locale\" content=\"de_DE\" \/>\n<meta property=\"og:type\" content=\"article\" \/>\n<meta property=\"og:title\" content=\"Zeitleisten-Widget \u2013 F\u00fcgen Sie Ihrer HTML-Seite eine responsive Zeitleiste hinzu\" \/>\n<meta property=\"og:description\" content=\"Werten Sie Ihre HTML-Website mit einer dynamischen Zeitleiste auf. Zeigen Sie Ihre Meilensteine, Fortschritte und wichtigen Ereignisse mit einem vollst\u00e4ndig anpassbaren Widget von Elfsight an.\" \/>\n<meta property=\"og:url\" content=\"https:\/\/elfsight.com\/de\/timeline-widget\/html\/\" \/>\n<meta property=\"og:site_name\" content=\"Elfsight DE\" \/>\n<meta property=\"article:modified_time\" content=\"2025-07-10T08:37:02+00:00\" \/>\n<meta name=\"twitter:card\" content=\"summary_large_image\" \/>\n<meta name=\"twitter:label1\" content=\"Gesch\u00e4tzte Lesezeit\" \/>\n\t<meta name=\"twitter:data1\" content=\"4\u00a0Minuten\" \/>\n<!-- \/ Yoast SEO plugin. -->","yoast_head_json":{"title":"Zeitleisten-Widget \u2013 F\u00fcgen Sie Ihrer HTML-Seite eine responsive Zeitleiste hinzu","description":"Werten Sie Ihre HTML-Website mit einer dynamischen Zeitleiste auf. Zeigen Sie Ihre Meilensteine, Fortschritte und wichtigen Ereignisse mit einem vollst\u00e4ndig anpassbaren Widget von Elfsight an.","robots":{"index":"index","follow":"follow","max-snippet":"max-snippet:-1","max-image-preview":"max-image-preview:large","max-video-preview":"max-video-preview:-1"},"canonical":"https:\/\/elfsight.com\/de\/timeline-widget\/html\/","og_locale":"de_DE","og_type":"article","og_title":"Zeitleisten-Widget \u2013 F\u00fcgen Sie Ihrer HTML-Seite eine responsive Zeitleiste hinzu","og_description":"Werten Sie Ihre HTML-Website mit einer dynamischen Zeitleiste auf. Zeigen Sie Ihre Meilensteine, Fortschritte und wichtigen Ereignisse mit einem vollst\u00e4ndig anpassbaren Widget von Elfsight an.","og_url":"https:\/\/elfsight.com\/de\/timeline-widget\/html\/","og_site_name":"Elfsight DE","article_modified_time":"2025-07-10T08:37:02+00:00","twitter_card":"summary_large_image","twitter_misc":{"Gesch\u00e4tzte Lesezeit":"4\u00a0Minuten"},"schema":{"@context":"https:\/\/schema.org","@graph":[{"@type":"WebPage","@id":"https:\/\/elfsight.com\/de\/timeline-widget\/html\/","url":"https:\/\/elfsight.com\/de\/timeline-widget\/html\/","name":"Zeitleisten-Widget \u2013 F\u00fcgen Sie Ihrer HTML-Seite eine responsive Zeitleiste hinzu","isPartOf":{"@id":"https:\/\/elfsight.com\/de\/#website"},"datePublished":"2024-06-11T08:19:44+00:00","dateModified":"2025-07-10T08:37:02+00:00","description":"Werten Sie Ihre HTML-Website mit einer dynamischen Zeitleiste auf. Zeigen Sie Ihre Meilensteine, Fortschritte und wichtigen Ereignisse mit einem vollst\u00e4ndig anpassbaren Widget von Elfsight an.","breadcrumb":{"@id":"https:\/\/elfsight.com\/de\/timeline-widget\/html\/#breadcrumb"},"inLanguage":"de","potentialAction":[{"@type":"ReadAction","target":["https:\/\/elfsight.com\/de\/timeline-widget\/html\/"]}]},{"@type":"BreadcrumbList","@id":"https:\/\/elfsight.com\/de\/timeline-widget\/html\/#breadcrumb","itemListElement":[{"@type":"ListItem","position":1,"name":"Home","item":"https:\/\/elfsight.com\/de\/"},{"@type":"ListItem","position":2,"name":"Timeline","item":"https:\/\/elfsight.com\/de\/timeline-widget\/"},{"@type":"ListItem","position":3,"name":"Timeline &#8211; HTML"}]},{"@type":"WebSite","@id":"https:\/\/elfsight.com\/de\/#website","url":"https:\/\/elfsight.com\/de\/","name":"Elfsight DE","description":"Just another Elfsight Sites site","potentialAction":[{"@type":"SearchAction","target":{"@type":"EntryPoint","urlTemplate":"https:\/\/elfsight.com\/de\/?s={search_term_string}"},"query-input":{"@type":"PropertyValueSpecification","valueRequired":true,"valueName":"search_term_string"}}],"inLanguage":"de"}]}},"meta_box":{"industry":"","seo_heading":"","heading":"","description":"","cta_heading":"","cta_description":"","application":"24928","h1":"Timeline-Plugin f\u00fcr HTML","h1_caption":"Erstellen Sie eine ansprechende Zeitleiste, um wichtige Meilensteine \u200b\u200bund Erfolge auf Ihrer HTML-Website zu pr\u00e4sentieren. Zeigen Sie Ihre wichtigsten Ereignisse ganz einfach in einem optisch ansprechenden und interaktiven Format an.","application_category":[],"applications_title":"","applications_request_title":"","applications_request_button_text":"","hero_text":"","hero_video":"","hero_video_schema_markup":"","selling_points_title":"","selling_points_caption":"","selling_points":[],"selling_points_cta_text":"","features_title":"","features":"","ed_cta_examples_text":"","ed_cta_examples_hidden":"","ed_cta_demo_text":"","ed_cta_demo_hidden":"","why_caption":"","why_editor_title":"","why_editor_text":"","why_team_title":"","why_team_text":"","why_service_title":"","why_service_text":"","template_catalog_visible":"0","template_catalog_title":"","template_catalog_text":"","template_catalog_categories_visible":"","demo_title":"Erstellen Sie Ihr HTML-Timeline-Widget","demo_caption":"Passen Sie Ihre Zeitleiste an und f\u00fcgen Sie sie ganz einfach zu Ihrer Website hinzu!","default_faq_hidden":"","app_template_category":[],"platform":"260","template_public_id":"","codecanyon_url":"","codecanyon_item_id":"","codecanyon_price":"","pricing_caption":"","pricing_elfsight_apps_hide_column":"","pricing_elfsight_apps_url":"","pricing_codecanyon_price_caption":"","integration_category":[],"integration_request_title":"","integration_request_cta":"","integration_platform":"","integrations":[],"platform_category":[],"video_schema_markup":"","price":"ab 0 $ \/ Monat","trial":"","benefits":[],"button_url":"#demo","button_target_blank":"0","button_nofollow":"0","attributes":[{"name":"Installiert","content":"50,000 - 100,000","_state":"expanded"},{"name":"Reaktionsfreudig","content":"Ja","_state":"expanded"},{"name":"Kompatible Browser","content":"Firefox, Safari, Opera, Chrome, Edge","_state":"expanded"}],"tags":[],"tags_disable_links":"0","hide_more_platforms":"0","video_object":"","demo_hide_cta":"0","demo_hide_cloud_options":"0","pricing_title":"","pricing":[{"pricing_icon":"platform","pricing_title":"Elfsight Apps","pricing_title_caption":"Plattform\u00fcbergreifende Software, die f\u00fcr jede Website geeignet ist","pricing_price":"ab 0 $ \/ Monat","pricing_price_caption":"Beginnen Sie mit einem kostenlosen Plan","pricing_benefits":"[object Object],[object Object],[object Object],[object Object]","pricing_button_text":"Zur Website hinzuf\u00fcgen","pricing_button_url":"#demo"}],"related_apps_title":"","related_apps_hidden":"0","author":"","image":[],"title":"","job":"","social_networks":[]},"_links":{"self":[{"href":"https:\/\/elfsight.com\/de\/wp-json\/wp\/v2\/pages\/25010","targetHints":{"allow":["GET"]}}],"collection":[{"href":"https:\/\/elfsight.com\/de\/wp-json\/wp\/v2\/pages"}],"about":[{"href":"https:\/\/elfsight.com\/de\/wp-json\/wp\/v2\/types\/page"}],"author":[{"embeddable":true,"href":"https:\/\/elfsight.com\/de\/wp-json\/wp\/v2\/users\/9"}],"replies":[{"embeddable":true,"href":"https:\/\/elfsight.com\/de\/wp-json\/wp\/v2\/comments?post=25010"}],"version-history":[{"count":3,"href":"https:\/\/elfsight.com\/de\/wp-json\/wp\/v2\/pages\/25010\/revisions"}],"predecessor-version":[{"id":25333,"href":"https:\/\/elfsight.com\/de\/wp-json\/wp\/v2\/pages\/25010\/revisions\/25333"}],"up":[{"embeddable":true,"href":"https:\/\/elfsight.com\/de\/wp-json\/wp\/v2\/pages\/24929"}],"wp:attachment":[{"href":"https:\/\/elfsight.com\/de\/wp-json\/wp\/v2\/media?parent=25010"}],"curies":[{"name":"wp","href":"https:\/\/api.w.org\/{rel}","templated":true}]}}