{"id":25003,"date":"2024-06-13T07:49:44","date_gmt":"2024-06-13T07:49:44","guid":{"rendered":"https:\/\/elfsight.com\/de\/?page_id=25003"},"modified":"2025-07-10T08:36:23","modified_gmt":"2025-07-10T08:36:23","slug":"elementor","status":"publish","type":"page","link":"https:\/\/elfsight.com\/de\/timeline-widget\/elementor\/","title":{"rendered":"Timeline &#8211; Elementor"},"content":{"rendered":"<div class=\"application-platform-content-item-description application-platform-content-item\" id=\"description\" data-nav-section=\"description\"><h2>Elementor-Timeline-Widget<\/h2> <p>Entwerfen Sie eine dynamische, interaktive Timeline f\u00fcr Ihre Elementor-Website, ohne Code schreiben zu m\u00fcssen. Mit dem Elementor Timeline Builder von Elfsight k\u00f6nnen Sie personalisierte Meilensteine \u200b\u200bhinzuf\u00fcgen, die Ihre Website-Besucher fesseln und fesseln. Ganz gleich, ob Sie die Reise Ihres Unternehmens darstellen, Produktentwicklungen hervorheben oder wichtige Projektmeilensteine \u200b\u200bverfolgen m\u00f6chten, mit diesem Tool k\u00f6nnen Sie ganz einfach eine Zeitleiste erstellen, die Ihren Anforderungen entspricht.<\/p> <ul> <li><strong>Erstellen Sie m\u00fchelos interaktive Zeitleisten.<\/strong> <br>Erstellen Sie in k\u00fcrzester Zeit eine voll funktionsf\u00e4hige Zeitleiste, ohne dass Sie Programmierkenntnisse ben\u00f6tigen. Binden Sie Ihre Website-Besucher sofort ein, indem Sie eine Zeitleiste hinzuf\u00fcgen, die Ihre Meilensteine \u200b\u200bzum Leben erweckt.<\/li> <li><strong>Umfassende Anpassungsoptionen.<\/strong> <br>\u00c4ndern Sie das Erscheinungsbild Ihrer Zeitleiste, indem Sie aus verschiedenen Vorlagen, Farbschemata, Schriftarten und mehr w\u00e4hlen. Passen Sie alles perfekt an das Branding Ihrer Website an.<\/li> <li><strong>Reibungsloser Einbettungsprozess.<\/strong> <br>F\u00fcgen Sie einfach den HTML-Code zu Ihrer Elementor-Website hinzu und Ihre Timeline wird mit nur wenigen Klicks live geschaltet. Kein technischer Aufwand \u2013 es geht schnell und einfach.<\/li> <li><strong>Edividueller Kundensupport.<\/strong> <br>Wenn Sie Hilfe ben\u00f6tigen, ist unser Support-Team f\u00fcr Sie da. Wir setzen uns daf\u00fcr ein, dass Ihre Zeitleiste auf Ihrer Elementor-Website reibungslos funktioniert.<\/li> <\/ul> <p><b>Beginnen Sie mit der Nutzung der Elementor-Zeitleiste von Elfsight, um Ihre Besucher anzusprechen und Ihre Meilensteine \u200b\u200bstilvoll zu pr\u00e4sentieren!<\/b><\/p> <\/div><div class=\"application-platform-content-item-features application-platform-content-item\" id=\"features\" data-nav-section=\"features\"><h2>Was Sie mit der Elementor-Zeitleiste tun k\u00f6nnen<\/h2> <ul> <li><strong>Fesseln Sie Ihre Besucher visuell.<\/strong><br>Pr\u00e4sentieren Sie Ihre Geschichte, Meilensteine \u200b\u200boder Produktfortschritte auf interaktive, optisch ansprechende Weise. Eine Zeitleiste hilft dabei, komplexe Informationen aufzuschl\u00fcsseln und erleichtert es Besuchern, Ihre Reise auf einen Blick zu erfassen.<\/li> <li><strong>Heben Sie Meilensteine \u200b\u200bund Erfolge hervor.<\/strong> <br>Von Produkteinf\u00fchrungen bis hin zu wichtigen Unternehmensmeilensteinen: Nutzen Sie die Zeitleiste, um eine chronologische Ansicht der wichtigsten Ereignisse und Phasen zu bieten. Es h\u00e4lt Besucher auf dem Laufenden und ermutigt sie, Ihre Fortschritte zu erkunden.<\/li> <li><strong>Pr\u00e4sentieren Sie Ihre Erfolge.<\/strong><br>Heben Sie die bedeutendsten Erfolge oder Ereignisse in Ihrer Chronik hervor. Pr\u00e4sentieren Sie sie in einem visuell organisierten Format, das es Benutzern leicht macht, Ihre Leistungen zu verfolgen und zu w\u00fcrdigen.<\/li> <\/ul> <p><a href=\"#demo\">Probieren Sie den Editor aus, um alle verf\u00fcgbaren Optionen anzuzeigen.<\/a><\/p> <\/div><div class=\"application-platform-content-item-installation application-platform-content-item\" id=\"installation\" data-nav-section=\"installation\"><h2>So f\u00fcgen Sie eine Zeitleiste zu Elementor hinzu<\/h2> <p>Einbetten der Elementor-Zeitleiste auf Ihrer Website ist einfach und erfordert keine Programmierung. Befolgen Sie einfach diese einfachen Schritte, um loszulegen:<\/p> <ol> <li><b>Verwalten Sie unseren Konfigurator und beginnen Sie mit der Erstellung Ihres eigenen No-Code-Plugins.<\/b><br> W\u00e4hlen Sie das benutzerdefinierte Erscheinungsbild und die Funktionen der App und implementieren Sie die \u00c4nderungen.<\/li> <li><b>Erhalten Sie den pers\u00f6nlichen Einbettungscode, der im Fenster von Elfsight Apps angezeigt wird.<\/b><br> Kopieren Sie nach Abschluss der Einrichtung den pers\u00f6nlichen Code im angezeigten Popup und bewahren Sie ihn zur sp\u00e4teren Verwendung auf.<\/li> <li><b>Beginnen Sie mit der Implementierung des Plugins auf Elementor-Seiten.<\/b><br> F\u00fcgen Sie den zuvor gespeicherten Code in Ihre Webseite ein und \u00fcbernehmen Sie die \u00c4nderungen.<\/li> <li><b>Fertig! Die Einbettung Ihres No-Code-Plugins ist vollst\u00e4ndig abgeschlossen.<\/b><br> Besuchen Sie Ihre Website, um die Leistung der erweiterten chronologischen Anzeige zu sehen.<\/li> <\/ol> <p>Ausf\u00fchrliche Anweisungen finden Sie in unserer Anleitung zum Erstellen einer benutzerdefinierten Zeitleiste auf einer Website<\/a>.<\/p> <\/div><div class=\"faq\" data-component=\"FAQ\"> <div class=\"faq-item\">\r\n\t\t\t\t\t<div class=\"faq-item-question\">\r\n\t\t\t\t\t\t<h3 class=\"faq-item-question-text\">Ist das Timeline-Widget f\u00fcr Elementor kostenlos?<\/h3>\r\n\r\n\t\t\t\t\t\t<div class=\"faq-item-question-icon\"><\/div>\r\n\t\t\t\t\t<\/div>\r\n\r\n\t\t\t\t\t<div class=\"faq-item-answer\">\r\n\t\t\t\t\t\t<div class=\"faq-item-answer-text\"> Ja, Elfsight bietet einen flexiblen Abonnementplan, einschlie\u00dflich einer kostenlosen Version. Sie k\u00f6nnen das Elementor-Timeline-Widget kostenlos mit Zugriff auf grundlegende Funktionen verwenden, w\u00e4hrend kostenpflichtige Pl\u00e4ne f\u00fcr erweiterte Anpassungsoptionen verf\u00fcgbar sind. <\/div>\r\n\t\t\t\t\t<\/div>\r\n\t\t\t\t<\/div> <div class=\"faq-item\">\r\n\t\t\t\t\t<div class=\"faq-item-question\">\r\n\t\t\t\t\t\t<h3 class=\"faq-item-question-text\">Ben\u00f6tige ich Programmierkenntnisse, um das Timeline-Widget zu verwenden?<\/h3>\r\n\r\n\t\t\t\t\t\t<div class=\"faq-item-question-icon\"><\/div>\r\n\t\t\t\t\t<\/div>\r\n\r\n\t\t\t\t\t<div class=\"faq-item-answer\">\r\n\t\t\t\t\t\t<div class=\"faq-item-answer-text\"> Nein, der Elementor Timeline Builder von Elfsight erfordert keine Programmierkenntnisse. Mit dem benutzerfreundlichen Drag-and-Drop-Editor k\u00f6nnen Sie Ihre Timeline erstellen und personalisieren. <\/div>\r\n\t\t\t\t\t<\/div>\r\n\t\t\t\t<\/div> <div class=\"faq-item\">\r\n\t\t\t\t\t<div class=\"faq-item-question\">\r\n\t\t\t\t\t\t<h3 class=\"faq-item-question-text\">Wie kann ich Elementor eine interaktive Zeitleiste hinzuf\u00fcgen?<\/h3>\r\n\r\n\t\t\t\t\t\t<div class=\"faq-item-question-icon\"><\/div>\r\n\t\t\t\t\t<\/div>\r\n\r\n\t\t\t\t\t<div class=\"faq-item-answer\">\r\n\t\t\t\t\t\t<div class=\"faq-item-answer-text\"> W\u00e4hlen Sie eine Vorlage aus dem Editor aus, passen Sie sie nach Ihren W\u00fcnschen an und betten Sie die Zeitleiste mit dem bereitgestellten eindeutigen HTML-Code in Ihre Elementor-Site ein. <\/div>\r\n\t\t\t\t\t<\/div>\r\n\t\t\t\t<\/div> <div class=\"faq-item\">\r\n\t\t\t\t\t<div class=\"faq-item-question\">\r\n\t\t\t\t\t\t<h3 class=\"faq-item-question-text\">Welche Arten von Zeitleisten kann ich erstellen?<\/h3>\r\n\r\n\t\t\t\t\t\t<div class=\"faq-item-question-icon\"><\/div>\r\n\t\t\t\t\t<\/div>\r\n\r\n\t\t\t\t\t<div class=\"faq-item-answer\">\r\n\t\t\t\t\t\t<div class=\"faq-item-answer-text\"><p>Sie k\u00f6nnen verschiedene Zeitleisten f\u00fcr Ihre Elementor-Site entwerfen, wie zum Beispiel:<\/p> <ul> <li><strong>Unternehmensgeschichte<\/strong>: Zeigen Sie die Reise Ihres Unternehmens im Laufe der Zeit an, mit wichtigen Meilensteinen und Gro\u00dfereignissen.<\/li> <li><strong>Produktentwicklung<\/strong>: Zeigen Sie die Phasen der Produktentwicklung vom Konzept bis zur Markteinf\u00fchrung an und skizzieren Sie die wichtigsten Phasen.<\/li> <li><strong>Projektphasen<\/strong>: Verfolgen und markieren Sie verschiedene Phasen Ihrer laufenden oder abgeschlossenen Projekte.<\/li> <li><strong>Veranstaltungspl\u00e4ne<\/strong>: Stellen Sie detaillierte Zeitpl\u00e4ne f\u00fcr Veranstaltungen, Produkteinf\u00fchrungen oder Werbeaktionen bereit und bieten Sie alle notwendigen Informationen an einem praktischen Ort.<\/li> <\/ul> <\/div>\r\n\t\t\t\t\t<\/div>\r\n\t\t\t\t<\/div> <\/div>","protected":false},"excerpt":{"rendered":"","protected":false},"author":9,"featured_media":0,"parent":24929,"menu_order":0,"comment_status":"closed","ping_status":"closed","template":"templates\/template-application-platform.php","meta":{"publish_to_discourse":"","publish_post_category":"","wpdc_auto_publish_overridden":"","wpdc_topic_tags":"","wpdc_pin_topic":"","wpdc_pin_until":"","discourse_post_id":"","discourse_permalink":"","wpdc_publishing_response":"","wpdc_publishing_error":"","footnotes":""},"class_list":["post-25003","page","type-page","status-publish","hentry"],"yoast_head":"<!-- This site is optimized with the Yoast SEO plugin v25.3.1 - https:\/\/yoast.com\/wordpress\/plugins\/seo\/ -->\n<title>Elementor-Timeline \u2013 Interaktive Timeline zur Website hinzuf\u00fcgen (kostenlos)<\/title>\n<meta name=\"description\" content=\"F\u00fcgen Sie kostenlos eine benutzerdefinierte Elementor-Timeline hinzu. Pr\u00e4sentieren Sie Ihren Fortschritt, wichtige Ereignisse und Meilensteine \u200b\u200bmit dem interaktiven Zeitleisten-Widget von Elfsight. Keine Codierung erforderlich.\" \/>\n<meta name=\"robots\" content=\"index, follow, max-snippet:-1, max-image-preview:large, max-video-preview:-1\" \/>\n<link rel=\"canonical\" href=\"https:\/\/elfsight.com\/de\/timeline-widget\/elementor\/\" \/>\n<meta property=\"og:locale\" content=\"de_DE\" \/>\n<meta property=\"og:type\" content=\"article\" \/>\n<meta property=\"og:title\" content=\"Elementor-Timeline \u2013 Interaktive Timeline zur Website hinzuf\u00fcgen (kostenlos)\" \/>\n<meta property=\"og:description\" content=\"F\u00fcgen Sie kostenlos eine benutzerdefinierte Elementor-Timeline hinzu. Pr\u00e4sentieren Sie Ihren Fortschritt, wichtige Ereignisse und Meilensteine \u200b\u200bmit dem interaktiven Zeitleisten-Widget von Elfsight. Keine Codierung erforderlich.\" \/>\n<meta property=\"og:url\" content=\"https:\/\/elfsight.com\/de\/timeline-widget\/elementor\/\" \/>\n<meta property=\"og:site_name\" content=\"Elfsight DE\" \/>\n<meta property=\"article:modified_time\" content=\"2025-07-10T08:36:23+00:00\" \/>\n<meta name=\"twitter:card\" content=\"summary_large_image\" \/>\n<meta name=\"twitter:label1\" content=\"Gesch\u00e4tzte Lesezeit\" \/>\n\t<meta name=\"twitter:data1\" content=\"4\u00a0Minuten\" \/>\n<!-- \/ Yoast SEO plugin. -->","yoast_head_json":{"title":"Elementor-Timeline \u2013 Interaktive Timeline zur Website hinzuf\u00fcgen (kostenlos)","description":"F\u00fcgen Sie kostenlos eine benutzerdefinierte Elementor-Timeline hinzu. Pr\u00e4sentieren Sie Ihren Fortschritt, wichtige Ereignisse und Meilensteine \u200b\u200bmit dem interaktiven Zeitleisten-Widget von Elfsight. Keine Codierung erforderlich.","robots":{"index":"index","follow":"follow","max-snippet":"max-snippet:-1","max-image-preview":"max-image-preview:large","max-video-preview":"max-video-preview:-1"},"canonical":"https:\/\/elfsight.com\/de\/timeline-widget\/elementor\/","og_locale":"de_DE","og_type":"article","og_title":"Elementor-Timeline \u2013 Interaktive Timeline zur Website hinzuf\u00fcgen (kostenlos)","og_description":"F\u00fcgen Sie kostenlos eine benutzerdefinierte Elementor-Timeline hinzu. Pr\u00e4sentieren Sie Ihren Fortschritt, wichtige Ereignisse und Meilensteine \u200b\u200bmit dem interaktiven Zeitleisten-Widget von Elfsight. Keine Codierung erforderlich.","og_url":"https:\/\/elfsight.com\/de\/timeline-widget\/elementor\/","og_site_name":"Elfsight DE","article_modified_time":"2025-07-10T08:36:23+00:00","twitter_card":"summary_large_image","twitter_misc":{"Gesch\u00e4tzte Lesezeit":"4\u00a0Minuten"},"schema":{"@context":"https:\/\/schema.org","@graph":[{"@type":"WebPage","@id":"https:\/\/elfsight.com\/de\/timeline-widget\/elementor\/","url":"https:\/\/elfsight.com\/de\/timeline-widget\/elementor\/","name":"Elementor-Timeline \u2013 Interaktive Timeline zur Website hinzuf\u00fcgen (kostenlos)","isPartOf":{"@id":"https:\/\/elfsight.com\/de\/#website"},"datePublished":"2024-06-13T07:49:44+00:00","dateModified":"2025-07-10T08:36:23+00:00","description":"F\u00fcgen Sie kostenlos eine benutzerdefinierte Elementor-Timeline hinzu. Pr\u00e4sentieren Sie Ihren Fortschritt, wichtige Ereignisse und Meilensteine \u200b\u200bmit dem interaktiven Zeitleisten-Widget von Elfsight. Keine Codierung erforderlich.","breadcrumb":{"@id":"https:\/\/elfsight.com\/de\/timeline-widget\/elementor\/#breadcrumb"},"inLanguage":"de","potentialAction":[{"@type":"ReadAction","target":["https:\/\/elfsight.com\/de\/timeline-widget\/elementor\/"]}]},{"@type":"BreadcrumbList","@id":"https:\/\/elfsight.com\/de\/timeline-widget\/elementor\/#breadcrumb","itemListElement":[{"@type":"ListItem","position":1,"name":"Home","item":"https:\/\/elfsight.com\/de\/"},{"@type":"ListItem","position":2,"name":"Timeline","item":"https:\/\/elfsight.com\/de\/timeline-widget\/"},{"@type":"ListItem","position":3,"name":"Timeline &#8211; Elementor"}]},{"@type":"WebSite","@id":"https:\/\/elfsight.com\/de\/#website","url":"https:\/\/elfsight.com\/de\/","name":"Elfsight DE","description":"Just another Elfsight Sites site","potentialAction":[{"@type":"SearchAction","target":{"@type":"EntryPoint","urlTemplate":"https:\/\/elfsight.com\/de\/?s={search_term_string}"},"query-input":{"@type":"PropertyValueSpecification","valueRequired":true,"valueName":"search_term_string"}}],"inLanguage":"de"}]}},"meta_box":{"industry":"","seo_heading":"","heading":"","description":"","cta_heading":"","cta_description":"","application":"24928","h1":"Zeitleisten-Widget f\u00fcr Elementor","h1_caption":"Zeigen Sie eine ansprechende Zeitleiste an, um Ihre wichtigsten Meilensteine \u200b\u200bhervorzuheben, Ihre Geschichte oder Ereignisse mit einer interaktiven Zeitleiste auf Elementor zu pr\u00e4sentieren","application_category":[],"applications_title":"","applications_request_title":"","applications_request_button_text":"","hero_text":"","hero_video":"","hero_video_schema_markup":"","selling_points_title":"","selling_points_caption":"","selling_points":[],"selling_points_cta_text":"","features_title":"","features":"","ed_cta_examples_text":"","ed_cta_examples_hidden":"","ed_cta_demo_text":"","ed_cta_demo_hidden":"","why_caption":"","why_editor_title":"","why_editor_text":"","why_team_title":"","why_team_text":"","why_service_title":"","why_service_text":"","template_catalog_visible":"0","template_catalog_title":"","template_catalog_text":"","template_catalog_categories_visible":"","demo_title":"Erstellen Sie Ihr Elementor-Timeline-Widget","demo_caption":"Passen Sie Ihre Zeitleiste an und f\u00fcgen Sie sie ganz einfach zu Ihrer Website hinzu!","default_faq_hidden":"","app_template_category":[],"platform":"223","template_public_id":"","codecanyon_url":"","codecanyon_item_id":"","codecanyon_price":"","pricing_caption":"","pricing_elfsight_apps_hide_column":"","pricing_elfsight_apps_url":"","pricing_codecanyon_price_caption":"","integration_category":[],"integration_request_title":"","integration_request_cta":"","integration_platform":"","integrations":[],"platform_category":[],"video_schema_markup":"","price":"ab 0 $ \/ Monat","trial":"","benefits":[],"button_url":"#demo","button_target_blank":"0","button_nofollow":"0","attributes":[{"name":"Installiert","content":"50,000 - 100,000","_state":"expanded"},{"name":"Reaktionsfreudig","content":"Ja","_state":"expanded"},{"name":"Kompatible Browser","content":"Firefox, Safari, Opera, Chrome, Edge","_state":"expanded"}],"tags":[],"tags_disable_links":"0","hide_more_platforms":"0","video_object":"","demo_hide_cta":"0","demo_hide_cloud_options":"0","pricing_title":"","pricing":[{"pricing_icon":"platform","pricing_title":"Elfsight Apps","pricing_title_caption":"Plattform\u00fcbergreifende Software, die f\u00fcr jede Website geeignet ist","pricing_price":"ab 0 $ \/ Monat","pricing_price_caption":"Beginnen Sie mit einem kostenlosen Plan","pricing_benefits":"[object Object],[object Object],[object Object],[object Object]","pricing_button_text":"Zur Website hinzuf\u00fcgen","pricing_button_url":"#demo"}],"related_apps_title":"","related_apps_hidden":"0","author":"","image":[],"title":"","job":"","social_networks":[]},"_links":{"self":[{"href":"https:\/\/elfsight.com\/de\/wp-json\/wp\/v2\/pages\/25003","targetHints":{"allow":["GET"]}}],"collection":[{"href":"https:\/\/elfsight.com\/de\/wp-json\/wp\/v2\/pages"}],"about":[{"href":"https:\/\/elfsight.com\/de\/wp-json\/wp\/v2\/types\/page"}],"author":[{"embeddable":true,"href":"https:\/\/elfsight.com\/de\/wp-json\/wp\/v2\/users\/9"}],"replies":[{"embeddable":true,"href":"https:\/\/elfsight.com\/de\/wp-json\/wp\/v2\/comments?post=25003"}],"version-history":[{"count":1,"href":"https:\/\/elfsight.com\/de\/wp-json\/wp\/v2\/pages\/25003\/revisions"}],"predecessor-version":[{"id":25007,"href":"https:\/\/elfsight.com\/de\/wp-json\/wp\/v2\/pages\/25003\/revisions\/25007"}],"up":[{"embeddable":true,"href":"https:\/\/elfsight.com\/de\/wp-json\/wp\/v2\/pages\/24929"}],"wp:attachment":[{"href":"https:\/\/elfsight.com\/de\/wp-json\/wp\/v2\/media?parent=25003"}],"curies":[{"name":"wp","href":"https:\/\/api.w.org\/{rel}","templated":true}]}}