{"id":25002,"date":"2024-06-13T08:49:44","date_gmt":"2024-06-13T08:49:44","guid":{"rendered":"https:\/\/elfsight.com\/de\/?page_id=25002"},"modified":"2025-07-10T08:36:45","modified_gmt":"2025-07-10T08:36:45","slug":"google-sites","status":"publish","type":"page","link":"https:\/\/elfsight.com\/de\/timeline-widget\/google-sites\/","title":{"rendered":"Timeline &#8211; Google Sites"},"content":{"rendered":"<div class=\"application-platform-content-item-description application-platform-content-item\" id=\"description\" data-nav-section=\"description\"><h2>Timeline Builder f\u00fcr Google Sites<\/h2><p>F\u00fcgen Sie eine interaktive Chronologie zu Ihren Google Sites hinzu, um Ereignisse, Meilensteine \u200b\u200boder Aufgabenphasen anzuzeigen, ohne dass Programmieraufwand erforderlich ist. Mit der Zeitleiste von Elfsight k\u00f6nnen Sie anpassbare Meilensteinpunkte einbetten, die Ihr Publikum fesseln. Egal, ob Sie Ihre Unternehmensgeschichte pr\u00e4sentieren, Projektphasen \u00fcberwachen oder die Produktentwicklung demonstrieren, mit diesem Widget k\u00f6nnen Sie ganz einfach einen einzigartigen Zeitplan entwerfen, der Ihren Zielen entspricht. <\/p><ul><li><b>Erstellen Sie interaktive Zeitleisten ohne Code<\/b><br>Erstellen Sie in wenigen Minuten eine voll funktionsf\u00e4hige Chronologie, ohne dass technisches Fachwissen erforderlich ist, und fangen Sie sofort an, Ihre Besucher einzubeziehen. <\/li><li><b>Erweiterte Anpassungsoptionen<\/b><br>Passen Sie das Design und Layout Ihres Widgets mit einer Vielzahl personalisierbarer Vorlagen, Farbt\u00f6ne, Schriftarten und Einstellungen an, um ein einzigartiges, unverwechselbares Erlebnis zu schaffen. <\/li><li><b>Reibungsloser Einbettungsprozess<\/b><br>Betten Sie Ihre einzigartige Zeitleiste mithilfe eines unkomplizierten HTML-Codes ganz einfach und ohne technischen Aufwand in Ihre Google Sites-Seite ein. <\/li><li><b>Responsiver Kundensupport<\/b><br>Unser hilfreiches Support-Team steht Ihnen jederzeit zur Verf\u00fcgung, um Sie bei der Einrichtung zu unterst\u00fctzen und sicherzustellen, dass Ihre Timeline auf Ihrer Website einwandfrei funktioniert. <\/li><\/ul><p><b>Probieren Sie die Zeitleiste von Elfsight Gogle Sites aus, um Besucher anzusprechen und Ihre Meilensteine \u200b\u200bstilvoll zu pr\u00e4sentieren! <\/b><\/p><\/div><div class=\"application-platform-content-item-features application-platform-content-item\" id=\"features\" data-nav-section=\"features\"><h2>Was Sie mit der Zeitleiste von Google Sites tun k\u00f6nnen<\/h2><ul><li><strong>Besucher visuell ansprechen<\/strong><br>Erregen Sie die Aufmerksamkeit Ihres Publikums mit einer dynamischen Zeitleiste, die Ihnen hilft, Meilensteine \u200b\u200bin einem leicht verst\u00e4ndlichen Format zu pr\u00e4sentieren. Eine visuelle Zeitleiste hilft dabei, Inhalte in einem einfachen Format zu pr\u00e4sentieren, das Benutzer dazu ermutigt, sich weiter zu engagieren. <\/li><li><strong>Pr\u00e4sentieren Sie Fortschritte und Ereignisse<\/strong><br>Verwenden Sie die Zeitleiste, um Ereignisse in chronologischer Reihenfolge hervorzuheben, damit Besucher Ihrer Geschichte folgen k\u00f6nnen. Dies hilft den G\u00e4sten, Ihre Reise zu verstehen und bindet sie in Ihre Neuigkeiten ein. <\/li><li><strong>Heben Sie wichtige Erfolge hervor<\/strong><br>Machen Sie Ihren wichtigsten Ereignissen besondere Bedeutung. Pr\u00e4sentieren Sie Ihre Erfolge. Pr\u00e4sentieren Sie Ihre wichtigsten Meilensteine \u200b\u200bin einem ansprechenden und leicht verst\u00e4ndlichen Format. <\/li><\/ul><p><a href=\"#demo\">Schauen Sie sich den Editor an, um einen vollst\u00e4ndigen \u00dcberblick zu erhalten. <\/a><\/p><\/div><div class=\"application-platform-content-item-installation application-platform-content-item\" id=\"installation\" data-nav-section=\"installation\"> <h2>So betten Sie eine Zeitleiste auf Google Sites ein<\/h2><p>Das Hinzuf\u00fcgen der Zeitleiste zu Ihrer Website ist m\u00fchelos und es ist keine Programmierung erforderlich. Befolgen Sie einfach diese einfachen Schritte, um loszulegen: <\/p><ol><li><b>Erstellen Sie Ihre benutzerdefinierte Google Sites-Timeline<\/b><br>W\u00e4hlen Sie zun\u00e4chst eine Vorlage aus unserem Editor aus und passen Sie sie entsprechend Ihren Anforderungen an.<\/li><li><b>Besorgen Sie sich Ihren einzigartigen Einbettungscode<\/b><br>Sobald Sie mit der Anpassung Ihrer Timeline fertig sind, erhalten Sie einen personalisierten HTML-Code. Kopieren Sie diesen Code zur sp\u00e4teren Verwendung. <\/li><li><b>Betten Sie den Code in Ihre Website ein<\/b><br>F\u00fcgen Sie den HTML-Code an der entsprechenden Stelle Ihrer Website ein und speichern Sie die Anpassungen. Ihre ansprechende Zeitleiste ist jetzt auf Ihrer Website funktionsf\u00e4hig! <\/li><li><b>Viel Spa\u00df mit Ihrer neuen interaktiven Zeitleiste! <\/b><br>Besuchen Sie Ihre Website, um die Zeitleiste in Aktion zu sehen und Besucher auf dynamisch ansprechende Weise anzulocken! <\/li><\/ol><p>Ausf\u00fchrlichere Anweisungen finden Sie in unserem Leitfaden zum <a href=\"https:\/\/elfsight.com\/blog\/how-to-embed-timeline-to-website\/\">wie Sie Ihrer Website eine Zeitleiste hinzuf\u00fcgen.<\/a><\/p><\/div><div class=\"faq\" data-component=\"FAQ\"><div class=\"faq-item\">\r\n\t\t\t\t\t<div class=\"faq-item-question\">\r\n\t\t\t\t\t\t<h3 class=\"faq-item-question-text\"><\/h3>\r\n\r\n\t\t\t\t\t\t<div class=\"faq-item-question-icon\"><\/div>\r\n\t\t\t\t\t<\/div>\r\n\r\n\t\t\t\t\t<div class=\"faq-item-answer\">\r\n\t\t\t\t\t\t<div class=\"faq-item-answer-text\">Ja, Elfsight bietet eine mehrschichtiges Abonnement-Framework, das einen kostenlosen Plan beinhaltet. Sie k\u00f6nnen das Elfsight Timeline-Widget kostenlos nutzen und erhalten Zugriff auf alle wesentlichen Funktionen. Um noch mehr Funktionen freizuschalten, stehen kostenpflichtige Pl\u00e4ne zur Verf\u00fcgung. <\/div>\r\n\t\t\t\t\t<\/div>\r\n\t\t\t\t<\/div><div class=\"faq-item\">\r\n\t\t\t\t\t<div class=\"faq-item-question\">\r\n\t\t\t\t\t\t<h3 class=\"faq-item-question-text\">Ben\u00f6tige ich Programmierkenntnisse, um das Timeline-Widget zu verwenden? <\/h3>\r\n\r\n\t\t\t\t\t\t<div class=\"faq-item-question-icon\"><\/div>\r\n\t\t\t\t\t<\/div>\r\n\r\n\t\t\t\t\t<div class=\"faq-item-answer\">\r\n\t\t\t\t\t\t<div class=\"faq-item-answer-text\">F\u00fcr das Google Sites Timeline-Widget von Elfsight sind keine Programmierkenntnisse erforderlich. Passen Sie Ihre Zeitleiste mit unserem benutzerfreundlichen Editor schnell an. <\/div>\r\n\t\t\t\t\t<\/div>\r\n\t\t\t\t<\/div><div class=\"faq-item\">\r\n\t\t\t\t\t<div class=\"faq-item-question\">\r\n\t\t\t\t\t\t<h3 class=\"faq-item-question-text\">Wie kann ich eine interaktive Zeitleiste f\u00fcr Google Sites erstellen? <\/h3>\r\n\r\n\t\t\t\t\t\t<div class=\"faq-item-question-icon\"><\/div>\r\n\t\t\t\t\t<\/div>\r\n\r\n\t\t\t\t\t<div class=\"faq-item-answer\">\r\n\t\t\t\t\t\t<div class=\"faq-item-answer-text\">W\u00e4hlen Sie einfach eine Vorlage aus dem Editor aus, personalisieren Sie sie entsprechend Ihren Anforderungen und platzieren Sie die Zeitleiste mithilfe eines eindeutigen HTML-Codes auf Ihrer Webseite. <\/div>\r\n\t\t\t\t\t<\/div>\r\n\t\t\t\t<\/div><div class=\"faq-item\">\r\n\t\t\t\t\t<div class=\"faq-item-question\">\r\n\t\t\t\t\t\t<h3 class=\"faq-item-question-text\">Welche Arten von Zeitleisten kann ich erstellen? <\/h3>\r\n\r\n\t\t\t\t\t\t<div class=\"faq-item-question-icon\"><\/div>\r\n\t\t\t\t\t<\/div>\r\n\r\n\t\t\t\t\t<div class=\"faq-item-answer\">\r\n\t\t\t\t\t\t<div class=\"faq-item-answer-text\">Sie k\u00f6nnen eine Vielzahl von Zeitleisten erstellen: Unternehmensgeschichte, Produktentwicklung, Projektfortschritt, Veranstaltungspl\u00e4ne und mehr. Das Elfsight Timeline-Widget ist flexibel genug, um sich an Ihre individuellen Bed\u00fcrfnisse anzupassen. <\/div>\r\n\t\t\t\t\t<\/div>\r\n\t\t\t\t<\/div><\/div>","protected":false},"excerpt":{"rendered":"","protected":false},"author":9,"featured_media":0,"parent":24929,"menu_order":0,"comment_status":"closed","ping_status":"closed","template":"templates\/template-application-platform.php","meta":{"publish_to_discourse":"","publish_post_category":"","wpdc_auto_publish_overridden":"","wpdc_topic_tags":"","wpdc_pin_topic":"","wpdc_pin_until":"","discourse_post_id":"","discourse_permalink":"","wpdc_publishing_response":"","wpdc_publishing_error":"","footnotes":""},"class_list":["post-25002","page","type-page","status-publish","hentry"],"yoast_head":"<!-- This site is optimized with the Yoast SEO plugin v25.3.1 - https:\/\/yoast.com\/wordpress\/plugins\/seo\/ -->\n<title>Zeitleisten-Widget \u2013 Verlaufszeile zur Google Sites-Website hinzuf\u00fcgen (kostenlos)<\/title>\n<meta name=\"description\" content=\"Verbessern Sie Ihre Google Site-Website mit einer dynamischen Zeitleiste. Zeigen Sie Ihre Meilensteine, Erfolge und wichtigen Ereignisse mit dem anpassbaren Widget von Elfsight an.\" \/>\n<meta name=\"robots\" content=\"index, follow, max-snippet:-1, max-image-preview:large, max-video-preview:-1\" \/>\n<link rel=\"canonical\" href=\"https:\/\/elfsight.com\/de\/timeline-widget\/google-sites\/\" \/>\n<meta property=\"og:locale\" content=\"de_DE\" \/>\n<meta property=\"og:type\" content=\"article\" \/>\n<meta property=\"og:title\" content=\"Zeitleisten-Widget \u2013 Verlaufszeile zur Google Sites-Website hinzuf\u00fcgen (kostenlos)\" \/>\n<meta property=\"og:description\" content=\"Verbessern Sie Ihre Google Site-Website mit einer dynamischen Zeitleiste. Zeigen Sie Ihre Meilensteine, Erfolge und wichtigen Ereignisse mit dem anpassbaren Widget von Elfsight an.\" \/>\n<meta property=\"og:url\" content=\"https:\/\/elfsight.com\/de\/timeline-widget\/google-sites\/\" \/>\n<meta property=\"og:site_name\" content=\"Elfsight DE\" \/>\n<meta property=\"article:modified_time\" content=\"2025-07-10T08:36:45+00:00\" \/>\n<meta name=\"twitter:card\" content=\"summary_large_image\" \/>\n<meta name=\"twitter:label1\" content=\"Gesch\u00e4tzte Lesezeit\" \/>\n\t<meta name=\"twitter:data1\" content=\"4\u00a0Minuten\" \/>\n<!-- \/ Yoast SEO plugin. -->","yoast_head_json":{"title":"Zeitleisten-Widget \u2013 Verlaufszeile zur Google Sites-Website hinzuf\u00fcgen (kostenlos)","description":"Verbessern Sie Ihre Google Site-Website mit einer dynamischen Zeitleiste. Zeigen Sie Ihre Meilensteine, Erfolge und wichtigen Ereignisse mit dem anpassbaren Widget von Elfsight an.","robots":{"index":"index","follow":"follow","max-snippet":"max-snippet:-1","max-image-preview":"max-image-preview:large","max-video-preview":"max-video-preview:-1"},"canonical":"https:\/\/elfsight.com\/de\/timeline-widget\/google-sites\/","og_locale":"de_DE","og_type":"article","og_title":"Zeitleisten-Widget \u2013 Verlaufszeile zur Google Sites-Website hinzuf\u00fcgen (kostenlos)","og_description":"Verbessern Sie Ihre Google Site-Website mit einer dynamischen Zeitleiste. Zeigen Sie Ihre Meilensteine, Erfolge und wichtigen Ereignisse mit dem anpassbaren Widget von Elfsight an.","og_url":"https:\/\/elfsight.com\/de\/timeline-widget\/google-sites\/","og_site_name":"Elfsight DE","article_modified_time":"2025-07-10T08:36:45+00:00","twitter_card":"summary_large_image","twitter_misc":{"Gesch\u00e4tzte Lesezeit":"4\u00a0Minuten"},"schema":{"@context":"https:\/\/schema.org","@graph":[{"@type":"WebPage","@id":"https:\/\/elfsight.com\/de\/timeline-widget\/google-sites\/","url":"https:\/\/elfsight.com\/de\/timeline-widget\/google-sites\/","name":"Zeitleisten-Widget \u2013 Verlaufszeile zur Google Sites-Website hinzuf\u00fcgen (kostenlos)","isPartOf":{"@id":"https:\/\/elfsight.com\/de\/#website"},"datePublished":"2024-06-13T08:49:44+00:00","dateModified":"2025-07-10T08:36:45+00:00","description":"Verbessern Sie Ihre Google Site-Website mit einer dynamischen Zeitleiste. Zeigen Sie Ihre Meilensteine, Erfolge und wichtigen Ereignisse mit dem anpassbaren Widget von Elfsight an.","breadcrumb":{"@id":"https:\/\/elfsight.com\/de\/timeline-widget\/google-sites\/#breadcrumb"},"inLanguage":"de","potentialAction":[{"@type":"ReadAction","target":["https:\/\/elfsight.com\/de\/timeline-widget\/google-sites\/"]}]},{"@type":"BreadcrumbList","@id":"https:\/\/elfsight.com\/de\/timeline-widget\/google-sites\/#breadcrumb","itemListElement":[{"@type":"ListItem","position":1,"name":"Home","item":"https:\/\/elfsight.com\/de\/"},{"@type":"ListItem","position":2,"name":"Timeline","item":"https:\/\/elfsight.com\/de\/timeline-widget\/"},{"@type":"ListItem","position":3,"name":"Timeline &#8211; Google Sites"}]},{"@type":"WebSite","@id":"https:\/\/elfsight.com\/de\/#website","url":"https:\/\/elfsight.com\/de\/","name":"Elfsight DE","description":"Just another Elfsight Sites site","potentialAction":[{"@type":"SearchAction","target":{"@type":"EntryPoint","urlTemplate":"https:\/\/elfsight.com\/de\/?s={search_term_string}"},"query-input":{"@type":"PropertyValueSpecification","valueRequired":true,"valueName":"search_term_string"}}],"inLanguage":"de"}]}},"meta_box":{"industry":"","seo_heading":"","heading":"","description":"","cta_heading":"","cta_description":"","application":"24928","h1":"Zeitleisten-Widget f\u00fcr Google Sites","h1_caption":"Zeigen Sie eine ansprechende Chronologie von Meilensteinen an, um Ihre Geschichte, Aufgabenmarkierungen oder Ereignisse mit einer interaktiven Zeitleiste auf Google Sites zu enth\u00fcllen","application_category":[],"applications_title":"","applications_request_title":"","applications_request_button_text":"","hero_text":"","hero_video":"","hero_video_schema_markup":"","selling_points_title":"","selling_points_caption":"","selling_points":[],"selling_points_cta_text":"","features_title":"","features":"","ed_cta_examples_text":"","ed_cta_examples_hidden":"","ed_cta_demo_text":"","ed_cta_demo_hidden":"","why_caption":"","why_editor_title":"","why_editor_text":"","why_team_title":"","why_team_text":"","why_service_title":"","why_service_text":"","template_catalog_visible":"0","template_catalog_title":"","template_catalog_text":"","template_catalog_categories_visible":"","demo_title":"Erstellen Sie Ihr Google Sites-Timeline-Widget","demo_caption":"Passen Sie Ihre Zeitleiste an und f\u00fcgen Sie sie ganz einfach zu Ihrer Website hinzu!","default_faq_hidden":"","app_template_category":[],"platform":"3000","template_public_id":"","codecanyon_url":"","codecanyon_item_id":"","codecanyon_price":"","pricing_caption":"","pricing_elfsight_apps_hide_column":"","pricing_elfsight_apps_url":"","pricing_codecanyon_price_caption":"","integration_category":[],"integration_request_title":"","integration_request_cta":"","integration_platform":"","integrations":[],"platform_category":[],"video_schema_markup":"","price":"ab 0 $ \/ Monat","trial":"","benefits":[],"button_url":"#demo","button_target_blank":"0","button_nofollow":"0","attributes":[{"name":"Installiert","content":"50,000 - 100,000","_state":"expanded"},{"name":"Reaktionsfreudig","content":"Ja","_state":"expanded"},{"name":"Kompatible Browser","content":"Firefox, Safari, Opera, Chrome, Edge","_state":"expanded"}],"tags":[],"tags_disable_links":"0","hide_more_platforms":"0","video_object":"","demo_hide_cta":"0","demo_hide_cloud_options":"0","pricing_title":"","pricing":[{"pricing_icon":"platform","pricing_title":"Elfsight Apps","pricing_title_caption":"Plattform\u00fcbergreifende Software, die f\u00fcr jede Website geeignet ist","pricing_price":"ab 0 $ \/ Monat","pricing_price_caption":"Beginnen Sie mit einem kostenlosen Plan","pricing_benefits":"[object Object],[object Object],[object Object],[object Object]","pricing_button_text":"Zur Website hinzuf\u00fcgen","pricing_button_url":"#demo"}],"related_apps_title":"","related_apps_hidden":"0","author":"","image":[],"title":"","job":"","social_networks":[]},"_links":{"self":[{"href":"https:\/\/elfsight.com\/de\/wp-json\/wp\/v2\/pages\/25002","targetHints":{"allow":["GET"]}}],"collection":[{"href":"https:\/\/elfsight.com\/de\/wp-json\/wp\/v2\/pages"}],"about":[{"href":"https:\/\/elfsight.com\/de\/wp-json\/wp\/v2\/types\/page"}],"author":[{"embeddable":true,"href":"https:\/\/elfsight.com\/de\/wp-json\/wp\/v2\/users\/9"}],"replies":[{"embeddable":true,"href":"https:\/\/elfsight.com\/de\/wp-json\/wp\/v2\/comments?post=25002"}],"version-history":[{"count":3,"href":"https:\/\/elfsight.com\/de\/wp-json\/wp\/v2\/pages\/25002\/revisions"}],"predecessor-version":[{"id":25332,"href":"https:\/\/elfsight.com\/de\/wp-json\/wp\/v2\/pages\/25002\/revisions\/25332"}],"up":[{"embeddable":true,"href":"https:\/\/elfsight.com\/de\/wp-json\/wp\/v2\/pages\/24929"}],"wp:attachment":[{"href":"https:\/\/elfsight.com\/de\/wp-json\/wp\/v2\/media?parent=25002"}],"curies":[{"name":"wp","href":"https:\/\/api.w.org\/{rel}","templated":true}]}}