{"id":25001,"date":"2024-06-13T08:49:44","date_gmt":"2024-06-13T08:49:44","guid":{"rendered":"https:\/\/elfsight.com\/de\/?page_id=25001"},"modified":"2025-07-10T08:37:13","modified_gmt":"2025-07-10T08:37:13","slug":"iframe","status":"publish","type":"page","link":"https:\/\/elfsight.com\/de\/timeline-widget\/iframe\/","title":{"rendered":"Timeline &#8211; iFrame"},"content":{"rendered":"<div class=\"application-platform-content-item-description application-platform-content-item\" id=\"description\" data-nav-section=\"description\"><h2>iFrame Timeline Plugin<\/h2> <p>Steigern Sie das Engagement auf Ihrer Website durch die Integration einer vollst\u00e4ndig anpassbaren und interaktiven Timeline. Mit dem iFrame Timeline-Plugin von Elfsight k\u00f6nnen Sie Ihre Meilensteine, Projektphasen oder Schl\u00fcsselereignisse m\u00fchelos anzeigen. Egal, ob Sie die Geschichte Ihres Unternehmens teilen, den Projektfortschritt verfolgen oder die Produktentwicklung pr\u00e4sentieren, mit diesem Plugin k\u00f6nnen Sie ganz einfach einen Zeitplan erstellen, der Ihren Zielen entspricht. Und das Beste daran: F\u00fcr den Einstieg sind keine Programmierkenntnisse erforderlich!<\/p> <ul> <li><b>Erstellen Sie dynamische Zeitleisten ohne Programmieraufwand<\/b><br> Entwerfen und implementieren Sie ganz einfach eine vollst\u00e4ndig interaktive Zeitleiste in nur wenigen Minuten, ohne dass technische Kenntnisse erforderlich sind.<\/li> <li><b>Umfangreiche Anpassungsoptionen<\/b><br> Passen Sie das Erscheinungsbild Ihrer Zeitleiste mit einer breiten Palette an Vorlagen, Farben, Schriftarten und Einstellungen f\u00fcr ein personalisiertes Design an.<\/li> <li><b>M\u00fcheloses Einbetten<\/b><br> Integrieren Sie Ihre benutzerdefinierte Zeitleiste mit einem einfachen HTML-Einbettungscode in Ihre iFrame-kompatible Website \u2013 ohne technische Probleme!<\/li> <li><b>Reaktionsstarker Kundensupport<\/b><br> Unser fachkundiges Support-Team steht Ihnen in jeder Phase der Einrichtung zur Seite und stellt sicher, dass Ihre Zeitleiste perfekt auf Ihrer Website funktioniert.<\/li> <\/ul> <p><b>Testen Sie die iFrame-Zeitleiste von Elfsight, um Ihre Besucher anzusprechen und Ihre Erfolge hervorzuheben in einem eleganten, dynamischen Format!<\/b><\/p> <\/div><div class=\"application-platform-content-item-features application-platform-content-item\" id=\"features\" data-nav-section=\"features\"><h2>Was Sie mit der iFrame-Timeline tun k\u00f6nnen<\/h2> <ul> <li><strong>Besucher visuell ansprechen<\/strong><br> Fesseln Sie Ihr Publikum mit einer dynamischen, visuell \u00fcberzeugenden Timeline, die Ihre wichtigsten Meilensteine \u200b\u200bin einem einfachen, interaktiven Format pr\u00e4sentiert.<\/li> <li><strong>Fortschritte und Ereignisse pr\u00e4sentieren<\/strong><br> Pr\u00e4sentieren Sie Ihre Ereignisse oder Projektphasen in chronologischer Reihenfolge, damit Besucher Ihren Fortschritt leicht verfolgen und engagiert bleiben k\u00f6nnen.<\/li> <li><strong>Heben Sie wichtige Erfolge hervor<\/strong><br> Heben Sie Ihre wichtigsten Meilensteine \u200b\u200bin einem klaren, leicht verst\u00e4ndlichen Layout hervor, das Aufmerksamkeit erregt und zur weiteren Interaktion anregt.<\/li> <\/ul> <p><a href=\"#demo\">Erkunden Sie den Editor, um alle Funktionen des zu entdecken iFrame-Timeline-Widget.<\/a><\/p> <\/div><div class=\"application-platform-content-item-installation application-platform-content-item\" id=\"installation\" data-nav-section=\"installation\"><h2>So betten Sie eine Timeline mit iFrame ein<\/h2> <p>Die Integration des iFrame-Timeline-Widgets in Ihre Website ist einfach und erfordert keine technischen Kenntnisse. Befolgen Sie einfach diese einfachen Schritte:<\/p> <ol> <li><b>Erstellen Sie Ihre benutzerdefinierte iFrame-Timeline<\/b><br> W\u00e4hlen Sie eine Vorlage aus dem Editor und passen Sie sie an den Stil und die Anforderungen Ihrer Website an. F\u00fcgen Sie Meilensteine \u200b\u200bhinzu und passen Sie das Design an Ihre Marke an.<\/li> <li><b>Holen Sie sich Ihren einzigartigen Einbettungscode<\/b><br> Sobald Sie mit der Anpassung Ihrer Timeline fertig sind, erhalten Sie einen einzigartigen HTML-Einbettungscode. Kopieren Sie diesen Code zur sp\u00e4teren Verwendung.<\/li> <li><b>Betten Sie den Code in Ihre Webseite ein<\/b><br> F\u00fcgen Sie den HTML-Code in den entsprechenden Abschnitt Ihrer Webseite ein und speichern Sie Ihre \u00c4nderungen. Ihre Zeitleiste ist live und bereit, Ihre Besucher anzusprechen!<\/li> <li><b>Fertig! Genie\u00dfen Sie Ihre neue interaktive Zeitleiste!<\/b><br> Schauen Sie sich Ihre Website an, um die Zeitleiste in Aktion zu sehen und beginnen Sie, auf ansprechende, optisch ansprechende Weise mit Ihren Besuchern zu interagieren!<\/li> <\/ol> <p>Ausf\u00fchrliche Anweisungen finden Sie in unserem umfassenden Leitfaden zum Erstellen und Einbetten einer Zeitleiste auf Ihrer Website Website<\/a>.<\/p> <\/div><div class=\"faq\" data-component=\"FAQ\"> <div class=\"faq-item\">\r\n\t\t\t\t\t<div class=\"faq-item-question\">\r\n\t\t\t\t\t\t<h3 class=\"faq-item-question-text\">Ist das Timeline-Widget f\u00fcr iFrame kostenlos?<\/h3>\r\n\r\n\t\t\t\t\t\t<div class=\"faq-item-question-icon\"><\/div>\r\n\t\t\t\t\t<\/div>\r\n\r\n\t\t\t\t\t<div class=\"faq-item-answer\">\r\n\t\t\t\t\t\t<div class=\"faq-item-answer-text\"> Ja, Elfsight bietet ein Abonnementmodell mit einem kostenlosen Plan an. Sie k\u00f6nnen kostenlos auf die Grundfunktionen des iFrame-Timeline-Widgets zugreifen. Weitere Anpassungsoptionen sind \u00fcber Premium-Pl\u00e4ne verf\u00fcgbar. <\/div>\r\n\t\t\t\t\t<\/div>\r\n\t\t\t\t<\/div><div class=\"faq-item\">\r\n\t\t\t\t\t<div class=\"faq-item-question\">\r\n\t\t\t\t\t\t<h3 class=\"faq-item-question-text\">Ben\u00f6tige ich Programmierkenntnisse, um das Timeline-Widget zu verwenden?<\/h3>\r\n\r\n\t\t\t\t\t\t<div class=\"faq-item-question-icon\"><\/div>\r\n\t\t\t\t\t<\/div>\r\n\r\n\t\t\t\t\t<div class=\"faq-item-answer\">\r\n\t\t\t\t\t\t<div class=\"faq-item-answer-text\"> Nein, der iFrame Timeline Builder von Elfsight ist benutzerfreundlich gestaltet, sodass keine Programmierkenntnisse erforderlich sind. Nutzen Sie einfach unseren intuitiven Editor, um Ihre Zeitleiste zu erstellen und anzupassen. <\/div>\r\n\t\t\t\t\t<\/div>\r\n\t\t\t\t<\/div><div class=\"faq-item\">\r\n\t\t\t\t\t<div class=\"faq-item-question\">\r\n\t\t\t\t\t\t<h3 class=\"faq-item-question-text\">Wie kann ich eine interaktive Zeitleiste f\u00fcr iFrame erstellen?<\/h3>\r\n\r\n\t\t\t\t\t\t<div class=\"faq-item-question-icon\"><\/div>\r\n\t\t\t\t\t<\/div>\r\n\r\n\t\t\t\t\t<div class=\"faq-item-answer\">\r\n\t\t\t\t\t\t<div class=\"faq-item-answer-text\"> W\u00e4hlen Sie im Editor eine Vorlage aus, passen Sie sie Ihren Bed\u00fcrfnissen an und betten Sie die Zeitleiste mithilfe des bereitgestellten HTML-Codes ein. <\/div>\r\n\t\t\t\t\t<\/div>\r\n\t\t\t\t<\/div><div class=\"faq-item\">\r\n\t\t\t\t\t<div class=\"faq-item-question\">\r\n\t\t\t\t\t\t<h3 class=\"faq-item-question-text\">Welche Arten von Zeitleisten kann ich erstellen?<\/h3>\r\n\r\n\t\t\t\t\t\t<div class=\"faq-item-question-icon\"><\/div>\r\n\t\t\t\t\t<\/div>\r\n\r\n\t\t\t\t\t<div class=\"faq-item-answer\">\r\n\t\t\t\t\t\t<div class=\"faq-item-answer-text\"> Sie k\u00f6nnen verschiedene Arten von Zeitleisten f\u00fcr Ihre iFrame-f\u00e4hige Website erstellen, wie zum Beispiel:<ul> <li><strong>Unternehmensgeschichte<\/strong>: Pr\u00e4sentieren Sie das Wachstum und die Meilensteine \u200b\u200bIhres Unternehmens.<\/li> <li><strong>Produktentwicklung<\/strong>: Pr\u00e4sentieren Sie die Reise Ihres Produkts von der Idee bis zur Markteinf\u00fchrung.<\/li> <li><strong>Projektfortschritt<\/strong>: Verfolgen und Zeigen Sie die Phasen Ihrer laufenden oder abgeschlossenen Projekte an.<\/li> <li><strong>Veranstaltungspl\u00e4ne<\/strong>: Heben Sie wichtige Ereignisse oder Produkteinf\u00fchrungen in einem einfachen, leicht verst\u00e4ndlichen Zeitleistenformat hervor.<\/li> <\/ul> <\/div>\r\n\t\t\t\t\t<\/div>\r\n\t\t\t\t<\/div> <\/div>","protected":false},"excerpt":{"rendered":"","protected":false},"author":9,"featured_media":0,"parent":24929,"menu_order":0,"comment_status":"closed","ping_status":"closed","template":"templates\/template-application-platform.php","meta":{"publish_to_discourse":"","publish_post_category":"","wpdc_auto_publish_overridden":"","wpdc_topic_tags":"","wpdc_pin_topic":"","wpdc_pin_until":"","discourse_post_id":"","discourse_permalink":"","wpdc_publishing_response":"","wpdc_publishing_error":"","footnotes":""},"class_list":["post-25001","page","type-page","status-publish","hentry"],"yoast_head":"<!-- This site is optimized with the Yoast SEO plugin v25.3.1 - https:\/\/yoast.com\/wordpress\/plugins\/seo\/ -->\n<title>Zeitleisten-Widget \u2013 Verlaufszeile auf der iFrame-Website einbetten|Kostenlos<\/title>\n<meta name=\"description\" content=\"F\u00fcgen Sie Ihrer iFrame-Website eine responsive Zeitleiste hinzu. Pr\u00e4sentieren Sie Meilensteine, Fortschritte und wichtige Ereignisse in einem dynamischen Format mit dem Timeline-Plugin von Elfsight.\" \/>\n<meta name=\"robots\" content=\"index, follow, max-snippet:-1, max-image-preview:large, max-video-preview:-1\" \/>\n<link rel=\"canonical\" href=\"https:\/\/elfsight.com\/de\/timeline-widget\/iframe\/\" \/>\n<meta property=\"og:locale\" content=\"de_DE\" \/>\n<meta property=\"og:type\" content=\"article\" \/>\n<meta property=\"og:title\" content=\"Zeitleisten-Widget \u2013 Verlaufszeile auf der iFrame-Website einbetten|Kostenlos\" \/>\n<meta property=\"og:description\" content=\"F\u00fcgen Sie Ihrer iFrame-Website eine responsive Zeitleiste hinzu. Pr\u00e4sentieren Sie Meilensteine, Fortschritte und wichtige Ereignisse in einem dynamischen Format mit dem Timeline-Plugin von Elfsight.\" \/>\n<meta property=\"og:url\" content=\"https:\/\/elfsight.com\/de\/timeline-widget\/iframe\/\" \/>\n<meta property=\"og:site_name\" content=\"Elfsight DE\" \/>\n<meta property=\"article:modified_time\" content=\"2025-07-10T08:37:13+00:00\" \/>\n<meta name=\"twitter:card\" content=\"summary_large_image\" \/>\n<meta name=\"twitter:label1\" content=\"Gesch\u00e4tzte Lesezeit\" \/>\n\t<meta name=\"twitter:data1\" content=\"4\u00a0Minuten\" \/>\n<!-- \/ Yoast SEO plugin. -->","yoast_head_json":{"title":"Zeitleisten-Widget \u2013 Verlaufszeile auf der iFrame-Website einbetten|Kostenlos","description":"F\u00fcgen Sie Ihrer iFrame-Website eine responsive Zeitleiste hinzu. Pr\u00e4sentieren Sie Meilensteine, Fortschritte und wichtige Ereignisse in einem dynamischen Format mit dem Timeline-Plugin von Elfsight.","robots":{"index":"index","follow":"follow","max-snippet":"max-snippet:-1","max-image-preview":"max-image-preview:large","max-video-preview":"max-video-preview:-1"},"canonical":"https:\/\/elfsight.com\/de\/timeline-widget\/iframe\/","og_locale":"de_DE","og_type":"article","og_title":"Zeitleisten-Widget \u2013 Verlaufszeile auf der iFrame-Website einbetten|Kostenlos","og_description":"F\u00fcgen Sie Ihrer iFrame-Website eine responsive Zeitleiste hinzu. Pr\u00e4sentieren Sie Meilensteine, Fortschritte und wichtige Ereignisse in einem dynamischen Format mit dem Timeline-Plugin von Elfsight.","og_url":"https:\/\/elfsight.com\/de\/timeline-widget\/iframe\/","og_site_name":"Elfsight DE","article_modified_time":"2025-07-10T08:37:13+00:00","twitter_card":"summary_large_image","twitter_misc":{"Gesch\u00e4tzte Lesezeit":"4\u00a0Minuten"},"schema":{"@context":"https:\/\/schema.org","@graph":[{"@type":"WebPage","@id":"https:\/\/elfsight.com\/de\/timeline-widget\/iframe\/","url":"https:\/\/elfsight.com\/de\/timeline-widget\/iframe\/","name":"Zeitleisten-Widget \u2013 Verlaufszeile auf der iFrame-Website einbetten|Kostenlos","isPartOf":{"@id":"https:\/\/elfsight.com\/de\/#website"},"datePublished":"2024-06-13T08:49:44+00:00","dateModified":"2025-07-10T08:37:13+00:00","description":"F\u00fcgen Sie Ihrer iFrame-Website eine responsive Zeitleiste hinzu. Pr\u00e4sentieren Sie Meilensteine, Fortschritte und wichtige Ereignisse in einem dynamischen Format mit dem Timeline-Plugin von Elfsight.","breadcrumb":{"@id":"https:\/\/elfsight.com\/de\/timeline-widget\/iframe\/#breadcrumb"},"inLanguage":"de","potentialAction":[{"@type":"ReadAction","target":["https:\/\/elfsight.com\/de\/timeline-widget\/iframe\/"]}]},{"@type":"BreadcrumbList","@id":"https:\/\/elfsight.com\/de\/timeline-widget\/iframe\/#breadcrumb","itemListElement":[{"@type":"ListItem","position":1,"name":"Home","item":"https:\/\/elfsight.com\/de\/"},{"@type":"ListItem","position":2,"name":"Timeline","item":"https:\/\/elfsight.com\/de\/timeline-widget\/"},{"@type":"ListItem","position":3,"name":"Timeline &#8211; iFrame"}]},{"@type":"WebSite","@id":"https:\/\/elfsight.com\/de\/#website","url":"https:\/\/elfsight.com\/de\/","name":"Elfsight DE","description":"Just another Elfsight Sites site","potentialAction":[{"@type":"SearchAction","target":{"@type":"EntryPoint","urlTemplate":"https:\/\/elfsight.com\/de\/?s={search_term_string}"},"query-input":{"@type":"PropertyValueSpecification","valueRequired":true,"valueName":"search_term_string"}}],"inLanguage":"de"}]}},"meta_box":{"industry":"","seo_heading":"","heading":"","description":"","cta_heading":"","cta_description":"","application":"24928","h1":"Timeline-Plugin f\u00fcr iFrame","h1_caption":"Zeigen Sie auf Ihrer iFrame-Website eine interaktive und ansprechende Zeitleiste mit Ereignissen an, um wichtige Meilensteine, Projektphasen oder Verlaufslinien hervorzuheben","application_category":[],"applications_title":"","applications_request_title":"","applications_request_button_text":"","hero_text":"","hero_video":"","hero_video_schema_markup":"","selling_points_title":"","selling_points_caption":"","selling_points":[],"selling_points_cta_text":"","features_title":"","features":"","ed_cta_examples_text":"","ed_cta_examples_hidden":"","ed_cta_demo_text":"","ed_cta_demo_hidden":"","why_caption":"","why_editor_title":"","why_editor_text":"","why_team_title":"","why_team_text":"","why_service_title":"","why_service_text":"","template_catalog_visible":"0","template_catalog_title":"","template_catalog_text":"","template_catalog_categories_visible":"","demo_title":"Erstellen Sie Ihr iFrame-Timeline-Plugin","demo_caption":"Passen Sie Ihre Zeitleiste an und f\u00fcgen Sie sie ganz einfach zu Ihrer Website hinzu!","default_faq_hidden":"","app_template_category":[],"platform":"240","template_public_id":"","codecanyon_url":"","codecanyon_item_id":"","codecanyon_price":"","pricing_caption":"","pricing_elfsight_apps_hide_column":"","pricing_elfsight_apps_url":"","pricing_codecanyon_price_caption":"","integration_category":[],"integration_request_title":"","integration_request_cta":"","integration_platform":"","integrations":[],"platform_category":[],"video_schema_markup":"","price":"ab 0 $ \/ Monat","trial":"","benefits":[],"button_url":"#demo","button_target_blank":"0","button_nofollow":"0","attributes":[{"name":"Installiert","content":"50,000 - 100,000","_state":"expanded"},{"name":"Reaktionsfreudig","content":"Ja","_state":"expanded"},{"name":"Kompatible Browser","content":"Firefox, Safari, Opera, Chrome, Edge","_state":"expanded"}],"tags":[],"tags_disable_links":"0","hide_more_platforms":"0","video_object":"","demo_hide_cta":"0","demo_hide_cloud_options":"0","pricing_title":"","pricing":[{"pricing_icon":"platform","pricing_title":"Elfsight Apps","pricing_title_caption":"Plattform\u00fcbergreifende Software, die f\u00fcr jede Website geeignet ist","pricing_price":"ab 0 $ \/ Monat","pricing_price_caption":"Beginnen Sie mit einem kostenlosen Plan","pricing_benefits":"[object Object],[object Object],[object Object],[object Object]","pricing_button_text":"Zur Website hinzuf\u00fcgen","pricing_button_url":"#demo"}],"related_apps_title":"","related_apps_hidden":"0","author":"","image":[],"title":"","job":"","social_networks":[]},"_links":{"self":[{"href":"https:\/\/elfsight.com\/de\/wp-json\/wp\/v2\/pages\/25001","targetHints":{"allow":["GET"]}}],"collection":[{"href":"https:\/\/elfsight.com\/de\/wp-json\/wp\/v2\/pages"}],"about":[{"href":"https:\/\/elfsight.com\/de\/wp-json\/wp\/v2\/types\/page"}],"author":[{"embeddable":true,"href":"https:\/\/elfsight.com\/de\/wp-json\/wp\/v2\/users\/9"}],"replies":[{"embeddable":true,"href":"https:\/\/elfsight.com\/de\/wp-json\/wp\/v2\/comments?post=25001"}],"version-history":[{"count":1,"href":"https:\/\/elfsight.com\/de\/wp-json\/wp\/v2\/pages\/25001\/revisions"}],"predecessor-version":[{"id":25005,"href":"https:\/\/elfsight.com\/de\/wp-json\/wp\/v2\/pages\/25001\/revisions\/25005"}],"up":[{"embeddable":true,"href":"https:\/\/elfsight.com\/de\/wp-json\/wp\/v2\/pages\/24929"}],"wp:attachment":[{"href":"https:\/\/elfsight.com\/de\/wp-json\/wp\/v2\/media?parent=25001"}],"curies":[{"name":"wp","href":"https:\/\/api.w.org\/{rel}","templated":true}]}}