{"id":24994,"date":"2025-03-10T15:10:24","date_gmt":"2025-03-10T15:10:24","guid":{"rendered":"https:\/\/elfsight.com\/de\/?page_id=24994"},"modified":"2025-06-17T13:59:02","modified_gmt":"2025-06-17T13:59:02","slug":"bigcommerce","status":"publish","type":"page","link":"https:\/\/elfsight.com\/de\/timeline-widget\/bigcommerce\/","title":{"rendered":"Timeline &#8211; BigCommerce"},"content":{"rendered":"<div class=\"application-platform-content-item-description application-platform-content-item\" id=\"description\" data-nav-section=\"description\"><h2>BigCommerce-Timeline-App<\/h2> <p>Werten Sie Ihren BigCommerce-Shop mit einer interaktiven Zeitleiste auf, die dabei hilft, wichtige Meilensteine, Schl\u00fcsselereignisse und Phasen Ihrer Gesch\u00e4ftsreise zu pr\u00e4sentieren. Binden Sie Ihre Kunden mit einer visuell dynamischen und interaktiven Zeitleiste ein. Mit dem Timeline-Builder von Elfsight BigCommerce k\u00f6nnen Sie Meilensteinmarkierungen personalisieren, um ein fesselndes Erlebnis zu schaffen. Egal, ob Sie die Geschichte Ihres Unternehmens hervorheben, die Produktentwicklung verfolgen oder wichtige Gesch\u00e4ftserfolge anzeigen m\u00f6chten, mit diesem Widget k\u00f6nnen Sie eine flexible Zeitleiste erstellen, die auf Ihre individuellen Ziele zugeschnitten ist.<\/p> <ul> <li><b>Erstellen Sie interaktive Zeitleisten ohne Programmieraufwand.<\/b><br> Erstellen Sie in wenigen Minuten eine voll funktionsf\u00e4hige Zeitleiste, ohne dass technische Kenntnisse erforderlich sind, und beginnen Sie sofort, Ihre Besucher zu fesseln.<\/li> <li><b>Umfassende Anpassungsoptionen.<\/b><br> Passen Sie Ihre Zeitleiste an Design, Layout, Farben, Schriftarten und Einstellungen passen sich perfekt an die \u00c4sthetik Ihrer Marke und das Shop-Design an.<\/li> <li><b>Einfacher Integrationsprozess.<\/b><br> F\u00fcgen Sie Ihre benutzerdefinierte Zeitleiste mit einem einfachen HTML-Einbettungscode schnell zu Ihrem BigCommerce-Shop hinzu \u2013 keine Programmierkenntnisse erforderlich.<\/li> <li><b>Spezieller Kundensupport.<\/b><br> Unser Team steht Ihnen jederzeit zur Verf\u00fcgung, um Sie beim Einrichtungsprozess zu unterst\u00fctzen und sicherzustellen, dass Ihre Zeitleiste in Ihrem Shop reibungslos funktioniert.<\/li> <\/ul> <p><b>Probieren Sie das Elfsight BigCommerce Timeline-Widget aus und pr\u00e4sentieren Sie Ihre Meilensteine \u200b\u200bauf visuell ansprechende Weise!<\/b><\/p><\/div><div class=\"application-platform-content-item-features application-platform-content-item\" id=\"features\" data-nav-section=\"features\"><h2>Was Sie mit der BigCommerce-Timeline tun k\u00f6nnen<\/h2> <ul> <li><strong>Fesseln Sie Ihr Publikum visuell.<\/strong><br> Ziehen Sie Besucher an und binden Sie sie, indem Sie Ihre wichtigsten Meilensteine \u200b\u200bin anzeigen ein klares, grafisches Format. Eine visuelle Zeitleiste vereinfacht Ihre Inhalte und ermutigt Benutzer, weiter zu erkunden.<\/li> <li><strong>Pr\u00e4sentieren Sie Fortschritte und Ereignisse.<\/strong><br> Pr\u00e4sentieren Sie die Meilensteine, Produktphasen oder wichtigen Ereignisse Ihres Unternehmens chronologisch und halten Sie Ihre Besucher auf dem Laufenden und an Ihren Entwicklungen interessiert.<\/li> <li><strong>Heben Sie Ihre wichtigsten Erfolge hervor.<\/strong><br> Heben Sie Ihre wichtigsten Meilensteine \u200b\u200bmit einem klaren, organisierten Layout hervor, das f\u00fcr Ihre Besucher leicht zu verfolgen und mit dem sie interagieren k\u00f6nnen.<\/li> <\/ul> <p><a href=\"#demo\">Erkunden Sie den Editor, um alle leistungsstarken Funktionen des Timeline-Widgets zu entdecken.<\/a><\/p><\/div><div class=\"application-platform-content-item-installation application-platform-content-item\" id=\"installation\" data-nav-section=\"installation\"><h2>So betten Sie eine Timeline in BigCommerce ein<\/h2> <p>Das Hinzuf\u00fcgen des Timeline-Widgets zu Ihrem BigCommerce-Shop ist schnell und einfach, es sind keine Programmierkenntnisse erforderlich. Befolgen Sie einfach diese einfachen Schritte:<\/p> <ol> <li><b>Passen Sie Ihre BigCommerce-Zeitleiste an<\/b><br> W\u00e4hlen Sie eine Vorlage aus dem Editor aus und passen Sie sie dann an Ihre Bed\u00fcrfnisse an. Passen Sie das Layout an, f\u00fcgen Sie Meilensteinmarkierungen hinzu und \u00e4ndern Sie das Design, um es an den Stil Ihres Shops anzupassen.<\/li> <li><b>Kopieren Sie Ihren Einbettungscode<\/b><br> Sobald Sie mit der Anpassung Ihrer Zeitleiste fertig sind, erhalten Sie einen eindeutigen HTML-Einbettungscode. Kopieren Sie diesen Code f\u00fcr die zuk\u00fcnftige Verwendung.<\/li> <li><b>Betten Sie den Code auf Ihrer BigCommerce-Seite ein<\/b><br> F\u00fcgen Sie den HTML-Einbettungscode in den entsprechenden Abschnitt Ihrer Webseite ein und speichern Sie die \u00c4nderungen. Ihre Zeitleiste ist jetzt live!<\/li> <li><b>Viel Spa\u00df mit Ihrer interaktiven Zeitleiste!<\/b><br> Besuchen Sie Ihren Shop, um die Zeitleiste in Aktion zu sehen und beginnen Sie, Ihre Kunden mit einem interaktiven, visuell fesselnden Erlebnis zu begeistern.<\/li> <\/ol> <p>Detailliertere Anweisungen finden Sie in unserem umfassenden Leitfaden auf <a href=\"https:\/\/elfsight.com\/blog\/how-to-embed-timeline-to-website\/\" target=\"_blank\" rel=\"noopener\">So f\u00fcgen Sie Ihrer Website eine Timeline hinzu<\/a>.<\/p><\/div><div class=\"faq\" data-component=\"FAQ\"><div class=\"faq-item\">\r\n\t\t\t\t\t<div class=\"faq-item-question\">\r\n\t\t\t\t\t\t<h3 class=\"faq-item-question-text\"><\/h3>\r\n\r\n\t\t\t\t\t\t<div class=\"faq-item-question-icon\"><\/div>\r\n\t\t\t\t\t<\/div>\r\n\r\n\t\t\t\t\t<div class=\"faq-item-answer\">\r\n\t\t\t\t\t\t<div class=\"faq-item-answer-text\">Ja, Elfsight bietet ein Abonnementmodell an, das eine kostenlose Stufe beinhaltet. Sie k\u00f6nnen kostenlos auf die Grundfunktionen des Timeline-Widgets zugreifen, wobei Premium-Pl\u00e4ne f\u00fcr weitere Anpassungsoptionen verf\u00fcgbar sind.<\/div>\r\n\t\t\t\t\t<\/div>\r\n\t\t\t\t<\/div><div class=\"faq-item\">\r\n\t\t\t\t\t<div class=\"faq-item-question\">\r\n\t\t\t\t\t\t<h3 class=\"faq-item-question-text\">Ben\u00f6tige ich Programmierkenntnisse, um das Timeline-Widget zu verwenden?<\/h3>\r\n\r\n\t\t\t\t\t\t<div class=\"faq-item-question-icon\"><\/div>\r\n\t\t\t\t\t<\/div>\r\n\r\n\t\t\t\t\t<div class=\"faq-item-answer\">\r\n\t\t\t\t\t\t<div class=\"faq-item-answer-text\">Nein, f\u00fcr das BigCommerce-Timeline-Widget sind keine Programmierkenntnisse erforderlich. Sie k\u00f6nnen Ihre Zeitleiste ganz einfach mit unserem intuitiven Editor erstellen und anpassen.<\/div>\r\n\t\t\t\t\t<\/div>\r\n\t\t\t\t<\/div><div class=\"faq-item\">\r\n\t\t\t\t\t<div class=\"faq-item-question\">\r\n\t\t\t\t\t\t<h3 class=\"faq-item-question-text\">Wie erstelle ich eine interaktive Zeitleiste f\u00fcr BigCommerce?<\/h3>\r\n\r\n\t\t\t\t\t\t<div class=\"faq-item-question-icon\"><\/div>\r\n\t\t\t\t\t<\/div>\r\n\r\n\t\t\t\t\t<div class=\"faq-item-answer\">\r\n\t\t\t\t\t\t<div class=\"faq-item-answer-text\">W\u00e4hlen Sie einfach eine Vorlage aus dem Editor aus, passen Sie sie an Ihre Bed\u00fcrfnisse an und betten Sie sie mithilfe des bereitgestellten HTML-Einbettungscodes in Ihren Shop ein.<\/div>\r\n\t\t\t\t\t<\/div>\r\n\t\t\t\t<\/div><div class=\"faq-item\">\r\n\t\t\t\t\t<div class=\"faq-item-question\">\r\n\t\t\t\t\t\t<h3 class=\"faq-item-question-text\"><\/h3>\r\n\r\n\t\t\t\t\t\t<div class=\"faq-item-question-icon\"><\/div>\r\n\t\t\t\t\t<\/div>\r\n\r\n\t\t\t\t\t<div class=\"faq-item-answer\">\r\n\t\t\t\t\t\t<div class=\"faq-item-answer-text\"><p>Mit dem BigCommerce-Zeitleisten-Widget k\u00f6nnen Sie verschiedene Arten von erstellen Zeitpl\u00e4ne f\u00fcr Ihr Gesch\u00e4ft, einschlie\u00dflich:<\/p> <ul> <li><strong>Unternehmensmeilensteine:<\/strong> Zeigen Sie die Entwicklung Ihres Unternehmens an und pr\u00e4sentieren Sie wichtige Erfolge und Wachstum.<\/li> <li><strong>Produktentwicklung:<\/strong> Verfolgen und pr\u00e4sentieren Sie den Weg Ihres Produkts vom Konzept bis zur Markteinf\u00fchrung und markieren Sie dabei wichtige Meilensteine.<\/li> <li><strong>Projektfortschritt:<\/strong> Zeigen Sie die verschiedenen Phasen laufender oder abgeschlossener Projekte an und halten Sie Kunden auf dem Laufenden.<\/li> <li><strong>Veranstaltung Zeitpl\u00e4ne:<\/strong> Organisieren und pr\u00e4sentieren Sie Zeitpl\u00e4ne f\u00fcr besondere Ereignisse, Werbeaktionen oder Markteinf\u00fchrungen, um Ihre Besucher auf dem Laufenden zu halten.<\/li> <\/ul><\/div>\r\n\t\t\t\t\t<\/div>\r\n\t\t\t\t<\/div><\/div>","protected":false},"excerpt":{"rendered":"","protected":false},"author":9,"featured_media":0,"parent":24929,"menu_order":0,"comment_status":"closed","ping_status":"closed","template":"templates\/template-application-platform.php","meta":{"publish_to_discourse":"","publish_post_category":"","wpdc_auto_publish_overridden":"","wpdc_topic_tags":"","wpdc_pin_topic":"","wpdc_pin_until":"","discourse_post_id":"","discourse_permalink":"","wpdc_publishing_response":"","wpdc_publishing_error":"","footnotes":""},"class_list":["post-24994","page","type-page","status-publish","hentry"],"yoast_head":"<!-- This site is optimized with the Yoast SEO plugin v25.3.1 - https:\/\/yoast.com\/wordpress\/plugins\/seo\/ -->\n<title>Zeitleisten-Widget \u2013 Benutzerdefinierte Zeitleiste zum BigCommerce Store hinzuf\u00fcgen (kostenlos)<\/title>\n<meta name=\"description\" content=\"Erweitern Sie Ihre BigCommerce-Website mit einer interaktiven Zeitleiste. Zeigen Sie Ihre Meilensteine, Ereignisse und Fortschritte mit der vollst\u00e4ndig anpassbaren App von Elfsight an.\" \/>\n<meta name=\"robots\" content=\"index, follow, max-snippet:-1, max-image-preview:large, max-video-preview:-1\" \/>\n<link rel=\"canonical\" href=\"https:\/\/elfsight.com\/de\/timeline-widget\/bigcommerce\/\" \/>\n<meta property=\"og:locale\" content=\"de_DE\" \/>\n<meta property=\"og:type\" content=\"article\" \/>\n<meta property=\"og:title\" content=\"Zeitleisten-Widget \u2013 Benutzerdefinierte Zeitleiste zum BigCommerce Store hinzuf\u00fcgen (kostenlos)\" \/>\n<meta property=\"og:description\" content=\"Erweitern Sie Ihre BigCommerce-Website mit einer interaktiven Zeitleiste. Zeigen Sie Ihre Meilensteine, Ereignisse und Fortschritte mit der vollst\u00e4ndig anpassbaren App von Elfsight an.\" \/>\n<meta property=\"og:url\" content=\"https:\/\/elfsight.com\/de\/timeline-widget\/bigcommerce\/\" \/>\n<meta property=\"og:site_name\" content=\"Elfsight DE\" \/>\n<meta property=\"article:modified_time\" content=\"2025-06-17T13:59:02+00:00\" \/>\n<meta name=\"twitter:card\" content=\"summary_large_image\" \/>\n<meta name=\"twitter:label1\" content=\"Gesch\u00e4tzte Lesezeit\" \/>\n\t<meta name=\"twitter:data1\" content=\"4\u00a0Minuten\" \/>\n<!-- \/ Yoast SEO plugin. -->","yoast_head_json":{"title":"Zeitleisten-Widget \u2013 Benutzerdefinierte Zeitleiste zum BigCommerce Store hinzuf\u00fcgen (kostenlos)","description":"Erweitern Sie Ihre BigCommerce-Website mit einer interaktiven Zeitleiste. Zeigen Sie Ihre Meilensteine, Ereignisse und Fortschritte mit der vollst\u00e4ndig anpassbaren App von Elfsight an.","robots":{"index":"index","follow":"follow","max-snippet":"max-snippet:-1","max-image-preview":"max-image-preview:large","max-video-preview":"max-video-preview:-1"},"canonical":"https:\/\/elfsight.com\/de\/timeline-widget\/bigcommerce\/","og_locale":"de_DE","og_type":"article","og_title":"Zeitleisten-Widget \u2013 Benutzerdefinierte Zeitleiste zum BigCommerce Store hinzuf\u00fcgen (kostenlos)","og_description":"Erweitern Sie Ihre BigCommerce-Website mit einer interaktiven Zeitleiste. Zeigen Sie Ihre Meilensteine, Ereignisse und Fortschritte mit der vollst\u00e4ndig anpassbaren App von Elfsight an.","og_url":"https:\/\/elfsight.com\/de\/timeline-widget\/bigcommerce\/","og_site_name":"Elfsight DE","article_modified_time":"2025-06-17T13:59:02+00:00","twitter_card":"summary_large_image","twitter_misc":{"Gesch\u00e4tzte Lesezeit":"4\u00a0Minuten"},"schema":{"@context":"https:\/\/schema.org","@graph":[{"@type":"WebPage","@id":"https:\/\/elfsight.com\/de\/timeline-widget\/bigcommerce\/","url":"https:\/\/elfsight.com\/de\/timeline-widget\/bigcommerce\/","name":"Zeitleisten-Widget \u2013 Benutzerdefinierte Zeitleiste zum BigCommerce Store hinzuf\u00fcgen (kostenlos)","isPartOf":{"@id":"https:\/\/elfsight.com\/de\/#website"},"datePublished":"2025-03-10T15:10:24+00:00","dateModified":"2025-06-17T13:59:02+00:00","description":"Erweitern Sie Ihre BigCommerce-Website mit einer interaktiven Zeitleiste. Zeigen Sie Ihre Meilensteine, Ereignisse und Fortschritte mit der vollst\u00e4ndig anpassbaren App von Elfsight an.","breadcrumb":{"@id":"https:\/\/elfsight.com\/de\/timeline-widget\/bigcommerce\/#breadcrumb"},"inLanguage":"de","potentialAction":[{"@type":"ReadAction","target":["https:\/\/elfsight.com\/de\/timeline-widget\/bigcommerce\/"]}]},{"@type":"BreadcrumbList","@id":"https:\/\/elfsight.com\/de\/timeline-widget\/bigcommerce\/#breadcrumb","itemListElement":[{"@type":"ListItem","position":1,"name":"Home","item":"https:\/\/elfsight.com\/de\/"},{"@type":"ListItem","position":2,"name":"Timeline","item":"https:\/\/elfsight.com\/de\/timeline-widget\/"},{"@type":"ListItem","position":3,"name":"Timeline &#8211; BigCommerce"}]},{"@type":"WebSite","@id":"https:\/\/elfsight.com\/de\/#website","url":"https:\/\/elfsight.com\/de\/","name":"Elfsight DE","description":"Just another Elfsight Sites site","potentialAction":[{"@type":"SearchAction","target":{"@type":"EntryPoint","urlTemplate":"https:\/\/elfsight.com\/de\/?s={search_term_string}"},"query-input":{"@type":"PropertyValueSpecification","valueRequired":true,"valueName":"search_term_string"}}],"inLanguage":"de"}]}},"meta_box":{"industry":"","seo_heading":"","heading":"","description":"","cta_heading":"","cta_description":"","application":"24928","h1":"Timeline-App f\u00fcr BigCommerce","h1_caption":"Pr\u00e4sentieren Sie mit der Timeline-App wichtige Meilensteine, Erfolge und wichtige Ereignisse in Ihrem BigCommerce-Shop in einem ansprechenden, visuell interaktiven Format.","application_category":[],"applications_title":"","applications_request_title":"","applications_request_button_text":"","hero_text":"","hero_video":"","hero_video_schema_markup":"","selling_points_title":"","selling_points_caption":"","selling_points":[],"selling_points_cta_text":"","features_title":"","features":"","ed_cta_examples_text":"","ed_cta_examples_hidden":"","ed_cta_demo_text":"","ed_cta_demo_hidden":"","why_caption":"","why_editor_title":"","why_editor_text":"","why_team_title":"","why_team_text":"","why_service_title":"","why_service_text":"","template_catalog_visible":"0","template_catalog_title":"","template_catalog_text":"","template_catalog_categories_visible":"","demo_title":"Erstellen Sie Ihre BigCommerce-Timeline-App","demo_caption":"Passen Sie Ihre Zeitleiste an und f\u00fcgen Sie sie ganz einfach zu Ihrer Website hinzu!","default_faq_hidden":"","app_template_category":[],"platform":"268","template_public_id":"","codecanyon_url":"","codecanyon_item_id":"","codecanyon_price":"","pricing_caption":"","pricing_elfsight_apps_hide_column":"","pricing_elfsight_apps_url":"","pricing_codecanyon_price_caption":"","integration_category":[],"integration_request_title":"","integration_request_cta":"","integration_platform":"","integrations":[],"platform_category":[],"video_schema_markup":"","price":"ab 0 $ \/ Monat","trial":"","benefits":[],"button_url":"#demo","button_target_blank":"0","button_nofollow":"0","attributes":[{"name":"Installiert","content":"50,000 - 100,000","_state":"expanded"},{"name":"Reaktionsfreudig","content":"Ja","_state":"expanded"},{"name":"Kompatible Browser","content":"Firefox, Safari, Opera, Chrome, Edge","_state":"expanded"}],"tags":[],"tags_disable_links":"0","hide_more_platforms":"0","video_object":"","demo_hide_cta":"0","demo_hide_cloud_options":"0","pricing_title":"","pricing":[{"pricing_icon":"platform","pricing_title":"Elfsight Apps","pricing_title_caption":"Plattform\u00fcbergreifende Software, die f\u00fcr jede Website geeignet ist","pricing_price":"ab 0 $ \/ Monat","pricing_price_caption":"Beginnen Sie mit einem kostenlosen Plan","pricing_benefits":"[object Object],[object Object],[object Object],[object Object]","pricing_button_text":"Zur Website hinzuf\u00fcgen","pricing_button_url":"#demo"}],"related_apps_title":"","related_apps_hidden":"0","author":"","image":[],"title":"","job":"","social_networks":[]},"_links":{"self":[{"href":"https:\/\/elfsight.com\/de\/wp-json\/wp\/v2\/pages\/24994","targetHints":{"allow":["GET"]}}],"collection":[{"href":"https:\/\/elfsight.com\/de\/wp-json\/wp\/v2\/pages"}],"about":[{"href":"https:\/\/elfsight.com\/de\/wp-json\/wp\/v2\/types\/page"}],"author":[{"embeddable":true,"href":"https:\/\/elfsight.com\/de\/wp-json\/wp\/v2\/users\/9"}],"replies":[{"embeddable":true,"href":"https:\/\/elfsight.com\/de\/wp-json\/wp\/v2\/comments?post=24994"}],"version-history":[{"count":3,"href":"https:\/\/elfsight.com\/de\/wp-json\/wp\/v2\/pages\/24994\/revisions"}],"predecessor-version":[{"id":25330,"href":"https:\/\/elfsight.com\/de\/wp-json\/wp\/v2\/pages\/24994\/revisions\/25330"}],"up":[{"embeddable":true,"href":"https:\/\/elfsight.com\/de\/wp-json\/wp\/v2\/pages\/24929"}],"wp:attachment":[{"href":"https:\/\/elfsight.com\/de\/wp-json\/wp\/v2\/media?parent=24994"}],"curies":[{"name":"wp","href":"https:\/\/api.w.org\/{rel}","templated":true}]}}