{"id":24993,"date":"2025-03-10T15:42:43","date_gmt":"2025-03-10T15:42:43","guid":{"rendered":"https:\/\/elfsight.com\/de\/?page_id=24993"},"modified":"2025-07-10T08:35:46","modified_gmt":"2025-07-10T08:35:46","slug":"blogger","status":"publish","type":"page","link":"https:\/\/elfsight.com\/de\/timeline-widget\/blogger\/","title":{"rendered":"Timeline &#8211; Blogger"},"content":{"rendered":"<div class=\"application-platform-content-item-description application-platform-content-item\" id=\"description\" data-nav-section=\"description\"><h2>Blogger-Zeitleisten-Widget<\/h2> <p>Steigern Sie Ihre Blogger-Website, indem Sie eine interaktive Zeitleiste hinzuf\u00fcgen, die Ihre Meilensteine, Schl\u00fcsselereignisse oder Phasen in Ihren Projekten hervorhebt. Binden Sie Ihre Besucher mit einer optisch ansprechenden und interaktiven Zeitleiste ein. Mit dem Elfsight Blogger Timeline Builder k\u00f6nnen Sie ganz einfach benutzerdefinierte Meilensteinmarkierungen hinzuf\u00fcgen, die Aufmerksamkeit erregen. Unabh\u00e4ngig davon, ob Sie Ihre Unternehmensgeschichte, Ihren Produktentwicklungsprozess oder wichtige gesch\u00e4ftliche Meilensteine \u200b\u200banzeigen, k\u00f6nnen Sie mit diesem Widget eine personalisierte Zeitleiste erstellen, die auf Ihre Ziele zugeschnitten ist.<\/p> <ul> <li><b>Erstellen Sie interaktive Zeitleisten ohne Programmierung.<\/b><br> Erstellen Sie in wenigen Minuten eine voll funktionsf\u00e4hige Zeitleiste, ohne dass technisches Fachwissen erforderlich ist, und beginnen Sie sofort, Ihr Publikum anzusprechen.<\/li> <li><b>Erweiterte Anpassungsoptionen.<\/b><br> Passen Sie das Design, das Layout, die Schriftarten, die Farben usw. Ihrer Zeitleiste an. und mehr, passend zum Erscheinungsbild Ihrer Website.<\/li> <li><b>Reibungsloser Einbettungsprozess.<\/b><br> F\u00fcgen Sie Ihre individuelle Timeline ganz einfach mit einem einfachen HTML-Einbettungscode zu Ihrer Blogger-Website hinzu \u2013 keine Programmierkenntnisse erforderlich.<\/li> <li><b>Reaktionsstarker Kundensupport.<\/b><br> Unser engagiertes Support-Team ist immer bereit, Sie bei der Einrichtung Ihrer Timeline zu unterst\u00fctzen und sicherzustellen, dass sie perfekt auf Ihrer Website funktioniert.<\/li> <\/ul> <p><b>Probieren Sie es aus Elfsight Blogger Timeline-Widget und pr\u00e4sentieren Sie Ihre wichtigsten Meilensteine \u200b\u200bauf dynamische, ansprechende Weise!<\/b><\/p><\/div><div class=\"application-platform-content-item-features application-platform-content-item\" id=\"features\" data-nav-section=\"features\"><h2>Was Sie mit der Blogger-Timeline tun k\u00f6nnen<\/h2> <ul> <li><strong>Fesseln Sie Besucher visuell.<\/strong><br> Fesseln Sie die Aufmerksamkeit Ihres Publikums mit einer ansprechenden Zeitleiste, die Ihre Meilensteine \u200b\u200bklar und grafisch darstellt formatieren. Dadurch k\u00f6nnen Besucher Ihre Inhalte leichter verdauen und mehr entdecken.<\/li> <li><strong>Pr\u00e4sentieren Sie Ihre Fortschritte und Ereignisse.<\/strong><br> Pr\u00e4sentieren Sie Ihre Gesch\u00e4ftserfolge und Projektphasen in chronologischer Reihenfolge, damit Ihre Besucher informiert und an Ihrer Reise interessiert bleiben.<\/li> <li><strong>Heben Sie wichtige Erfolge hervor.<\/strong><br> Betonen Sie Ihre wichtigen Meilensteine \u200b\u200bund Erfolgsgeschichten mit einem klaren, leicht verst\u00e4ndlichen Layout, das Aufmerksamkeit erregt und zu weiterem Engagement einl\u00e4dt.<\/li> <\/ul> <p><a href=\"#demo\">Probieren Sie den Timeline-Editor aus, um alle Funktionen zu entdecken, die er bietet.<\/a><\/p><\/div><div class=\"application-platform-content-item-installation application-platform-content-item\" id=\"installation\" data-nav-section=\"installation\"><h2>So betten Sie eine Timeline in Blogger ein<\/h2> <p>Das Hinzuf\u00fcgen eines Timeline-Widgets zu Ihrer Blogger-Website ist schnell und einfach, es sind keine Programmierkenntnisse erforderlich. Befolgen Sie einfach diese einfachen Schritte:<\/p> <ol> <li><b>Passen Sie Ihre Blogger-Timeline an<\/b><br> W\u00e4hlen Sie eine Vorlage aus dem Editor und passen Sie sie dann an Ihre Bed\u00fcrfnisse an. Passen Sie das Layout an, f\u00fcgen Sie Meilensteine \u200b\u200bhinzu und passen Sie das Design an den Stil Ihres Blogs an.<\/li> <li><b>Holen Sie sich Ihren Einbettungscode<\/b><br> Sobald Ihre Zeitleiste angepasst ist, erhalten Sie einen einzigartigen HTML-Einbettungscode. Kopieren Sie diesen Code zur sp\u00e4teren Verwendung.<\/li> <li><b>Betten Sie den Code auf Ihrer Blogger-Website ein<\/b><br> F\u00fcgen Sie den HTML-Code in den entsprechenden Abschnitt Ihres Blogger-Beitrags oder Ihrer Blogger-Seite ein und speichern Sie Ihre \u00c4nderungen. Ihre interaktive Zeitleiste wird live sein!<\/li> <li><b>Viel Spa\u00df mit Ihrer interaktiven Zeitleiste!<\/b><br> Besuchen Sie Ihren Blog, um die Zeitleiste in Aktion zu sehen und Ihre Besucher mit einer interaktiven und optisch ansprechenden Funktion zu begeistern.<\/li> <\/ol> <p>Ausf\u00fchrlichere Anleitungen finden Sie in unserem umfassenden Leitfaden auf <a href=\"https:\/\/elfsight.com\/blog\/how-to-embed-timeline-to-website\/\" target=\"_blank\" rel=\"noopener\">So f\u00fcgen Sie Ihrer Website eine Timeline hinzu<\/a>.<\/p><\/div><div class=\"faq\" data-component=\"FAQ\"><div class=\"faq-item\">\r\n\t\t\t\t\t<div class=\"faq-item-question\">\r\n\t\t\t\t\t\t<h3 class=\"faq-item-question-text\"><\/h3>\r\n\r\n\t\t\t\t\t\t<div class=\"faq-item-question-icon\"><\/div>\r\n\t\t\t\t\t<\/div>\r\n\r\n\t\t\t\t\t<div class=\"faq-item-answer\">\r\n\t\t\t\t\t\t<div class=\"faq-item-answer-text\">Ja, Elfsight bietet im Rahmen seines Abonnementmodells einen kostenlosen Plan an. Sie k\u00f6nnen die Grundfunktionen des Timeline-Widgets kostenlos nutzen, wobei zus\u00e4tzliche Optionen zur weiteren Anpassung verf\u00fcgbar sind.<\/div>\r\n\t\t\t\t\t<\/div>\r\n\t\t\t\t<\/div><div class=\"faq-item\">\r\n\t\t\t\t\t<div class=\"faq-item-question\">\r\n\t\t\t\t\t\t<h3 class=\"faq-item-question-text\">Ben\u00f6tige ich Programmierkenntnisse, um das Timeline-Widget zu verwenden?<\/h3>\r\n\r\n\t\t\t\t\t\t<div class=\"faq-item-question-icon\"><\/div>\r\n\t\t\t\t\t<\/div>\r\n\r\n\t\t\t\t\t<div class=\"faq-item-answer\">\r\n\t\t\t\t\t\t<div class=\"faq-item-answer-text\">Nein, f\u00fcr das Blogger-Timeline-Widget sind keine Programmierkenntnisse erforderlich. Mit dem benutzerfreundlichen Editor k\u00f6nnen Sie Ihre Zeitleiste ganz einfach anpassen und erstellen.<\/div>\r\n\t\t\t\t\t<\/div>\r\n\t\t\t\t<\/div><div class=\"faq-item\">\r\n\t\t\t\t\t<div class=\"faq-item-question\">\r\n\t\t\t\t\t\t<h3 class=\"faq-item-question-text\">Wie erstelle ich eine interaktive Zeitleiste f\u00fcr Blogger?<\/h3>\r\n\r\n\t\t\t\t\t\t<div class=\"faq-item-question-icon\"><\/div>\r\n\t\t\t\t\t<\/div>\r\n\r\n\t\t\t\t\t<div class=\"faq-item-answer\">\r\n\t\t\t\t\t\t<div class=\"faq-item-answer-text\">W\u00e4hlen Sie einfach eine Vorlage aus dem Editor aus, nehmen Sie die erforderlichen Anpassungen vor und betten Sie sie mithilfe des bereitgestellten HTML-Einbettungscodes in Ihr Blog ein.<\/div>\r\n\t\t\t\t\t<\/div>\r\n\t\t\t\t<\/div><div class=\"faq-item\">\r\n\t\t\t\t\t<div class=\"faq-item-question\">\r\n\t\t\t\t\t\t<h3 class=\"faq-item-question-text\"><\/h3>\r\n\r\n\t\t\t\t\t\t<div class=\"faq-item-question-icon\"><\/div>\r\n\t\t\t\t\t<\/div>\r\n\r\n\t\t\t\t\t<div class=\"faq-item-answer\">\r\n\t\t\t\t\t\t<div class=\"faq-item-answer-text\"><p>Mit dem Blogger-Zeitleisten-Widget k\u00f6nnen Sie kann verschiedene Arten von Zeitleisten erstellen, wie zum Beispiel:<\/p> <ul> <li><strong>Unternehmensgeschichte:<\/strong> Zeigen Sie die Geschichte und das Wachstum Ihres Unternehmens an und heben Sie wichtige Meilensteine \u200b\u200bund Ereignisse hervor.<\/li> <li><strong>Produktentwicklung:<\/strong> Pr\u00e4sentieren Sie die Entwicklung Ihres Produkts vom Konzept bis zur Markteinf\u00fchrung und betonen Sie dabei jeden wichtigen Schritt.<\/li> <li><strong>Projektfortschritt:<\/strong> Verfolgen und zeigen Sie Phasen laufender oder abgeschlossener Projekte an und halten Sie Ihr Publikum \u00fcber den Fortschritt auf dem Laufenden.<\/li> <li><strong>Veranstaltungspl\u00e4ne:<\/strong> Pr\u00e4sentieren Sie Zeitpl\u00e4ne f\u00fcr bevorstehende Veranstaltungen oder Markteinf\u00fchrungen und helfen Sie Besuchern, \u00fcber wichtige Termine und Details auf dem Laufenden zu bleiben.<\/li> <\/ul><\/div>\r\n\t\t\t\t\t<\/div>\r\n\t\t\t\t<\/div><\/div><p><\/p>","protected":false},"excerpt":{"rendered":"","protected":false},"author":9,"featured_media":0,"parent":24929,"menu_order":0,"comment_status":"closed","ping_status":"closed","template":"templates\/template-application-platform.php","meta":{"publish_to_discourse":"","publish_post_category":"","wpdc_auto_publish_overridden":"","wpdc_topic_tags":"","wpdc_pin_topic":"","wpdc_pin_until":"","discourse_post_id":"","discourse_permalink":"","wpdc_publishing_response":"","wpdc_publishing_error":"","footnotes":""},"class_list":["post-24993","page","type-page","status-publish","hentry"],"yoast_head":"<!-- This site is optimized with the Yoast SEO plugin v25.3.1 - https:\/\/yoast.com\/wordpress\/plugins\/seo\/ -->\n<title>Blogger-Timeline \u2013 F\u00fcgen Sie Ihrer Website eine interaktive Timeline hinzu|Kostenlos<\/title>\n<meta name=\"description\" content=\"Erstellen Sie eine dynamische Roadmap auf Ihrer Blogger-Website. Pr\u00e4sentieren Sie wichtige Ereignisse, Meilensteine \u200b\u200bund Erfolge mit einem anpassbaren Zeitleisten-Widget von Elfsight.\" \/>\n<meta name=\"robots\" content=\"index, follow, max-snippet:-1, max-image-preview:large, max-video-preview:-1\" \/>\n<link rel=\"canonical\" href=\"https:\/\/elfsight.com\/de\/timeline-widget\/blogger\/\" \/>\n<meta property=\"og:locale\" content=\"de_DE\" \/>\n<meta property=\"og:type\" content=\"article\" \/>\n<meta property=\"og:title\" content=\"Blogger-Timeline \u2013 F\u00fcgen Sie Ihrer Website eine interaktive Timeline hinzu|Kostenlos\" \/>\n<meta property=\"og:description\" content=\"Erstellen Sie eine dynamische Roadmap auf Ihrer Blogger-Website. Pr\u00e4sentieren Sie wichtige Ereignisse, Meilensteine \u200b\u200bund Erfolge mit einem anpassbaren Zeitleisten-Widget von Elfsight.\" \/>\n<meta property=\"og:url\" content=\"https:\/\/elfsight.com\/de\/timeline-widget\/blogger\/\" \/>\n<meta property=\"og:site_name\" content=\"Elfsight DE\" \/>\n<meta property=\"article:modified_time\" content=\"2025-07-10T08:35:46+00:00\" \/>\n<meta name=\"twitter:card\" content=\"summary_large_image\" \/>\n<meta name=\"twitter:label1\" content=\"Gesch\u00e4tzte Lesezeit\" \/>\n\t<meta name=\"twitter:data1\" content=\"4\u00a0Minuten\" \/>\n<!-- \/ Yoast SEO plugin. -->","yoast_head_json":{"title":"Blogger-Timeline \u2013 F\u00fcgen Sie Ihrer Website eine interaktive Timeline hinzu|Kostenlos","description":"Erstellen Sie eine dynamische Roadmap auf Ihrer Blogger-Website. Pr\u00e4sentieren Sie wichtige Ereignisse, Meilensteine \u200b\u200bund Erfolge mit einem anpassbaren Zeitleisten-Widget von Elfsight.","robots":{"index":"index","follow":"follow","max-snippet":"max-snippet:-1","max-image-preview":"max-image-preview:large","max-video-preview":"max-video-preview:-1"},"canonical":"https:\/\/elfsight.com\/de\/timeline-widget\/blogger\/","og_locale":"de_DE","og_type":"article","og_title":"Blogger-Timeline \u2013 F\u00fcgen Sie Ihrer Website eine interaktive Timeline hinzu|Kostenlos","og_description":"Erstellen Sie eine dynamische Roadmap auf Ihrer Blogger-Website. Pr\u00e4sentieren Sie wichtige Ereignisse, Meilensteine \u200b\u200bund Erfolge mit einem anpassbaren Zeitleisten-Widget von Elfsight.","og_url":"https:\/\/elfsight.com\/de\/timeline-widget\/blogger\/","og_site_name":"Elfsight DE","article_modified_time":"2025-07-10T08:35:46+00:00","twitter_card":"summary_large_image","twitter_misc":{"Gesch\u00e4tzte Lesezeit":"4\u00a0Minuten"},"schema":{"@context":"https:\/\/schema.org","@graph":[{"@type":"WebPage","@id":"https:\/\/elfsight.com\/de\/timeline-widget\/blogger\/","url":"https:\/\/elfsight.com\/de\/timeline-widget\/blogger\/","name":"Blogger-Timeline \u2013 F\u00fcgen Sie Ihrer Website eine interaktive Timeline hinzu|Kostenlos","isPartOf":{"@id":"https:\/\/elfsight.com\/de\/#website"},"datePublished":"2025-03-10T15:42:43+00:00","dateModified":"2025-07-10T08:35:46+00:00","description":"Erstellen Sie eine dynamische Roadmap auf Ihrer Blogger-Website. Pr\u00e4sentieren Sie wichtige Ereignisse, Meilensteine \u200b\u200bund Erfolge mit einem anpassbaren Zeitleisten-Widget von Elfsight.","breadcrumb":{"@id":"https:\/\/elfsight.com\/de\/timeline-widget\/blogger\/#breadcrumb"},"inLanguage":"de","potentialAction":[{"@type":"ReadAction","target":["https:\/\/elfsight.com\/de\/timeline-widget\/blogger\/"]}]},{"@type":"BreadcrumbList","@id":"https:\/\/elfsight.com\/de\/timeline-widget\/blogger\/#breadcrumb","itemListElement":[{"@type":"ListItem","position":1,"name":"Home","item":"https:\/\/elfsight.com\/de\/"},{"@type":"ListItem","position":2,"name":"Timeline","item":"https:\/\/elfsight.com\/de\/timeline-widget\/"},{"@type":"ListItem","position":3,"name":"Timeline &#8211; Blogger"}]},{"@type":"WebSite","@id":"https:\/\/elfsight.com\/de\/#website","url":"https:\/\/elfsight.com\/de\/","name":"Elfsight DE","description":"Just another Elfsight Sites site","potentialAction":[{"@type":"SearchAction","target":{"@type":"EntryPoint","urlTemplate":"https:\/\/elfsight.com\/de\/?s={search_term_string}"},"query-input":{"@type":"PropertyValueSpecification","valueRequired":true,"valueName":"search_term_string"}}],"inLanguage":"de"}]}},"meta_box":{"industry":"","seo_heading":"","heading":"","description":"","cta_heading":"","cta_description":"","application":"24928","h1":"Zeitleisten-Widget f\u00fcr Blogger","h1_caption":"Pr\u00e4sentieren Sie eine interaktive Zeitleiste mit Ereignissen, um Meilensteine \u200b\u200bund wichtige Ereignisse auf Ihrer Blogger-Website hervorzuheben. Pr\u00e4sentieren Sie Ihre Geschichte und Ihren Fortschritt in einem ansprechenden, visuellen Format.","application_category":[],"applications_title":"","applications_request_title":"","applications_request_button_text":"","hero_text":"","hero_video":"","hero_video_schema_markup":"","selling_points_title":"","selling_points_caption":"","selling_points":[],"selling_points_cta_text":"","features_title":"","features":"","ed_cta_examples_text":"","ed_cta_examples_hidden":"","ed_cta_demo_text":"","ed_cta_demo_hidden":"","why_caption":"","why_editor_title":"","why_editor_text":"","why_team_title":"","why_team_text":"","why_service_title":"","why_service_text":"","template_catalog_visible":"","template_catalog_title":"","template_catalog_text":"","template_catalog_categories_visible":"","demo_title":"Erstellen Sie Ihr Blogger-Timeline-Widget","demo_caption":"Passen Sie Ihre Zeitleiste an und f\u00fcgen Sie sie ganz einfach zu Ihrer Website hinzu!","default_faq_hidden":"","app_template_category":[],"platform":"262","template_public_id":"","codecanyon_url":"","codecanyon_item_id":"","codecanyon_price":"","pricing_caption":"","pricing_elfsight_apps_hide_column":"","pricing_elfsight_apps_url":"","pricing_codecanyon_price_caption":"","integration_category":[],"integration_request_title":"","integration_request_cta":"","integration_platform":"","integrations":[],"platform_category":[],"video_schema_markup":"","price":"ab 0 $ \/ Monat","trial":"","benefits":[],"button_url":"#demo","button_target_blank":"0","button_nofollow":"0","attributes":[{"name":"Installiert","content":"50,000 - 100,000","_state":"expanded"},{"name":"Reaktionsfreudig","content":"Ja","_state":"expanded"},{"name":"Kompatible Browser","content":"Firefox, Safari, Opera, Chrome, Edge","_state":"expanded"}],"tags":[],"tags_disable_links":"","hide_more_platforms":"","video_object":"","demo_hide_cta":"0","demo_hide_cloud_options":"","pricing_title":"","pricing":[{"pricing_icon":"platform","pricing_title":"Elfsight Apps","pricing_title_caption":"Plattform\u00fcbergreifende Software, die f\u00fcr jede Website geeignet ist","pricing_price":"ab 0 $ \/ Monat","pricing_price_caption":"Beginnen Sie mit einem kostenlosen Plan","pricing_benefits":"[object Object],[object Object],[object Object],[object Object]","pricing_button_text":"Zur Website hinzuf\u00fcgen","pricing_button_url":"#demo"}],"related_apps_title":"","related_apps_hidden":"","author":"","image":[],"title":"","job":"","social_networks":[]},"_links":{"self":[{"href":"https:\/\/elfsight.com\/de\/wp-json\/wp\/v2\/pages\/24993","targetHints":{"allow":["GET"]}}],"collection":[{"href":"https:\/\/elfsight.com\/de\/wp-json\/wp\/v2\/pages"}],"about":[{"href":"https:\/\/elfsight.com\/de\/wp-json\/wp\/v2\/types\/page"}],"author":[{"embeddable":true,"href":"https:\/\/elfsight.com\/de\/wp-json\/wp\/v2\/users\/9"}],"replies":[{"embeddable":true,"href":"https:\/\/elfsight.com\/de\/wp-json\/wp\/v2\/comments?post=24993"}],"version-history":[{"count":1,"href":"https:\/\/elfsight.com\/de\/wp-json\/wp\/v2\/pages\/24993\/revisions"}],"predecessor-version":[{"id":24997,"href":"https:\/\/elfsight.com\/de\/wp-json\/wp\/v2\/pages\/24993\/revisions\/24997"}],"up":[{"embeddable":true,"href":"https:\/\/elfsight.com\/de\/wp-json\/wp\/v2\/pages\/24929"}],"wp:attachment":[{"href":"https:\/\/elfsight.com\/de\/wp-json\/wp\/v2\/media?parent=24993"}],"curies":[{"name":"wp","href":"https:\/\/api.w.org\/{rel}","templated":true}]}}