{"id":24988,"date":"2025-03-10T17:09:15","date_gmt":"2025-03-10T17:09:15","guid":{"rendered":"https:\/\/elfsight.com\/de\/?page_id=24988"},"modified":"2025-07-10T08:36:02","modified_gmt":"2025-07-10T08:36:02","slug":"drupal","status":"publish","type":"page","link":"https:\/\/elfsight.com\/de\/timeline-widget\/drupal\/","title":{"rendered":"Timeline &#8211; Drupal"},"content":{"rendered":"<div class=\"application-platform-content-item-description application-platform-content-item\" id=\"description\" data-nav-section=\"description\"><h2>Druplal Timeline Plugin<\/h2><p>Fesseln Sie Ihre G\u00e4ste mit einer visuell interaktiven und anpassbaren Zeitleiste. Erstellen Sie eine umfassende responsive Zeitleiste f\u00fcr Ihre Drupal-Webseite, ohne dass Programmieraufwand erforderlich ist. Mit dem Timeline-Plugin von Elfsight k\u00f6nnen Sie anpassbare Meilensteinanzeigen einbinden, die Ihr Publikum anziehen. Egal, ob Sie Ihre Unternehmensgeschichte pr\u00e4sentieren, Projektphasen verfolgen oder die Produktentwicklung hervorheben, mit diesem Plugin k\u00f6nnen Sie ganz einfach eine einzigartige Roadmap zusammenstellen, die Ihren Zielen entspricht. <\/p><ul><li><b>Erstellen Sie interaktive Zeitleisten ohne Code<\/b><br>Entwerfen Sie in wenigen Minuten eine voll funktionsf\u00e4hige interaktive Zeitleiste, ohne dass Programmierkenntnisse erforderlich sind, und beginnen Sie sofort mit der Interaktion mit Ihren Besuchern. <\/li><li><b>Erweiterte Anpassungsoptionen<\/b><br>\u00c4ndern Sie das Design und Layout Ihres Widgets mit einer Vielzahl von Designs, Paletten, Schriftarten und Einstellungen, um ein ma\u00dfgeschneidertes Erlebnis zu schaffen. <\/li><li><b>Reibungsloser Einbettungsprozess<\/b><br>Betten Sie Ihre einzigartige Zeitleiste mit einem einfachen HTML-Code nahtlos in Ihre Drupal-Website ein, ohne technische Herausforderungen. <\/li><li><b>Responsiver Kundensupport<\/b><br>Unser fachkundiges Support-Team ist bereit, Sie durch die Einrichtung zu f\u00fchren und sicherzustellen, dass Ihre Timeline auf Ihrer Website reibungslos funktioniert. <\/li><\/ul><p><b>Probieren Sie die Drupal-Timeline von Elfsight aus, um Besucher anzusprechen und Ihre Meilensteine \u200b\u200bund Erfolge auf kreative, stilvolle Weise zu pr\u00e4sentieren. <\/b><\/p><\/div><div class=\"application-platform-content-item-features application-platform-content-item\" id=\"features\" data-nav-section=\"features\"><h2>Was Sie mit Drupal Timeline tun k\u00f6nnen<\/h2><ul><li><strong>Besucher visuell einbinden<\/strong><br>Fesseln Sie die Aufmerksamkeit Ihres Publikums, indem Sie Ihre Zeitleiste, Erfolge oder Fortschritte auf dynamische und \u00fcberzeugende Weise pr\u00e4sentieren. Eine interaktive Zeitleiste hilft dabei, Inhalte in einem leicht verdaulichen Format zu pr\u00e4sentieren, das das Publikum dazu inspiriert, sich weiter zu engagieren. <\/li><li><strong>Pr\u00e4sentieren Sie Fortschritte und Ereignisse<\/strong><br>Verwenden Sie die Roadmap, um Etappen in chronologischer Reihenfolge zu pr\u00e4sentieren, damit Besucher Ihrer Geschichte folgen k\u00f6nnen. Dies hilft dem Publikum, Ihren Prozess zu verstehen und h\u00e4lt es neugierig auf Ihre Entwicklung. <\/li><li><strong>Heben Sie wichtige Erfolge hervor<\/strong><br>Machen Sie Ihren wichtigsten Ereignissen besondere Bedeutung. Pr\u00e4sentieren Sie Ihre Leistungen in einem attraktiven und leicht verdaulichen Format. <\/li><\/ul><p><a href=\"#demo\">Probieren Sie den Editor aus, um die vollst\u00e4ndige Idee zu verstehen. <\/a><\/p><\/div><div class=\"application-platform-content-item-installation application-platform-content-item\" id=\"installation\" data-nav-section=\"installation\"> <h2>So betten Sie eine Timeline in Drupal ein<\/h2><p>Das Hinzuf\u00fcgen der Drupal-Timeline zu Ihrer Webseite ist m\u00fchelos und erfordert keine Programmierkenntnisse. Befolgen Sie einfach diese grundlegenden Schritte, um loszulegen: <\/p><ol><li><b>Erstellen Sie Ihre benutzerdefinierte Drupal-Timeline<\/b><br>W\u00e4hlen Sie zun\u00e4chst ein Design aus unserem Editor aus und personalisieren Sie es entsprechend Ihren Vorlieben und dem Stil Ihrer Website. <\/li><li><b>Holen Sie sich Ihren einzigartigen Einbettungscode<\/b><br>Sobald Sie mit der Anpassung Ihrer Timeline fertig sind, erhalten Sie einen einzigartigen HTML-Code. Kopieren Sie diesen Code zur sp\u00e4teren Verwendung. <\/li><li><b>Betten Sie den Code in Ihre Website ein<\/b><br>Platzieren Sie den Einbettungscode im entsprechenden Abschnitt Ihrer Webseite und speichern Sie die Anpassungen. Ihre interaktive Zeitleiste ist jetzt auf Ihrer Website funktionsf\u00e4hig! <\/li><li><b>Viel Spa\u00df mit Ihrer neuen interaktiven Zeitleiste! <\/b><br>Besuchen Sie Ihre Website, um die Zeitleiste in Aktion zu sehen und Besucher auf visuell ansprechende Weise zu fesseln! <\/li><\/ol><p>Ausf\u00fchrlichere Anweisungen finden Sie in unserem Handbuch zum <a href=\"https:\/\/elfsight.com\/blog\/how-to-embed-timeline-to-website\/\" target=\"_blank\" rel=\"noopener\">wie Sie Ihrer Website eine Zeitleiste hinzuf\u00fcgen<\/a>.<\/p><\/div><div class=\"faq\" data-component=\"FAQ\"><div class=\"faq-item\">\r\n\t\t\t\t\t<div class=\"faq-item-question\">\r\n\t\t\t\t\t\t<h3 class=\"faq-item-question-text\">Ist das Zeitleisten-Widget f\u00fcr Drupal kostenlos? <\/h3>\r\n\r\n\t\t\t\t\t\t<div class=\"faq-item-question-icon\"><\/div>\r\n\t\t\t\t\t<\/div>\r\n\r\n\t\t\t\t\t<div class=\"faq-item-answer\">\r\n\t\t\t\t\t\t<div class=\"faq-item-answer-text\">Ja, Elfsight bietet ein mehrschichtiges Abonnement-Framework an, das einen kostenlosen Plan beinhaltet. Sie k\u00f6nnen das Elfsight Timeline-Widget kostenlos nutzen und erhalten Zugriff auf alle wesentlichen Funktionen. Greifen Sie mit erweiterten Pl\u00e4nen auf mehr Optionen zu. <\/div>\r\n\t\t\t\t\t<\/div>\r\n\t\t\t\t<\/div><div class=\"faq-item\">\r\n\t\t\t\t\t<div class=\"faq-item-question\">\r\n\t\t\t\t\t\t<h3 class=\"faq-item-question-text\">Ben\u00f6tige ich Programmierkenntnisse, um das Timeline-Widget zu verwenden? <\/h3>\r\n\r\n\t\t\t\t\t\t<div class=\"faq-item-question-icon\"><\/div>\r\n\t\t\t\t\t<\/div>\r\n\r\n\t\t\t\t\t<div class=\"faq-item-answer\">\r\n\t\t\t\t\t\t<div class=\"faq-item-answer-text\">Nein, f\u00fcr den Drupal Timeline-Ersteller von Elfsight sind keine Programmierkenntnisse erforderlich. Mit unserem benutzerfreundlichen Editor k\u00f6nnen Sie Ihre Zeitleiste ganz einfach anpassen und personalisieren. <\/div>\r\n\t\t\t\t\t<\/div>\r\n\t\t\t\t<\/div><div class=\"faq-item\">\r\n\t\t\t\t\t<div class=\"faq-item-question\">\r\n\t\t\t\t\t\t<h3 class=\"faq-item-question-text\">Wie kann ich eine interaktive Zeitleiste f\u00fcr Drupal erstellen? <\/h3>\r\n\r\n\t\t\t\t\t\t<div class=\"faq-item-question-icon\"><\/div>\r\n\t\t\t\t\t<\/div>\r\n\r\n\t\t\t\t\t<div class=\"faq-item-answer\">\r\n\t\t\t\t\t\t<div class=\"faq-item-answer-text\">W\u00e4hlen Sie im Editor ein Design aus, personalisieren Sie es und f\u00fcgen Sie die Zeitleiste mithilfe des bereitgestellten HTML-Codes ein. <\/div>\r\n\t\t\t\t\t<\/div>\r\n\t\t\t\t<\/div><div class=\"faq-item\">\r\n\t\t\t\t\t<div class=\"faq-item-question\">\r\n\t\t\t\t\t\t<h3 class=\"faq-item-question-text\">Welche Arten von Zeitleisten kann ich erstellen? <\/h3>\r\n\r\n\t\t\t\t\t\t<div class=\"faq-item-question-icon\"><\/div>\r\n\t\t\t\t\t<\/div>\r\n\r\n\t\t\t\t\t<div class=\"faq-item-answer\">\r\n\t\t\t\t\t\t<div class=\"faq-item-answer-text\">Sie k\u00f6nnen verschiedene Zeitleisten erstellen: Unternehmensgeschichte, Projektzeitleiste, Projektfortschritt, Veranstaltungskalender und mehr. Das Elfsight Timeline-Widget ist flexibel genug, um sich an Ihre individuellen Bed\u00fcrfnisse anzupassen. <\/div>\r\n\t\t\t\t\t<\/div>\r\n\t\t\t\t<\/div><\/div><p><\/p>","protected":false},"excerpt":{"rendered":"","protected":false},"author":9,"featured_media":0,"parent":24929,"menu_order":0,"comment_status":"closed","ping_status":"closed","template":"templates\/template-application-platform.php","meta":{"publish_to_discourse":"","publish_post_category":"","wpdc_auto_publish_overridden":"","wpdc_topic_tags":"","wpdc_pin_topic":"","wpdc_pin_until":"","discourse_post_id":"","discourse_permalink":"","wpdc_publishing_response":"","wpdc_publishing_error":"","footnotes":""},"class_list":["post-24988","page","type-page","status-publish","hentry"],"yoast_head":"<!-- This site is optimized with the Yoast SEO plugin v25.3.1 - https:\/\/yoast.com\/wordpress\/plugins\/seo\/ -->\n<title>Drupal-Timeline \u2013 F\u00fcgen Sie Ihrer Website eine interaktive Timeline hinzu|Kostenlos<\/title>\n<meta name=\"description\" content=\"Erstellen Sie eine dynamische Roadmap auf Ihrer Drupal-Website. Pr\u00e4sentieren Sie wichtige Ereignisse, Meilensteine \u200b\u200bund Erfolge mit einem anpassbaren Zeitleisten-Widget von Elfsight.\" \/>\n<meta name=\"robots\" content=\"index, follow, max-snippet:-1, max-image-preview:large, max-video-preview:-1\" \/>\n<link rel=\"canonical\" href=\"https:\/\/elfsight.com\/de\/timeline-widget\/drupal\/\" \/>\n<meta property=\"og:locale\" content=\"de_DE\" \/>\n<meta property=\"og:type\" content=\"article\" \/>\n<meta property=\"og:title\" content=\"Drupal-Timeline \u2013 F\u00fcgen Sie Ihrer Website eine interaktive Timeline hinzu|Kostenlos\" \/>\n<meta property=\"og:description\" content=\"Erstellen Sie eine dynamische Roadmap auf Ihrer Drupal-Website. Pr\u00e4sentieren Sie wichtige Ereignisse, Meilensteine \u200b\u200bund Erfolge mit einem anpassbaren Zeitleisten-Widget von Elfsight.\" \/>\n<meta property=\"og:url\" content=\"https:\/\/elfsight.com\/de\/timeline-widget\/drupal\/\" \/>\n<meta property=\"og:site_name\" content=\"Elfsight DE\" \/>\n<meta property=\"article:modified_time\" content=\"2025-07-10T08:36:02+00:00\" \/>\n<meta name=\"twitter:card\" content=\"summary_large_image\" \/>\n<meta name=\"twitter:label1\" content=\"Gesch\u00e4tzte Lesezeit\" \/>\n\t<meta name=\"twitter:data1\" content=\"4\u00a0Minuten\" \/>\n<!-- \/ Yoast SEO plugin. -->","yoast_head_json":{"title":"Drupal-Timeline \u2013 F\u00fcgen Sie Ihrer Website eine interaktive Timeline hinzu|Kostenlos","description":"Erstellen Sie eine dynamische Roadmap auf Ihrer Drupal-Website. Pr\u00e4sentieren Sie wichtige Ereignisse, Meilensteine \u200b\u200bund Erfolge mit einem anpassbaren Zeitleisten-Widget von Elfsight.","robots":{"index":"index","follow":"follow","max-snippet":"max-snippet:-1","max-image-preview":"max-image-preview:large","max-video-preview":"max-video-preview:-1"},"canonical":"https:\/\/elfsight.com\/de\/timeline-widget\/drupal\/","og_locale":"de_DE","og_type":"article","og_title":"Drupal-Timeline \u2013 F\u00fcgen Sie Ihrer Website eine interaktive Timeline hinzu|Kostenlos","og_description":"Erstellen Sie eine dynamische Roadmap auf Ihrer Drupal-Website. Pr\u00e4sentieren Sie wichtige Ereignisse, Meilensteine \u200b\u200bund Erfolge mit einem anpassbaren Zeitleisten-Widget von Elfsight.","og_url":"https:\/\/elfsight.com\/de\/timeline-widget\/drupal\/","og_site_name":"Elfsight DE","article_modified_time":"2025-07-10T08:36:02+00:00","twitter_card":"summary_large_image","twitter_misc":{"Gesch\u00e4tzte Lesezeit":"4\u00a0Minuten"},"schema":{"@context":"https:\/\/schema.org","@graph":[{"@type":"WebPage","@id":"https:\/\/elfsight.com\/de\/timeline-widget\/drupal\/","url":"https:\/\/elfsight.com\/de\/timeline-widget\/drupal\/","name":"Drupal-Timeline \u2013 F\u00fcgen Sie Ihrer Website eine interaktive Timeline hinzu|Kostenlos","isPartOf":{"@id":"https:\/\/elfsight.com\/de\/#website"},"datePublished":"2025-03-10T17:09:15+00:00","dateModified":"2025-07-10T08:36:02+00:00","description":"Erstellen Sie eine dynamische Roadmap auf Ihrer Drupal-Website. Pr\u00e4sentieren Sie wichtige Ereignisse, Meilensteine \u200b\u200bund Erfolge mit einem anpassbaren Zeitleisten-Widget von Elfsight.","breadcrumb":{"@id":"https:\/\/elfsight.com\/de\/timeline-widget\/drupal\/#breadcrumb"},"inLanguage":"de","potentialAction":[{"@type":"ReadAction","target":["https:\/\/elfsight.com\/de\/timeline-widget\/drupal\/"]}]},{"@type":"BreadcrumbList","@id":"https:\/\/elfsight.com\/de\/timeline-widget\/drupal\/#breadcrumb","itemListElement":[{"@type":"ListItem","position":1,"name":"Home","item":"https:\/\/elfsight.com\/de\/"},{"@type":"ListItem","position":2,"name":"Timeline","item":"https:\/\/elfsight.com\/de\/timeline-widget\/"},{"@type":"ListItem","position":3,"name":"Timeline &#8211; Drupal"}]},{"@type":"WebSite","@id":"https:\/\/elfsight.com\/de\/#website","url":"https:\/\/elfsight.com\/de\/","name":"Elfsight DE","description":"Just another Elfsight Sites site","potentialAction":[{"@type":"SearchAction","target":{"@type":"EntryPoint","urlTemplate":"https:\/\/elfsight.com\/de\/?s={search_term_string}"},"query-input":{"@type":"PropertyValueSpecification","valueRequired":true,"valueName":"search_term_string"}}],"inLanguage":"de"}]}},"meta_box":{"industry":"","seo_heading":"","heading":"","description":"","cta_heading":"","cta_description":"","application":"24928","h1":"Timeline-Plugin f\u00fcr Drupal","h1_caption":"Zeigen Sie eine ansprechende Zeitleiste mit Ereignissen an, um Ihre Geschichte, Entwicklungsmeilensteine \u200b\u200boder Projektschritte mit einer interaktiven Roadmap auf Drupal zu pr\u00e4sentieren.","application_category":[],"applications_title":"","applications_request_title":"","applications_request_button_text":"","hero_text":"","hero_video":"","hero_video_schema_markup":"","selling_points_title":"","selling_points_caption":"","selling_points":[],"selling_points_cta_text":"","features_title":"","features":"","ed_cta_examples_text":"","ed_cta_examples_hidden":"","ed_cta_demo_text":"","ed_cta_demo_hidden":"","why_caption":"","why_editor_title":"","why_editor_text":"","why_team_title":"","why_team_text":"","why_service_title":"","why_service_text":"","template_catalog_visible":"0","template_catalog_title":"","template_catalog_text":"","template_catalog_categories_visible":"","demo_title":"Erstellen Sie Ihr Drupal Timeline-Plugin","demo_caption":"Passen Sie Ihre Zeitleiste an und f\u00fcgen Sie sie ganz einfach zu Ihrer Website hinzu!","default_faq_hidden":"","app_template_category":[],"platform":"261","template_public_id":"","codecanyon_url":"","codecanyon_item_id":"","codecanyon_price":"","pricing_caption":"","pricing_elfsight_apps_hide_column":"","pricing_elfsight_apps_url":"","pricing_codecanyon_price_caption":"","integration_category":[],"integration_request_title":"","integration_request_cta":"","integration_platform":"","integrations":[],"platform_category":[],"video_schema_markup":"","price":"ab 0 $ \/ Monat","trial":"","benefits":[],"button_url":"#demo","button_target_blank":"0","button_nofollow":"0","attributes":[{"name":"Installiert","content":"50,000 - 100,000","_state":"expanded"},{"name":"Reaktionsfreudig","content":"Ja","_state":"expanded"},{"name":"Kompatible Browser","content":"Firefox, Safari, Opera, Chrome, Edge","_state":"expanded"}],"tags":[],"tags_disable_links":"0","hide_more_platforms":"0","video_object":"","demo_hide_cta":"0","demo_hide_cloud_options":"0","pricing_title":"","pricing":[{"pricing_icon":"platform","pricing_title":"Elfsight Apps","pricing_title_caption":"Plattform\u00fcbergreifende Software, die f\u00fcr jede Website geeignet ist","pricing_price":"ab 0 $ \/ Monat","pricing_price_caption":"Beginnen Sie mit einem kostenlosen Plan","pricing_benefits":[{"text":"Unbegrenzte Websites"},{"text":"Kostenloser und p\u00fcnktlicher Support"},{"text":"Kostenlose Installationshilfe"},{"text":"Flexibles Design"}],"pricing_button_text":"Zur Website hinzuf\u00fcgen","pricing_button_url":"#demo"}],"related_apps_title":"","related_apps_hidden":"0","author":"","image":[],"title":"","job":"","social_networks":[]},"_links":{"self":[{"href":"https:\/\/elfsight.com\/de\/wp-json\/wp\/v2\/pages\/24988","targetHints":{"allow":["GET"]}}],"collection":[{"href":"https:\/\/elfsight.com\/de\/wp-json\/wp\/v2\/pages"}],"about":[{"href":"https:\/\/elfsight.com\/de\/wp-json\/wp\/v2\/types\/page"}],"author":[{"embeddable":true,"href":"https:\/\/elfsight.com\/de\/wp-json\/wp\/v2\/users\/9"}],"replies":[{"embeddable":true,"href":"https:\/\/elfsight.com\/de\/wp-json\/wp\/v2\/comments?post=24988"}],"version-history":[{"count":1,"href":"https:\/\/elfsight.com\/de\/wp-json\/wp\/v2\/pages\/24988\/revisions"}],"predecessor-version":[{"id":24992,"href":"https:\/\/elfsight.com\/de\/wp-json\/wp\/v2\/pages\/24988\/revisions\/24992"}],"up":[{"embeddable":true,"href":"https:\/\/elfsight.com\/de\/wp-json\/wp\/v2\/pages\/24929"}],"wp:attachment":[{"href":"https:\/\/elfsight.com\/de\/wp-json\/wp\/v2\/media?parent=24988"}],"curies":[{"name":"wp","href":"https:\/\/api.w.org\/{rel}","templated":true}]}}