{"id":24987,"date":"2025-03-11T05:17:03","date_gmt":"2025-03-11T05:17:03","guid":{"rendered":"https:\/\/elfsight.com\/de\/?page_id=24987"},"modified":"2025-07-10T08:36:38","modified_gmt":"2025-07-10T08:36:38","slug":"godaddy","status":"publish","type":"page","link":"https:\/\/elfsight.com\/de\/timeline-widget\/godaddy\/","title":{"rendered":"Timeline &#8211; GoDaddy"},"content":{"rendered":"<div class=\"application-platform-content-item-description application-platform-content-item\" id=\"description\" data-nav-section=\"description\"><h2>GoDaddy-Timeline-Plugin<\/h2> <p>Verbessern Sie Ihre GoDaddy-Website mit einer interaktiven und visuell ansprechenden Timeline. Mit dem Timeline-Plugin von Elfsight k\u00f6nnen Sie wichtige Meilensteine, Projektphasen oder Erfolge ganz einfach und ohne Programmieraufwand anzeigen. Ganz gleich, ob Sie Ihre Unternehmensgeschichte teilen, die Produktentwicklung pr\u00e4sentieren oder den Projektfortschritt darstellen, mit diesem Plugin k\u00f6nnen Sie eine Zeitleiste erstellen, die perfekt zu den Zielen Ihrer Website passt.<\/p> <ul> <li><b>Erstellen Sie interaktive Zeitleisten ohne Codierung<\/b><br> Entwerfen und implementieren Sie in wenigen Minuten eine voll funktionsf\u00e4hige Zeitleiste, ohne dass technische Kenntnisse erforderlich sind. Fesseln Sie Ihre Besucher sofort mit einem dynamischen Erlebnis.<\/li> <li><b>Erweiterte Anpassungsoptionen<\/b><br> Passen Sie das Erscheinungsbild Ihrer Zeitleiste an, indem Sie Vorlagen, Farben, Schriftarten und mehr anpassen, um ein einzigartiges visuelles Erlebnis zu schaffen, das auf das Design Ihrer Website zugeschnitten ist.<\/li> <li><b>Nahtloser Einbettungsprozess<\/b><br> Betten Sie die Zeitleiste ganz einfach mit einem einfachen HTML-Code in Ihre GoDaddy-Website ein \u2013 keine Programmierkenntnisse erforderlich!<\/li> <li><b>Responsiver Kundensupport<\/b><br> Unser engagiertes Support-Team steht Ihnen zur Verf\u00fcgung, um Sie durch die Einrichtung zu f\u00fchren und sicherzustellen, dass Ihre Zeitleiste reibungslos auf Ihrer Website funktioniert.<\/li> <\/ul> <p><b>Verwenden Sie noch heute das GoDaddy-Zeitleisten-Widget von Elfsight, um Ihre Besucher anzusprechen und Ihre wichtigen Meilensteine \u200b\u200bauf visuell ansprechende Weise hervorzuheben!<\/b><\/p> <\/div><div class=\"application-platform-content-item-features application-platform-content-item\" id=\"features\" data-nav-section=\"features\"><h2>Was Sie mit der GoDaddy-Timeline machen k\u00f6nnen<\/h2> <ul> <li><strong>Besucher visuell ansprechen<\/strong><br> Erregen und fesseln Sie die Aufmerksamkeit Ihres Publikums, indem Sie wichtige Ereignisse und Meilensteine \u200b\u200bin einem optisch ansprechenden, interaktiven Format pr\u00e4sentieren.<\/li> <li><strong>Pr\u00e4sentieren Sie Fortschritte und Ereignisse<\/strong><br> Zeigen Sie Ihren Fortschritt in einer einfachen, chronologischen Reihenfolge an. Unabh\u00e4ngig davon, ob Sie Meilensteine \u200b\u200bpr\u00e4sentieren oder Projektphasen verfolgen, bleiben Ihre Besucher informiert und mit Ihren Inhalten besch\u00e4ftigt.<\/li> <li><strong>Heben Sie wichtige Erfolge hervor<\/strong><br> Konzentrieren Sie sich besonders auf Ihre bedeutendsten Erfolge und Meilensteine \u200b\u200bund pr\u00e4sentieren Sie sie in einem attraktiven, leicht verst\u00e4ndlichen Format, das Aufmerksamkeit erregt.<\/li> <\/ul> <p><a href=\"#demo\">Probieren Sie den Editor aus, um die volle Funktionalit\u00e4t des Zeitleisten-Widgets zu erleben.<\/a><\/p> <\/div><div class=\"application-platform-content-item-installation application-platform-content-item\" id=\"installation\" data-nav-section=\"installation\"><h2>So betten Sie eine Zeitleiste auf GoDaddy ein<\/h2> <p>Das Hinzuf\u00fcgen einer Zeitleiste zu Ihrer GoDaddy-Site ist einfach und erfordert keine Programmierkenntnisse. Befolgen Sie einfach diese einfachen Schritte:<\/p> <ol> <li><b>Erstellen Sie Ihre benutzerdefinierte Zeitleiste<\/b><br> W\u00e4hlen Sie eine Vorlage aus dem Editor, passen Sie sie an Ihren Stil an und passen Sie das Layout und die Farben an Ihr Branding an.<\/li> <li><b>Holen Sie sich Ihren einzigartigen Einbettungscode<\/b><br> Sobald Ihre Zeitleiste fertig ist, erhalten Sie einen einzigartigen HTML-Einbettungscode. Kopieren Sie diesen Code zur sp\u00e4teren Verwendung.<\/li> <li><b>Betten Sie den Code in Ihre GoDaddy-Website ein<\/b><br> F\u00fcgen Sie den HTML-Einbettungscode in den Codeabschnitt Ihrer GoDaddy-Website ein, speichern Sie Ihre \u00c4nderungen und Ihre interaktive Zeitleiste ist live!<\/li> <li><b>Genie\u00dfen Sie Ihre neue interaktive Zeitleiste!<\/b><br> Besuchen Sie Ihre Website und sehen Sie die Zeitleiste in Aktion \u2013 fesseln und fesseln Sie Ihre Besucher auf visuell dynamische Weise!<\/li> <\/ol> <p>Eine ausf\u00fchrlichere Anleitung finden Sie in unserer Schritt-f\u00fcr-Schritt-Anleitung <a href=\"https:\/\/elfsight.com\/blog\/how-to-embed-timeline-to-website\/\" target=\"_blank\" rel=\"noopener\">wie Sie Ihrer Website eine Zeitleiste hinzuf\u00fcgen<\/a>.<\/p> <\/div><div class=\"faq\" data-component=\"FAQ\"> <div class=\"faq-item\">\r\n\t\t\t\t\t<div class=\"faq-item-question\">\r\n\t\t\t\t\t\t<h3 class=\"faq-item-question-text\"><\/h3>\r\n\r\n\t\t\t\t\t\t<div class=\"faq-item-question-icon\"><\/div>\r\n\t\t\t\t\t<\/div>\r\n\r\n\t\t\t\t\t<div class=\"faq-item-answer\">\r\n\t\t\t\t\t\t<div class=\"faq-item-answer-text\"> Ja, Elfsight bietet ein abonnementbasiertes Modell mit einem kostenlosen Plan an. Sie k\u00f6nnen kostenlos auf die Kernfunktionen des GoDaddy-Timeline-Widgets zugreifen und mit kostenpflichtigen Pl\u00e4nen auf erweiterte Funktionen upgraden. <\/div>\r\n\t\t\t\t\t<\/div>\r\n\t\t\t\t<\/div><div class=\"faq-item\">\r\n\t\t\t\t\t<div class=\"faq-item-question\">\r\n\t\t\t\t\t\t<h3 class=\"faq-item-question-text\">Ben\u00f6tige ich Programmierkenntnisse, um das Timeline-Widget zu verwenden?<\/h3>\r\n\r\n\t\t\t\t\t\t<div class=\"faq-item-question-icon\"><\/div>\r\n\t\t\t\t\t<\/div>\r\n\r\n\t\t\t\t\t<div class=\"faq-item-answer\">\r\n\t\t\t\t\t\t<div class=\"faq-item-answer-text\"> Nein, das Timeline-Plugin von Elfsight f\u00fcr GoDaddy ist f\u00fcr eine einfache Verwendung konzipiert. Sie k\u00f6nnen Ihre Zeitleiste ohne technisches Fachwissen vollst\u00e4ndig anpassen und einbetten. <\/div>\r\n\t\t\t\t\t<\/div>\r\n\t\t\t\t<\/div><div class=\"faq-item\">\r\n\t\t\t\t\t<div class=\"faq-item-question\">\r\n\t\t\t\t\t\t<h3 class=\"faq-item-question-text\">Wie kann ich eine interaktive Zeitleiste f\u00fcr GoDaddy erstellen?<\/h3>\r\n\r\n\t\t\t\t\t\t<div class=\"faq-item-question-icon\"><\/div>\r\n\t\t\t\t\t<\/div>\r\n\r\n\t\t\t\t\t<div class=\"faq-item-answer\">\r\n\t\t\t\t\t\t<div class=\"faq-item-answer-text\"> W\u00e4hlen Sie eine Vorlage aus unserem Editor aus, personalisieren Sie sie entsprechend Ihren Anforderungen und betten Sie einfach den bereitgestellten HTML-Code in Ihre GoDaddy-Website ein. <\/div>\r\n\t\t\t\t\t<\/div>\r\n\t\t\t\t<\/div><div class=\"faq-item\">\r\n\t\t\t\t\t<div class=\"faq-item-question\">\r\n\t\t\t\t\t\t<h3 class=\"faq-item-question-text\">Welche Arten von Zeitleisten kann ich erstellen?<\/h3>\r\n\r\n\t\t\t\t\t\t<div class=\"faq-item-question-icon\"><\/div>\r\n\t\t\t\t\t<\/div>\r\n\r\n\t\t\t\t\t<div class=\"faq-item-answer\">\r\n\t\t\t\t\t\t<div class=\"faq-item-answer-text\"> Sie k\u00f6nnen verschiedene Arten von Zeitleisten f\u00fcr Ihre GoDaddy-Website erstellen, wie zum Beispiel:<ul> <li><strong>Unternehmensgeschichte<\/strong>: Zeigen Sie die Meilensteine \u200b\u200bund die Entwicklung Ihres Unternehmens im Laufe der Zeit an.<\/li> <li><strong>Produktentwicklung<\/strong>: Pr\u00e4sentieren Sie die Phasen Ihrer Produktentwicklung, vom Konzept bis zur Markteinf\u00fchrung.<\/li> <li><strong>Projektfortschritt<\/strong>: Verfolgen und Zeigen Sie verschiedene Phasen laufender oder abgeschlossener Projekte an.<\/li> <li><strong>Veranstaltungspl\u00e4ne<\/strong>: Pr\u00e4sentieren Sie wichtige Ereignisse, Konferenzen oder Produkteinf\u00fchrungen in einem leicht verst\u00e4ndlichen Format.<\/li> <\/ul> <\/div>\r\n\t\t\t\t\t<\/div>\r\n\t\t\t\t<\/div> <\/div>","protected":false},"excerpt":{"rendered":"","protected":false},"author":9,"featured_media":0,"parent":24929,"menu_order":0,"comment_status":"closed","ping_status":"closed","template":"templates\/template-application-platform.php","meta":{"publish_to_discourse":"","publish_post_category":"","wpdc_auto_publish_overridden":"","wpdc_topic_tags":"","wpdc_pin_topic":"","wpdc_pin_until":"","discourse_post_id":"","discourse_permalink":"","wpdc_publishing_response":"","wpdc_publishing_error":"","footnotes":""},"class_list":["post-24987","page","type-page","status-publish","hentry"],"yoast_head":"<!-- This site is optimized with the Yoast SEO plugin v25.3.1 - https:\/\/yoast.com\/wordpress\/plugins\/seo\/ -->\n<title>Zeitleisten-Widget \u2013 F\u00fcgen Sie der GoDaddy-Website eine interaktive Zeitleiste hinzu | Kostenlos<\/title>\n<meta name=\"description\" content=\"Verbessern Sie Ihre GoDaddy-Website mit dem anpassbaren Zeitleisten-Widget von Elfsight. Zeigen Sie Meilensteine, Erfolge oder Projektphasen an, um Ihre Besucher zu fesseln.\" \/>\n<meta name=\"robots\" content=\"index, follow, max-snippet:-1, max-image-preview:large, max-video-preview:-1\" \/>\n<link rel=\"canonical\" href=\"https:\/\/elfsight.com\/de\/timeline-widget\/godaddy\/\" \/>\n<meta property=\"og:locale\" content=\"de_DE\" \/>\n<meta property=\"og:type\" content=\"article\" \/>\n<meta property=\"og:title\" content=\"Zeitleisten-Widget \u2013 F\u00fcgen Sie der GoDaddy-Website eine interaktive Zeitleiste hinzu | Kostenlos\" \/>\n<meta property=\"og:description\" content=\"Verbessern Sie Ihre GoDaddy-Website mit dem anpassbaren Zeitleisten-Widget von Elfsight. Zeigen Sie Meilensteine, Erfolge oder Projektphasen an, um Ihre Besucher zu fesseln.\" \/>\n<meta property=\"og:url\" content=\"https:\/\/elfsight.com\/de\/timeline-widget\/godaddy\/\" \/>\n<meta property=\"og:site_name\" content=\"Elfsight DE\" \/>\n<meta property=\"article:modified_time\" content=\"2025-07-10T08:36:38+00:00\" \/>\n<meta name=\"twitter:card\" content=\"summary_large_image\" \/>\n<meta name=\"twitter:label1\" content=\"Gesch\u00e4tzte Lesezeit\" \/>\n\t<meta name=\"twitter:data1\" content=\"4\u00a0Minuten\" \/>\n<!-- \/ Yoast SEO plugin. -->","yoast_head_json":{"title":"Zeitleisten-Widget \u2013 F\u00fcgen Sie der GoDaddy-Website eine interaktive Zeitleiste hinzu | Kostenlos","description":"Verbessern Sie Ihre GoDaddy-Website mit dem anpassbaren Zeitleisten-Widget von Elfsight. Zeigen Sie Meilensteine, Erfolge oder Projektphasen an, um Ihre Besucher zu fesseln.","robots":{"index":"index","follow":"follow","max-snippet":"max-snippet:-1","max-image-preview":"max-image-preview:large","max-video-preview":"max-video-preview:-1"},"canonical":"https:\/\/elfsight.com\/de\/timeline-widget\/godaddy\/","og_locale":"de_DE","og_type":"article","og_title":"Zeitleisten-Widget \u2013 F\u00fcgen Sie der GoDaddy-Website eine interaktive Zeitleiste hinzu | Kostenlos","og_description":"Verbessern Sie Ihre GoDaddy-Website mit dem anpassbaren Zeitleisten-Widget von Elfsight. Zeigen Sie Meilensteine, Erfolge oder Projektphasen an, um Ihre Besucher zu fesseln.","og_url":"https:\/\/elfsight.com\/de\/timeline-widget\/godaddy\/","og_site_name":"Elfsight DE","article_modified_time":"2025-07-10T08:36:38+00:00","twitter_card":"summary_large_image","twitter_misc":{"Gesch\u00e4tzte Lesezeit":"4\u00a0Minuten"},"schema":{"@context":"https:\/\/schema.org","@graph":[{"@type":"WebPage","@id":"https:\/\/elfsight.com\/de\/timeline-widget\/godaddy\/","url":"https:\/\/elfsight.com\/de\/timeline-widget\/godaddy\/","name":"Zeitleisten-Widget \u2013 F\u00fcgen Sie der GoDaddy-Website eine interaktive Zeitleiste hinzu | Kostenlos","isPartOf":{"@id":"https:\/\/elfsight.com\/de\/#website"},"datePublished":"2025-03-11T05:17:03+00:00","dateModified":"2025-07-10T08:36:38+00:00","description":"Verbessern Sie Ihre GoDaddy-Website mit dem anpassbaren Zeitleisten-Widget von Elfsight. Zeigen Sie Meilensteine, Erfolge oder Projektphasen an, um Ihre Besucher zu fesseln.","breadcrumb":{"@id":"https:\/\/elfsight.com\/de\/timeline-widget\/godaddy\/#breadcrumb"},"inLanguage":"de","potentialAction":[{"@type":"ReadAction","target":["https:\/\/elfsight.com\/de\/timeline-widget\/godaddy\/"]}]},{"@type":"BreadcrumbList","@id":"https:\/\/elfsight.com\/de\/timeline-widget\/godaddy\/#breadcrumb","itemListElement":[{"@type":"ListItem","position":1,"name":"Home","item":"https:\/\/elfsight.com\/de\/"},{"@type":"ListItem","position":2,"name":"Timeline","item":"https:\/\/elfsight.com\/de\/timeline-widget\/"},{"@type":"ListItem","position":3,"name":"Timeline &#8211; GoDaddy"}]},{"@type":"WebSite","@id":"https:\/\/elfsight.com\/de\/#website","url":"https:\/\/elfsight.com\/de\/","name":"Elfsight DE","description":"Just another Elfsight Sites site","potentialAction":[{"@type":"SearchAction","target":{"@type":"EntryPoint","urlTemplate":"https:\/\/elfsight.com\/de\/?s={search_term_string}"},"query-input":{"@type":"PropertyValueSpecification","valueRequired":true,"valueName":"search_term_string"}}],"inLanguage":"de"}]}},"meta_box":{"industry":"","seo_heading":"","heading":"","description":"","cta_heading":"","cta_description":"","application":"24928","h1":"Timeline-Plugin f\u00fcr GoDaddy","h1_caption":"Zeigen Sie auf Ihrer GoDaddy-Website eine interaktive Zeitleiste mit Ereignissen an, um wichtige Meilensteine \u200b\u200bund Erfolge hervorzuheben","application_category":[],"applications_title":"","applications_request_title":"","applications_request_button_text":"","hero_text":"","hero_video":"","hero_video_schema_markup":"","selling_points_title":"","selling_points_caption":"","selling_points":[],"selling_points_cta_text":"","features_title":"","features":"","ed_cta_examples_text":"","ed_cta_examples_hidden":"","ed_cta_demo_text":"","ed_cta_demo_hidden":"","why_caption":"","why_editor_title":"","why_editor_text":"","why_team_title":"","why_team_text":"","why_service_title":"","why_service_text":"","template_catalog_visible":"0","template_catalog_title":"","template_catalog_text":"","template_catalog_categories_visible":"","demo_title":"Erstellen Sie Ihr GoDaddy Timeline-Plugin","demo_caption":"Passen Sie Ihre Zeitleiste an und f\u00fcgen Sie sie ganz einfach zu Ihrer Website hinzu!","default_faq_hidden":"","app_template_category":[],"platform":"241","template_public_id":"","codecanyon_url":"","codecanyon_item_id":"","codecanyon_price":"","pricing_caption":"","pricing_elfsight_apps_hide_column":"","pricing_elfsight_apps_url":"","pricing_codecanyon_price_caption":"","integration_category":[],"integration_request_title":"","integration_request_cta":"","integration_platform":"","integrations":[],"platform_category":[],"video_schema_markup":"","price":"ab 0 $ \/ Monat","trial":"","benefits":[],"button_url":"#demo","button_target_blank":"0","button_nofollow":"0","attributes":[{"name":"Installiert","content":"50,000 - 100,000","_state":"expanded"},{"name":"Reaktionsfreudig","content":"Ja","_state":"expanded"},{"name":"Kompatible Browser","content":"Firefox, Safari, Opera, Chrome, Edge","_state":"expanded"}],"tags":[],"tags_disable_links":"0","hide_more_platforms":"0","video_object":"","demo_hide_cta":"0","demo_hide_cloud_options":"0","pricing_title":"","pricing":[{"pricing_icon":"platform","pricing_title":"Elfsight Apps","pricing_title_caption":"Plattform\u00fcbergreifende Software, die f\u00fcr jede Website geeignet ist","pricing_price":"ab 0 $ \/ Monat","pricing_price_caption":"Beginnen Sie mit einem kostenlosen Plan","pricing_benefits":[{"text":"Unbegrenzte Websites"},{"text":"Kostenloser und p\u00fcnktlicher Support"},{"text":"Kostenlose Installationshilfe"},{"text":"Flexibles Design"}],"pricing_button_text":"Zur Website hinzuf\u00fcgen","pricing_button_url":"#demo"}],"related_apps_title":"","related_apps_hidden":"0","author":"","image":[],"title":"","job":"","social_networks":[]},"_links":{"self":[{"href":"https:\/\/elfsight.com\/de\/wp-json\/wp\/v2\/pages\/24987","targetHints":{"allow":["GET"]}}],"collection":[{"href":"https:\/\/elfsight.com\/de\/wp-json\/wp\/v2\/pages"}],"about":[{"href":"https:\/\/elfsight.com\/de\/wp-json\/wp\/v2\/types\/page"}],"author":[{"embeddable":true,"href":"https:\/\/elfsight.com\/de\/wp-json\/wp\/v2\/users\/9"}],"replies":[{"embeddable":true,"href":"https:\/\/elfsight.com\/de\/wp-json\/wp\/v2\/comments?post=24987"}],"version-history":[{"count":1,"href":"https:\/\/elfsight.com\/de\/wp-json\/wp\/v2\/pages\/24987\/revisions"}],"predecessor-version":[{"id":24991,"href":"https:\/\/elfsight.com\/de\/wp-json\/wp\/v2\/pages\/24987\/revisions\/24991"}],"up":[{"embeddable":true,"href":"https:\/\/elfsight.com\/de\/wp-json\/wp\/v2\/pages\/24929"}],"wp:attachment":[{"href":"https:\/\/elfsight.com\/de\/wp-json\/wp\/v2\/media?parent=24987"}],"curies":[{"name":"wp","href":"https:\/\/api.w.org\/{rel}","templated":true}]}}